{"id":2627,"date":"2022-02-02T22:50:09","date_gmt":"2022-02-02T21:50:09","guid":{"rendered":"https:\/\/szkolenia-udt.pl\/?page_id=2627"},"modified":"2023-03-24T19:48:23","modified_gmt":"2023-03-24T18:48:23","slug":"bau-von-kranen","status":"publish","type":"page","link":"https:\/\/szkolenia-udt.pl\/de\/kursy\/suwnice\/budowa-suwnic\/","title":{"rendered":"Kurs f\u00fcr Kranf\u00fchrer und Wartung"},"content":{"rendered":"<h2 class=\"wp-block-heading\">Kurs \u00fcber Betrieb und Wartung von Br\u00fcckenkr\u00e4nen<\/h2>\n\n\n<div class=\"wp-block-image\">\n<figure class=\"alignleft size-large is-resized\"><a href=\"https:\/\/szkolenia-udt.pl\/wp-content\/uploads\/2022\/02\/s2.jpg\"><img loading=\"lazy\" decoding=\"async\" src=\"https:\/\/szkolenia-udt.pl\/wp-content\/uploads\/2022\/02\/s2-1024x684.jpg\" alt=\"Kran im Lager\" class=\"wp-image-2628\" width=\"512\" height=\"342\" srcset=\"https:\/\/szkolenia-udt.pl\/wp-content\/uploads\/2022\/02\/s2-1024x684.jpg 1024w, https:\/\/szkolenia-udt.pl\/wp-content\/uploads\/2022\/02\/s2-300x200.jpg 300w, https:\/\/szkolenia-udt.pl\/wp-content\/uploads\/2022\/02\/s2-768x513.jpg 768w, https:\/\/szkolenia-udt.pl\/wp-content\/uploads\/2022\/02\/s2.jpg 1493w\" sizes=\"auto, (max-width: 512px) 100vw, 512px\" \/><\/a><\/figure>\n<\/div>\n\n\n<p><a href=\"https:\/\/szkolenia-udt.pl\/de\/kursy\/suwnice\/\">Br\u00fcckenkran<\/a> ist eine Art von Kranausr\u00fcstung, die zum Heben, Senken und Bewegen von Lasten mit Hilfe von Winden oder Hebezeugen verwendet wird. Sie werden u. a. f\u00fcr Montage-, Transport-, Handhabungs- und Produktionsprozesse eingesetzt. Wenn Sie sich f\u00fcr unseren Zertifikatskurs f\u00fcr Kranbetrieb und -wartung anmelden, k\u00f6nnen Sie auf eine umfassende Ausbildung z\u00e4hlen, um in diesen Positionen zu arbeiten\u00a0\u00a0<\/p>\n\n\n\n<h2 class=\"wp-block-heading\"><strong>\u00dcber uns -<\/strong> <strong>CSO<\/strong>\u00a0<\/h2>\n\n\n\n<p>CSOs sind <a href=\"https:\/\/szkolenia-udt.pl\/de\/o-firmie\/\">Zentrum<\/a> mit langj\u00e4hriger Erfahrung in der Branche, qualifizierten Ausbildern und Hunderten von zufriedenen Auszubildenden. Unsere Kurse bestehen aus einem Vortragsteil, in dem der Lehrstoff vermittelt wird, und einem praktischen Teil, in dem der Auszubildende die Bedienung der Maschinen auf einem speziellen Man\u00f6vrierplatz erlernt.&nbsp;<\/p>\n\n\n\n<h2 class=\"wp-block-heading\"><strong>Umfang der Ausbildung<\/strong>&nbsp;<\/h2>\n\n\n\n<p>Das Schulungsprogramm umfasst unter anderem Themen wie:&nbsp;<\/p>\n\n\n\n<ul class=\"dwiekolumny wp-block-list\">\n<li>Gesundheits- und Sicherheitsvorschriften,&nbsp;&nbsp;<\/li>\n\n\n\n<li>technische \u00dcberwachung von Kr\u00e4nen,&nbsp;&nbsp;<\/li>\n\n\n\n<li>Konstruktion der Ausr\u00fcstung,&nbsp;&nbsp;<\/li>\n\n\n\n<li>Grunds\u00e4tze f\u00fcr den korrekten Betrieb&nbsp;&nbsp;<\/li>\n\n\n\n<li>Kranf\u00fchrer und Wartungsaufgaben.&nbsp;<\/li>\n<\/ul>\n\n\n\n<h2 class=\"wp-block-heading\"><strong>Anforderungen<\/strong>&nbsp;<\/h2>\n\n\n\n<p>Um an unserem Kurs teilzunehmen, m\u00fcssen Sie nur Folgendes tun:&nbsp;<\/p>\n\n\n\n<ul class=\"wp-block-list\">\n<li>\u00fcber 18 Jahre alt sein,&nbsp;<\/li>\n\n\n\n<li>zumindest eine Grundausbildung haben,&nbsp;<\/li>\n\n\n\n<li>keine medizinischen Kontraindikationen f\u00fcr die Bedienung oder Wartung dieser Art von Maschinen haben.&nbsp;<\/li>\n<\/ul>\n\n\n\n<h2 class=\"wp-block-heading\"><strong>Merkmale der Kranausr\u00fcstung<\/strong>&nbsp;<\/h2>\n\n\n\n<h4 class=\"wp-block-heading\">Komponenten der mechanischen Ausr\u00fcstung:&nbsp;<\/h4>\n\n\n<div class=\"wp-block-image\">\n<figure class=\"alignright size-large is-resized\"><a href=\"https:\/\/szkolenia-udt.pl\/wp-content\/uploads\/2022\/02\/s2-1.jpg\"><img loading=\"lazy\" decoding=\"async\" src=\"https:\/\/szkolenia-udt.pl\/wp-content\/uploads\/2022\/02\/s2-1-1024x684.jpg\" alt=\"Betrieb des Krans\" class=\"wp-image-2631\" width=\"512\" height=\"342\" srcset=\"https:\/\/szkolenia-udt.pl\/wp-content\/uploads\/2022\/02\/s2-1-1024x684.jpg 1024w, https:\/\/szkolenia-udt.pl\/wp-content\/uploads\/2022\/02\/s2-1-300x200.jpg 300w, https:\/\/szkolenia-udt.pl\/wp-content\/uploads\/2022\/02\/s2-1-768x513.jpg 768w, https:\/\/szkolenia-udt.pl\/wp-content\/uploads\/2022\/02\/s2-1-1536x1026.jpg 1536w, https:\/\/szkolenia-udt.pl\/wp-content\/uploads\/2022\/02\/s2-1.jpg 1549w\" sizes=\"auto, (max-width: 512px) 100vw, 512px\" \/><\/a><\/figure>\n<\/div>\n\n\n<ul class=\"wp-block-list\">\n<li><strong>Laufbahn und Stirnseiten<\/strong> - Elemente des Antriebsmechanismus,&nbsp;<\/li>\n\n\n\n<li><strong>Laufkatze<\/strong> - Motor, Getriebe,&nbsp;<\/li>\n\n\n\n<li><strong>Br\u00fccke<\/strong> - Oberleitung einschlie\u00dflich Puffern,&nbsp;<\/li>\n\n\n\n<li><strong>Hebemechanismus<\/strong> - mit einem Geh\u00e4use, in dem der Antriebsmotor, der Haken und die Hakenflasche, das Drahtseil mit F\u00fchrungsring, das Getriebe, die gerillte oder gekettete Lineartrommel und die Stange mit Puffern und der Endschalter untergebracht sind.&nbsp;<\/li>\n<\/ul>\n\n\n\n<h4 class=\"wp-block-heading\">Komponenten der elektrischen Ausr\u00fcstung:&nbsp;<\/h4>\n\n\n\n<ul class=\"wp-block-list\">\n<li><strong>Krankupplung und Leistungskupplung<\/strong> - dient zum Ein- und Ausschalten der gesamten Stromversorgung,&nbsp;<\/li>\n\n\n\n<li><strong>Trolle<\/strong> - Stromabnehmer,&nbsp;<\/li>\n\n\n\n<li><strong>Steuerger\u00e4t<\/strong> - zur Steuerung des Ger\u00e4ts verwendet,\u00a0<\/li>\n\n\n\n<li><strong>Steuerschrank <\/strong>- Schaltanlage auf dem Triebdrehgestell und der elektrische Schaltschrank auf der Br\u00fccke,\u00a0<\/li>\n\n\n\n<li><strong>Endschalter<\/strong>.&nbsp;<\/li>\n<\/ul>\n\n\n\n<h2 class=\"wp-block-heading\"><strong>Zweck von Kr\u00e4nen<\/strong>&nbsp;<\/h2>\n\n\n\n<p>Die Funktionalit\u00e4t wird durch die hohe Bauweise der Krane gew\u00e4hrleistet, die verschiedene und freie Bewegungskombinationen erm\u00f6glicht. Mit ihrer Hilfe k\u00f6nnen schwere Materialien transportiert und bewegt werden. Dar\u00fcber hinaus werden diese Ger\u00e4te unter anderem in Hallen, Lagern, Fabriken und mehr eingesetzt. Ihr Einsatzzweck h\u00e4ngt von ihren technischen Parametern und der Art der Konstruktion ab:\u00a0<\/p>\n\n\n\n<ul class=\"wp-block-list\">\n<li><strong>Prozesskr\u00e4ne<\/strong> - sind vollst\u00e4ndig auf die laufende Arbeit abgestimmt,\u00a0<\/li>\n\n\n\n<li><strong>Spezialkr\u00e4ne<\/strong> - sind auf die Durchf\u00fchrung spezifischer T\u00e4tigkeiten f\u00fcr die beauftragten Arbeiten zugeschnitten,\u00a0<\/li>\n\n\n\n<li><strong>Mehrzweckkr\u00e4ne<\/strong> - genannt Haken, werden f\u00fcr eine Vielzahl von Aufgaben verwendet.\u00a0<\/li>\n<\/ul>\n\n\n\n<p>Andere Arten von Kr\u00e4nen sind:&nbsp;<\/p>\n\n\n\n<ul class=\"wp-block-list\">\n<li><strong>Br\u00fcckenkr\u00e4ne<\/strong> - bestehen aus einer an den Seitenbr\u00fccken des Portals aufgeh\u00e4ngten Plattform, \u00fcber die sich das Gest\u00e4nge bewegt und die au\u00dfen angebracht ist,\u00a0<\/li>\n\n\n\n<li><strong>Br\u00fcckenkr\u00e4ne<\/strong> - die aus einer Fachwerkplattform auf Schienen mit einem beweglichen Gest\u00e4nge bestehen, werden am h\u00e4ufigsten in Produktionshallen installiert,\u00a0<\/li>\n\n\n\n<li><strong>Br\u00fcckenkr\u00e4ne<\/strong> - sind f\u00fcr die Installation unter der Dachkonstruktion von Hallen und Lagern vorgesehen.\u00a0<\/li>\n<\/ul>\n\n\n\n<h2 class=\"wp-block-heading\"><strong>Kontrollmethoden f\u00fcr Krane<\/strong>&nbsp;<\/h2>\n\n\n\n<p>Krane unterscheiden sich in der Art ihrer Steuerung. Herk\u00f6mmliche Krane werden manuell \u00fcber einen Steuerschalter oder ein Bedienfeld gesteuert. Die Automatisierung hat einen halbautomatischen oder vollautomatischen Betrieb m\u00f6glich gemacht. Ein Br\u00fcckenkran, der mit einem Steuersystem ausgestattet ist, kann vorprogrammiert werden und dann die Aufgabe selbst ausf\u00fchren. Bei denjenigen, die ganz ohne Bedienereingriff arbeiten, ist der gesamte Betriebsalgorithmus vorprogrammiert.\u00a0<\/p>\n\n\n\n<h2 class=\"wp-block-heading\"><strong>Lernen Sie vom CSO!<\/strong><\/h2>\n\n\n\n<p>Wir laden Sie ein, sich mit uns in Verbindung zu setzen und sich f\u00fcr offene und geschlossene Ausbildungsg\u00e4nge anzumelden. Wir werden den zuk\u00fcnftigen Auszubildenden individuelle Preise und Ausbildungsprogramme anbieten. Wir schulen in Warschau und in ganz Polen.<\/p>\n\n\n\n<p>Wir laden Sie zu UDT-qualifizierten Schulungen f\u00fcr die Bedienung von Kr\u00e4nen ein.&nbsp;<\/p>\n\n\n\n<ul class=\"wp-block-list\">\n<li>Kurs f\u00fcr Kranf\u00fchrer&nbsp;<\/li>\n\n\n\n<li>Kurs zur Wartung von Br\u00fcckenkr\u00e4nen\u00a0<\/li>\n<\/ul>","protected":false},"excerpt":{"rendered":"<p>Kurs na uprawnienia do obs\u0142ugi i konserwacji suwnic Suwnica jest typem urz\u0105dzenia d\u017awignicowego s\u0142u\u017c\u0105cego do podnoszenia, opuszczania oraz przemieszczania \u0142adunk\u00f3w z u\u017cyciem wci\u0105garek lub wci\u0105gnik\u00f3w. Wykorzystuje si\u0119 j\u0105 m.in. do proces\u00f3w monta\u017cowych, transportowych, prze\u0142adunkowych oraz produkcyjnych. Zapisuj\u0105c si\u0119 na nasz kurs na uprawnienia do obs\u0142ugi i konserwacji suwnic, mo\u017cesz liczy\u0107 na kompleksowe przeszkolenie do wykonywania [&hellip;]<\/p>\n","protected":false},"author":10,"featured_media":2628,"parent":823,"menu_order":0,"comment_status":"closed","ping_status":"closed","template":"","meta":{"footnotes":""},"class_list":["post-2627","page","type-page","status-publish","has-post-thumbnail","hentry"],"aioseo_notices":[],"_links":{"self":[{"href":"https:\/\/szkolenia-udt.pl\/de\/wp-json\/wp\/v2\/pages\/2627","targetHints":{"allow":["GET"]}}],"collection":[{"href":"https:\/\/szkolenia-udt.pl\/de\/wp-json\/wp\/v2\/pages"}],"about":[{"href":"https:\/\/szkolenia-udt.pl\/de\/wp-json\/wp\/v2\/types\/page"}],"author":[{"embeddable":true,"href":"https:\/\/szkolenia-udt.pl\/de\/wp-json\/wp\/v2\/users\/10"}],"replies":[{"embeddable":true,"href":"https:\/\/szkolenia-udt.pl\/de\/wp-json\/wp\/v2\/comments?post=2627"}],"version-history":[{"count":8,"href":"https:\/\/szkolenia-udt.pl\/de\/wp-json\/wp\/v2\/pages\/2627\/revisions"}],"predecessor-version":[{"id":4686,"href":"https:\/\/szkolenia-udt.pl\/de\/wp-json\/wp\/v2\/pages\/2627\/revisions\/4686"}],"up":[{"embeddable":true,"href":"https:\/\/szkolenia-udt.pl\/de\/wp-json\/wp\/v2\/pages\/823"}],"wp:featuredmedia":[{"embeddable":true,"href":"https:\/\/szkolenia-udt.pl\/de\/wp-json\/wp\/v2\/media\/2628"}],"wp:attachment":[{"href":"https:\/\/szkolenia-udt.pl\/de\/wp-json\/wp\/v2\/media?parent=2627"}],"curies":[{"name":"wp","href":"https:\/\/api.w.org\/{rel}","templated":true}]}}