{"id":2707,"date":"2022-04-22T15:04:25","date_gmt":"2022-04-22T13:04:25","guid":{"rendered":"https:\/\/szkolenia-udt.pl\/?page_id=2707"},"modified":"2023-03-26T10:08:53","modified_gmt":"2023-03-26T08:08:53","slug":"mobile-plattformen","status":"publish","type":"page","link":"https:\/\/szkolenia-udt.pl\/de\/kursy\/uprawnienia-udt-tdt-wdt\/podesty-ruchome\/","title":{"rendered":"Schulung f\u00fcr die Zulassung von mobilen Plattformen"},"content":{"rendered":"<h2 class=\"wp-block-heading\"><strong>Kurs f\u00fcr Betreiber mobiler Plattformen am CSO<\/strong>&nbsp;<\/h2>\n\n\n<div class=\"wp-block-image\">\n<figure class=\"alignright size-large is-resized\"><a href=\"https:\/\/szkolenia-udt.pl\/wp-content\/uploads\/2022\/04\/odk-ergon_podesty_ruchome13AHI_Aerial_1600x900.jpg\"><img loading=\"lazy\" decoding=\"async\" src=\"https:\/\/szkolenia-udt.pl\/wp-content\/uploads\/2022\/04\/odk-ergon_podesty_ruchome13AHI_Aerial_1600x900-1024x576.jpg\" alt=\"Mobile Plattformen\" class=\"wp-image-2713\" width=\"512\" height=\"288\" srcset=\"https:\/\/szkolenia-udt.pl\/wp-content\/uploads\/2022\/04\/odk-ergon_podesty_ruchome13AHI_Aerial_1600x900-1024x576.jpg 1024w, https:\/\/szkolenia-udt.pl\/wp-content\/uploads\/2022\/04\/odk-ergon_podesty_ruchome13AHI_Aerial_1600x900-300x169.jpg 300w, https:\/\/szkolenia-udt.pl\/wp-content\/uploads\/2022\/04\/odk-ergon_podesty_ruchome13AHI_Aerial_1600x900-768x432.jpg 768w, https:\/\/szkolenia-udt.pl\/wp-content\/uploads\/2022\/04\/odk-ergon_podesty_ruchome13AHI_Aerial_1600x900-1536x864.jpg 1536w, https:\/\/szkolenia-udt.pl\/wp-content\/uploads\/2022\/04\/odk-ergon_podesty_ruchome13AHI_Aerial_1600x900.jpg 1600w\" sizes=\"auto, (max-width: 512px) 100vw, 512px\" \/><\/a><\/figure>\n<\/div>\n\n\n<p><a href=\"https:\/\/szkolenia-udt.pl\/de\/o-firmie\/\">Schulungszentrum f\u00fcr Bediener<\/a> meldet Sie f\u00fcr den Kurs zum Bediener mobiler Arbeitsb\u00fchnen an. Egal, ob Sie in der Bau-, Installations- oder Elektrobranche t\u00e4tig sind und Ihre Qualifikationen erweitern m\u00f6chten oder ob Sie einem ganz anderen Beruf angeh\u00f6ren, sich aber umschulen lassen wollen, Sie sind herzlich eingeladen, unsere Kurse zu besuchen. Die Schulung ist auch eine ausgezeichnete Wahl, wenn Sie UDT-Qualifikationen und -Zulassungen f\u00fcr Ihr Team von Fachleuten erwerben m\u00fcssen.&nbsp;&nbsp;<\/p>\n\n\n\n<h2 class=\"wp-block-heading\"><strong>F\u00fcr wen ist diese Schulung gedacht und wie melde ich mich daf\u00fcr an?<\/strong>&nbsp;<\/h2>\n\n\n\n<p>Die Ausbildung zum Bediener mobiler Arbeitsb\u00fchnen ist wirklich f\u00fcr jeden geeignet. Egal, ob Sie mit diesem Bereich bereits vertraut sind oder ob er f\u00fcr Sie neu ist - wir k\u00f6nnen Sie optimal auf die UDT-Pr\u00fcfung vorbereiten. Die Schulungen werden f\u00fcr Einzelpersonen, aber auch f\u00fcr organisierte Gruppen angeboten. Wenn Sie also ein Firmeninhaber sind und Ihr Team schulen m\u00f6chten, k\u00f6nnen Sie alle Ihre Mitarbeiter gleichzeitig einschreiben.\u00a0<\/p>\n\n\n\n<div class=\"filmw\">\n<div class=\"responsive-youtube\"><iframe loading=\"lazy\" title=\"YouTube-Video-Player\" src=\"https:\/\/www.youtube.com\/embed\/OUKdY5V51M4\" width=\"560\" height=\"315\" frameborder=\"0\" allowfullscreen=\"allowfullscreen\"><\/iframe><\/div>\n<\/div>\n\n\n\n<h2 class=\"wp-block-heading\"><strong>Wer kann an dem Kurs teilnehmen?<\/strong>&nbsp;<\/h2>\n\n\n\n<p>Die einzigen Anforderungen, die wir an die Praktikanten stellen, sind:&nbsp;<\/p>\n\n\n\n<ul class=\"wp-block-list\">\n<li>Vollendung des achtzehnten Lebensjahres,&nbsp;<\/li>\n\n\n\n<li>Mindestgrundschulbildung,&nbsp;<\/li>\n\n\n\n<li>keine gesundheitlichen Kontraindikationen f\u00fcr die Aus\u00fcbung des Berufs des Bedieners mobiler Arbeitsb\u00fchnen.&nbsp;<\/li>\n<\/ul>\n\n\n\n<p>Wir laden Sie also ein, sich anzumelden. Einzelkunden k\u00f6nnen sich per E-Mail oder Telefon anmelden.  Wir beantworten auch gerne Ihre Fragen!&nbsp;&nbsp;&nbsp;<\/p>\n\n\n\n<h2 class=\"wp-block-heading\"><strong>Schulungsprogramm f\u00fcr Bediener von Hubarbeitsb\u00fchnen (OSO)<\/strong>&nbsp;<\/h2>\n\n\n\n<p><a href=\"https:\/\/szkolenia-udt.pl\/de\/kursy\/uprawnienia-udt-tdt-wdt\/podesty-ruchome-wiszace\/\">Training f\u00fcr mobile Plattformen<\/a> besteht aus einem praktischen und einem theoretischen Teil. Das Programm ist so gestaltet, dass es die Auszubildenden nicht nur auf die UDT-Pr\u00fcfung, sondern vor allem auf die t\u00e4gliche Arbeit vorbereitet.&nbsp;&nbsp;<\/p>\n\n\n\n<h4 class=\"wp-block-heading\"><strong>Die Schulung behandelt Themen wie:<\/strong>&nbsp;<\/h4>\n\n\n\n<ul class=\"wp-block-list\">\n<li>Konstruktion und Arten von mobilen Plattformen;&nbsp;<\/li>\n\n\n\n<li>Informationen \u00fcber die technische \u00dcberwachung des Ger\u00e4ts;&nbsp;<\/li>\n\n\n\n<li>die Arbeit des Bedieners und seine Verantwortung vor, w\u00e4hrend und nach der Arbeit;&nbsp;<\/li>\n\n\n\n<li>praktische \u00dcbungen;&nbsp;<\/li>\n\n\n\n<li>Gesundheits- und Sicherheitsvorschriften;&nbsp;<\/li>\n<\/ul>\n\n\n\n<h4 class=\"wp-block-heading\"><strong>Kategorien von mobilen Plattformen, die in der Fortbildung besprochen werden:<\/strong>&nbsp;<\/h4>\n\n\n\n<ul class=\"wp-block-list\">\n<li>station\u00e4re mobile Plattformen,&nbsp;<\/li>\n\n\n\n<li>h\u00e4ngende mobile Plattformen,&nbsp;<\/li>\n\n\n\n<li>Mastkletterarbeitsb\u00fchnen,&nbsp;<\/li>\n\n\n\n<li>mobile Plattformen,\u00a0<\/li>\n\n\n\n<li>Plattformen auf Schienenfahrzeugen.&nbsp;<\/li>\n<\/ul>\n\n\n\n<h2 class=\"wp-block-heading\"><strong>Besonderheiten der mobilen Plattformen<\/strong>\u00a0<\/h2>\n\n\n<div class=\"wp-block-image\">\n<figure class=\"alignleft size-large is-resized\"><a href=\"https:\/\/szkolenia-udt.pl\/wp-content\/uploads\/2022\/04\/38300-e1650632216742.webp\"><img loading=\"lazy\" decoding=\"async\" src=\"https:\/\/szkolenia-udt.pl\/wp-content\/uploads\/2022\/04\/38300-e1650632216742-1024x555.webp\" alt=\"Mobile Plattformen\" class=\"wp-image-2711\" width=\"512\" height=\"278\" srcset=\"https:\/\/szkolenia-udt.pl\/wp-content\/uploads\/2022\/04\/38300-e1650632216742-1024x555.webp 1024w, https:\/\/szkolenia-udt.pl\/wp-content\/uploads\/2022\/04\/38300-e1650632216742-300x163.webp 300w, https:\/\/szkolenia-udt.pl\/wp-content\/uploads\/2022\/04\/38300-e1650632216742-768x416.webp 768w, https:\/\/szkolenia-udt.pl\/wp-content\/uploads\/2022\/04\/38300-e1650632216742-1536x833.webp 1536w, https:\/\/szkolenia-udt.pl\/wp-content\/uploads\/2022\/04\/38300-e1650632216742-2048x1110.webp 2048w\" sizes=\"auto, (max-width: 512px) 100vw, 512px\" \/><\/a><\/figure>\n<\/div>\n\n\n<p>Fahrbare Arbeitsb\u00fchnen sind Hebevorrichtungen, die dazu dienen, Personen oder Lasten in bestimmte H\u00f6hen zu bef\u00f6rdern. Ihre Konstruktion besteht aus einer Arbeitsb\u00fchne, einem Ausleger und einem Fahrgestell. Der Aufbau variiert je nach Art der mobilen Arbeitsb\u00fchne. Die Arbeitsb\u00fchne \u00e4hnelt einem gro\u00dfen Korb, weshalb sie auch so genannt wird. Auf ihr werden Arbeiter oder Gegenst\u00e4nde zu den Arbeitspl\u00e4tzen transportiert. Alle fahrbaren Arbeitsb\u00fchnen unterliegen der technischen \u00dcberwachung, daher muss die Person, die das Ger\u00e4t bedient, \u00fcber ein UDT-Zertifikat verf\u00fcgen, das Sie nat\u00fcrlich bei uns erwerben k\u00f6nnen, indem Sie den UDT-Kurs und die Pr\u00fcfung ablegen.\u00a0<\/p>\n\n\n\n<h2 class=\"wp-block-heading\"><strong>Wie setzt sich der Preis des Kurses zusammen?<\/strong>&nbsp;<\/h2>\n\n\n\n<p>Zus\u00e4tzlich zu einer bestimmten Anzahl von Stunden theoretischen (Vorlesungen) und praktischen Unterrichts stellt das CSO Schulungsmaterial wie Mustertests und Lehrvideos zur Verf\u00fcgung. Diese werden auf einer Online-Plattform zur Verf\u00fcgung gestellt. Auf diese Weise k\u00f6nnen die Studierenden ihr Wissen jederzeit vertiefen. Das Zentrum stellt auch die notwendigen Lernmittel zur Verf\u00fcgung und hilft bei der Anmeldung und Organisation der UDT-Pr\u00fcfung.\u00a0<\/p>\n\n\n\n<h2 class=\"wp-block-heading\"><strong>Ort der Ausbildung<\/strong>&nbsp;<\/h2>\n\n\n\n<p>Das Operator Training Centre hat seine Hauptniederlassung in Warschau, aber wir organisieren Schulungen in ganz Polen. Bei geschlossenen Kursen bieten wir auch die M\u00f6glichkeit, zum Standort des Kunden im ganzen Land zu reisen. Die Einzelheiten werden bei der Anmeldung vereinbart. Wir bieten auch Schulungen im Ausland an.&nbsp;<\/p>\n\n\n\n<h2 class=\"wp-block-heading\"><strong>Wie geht es nach dem Kurs weiter?<\/strong>&nbsp;<\/h2>\n\n\n<div class=\"wp-block-image\">\n<figure class=\"alignright size-large is-resized\"><a href=\"https:\/\/szkolenia-udt.pl\/wp-content\/uploads\/2022\/04\/img-3.jpg\"><img loading=\"lazy\" decoding=\"async\" src=\"https:\/\/szkolenia-udt.pl\/wp-content\/uploads\/2022\/04\/img-3-1024x768.jpg\" alt=\"Lagerhaus-Gabelstapler\" class=\"wp-image-2715\" width=\"512\" height=\"384\" srcset=\"https:\/\/szkolenia-udt.pl\/wp-content\/uploads\/2022\/04\/img-3-1024x768.jpg 1024w, https:\/\/szkolenia-udt.pl\/wp-content\/uploads\/2022\/04\/img-3-300x225.jpg 300w, https:\/\/szkolenia-udt.pl\/wp-content\/uploads\/2022\/04\/img-3-768x576.jpg 768w, https:\/\/szkolenia-udt.pl\/wp-content\/uploads\/2022\/04\/img-3-1536x1152.jpg 1536w, https:\/\/szkolenia-udt.pl\/wp-content\/uploads\/2022\/04\/img-3-135x100.jpg 135w, https:\/\/szkolenia-udt.pl\/wp-content\/uploads\/2022\/04\/img-3.jpg 2048w\" sizes=\"auto, (max-width: 512px) 100vw, 512px\" \/><\/a><\/figure>\n<\/div>\n\n\n<p>Nach Abschluss der Ausbildung wird der Auszubildende zu einer internen Pr\u00fcfung geschickt, die von den Ausbildern bewertet wird, gefolgt von einer ordnungsgem\u00e4\u00dfen Pr\u00fcfung, die bereits vor einem vom Gewerbeaufsichtsamt ernannten Ausschuss stattfindet. Das Gewerbeaufsichtsamt muss innerhalb von 30 Arbeitstagen nach Antragstellung einen Termin f\u00fcr die Pr\u00fcfung festlegen. Wird ein Termin festgelegt, wird er etwa 14 Tage vorher mitgeteilt.\u00a0\u00a0<\/p>\n\n\n\n<h2 class=\"wp-block-heading\"><strong>Pr\u00fcfung des Anspruchs&nbsp;<\/strong>&nbsp;<\/h2>\n\n\n\n<p>Die Pr\u00fcfung besteht aus einem theoretischen Teil und einem praktischen Teil. Der Umfang des im Wissenstest zu behandelnden Stoffes wird von der CSO in den Lehrmitteln auf der Online-Plattform zur Verf\u00fcgung gestellt. Nach Bestehen des theoretischen Teils wird der Teilnehmer zum praktischen Teil zugelassen. W\u00e4hrend des praktischen Teils pr\u00fcft der Pr\u00fcfer die Bedienungs- und Wartungsf\u00e4higkeiten des Teilnehmers. Wer den theoretischen Teil besteht und den praktischen Teil nicht besteht, muss beide Teile der Pr\u00fcfung erneut ablegen. Die Genehmigungen f\u00fcr mobile Arbeitsb\u00fchnen sind national und international g\u00fcltig. Die Dokumente k\u00f6nnen auch in anderen Sprachen ausgestellt werden. Je nach Ger\u00e4t ist der F\u00fchrerschein zwischen 5 und 10 Jahren g\u00fcltig.\u00a0<\/p>\n\n\n\n<h2 class=\"wp-block-heading\"><strong>Ein paar Worte zu CSOs<\/strong>&nbsp;<\/h2>\n\n\n\n<p>Das OSO-Zentrum hat sich seit vielen Jahren auf die technische Ausbildung spezialisiert. In dieser Zeit haben wir Tausende von Fachleuten ausgebildet, die die notwendigen Qualifikationen f\u00fcr ihre Arbeit erhalten haben. Zus\u00e4tzlich zu <a href=\"https:\/\/szkolenia-udt.pl\/de\/kursy\/podesty-ruchome\/\">Ausbildung in der Bedienung von mobilen Plattformen<\/a>und wir haben ein breites Angebot an weiteren Kursen. Unser Personal setzt sich aus Ausbildern mit langj\u00e4hriger Erfahrung und umfangreichen Fachkenntnissen zusammen. Wenn Sie noch Fragen haben, <a href=\"https:\/\/szkolenia-udt.pl\/de\/kontakt\/\">wir sind f\u00fcr Sie da<\/a>.\u00a0<\/p>\n\n\n<div class=\"wp-block-image\">\n<figure class=\"aligncenter\"><a href=\"https:\/\/szkolenia-udt.pl\/wp-content\/uploads\/2022\/04\/0013-oso-podesty-ruchome-obsluga.jpg\"><img loading=\"lazy\" decoding=\"async\" width=\"1024\" height=\"853\" src=\"https:\/\/szkolenia-udt.pl\/wp-content\/uploads\/2022\/04\/0013-oso-podesty-ruchome-obsluga-1024x853.jpg\" alt=\"grafische Werbung f\u00fcr die Ausbildung\" class=\"wp-image-2851\" srcset=\"https:\/\/szkolenia-udt.pl\/wp-content\/uploads\/2022\/04\/0013-oso-podesty-ruchome-obsluga-1024x853.jpg 1024w, https:\/\/szkolenia-udt.pl\/wp-content\/uploads\/2022\/04\/0013-oso-podesty-ruchome-obsluga-300x250.jpg 300w, https:\/\/szkolenia-udt.pl\/wp-content\/uploads\/2022\/04\/0013-oso-podesty-ruchome-obsluga-768x640.jpg 768w, https:\/\/szkolenia-udt.pl\/wp-content\/uploads\/2022\/04\/0013-oso-podesty-ruchome-obsluga.jpg 1200w\" sizes=\"auto, (max-width: 1024px) 100vw, 1024px\" \/><\/a><\/figure>\n<\/div>","protected":false},"excerpt":{"rendered":"<p>Kurs obs\u0142ugi podest\u00f3w ruchomych w OSO&nbsp; O\u015brodek Szkolenia Operator\u00f3w prowadzi zapisy na kurs operatora podest\u00f3w ruchomych. Zar\u00f3wno, je\u017celi pracujesz w bran\u017cy budowlanej, monta\u017cowej lub elektrycznej i chcesz poszerzy\u0107 swoje kwalifikacje, jak r\u00f3wnie\u017c w wypadku, gdy nale\u017cysz do grupy zupe\u0142nie innych zawod\u00f3w, ale chcesz si\u0119 przebran\u017cowi\u0107, zapraszamy na nasze zaj\u0119cia. Szkolenie b\u0119dzie tak\u017ce doskona\u0142ym wyborem, je\u015bli [&hellip;]<\/p>\n","protected":false},"author":10,"featured_media":2712,"parent":2266,"menu_order":0,"comment_status":"closed","ping_status":"closed","template":"","meta":{"footnotes":""},"class_list":["post-2707","page","type-page","status-publish","has-post-thumbnail","hentry"],"aioseo_notices":[],"_links":{"self":[{"href":"https:\/\/szkolenia-udt.pl\/de\/wp-json\/wp\/v2\/pages\/2707","targetHints":{"allow":["GET"]}}],"collection":[{"href":"https:\/\/szkolenia-udt.pl\/de\/wp-json\/wp\/v2\/pages"}],"about":[{"href":"https:\/\/szkolenia-udt.pl\/de\/wp-json\/wp\/v2\/types\/page"}],"author":[{"embeddable":true,"href":"https:\/\/szkolenia-udt.pl\/de\/wp-json\/wp\/v2\/users\/10"}],"replies":[{"embeddable":true,"href":"https:\/\/szkolenia-udt.pl\/de\/wp-json\/wp\/v2\/comments?post=2707"}],"version-history":[{"count":23,"href":"https:\/\/szkolenia-udt.pl\/de\/wp-json\/wp\/v2\/pages\/2707\/revisions"}],"predecessor-version":[{"id":4731,"href":"https:\/\/szkolenia-udt.pl\/de\/wp-json\/wp\/v2\/pages\/2707\/revisions\/4731"}],"up":[{"embeddable":true,"href":"https:\/\/szkolenia-udt.pl\/de\/wp-json\/wp\/v2\/pages\/2266"}],"wp:featuredmedia":[{"embeddable":true,"href":"https:\/\/szkolenia-udt.pl\/de\/wp-json\/wp\/v2\/media\/2712"}],"wp:attachment":[{"href":"https:\/\/szkolenia-udt.pl\/de\/wp-json\/wp\/v2\/media?parent=2707"}],"curies":[{"name":"wp","href":"https:\/\/api.w.org\/{rel}","templated":true}]}}