{"id":2719,"date":"2022-04-25T15:58:39","date_gmt":"2022-04-25T13:58:39","guid":{"rendered":"https:\/\/szkolenia-udt.pl\/?page_id=2719"},"modified":"2023-03-26T12:01:24","modified_gmt":"2023-03-26T10:01:24","slug":"gabelstapler","status":"publish","type":"page","link":"https:\/\/szkolenia-udt.pl\/de\/kursy\/uprawnienia-udt-tdt-wdt\/wozki-widlowe\/","title":{"rendered":"Kurs f\u00fcr Gabelstaplerfahrer"},"content":{"rendered":"<div class=\"wp-block-image\">\n<figure class=\"aligncenter size-large is-resized\"><a href=\"https:\/\/szkolenia-udt.pl\/wp-content\/uploads\/2022\/04\/oso-reklama.edu_.pl-009-k-1920x800-1.jpg\"><img loading=\"lazy\" decoding=\"async\" src=\"https:\/\/szkolenia-udt.pl\/wp-content\/uploads\/2022\/04\/oso-reklama.edu_.pl-009-k-1920x800-1-1024x427.jpg\" alt=\"Gabelstapler im Einsatz in einem Lagerhaus\" class=\"wp-image-2724\" width=\"1024\" height=\"427\" srcset=\"https:\/\/szkolenia-udt.pl\/wp-content\/uploads\/2022\/04\/oso-reklama.edu_.pl-009-k-1920x800-1-1024x427.jpg 1024w, https:\/\/szkolenia-udt.pl\/wp-content\/uploads\/2022\/04\/oso-reklama.edu_.pl-009-k-1920x800-1-300x125.jpg 300w, https:\/\/szkolenia-udt.pl\/wp-content\/uploads\/2022\/04\/oso-reklama.edu_.pl-009-k-1920x800-1-768x320.jpg 768w, https:\/\/szkolenia-udt.pl\/wp-content\/uploads\/2022\/04\/oso-reklama.edu_.pl-009-k-1920x800-1-1536x640.jpg 1536w, https:\/\/szkolenia-udt.pl\/wp-content\/uploads\/2022\/04\/oso-reklama.edu_.pl-009-k-1920x800-1.jpg 1920w\" sizes=\"auto, (max-width: 1024px) 100vw, 1024px\" \/><\/a><\/figure>\n<\/div>\n\n\n<h2 class=\"wp-block-heading\"><strong>Warum sollten Sie an der Schulung teilnehmen?<\/strong><\/h2>\n\n\n\n<p>Das Erlernen des Umgangs mit Gabelstaplern und die Qualifizierung sind ein guter Weg, um weiterzukommen.  Die Arbeit im Lager ist eng mit diesem Ger\u00e4t verbunden. Ein Gabelstapler ist zum Heben und Bewegen von schwerem Material gedacht, daher die notwendigen Fahr- und Lasthandhabungsf\u00e4higkeiten, die Sie in unserem Kurs lernen werden!&nbsp;<\/p>\n\n\n\n<h2 class=\"wp-block-heading\"><strong>Was sind die Qualifikationen f\u00fcr Gabelstapler?<\/strong>&nbsp;<\/h2>\n\n\n\n<p>Das Technische \u00dcberwachungsamt f\u00fchrt mehrere Zulassungskategorien f\u00fcr Gabelstapler auf. Und das sind:&nbsp;<\/p>\n\n\n\n<ul class=\"wp-block-list\">\n<li><strong>Gabelstapler mit mechanischem Hubmechanismus<\/strong> <strong>mit Ausleger<\/strong> und <strong>Kraftbetriebene Stapler mit angehobenem Bediener und Last<\/strong> (berechtigt Sie auch zum Betrieb aller anderen <a href=\"https:\/\/szkolenia-udt.pl\/de\/kursy\/wozki-widlowe\/budowa-wozka-jezdniowego\/\">Gabelstapler<\/a> Kraftbetriebene Gabelstapler) - g\u00fcltig f\u00fcr 5 Jahre,&nbsp;<\/li>\n\n\n\n<li><strong>Kraftbetriebene Stapler mit mechanischem Hubmechanismus, ausgenommen Schubmaststapler und Stapler, bei denen der Bediener mit der Last positioniert ist<\/strong> - g\u00fcltig f\u00fcr 10 Jahre.&nbsp;&nbsp;<\/li>\n<\/ul>\n\n\n\n<h2 class=\"wp-block-heading\"><strong>Was sind die Voraussetzungen f\u00fcr die Teilnahme an dem Kurs?<\/strong>&nbsp;<\/h2>\n\n\n\n<p>Das Einzige, was Sie brauchen, um an unserem Kurs teilzunehmen, ist:&nbsp;&nbsp;<\/p>\n\n\n\n<ul class=\"wp-block-list\">\n<li>mindestens 18 Jahre alt sein,&nbsp;&nbsp;<\/li>\n\n\n\n<li>mindestens Grundschulbildung,&nbsp;&nbsp;<\/li>\n\n\n\n<li>keine Kontraindikationen f\u00fcr die Arbeit mit Gabelstaplern.<\/li>\n<\/ul>\n\n\n\n<div class=\"filmw\">\n<div class=\"responsive-youtube\"><iframe loading=\"lazy\" title=\"YouTube-Video-Player\" src=\"https:\/\/www.youtube.com\/embed\/lBt7_7QgUVU\" width=\"560\" height=\"315\" frameborder=\"0\" allowfullscreen=\"allowfullscreen\"><\/iframe><\/div>\n<\/div>\n\n\n\n<h2 class=\"wp-block-heading\"><strong>Wer ist die Zielgruppe f\u00fcr unsere Schulungen?<\/strong>&nbsp;<\/h2>\n\n\n\n<p>Die Ausbildung ist eine gute M\u00f6glichkeit, spezifische F\u00e4higkeiten zu erlernen, die Sie bei der Arbeit brauchen werden. Die Kurse sind nicht nur ideal f\u00fcr j\u00fcngere Menschen, sondern auch f\u00fcr diejenigen, die sich beruflich ver\u00e4ndern wollen, die gerade einen Job suchen oder ihr Wissen auffrischen wollen! Wenn Sie im Ausland nach Arbeit suchen, ist ein Kurs auch in diesem Fall eine gute Wahl. Die in Polen erworbenen Qualifikationen werden auch in allen EU-L\u00e4ndern anerkannt. Au\u00dferdem . <a href=\"https:\/\/szkolenia-udt.pl\/de\/oferta\/\">UNSER ANGEBOT<\/a> richtet sich an alle, die eine Besch\u00e4ftigung suchen, z. B. in Lagern, im Gro\u00dfhandel, in Fabriken oder auf dem Bau.&nbsp;<\/p>\n\n\n\n<h2 class=\"wp-block-heading\"><strong>Pr\u00fcfung<\/strong>&nbsp;<\/h2>\n\n\n\n<p>Die UDT-Pr\u00fcfung gliedert sich in zwei Teile - einen theoretischen und einen praktischen. Zun\u00e4chst legen Sie die theoretische Pr\u00fcfung ab, die in Form einer schriftlichen Pr\u00fcfung unter Aufsicht einer Kommission durchgef\u00fchrt wird. Der praktische Teil der Pr\u00fcfung findet auf einem Man\u00f6vrierplatz statt, ebenfalls unter Aufsicht einer Kommission. In diesem Teil pr\u00fcfen die Pr\u00fcfer Ihre F\u00e4higkeit, den Gabelstapler zu fahren und zu man\u00f6vrieren, wobei auch die Einhaltung der Gesundheits- und Sicherheitsvorschriften ber\u00fccksichtigt wird. <\/p>\n\n\n\n<h2 class=\"wp-block-heading\"><strong>Wie unterrichten wir?<\/strong>&nbsp;<\/h2>\n\n\n\n<p>Wir legen Wert darauf, dass unsere Kurse Wissen auf originelle und aktivierende Weise vermitteln. Wir sind davon \u00fcberzeugt, dass ein engagierter Lernender nicht nur die Pr\u00fcfung, sondern auch die Arbeit bew\u00e4ltigen kann. Unsere qualifizierten Ausbilder sorgen daf\u00fcr, dass die Kurse auf dem h\u00f6chstm\u00f6glichen Bildungsniveau durchgef\u00fchrt werden und nicht eint\u00f6nig sind.&nbsp;<\/p>\n\n\n<div class=\"wp-block-image\">\n<figure class=\"aligncenter size-large is-resized\"><a href=\"https:\/\/szkolenia-udt.pl\/wp-content\/uploads\/2022\/04\/stapler_background-scaled-1-e1650895034709.jpg\"><img loading=\"lazy\" decoding=\"async\" src=\"https:\/\/szkolenia-udt.pl\/wp-content\/uploads\/2022\/04\/stapler_background-scaled-1-e1650895034709-1024x417.jpg\" alt=\"neue Gabelstapler in der Warteschlange\" class=\"wp-image-2722\" width=\"1024\" height=\"417\" srcset=\"https:\/\/szkolenia-udt.pl\/wp-content\/uploads\/2022\/04\/stapler_background-scaled-1-e1650895034709-1024x417.jpg 1024w, https:\/\/szkolenia-udt.pl\/wp-content\/uploads\/2022\/04\/stapler_background-scaled-1-e1650895034709-300x122.jpg 300w, https:\/\/szkolenia-udt.pl\/wp-content\/uploads\/2022\/04\/stapler_background-scaled-1-e1650895034709-768x313.jpg 768w, https:\/\/szkolenia-udt.pl\/wp-content\/uploads\/2022\/04\/stapler_background-scaled-1-e1650895034709-1536x626.jpg 1536w, https:\/\/szkolenia-udt.pl\/wp-content\/uploads\/2022\/04\/stapler_background-scaled-1-e1650895034709.jpg 2048w\" sizes=\"auto, (max-width: 1024px) 100vw, 1024px\" \/><\/a><\/figure>\n<\/div>\n\n\n<h2 class=\"wp-block-heading\"><strong>Arten von Gabelstaplern<\/strong>&nbsp;<\/h2>\n\n\n\n<p>Gabelstapler, allgemein bekannt als Gabelhubwagen, sind ein Begriff, mit dem wir Hubwagen meinen. Sie werden f\u00fcr die Handhabung, den Transport und die Steuerung verwendet und lassen sich in zwei Grundgruppen einteilen: nach Antrieb und nach Funktion.&nbsp;<\/p>\n\n\n\n<h4 class=\"wp-block-heading\">In Bezug auf den Antrieb wird unterschieden:&nbsp;<\/h4>\n\n\n<div class=\"wp-block-image\">\n<figure class=\"alignright size-large is-resized\"><a href=\"https:\/\/szkolenia-udt.pl\/wp-content\/uploads\/2022\/04\/d30s-7.jpg\"><img loading=\"lazy\" decoding=\"async\" src=\"https:\/\/szkolenia-udt.pl\/wp-content\/uploads\/2022\/04\/d30s-7-1024x808.jpg\" alt=\"Gabelstapler im Ruhezustand\" class=\"wp-image-2720\" width=\"512\" height=\"404\" srcset=\"https:\/\/szkolenia-udt.pl\/wp-content\/uploads\/2022\/04\/d30s-7-1024x808.jpg 1024w, https:\/\/szkolenia-udt.pl\/wp-content\/uploads\/2022\/04\/d30s-7-300x237.jpg 300w, https:\/\/szkolenia-udt.pl\/wp-content\/uploads\/2022\/04\/d30s-7-768x606.jpg 768w, https:\/\/szkolenia-udt.pl\/wp-content\/uploads\/2022\/04\/d30s-7-1536x1213.jpg 1536w, https:\/\/szkolenia-udt.pl\/wp-content\/uploads\/2022\/04\/d30s-7.jpg 1824w\" sizes=\"auto, (max-width: 512px) 100vw, 512px\" \/><\/a><\/figure>\n<\/div>\n\n\n<ul class=\"wp-block-list\">\n<li><strong>Gabelstapler mit Verbrennungsmotor<\/strong> - Sie k\u00f6nnen mit Diesel, Benzin, LPG oder CNG betrieben werden. Diese Antriebssysteme zeichnen sich durch Abgasemissionen aus und sollten daher im Freien eingesetzt werden. In Innenr\u00e4umen k\u00f6nnen diese Gabelstapler nur eingesetzt werden, wenn sie mit speziellen Filtern ausgestattet sind.&nbsp;<\/li>\n\n\n\n<li><strong>Elektro-Gabelstapler <\/strong>(batteriebetrieben) - werden von einer Batterie angetrieben und kommen in Gebieten zum Einsatz, in denen verbrennungsmotorische und gasbetriebene Stapler aufgrund von Emissionen nicht eingesetzt werden k\u00f6nnen.&nbsp;<\/li>\n\n\n\n<li><strong>Gasgabelstapler<\/strong> - gasbetrieben, empfohlen f\u00fcr Freifl\u00e4chen.&nbsp;<\/li>\n<\/ul>\n\n\n\n<h4 class=\"wp-block-heading\">Andererseits unterscheiden wir aufgrund der ausge\u00fcbten Funktionen:&nbsp;<\/h4>\n\n\n\n<ul class=\"wp-block-list\">\n<li><strong>Gabelstapler mit variabler Reichweite <\/strong>- Auch bekannt als Teleskoplader. Sie zeichnen sich durch einen langen Teleskopausleger aus, der einen gro\u00dfen Arbeitsbereich erm\u00f6glicht,&nbsp;<\/li>\n\n\n\n<li><strong>gel\u00e4ndeg\u00e4ngige Gabelstapler<\/strong> - in schwer zug\u00e4nglichen Bereichen mit unebenem und rutschigem Untergrund (z. B. Baustellen) eingesetzt werden,&nbsp;<\/li>\n\n\n\n<li><strong>Seitenlader<\/strong> - Sie werden auch Seitenstapler genannt und zeichnen sich dadurch aus, dass der Fahrer seitlich zur Fahrtrichtung sitzt,&nbsp;<\/li>\n\n\n\n<li><strong>Schubmaststapler, die von einer Ebene oder Arbeitsb\u00fchne aus gesteuert werden<\/strong> - Bei diesen Ger\u00e4ten steuert der Bediener den Wagen, indem er direkt auf der Plattform steht oder neben dem Wagen geht,&nbsp;<\/li>\n\n\n\n<li><strong>Gabelstapler mit Bediener und angehobener Last<\/strong>,&nbsp;<\/li>\n\n\n\n<li><strong>Gabelstapler mit ausfahrbarem Hubger\u00fcst<\/strong>.&nbsp;<\/li>\n<\/ul>\n\n\n\n<p>Aufgrund der gro\u00dfen Anzahl von Gabelstaplertypen wird ein geeignetes Kursprogramm je nach Bedarf und Besonderheiten ausgew\u00e4hlt, daher ist es wichtig, die entsprechende Qualifikation zu ber\u00fccksichtigen.&nbsp;<\/p>\n\n\n<div class=\"wp-block-image\">\n<figure class=\"alignleft size-large is-resized\"><a href=\"https:\/\/szkolenia-udt.pl\/wp-content\/uploads\/2022\/04\/GOPR1143_Tech-Reviewing-Checklist3-scaled.jpg\"><img loading=\"lazy\" decoding=\"async\" src=\"https:\/\/szkolenia-udt.pl\/wp-content\/uploads\/2022\/04\/GOPR1143_Tech-Reviewing-Checklist3-1024x768.jpg\" alt=\"Gabelstaplerfahrer\" class=\"wp-image-2721\" width=\"512\" height=\"384\" srcset=\"https:\/\/szkolenia-udt.pl\/wp-content\/uploads\/2022\/04\/GOPR1143_Tech-Reviewing-Checklist3-1024x768.jpg 1024w, https:\/\/szkolenia-udt.pl\/wp-content\/uploads\/2022\/04\/GOPR1143_Tech-Reviewing-Checklist3-300x225.jpg 300w, https:\/\/szkolenia-udt.pl\/wp-content\/uploads\/2022\/04\/GOPR1143_Tech-Reviewing-Checklist3-768x576.jpg 768w, https:\/\/szkolenia-udt.pl\/wp-content\/uploads\/2022\/04\/GOPR1143_Tech-Reviewing-Checklist3-1536x1152.jpg 1536w, https:\/\/szkolenia-udt.pl\/wp-content\/uploads\/2022\/04\/GOPR1143_Tech-Reviewing-Checklist3-2048x1536.jpg 2048w, https:\/\/szkolenia-udt.pl\/wp-content\/uploads\/2022\/04\/GOPR1143_Tech-Reviewing-Checklist3-135x100.jpg 135w\" sizes=\"auto, (max-width: 512px) 100vw, 512px\" \/><\/a><\/figure>\n<\/div>\n\n\n<h2 class=\"wp-block-heading\"><strong>Zus\u00e4tzliche Informationen zu den Anspr\u00fcchen<\/strong>&nbsp;<\/h2>\n\n\n\n<p>Wenn Sie mit dem Gedanken spielen, Gabelstapler mit mechanischem Hubwerk zu bedienen, sollten Sie wissen, dass nur Personen, die \u00fcber einen vom T\u00dcV ausgestellten Bef\u00e4higungsnachweis als Gabelstaplerfahrer verf\u00fcgen, diese bedienen d\u00fcrfen. Es ist wissenswert, dass sich vor nicht allzu langer Zeit die Rechtsgrundlage f\u00fcr die vom Arbeitgeber ausgestellten pers\u00f6nlichen Genehmigungen, die zum Betrieb von Gabelstaplern berechtigen, ge\u00e4ndert hat. Diese Erlaubnis wurde nat\u00fcrlich auf der Grundlage einer erfolgreich abgeschlossenen Ausbildung erteilt. Hier finden Sie ein hilfreiches Verzeichnis, das Ihnen die Orientierung erleichtert, wenn Sie bereits einen F\u00fchrerschein besitzen. &nbsp;<\/p>\n\n\n\n<h4 class=\"wp-block-heading\"><strong>Vom Arbeitgeber ausgestellte Genehmigungen:<\/strong>&nbsp;<\/h4>\n\n\n\n<ul class=\"wp-block-list\">\n<li>die bis zum 31.12.2004 ausgestellt wurden, sind bis sp\u00e4testens 31.12.2023 g\u00fcltig&nbsp;<\/li>\n\n\n\n<li>die bis zum 31.12.2014 ausgestellt wurden, sind bis sp\u00e4testens 31.12.2026 g\u00fcltig&nbsp;<\/li>\n\n\n\n<li>die bis zum 01.01.2015 ausgestellt wurden, sind bis sp\u00e4testens 31.12.2027 g\u00fcltig.&nbsp;<\/li>\n<\/ul>\n\n\n\n<p>&nbsp;<br>Sie sind herzlich eingeladen, uns anzurufen und sich f\u00fcr die Schulung anzumelden!&nbsp;<\/p>\n\n\n<div class=\"wp-block-image\">\n<figure class=\"aligncenter\"><a href=\"https:\/\/szkolenia-udt.pl\/wp-content\/uploads\/2022\/05\/0012-oso-wozki-widlowe-obsluga-konserwacja.jpeg\"><img loading=\"lazy\" decoding=\"async\" width=\"1024\" height=\"853\" src=\"https:\/\/szkolenia-udt.pl\/wp-content\/uploads\/2022\/05\/0012-oso-wozki-widlowe-obsluga-konserwacja-1024x853.jpeg\" alt=\"Grafik zur Beschreibung der Ausbildung\" class=\"wp-image-2858\" srcset=\"https:\/\/szkolenia-udt.pl\/wp-content\/uploads\/2022\/05\/0012-oso-wozki-widlowe-obsluga-konserwacja-1024x853.jpeg 1024w, https:\/\/szkolenia-udt.pl\/wp-content\/uploads\/2022\/05\/0012-oso-wozki-widlowe-obsluga-konserwacja-300x250.jpeg 300w, https:\/\/szkolenia-udt.pl\/wp-content\/uploads\/2022\/05\/0012-oso-wozki-widlowe-obsluga-konserwacja-768x640.jpeg 768w, https:\/\/szkolenia-udt.pl\/wp-content\/uploads\/2022\/05\/0012-oso-wozki-widlowe-obsluga-konserwacja.jpeg 1200w\" sizes=\"auto, (max-width: 1024px) 100vw, 1024px\" \/><\/a><\/figure>\n<\/div>","protected":false},"excerpt":{"rendered":"<p>Dlaczego warto wzi\u0105\u0107 udzia\u0142 w szkoleniu? Nauka obs\u0142ugi w\u00f3zk\u00f3w wid\u0142owych i zdobycie odpowiednich kwalifikacji to \u015bwietny spos\u00f3b na rozw\u00f3j.&nbsp; Praca na magazynie jest \u015bci\u015ble powi\u0105zana z tymi urz\u0105dzeniami. W\u00f3zek wid\u0142owy jest przeznaczony do podnoszenia i przenoszenia ci\u0119\u017cszych materia\u0142\u00f3w, st\u0105d potrzebne umiej\u0119tno\u015bci prowadzenia i operowania \u0142adunkiem, kt\u00f3rych nauczysz si\u0119 na naszym kursie!&nbsp; Jakie s\u0105 uprawnienia na [&hellip;]<\/p>\n","protected":false},"author":10,"featured_media":2720,"parent":2266,"menu_order":0,"comment_status":"closed","ping_status":"closed","template":"","meta":{"footnotes":""},"class_list":["post-2719","page","type-page","status-publish","has-post-thumbnail","hentry"],"aioseo_notices":[],"_links":{"self":[{"href":"https:\/\/szkolenia-udt.pl\/de\/wp-json\/wp\/v2\/pages\/2719","targetHints":{"allow":["GET"]}}],"collection":[{"href":"https:\/\/szkolenia-udt.pl\/de\/wp-json\/wp\/v2\/pages"}],"about":[{"href":"https:\/\/szkolenia-udt.pl\/de\/wp-json\/wp\/v2\/types\/page"}],"author":[{"embeddable":true,"href":"https:\/\/szkolenia-udt.pl\/de\/wp-json\/wp\/v2\/users\/10"}],"replies":[{"embeddable":true,"href":"https:\/\/szkolenia-udt.pl\/de\/wp-json\/wp\/v2\/comments?post=2719"}],"version-history":[{"count":8,"href":"https:\/\/szkolenia-udt.pl\/de\/wp-json\/wp\/v2\/pages\/2719\/revisions"}],"predecessor-version":[{"id":4763,"href":"https:\/\/szkolenia-udt.pl\/de\/wp-json\/wp\/v2\/pages\/2719\/revisions\/4763"}],"up":[{"embeddable":true,"href":"https:\/\/szkolenia-udt.pl\/de\/wp-json\/wp\/v2\/pages\/2266"}],"wp:featuredmedia":[{"embeddable":true,"href":"https:\/\/szkolenia-udt.pl\/de\/wp-json\/wp\/v2\/media\/2720"}],"wp:attachment":[{"href":"https:\/\/szkolenia-udt.pl\/de\/wp-json\/wp\/v2\/media?parent=2719"}],"curies":[{"name":"wp","href":"https:\/\/api.w.org\/{rel}","templated":true}]}}