{"id":2778,"date":"2022-05-06T09:33:34","date_gmt":"2022-05-06T07:33:34","guid":{"rendered":"https:\/\/szkolenia-udt.pl\/?page_id=2778"},"modified":"2023-03-26T12:14:41","modified_gmt":"2023-03-26T10:14:41","slug":"flanschverbindungen-montage","status":"publish","type":"page","link":"https:\/\/szkolenia-udt.pl\/de\/kursy\/uprawnienia-udt-tdt-wdt\/polaczenia-kolnierzowe-montaz\/","title":{"rendered":"Qualifizierungskurs f\u00fcr Flanschmonteure"},"content":{"rendered":"<div class=\"wp-block-image\">\n<figure class=\"alignright size-large is-resized\"><a href=\"https:\/\/szkolenia-udt.pl\/wp-content\/uploads\/2022\/05\/still-flangemovie.jpg\"><img loading=\"lazy\" decoding=\"async\" src=\"https:\/\/szkolenia-udt.pl\/wp-content\/uploads\/2022\/05\/still-flangemovie-1024x576.jpg\" alt=\"Konstruktion der Flanschverbindung\" class=\"wp-image-2781\" width=\"512\" height=\"288\" srcset=\"https:\/\/szkolenia-udt.pl\/wp-content\/uploads\/2022\/05\/still-flangemovie-1024x576.jpg 1024w, https:\/\/szkolenia-udt.pl\/wp-content\/uploads\/2022\/05\/still-flangemovie-300x169.jpg 300w, https:\/\/szkolenia-udt.pl\/wp-content\/uploads\/2022\/05\/still-flangemovie-768x432.jpg 768w, https:\/\/szkolenia-udt.pl\/wp-content\/uploads\/2022\/05\/still-flangemovie-1536x864.jpg 1536w, https:\/\/szkolenia-udt.pl\/wp-content\/uploads\/2022\/05\/still-flangemovie.jpg 1920w\" sizes=\"auto, (max-width: 512px) 100vw, 512px\" \/><\/a><\/figure>\n<\/div>\n\n\n<h2 class=\"wp-block-heading\"><strong>Ausbildung in CSOs<\/strong>\u00a0<\/h2>\n\n\n\n<p><a href=\"https:\/\/szkolenia-udt.pl\/de\/o-firmie\/\">Schulungszentrum f\u00fcr Bediener<\/a> bietet einen Kurs f\u00fcr Flanschmontage an. Unser Ziel ist es, den Monteuren die korrekte Installation und den sicheren Betrieb von Druckger\u00e4ten beizubringen: Tanks, Rohrleitungen, Armaturen und Rohre, was Kenntnisse aus einer zuverl\u00e4ssigen Quelle f\u00fcr Gesundheit und Sicherheit sowie Theorie und Praxis erfordert.\u00a0<\/p>\n\n\n\n<h2 class=\"wp-block-heading\"><strong>Ausbildungsprogramm<\/strong>&nbsp;<\/h2>\n\n\n\n<figure class=\"wp-block-table\"><table><tbody><tr><td><strong>Ausbildungsprogramm - Theorie<\/strong>\u00a0<\/td><td><strong>Ausbildungsprogramm - praktisch<\/strong>\u00a0<\/td><td><strong>Was bieten wir an?<\/strong>&nbsp;<\/td><\/tr><tr><td><strong>Arten von Flanschverbindungen<\/strong>&nbsp;<\/td><td>Praktische \u00dcbungen zur Montage von Flanschverbindungen.&nbsp;<\/td><td>T\u00dcV-Zertifikat in Polnisch und Englisch.&nbsp;<\/td><\/tr><tr><td><strong>Kenntnisse \u00fcber die h\u00e4ufigsten Fehler und deren Vermeidung<\/strong>&nbsp;<\/td><td>Auswahl der pers\u00f6nlichen Schutzausr\u00fcstung und \u00dcberpr\u00fcfung des Arbeitsplatzes.&nbsp;<\/td><td>Erforderliche F\u00e4higkeiten f\u00fcr die Arbeit als Monteur.&nbsp;<\/td><\/tr><tr><td><strong>Dichtungstypen und ihre Eigenschaften<\/strong>&nbsp;<\/td><td>Pr\u00fcfung und Auswahl von Dichtungen f\u00fcr die Montage.&nbsp;<\/td><td>Gr\u00fcndliche Pr\u00fcfungsvorbereitung, die Kenntnisse in Theorie und Praxis umfasst.&nbsp;<\/td><\/tr><tr><td><strong>Allgemeine Gesundheits- und Sicherheitsma\u00dfnahmen<\/strong>&nbsp;<\/td><td>Abfolge der Arbeitsschritte f\u00fcr die Montage und Demontage von Flanschverbindungen.&nbsp;<\/td><td>Wettbewerbsf\u00e4hige Preise im Vergleich zu anderen Bildungsanbietern.&nbsp;<\/td><\/tr><tr><td><strong>Sichere Demontage von Flanschverbindungen<\/strong>&nbsp;<\/td><td>Dichtheitspr\u00fcfung der fertigen Flanschverbindung.&nbsp;<\/td><td>Organisation von Schulungen in den R\u00e4umlichkeiten des Kunden.&nbsp;<\/td><\/tr><tr><td><strong>Vorbereitung der Dichtfl\u00e4che<\/strong>&nbsp;<\/td><td>Betreuung und \u00dcberwachung der Arbeit des Ausbilders.&nbsp;<\/td><td>Eine Bescheinigung \u00fcber den Abschluss der Schulung sowie die erforderlichen Lernmaterialien.&nbsp;<\/td><\/tr><\/tbody><\/table><\/figure>\n\n\n\n<h2 class=\"wp-block-heading\"><strong>Berechtigungen<\/strong>&nbsp;<\/h2>\n\n\n<div class=\"wp-block-image\">\n<figure class=\"alignleft size-large is-resized\"><a href=\"https:\/\/szkolenia-udt.pl\/wp-content\/uploads\/2022\/05\/HL-005-copy_lar-e1651822318974.jpg\"><img loading=\"lazy\" decoding=\"async\" src=\"https:\/\/szkolenia-udt.pl\/wp-content\/uploads\/2022\/05\/HL-005-copy_lar-e1651822318974-1024x384.jpg\" alt=\"Flanschverbindung\" class=\"wp-image-2780\" width=\"512\" height=\"192\" srcset=\"https:\/\/szkolenia-udt.pl\/wp-content\/uploads\/2022\/05\/HL-005-copy_lar-e1651822318974-1024x384.jpg 1024w, https:\/\/szkolenia-udt.pl\/wp-content\/uploads\/2022\/05\/HL-005-copy_lar-e1651822318974-300x113.jpg 300w, https:\/\/szkolenia-udt.pl\/wp-content\/uploads\/2022\/05\/HL-005-copy_lar-e1651822318974-768x288.jpg 768w, https:\/\/szkolenia-udt.pl\/wp-content\/uploads\/2022\/05\/HL-005-copy_lar-e1651822318974-1536x576.jpg 1536w, https:\/\/szkolenia-udt.pl\/wp-content\/uploads\/2022\/05\/HL-005-copy_lar-e1651822318974.jpg 1600w\" sizes=\"auto, (max-width: 512px) 100vw, 512px\" \/><\/a><\/figure>\n<\/div>\n\n\n<p>Wir bieten Ihnen eine umfassende Schulung an, die Sie in die Lage versetzt, ein T\u00dcV-Zertifikat (nach EN 1591-4) zu erhalten, das Sie berechtigt, Flanschverbindungen in ganz Polen und anderen europ\u00e4ischen L\u00e4ndern auszuf\u00fchren und zu \u00fcberwachen. Nach Abschluss der gesamten Schulung, die von unseren hochqualifizierten Mitarbeitern \u00fcberwacht wird, f\u00fchren wir eine Pr\u00fcfung durch, in der die theoretischen Kenntnisse und praktischen F\u00e4higkeiten des Kandidaten getestet werden. Wenn Sie beide Pr\u00fcfungen bestanden haben, erhalten Sie Ihre UDT-Lizenz und eine Bescheinigung \u00fcber den Abschluss der Ausbildung.\u00a0\u00a0<\/p>\n\n\n\n<h2 class=\"wp-block-heading\">\u00dcber uns<\/h2>\n\n\n\n<p>Die Schulungen im Operator Training Centre werden in ganz Polen durchgef\u00fchrt und entsprechen den Anforderungen des Technischen \u00dcberwachungsamtes. Machen Sie sich vertraut mit <a href=\"https:\/\/szkolenia-udt.pl\/de\/oferta\/\">vollst\u00e4ndiges Angebot<\/a> Besuchen Sie unsere offizielle Website und rufen Sie uns an, wenn Sie mehr \u00fcber Schulungen und andere Dienstleistungen des CSO erfahren m\u00f6chten.\u00a0<\/p>\n\n\n<div class=\"wp-block-image\">\n<figure class=\"aligncenter\"><a href=\"https:\/\/szkolenia-udt.pl\/wp-content\/uploads\/2022\/05\/0060-oso.edu_.pl_.jpg\"><img loading=\"lazy\" decoding=\"async\" width=\"1024\" height=\"853\" src=\"https:\/\/szkolenia-udt.pl\/wp-content\/uploads\/2022\/05\/0060-oso.edu_.pl_-1024x853.jpg\" alt=\"Grafik zur Beschreibung des Kurses\" class=\"wp-image-2861\" srcset=\"https:\/\/szkolenia-udt.pl\/wp-content\/uploads\/2022\/05\/0060-oso.edu_.pl_-1024x853.jpg 1024w, https:\/\/szkolenia-udt.pl\/wp-content\/uploads\/2022\/05\/0060-oso.edu_.pl_-300x250.jpg 300w, https:\/\/szkolenia-udt.pl\/wp-content\/uploads\/2022\/05\/0060-oso.edu_.pl_-768x640.jpg 768w, https:\/\/szkolenia-udt.pl\/wp-content\/uploads\/2022\/05\/0060-oso.edu_.pl_.jpg 1200w\" sizes=\"auto, (max-width: 1024px) 100vw, 1024px\" \/><\/a><\/figure>\n<\/div>","protected":false},"excerpt":{"rendered":"<p>Szkolenie w OSO\u00a0 O\u015brodek Szkolenia Operator\u00f3w posiada w swojej ofercie kurs monta\u017cu po\u0142\u0105cze\u0144 ko\u0142nierzowych. Naszym celem jest nauczenie monta\u017cyst\u00f3w prawid\u0142owej instalacji i bezpiecznej eksploatacji urz\u0105dze\u0144 ci\u015bnieniowych: zbiornik\u00f3w, ruroci\u0105g\u00f3w, armatury i przewod\u00f3w, wymagaj\u0105cych znajomo\u015bci wiedzy z rzetelnego \u017ar\u00f3d\u0142a z zakresu BHP oraz teorii i praktyki.\u00a0 Program szkolenia&nbsp; Program szkolenia \u2013 teoria\u00a0 Program szkolenia \u2013 praktyka\u00a0 Co [&hellip;]<\/p>\n","protected":false},"author":10,"featured_media":2781,"parent":2266,"menu_order":0,"comment_status":"closed","ping_status":"closed","template":"","meta":{"footnotes":""},"class_list":["post-2778","page","type-page","status-publish","has-post-thumbnail","hentry"],"aioseo_notices":[],"_links":{"self":[{"href":"https:\/\/szkolenia-udt.pl\/de\/wp-json\/wp\/v2\/pages\/2778","targetHints":{"allow":["GET"]}}],"collection":[{"href":"https:\/\/szkolenia-udt.pl\/de\/wp-json\/wp\/v2\/pages"}],"about":[{"href":"https:\/\/szkolenia-udt.pl\/de\/wp-json\/wp\/v2\/types\/page"}],"author":[{"embeddable":true,"href":"https:\/\/szkolenia-udt.pl\/de\/wp-json\/wp\/v2\/users\/10"}],"replies":[{"embeddable":true,"href":"https:\/\/szkolenia-udt.pl\/de\/wp-json\/wp\/v2\/comments?post=2778"}],"version-history":[{"count":7,"href":"https:\/\/szkolenia-udt.pl\/de\/wp-json\/wp\/v2\/pages\/2778\/revisions"}],"predecessor-version":[{"id":4767,"href":"https:\/\/szkolenia-udt.pl\/de\/wp-json\/wp\/v2\/pages\/2778\/revisions\/4767"}],"up":[{"embeddable":true,"href":"https:\/\/szkolenia-udt.pl\/de\/wp-json\/wp\/v2\/pages\/2266"}],"wp:featuredmedia":[{"embeddable":true,"href":"https:\/\/szkolenia-udt.pl\/de\/wp-json\/wp\/v2\/media\/2781"}],"wp:attachment":[{"href":"https:\/\/szkolenia-udt.pl\/de\/wp-json\/wp\/v2\/media?parent=2778"}],"curies":[{"name":"wp","href":"https:\/\/api.w.org\/{rel}","templated":true}]}}