{"id":2784,"date":"2022-05-06T11:52:32","date_gmt":"2022-05-06T09:52:32","guid":{"rendered":"https:\/\/szkolenia-udt.pl\/?page_id=2784"},"modified":"2023-03-20T14:53:21","modified_gmt":"2023-03-20T13:53:21","slug":"gerustbauer","status":"publish","type":"page","link":"https:\/\/szkolenia-udt.pl\/de\/kursy\/montazysta-rusztowan\/","title":{"rendered":"Ger\u00fcstmonteur - OSO-Kurs"},"content":{"rendered":"<h2 class=\"wp-block-heading\"><strong>Kurs f\u00fcr Ger\u00fcstbauer bei OSO<\/strong><\/h2>\n\n\n<div class=\"wp-block-image\">\n<figure class=\"alignleft size-large is-resized\"><a href=\"https:\/\/szkolenia-udt.pl\/wp-content\/uploads\/2022\/05\/H61e44d7cfccc4584a6e821885c4445460.jpg\"><img loading=\"lazy\" decoding=\"async\" src=\"https:\/\/szkolenia-udt.pl\/wp-content\/uploads\/2022\/05\/H61e44d7cfccc4584a6e821885c4445460-1024x624.jpg\" alt=\"Ger\u00fcst installiert\" class=\"wp-image-2788\" width=\"512\" height=\"312\" srcset=\"https:\/\/szkolenia-udt.pl\/wp-content\/uploads\/2022\/05\/H61e44d7cfccc4584a6e821885c4445460-1024x624.jpg 1024w, https:\/\/szkolenia-udt.pl\/wp-content\/uploads\/2022\/05\/H61e44d7cfccc4584a6e821885c4445460-300x183.jpg 300w, https:\/\/szkolenia-udt.pl\/wp-content\/uploads\/2022\/05\/H61e44d7cfccc4584a6e821885c4445460-768x468.jpg 768w, https:\/\/szkolenia-udt.pl\/wp-content\/uploads\/2022\/05\/H61e44d7cfccc4584a6e821885c4445460.jpg 1458w\" sizes=\"auto, (max-width: 512px) 100vw, 512px\" \/><\/a><\/figure>\n<\/div>\n\n\n<p>Willkommen zum Ger\u00fcstbaukurs, organisiert von <a href=\"https:\/\/szkolenia-udt.pl\/de\/o-firmie\/\">Schulungszentrum f\u00fcr Bediener<\/a>.&nbsp;&nbsp;<\/p>\n\n\n\n<h2 class=\"wp-block-heading\"><strong>Besonderheiten der Arbeit als Ger\u00fcstbauer<\/strong>&nbsp;<\/h2>\n\n\n\n<p>Ein Ger\u00fcstbauer ist ein Bauarbeiter, der f\u00fcr den Auf- und Abbau von Ger\u00fcsten verantwortlich ist. Seine\/ihre Aufgabe ist es, daf\u00fcr zu sorgen, dass die gesamte Konstruktion stabil und vor allem sicher ist. Die Person in dieser Position muss in der Lage sein, technische Zeichnungen und Baupl\u00e4ne zu lesen, die die Grundlage f\u00fcr den korrekten Aufbau von Ger\u00fcsten bilden. Um als Ger\u00fcstbauer arbeiten zu k\u00f6nnen, m\u00fcssen Sie eine Berufsausbildung absolvieren und die IMBiGS-Pr\u00fcfung ablegen, auf die Sie sich in unserer Ausbildungsst\u00e4tte vorbereiten k\u00f6nnen.&nbsp;&nbsp;&nbsp;<\/p>\n\n\n\n<h2 class=\"wp-block-heading\"><strong>Wer kann sich f\u00fcr den Kurs anmelden?<\/strong>&nbsp;<\/h2>\n\n\n\n<p>Die CSO-Schulungen sind sowohl f\u00fcr Einzelpersonen als auch f\u00fcr organisierte Gruppen gedacht. Das Unterrichtsprogramm ist so strukturiert, dass man sich von Grund auf f\u00fcr den Beruf ausbilden lassen kann. Jeder Sch\u00fcler, der am Unterricht teilnehmen m\u00f6chte, muss die folgenden formalen Voraussetzungen erf\u00fcllen:&nbsp;<\/p>\n\n\n\n<ul class=\"wp-block-list\">\n<li>Vollendung des 18. Lebensjahres,&nbsp;<\/li>\n\n\n\n<li>\u00fcber ein Minimum an Grundbildung verf\u00fcgen,&nbsp;<\/li>\n\n\n\n<li>keine gesundheitlichen Kontraindikationen f\u00fcr die Aus\u00fcbung des Berufs.&nbsp;<\/li>\n<\/ul>\n\n\n<div class=\"wp-block-image\">\n<figure class=\"alignright size-large is-resized\"><a href=\"https:\/\/szkolenia-udt.pl\/wp-content\/uploads\/2022\/05\/D145_32_093_1200-1.jpg\"><img loading=\"lazy\" decoding=\"async\" src=\"https:\/\/szkolenia-udt.pl\/wp-content\/uploads\/2022\/05\/D145_32_093_1200-1-1024x683.jpg\" alt=\"Ger\u00fcstbauer\" class=\"wp-image-2787\" width=\"512\" height=\"342\" srcset=\"https:\/\/szkolenia-udt.pl\/wp-content\/uploads\/2022\/05\/D145_32_093_1200-1-1024x683.jpg 1024w, https:\/\/szkolenia-udt.pl\/wp-content\/uploads\/2022\/05\/D145_32_093_1200-1-300x200.jpg 300w, https:\/\/szkolenia-udt.pl\/wp-content\/uploads\/2022\/05\/D145_32_093_1200-1-768x512.jpg 768w, https:\/\/szkolenia-udt.pl\/wp-content\/uploads\/2022\/05\/D145_32_093_1200-1.jpg 1200w\" sizes=\"auto, (max-width: 512px) 100vw, 512px\" \/><\/a><\/figure>\n<\/div>\n\n\n<h2 class=\"wp-block-heading\"><strong>Gesundheitliche Kontraindikationen<\/strong>&nbsp;<\/h2>\n\n\n\n<p>Wenn Sie als Ger\u00fcstbauer arbeiten, d\u00fcrfen Sie vor allem keine H\u00f6henangst haben. Vor Beginn der Ausbildung werden Sie einer Untersuchung unterzogen, bei der u. a. festgestellt wird, ob Sie in der Lage sind, in H\u00f6hen von mehr als drei Metern zu arbeiten. Der Ger\u00fcstbauer muss \u00fcber eine gute k\u00f6rperliche Fitness verf\u00fcgen, denn das Besteigen von Ger\u00fcsten ist nicht gerade einfach.<\/p>\n\n\n\n<h4 class=\"wp-block-heading\">Gesundheitliche Kontraindikationen, die w\u00e4hrend der Studie \u00fcberpr\u00fcft wurden, sind:\u00a0<\/h4>\n\n\n\n<ul class=\"dwiekolumny wp-block-list\">\n<li>Sehbehinderung,&nbsp;<\/li>\n\n\n\n<li>Ungleichgewichte,&nbsp;<\/li>\n\n\n\n<li>eine Tendenz zur Ohnmacht,&nbsp;<\/li>\n\n\n\n<li>H\u00f6henangst,&nbsp;<\/li>\n\n\n\n<li>Erkrankungen des zentralen und peripheren Nervensystems,&nbsp;<\/li>\n\n\n\n<li>Epilepsie,&nbsp;<\/li>\n\n\n\n<li>Parese der Gliedma\u00dfen,&nbsp;<\/li>\n\n\n\n<li>Diabetes,&nbsp;<\/li>\n\n\n\n<li>Herz-Kreislauf-Erkrankungen,&nbsp;<\/li>\n\n\n\n<li>chronische Erkrankungen der Atemwege,&nbsp;<\/li>\n\n\n\n<li>erhebliche Beeintr\u00e4chtigung des Farbsehens,&nbsp;<\/li>\n\n\n\n<li>H\u00f6rverlust, Ohrenkrankheiten.\u00a0<\/li>\n<\/ul>\n\n\n\n<h2 class=\"wp-block-heading\"><strong>Wie sieht die Immatrikulation aus?<\/strong>&nbsp;<\/h2>\n\n\n\n<p>Um sich f\u00fcr einen Kurs anzumelden, rufen Sie uns einfach an. Der Kandidat kann den Ort und das Datum des Kurses selbst w\u00e4hlen. Sobald die Bedingungen vereinbart sind, schlie\u00dfen wir die Kurseinschreibung ab.&nbsp;&nbsp;&nbsp;<\/p>\n\n\n\n<h2 class=\"wp-block-heading\"><strong>Ausbildungsprogramm<\/strong>&nbsp;<\/h2>\n\n\n\n<h4 class=\"wp-block-heading\">Im theoretischen Teil der Ausbildung werden unter anderem folgende Themen behandelt:&nbsp;<\/h4>\n\n\n\n<ul class=\"wp-block-list\">\n<li>Aufteilung und Funktionen des Ger\u00fcsts,&nbsp;<\/li>\n\n\n\n<li>Bau bestimmter Arten von Strukturen,&nbsp;<\/li>\n\n\n\n<li>Machen Sie sich mit den technischen Unterlagen vertraut, die bei der Arbeit verwendet werden,&nbsp;<\/li>\n\n\n\n<li>Organisation des Standorts,&nbsp;<\/li>\n\n\n\n<li>die Grunds\u00e4tze der sicheren Arbeitshygiene beim Auf- und Abbau von Ger\u00fcsten.&nbsp;<\/li>\n<\/ul>\n\n\n\n<h4 class=\"wp-block-heading\">Der praktische Teil der Ausbildung umfasst:&nbsp;<\/h4>\n\n\n\n<ul class=\"wp-block-list\">\n<li>das Erlernen von Aktivit\u00e4ten vor, w\u00e4hrend und nach der Arbeit,&nbsp;<\/li>\n\n\n\n<li>ordnungsgem\u00e4\u00dfe Absicherung des Arbeitsbereichs,&nbsp;<\/li>\n\n\n\n<li>\u00dcbungen zum Auf- und Abbau von Ger\u00fcsten,&nbsp;<\/li>\n\n\n\n<li>Inspektionst\u00e4tigkeiten zum Gesundheitszustand der Strukturen.&nbsp;<\/li>\n<\/ul>\n\n\n\n<h2 class=\"wp-block-heading\"><strong>Was ist Ger\u00fcstbau? - eines der in der Klasse behandelten Themen<\/strong>\u00a0<\/h2>\n\n\n\n<p>Mit der Teilnahme an unserem Kurs erwerben Sie umfassende Kenntnisse \u00fcber Ger\u00fcste, d. h. \u00fcber Konstruktionen (in der Regel aus Metall), die einen sicheren Zugang zu hohen Strukturen erm\u00f6glichen. Was den Aufbau betrifft, so besteht jedes Ger\u00fcst in der Regel aus vertikalen Stangen, an denen horizontale Stangen befestigt sind. Auf diese wird eine Bohlenplattform gelegt. Bei modernen Konstruktionen besteht diese Plattform aus leichtem, vorgefertigtem Metall, w\u00e4hrend die vertikalen Stangen aus Stahlrohren gefertigt sind.\u00a0<\/p>\n\n\n\n<h2 class=\"wp-block-heading\"><strong>Klassifizierung und Arten von Ger\u00fcsten<\/strong><\/h2>\n\n\n\n<figure class=\"wp-block-table\"><table><tbody><tr><td>Gestaltung<\/td><td>Art der Verwendung<\/td><td>Baumaterial<\/td><\/tr><tr><td>\n<ul>\n<li>Modular<\/li>\n<li>Stand<\/li>\n<li>Besonderes<\/li>\n<li>Kolumnen (Warschau)<\/li>\n<li>Rahmenwerk<\/li>\n<li>Ziegen<\/li>\n<li>Geklammert<\/li>\n<\/ul>\n<\/td><td>\n<ul>\n<li>Mobil (laufend)<\/li>\n<li>Unbeweglich<\/li>\n<\/ul>\n<\/td><td>\n<ul>\n<li>H\u00f6lzernes<\/li>\n<li>Aluminium<\/li>\n<li>Stahl<\/li>\n<li>Andere Materialien<\/li>\n<\/ul>\n<\/td><\/tr><\/tbody><\/table><\/figure>\n\n\n\n<h2 class=\"wp-block-heading\"><strong>Was k\u00f6nnen Sie von uns bekommen?<\/strong>&nbsp;<\/h2>\n\n\n\n<p>Wir bieten eine qualitativ hochwertige Ausbildung und einen professionellen Kundenservice w\u00e4hrend des gesamten Ausbildungsprozesses, von der Kursanmeldung bis zur IMBiGS-Pr\u00fcfung.&nbsp;&nbsp;<\/p>\n\n\n\n<p>Im Preis Ihrer Ausbildung enthalten ist der Zugang zu Lehrmaterial, das auf einer Online-Plattform bereitgestellt wird. Dort finden Sie unter anderem Lehrvideos und Beispiele f\u00fcr Fragen, die im theoretischen Teil der Pr\u00fcfung vorkommen k\u00f6nnen.&nbsp;&nbsp;&nbsp;<\/p>\n\n\n\n<figure class=\"wp-block-video\"><video controls poster=\"https:\/\/szkolenia-udt.pl\/wp-content\/uploads\/2023\/03\/okladka-rusztowania-OSO.EDU_.PL-OSO-3.jpg\" src=\"https:\/\/szkolenia-udt.pl\/wp-content\/uploads\/2023\/03\/rusztowania-SZKOLENIA-UDT.PL-OSO.mp4\"><\/video><\/figure>\n\n\n\n<h2 class=\"wp-block-heading\"><strong>Ort der Ausbildung<\/strong>&nbsp;<\/h2>\n\n\n\n<p>Die Schulungen werden in unseren Niederlassungen in ganz Polen durchgef\u00fchrt - Sie finden uns unter anderem in Warschau. Bei Schulungskursen f\u00fcr organisierte Gruppen bieten wir Reisen zum Ort der Wahl des Kunden im ganzen Land an.\u00a0\u00a0\u00a0<\/p>\n\n\n\n<h2 class=\"wp-block-heading\"><strong>Mit der IMBiGS-Pr\u00fcfung k\u00f6nnen Sie sich zertifizieren lassen<\/strong>&nbsp;<\/h2>\n\n\n\n<p>Um als Ger\u00fcstbauer zertifiziert zu werden, muss das Ergebnis Ihrer Pr\u00fcfung positiv ausfallen. Die Pr\u00fcfung ist, genau wie die Ausbildung, in zwei Teile gegliedert. Im theoretischen Teil der Pr\u00fcfung m\u00fcssen Sie einen Test absolvieren, und im praktischen Teil m\u00fcssen Sie Ihre F\u00e4higkeiten im Ger\u00fcstbau unter Beweis stellen. Die Qualifikation f\u00fcr den Ger\u00fcstbau wird vom Institut f\u00fcr Bau- und Bergbaumechanisierung in Warschau ausgestellt. Nach bestandener Pr\u00fcfung erh\u00e4lt der Teilnehmer ein Ger\u00fcstbauerbuch. Die Genehmigungen werden auf unbestimmte Zeit erteilt und sind im ganzen Land und in den EU-L\u00e4ndern g\u00fcltig. Es ist illegal, ohne eine Lizenz zu arbeiten.&nbsp;&nbsp;&nbsp;<\/p>\n\n\n\n<h2 class=\"wp-block-heading\"><strong>Berufsaussichten in Polen und im Ausland<\/strong>&nbsp;<\/h2>\n\n\n<div class=\"wp-block-image\">\n<figure class=\"alignleft size-large is-resized\"><a href=\"https:\/\/szkolenia-udt.pl\/wp-content\/uploads\/2022\/05\/D25_142_240_1200.jpg\"><img loading=\"lazy\" decoding=\"async\" src=\"https:\/\/szkolenia-udt.pl\/wp-content\/uploads\/2022\/05\/D25_142_240_1200-1024x683.jpg\" alt=\"Monteure bei der Ger\u00fcstmontage\" class=\"wp-image-2786\" width=\"512\" height=\"342\" srcset=\"https:\/\/szkolenia-udt.pl\/wp-content\/uploads\/2022\/05\/D25_142_240_1200-1024x683.jpg 1024w, https:\/\/szkolenia-udt.pl\/wp-content\/uploads\/2022\/05\/D25_142_240_1200-300x200.jpg 300w, https:\/\/szkolenia-udt.pl\/wp-content\/uploads\/2022\/05\/D25_142_240_1200-768x512.jpg 768w, https:\/\/szkolenia-udt.pl\/wp-content\/uploads\/2022\/05\/D25_142_240_1200.jpg 1200w\" sizes=\"auto, (max-width: 512px) 100vw, 512px\" \/><\/a><\/figure>\n<\/div>\n\n\n<p>Der Arbeitsmarkt f\u00fcr Ger\u00fcstbauer bietet potenziellen Bewerbern f\u00fcr diese Position gro\u00dfe Chancen. Mit der richtigen Qualifikation k\u00f6nnen Sie in der Baubranche eine Besch\u00e4ftigung finden - in Unternehmen, die sich mit der Errichtung neuer Geb\u00e4ude, der Reparatur von Geb\u00e4udefassaden, dem Bau von Br\u00fccken und Tunneln sowie mit Ausbauarbeiten besch\u00e4ftigen. Ger\u00fcstbauer\/innen werden auch in Fenster- und Fassadenreinigungsbetrieben, Bau- und Montageunternehmen, in Betrieben, die Zelt- und B\u00fchnenbau f\u00fcr Gro\u00dfveranstaltungen anbieten, sowie bei der Erstellung von freistehenden Bauten wie z. B. Werbeanlagen oder der Schornsteinwartung ben\u00f6tigt.\u00a0\u00a0<\/p>\n\n\n\n<p>Die Berufsaussichten f\u00fcr Ger\u00fcstbauer reichen auch \u00fcber die Grenzen Polens hinaus. Es ist jedoch zu beachten, dass nicht jedes europ\u00e4ische Land die in Polen erworbenen Qualifikationen anerkennen wird. Daher ist es wichtig, sich bei der Wahl eines Landes mit den dortigen Vorschriften vertraut zu machen. Der Beruf des Ger\u00fcstbauers kann in einigen europ\u00e4ischen L\u00e4ndern sehr eintr\u00e4glich sein.&nbsp;<\/p>\n\n\n\n<h2 class=\"wp-block-heading\"><strong>CSO ausw\u00e4hlen<\/strong>!\u00a0<\/h2>\n\n\n\n<p>Das Operator Training Centre ist der beste Ort, um berufliche Qualifikationen zu erwerben. Unser Team besteht aus Ausbildern mit langj\u00e4hriger Unterrichtserfahrung. W\u00e4hrend der Ausbildung bem\u00fchen wir uns um einen individuellen Ansatz f\u00fcr unsere Auszubildenden. Dank uns k\u00f6nnen Sie Qualifikationen und Zulassungen erwerben! Wir laden Sie ein, sich anzumelden.<\/p>\n\n\n<div class=\"wp-block-image\">\n<figure class=\"aligncenter size-large\"><a href=\"https:\/\/szkolenia-udt.pl\/wp-content\/uploads\/2022\/05\/0076-oso.edu_.pl_.jpg\"><img loading=\"lazy\" decoding=\"async\" width=\"1024\" height=\"853\" src=\"https:\/\/szkolenia-udt.pl\/wp-content\/uploads\/2022\/05\/0076-oso.edu_.pl_-1024x853.jpg\" alt=\"Grafik zur Beschreibung der Ausbildung\" class=\"wp-image-2863\" srcset=\"https:\/\/szkolenia-udt.pl\/wp-content\/uploads\/2022\/05\/0076-oso.edu_.pl_-1024x853.jpg 1024w, https:\/\/szkolenia-udt.pl\/wp-content\/uploads\/2022\/05\/0076-oso.edu_.pl_-300x250.jpg 300w, https:\/\/szkolenia-udt.pl\/wp-content\/uploads\/2022\/05\/0076-oso.edu_.pl_-768x640.jpg 768w, https:\/\/szkolenia-udt.pl\/wp-content\/uploads\/2022\/05\/0076-oso.edu_.pl_.jpg 1200w\" sizes=\"auto, (max-width: 1024px) 100vw, 1024px\" \/><\/a><\/figure>\n<\/div>","protected":false},"excerpt":{"rendered":"<p>Kurs monta\u017cysty rusztowa\u0144 w OSO Zapraszamy na kurs monta\u017cysty rusztowa\u0144, organizowany przez O\u015brodek Szkolenia Operator\u00f3w.&nbsp;&nbsp; Specyfika pracy jako monta\u017cysta rusztowa\u0144&nbsp; Monta\u017cysta rusztowa\u0144 jest pracownikiem budowlanym odpowiedzianym za monta\u017c oraz demonta\u017c rusztowa\u0144. Jego zadaniem jest zadba\u0107 o to, aby ca\u0142a konstrukcja by\u0142a stabilna i, co najwa\u017cniejsze, bezpieczna. Osoba na tym stanowisku musi posiada\u0107 umiej\u0119tno\u015bci w zakresie [&hellip;]<\/p>\n","protected":false},"author":10,"featured_media":2786,"parent":22,"menu_order":0,"comment_status":"closed","ping_status":"closed","template":"","meta":{"footnotes":""},"class_list":["post-2784","page","type-page","status-publish","has-post-thumbnail","hentry"],"aioseo_notices":[],"_links":{"self":[{"href":"https:\/\/szkolenia-udt.pl\/de\/wp-json\/wp\/v2\/pages\/2784","targetHints":{"allow":["GET"]}}],"collection":[{"href":"https:\/\/szkolenia-udt.pl\/de\/wp-json\/wp\/v2\/pages"}],"about":[{"href":"https:\/\/szkolenia-udt.pl\/de\/wp-json\/wp\/v2\/types\/page"}],"author":[{"embeddable":true,"href":"https:\/\/szkolenia-udt.pl\/de\/wp-json\/wp\/v2\/users\/10"}],"replies":[{"embeddable":true,"href":"https:\/\/szkolenia-udt.pl\/de\/wp-json\/wp\/v2\/comments?post=2784"}],"version-history":[{"count":13,"href":"https:\/\/szkolenia-udt.pl\/de\/wp-json\/wp\/v2\/pages\/2784\/revisions"}],"predecessor-version":[{"id":4646,"href":"https:\/\/szkolenia-udt.pl\/de\/wp-json\/wp\/v2\/pages\/2784\/revisions\/4646"}],"up":[{"embeddable":true,"href":"https:\/\/szkolenia-udt.pl\/de\/wp-json\/wp\/v2\/pages\/22"}],"wp:featuredmedia":[{"embeddable":true,"href":"https:\/\/szkolenia-udt.pl\/de\/wp-json\/wp\/v2\/media\/2786"}],"wp:attachment":[{"href":"https:\/\/szkolenia-udt.pl\/de\/wp-json\/wp\/v2\/media?parent=2784"}],"curies":[{"name":"wp","href":"https:\/\/api.w.org\/{rel}","templated":true}]}}