{"id":2793,"date":"2022-05-09T15:43:45","date_gmt":"2022-05-09T13:43:45","guid":{"rendered":"https:\/\/szkolenia-udt.pl\/?page_id=2793"},"modified":"2023-03-26T10:49:40","modified_gmt":"2023-03-26T08:49:40","slug":"hangearbeitsbuhnen","status":"publish","type":"page","link":"https:\/\/szkolenia-udt.pl\/de\/kursy\/uprawnienia-udt-tdt-wdt\/podesty-ruchome-wiszace\/","title":{"rendered":"Training f\u00fcr mobile Plattformen"},"content":{"rendered":"<h2 class=\"wp-block-heading\"><strong>\u00dcber den Kurs<\/strong><\/h2>\n\n\n<div class=\"wp-block-image\">\n<figure class=\"alignright size-large is-resized\"><a href=\"https:\/\/szkolenia-udt.pl\/wp-content\/uploads\/2023\/03\/123.jpeg\"><img loading=\"lazy\" decoding=\"async\" src=\"https:\/\/szkolenia-udt.pl\/wp-content\/uploads\/2023\/03\/123-1024x683.jpeg\" alt=\"H\u00e4ngende mobile Plattform\" class=\"wp-image-4176\" width=\"512\" height=\"342\" srcset=\"https:\/\/szkolenia-udt.pl\/wp-content\/uploads\/2023\/03\/123-1024x683.jpeg 1024w, https:\/\/szkolenia-udt.pl\/wp-content\/uploads\/2023\/03\/123-300x200.jpeg 300w, https:\/\/szkolenia-udt.pl\/wp-content\/uploads\/2023\/03\/123-768x512.jpeg 768w, https:\/\/szkolenia-udt.pl\/wp-content\/uploads\/2023\/03\/123-1536x1024.jpeg 1536w, https:\/\/szkolenia-udt.pl\/wp-content\/uploads\/2023\/03\/123-18x12.jpeg 18w, https:\/\/szkolenia-udt.pl\/wp-content\/uploads\/2023\/03\/123.jpeg 1600w\" sizes=\"auto, (max-width: 512px) 100vw, 512px\" \/><\/a><\/figure>\n<\/div>\n\n\n<p>Wenn Sie erw\u00e4gen, Arbeiten in der H\u00f6he auszuf\u00fchren oder Ihre Mitarbeiter mit solchen Arbeiten zu beauftragen, sollten Sie zun\u00e4chst an die richtige Ausr\u00fcstung denken. F\u00fcr Arbeiten in der H\u00f6he werden h\u00e4ufig Ger\u00fcste verwendet. F\u00fcr viele Arbeiten, wie z. B. das Aufstellen von Werbetafeln oder die Wartung von Hochspannungsleitungen, sind normale Ger\u00fcste jedoch nicht geeignet. In bestimmten Situationen lohnt es sich, die Arbeiten mit Hilfe mobiler Plattformen zu unterst\u00fctzen. Diese Maschinen d\u00fcrfen nur von einer Person bedient und gewartet werden, die \u00fcber die entsprechenden Qualifikationsnachweise verf\u00fcgt.&nbsp;&nbsp;<\/p>\n\n\n\n<h2 class=\"wp-block-heading\"><strong>Wie erhalte ich eine Genehmigung f\u00fcr den Betrieb oder die Wartung mobiler Plattformen?<\/strong>&nbsp;<\/h2>\n\n\n\n<p>Nicht jeder kann mobile Plattformen bedienen. Die gute Nachricht ist, dass fast jeder die erforderlichen Qualifikationen erwerben kann. <a href=\"https:\/\/szkolenia-udt.pl\/de\/kursy\/podesty-ruchome\/obsluga-podestow-ruchomych\/\">Betrieb von mobilen Plattformen<\/a> erfordert den Besitz der entsprechenden Dokumente, die den Betrieb der Maschine zulassen. Bei beweglichen Arbeitsb\u00fchnen gibt es noch verschiedene Arten von Genehmigungen, je nach ihrer Art. F\u00fcr die verschiedenen Arten von Arbeitsb\u00fchnen, z. B. feststehende, h\u00e4ngende, frei bewegliche oder gemastete, ben\u00f6tigt die Person, die das jeweilige Ger\u00e4t bedient, m\u00f6glicherweise eine Genehmigung eines bestimmten Typs. Die Erlaubnis zum F\u00fchren mobiler Arbeitsb\u00fchnen kann in einem professionellen Schulungszentrum erworben werden, das seinen Kunden einen speziellen Kurs und die M\u00f6glichkeit bietet, die UDT-Pr\u00fcfung abzulegen. Unser OSO Brand organisiert Ausbildungskurse zur Vorbereitung auf die Pr\u00fcfung zum Bediener und Instandhalter von mobilen Arbeitsb\u00fchnen.\u00a0<\/p>\n\n\n\n<h2 class=\"wp-block-heading\"><strong>Wie bilden wir in CSOs aus?<\/strong>\u00a0<\/h2>\n\n\n\n<p>Bei OSO sind unsere Ausbilder stets bereit, den Kunden ein H\u00f6chstma\u00df an Bildung zu bieten. Unsere Marke ist bereits seit vielen Jahren auf dem Markt. Hunderte von zufriedenen Menschen wurden bereits in unseren Einrichtungen geschult. Wir bieten eine breite Palette verschiedener Kurse f\u00fcr technische Schulungen an, darunter auch f\u00fcr mobile Plattformen. Seit vielen Jahren bieten wir unseren Kunden einen zufrieden stellenden Service auf h\u00f6chstem Niveau.\u00a0<\/p>\n\n\n\n<figure class=\"wp-block-video\"><video controls poster=\"https:\/\/szkolenia-udt.pl\/wp-content\/uploads\/2023\/03\/okladka-podnosnik-OSO.jpg\" src=\"https:\/\/szkolenia-udt.pl\/wp-content\/uploads\/2023\/03\/podnosnik-SZKOLENIA-UDT.PL-OSO.mp4\"><\/video><\/figure>\n\n\n\n<h2 class=\"wp-block-heading\"><strong>Formale Anforderungen<\/strong><\/h2>\n\n\n\n<p>Um an dem von OSO angebotenen Kurs \u00fcber mobile Plattformen teilnehmen zu k\u00f6nnen, m\u00fcssen einige einfache Bedingungen erf\u00fcllt werden:&nbsp;<\/p>\n\n\n\n<ul class=\"wp-block-list\">\n<li>mindestens 18 Jahre alt sein;&nbsp;<\/li>\n\n\n\n<li>mindestens \u00fcber eine Grundschulbildung verf\u00fcgen;&nbsp;<\/li>\n\n\n\n<li>im Besitz einer \u00e4rztlichen Bescheinigung sein, aus der hervorgeht, dass es keine medizinischen Gegenanzeigen f\u00fcr die Arbeit mit der mobilen Plattform gibt.&nbsp;<\/li>\n<\/ul>\n\n\n\n<p>Jeder, der die oben genannten Voraussetzungen erf\u00fcllt, kann an unseren Kursen teilnehmen.\u00a0\u00a0<\/p>\n\n\n\n<h2 class=\"wp-block-heading\"><strong>Anmeldung zur Schulung<\/strong>&nbsp;<\/h2>\n\n\n<div class=\"wp-block-image\">\n<figure class=\"alignleft size-large is-resized\"><a href=\"https:\/\/szkolenia-udt.pl\/wp-content\/uploads\/2022\/05\/operatorzy.edu_.pl-0013-587-gs4047.jpg\"><img loading=\"lazy\" decoding=\"async\" src=\"https:\/\/szkolenia-udt.pl\/wp-content\/uploads\/2022\/05\/operatorzy.edu_.pl-0013-587-gs4047-1024x682.jpg\" alt=\"Mitarbeiter, der eine Scherenb\u00fchne bedient\" class=\"wp-image-2797\" width=\"512\" height=\"341\" srcset=\"https:\/\/szkolenia-udt.pl\/wp-content\/uploads\/2022\/05\/operatorzy.edu_.pl-0013-587-gs4047-1024x682.jpg 1024w, https:\/\/szkolenia-udt.pl\/wp-content\/uploads\/2022\/05\/operatorzy.edu_.pl-0013-587-gs4047-300x200.jpg 300w, https:\/\/szkolenia-udt.pl\/wp-content\/uploads\/2022\/05\/operatorzy.edu_.pl-0013-587-gs4047-768x512.jpg 768w, https:\/\/szkolenia-udt.pl\/wp-content\/uploads\/2022\/05\/operatorzy.edu_.pl-0013-587-gs4047-1536x1024.jpg 1536w, https:\/\/szkolenia-udt.pl\/wp-content\/uploads\/2022\/05\/operatorzy.edu_.pl-0013-587-gs4047.jpg 2000w\" sizes=\"auto, (max-width: 512px) 100vw, 512px\" \/><\/a><\/figure>\n<\/div>\n\n\n<p>Um sich oder Ihre Gruppe zu abonnieren <a href=\"https:\/\/szkolenia-udt.pl\/de\/kursy\/\">unsere Ausbildungskurse<\/a>Am besten wenden Sie sich an unsere Berater. Sie sind bereit, alle notwendigen Informationen zu liefern und f\u00fcr jeden Kunden ein attraktives Angebot zu erstellen.  Wir ermutigen Sie zu pr\u00fcfen <a href=\"https:\/\/szkolenia-udt.pl\/de\/oferta\/\">Unser Angebot<\/a> auf der Website. Wir bem\u00fchen uns darum, dass unsere Bildungsprojekte durch eine hohe Qualit\u00e4t der Bildung gekennzeichnet sind.\u00a0 \u00a0<\/p>\n\n\n\n<h2 class=\"wp-block-heading\"><strong>Wie l\u00e4uft der Kurs?<\/strong>&nbsp;<\/h2>\n\n\n\n<p>Die Marke OSO bietet Schulungen f\u00fcr mobile Plattformen in beiden Kategorien an. <a href=\"https:\/\/szkolenia-udt.pl\/de\/kursy\/podesty-ruchome\/\">Kurse f\u00fcr mobile Plattformen<\/a> besteht aus zwei Teilen: Theorie und Praxis. Der theoretische Teil dient dazu, dem Auszubildenden grundlegende Informationen \u00fcber Ger\u00e4te wie z. B. mobile Arbeitsb\u00fchnen zu vermitteln, d. h. der Auszubildende lernt:\u00a0<\/p>\n\n\n\n<ul class=\"wp-block-list\">\n<li>Typen und Bauweise der mobilen Plattform,&nbsp;<\/li>\n\n\n\n<li>Bedienungs- und Wartungsaufgaben am Arbeitsplatz (vor, w\u00e4hrend und nach der Arbeit),&nbsp;<\/li>\n\n\n\n<li>Kenntnisse \u00fcber die technische \u00dcberwachung der Ger\u00e4te,&nbsp;<\/li>\n\n\n\n<li>Gesundheits- und Sicherheitsvorschriften f\u00fcr die Arbeit mit einer mobilen Arbeitsb\u00fchne.&nbsp;<\/li>\n<\/ul>\n\n\n\n<p>Der Kurs f\u00fcr mobile Plattformen umfasst neben dem theoretischen Teil auch eine praktische Ausbildung. Der theoretische Unterricht kann in einem unserer Zentren, an einem geeigneten, vom Kunden bestimmten Ort oder online auf unserer E-Learning-Plattform stattfinden. Die praktische Ausbildung f\u00fcr mobile Arbeitsb\u00fchnen findet in unseren Zentren statt, die mit den erforderlichen Ausbildungsger\u00e4ten ausgestattet sind. Unser Hauptsitz befindet sich in Warschau, aber wir bieten Schulungen im ganzen Land an. F\u00fcr gr\u00f6\u00dfere organisierte Gruppen sind unsere Ausbilder in der Lage, zu dem mit dem Kunden vereinbarten Ort zu reisen.<strong>\u00a0<\/strong>\u00a0\u00a0<\/p>\n\n\n\n<div class=\"filmw\">\n<div class=\"responsive-youtube\"><iframe loading=\"lazy\" title=\"YouTube-Video-Player\" src=\"https:\/\/www.youtube.com\/embed\/OUKdY5V51M4\" width=\"560\" height=\"315\" frameborder=\"0\" allowfullscreen=\"allowfullscreen\"><\/iframe><\/div>\n<\/div>\n\n\n\n<h2 class=\"wp-block-heading\"><strong>UDT-Qualifikationen<\/strong>&nbsp;<\/h2>\n\n\n\n<p>Die Ausbildung f\u00fcr mobile Arbeitsb\u00fchnen schlie\u00dft mit einer Pr\u00fcfung vor der UDT-Kommission ab. Mit dem Bestehen der Pr\u00fcfung erhalten Sie eine Lizenz f\u00fcr den Betrieb oder die Wartung mobiler Arbeitsb\u00fchnen. Diejenigen, die den Kurs mit einer bestandenen Pr\u00fcfung abschlie\u00dfen, erhalten einen Bef\u00e4higungsnachweis. Wenn Sie im Ausland arbeiten, ben\u00f6tigen Sie m\u00f6glicherweise eine Bescheinigung in Form eines Fotos. Die Marke OSO bietet unseren Kunden die Ausstellung eines solchen Diploms an.\u00a0\u00a0<\/p>\n\n\n\n<h2 class=\"wp-block-heading\"><strong>Besonderheiten der mobilen Plattformen<\/strong>&nbsp;<\/h2>\n\n\n<div class=\"wp-block-image\">\n<figure class=\"aligncenter size-large is-resized\"><a href=\"https:\/\/szkolenia-udt.pl\/wp-content\/uploads\/2022\/05\/4.Promax_Landingpage.jpg\"><img loading=\"lazy\" decoding=\"async\" src=\"https:\/\/szkolenia-udt.pl\/wp-content\/uploads\/2022\/05\/4.Promax_Landingpage-1024x365.jpg\" alt=\"Hubarbeitsb\u00fchnen mit Bedienpersonal\" class=\"wp-image-2794\" width=\"1024\" height=\"365\" srcset=\"https:\/\/szkolenia-udt.pl\/wp-content\/uploads\/2022\/05\/4.Promax_Landingpage-1024x365.jpg 1024w, https:\/\/szkolenia-udt.pl\/wp-content\/uploads\/2022\/05\/4.Promax_Landingpage-300x107.jpg 300w, https:\/\/szkolenia-udt.pl\/wp-content\/uploads\/2022\/05\/4.Promax_Landingpage-768x274.jpg 768w, https:\/\/szkolenia-udt.pl\/wp-content\/uploads\/2022\/05\/4.Promax_Landingpage-1536x548.jpg 1536w, https:\/\/szkolenia-udt.pl\/wp-content\/uploads\/2022\/05\/4.Promax_Landingpage.jpg 1900w\" sizes=\"auto, (max-width: 1024px) 100vw, 1024px\" \/><\/a><\/figure>\n<\/div>\n\n\n<p>Mobile Arbeitsb\u00fchnen erm\u00f6glichen es, viele hochgelegene Orte zu erreichen, insbesondere dort, wo es physisch unm\u00f6glich ist, ein Ger\u00fcst zu errichten. Sie bestehen aus einem Aufbau, einem Hebekran und einer Arbeitsb\u00fchne. Der am Aufbau montierte Kran hebt die Arbeitsb\u00fchne auf die gew\u00fcnschte H\u00f6he. Es gibt verschiedene Arten von mobilen Arbeitsb\u00fchnen. Sie unterscheiden sich je nachdem, f\u00fcr welche Arbeiten sie ben\u00f6tigt werden und wo sie eingesetzt werden sollen. Dar\u00fcber hinaus k\u00f6nnen sich diese Ger\u00e4te auch in der Art des Antriebs unterscheiden - einige sind komplett station\u00e4r, w\u00e4hrend andere auf der Karosserie eines Fahrzeugs angebracht sind. Je nach Art der Plattform kann die Bewegung entweder vertikal oder \u00fcber den gesamten Bereich, d. h. vertikal und horizontal, erfolgen. Dadurch k\u00f6nnen mobile Arbeitsb\u00fchnen auch schwer zug\u00e4ngliche Stellen erreichen. Dar\u00fcber hinaus spart der Einsatz mobiler Arbeitsb\u00fchnen Zeit und Ressourcen, vor allem dort, wo der Aufbau eines ganzen Ger\u00fcsts zu zeitaufw\u00e4ndig w\u00e4re. Es ist wichtig, daran zu denken, dass mobile Arbeitsb\u00fchnen auch Ger\u00e4te sind, die der technischen \u00dcberwachung unterliegen.\u00a0<\/p>\n\n\n\n<h2 class=\"wp-block-heading\"><strong>Was zeichnet die Marke OSO aus?<\/strong>\u00a0<\/h2>\n\n\n\n<p>Unsere Marke zeichnet sich nicht nur durch einen erstklassigen Service aus, sondern auch durch einen pers\u00f6nlichen Ansatz f\u00fcr jeden Kunden. Privatkunden bieten wir die Teilnahme an unseren regelm\u00e4\u00dfig stattfindenden offenen Kursen an, die f\u00fcr jedermann zug\u00e4nglich sind. F\u00fcr Gesch\u00e4ftskunden oder institutionelle Kunden bietet die Marke OSO g\u00fcnstige Preispakete und Rabatte. Mit unseren Kursen k\u00f6nnen Sie sicher sein, dass Sie oder Ihre Mitarbeiter stets eine qualitativ hochwertige Ausbildung erhalten.\u00a0<\/p>\n\n\n<div class=\"wp-block-image\">\n<figure class=\"aligncenter\"><a href=\"https:\/\/szkolenia-udt.pl\/wp-content\/uploads\/2022\/04\/0013-oso-podesty-ruchome-obsluga.jpg\"><img loading=\"lazy\" decoding=\"async\" width=\"1024\" height=\"853\" src=\"https:\/\/szkolenia-udt.pl\/wp-content\/uploads\/2022\/04\/0013-oso-podesty-ruchome-obsluga-1024x853.jpg\" alt=\"grafische Werbung f\u00fcr die Ausbildung\" class=\"wp-image-2851\" srcset=\"https:\/\/szkolenia-udt.pl\/wp-content\/uploads\/2022\/04\/0013-oso-podesty-ruchome-obsluga-1024x853.jpg 1024w, https:\/\/szkolenia-udt.pl\/wp-content\/uploads\/2022\/04\/0013-oso-podesty-ruchome-obsluga-300x250.jpg 300w, https:\/\/szkolenia-udt.pl\/wp-content\/uploads\/2022\/04\/0013-oso-podesty-ruchome-obsluga-768x640.jpg 768w, https:\/\/szkolenia-udt.pl\/wp-content\/uploads\/2022\/04\/0013-oso-podesty-ruchome-obsluga.jpg 1200w\" sizes=\"auto, (max-width: 1024px) 100vw, 1024px\" \/><\/a><\/figure>\n<\/div>","protected":false},"excerpt":{"rendered":"<p>O kursie Je\u015bli rozwa\u017casz wykonywanie pracy na wysoko\u015bciach lub zlecenie takiej pracy swoim pracownikom, nale\u017cy przede wszystkim pami\u0119ta\u0107 o odpowiednim wyposa\u017ceniu. Do prac na wysoko\u015bci cz\u0119sto stosuje si\u0119 rusztowania. Jednak w przypadku wielu prac, takich jak umieszczanie billboard\u00f3w czy konserwacja linii wysokiego napi\u0119cia, zwyczajne rusztowanie nie b\u0119dzie odpowiednie. W pewnych sytuacjach warto wesprze\u0107 wykonywanie prac [&hellip;]<\/p>\n","protected":false},"author":10,"featured_media":4176,"parent":2266,"menu_order":0,"comment_status":"closed","ping_status":"closed","template":"","meta":{"footnotes":""},"class_list":["post-2793","page","type-page","status-publish","has-post-thumbnail","hentry"],"aioseo_notices":[],"_links":{"self":[{"href":"https:\/\/szkolenia-udt.pl\/de\/wp-json\/wp\/v2\/pages\/2793","targetHints":{"allow":["GET"]}}],"collection":[{"href":"https:\/\/szkolenia-udt.pl\/de\/wp-json\/wp\/v2\/pages"}],"about":[{"href":"https:\/\/szkolenia-udt.pl\/de\/wp-json\/wp\/v2\/types\/page"}],"author":[{"embeddable":true,"href":"https:\/\/szkolenia-udt.pl\/de\/wp-json\/wp\/v2\/users\/10"}],"replies":[{"embeddable":true,"href":"https:\/\/szkolenia-udt.pl\/de\/wp-json\/wp\/v2\/comments?post=2793"}],"version-history":[{"count":14,"href":"https:\/\/szkolenia-udt.pl\/de\/wp-json\/wp\/v2\/pages\/2793\/revisions"}],"predecessor-version":[{"id":4745,"href":"https:\/\/szkolenia-udt.pl\/de\/wp-json\/wp\/v2\/pages\/2793\/revisions\/4745"}],"up":[{"embeddable":true,"href":"https:\/\/szkolenia-udt.pl\/de\/wp-json\/wp\/v2\/pages\/2266"}],"wp:featuredmedia":[{"embeddable":true,"href":"https:\/\/szkolenia-udt.pl\/de\/wp-json\/wp\/v2\/media\/4176"}],"wp:attachment":[{"href":"https:\/\/szkolenia-udt.pl\/de\/wp-json\/wp\/v2\/media?parent=2793"}],"curies":[{"name":"wp","href":"https:\/\/api.w.org\/{rel}","templated":true}]}}