{"id":2820,"date":"2022-05-20T10:12:38","date_gmt":"2022-05-20T08:12:38","guid":{"rendered":"https:\/\/szkolenia-udt.pl\/?page_id=2820"},"modified":"2023-03-25T23:45:06","modified_gmt":"2023-03-25T22:45:06","slug":"gabelstapler-3","status":"publish","type":"page","link":"https:\/\/szkolenia-udt.pl\/de\/kursy\/uprawnienia-udt-tdt-wdt\/wozki-widlowe-oso\/","title":{"rendered":"OSO Staplerfahrerkurs"},"content":{"rendered":"<h2 class=\"wp-block-heading\">\u00dcber Ausbildung in CSOs<\/h2>\n\n\n\n<p>Die von OSO organisierte Schulung befasst sich mit allen Aspekten eines Gabelstaplerfahrers. Egal, ob Sie im Transportgewerbe oder in der Industrie arbeiten und Ihre Qualifikationen verbessern oder sich beruflich v\u00f6llig neu orientieren wollen, unsere Schulung ist genau das Richtige f\u00fcr Sie. Umfassende Kenntnisse und Fertigkeiten im Bereich des Gabelstaplerfahrens k\u00f6nnen durch den Besuch professioneller Schulungen erworben werden, bei denen unsere Dozenten ihr Bestes geben, um die Auszubildenden auf ihre Arbeit vorzubereiten. Seit vielen Jahren geben wir unser Wissen und unsere Erfahrung weiter. Vertrauen Sie uns und das Bestehen der UDT-Pr\u00fcfung wird f\u00fcr Sie nur noch eine Formsache sein!\u00a0<\/p>\n\n\n\n<h2 class=\"has-text-align-center wp-block-heading\"><a href=\"https:\/\/szkolenia-udt.pl\/wp-content\/uploads\/2022\/05\/odk-ergon-008-wozki-widlowe-podnosnikowe-item1-33-w1254.jpg\"><img loading=\"lazy\" decoding=\"async\" class=\"aligncenter wp-image-2823 size-large\" src=\"https:\/\/szkolenia-udt.pl\/wp-content\/uploads\/2022\/05\/odk-ergon-008-wozki-widlowe-podnosnikowe-item1-33-w1254-1024x369.jpg\" alt=\"Gabelstapler transportieren Lasten\" width=\"750\" height=\"270\" srcset=\"https:\/\/szkolenia-udt.pl\/wp-content\/uploads\/2022\/05\/odk-ergon-008-wozki-widlowe-podnosnikowe-item1-33-w1254-1024x369.jpg 1024w, https:\/\/szkolenia-udt.pl\/wp-content\/uploads\/2022\/05\/odk-ergon-008-wozki-widlowe-podnosnikowe-item1-33-w1254-300x108.jpg 300w, https:\/\/szkolenia-udt.pl\/wp-content\/uploads\/2022\/05\/odk-ergon-008-wozki-widlowe-podnosnikowe-item1-33-w1254-768x276.jpg 768w, https:\/\/szkolenia-udt.pl\/wp-content\/uploads\/2022\/05\/odk-ergon-008-wozki-widlowe-podnosnikowe-item1-33-w1254-1536x553.jpg 1536w, https:\/\/szkolenia-udt.pl\/wp-content\/uploads\/2022\/05\/odk-ergon-008-wozki-widlowe-podnosnikowe-item1-33-w1254.jpg 1920w\" sizes=\"auto, (max-width: 750px) 100vw, 750px\" \/><\/a><\/h2>\n\n\n\n<h2 class=\"wp-block-heading\"><strong>Was bieten wir an? - Umfang des Kurses<\/strong>\u00a0<\/h2>\n\n\n\n<p>Der vom CSO angebotene Kurs bietet:&nbsp;<\/p>\n\n\n\n<ul class=\"wp-block-list\">\n<li>Kenntnis der Typen und der Bauart von Gabelstaplern,&nbsp;<\/li>\n\n\n\n<li>Kenntnis der T\u00e4tigkeiten vor und nach dem Betrieb der Anlage,&nbsp;<\/li>\n\n\n\n<li>F\u00e4higkeit zum Man\u00f6vrieren des Gabelstaplers und der bef\u00f6rderten Last,&nbsp;<\/li>\n\n\n\n<li>Kenntnis der Vorschriften f\u00fcr die technische \u00dcberwachung,&nbsp;<\/li>\n\n\n\n<li>Erlernen der Grunds\u00e4tze f\u00fcr den sicheren Austausch von Gasflaschen,&nbsp;<\/li>\n\n\n\n<li>praktische \u00dcbungen mit Ger\u00e4ten.&nbsp;<\/li>\n<\/ul>\n\n\n\n<p>Wenn Sie sich f\u00fcr OSO entscheiden, lernen Sie, wie man einen Gabelstapler richtig bedient, denn unsere Ausbilder verwenden viel Zeit auf praktische \u00dcbungen.&nbsp;<\/p>\n\n\n\n<h2 class=\"wp-block-heading\"><strong>Welche Voraussetzungen m\u00fcssen f\u00fcr die Teilnahme an dem Kurs erf\u00fcllt sein?<\/strong>&nbsp;<\/h2>\n\n\n\n<p>Um sich f\u00fcr einen Gabelstaplerfahrer-Kurs anzumelden, m\u00fcssen Sie die folgenden Voraussetzungen erf\u00fcllen:&nbsp;<\/p>\n\n\n\n<ul class=\"wp-block-list\">\n<li>mindestens 18 Jahre alt sein,&nbsp;<\/li>\n\n\n\n<li>mindestens Grundschulbildung,&nbsp;<\/li>\n\n\n\n<li>keine gesundheitlichen Gegenanzeigen f\u00fcr die Arbeit in dieser Position.&nbsp;<\/li>\n<\/ul>\n\n\n\n<h2 class=\"wp-block-heading\"><strong>Was ist wissenswert \u00fcber Gabelstapler?<\/strong>&nbsp;<\/h2>\n\n\n\n<p>Gabelstapler geh\u00f6ren zur Kategorie der Flurf\u00f6rderzeuge und sind die am h\u00e4ufigsten verwendeten Ger\u00e4te in Lagerh\u00e4usern und auf Baustellen. Sie werden haupts\u00e4chlich in der Industrie, im Transportwesen und in der Lebensmittelbranche eingesetzt. Diese Ger\u00e4te sind unentbehrlich f\u00fcr Arbeiten wie z. B.:&nbsp;<\/p>\n\n\n\n<ul class=\"wp-block-list\">\n<li>Transport mehrerer Lasten gleichzeitig - erm\u00f6glicht den Transport mehrerer Paletten von Ort zu Ort,&nbsp;<\/li>\n\n\n\n<li>Hochregallager - in Lagern, in denen Waren ab einer H\u00f6he von etwa 7 Metern gestapelt werden, werden Fahrzeuge mit ausfahrbaren Masten ben\u00f6tigt,&nbsp;<\/li>\n\n\n\n<li>Transport von Lasten mit ungew\u00f6hnlichen Abmessungen und Formen - Seitenlifte sind f\u00fcr diese Art von Lasten besonders geeignet.&nbsp;<\/li>\n<\/ul>\n\n\n\n<div class=\"filmw\">\n<div class=\"responsive-youtube\"><iframe loading=\"lazy\" title=\"YouTube-Video-Player\" src=\"https:\/\/www.youtube.com\/embed\/lBt7_7QgUVU\" width=\"560\" height=\"315\" frameborder=\"0\" allowfullscreen=\"allowfullscreen\"><\/iframe><\/div>\n<\/div>\n\n\n\n<h2 class=\"wp-block-heading\"><strong>Arten von Gabelstaplern<\/strong>&nbsp;<\/h2>\n\n\n\n<p>Wir unterscheiden zwischen Gabelstaplern:&nbsp;<\/p>\n\n\n\n<ul class=\"trzykolumny wp-block-list\">\n<li>frontal,&nbsp;<\/li>\n\n\n\n<li>Seite,&nbsp;<\/li>\n\n\n\n<li>mit einem Innenmast,&nbsp;<\/li>\n\n\n\n<li>wobei der Bediener zusammen mit der Last angehoben wird,&nbsp;<\/li>\n\n\n\n<li>gated,&nbsp;<\/li>\n\n\n\n<li>teleskopisch,&nbsp;<\/li>\n\n\n\n<li>spezialisiert mit einem variablen Ausleger.&nbsp;<\/li>\n<\/ul>\n\n\n\n<h2 class=\"wp-block-heading\"><strong>Andere Klassifizierung von Gabelstaplern<\/strong>&nbsp;<\/h2>\n\n\n\n<p>Hinsichtlich der Art des Antriebs kann man unterscheiden:&nbsp;<\/p>\n\n\n\n<ul class=\"wp-block-list\">\n<li><strong>Elektrofahrwerke <\/strong>- Dank ihres Batterieantriebs sind sie leise und verursachen nur geringe Abgasemissionen. Der Bediener kann bei seiner Arbeit auf Fahrzeuge mit Bleis\u00e4urebatterie treffen, die nacheinander aufgeladen werden m\u00fcssen, und dabei ist besondere Vorsicht geboten. Es gibt auch neuere Maschinen mit Lithium-Ionen-Batterien, deren gro\u00dfer Vorteil darin besteht, dass kein Risiko besteht, Schwefels\u00e4ure zu versch\u00fctten, so dass die Batterie \u00fcberall im Lager aufgeladen werden kann. Elektrostapler sind extrem aufladbar und wendig, so dass sie auch auf engem Raum eingesetzt werden k\u00f6nnen,\u00a0<\/li>\n\n\n\n<li><strong>dieselbetriebene Lkw<\/strong> - zeichnen sich durch eine gr\u00f6\u00dfere Ausdauer als Elektrofahrzeuge aus, leisten bei mehrst\u00fcndigen Eins\u00e4tzen gute Dienste, werden aber wegen der Abgase haupts\u00e4chlich im Freien eingesetzt,<\/li>\n\n\n\n<li><strong>Fl\u00fcssiggas-Flaschenwagen<\/strong> - Sie werden vor allem im Freien eingesetzt, sind billiger im Betrieb und zudem sehr langlebig, da sie fast im Dauerbetrieb eingesetzt werden k\u00f6nnen - man muss nur den Zylinder wechseln.&nbsp;<\/li>\n<\/ul>\n\n\n<div class=\"wp-block-image\">\n<figure class=\"alignleft size-large is-resized\"><a href=\"https:\/\/szkolenia-udt.pl\/wp-content\/uploads\/2022\/05\/Combilift-\u2013-COMBI-CB-\u2013-Multi-Directional-counterbalance-forklift-\u2013-handling-long-loads-Building-Supply-DIY-Timber-Lumber-Outdoor-1200x800-1.jpg\"><img loading=\"lazy\" decoding=\"async\" src=\"https:\/\/szkolenia-udt.pl\/wp-content\/uploads\/2022\/05\/Combilift-\u2013-COMBI-CB-\u2013-Multi-Directional-counterbalance-forklift-\u2013-handling-long-loads-Building-Supply-DIY-Timber-Lumber-Outdoor-1200x800-1-1024x683.jpg\" alt=\"Der Gabelstapler setzt die Ladung in einer H\u00f6he von\" class=\"wp-image-2821\" width=\"512\" height=\"342\" srcset=\"https:\/\/szkolenia-udt.pl\/wp-content\/uploads\/2022\/05\/Combilift-\u2013-COMBI-CB-\u2013-Multi-Directional-counterbalance-forklift-\u2013-handling-long-loads-Building-Supply-DIY-Timber-Lumber-Outdoor-1200x800-1-1024x683.jpg 1024w, https:\/\/szkolenia-udt.pl\/wp-content\/uploads\/2022\/05\/Combilift-\u2013-COMBI-CB-\u2013-Multi-Directional-counterbalance-forklift-\u2013-handling-long-loads-Building-Supply-DIY-Timber-Lumber-Outdoor-1200x800-1-300x200.jpg 300w, https:\/\/szkolenia-udt.pl\/wp-content\/uploads\/2022\/05\/Combilift-\u2013-COMBI-CB-\u2013-Multi-Directional-counterbalance-forklift-\u2013-handling-long-loads-Building-Supply-DIY-Timber-Lumber-Outdoor-1200x800-1-768x512.jpg 768w, https:\/\/szkolenia-udt.pl\/wp-content\/uploads\/2022\/05\/Combilift-\u2013-COMBI-CB-\u2013-Multi-Directional-counterbalance-forklift-\u2013-handling-long-loads-Building-Supply-DIY-Timber-Lumber-Outdoor-1200x800-1.jpg 1200w\" sizes=\"auto, (max-width: 512px) 100vw, 512px\" \/><\/a><\/figure>\n<\/div>\n\n\n<h2 class=\"wp-block-heading\"><strong>F\u00fchrerschein f\u00fcr Gabelstapler<\/strong>\u00a0<\/h2>\n\n\n\n<p>Gem\u00e4\u00df dem Gesetz \u00fcber die technische \u00dcberwachung und den geltenden Gesundheits- und Sicherheitsvorschriften muss jeder Bediener im Besitz einer vom Amt f\u00fcr technische \u00dcberwachung ausgestellten Lizenz sein, die nur durch eine staatliche Pr\u00fcfung erworben werden kann. Der Gabelstaplerfahrer muss die folgenden Anforderungen erf\u00fcllen:&nbsp;<\/p>\n\n\n\n<ul class=\"wp-block-list\">\n<li>abgeschlossener Gabelstaplerfahrerkurs (Sie ben\u00f6tigen mindestens einen Grundschulabschluss und m\u00fcssen vollj\u00e4hrig sein, um den Kurs zu absolvieren - dies sind auch Pr\u00fcfungsanforderungen),\u00a0<\/li>\n\n\n\n<li>einen Kurs \u00fcber den Wechsel von Gasflaschen, wenn in der Fabrik Fl\u00fcssiggasfahrzeuge eingesetzt werden,&nbsp;<\/li>\n\n\n\n<li>ein \u00e4rztliches Attest, aus dem hervorgeht, dass keine Gegenanzeigen f\u00fcr diese Art von Arbeit vorliegen.&nbsp;<\/li>\n<\/ul>\n\n\n\n<h2 class=\"wp-block-heading\"><strong>Berechtigungskategorien<\/strong>&nbsp;<\/h2>\n\n\n\n<p>Die Berechtigungen werden in Kategorien vergeben:&nbsp;<\/p>\n\n\n\n<ul class=\"wp-block-list\">\n<li><strong>Gabelstapler mit mechanischem Hubmechanismus <\/strong>(mit Ausleger) und <strong>Gabelstapler mit mechanischem Hubmechanismus<\/strong> (mit der M\u00f6glichkeit, den Bediener mit der Last anzuheben),&nbsp;<\/li>\n\n\n\n<li><strong>Gabelstapler mit mechanischem Hubmechanismus<\/strong> (ausgenommen Schubmaststapler und Stapler mit der M\u00f6glichkeit, den Bediener mit dem angehobenen Gut anzuheben).\u00a0<\/li>\n<\/ul>\n\n\n\n<h2 class=\"wp-block-heading\"><strong>Verantwortlichkeiten des Gabelstaplerfahrers<\/strong>&nbsp;<\/h2>\n\n\n\n<p>Gabelstapler sind aus dem effizienten Betrieb eines Lagers, einer Produktionsst\u00e4tte oder eines Bauunternehmens nicht mehr wegzudenken. Die Aufgabe des Staplerfahrers besteht vor allem im effizienten Be- und Entladen von Waren. Der Bediener muss auf den technischen Zustand des Fahrzeugs achten, das er bedient. Er muss auch daran denken, dass er sich nur auf den vom Unternehmen festgelegten Gabelstaplerstrecken bewegt. Manchmal ist die in dieser Position besch\u00e4ftigte Person auch f\u00fcr die Entgegennahme und Kontrolle von Bestellungen, die Kommissionierung usw. zust\u00e4ndig.&nbsp;<\/p>\n\n\n\n<h2 class=\"wp-block-heading\"><strong>Ort der Ausbildung<\/strong>&nbsp;<\/h2>\n\n\n\n<p>Die Schulungen f\u00fcr Gabelstaplerfahrer finden an verschiedenen Orten im ganzen Land statt, auch in Warschau. Wir bieten auch geschlossene Schulungen an, die sich an organisierte Gruppen richten und nach vorheriger Vereinbarung an einem f\u00fcr den Kunden geeigneten Ort stattfinden.&nbsp;<\/p>\n\n\n\n<h2 class=\"wp-block-heading\"><strong>Warum mit CSOs trainieren?<\/strong>&nbsp;<\/h2>\n\n\n<div class=\"wp-block-image\">\n<figure class=\"alignright size-large is-resized\"><a href=\"https:\/\/szkolenia-udt.pl\/wp-content\/uploads\/2022\/05\/liste-amlift-_0.jpg\"><img loading=\"lazy\" decoding=\"async\" src=\"https:\/\/szkolenia-udt.pl\/wp-content\/uploads\/2022\/05\/liste-amlift-_0-1024x768.jpg\" alt=\"Gabelstaplerkurs: Sch\u00fcler und Ausbilder w\u00e4hrend des Unterrichts\" class=\"wp-image-2822\" width=\"512\" height=\"384\" srcset=\"https:\/\/szkolenia-udt.pl\/wp-content\/uploads\/2022\/05\/liste-amlift-_0-1024x768.jpg 1024w, https:\/\/szkolenia-udt.pl\/wp-content\/uploads\/2022\/05\/liste-amlift-_0-300x225.jpg 300w, https:\/\/szkolenia-udt.pl\/wp-content\/uploads\/2022\/05\/liste-amlift-_0-768x576.jpg 768w, https:\/\/szkolenia-udt.pl\/wp-content\/uploads\/2022\/05\/liste-amlift-_0-135x100.jpg 135w, https:\/\/szkolenia-udt.pl\/wp-content\/uploads\/2022\/05\/liste-amlift-_0.jpg 1030w\" sizes=\"auto, (max-width: 512px) 100vw, 512px\" \/><\/a><\/figure>\n<\/div>\n\n\n<p>Mit der von uns organisierten Ausbildung k\u00f6nnen Sie die notwendigen Kenntnisse erwerben, um einen Gabelstapler selbstst\u00e4ndig und sicher zu fahren. Der von uns angebotene Kurs bereitet Sie theoretisch und praktisch auf die Arbeit als Fahrer vor. Bei der Ausbildung legen wir Wert auf eine umfassende Qualifizierung unserer Auszubildenden. Wir verf\u00fcgen \u00fcber langj\u00e4hrige Erfahrung und haben im Laufe unserer T\u00e4tigkeit bereits Tausende von Menschen ausgebildet.\u00a0<\/p>\n\n\n\n<p>Heutzutage verlagern viele Unternehmen ihre Lager aus dem Westen gerade nach Polen, so dass mit einem Anstieg der Nachfrage nach Staplerfahrern zu rechnen ist. Nutzen Sie diese Chance und bewerben Sie sich noch heute bei uns! Wir erf\u00fcllen die Erwartungen unserer Kunden und vermitteln Wissen klar und effektiv.\u00a0\u00a0<\/p>\n\n\n\n<p>Wir ermutigen Sie, unsere Dienste in Anspruch zu nehmen! Andere Schulungen von <a href=\"https:\/\/szkolenia-udt.pl\/de\/oferta\/\">Unser Angebot<\/a> Dazu geh\u00f6ren:&nbsp;<\/p>\n\n\n\n<ul class=\"wp-block-list\">\n<li>Energietraining <a href=\"https:\/\/szkolenia-udt.pl\/de\/kursy\/sep-g1-g2-g3\/g1\/\">G1<\/a>, <a href=\"https:\/\/szkolenia-udt.pl\/de\/kursy\/sep-g1-g2-g3\/g2\/\">G2<\/a>, <a href=\"https:\/\/szkolenia-udt.pl\/de\/kursy\/sep-g1-g2-g3\/g3\/\">G3<\/a>,&nbsp;<\/li>\n\n\n\n<li>Arbeit in der H\u00f6he,&nbsp;<\/li>\n\n\n\n<li>Betrieb von mobilen Plattformen.&nbsp;<\/li>\n<\/ul>\n\n\n<div class=\"wp-block-image\">\n<figure class=\"aligncenter\"><a href=\"https:\/\/szkolenia-udt.pl\/wp-content\/uploads\/2022\/05\/0008-oso-wozki-widlowe-wysokiego-skladowania.jpg\"><img loading=\"lazy\" decoding=\"async\" width=\"1024\" height=\"853\" src=\"https:\/\/szkolenia-udt.pl\/wp-content\/uploads\/2022\/05\/0008-oso-wozki-widlowe-wysokiego-skladowania-1024x853.jpg\" alt=\"grafische Werbung f\u00fcr die Ausbildung\" class=\"wp-image-2868\" srcset=\"https:\/\/szkolenia-udt.pl\/wp-content\/uploads\/2022\/05\/0008-oso-wozki-widlowe-wysokiego-skladowania-1024x853.jpg 1024w, https:\/\/szkolenia-udt.pl\/wp-content\/uploads\/2022\/05\/0008-oso-wozki-widlowe-wysokiego-skladowania-300x250.jpg 300w, https:\/\/szkolenia-udt.pl\/wp-content\/uploads\/2022\/05\/0008-oso-wozki-widlowe-wysokiego-skladowania-768x640.jpg 768w, https:\/\/szkolenia-udt.pl\/wp-content\/uploads\/2022\/05\/0008-oso-wozki-widlowe-wysokiego-skladowania.jpg 1200w\" sizes=\"auto, (max-width: 1024px) 100vw, 1024px\" \/><\/a><\/figure>\n<\/div>","protected":false},"excerpt":{"rendered":"<p>O szkoleniu w OSO Organizowane przez OSO szkolenie po\u015bwi\u0119cone jest wszystkim aspektom pracy operatora w\u00f3zk\u00f3w wid\u0142owych. Zatem zar\u00f3wno, je\u015bli pracujesz w bran\u017cy transportowej lub przemy\u015ble i chcesz podnie\u015b\u0107 swoje kwalifikacje, b\u0105d\u017a te\u017c pragniesz ca\u0142kowicie zmieni\u0107 \u015bcie\u017ck\u0119 swojej kariery zawodowej, nasze szkolenie jest w\u0142a\u015bnie dla Ciebie.\u00a0Kompleksow\u0105 wiedz\u0119 i umiej\u0119tno\u015bci z zakresu poruszania si\u0119 tzw. widlakiem, mo\u017cna [&hellip;]<\/p>\n","protected":false},"author":10,"featured_media":2823,"parent":2266,"menu_order":0,"comment_status":"closed","ping_status":"closed","template":"","meta":{"footnotes":""},"class_list":["post-2820","page","type-page","status-publish","has-post-thumbnail","hentry"],"aioseo_notices":[],"_links":{"self":[{"href":"https:\/\/szkolenia-udt.pl\/de\/wp-json\/wp\/v2\/pages\/2820","targetHints":{"allow":["GET"]}}],"collection":[{"href":"https:\/\/szkolenia-udt.pl\/de\/wp-json\/wp\/v2\/pages"}],"about":[{"href":"https:\/\/szkolenia-udt.pl\/de\/wp-json\/wp\/v2\/types\/page"}],"author":[{"embeddable":true,"href":"https:\/\/szkolenia-udt.pl\/de\/wp-json\/wp\/v2\/users\/10"}],"replies":[{"embeddable":true,"href":"https:\/\/szkolenia-udt.pl\/de\/wp-json\/wp\/v2\/comments?post=2820"}],"version-history":[{"count":10,"href":"https:\/\/szkolenia-udt.pl\/de\/wp-json\/wp\/v2\/pages\/2820\/revisions"}],"predecessor-version":[{"id":4716,"href":"https:\/\/szkolenia-udt.pl\/de\/wp-json\/wp\/v2\/pages\/2820\/revisions\/4716"}],"up":[{"embeddable":true,"href":"https:\/\/szkolenia-udt.pl\/de\/wp-json\/wp\/v2\/pages\/2266"}],"wp:featuredmedia":[{"embeddable":true,"href":"https:\/\/szkolenia-udt.pl\/de\/wp-json\/wp\/v2\/media\/2823"}],"wp:attachment":[{"href":"https:\/\/szkolenia-udt.pl\/de\/wp-json\/wp\/v2\/media?parent=2820"}],"curies":[{"name":"wp","href":"https:\/\/api.w.org\/{rel}","templated":true}]}}