{"id":2958,"date":"2022-06-24T15:42:16","date_gmt":"2022-06-24T13:42:16","guid":{"rendered":"https:\/\/szkolenia-udt.pl\/?page_id=2958"},"modified":"2023-03-19T17:59:56","modified_gmt":"2023-03-19T16:59:56","slug":"riskante-arbeit","status":"publish","type":"page","link":"https:\/\/szkolenia-udt.pl\/de\/kursy\/bhp-ppoz\/ryzykowna-praca\/","title":{"rendered":"Gesundheit und Sicherheit am Arbeitsplatz f\u00fcr Personen, die riskante Arbeiten ausf\u00fchren"},"content":{"rendered":"<h2 class=\"wp-block-heading\">\u00dcber die Ausbildung<\/h2>\n\n\n\n<p>Unser <a href=\"https:\/\/szkolenia-udt.pl\/de\/o-firmie\/\">Schulungszentrum f\u00fcr Bediener<\/a> organisiert einen Kurs zum Thema Gesundheit und Sicherheit am Arbeitsplatz. Die Schulung richtet sich in erster Linie an diejenigen, die besonders gef\u00e4hrliche Arbeiten ausf\u00fchren, die daf\u00fcr erforderliche Dokumentation und die \u00dcberwachung dieser Arbeiten.&nbsp;<\/p>\n\n\n\n<figure class=\"wp-block-image size-large\"><img decoding=\"async\" src=\"https:\/\/szkolenia-udt.pl\/wp-content\/uploads\/2022\/06\/hard-hats-decorative.jpg\" alt=\"Gesundheit und Sicherheit am Arbeitsplatz in gef\u00e4hrdeten Arbeitsbereichen\"\/><\/figure>\n\n\n\n<h2 class=\"wp-block-heading\"><strong>Unsere Schulungen zu Gesundheit und Sicherheit<\/strong>&nbsp;<\/h2>\n\n\n\n<p>Um alle Gesundheits- und Sicherheitsverfahren am Arbeitsplatz umsetzen zu k\u00f6nnen, ist eine spezielle Schulung der Mitarbeiter \u00e4u\u00dferst n\u00fctzlich. In unserem Operator Training Centre lernen Ihre Sch\u00fctzlinge auf einfache Weise alles, was sie \u00fcber die Grunds\u00e4tze der sicheren und hygienischen Entsorgung bei sensiblen Arbeiten wissen m\u00fcssen. Die w\u00e4hrend der Schulung angewandten Methoden sind haupts\u00e4chlich: Vortr\u00e4ge, Pr\u00e4sentationen, praktische \u00dcbungen, Diskussionen und Abschlusstests.&nbsp;<\/p>\n\n\n\n<h2 class=\"wp-block-heading\"><strong>Zweck der Ausbildung<\/strong>&nbsp;<\/h2>\n\n\n\n<p>Ziel des Lehrgangs ist es, die Kenntnisse \u00fcber Fertigkeiten zu vervollst\u00e4ndigen und gleichzeitig die Kenntnisse \u00fcber Sicherheit und Gesundheitsschutz am Arbeitsplatz zu aktualisieren. Dar\u00fcber hinaus lernen die Teilnehmer in unserem Kurs, wie sie besonders gef\u00e4hrliche Arbeiten organisieren, Gefahren erkennen und Ger\u00e4te und Hilfsmittel f\u00fcr besonders gef\u00e4hrliche Arbeiten geschickt einsetzen k\u00f6nnen. Jeder Kursteilnehmer lernt Begriffe aus dem Arbeitsrecht, der aktuellen Gesetzgebung, Unf\u00e4lle und Arbeitsschutzvorschriften kennen.&nbsp;<\/p>\n\n\n\n<p><strong>Zur Liste der anderen Themen in unserem Schulungsprogramm<\/strong><strong>Ego<\/strong><strong> umfassen:<\/strong>&nbsp;<\/p>\n\n\n\n<ul class=\"wp-block-list\">\n<li>den Begriff der besonders gef\u00e4hrlichen Arbeit,&nbsp;<\/li>\n\n\n\n<li>Merkmale und Liste der besonders gef\u00e4hrlichen Arbeiten,&nbsp;<\/li>\n\n\n\n<li>Arbeit mit erh\u00f6hten Risiken,&nbsp;<\/li>\n\n\n\n<li>Dokumentation der gef\u00e4hrdeten Arbeiten (Art, Form und Inhalt der Dokumente),&nbsp;<\/li>\n\n\n\n<li>Unternehmensliste der gef\u00e4hrlichen Arbeiten,&nbsp;<\/li>\n\n\n\n<li>Schulung der Menschen in Sachen Brandschutz,&nbsp;<\/li>\n\n\n\n<li>die Pflichten des Arbeitgebers (z. B. Unterweisung der Arbeitnehmer, Sicherheitsma\u00dfnahmen, regelm\u00e4\u00dfige Schulungen, Erf\u00fcllung der Pflichten),&nbsp;<\/li>\n\n\n\n<li>Gesundheits- und Sicherheitsvorschriften, einschlie\u00dflich besonders gef\u00e4hrlicher Arbeiten,&nbsp;<\/li>\n\n\n\n<li>Gef\u00e4hrdungen durch Faktoren, die bei sensiblen Arbeiten auftreten,&nbsp;<\/li>\n\n\n\n<li>gef\u00e4hrliche Arbeiten und Leiharbeitnehmer,&nbsp;<\/li>\n\n\n\n<li>Versto\u00df gegen die Rechtsvorschriften,&nbsp;<\/li>\n\n\n\n<li>Verwendung von pers\u00f6nlicher Schutzausr\u00fcstung,&nbsp;<\/li>\n\n\n\n<li>Beispiele f\u00fcr Umst\u00e4nde und Ursachen von Unf\u00e4llen und die Anwendung von Pr\u00e4ventivma\u00dfnahmen,&nbsp;<\/li>\n\n\n\n<li>Grunds\u00e4tze der Ersten Hilfe f\u00fcr Verletzte und des Unfallmanagements.&nbsp;<\/li>\n<\/ul>\n\n\n\n<h2 class=\"wp-block-heading\"><strong>St\u00e4rken der Kursteilnahme<\/strong>&nbsp;<\/h2>\n\n\n\n<p>Die Ausbildung wird Ihnen unter anderem folgende Vorteile bringen&nbsp;<\/p>\n\n\n\n<ul class=\"wp-block-list\">\n<li>wertvolle Kenntnisse \u00fcber die Sicherheit bei der Ausf\u00fchrung besonders gef\u00e4hrlicher Arbeiten zu erhalten,&nbsp;<\/li>\n\n\n\n<li>Sensibilisierung der F\u00fchrungskr\u00e4fte f\u00fcr die Bedeutung der Verantwortung f\u00fcr die Arbeitnehmer im Zusammenhang mit der Arbeit unter gef\u00e4hrlichen Bedingungen,&nbsp;<\/li>\n\n\n\n<li>Erhalt wertvoller Musterdokumente zur Unterst\u00fctzung bei der Vorbereitung der Dokumentation,&nbsp;<\/li>\n\n\n\n<li>die Beseitigung von Gefahrenquellen bei der Durchf\u00fchrung von besonders gef\u00e4hrlichen Arbeiten,&nbsp;<\/li>\n\n\n\n<li>Kenntnisse dar\u00fcber, wie die Zeit, die f\u00fcr besonders gef\u00e4hrliche Arbeiten aufgewendet wird, sicher reduziert werden kann,&nbsp;<\/li>\n\n\n\n<li>Wissen dar\u00fcber, wie Unf\u00e4lle (t\u00f6dliche, kollektive und schwere) reduziert werden sollten,&nbsp;<\/li>\n\n\n\n<li>Kenntnisse dar\u00fcber, wie das Leben und die Gesundheit der Arbeitnehmer bei der Arbeit gesch\u00fctzt werden k\u00f6nnen.&nbsp;<\/li>\n<\/ul>\n\n\n\n<h2 class=\"wp-block-heading\"><strong>Anforderungen<\/strong><strong> von Studenten<\/strong><strong><\/strong>&nbsp;<\/h2>\n\n\n\n<p>Um sich f\u00fcr den Kurs anzumelden, sollten Sie:&nbsp;&nbsp;<\/p>\n\n\n\n<ul class=\"wp-block-list\">\n<li>vollj\u00e4hrig sein,&nbsp;<\/li>\n\n\n\n<li>\u00fcber ein Gesundheitszeugnis verf\u00fcgen,<\/li>\n\n\n\n<li>mindestens \u00fcber eine Grundschulbildung verf\u00fcgen.&nbsp;<\/li>\n<\/ul>\n\n\n\n<h2 class=\"wp-block-heading\"><strong>Grunds\u00e4tze f\u00fcr sicheres Arbeiten<\/strong>&nbsp;<\/h2>\n\n\n\n<p>Bei der Aufstellung von Regeln f\u00fcr die sichere Durchf\u00fchrung gef\u00e4hrdeter Arbeiten k\u00f6nnen wir sie in vier Gruppen einteilen.&nbsp;<\/p>\n\n\n\n<ul class=\"wp-block-list\">\n<li>Der erste Schritt besteht darin, die Arbeiten zu ermitteln, die ein Risiko f\u00fcr die Arbeitnehmer darstellen k\u00f6nnen.&nbsp;<\/li>\n\n\n\n<li>Die zweite Stufe ist die detaillierte Formulierung von Strategien und Verfahren.&nbsp;<\/li>\n\n\n\n<li>Der n\u00e4chste und wahrscheinlich wichtigste Teil ist die Kommunikation der Ergebnisse an die Mitarbeiter&nbsp;<\/li>\n\n\n\n<li>In der letzten Phase wird kontrolliert, ob die Vorschriften in Kraft getreten sind und am Arbeitsplatz befolgt werden.&nbsp;<\/li>\n<\/ul>\n\n\n\n<h2 class=\"wp-block-heading\"><strong>Pflichten des Arbeitgebers<\/strong>&nbsp;<\/h2>\n\n\n\n<p>Jeder Arbeitgeber ist verpflichtet, st\u00e4ndig alle Unannehmlichkeiten zu beobachten und zu beseitigen und daf\u00fcr zu sorgen, dass die Gesundheits- und Sicherheitsvorschriften am Arbeitsplatz eingehalten werden. Er muss sein Personal regelm\u00e4\u00dfig in den Gesundheits- und Sicherheitsvorschriften schulen und die Rechte von schwangeren Frauen und jungen Arbeitnehmern beachten.\u00a0<\/p>\n\n\n\n<figure class=\"wp-block-image size-large\"><img decoding=\"async\" src=\"https:\/\/szkolenia-udt.pl\/wp-content\/uploads\/2022\/06\/sdcsdc.jpg\" alt=\"Lehrkraft im Gespr\u00e4ch mit einem Sch\u00fcler\"\/><\/figure>\n\n\n\n<h2 class=\"wp-block-heading\"><strong>Sicherheit am Arbeitsplatz - Anforderungen<\/strong>&nbsp;<\/h2>\n\n\n\n<p>Gesetzliche Regelungen bedingen die Grunds\u00e4tze der sicheren Arbeitsbedingungen. Das Arbeitsgesetzbuch behandelt sowohl fortschrittliche Ma\u00dfnahmen als auch scheinbar unbedeutende Aspekte. Die Gew\u00e4hrleistung v\u00f6llig optimaler Arbeitsbedingungen besteht aus einer Reihe von Schl\u00fcsselfaktoren, angefangen bei unbedeutenden Elementen wie augenfreundlichen Bildschirmen, der Bereitstellung angemessener Beleuchtung, der Gestaltung von Computerschreibtischen und optimalen ergonomischen St\u00fchlen bis hin zu schwerwiegenderen Aspekten wie der Bereitstellung wirksamer Brandschutzl\u00f6sungen, Schutz- oder Arbeitskleidung, der \u00dcberpr\u00fcfung des technischen Zustands von Ger\u00e4ten und der speziellen Ausstattung von R\u00e4umlichkeiten, einschlie\u00dflich Erste-Hilfe-K\u00e4sten. Alle beschriebenen Normen werden gleichberechtigt behandelt und in gleichem Ma\u00dfe umgesetzt. Dies ist auf das Bestreben zur\u00fcckzuf\u00fchren, sichere und hygienische R\u00e4umlichkeiten zu gew\u00e4hrleisten.&nbsp;<\/p>\n\n\n\n<h2 class=\"wp-block-heading\"><strong>\u00dcber uns<\/strong>&nbsp;<\/h2>\n\n\n\n<p>Das Hauptziel unseres Unternehmens ist es, unseren Kunden Schulungsdienstleistungen auf h\u00f6chstem Niveau zu bieten. Qualifizierte Methodiker und der Rest unseres Personals mit langj\u00e4hriger Schulungserfahrung gew\u00e4hrleisten die Qualit\u00e4t der Schulungen und die h\u00f6chstm\u00f6gliche Zufriedenheit in allen unseren Einrichtungen.&nbsp;<\/p>\n\n\n\n<h2 class=\"wp-block-heading\"><strong>Kursort und Preis<\/strong>&nbsp;<\/h2>\n\n\n\n<p>Die Kurse finden in unseren Niederlassungen im ganzen Land statt, aber wir organisieren auch geschlossene Kurse f\u00fcr organisierte Gruppen mit Anreise zum Kunden. Wir bieten Kurse zu sehr wettbewerbsf\u00e4higen Preisen an. Bitte rufen Sie unseren Kundendienst an, um die Kosten zu vereinbaren.&nbsp;<\/p>\n\n\n\n<figure class=\"wp-block-image size-large\"><img decoding=\"async\" src=\"https:\/\/szkolenia-udt.pl\/wp-content\/uploads\/2022\/06\/0084-oso.edu_.pl_.jpg\" alt=\"Grafiken zur Werbung f\u00fcr Gesundheits- und Sicherheitsschulungen\"\/><\/figure>","protected":false},"excerpt":{"rendered":"<p>O szkoleniu Nasz O\u015brodek Szkolenia Operator\u00f3w organizuje kurs skupiony na tematyce Bezpiecze\u0144stwa i Higieny Pracy. Szkolenie kierowane jest przede wszystkim do os\u00f3b wykonuj\u0105cych szczeg\u00f3lnie niebezpieczne prace, niezb\u0119dn\u0105 dokumentacj\u0119 w ich zakresie oraz nadz\u00f3r nad nimi.&nbsp; Nasze szkolenia z zakresu BHP&nbsp; Aby m\u00f3c wdr\u0105\u017cy\u0107 do pracy wszelkie procedury BHP, niezwykle przydatne s\u0105 specjalistyczne szkolenia dla pracownik\u00f3w. [&hellip;]<\/p>\n","protected":false},"author":10,"featured_media":2952,"parent":2739,"menu_order":0,"comment_status":"closed","ping_status":"closed","template":"","meta":{"footnotes":""},"class_list":["post-2958","page","type-page","status-publish","has-post-thumbnail","hentry"],"aioseo_notices":[],"_links":{"self":[{"href":"https:\/\/szkolenia-udt.pl\/de\/wp-json\/wp\/v2\/pages\/2958","targetHints":{"allow":["GET"]}}],"collection":[{"href":"https:\/\/szkolenia-udt.pl\/de\/wp-json\/wp\/v2\/pages"}],"about":[{"href":"https:\/\/szkolenia-udt.pl\/de\/wp-json\/wp\/v2\/types\/page"}],"author":[{"embeddable":true,"href":"https:\/\/szkolenia-udt.pl\/de\/wp-json\/wp\/v2\/users\/10"}],"replies":[{"embeddable":true,"href":"https:\/\/szkolenia-udt.pl\/de\/wp-json\/wp\/v2\/comments?post=2958"}],"version-history":[{"count":6,"href":"https:\/\/szkolenia-udt.pl\/de\/wp-json\/wp\/v2\/pages\/2958\/revisions"}],"predecessor-version":[{"id":4598,"href":"https:\/\/szkolenia-udt.pl\/de\/wp-json\/wp\/v2\/pages\/2958\/revisions\/4598"}],"up":[{"embeddable":true,"href":"https:\/\/szkolenia-udt.pl\/de\/wp-json\/wp\/v2\/pages\/2739"}],"wp:featuredmedia":[{"embeddable":true,"href":"https:\/\/szkolenia-udt.pl\/de\/wp-json\/wp\/v2\/media\/2952"}],"wp:attachment":[{"href":"https:\/\/szkolenia-udt.pl\/de\/wp-json\/wp\/v2\/media?parent=2958"}],"curies":[{"name":"wp","href":"https:\/\/api.w.org\/{rel}","templated":true}]}}