{"id":2963,"date":"2022-06-27T12:58:06","date_gmt":"2022-06-27T10:58:06","guid":{"rendered":"https:\/\/szkolenia-udt.pl\/?page_id=2963"},"modified":"2026-05-06T15:13:46","modified_gmt":"2026-05-06T13:13:46","slug":"baumaschinen","status":"publish","type":"page","link":"https:\/\/szkolenia-udt.pl\/de\/kursy\/uprawnienia-udt-tdt-wdt\/maszyny-budowlane\/","title":{"rendered":"SPA - Kurs f\u00fcr Baumaschinenf\u00fchrer"},"content":{"rendered":"<div class=\"wp-block-image\">\n<figure class=\"alignleft size-large is-resized\"><a href=\"https:\/\/szkolenia-udt.pl\/wp-content\/uploads\/2022\/06\/p.jpg\"><img loading=\"lazy\" decoding=\"async\" width=\"1024\" height=\"684\" src=\"https:\/\/szkolenia-udt.pl\/wp-content\/uploads\/2022\/06\/p-1024x684.jpg\" alt=\"Schulung zu Baumaschinendaten\" class=\"wp-image-2967\" style=\"width:512px;height:342px\" srcset=\"https:\/\/szkolenia-udt.pl\/wp-content\/uploads\/2022\/06\/p-1024x684.jpg 1024w, https:\/\/szkolenia-udt.pl\/wp-content\/uploads\/2022\/06\/p-300x200.jpg 300w, https:\/\/szkolenia-udt.pl\/wp-content\/uploads\/2022\/06\/p-768x513.jpg 768w, https:\/\/szkolenia-udt.pl\/wp-content\/uploads\/2022\/06\/p.jpg 1200w\" sizes=\"auto, (max-width: 1024px) 100vw, 1024px\" \/><\/a><\/figure>\n<\/div>\n\n\n<h2 class=\"wp-block-heading\">\u00dcber die Ausbildung<\/h2>\n\n\n\n<p>Im Baugewerbe k\u00f6nnen wir mit einer stabilen Besch\u00e4ftigung und sehr guter Bezahlung rechnen. Die Arbeit auf einer Baustelle ist jedoch eine der schwersten und schwierigsten Arbeiten in Bezug auf die k\u00f6rperliche Verfassung, aber auch in Bezug auf die Wetterbedingungen. Daher ist es sehr wichtig, die richtigen Qualifikationen und die erforderlichen F\u00e4higkeiten zu besitzen, um sicherzustellen, dass die Arbeiter sichere Arbeitsbedingungen aufrechterhalten.&nbsp;<\/p>\n\n\n\n<h2 class=\"wp-block-heading\"><strong>Voraussetzungen f\u00fcr die Einschreibung in das Programm<\/strong> <strong>Kurs<\/strong>&nbsp;<\/h2>\n\n\n\n<p>Um an der Schulung teilzunehmen, m\u00fcssen Sie:&nbsp;&nbsp;<\/p>\n\n\n\n<ul class=\"wp-block-list\">\n<li>mindestens einen Grundschulabschluss haben,&nbsp;&nbsp;<\/li>\n\n\n\n<li>vollj\u00e4hrig sein,&nbsp;<\/li>\n\n\n\n<li>im Besitz einer \u00e4rztlichen Bescheinigung sein, aus der hervorgeht, dass keine gesundheitlichen Hindernisse f\u00fcr die Arbeit als Bediener einer Stra\u00dfenwalze, eines Baggers oder einer anderen Baumaschine bestehen.&nbsp;<\/li>\n<\/ul>\n\n\n\n<h2 class=\"wp-block-heading\"><strong>Kurs und Pr\u00fcfung<\/strong>&nbsp;<\/h2>\n\n\n\n<p>Realizujemy szkolenia o charakterze zamkni\u0119tym (dla grup zorganizowanych), a tak\u017ce otwartym (dla klient\u00f3w indywidualnych). Zaj\u0119cia w naszym O\u015brodku Szkolenia Operator\u00f3w prowadz\u0105 do\u015bwiadczeni instruktorzy i wykonawcy. Kursy ko\u0144cz\u0105 si\u0119 egzaminem pa\u0144stwowym sk\u0142adaj\u0105cym si\u0119 z dw\u00f3ch cz\u0119\u015bci. Pierwszym z nich jest egzamin teoretyczny, a drugim praktyczny. Po zdanym egzaminie WIT otrzymuje si\u0119 \u015bwiadectwo uko\u0144czenia kursu, a tak\u017ce uprawnienia pa\u0144stwowe do wykonywania zawodu na wybranym stanowisku i wpis w ksi\u0105\u017ceczce operatora.\u00a0<\/p>\n\n\n\n<h2 class=\"wp-block-heading\"><strong>Ausbildung zum Baggerf\u00fchrer der Gruppe III<\/strong>&nbsp;<\/h2>\n\n\n\n<h3 class=\"wp-block-heading\"><strong>Arten von Genehmigungen f\u00fcr Bagger<\/strong>&nbsp;<\/h3>\n\n\n\n<figure class=\"wp-block-table\"><table><tbody><tr><td><strong>Klasse III<\/strong>&nbsp;<\/td><td>Die Qualifikation der Gruppe III erlaubt die Arbeit mit Einkopfbaggern bis zu 25 Tonnen.&nbsp;<\/td><\/tr><tr><td><strong>Klasse I<\/strong>&nbsp;<\/td><td>Der F\u00fchrerschein der Gruppe I berechtigt Sie zur Arbeit mit Einkopfbaggern ab 25 Tonnen.&nbsp;<\/td><\/tr><\/tbody><\/table><\/figure>\n\n\n<div class=\"wp-block-image\">\n<figure class=\"alignright size-full is-resized\"><a href=\"https:\/\/szkolenia-udt.pl\/wp-content\/uploads\/2022\/06\/operatorzy.edu_.pl-jcb-15c-1-1-5t-mini-excavator79ea9367.jpg\"><img loading=\"lazy\" decoding=\"async\" width=\"1024\" height=\"768\" src=\"https:\/\/szkolenia-udt.pl\/wp-content\/uploads\/2022\/06\/operatorzy.edu_.pl-jcb-15c-1-1-5t-mini-excavator79ea9367.jpg\" alt=\"Bagger im Einsatz\" class=\"wp-image-2966\" style=\"width:469px;height:352px\" srcset=\"https:\/\/szkolenia-udt.pl\/wp-content\/uploads\/2022\/06\/operatorzy.edu_.pl-jcb-15c-1-1-5t-mini-excavator79ea9367.jpg 1024w, https:\/\/szkolenia-udt.pl\/wp-content\/uploads\/2022\/06\/operatorzy.edu_.pl-jcb-15c-1-1-5t-mini-excavator79ea9367-300x225.jpg 300w, https:\/\/szkolenia-udt.pl\/wp-content\/uploads\/2022\/06\/operatorzy.edu_.pl-jcb-15c-1-1-5t-mini-excavator79ea9367-768x576.jpg 768w, https:\/\/szkolenia-udt.pl\/wp-content\/uploads\/2022\/06\/operatorzy.edu_.pl-jcb-15c-1-1-5t-mini-excavator79ea9367-135x100.jpg 135w\" sizes=\"auto, (max-width: 1024px) 100vw, 1024px\" \/><\/a><\/figure>\n<\/div>\n\n\n<h3 class=\"wp-block-heading\"><strong>Umfang und Zweck der Ausbildung f\u00fcr Einkopfbagger der Klassen I und III<\/strong>&nbsp;<\/h3>\n\n\n\n<p>Aby uzyska\u0107 odpowiednie kwalifikacje, nale\u017cy najpierw posiada\u0107 uprawnienia w klasie III, a dopiero p\u00f3\u017aniej z I. Przepisy umo\u017cliwiaj\u0105 jednak zdobycie jednocze\u015bnie uprawnie\u0144 z grupy III i I.\u00a0Celem kursu jest przygotowanie uczestnik\u00f3w do uzyskania kwalifikacji niezb\u0119dnych do prawid\u0142owego wykonywania zawodu operatora koparki w zakresie grupy III oraz jak najlepsze wyszkolenie ich do egzaminu WIT zdawanego przed komisj\u0105 egzaminacyjn\u0105.\u00a0<\/p>\n\n\n\n<h3 class=\"wp-block-heading\"><strong>Kompetenzen, die wir im Rahmen der Ausbildung erwerben k\u00f6nnen<\/strong>&nbsp;<\/h3>\n\n\n\n<p>Durch die Teilnahme an unserem Kurs werden die Teilnehmer in erster Linie gewinnen:&nbsp;<\/p>\n\n\n\n<ul class=\"wp-block-list\">\n<li>Kenntnisse \u00fcber moderne Baumaschinen,&nbsp;<\/li>\n\n\n\n<li>F\u00e4higkeiten im Umgang mit technologischen und technischen Unterlagen,&nbsp;<\/li>\n\n\n\n<li>Informationen \u00fcber den Brandschutz und die Gesundheits- und Sicherheitsvorschriften und -regeln,&nbsp;<\/li>\n\n\n\n<li>die F\u00e4higkeit, die ausgef\u00fchrten Arbeiten zu kontrollieren,&nbsp;<\/li>\n\n\n\n<li>Organisation der Arbeit mit einem Bagger bei verschiedenen Wetterbedingungen,&nbsp;<\/li>\n\n\n\n<li>F\u00e4higkeit, mit Baggern zu arbeiten und diese zu bedienen,&nbsp;<\/li>\n\n\n\n<li>przygotowanie do egzaminu WIT i pracy operatora koparki,\u00a0<\/li>\n\n\n\n<li>Kenntnisse \u00fcber die Wartung und Reparatur von Baggern.&nbsp;<\/li>\n<\/ul>\n\n\n\n<h2 class=\"wp-block-heading\"><strong>Kurs f\u00fcr Stra\u00dfenwalzenfahrer<\/strong>&nbsp;<\/h2>\n\n\n\n<h3 class=\"wp-block-heading\"><strong>Umfang und Zweck der Schulung f\u00fcr Stra\u00dfenwalzenfahrer<\/strong>&nbsp;<\/h3>\n\n\n\n<p>Program szkolenia obejmuje walce drogowe, czyli ich budow\u0119, obs\u0142ug\u0119 i w\u0142a\u015bciwo\u015bci technologiczne. W sk\u0142ad kursu wchodz\u0105 zaj\u0119cia teoretyczne oraz praktyczne, dotycz\u0105ce BHP oraz prawid\u0142owego u\u017cytkowania i obs\u0142ugi maszyn roboczych.\u00a0Celem szkolenia jest przygotowanie uczestnik\u00f3w do opanowania kwalifikacji niezb\u0119dnych do wykonywania pracy jako operator walc\u00f3w drogowych z zakresu II grupy uprawnie\u0144. Grupa ta obejmuje wszelkie wielko\u015bci i typy walc\u00f3w drogowych.\u00a0Kurs ko\u0144czy si\u0119 egzaminem WIT zdawanym przed komisj\u0105 egzaminacyjn\u0105, przypadku, kt\u00f3rego, je\u015bli kursant zdob\u0119dzie pozytywny wynik, nadawane mu s\u0105 uprawnienia pa\u0144stwowe \u015bwiadcz\u0105ce o zdolno\u015bci wykonywania pracy przy walcach drogowych grupy II oraz wpis w ksi\u0105\u017cce operatora. Po zako\u0144czeniu kursu, uczestnik otrzymuje tak\u017ce dokument potwierdzaj\u0105cy uko\u0144czenie przez niego szkolenia.\u00a0<\/p>\n\n\n\n<h3 class=\"wp-block-heading\"><strong>Kompetenzen, die wir im Rahmen der Ausbildung erwerben k\u00f6nnen<\/strong>&nbsp;<\/h3>\n\n\n\n<p>Durch die Teilnahme an unserem Kurs werden die Teilnehmer in erster Linie gewinnen:&nbsp;<\/p>\n\n\n\n<ul class=\"wp-block-list\">\n<li>Erfahrungen, die durch die aktive Beteiligung an der Reparatur und Wartung von Stra\u00dfenwalzen gewonnen wurden,&nbsp;<\/li>\n\n\n\n<li>die F\u00e4higkeit, die Qualit\u00e4t der geleisteten Arbeit zu kontrollieren,&nbsp;<\/li>\n\n\n\n<li>F\u00e4higkeit, den Arbeitsumfang von Stra\u00dfenwalzen unter verschiedenen Wetter- und Klimabedingungen zu organisieren,&nbsp;<\/li>\n\n\n\n<li>F\u00e4higkeit zur Leitung der Arbeitsorganisation,&nbsp;<\/li>\n\n\n\n<li>F\u00e4higkeit, mit Stra\u00dfenwalzen verschiedener Typen zu arbeiten.&nbsp;<\/li>\n<\/ul>\n\n\n<div class=\"wp-block-image\">\n<figure class=\"alignleft size-large is-resized\"><a href=\"https:\/\/szkolenia-udt.pl\/wp-content\/uploads\/2022\/06\/kurso.eu-077.jpg\"><img loading=\"lazy\" decoding=\"async\" width=\"1024\" height=\"784\" src=\"https:\/\/szkolenia-udt.pl\/wp-content\/uploads\/2022\/06\/kurso.eu-077-1024x784.jpg\" alt=\"Ausbildungsprogramm\" class=\"wp-image-2965\" style=\"width:512px;height:392px\" srcset=\"https:\/\/szkolenia-udt.pl\/wp-content\/uploads\/2022\/06\/kurso.eu-077-1024x784.jpg 1024w, https:\/\/szkolenia-udt.pl\/wp-content\/uploads\/2022\/06\/kurso.eu-077-300x230.jpg 300w, https:\/\/szkolenia-udt.pl\/wp-content\/uploads\/2022\/06\/kurso.eu-077-768x588.jpg 768w, https:\/\/szkolenia-udt.pl\/wp-content\/uploads\/2022\/06\/kurso.eu-077-1536x1176.jpg 1536w, https:\/\/szkolenia-udt.pl\/wp-content\/uploads\/2022\/06\/kurso.eu-077.jpg 1568w\" sizes=\"auto, (max-width: 1024px) 100vw, 1024px\" \/><\/a><\/figure>\n<\/div>\n\n\n<h2 class=\"wp-block-heading\"><strong>Was kostet der Kurs?<\/strong>&nbsp;<\/h2>\n\n\n\n<p>Im Vergleich zu anderen Unternehmen ist der Preis bei uns sehr attraktiv, da wir stets darauf achten, dass er wettbewerbsf\u00e4hig ist und somit die Kundenzufriedenheit gew\u00e4hrleistet ist. Au\u00dferdem k\u00f6nnen wir f\u00fcr gr\u00f6\u00dfere organisierte Gruppen kosteng\u00fcnstige Rabatte anbieten. Alle Informationen zu den Kosten erhalten Sie, wenn Sie sich telefonisch mit uns in Verbindung setzen.&nbsp;<\/p>\n\n\n\n<h2 class=\"wp-block-heading\"><strong>Wo k\u00f6nnen Sie uns finden?<\/strong>&nbsp;<\/h2>\n\n\n\n<p>Wszystkich zainteresowanych uzyskaniem uprawnie\u0144 zapraszamy serdecznie do naszego O\u015brodka Szkolenia Operator\u00f3w. Wsp\u00f3\u0142pracujemy z UDT, TDT, WDT oraz WIT, prowadz\u0105c szkolenia nauki zawodu dla operator\u00f3w i konserwator\u00f3w urz\u0105dze\u0144, w tym maszyn budowlanych. Dzi\u0119ki nam mo\u017cesz zdoby\u0107 mi\u0119dzy innymi uprawnienia na walce drogowe, koparki oraz na montera rusztowa\u0144.\u00a0 Zaj\u0119cia prowadzimy w ca\u0142ej Polsce, m.in. w Warszawie. W przypadku szkole\u0144 zamkni\u0119tych, jeste\u015bmy tak\u017ce w stanie zrealizowa\u0107 szkolenie bezpo\u015brednio u zleceniodawcy.\u00a0\u00a0<\/p>\n\n\n\n<p>Wir freuen uns auf die Zusammenarbeit mit Ihnen!&nbsp;<\/p>\n\n\n<div class=\"wp-block-image\">\n<figure class=\"aligncenter\"><a href=\"https:\/\/szkolenia-udt.pl\/wp-content\/uploads\/2022\/06\/0077-oso.edu_.pl_.jpg\"><img loading=\"lazy\" decoding=\"async\" width=\"1024\" height=\"853\" src=\"https:\/\/szkolenia-udt.pl\/wp-content\/uploads\/2022\/06\/0077-oso.edu_.pl_-1024x853.jpg\" alt=\"Grafiken zur Werbung f\u00fcr die Ausbildung\" class=\"wp-image-2964\" srcset=\"https:\/\/szkolenia-udt.pl\/wp-content\/uploads\/2022\/06\/0077-oso.edu_.pl_-1024x853.jpg 1024w, https:\/\/szkolenia-udt.pl\/wp-content\/uploads\/2022\/06\/0077-oso.edu_.pl_-300x250.jpg 300w, https:\/\/szkolenia-udt.pl\/wp-content\/uploads\/2022\/06\/0077-oso.edu_.pl_-768x640.jpg 768w, https:\/\/szkolenia-udt.pl\/wp-content\/uploads\/2022\/06\/0077-oso.edu_.pl_.jpg 1200w\" sizes=\"auto, (max-width: 1024px) 100vw, 1024px\" \/><\/a><\/figure>\n<\/div>","protected":false},"excerpt":{"rendered":"<p>O szkoleniu W bran\u017cy budowlanej mo\u017cemy liczy\u0107 na stabilne zatrudnienie i bardzo dobre wynagrodzenie. Praca na budowie jest jednak jedn\u0105 z ci\u0119\u017cszych i do\u015b\u0107 trudnych pod wzgl\u0119dem kondycji fizycznej, ale r\u00f3wnie\u017c zwa\u017cywszy na warunki atmosferyczne. Dlatego tak bardzo wa\u017cne s\u0105 odpowiednie kwalifikacje i niezb\u0119dne umiej\u0119tno\u015bci, dzi\u0119ki kt\u00f3rym pracownicy utrzymaj\u0105 bezpieczne warunki pracy.&nbsp; Wymagania, jakie nale\u017cy [&hellip;]<\/p>\n","protected":false},"author":10,"featured_media":2965,"parent":2266,"menu_order":0,"comment_status":"closed","ping_status":"closed","template":"","meta":{"footnotes":""},"class_list":["post-2963","page","type-page","status-publish","has-post-thumbnail","hentry"],"aioseo_notices":[],"_links":{"self":[{"href":"https:\/\/szkolenia-udt.pl\/de\/wp-json\/wp\/v2\/pages\/2963","targetHints":{"allow":["GET"]}}],"collection":[{"href":"https:\/\/szkolenia-udt.pl\/de\/wp-json\/wp\/v2\/pages"}],"about":[{"href":"https:\/\/szkolenia-udt.pl\/de\/wp-json\/wp\/v2\/types\/page"}],"author":[{"embeddable":true,"href":"https:\/\/szkolenia-udt.pl\/de\/wp-json\/wp\/v2\/users\/10"}],"replies":[{"embeddable":true,"href":"https:\/\/szkolenia-udt.pl\/de\/wp-json\/wp\/v2\/comments?post=2963"}],"version-history":[{"count":11,"href":"https:\/\/szkolenia-udt.pl\/de\/wp-json\/wp\/v2\/pages\/2963\/revisions"}],"predecessor-version":[{"id":5811,"href":"https:\/\/szkolenia-udt.pl\/de\/wp-json\/wp\/v2\/pages\/2963\/revisions\/5811"}],"up":[{"embeddable":true,"href":"https:\/\/szkolenia-udt.pl\/de\/wp-json\/wp\/v2\/pages\/2266"}],"wp:featuredmedia":[{"embeddable":true,"href":"https:\/\/szkolenia-udt.pl\/de\/wp-json\/wp\/v2\/media\/2965"}],"wp:attachment":[{"href":"https:\/\/szkolenia-udt.pl\/de\/wp-json\/wp\/v2\/media?parent=2963"}],"curies":[{"name":"wp","href":"https:\/\/api.w.org\/{rel}","templated":true}]}}