{"id":2973,"date":"2022-06-28T14:46:18","date_gmt":"2022-06-28T12:46:18","guid":{"rendered":"https:\/\/szkolenia-udt.pl\/?page_id=2973"},"modified":"2025-07-19T22:59:31","modified_gmt":"2025-07-19T20:59:31","slug":"hauptseite","status":"publish","type":"page","link":"https:\/\/szkolenia-udt.pl\/","title":{"rendered":"Heim"},"content":{"rendered":"<div class=\"roww\">\n<div class=\"podzial\">\n<h2>Gabelstapler - erhalten Sie UDT-Qualifikationen!<\/h2>\n<p><a href=\"https:\/\/szkolenia-udt.pl\/wp-content\/uploads\/2014\/11\/wozki1a.jpg\"><img loading=\"lazy\" decoding=\"async\" class=\"alignright wp-image-1203 size-full\" src=\"https:\/\/szkolenia-udt.pl\/wp-content\/uploads\/2014\/11\/wozki1a.jpg\" alt=\"\" width=\"300\" height=\"225\" srcset=\"https:\/\/szkolenia-udt.pl\/wp-content\/uploads\/2014\/11\/wozki1a.jpg 300w, https:\/\/szkolenia-udt.pl\/wp-content\/uploads\/2014\/11\/wozki1a-135x100.jpg 135w\" sizes=\"auto, (max-width: 300px) 100vw, 300px\" \/><\/a>Der Gabelstaplerschein ist einer der gefragtesten Kurse, bei uns erhalten Sie umfassende Kenntnisse und F\u00e4higkeiten, dank denen Sie die UDT-Pr\u00fcfung bestehen. In unserem Angebot finden Sie Kurse f\u00fcr Gabelstapler und Teleskoplader und verwandte Ger\u00e4te, darunter:<\/p>\n<ul>\n<li>hoher Speicher,<\/li>\n<li>Hebezeug,<\/li>\n<li>Anheben des Bedieners und der Last,<\/li>\n<li>mit variabler Reichweite,<\/li>\n<li>Teleskoplader,<\/li>\n<li>Flurf\u00f6rderzeuge.<\/li>\n<\/ul>\n<p><a class=\"read-more bttn\" href=\"https:\/\/szkolenia-udt.pl\/de\/kurse\/gabelstapler\/\">Weiterlesen<\/a><\/p>\n<\/div>\n<div class=\"podzial\">\n<h2>Fahrbare B\u00fchnen und Aufz\u00fcge - UDT-Schulung<\/h2>\n<p><a href=\"https:\/\/szkolenia-udt.pl\/wp-content\/uploads\/2014\/11\/platf-no\u017cycowaa.jpg\"><img loading=\"lazy\" decoding=\"async\" class=\"alignright wp-image-1208 size-full\" src=\"https:\/\/szkolenia-udt.pl\/wp-content\/uploads\/2014\/11\/platf-no\u017cycowaa.jpg\" alt=\"\" width=\"300\" height=\"225\" srcset=\"https:\/\/szkolenia-udt.pl\/wp-content\/uploads\/2014\/11\/platf-no\u017cycowaa.jpg 300w, https:\/\/szkolenia-udt.pl\/wp-content\/uploads\/2014\/11\/platf-no\u017cycowaa-135x100.jpg 135w\" sizes=\"auto, (max-width: 300px) 100vw, 300px\" \/><\/a>Wir f\u00fchren professionelle Kurse zur Vorbereitung auf die UDT-Pr\u00fcfung zu attraktiven Preisen durch. Dank uns erwerben Sie Kenntnisse und F\u00e4higkeiten zum Bedienen von Plattformen und Aufz\u00fcgen, wie zum Beispiel:<\/p>\n<ul>\n<li>mobile Plattformen,<\/li>\n<li>Hubarbeitsb\u00fchnen (Aufz\u00fcge),<\/li>\n<li>Scherenhebeb\u00fchnen,<\/li>\n<li>H\u00e4nge- und Mastb\u00fchnen,<\/li>\n<li>Fahrzeug- und Bahnsteige,<\/li>\n<li>station\u00e4re und langsam fahrende Plattformen,<\/li>\n<li>und laden.<\/li>\n<\/ul>\n<p><a class=\"read-more bttn\" href=\"https:\/\/szkolenia-udt.pl\/de\/kurse\/mobile-plattformen\/\">Weiterlesen<\/a><\/p>\n<\/div>\n<\/div>\n<div class=\"roww\">\n<div class=\"podzial\">\n<h2>H\u00f6hen-\/Alpinismus-\/IRATA-Training<\/h2>\n<p><a href=\"https:\/\/szkolenia-udt.pl\/wp-content\/uploads\/2021\/11\/pracawysok.jpg\"><img loading=\"lazy\" decoding=\"async\" class=\"alignright wp-image-2578 size-medium\" src=\"https:\/\/szkolenia-udt.pl\/wp-content\/uploads\/2021\/11\/pracawysok-300x200.jpg\" alt=\"\" width=\"300\" height=\"200\" srcset=\"https:\/\/szkolenia-udt.pl\/wp-content\/uploads\/2021\/11\/pracawysok-300x200.jpg 300w, https:\/\/szkolenia-udt.pl\/wp-content\/uploads\/2021\/11\/pracawysok-1024x681.jpg 1024w, https:\/\/szkolenia-udt.pl\/wp-content\/uploads\/2021\/11\/pracawysok-768x511.jpg 768w, https:\/\/szkolenia-udt.pl\/wp-content\/uploads\/2021\/11\/pracawysok-1536x1022.jpg 1536w, https:\/\/szkolenia-udt.pl\/wp-content\/uploads\/2021\/11\/pracawysok.jpg 1551w\" sizes=\"auto, (max-width: 300px) 100vw, 300px\" \/><\/a>Kletterarbeiten werden immer beliebter und damit steigt auch der Bedarf an H\u00f6hentraining. Wir wissen, wie wichtig Sicherheit bei Arbeiten in der H\u00f6he ist, deshalb legen wir im Unterricht gro\u00dfen Wert darauf. Wir f\u00fchren Schulungen in allen Schulungsarten durch:<\/p>\n<ul>\n<li>Bauzugang (z. B. Kabelbaumservice),<\/li>\n<li>Bauzugang mit Elementen der Seilzugangstechnik,<\/li>\n<li>Erstellen von tempor\u00e4ren Sicherungspunkten,<\/li>\n<li>Klettertraining in Seilzugangstechniken,<\/li>\n<li>Ausbildung in der Evakuierung von Personen in der H\u00f6he,<\/li>\n<li>Ausbildung in der Evakuierung von Personen aus engen R\u00e4umen,<\/li>\n<li>IRATA-Einstufungskurs - alle Stufen L1, L2 und L3.<\/li>\n<\/ul>\n<p><a class=\"read-more bttn\" href=\"https:\/\/szkolenia-udt.pl\/de\/kurse\/arbeiten-in-grosen-hohen\/\">Weiterlesen<\/a><\/p>\n<\/div>\n<div class=\"podzial\">\n<h2>Kr\u00e4ne, Hebezeuge und Winden, Kr\u00e4ne und ein Hakensignal<\/h2>\n<p><a href=\"https:\/\/szkolenia-udt.pl\/wp-content\/uploads\/2021\/09\/suwnice_1.jpg\"><img loading=\"lazy\" decoding=\"async\" class=\"alignright wp-image-2517 size-medium\" src=\"https:\/\/szkolenia-udt.pl\/wp-content\/uploads\/2021\/09\/suwnice_1-300x252.jpg\" alt=\"\" width=\"300\" height=\"252\" srcset=\"https:\/\/szkolenia-udt.pl\/wp-content\/uploads\/2021\/09\/suwnice_1-300x252.jpg 300w, https:\/\/szkolenia-udt.pl\/wp-content\/uploads\/2021\/09\/suwnice_1-1024x859.jpg 1024w, https:\/\/szkolenia-udt.pl\/wp-content\/uploads\/2021\/09\/suwnice_1-768x644.jpg 768w, https:\/\/szkolenia-udt.pl\/wp-content\/uploads\/2021\/09\/suwnice_1.jpg 1455w\" sizes=\"auto, (max-width: 300px) 100vw, 300px\" \/><\/a>Wir laden Sie in unser Zentrum zur Schulung im Umgang mit Hebeger\u00e4ten ein. Unser Kursangebot erm\u00f6glicht es Ihnen, Kenntnisse und F\u00e4higkeiten zu erwerben, um in folgenden Positionen zu arbeiten:<\/p>\n<ul>\n<li>Portalkr\u00e4ne,<\/li>\n<li>Hebezeuge<\/li>\n<li>Winden,<\/li>\n<li>Kr\u00e4ne,<\/li>\n<li>Signalgeber - Haken.<\/li>\n<\/ul>\n<p><a class=\"read-more bttn\" href=\"https:\/\/szkolenia-udt.pl\/de\/kurse\/krane-2\/\">Weiterlesen<\/a><\/p>\n<\/div>\n<\/div>\n<div class=\"roww\">\n<div class=\"podzial\">\n<h2>HDS- und Turmdrehkrane - UDT-Kurse<\/h2>\n<p><a href=\"https:\/\/szkolenia-udt.pl\/wp-content\/uploads\/2015\/07\/reshds_wywrotka_trojstronna_W3F_Volvo_6x4_2.jpg\"><img loading=\"lazy\" decoding=\"async\" class=\"alignright wp-image-1361 size-full\" src=\"https:\/\/szkolenia-udt.pl\/wp-content\/uploads\/2015\/07\/reshds_wywrotka_trojstronna_W3F_Volvo_6x4_2.jpg\" alt=\"\" width=\"300\" height=\"225\" srcset=\"https:\/\/szkolenia-udt.pl\/wp-content\/uploads\/2015\/07\/reshds_wywrotka_trojstronna_W3F_Volvo_6x4_2.jpg 300w, https:\/\/szkolenia-udt.pl\/wp-content\/uploads\/2015\/07\/reshds_wywrotka_trojstronna_W3F_Volvo_6x4_2-135x100.jpg 135w\" sizes=\"auto, (max-width: 300px) 100vw, 300px\" \/><\/a>Wir laden Sie ein zur Ausbildung zum Kranf\u00fchrer, vom Turmdrehkran bis zum HDS. Wir haben Niederlassungen in polnischen Gro\u00dfst\u00e4dten und sind auch bereit, an den vom Kunden angegebenen Ort zu gehen. In unserem Angebot finden Sie Krankurse:<\/p>\n<ul>\n<li>Turm,<\/li>\n<li>selbstfahrend,<\/li>\n<li>tragbares HDS,<\/li>\n<li>station\u00e4r,<\/li>\n<li>Eisenbahn und auf Schienenfahrzeugen,<\/li>\n<li>Schiene,<\/li>\n<li>am Bord,<\/li>\n<li>schwimmend,<\/li>\n<li>Schiffbau.<\/li>\n<\/ul>\n<p><a class=\"read-more bttn\" href=\"https:\/\/szkolenia-udt.pl\/de\/kurse\/hds\/\">Weiterlesen<\/a><\/p>\n<\/div>\n<div class=\"podzial\">\n<h2>Ger\u00fcstbauer - UDT-Ausbildungen<\/h2>\n<p><a href=\"https:\/\/szkolenia-udt.pl\/wp-content\/uploads\/2022\/05\/D25_142_240_1200.jpg\"><img loading=\"lazy\" decoding=\"async\" class=\"size-medium wp-image-2786 alignright\" src=\"https:\/\/szkolenia-udt.pl\/wp-content\/uploads\/2022\/05\/D25_142_240_1200-300x200.jpg\" alt=\"\" width=\"300\" height=\"200\" srcset=\"https:\/\/szkolenia-udt.pl\/wp-content\/uploads\/2022\/05\/D25_142_240_1200-300x200.jpg 300w, https:\/\/szkolenia-udt.pl\/wp-content\/uploads\/2022\/05\/D25_142_240_1200-1024x683.jpg 1024w, https:\/\/szkolenia-udt.pl\/wp-content\/uploads\/2022\/05\/D25_142_240_1200-768x512.jpg 768w, https:\/\/szkolenia-udt.pl\/wp-content\/uploads\/2022\/05\/D25_142_240_1200.jpg 1200w\" sizes=\"auto, (max-width: 300px) 100vw, 300px\" \/><\/a>Wir laden Sie in unser Ausbildungszentrum im Bereich Ger\u00fcstmontage ein, bei uns erwerben Sie Kenntnisse und F\u00e4higkeiten, die f\u00fcr die Arbeit in dieser Position n\u00fctzlich sind. Dank uns wissen Sie:<\/p>\n<ul>\n<li>Regeln f\u00fcr die Montage von Metallger\u00fcsten,<\/li>\n<li>Regeln f\u00fcr die Errichtung von Ger\u00fcsten aus Stahl und Systemrohren,<\/li>\n<li>Regeln f\u00fcr den Abbau des Ger\u00fcsts.<\/li>\n<\/ul>\n<p><a class=\"read-more bttn\" href=\"https:\/\/szkolenia-udt.pl\/de\/kurse\/gerustbauer\/\">Weiterlesen<\/a><\/p>\n<\/div>\n<\/div>\n<div class=\"roww\">\n<div class=\"podzial\">\n<h2>Training f\u00fcr UDT-Qualifikationen<\/h2>\n<p>Wir laden Sie in unser Zentrum f\u00fcr Kurse zu Ger\u00e4ten ein, die UDT-Qualifikationen erfordern. Dank der Erfahrung und des Wissens unserer Mitarbeiter sollte die Pr\u00fcfung nur eine Formalit\u00e4t sein, die es Ihnen erm\u00f6glicht, als Bediener eines der folgenden Ger\u00e4te zu arbeiten:<\/p>\n<ul>\n<li><a href=\"https:\/\/szkolenia-udt.pl\/wp-content\/uploads\/2021\/08\/szkolenia-udt.pl-0014-OPUBLIKOWANY-v11.jpg\"><img loading=\"lazy\" decoding=\"async\" class=\"alignright wp-image-2495 size-medium\" src=\"https:\/\/szkolenia-udt.pl\/wp-content\/uploads\/2021\/08\/szkolenia-udt.pl-0014-OPUBLIKOWANY-v11-300x200.jpg\" alt=\"Der Restaurator der UDT f\u00fchrt Reparaturen an der Hubarbeitsb\u00fchne unter Beachtung der Arbeitsschutzvorschriften und der technischen Pr\u00fcfvorschriften durch\" width=\"300\" height=\"200\" srcset=\"https:\/\/szkolenia-udt.pl\/wp-content\/uploads\/2021\/08\/szkolenia-udt.pl-0014-OPUBLIKOWANY-v11-300x200.jpg 300w, https:\/\/szkolenia-udt.pl\/wp-content\/uploads\/2021\/08\/szkolenia-udt.pl-0014-OPUBLIKOWANY-v11-1024x683.jpg 1024w, https:\/\/szkolenia-udt.pl\/wp-content\/uploads\/2021\/08\/szkolenia-udt.pl-0014-OPUBLIKOWANY-v11-768x512.jpg 768w, https:\/\/szkolenia-udt.pl\/wp-content\/uploads\/2021\/08\/szkolenia-udt.pl-0014-OPUBLIKOWANY-v11.jpg 1200w\" sizes=\"auto, (max-width: 300px) 100vw, 300px\" \/><\/a>Winden und Hebezeuge,<\/li>\n<li>Portalkr\u00e4ne,<\/li>\n<li>station\u00e4re Kr\u00e4ne,<\/li>\n<li>mobile Kr\u00e4ne,<\/li>\n<li>Turm- und Schnelleinsatzkrane,<\/li>\n<li>Mobil- und Tragkrane,<\/li>\n<li>Regalbedienger\u00e4te,<\/li>\n<li>Warenaussagen,<\/li>\n<li>Schiffshebewerke,<\/li>\n<li>h\u00e4ngende mobile Plattformen,<\/li>\n<li>station\u00e4re mobile Plattformen,<\/li>\n<li>Mastkletterarbeitsb\u00fchnen,<\/li>\n<li>Gabelstapler,<\/li>\n<li>Baukr\u00e4ne,<\/li>\n<li>Lasten- und Personenaufz\u00fcge.<\/li>\n<\/ul>\n<p><a class=\"read-more bttn\" href=\"https:\/\/szkolenia-udt.pl\/de\/kurse\/udt-anspruche-tdt-wdt\/\">Weiterlesen<\/a><\/p>\n<\/div>\n<div class=\"podzial\">\n<h2>Schwei\u00dfkurse<\/h2>\n<p><a href=\"https:\/\/szkolenia-udt.pl\/wp-content\/uploads\/2022\/01\/spawanie_szkoleniaudt.jpg\"><img loading=\"lazy\" decoding=\"async\" class=\"size-medium wp-image-2584 alignright\" src=\"https:\/\/szkolenia-udt.pl\/wp-content\/uploads\/2022\/01\/spawanie_szkoleniaudt-300x200.jpg\" alt=\"Eine Technik zum Verbinden von Metall unter Verwendung von Draht als Bindemittel.\" width=\"300\" height=\"200\" srcset=\"https:\/\/szkolenia-udt.pl\/wp-content\/uploads\/2022\/01\/spawanie_szkoleniaudt-300x200.jpg 300w, https:\/\/szkolenia-udt.pl\/wp-content\/uploads\/2022\/01\/spawanie_szkoleniaudt-1024x683.jpg 1024w, https:\/\/szkolenia-udt.pl\/wp-content\/uploads\/2022\/01\/spawanie_szkoleniaudt-768x512.jpg 768w, https:\/\/szkolenia-udt.pl\/wp-content\/uploads\/2022\/01\/spawanie_szkoleniaudt.jpg 1483w\" sizes=\"auto, (max-width: 300px) 100vw, 300px\" \/><\/a>Wir laden Sie zu einem Schwei\u00dferkurs in unser Zentrum ein, dank dem Sie Kenntnisse und F\u00e4higkeiten erwerben, die Ihnen helfen, eine Stelle in dieser Position zu finden. Bei uns lernen Sie nicht nur Schwei\u00dfen, sondern auch L\u00f6ten und Schwei\u00dfen. In unserem Angebot:<\/p>\n<p><strong>Schwei\u00dfen:\u00a0\u00a0<\/strong><\/p>\n<ul>\n<li>MIG \/ MAG,<\/li>\n<li>WIG,<\/li>\n<li>MMA,<\/li>\n<li>GESEHEN,<\/li>\n<li>Plasmaschwei\u00dfen,<\/li>\n<\/ul>\n<p><strong>Schwei\u00dfen:\u00a0\u00a0<\/strong><\/p>\n<ul>\n<li>Elektrofusion<\/li>\n<li>Hintern.<\/li>\n<\/ul>\n<p><strong>L\u00f6ten:\u00a0\u00a0<\/strong><\/p>\n<ul>\n<li>Sanft,<\/li>\n<li>schwer.<\/li>\n<\/ul>\n<p><a class=\"read-more bttn\" href=\"https:\/\/szkolenia-udt.pl\/de\/kurse\/schweisen\/\">Weiterlesen<\/a><\/p>\n<\/div>\n<\/div>\n<div class=\"roww\">\n<div class=\"podzial\">\n<h2>Flanschverbindungen - Kurse<\/h2>\n<p>Wir laden Sie zu einem Kurs in unser Zentrum ein, bei dem Sie lernen, wie man Flanschverbindungen richtig montiert. Die wachsende Nachfrage nach dieser Art von Arbeit erfordert einen Bedarf an qualifizierten Fachkr\u00e4ften auf diesem Gebiet. Der Unterricht wird gem\u00e4\u00df der Norm PN EN 1591-4 durchgef\u00fchrt.<\/p>\n<p><a class=\"read-more bttn\" href=\"https:\/\/szkolenia-udt.pl\/de\/kurse\/udt-anspruche-tdt-wdt\/flanschverbindungen-montage\/\">Weiterlesen<\/a><\/p>\n<\/div>\n<div class=\"podzial\">\n<h2>Regelm\u00e4\u00dfige Gesundheits- und Sicherheitsschulungen<\/h2>\n<p><a href=\"https:\/\/szkolenia-udt.pl\/wp-content\/uploads\/2022\/06\/oso.edu_.pl-84-91-0K2A8465.jpg\"><img loading=\"lazy\" decoding=\"async\" class=\"alignright\" src=\"https:\/\/szkolenia-udt.pl\/wp-content\/uploads\/2022\/06\/oso.edu_.pl-84-91-0K2A8465-300x200.jpg\" alt=\"\" width=\"300\" height=\"200\" \/><\/a>Jeder Arbeitgeber ist verpflichtet, f\u00fcr angemessene Gesundheits- und Sicherheitsschulungen der Arbeitnehmer zu sorgen. Neben der Erstausbildung, die ein Mitarbeiter bei der Aufnahme in die Stelle absolvieren muss, sollte sich jeder Mitarbeiter alle paar Jahre regelm\u00e4\u00dfig weiterbilden.<\/p>\n<ul>\n<li>F\u00fcr Mitarbeiter von Arbeitsschutzdiensten<\/li>\n<li>F\u00fcr Arbeitgeber<\/li>\n<li>F\u00fcr Arbeiter<\/li>\n<li>F\u00fcr Ingenieure und Techniker<\/li>\n<\/ul>\n<p><a class=\"read-more bttn\" href=\"https:\/\/szkolenia-udt.pl\/de\/kurse\/feuer-und-sicherheit\/riskante-arbeit\/\">Weiterlesen<\/a><\/p>\n<\/div>\n<\/div>\n<div class=\"roww\">\n<div class=\"podzial\">\n<h2>Lastenaufz\u00fcge<\/h2>\n<p>Kr\u00e4ne, umgangssprachlich auch Aufz\u00fcge genannt, werden verwendet, um Waren oder Personen vertikal zu bewegen. Sie werden oft mit der gesamten Krangruppe verwechselt, zu der sie geh\u00f6ren. F\u00fcr die Bedienung des Krans ist eine spezielle UDT-Schulung erforderlich. Arten von Kr\u00e4nen:<\/p>\n<ul>\n<li>Schacht (Aufz\u00fcge)<\/li>\n<li>kreisf\u00f6rmig<\/li>\n<li>vertikale Bauweise<\/li>\n<li>Hafen<\/li>\n<li>abfallend<\/li>\n<\/ul>\n<p><a class=\"read-more bttn\" href=\"https:\/\/szkolenia-udt.pl\/de\/kurse\/udt-anspruche-tdt-wdt\/\">Weiterlesen<\/a><\/p>\n<\/div>\n<div class=\"podzial\">\n<h2>Kurse G1, G2, G3<\/h2>\n<p><a href=\"https:\/\/szkolenia-udt.pl\/wp-content\/uploads\/2017\/12\/SEP_2016-1030x687.jpg\"><img loading=\"lazy\" decoding=\"async\" class=\"size-medium wp-image-1943 alignright\" src=\"https:\/\/szkolenia-udt.pl\/wp-content\/uploads\/2017\/12\/SEP_2016-1030x687-300x200.jpg\" alt=\"\" width=\"300\" height=\"200\" srcset=\"https:\/\/szkolenia-udt.pl\/wp-content\/uploads\/2017\/12\/SEP_2016-1030x687-300x200.jpg 300w, https:\/\/szkolenia-udt.pl\/wp-content\/uploads\/2017\/12\/SEP_2016-1030x687-768x512.jpg 768w, https:\/\/szkolenia-udt.pl\/wp-content\/uploads\/2017\/12\/SEP_2016-1030x687-1024x683.jpg 1024w, https:\/\/szkolenia-udt.pl\/wp-content\/uploads\/2017\/12\/SEP_2016-1030x687.jpg 1030w\" sizes=\"auto, (max-width: 300px) 100vw, 300px\" \/><\/a>Wir f\u00fchren Kurse durch, die Sie auf Pr\u00fcfungen vor den Kommissionen SEP, PSE, SIMP, SITPS in den Kategorien G1, G2 und G3 vorbereiten - wenn Sie Genehmigungen bis 1 kV oder h\u00f6her erhalten m\u00f6chten, bietet unser Zentrum einen umfassenden und professionellen Service.  Gemeinsam mit uns k\u00f6nnen Sie die von SEP, PSE, SIMP, SITPS erteilten Genehmigungen f\u00fcr die Kategorien G1 - Strom, G2 - W\u00e4rme und G3 - Gas noch einfacher erhalten. Die Zulassungen erm\u00f6glichen Ihnen die Arbeit mit:<\/p>\n<div style=\"float: left; width: 50%;\">\n<p>G1:<\/p>\n<ul>\n<li>stromerzeugende Ger\u00e4te<\/li>\n<li>elektrolyse ausr\u00fcstung<\/li>\n<li>Elektrothermische Ger\u00e4te<\/li>\n<li>Kontroll- und Messger\u00e4te<\/li>\n<\/ul>\n<p>G2:<\/p>\n<ul>\n<li>Dampf- und Wasserkessel<\/li>\n<li>Pumpen und Ventilatoren<\/li>\n<li>Kompressoren<\/li>\n<li>thermische Installationen<\/li>\n<\/ul>\n<\/div>\n<div style=\"float: left; width: 50%;\">\n<p>G3:<\/p>\n<ul>\n<li>Gasturbinen<\/li>\n<li>Speicherger\u00e4te<\/li>\n<li>Anlagen zur Herstellung gasf\u00f6rmiger Brennstoffe<\/li>\n<\/ul>\n<\/div>\n<div style=\"clear: both;\"><a class=\"read-more bttn\" href=\"https:\/\/szkolenia-udt.pl\/de\/kurse\/sep-g1-g2-g3\/\">Weiterlesen<\/a><\/div>\n<\/div>\n<\/div>\n<div class=\"roww\">\n<div class=\"podzial\">\n<h2>Verkauf von Ger\u00e4ten<\/h2>\n<p>Wir empfehlen Ihnen, unser Verkaufsangebot zu pr\u00fcfen<\/p>\n<ul>\n<li>HDS-Krane,<\/li>\n<li>Gabelstapler,<\/li>\n<li>Scherenhebeb\u00fchnen und Hubarbeitsb\u00fchnen,<\/li>\n<li>Teleskoplader.<\/li>\n<\/ul>\n<p>Wir verkaufen Ger\u00e4te der beliebtesten Marken der Welt zu wettbewerbsf\u00e4higen Preisen<\/p>\n<ul>\n<li>Linde,<\/li>\n<li>Haulotte,<\/li>\n<li>Genie,<\/li>\n<li>Manitou,<\/li>\n<li>JLG,<\/li>\n<li>Still,<\/li>\n<li>Toyota,<\/li>\n<li>Jungheinrich.<\/li>\n<\/ul>\n<\/div>\n<div class=\"podzial\">\n<h2>Wartung der Ausr\u00fcstung<\/h2>\n<p>Die Wartung der von uns verkauften Ger\u00e4te ist von gro\u00dfer Bedeutung, um ihre Lebensdauer zu verl\u00e4ngern und einen langj\u00e4hrigen st\u00f6rungsfreien Betrieb zu gew\u00e4hrleisten. Die Kosten f\u00fcr die Ger\u00e4tewartung sind viel geringer als die Kosten, die durch einen pl\u00f6tzlichen Ausfall verursacht werden k\u00f6nnen. Unser Unternehmen bietet Reparatur- und Wartungsdienste f\u00fcr die oben genannten Ger\u00e4te an, und wir handeln auch mit Laufkr\u00e4nen und anderen Arten von mobilen Plattformen. Dank uns funktioniert Ihre Ausr\u00fcstung wie neu!<\/p>\n<ul>\n<li>JLG,<\/li>\n<li>Still,<\/li>\n<li>Toyota,<\/li>\n<li>Haulotte,<\/li>\n<li>Genie,<\/li>\n<li>Manitou,<\/li>\n<li>Linde,<\/li>\n<li>Jungheinrich.<\/li>\n<\/ul>\n<\/div>\n<\/div>\n<div class=\"wyjustuj fullekran\">\n<h2 style=\"text-align: center;\">\u00dcberpr\u00fcfen Sie jetzt die Details unseres Angebots und melden Sie sich f\u00fcr einen Kurs im OSO Operator Training Center an!<\/h2>\n<div>\n<p>Onlinetraining<\/p>\n<p>Damen und Herren,<\/p>\n<p>OSO implementiert Bildung #BHP #UDT #TDT #SEP unter Verwendung moderner Technologie und des Internets in Form von Online, d. h. E-Learning und Webinaren - Audio-Video-\u00dcbertragung in Echtzeit.<\/p>\n<p>Unsere E-Kurse #UDT #TDT #SEP #BHP und # H\u00f6he im Bauzugang sowie f\u00fcr #H oder # Signalgeber sind auf der Website verf\u00fcgbar.<\/p>\n<p><a class=\"read-more bttn\" href=\"\/de\/e-raten\/\">Weiterlesen<\/a><\/p>\n<\/div>\n<\/div>","protected":false},"excerpt":{"rendered":"<p>W\u00f3zki wid\u0142owe &#8211; zdob\u0105d\u017a uprawnienia UDT! Uprawnienia na w\u00f3zki wid\u0142owe s\u0105 jednymi z najcz\u0119\u015bciej poszukiwanych kurs\u00f3w, z nami otrzymasz kompleksow\u0105 wiedz\u0119 i umiej\u0119tno\u015bci, dzi\u0119ki kt\u00f3rym zdasz egzamin UDT. W naszej ofercie znajdziesz kursy na w\u00f3zki wid\u0142owe i \u0142adowarki teleskopowe oraz pokrewne urz\u0105dzenia w tym: wysokiego sk\u0142adowania, podno\u015bnikowe, unosz\u0105ce operatora i \u0142adunek, ze zmiennym wysi\u0119giem, \u0142adowarki [&hellip;]<\/p>\n","protected":false},"author":3,"featured_media":0,"parent":0,"menu_order":0,"comment_status":"closed","ping_status":"closed","template":"template-home.php","meta":{"footnotes":""},"class_list":["post-2973","page","type-page","status-publish","hentry"],"aioseo_notices":[],"_links":{"self":[{"href":"https:\/\/szkolenia-udt.pl\/de\/wp-json\/wp\/v2\/pages\/2973","targetHints":{"allow":["GET"]}}],"collection":[{"href":"https:\/\/szkolenia-udt.pl\/de\/wp-json\/wp\/v2\/pages"}],"about":[{"href":"https:\/\/szkolenia-udt.pl\/de\/wp-json\/wp\/v2\/types\/page"}],"author":[{"embeddable":true,"href":"https:\/\/szkolenia-udt.pl\/de\/wp-json\/wp\/v2\/users\/3"}],"replies":[{"embeddable":true,"href":"https:\/\/szkolenia-udt.pl\/de\/wp-json\/wp\/v2\/comments?post=2973"}],"version-history":[{"count":14,"href":"https:\/\/szkolenia-udt.pl\/de\/wp-json\/wp\/v2\/pages\/2973\/revisions"}],"predecessor-version":[{"id":5728,"href":"https:\/\/szkolenia-udt.pl\/de\/wp-json\/wp\/v2\/pages\/2973\/revisions\/5728"}],"wp:attachment":[{"href":"https:\/\/szkolenia-udt.pl\/de\/wp-json\/wp\/v2\/media?parent=2973"}],"curies":[{"name":"wp","href":"https:\/\/api.w.org\/{rel}","templated":true}]}}