{"id":3004,"date":"2022-07-06T01:28:27","date_gmt":"2022-07-05T23:28:27","guid":{"rendered":"https:\/\/szkolenia-udt.pl\/?page_id=3004"},"modified":"2023-03-24T19:16:44","modified_gmt":"2023-03-24T18:16:44","slug":"praktische-ausbildung-im-bergsteigen","status":"publish","type":"page","link":"https:\/\/szkolenia-udt.pl\/de\/kursy\/prace-wysokosciowe\/prace-alpinistyczne-szkolenie-praktyczne\/","title":{"rendered":"Kletterarbeiten - praktisches Training"},"content":{"rendered":"<h2 class=\"wp-block-heading\"><strong>Industriekletterer - wie wird man einer?<\/strong>\u00a0<\/h2>\n\n\n\n<p>Der Beruf des Industriekletterers wird immer beliebter, und die Nachfrage nach diesem Beruf steigt<a href=\"https:\/\/szkolenia-udt.pl\/wp-content\/uploads\/2022\/04\/bac0663d5b51544f4e23fcf9a15c377b.jpg\"><img loading=\"lazy\" decoding=\"async\" title=\"CSO-Ausbildung\" width=\"225\" height=\"300\" class=\"alignright\" src=\"https:\/\/szkolenia-udt.pl\/wp-content\/uploads\/2022\/04\/bac0663d5b51544f4e23fcf9a15c377b-225x300.jpg\" alt=\"CSO-Ausbildung\"><\/a> auf dem Arbeitsmarkt. Dazu braucht es Mut und Professionalit\u00e4t. Es ist kein Job f\u00fcr Menschen mit schwachen Nerven. Schlie\u00dflich kann die H\u00f6he sehr beeindruckend sein. Wer H\u00f6henangst hat, kommt damit sicher nicht zurecht. In der H\u00f6he kann man viele verschiedene Dinge tun, z. B. Fenster in B\u00fcrogeb\u00e4uden putzen, auf \u00d6lplattformen arbeiten und verschiedene Arten von Montagen durchf\u00fchren. Um in der H\u00f6he arbeiten zu k\u00f6nnen, braucht man eine spezielle Ausbildung. Deshalb laden wir Sie ein, an einem Kurs teilzunehmen, der von der <a href=\"https:\/\/szkolenia-udt.pl\/de\/o-firmie\/\">Schulungszentrum f\u00fcr OSO-Bediener<\/a>.\u00a0<\/p>\n\n\n\n<h2 class=\"wp-block-heading\"><strong>Erfahren Sie mehr \u00fcber CSO-Schulungen<\/strong>&nbsp;<\/h2>\n\n\n\n<p>Das Operator Training Centre bildet seit vielen Jahren Fachleute aus. Durch die Zusammenarbeit mit unserer Einrichtung k\u00f6nnen Sie u.a. effektiv erwerben. <a href=\"https:\/\/szkolenia-udt.pl\/de\/kursy\/prace-wysokosciowe\/kurs-alpinistyczny\/\">bergsteigerische Qualifikationen<\/a>.\u00a0<\/p>\n\n\n\n<h2 class=\"wp-block-heading\"><strong>Kategorien von Arbeiten in der H\u00f6he<\/strong>&nbsp;<\/h2>\n\n\n\n<p>Es gibt zwei Kategorien von Arbeiten in der H\u00f6he:&nbsp;<\/p>\n\n\n\n<ul class=\"wp-block-list\">\n<li>Seilzugang,&nbsp;<\/li>\n\n\n\n<li>Zugang zum Geb\u00e4ude.&nbsp;<\/li>\n<\/ul>\n\n\n\n<h2 class=\"wp-block-heading\"><strong>Umfang der Ausbildung<\/strong>&nbsp;<\/h2>\n\n\n\n<p>Die folgenden Informationen werden w\u00e4hrend der Schulung vermittelt:&nbsp;<\/p>\n\n\n\n<ul class=\"dwiekolumny wp-block-list\">\n<li>Arten von Bedrohungen,&nbsp;<\/li>\n\n\n\n<li>individuelle und kollektive Sicherungen,\u00a0<\/li>\n\n\n\n<li>Gesundheits- und Sicherheitsanforderungen,&nbsp;<\/li>\n\n\n\n<li>rechtliche Anforderungen,&nbsp;<\/li>\n\n\n\n<li>Rettungstechniken,&nbsp;<\/li>\n\n\n\n<li>praktische F\u00e4higkeiten,&nbsp;<\/li>\n\n\n\n<li>Merkmale des Werks.&nbsp;<\/li>\n<\/ul>\n\n\n\n<p>Nach Abschluss des Kurses erh\u00e4lt der Auszubildende ein Zertifikat, das ihn f\u00fcr drei Jahre zur Arbeit in der H\u00f6he berechtigt. Danach muss ein so genannter Auffrischungskurs absolviert werden.&nbsp;<\/p>\n\n\n\n<div class=\"filmw\">\n<div class=\"responsive-youtube\"><iframe loading=\"lazy\" title=\"YouTube-Video-Player\" src=\"https:\/\/www.youtube.com\/embed\/QcT4h2Z50M0\" width=\"560\" height=\"315\" frameborder=\"0\" allowfullscreen=\"allowfullscreen\"><\/iframe><\/div>\n<\/div>\n\n\n\n<h2 class=\"wp-block-heading\"><strong>Arbeitsumfang f\u00fcr einen Industriekletterer<\/strong>&nbsp;<\/h2>\n\n\n\n<p>Mit dem Bergsteigen verbinden wir in erster Linie das Besteigen von Bergen. Die Kenntnisse und F\u00e4higkeiten k\u00f6nnen jedoch auch in einem bestimmten Beruf n\u00fctzlich sein. Kletterer k\u00f6nnen auch f\u00fcr Renovierungs-, Reparatur-, Reinigungs- und Dachdeckerarbeiten angeheuert werden. Hierf\u00fcr sind eine spezielle Ausr\u00fcstung und der Einsatz von Seiltechniken erforderlich. Ein Industriekletterer kann Folgendes leisten:\u00a0<\/p>\n\n\n\n<ul class=\"dwiekolumny wp-block-list\">\n<li>Baumf\u00e4llung,&nbsp;<\/li>\n\n\n\n<li>Reparatur von Dachrinnen,&nbsp;<\/li>\n\n\n\n<li>Reinigung der Fassade,&nbsp;<\/li>\n\n\n\n<li>Schwei\u00dfdienstleistungen,&nbsp;<\/li>\n\n\n\n<li>T\u00e4tigkeiten in geschlossenen R\u00e4umen,&nbsp;<\/li>\n\n\n\n<li>Rohrverbindung,&nbsp;<\/li>\n\n\n\n<li>Schneer\u00e4umung von D\u00e4chern.&nbsp;<\/li>\n<\/ul>\n\n\n\n<p>Ein Industriekletterer muss auch \u00fcber handwerkliches Geschick verf\u00fcgen und sollte mit einfachen Werkzeugen umgehen k\u00f6nnen. Erfahrung im Klettern ist in diesem Beruf ebenfalls sehr wichtig, ebenso wie eine leidenschaftliche Einstellung zu seiner Arbeit.\u00a0\u00a0<\/p>\n\n\n\n<h2 class=\"wp-block-heading\"><strong>Leidenschaft mit guter Bezahlung verbinden<\/strong>&nbsp;<\/h2>\n\n\n\n<p>Die Geh\u00e4lter f\u00fcr Industriekletterer sind sowohl in Polen als auch im Ausland attraktiv. Das Industrieklettern kann sowohl von M\u00e4nnern als auch von Frauen ausge\u00fcbt werden. Die aktivste Arbeitssaison f\u00fcr Industriekletterer ist aufgrund der g\u00fcnstigen Wetterbedingungen der Sommer. Viele Kletterer arbeiten jedoch auch im Winter, zum Beispiel bei der Schneer\u00e4umung von D\u00e4chern oder der Fensterreinigung.\u00a0\u00a0<\/p>\n\n\n\n<figure class=\"wp-block-video\"><video controls poster=\"https:\/\/szkolenia-udt.pl\/wp-content\/uploads\/2023\/03\/okladka-alpinista-OSO.jpg\" src=\"https:\/\/szkolenia-udt.pl\/wp-content\/uploads\/2023\/03\/wspinacz-SZKOLENIA-UDT.PL-OSO.mp4\"><\/video><\/figure>\n\n\n\n<h2 class=\"wp-block-heading\"><strong>Die Besonderheiten der Arbeit eines Industriekletterers<\/strong><\/h2>\n\n\n\n<h4 class=\"wp-block-heading\"><strong>F\u00fcr den Beruf des Industriekletterers sind die folgenden Punkte sehr wichtig:<\/strong>&nbsp;<\/h4>\n\n\n\n<ul class=\"dwiekolumny wp-block-list\">\n<li>Arbeitssicherheit,&nbsp;<\/li>\n\n\n\n<li>Ausdauer,&nbsp;<\/li>\n\n\n\n<li>St\u00e4rke,&nbsp;<\/li>\n\n\n\n<li>Erwachsenwerden,&nbsp;<\/li>\n\n\n\n<li>Erfahrung im Klettern.&nbsp;<\/li>\n<\/ul>\n\n\n\n<p>Industriekletterer sind hartgesottene Profis, die ihre Arbeit mit vollem Verantwortungsbewusstsein verrichten. Der Beruf ist anspruchsvoll, aber er ist wirklich lohnend. Die Arbeiten werden von ausgew\u00e4hlten Spezialisten durchgef\u00fchrt.&nbsp;<\/p>\n\n\n\n<h4 class=\"wp-block-heading\"><strong>Wichtig f\u00fcr die Arbeit eines Bergsteigers sind Elemente wie:<\/strong>&nbsp;<\/h4>\n\n\n\n<ul class=\"wp-block-list\">\n<li>k\u00f6rperliche Vorbereitung,&nbsp;<\/li>\n\n\n\n<li>mentale Vorbereitung,&nbsp;<\/li>\n\n\n\n<li>Erfahrung im Klettern.&nbsp;<\/li>\n<\/ul>\n\n\n\n<p>Es ist zu beachten, dass die Strukturen, an denen Industriekletterer arbeiten, immer h\u00f6her werden. Die Arbeit in der H\u00f6he wird von Vertretern moderner Unternehmen ausgef\u00fchrt. Ein Industriekletterer arbeitet in sehr unterschiedlichen Bereichen der Industrie. Er oder sie kann Stromleitungen warten, Telekommunikationsantennen inspizieren und auch auf \u00d6lplattformen arbeiten.\u00a0\u00a0<\/p>\n\n\n\n<h2 class=\"wp-block-heading\"><strong>Anforderungen an Auszubildende<\/strong>&nbsp;<\/h2>\n\n\n\n<p>Um an der Schulung teilzunehmen, m\u00fcssen Sie die folgenden Voraussetzungen erf\u00fcllen:&nbsp;&nbsp;<\/p>\n\n\n\n<ul class=\"wp-block-list\">\n<li>mindestens 18 Jahre alt sein, &nbsp;<\/li>\n\n\n\n<li>keine gesundheitlichen Kontraindikationen f\u00fcr die Arbeit.\u00a0<a href=\"https:\/\/szkolenia-udt.pl\/wp-content\/uploads\/2022\/04\/26-27767.png\"><img loading=\"lazy\" decoding=\"async\" title=\"CSO-Ausbildung\" width=\"300\" height=\"287\" class=\"alignright\" src=\"https:\/\/szkolenia-udt.pl\/wp-content\/uploads\/2022\/04\/26-27767-300x287.png\" alt=\"CSO-Ausbildung\"><\/a><\/li>\n\n\n\n<li>mindestens Grundschulbildung,&nbsp;<\/li>\n<\/ul>\n\n\n\n<h2 class=\"wp-block-heading\"><strong>Kosten der Ausbildung<\/strong>&nbsp;<\/h2>\n\n\n\n<p>Die Preise f\u00fcr die Bergsteigerausbildung sind sehr attraktiv und im Vergleich zur Konkurrenz viel niedriger. Bei geschlossenen Kursen f\u00fcr gr\u00f6\u00dfere organisierte Gruppen werden besondere Rabatte gew\u00e4hrt. Wir laden Sie ein, uns zu kontaktieren, um mehr zu erfahren \u00fcber <a href=\"https:\/\/szkolenia-udt.pl\/de\/oferta\/\">vollst\u00e4ndiges Angebot<\/a> <a href=\"https:\/\/szkolenia-udt.pl\/de\/kursy\/\">unsere Ausbildungskurse<\/a> und melden Sie sich f\u00fcr eine Auswahl von ihnen an! Wir bieten attraktive Preise, erfahrene Mentoren und einen Berechtigungsnachweis!\u00a0\u00a0<\/p>","protected":false},"excerpt":{"rendered":"<p>Alpinista przemys\u0142owy \u2013 jak nim zosta\u0107?\u00a0 Praca alpinisty przemys\u0142owego staje si\u0119 coraz popularniejsza, a zaw\u00f3d ten jest coraz bardziej poszukiwany na rynku pracy. Do jego wykonywania potrzebna jest odwaga i profesjonalizm. Nie jest to praca dla ludzi o s\u0142abych nerwach. Wysoko\u015bci mog\u0105 by\u0107 bowiem bardzo imponuj\u0105ce. Osoba z l\u0119kiem wysoko\u015bci z pewno\u015bci\u0105 sobie nie poradzi. [&hellip;]<\/p>\n","protected":false},"author":10,"featured_media":2659,"parent":1874,"menu_order":0,"comment_status":"closed","ping_status":"closed","template":"","meta":{"footnotes":""},"class_list":["post-3004","page","type-page","status-publish","has-post-thumbnail","hentry"],"aioseo_notices":[],"_links":{"self":[{"href":"https:\/\/szkolenia-udt.pl\/de\/wp-json\/wp\/v2\/pages\/3004","targetHints":{"allow":["GET"]}}],"collection":[{"href":"https:\/\/szkolenia-udt.pl\/de\/wp-json\/wp\/v2\/pages"}],"about":[{"href":"https:\/\/szkolenia-udt.pl\/de\/wp-json\/wp\/v2\/types\/page"}],"author":[{"embeddable":true,"href":"https:\/\/szkolenia-udt.pl\/de\/wp-json\/wp\/v2\/users\/10"}],"replies":[{"embeddable":true,"href":"https:\/\/szkolenia-udt.pl\/de\/wp-json\/wp\/v2\/comments?post=3004"}],"version-history":[{"count":9,"href":"https:\/\/szkolenia-udt.pl\/de\/wp-json\/wp\/v2\/pages\/3004\/revisions"}],"predecessor-version":[{"id":4672,"href":"https:\/\/szkolenia-udt.pl\/de\/wp-json\/wp\/v2\/pages\/3004\/revisions\/4672"}],"up":[{"embeddable":true,"href":"https:\/\/szkolenia-udt.pl\/de\/wp-json\/wp\/v2\/pages\/1874"}],"wp:featuredmedia":[{"embeddable":true,"href":"https:\/\/szkolenia-udt.pl\/de\/wp-json\/wp\/v2\/media\/2659"}],"wp:attachment":[{"href":"https:\/\/szkolenia-udt.pl\/de\/wp-json\/wp\/v2\/media?parent=3004"}],"curies":[{"name":"wp","href":"https:\/\/api.w.org\/{rel}","templated":true}]}}