{"id":3016,"date":"2022-07-07T15:48:56","date_gmt":"2022-07-07T13:48:56","guid":{"rendered":"https:\/\/szkolenia-udt.pl\/?page_id=3016"},"modified":"2023-03-26T12:35:35","modified_gmt":"2023-03-26T10:35:35","slug":"raucherkurs","status":"publish","type":"page","link":"https:\/\/szkolenia-udt.pl\/de\/kursy\/sep-g1-g2-g3\/kurs-palacza\/","title":{"rendered":"Kurs f\u00fcr den Raucher von Zentralheizungs\u00f6fen und Kesseln"},"content":{"rendered":"<h2 class=\"wp-block-heading\"><strong>Informieren Sie sich bei CSO!<\/strong><\/h2>\n\n\n\n<p>Haben Sie dar\u00fcber nachgedacht, Ihre Qualifikationen zu erweitern und sich f\u00fcr eine neue Stelle zu qualifizieren? Oder fehlt es Ihnen an Fachkr\u00e4ften? Sie k\u00f6nnen sich jetzt beruflich ver\u00e4ndern oder Ihr Team gemeinsam mit dem OSO Operator Training Centre weiterbilden, indem Sie sich f\u00fcr einen Kurs Ihrer Wahl aus dem <a href=\"https:\/\/szkolenia-udt.pl\/de\/oferta\/\">Unser Angebot<\/a>! Das Interesse an der Ausbildung zum CO-Koch und Kesselbrenner, mit der Sie sich f\u00fcr Ihren Beruf qualifizieren k\u00f6nnen, ist derzeit sehr gro\u00df.&nbsp;&nbsp;&nbsp;<\/p>\n\n\n\n<h2 class=\"wp-block-heading\"><strong>Warum ist f\u00fcr den Betrieb von Zentralheizungskesseln eine Genehmigung erforderlich?<\/strong>&nbsp;<\/h2>\n\n\n<div class=\"wp-block-image\">\n<figure class=\"alignright size-full is-resized\"><a href=\"https:\/\/szkolenia-udt.pl\/wp-content\/uploads\/2022\/07\/CBLE_Dryback_three-quater_1000.jpg\"><img loading=\"lazy\" decoding=\"async\" src=\"https:\/\/szkolenia-udt.pl\/wp-content\/uploads\/2022\/07\/CBLE_Dryback_three-quater_1000.jpg\" alt=\"Qualifizierung f\u00fcr CO-Kesselraucher\" class=\"wp-image-3017\" width=\"500\" height=\"500\" srcset=\"https:\/\/szkolenia-udt.pl\/wp-content\/uploads\/2022\/07\/CBLE_Dryback_three-quater_1000.jpg 1000w, https:\/\/szkolenia-udt.pl\/wp-content\/uploads\/2022\/07\/CBLE_Dryback_three-quater_1000-300x300.jpg 300w, https:\/\/szkolenia-udt.pl\/wp-content\/uploads\/2022\/07\/CBLE_Dryback_three-quater_1000-150x150.jpg 150w, https:\/\/szkolenia-udt.pl\/wp-content\/uploads\/2022\/07\/CBLE_Dryback_three-quater_1000-768x768.jpg 768w\" sizes=\"auto, (max-width: 500px) 100vw, 500px\" \/><\/a><\/figure>\n<\/div>\n\n\n<p>In Einfamilienh\u00e4usern oder anderen Geb\u00e4uden mit geringer Grundfl\u00e4che werden Heizkessel mit geringer Leistung installiert, deren Betrieb recht einfach ist. Es gibt jedoch Geb\u00e4ude wie Krankenh\u00e4user, Hotels oder Wohnblocks, f\u00fcr die ein einfacher kleiner Heizkessel nicht ausreicht, um sie zu beheizen. In diesen F\u00e4llen werden Heizkessel mit einer Leistung von mehr als 50 kW eingesetzt, f\u00fcr deren Betrieb eine G2\/E-Qualifikation erforderlich ist.&nbsp;&nbsp;&nbsp;<\/p>\n\n\n\n<h2 class=\"wp-block-heading\"><strong>Wie sehen die Ausbildung und ihr Programm aus?<\/strong>&nbsp;<\/h2>\n\n\n\n<p>Das Ausbildungsprogramm ist so konzipiert, dass die Teilnehmer von Grund auf unterrichtet werden, d. h. sie werden in Gruppen eingeteilt, die das gleiche Niveau an Vorkenntnissen aufweisen. Die Ausbildung besteht aus einem theoretischen und einem praktischen Teil und wird von qualifizierten und erfahrenen Ausbildern erteilt. Ziel der Ausbildung ist es, dass die Auszubildenden die f\u00fcr ihre Arbeit erforderlichen Kenntnisse und F\u00e4higkeiten erwerben. Es werden alle Anstrengungen unternommen, um sicherzustellen, dass der Auszubildende am Ende des Kurses in der Lage ist, die Pr\u00fcfung abzulegen.\u00a0\u00a0<\/p>\n\n\n\n<h4 class=\"wp-block-heading\"><strong>Das Schulungsprogramm umfasst Themen wie:<\/strong>&nbsp;<\/h4>\n\n\n\n<ul class=\"dwiekolumny wp-block-list\">\n<li>Allgemeine Bestimmungen und ausgew\u00e4hlte Themen,&nbsp;<\/li>\n\n\n\n<li>Vorschriften f\u00fcr die technische \u00dcberwachung,&nbsp;<\/li>\n\n\n\n<li>Organisation von Arbeiten an thermischen Anlagen,&nbsp;<\/li>\n\n\n\n<li>die Aufgaben eines Zentralheizungsheizers,&nbsp;<\/li>\n\n\n\n<li>ausgew\u00e4hlte Kenntnisse der W\u00e4rmetechnik,&nbsp;<\/li>\n\n\n\n<li>Armaturen und Materialien,&nbsp;<\/li>\n\n\n\n<li>Schema des Heizungskellers der Zentralheizung,&nbsp;<\/li>\n\n\n\n<li>Wasser im W\u00e4rmemanagement,&nbsp;<\/li>\n\n\n\n<li>allgemeine Kenntnisse von Dampf- und Wasserkesseln,&nbsp;<\/li>\n\n\n\n<li>Kesselbetrieb,&nbsp;<\/li>\n\n\n\n<li>Netze und thermische Anlagen,&nbsp;<\/li>\n\n\n\n<li>industrielle Dampf- und Hei\u00dfwasseranlagen,&nbsp;<\/li>\n\n\n\n<li>feste und fl\u00fcssige Brennstoffe,&nbsp;<\/li>\n\n\n\n<li>Gesundheits- und Sicherheitsvorschriften f\u00fcr thermische Anlagen und den CO-Brenner, Brandschutz, medizinische Notf\u00e4lle.&nbsp;<\/li>\n<\/ul>\n\n\n\n<h2 class=\"wp-block-heading\"><strong>Wer kann Heizkesselw\u00e4rter werden?<\/strong>&nbsp;<\/h2>\n\n\n\n<p>Das Angebot des CSO Operator Training Centre richtet sich an alle, die drei Grundvoraussetzungen erf\u00fcllen:&nbsp;&nbsp;<\/p>\n\n\n\n<ul class=\"wp-block-list\">\n<li>mindestens 18 Jahre alt sein,&nbsp;&nbsp;<\/li>\n\n\n\n<li>Mindestgrundschulbildung,&nbsp;&nbsp;&nbsp;<\/li>\n\n\n\n<li>keine gesundheitlichen Kontraindikationen.&nbsp;&nbsp;<\/li>\n<\/ul>\n\n\n\n<p>Solange Sie den Wunsch haben, eine neue Qualifikation zu erwerben, gen\u00fcgt es uns, wenn Sie diese Bedingungen erf\u00fcllen. Wenn Sie sich \u00fcber Ihren Gesundheitszustand unsicher sind, brauchen Sie sich keine Sorgen zu machen. Sobald Sie sich f\u00fcr den Kurs angemeldet haben und bevor Sie anfangen, werden Sie zu einer Voruntersuchung \u00fcberwiesen, um Ihre Eignung f\u00fcr Arbeiten an Zentralheizungsherden und -kesseln festzustellen.&nbsp;<\/p>\n\n\n\n<h2 class=\"wp-block-heading\"><strong>Die Arbeit eines Zentralheizungsheizers<\/strong>&nbsp;<\/h2>\n\n\n\n<p>Die Teilnahme an der Ausbildung soll den Auszubildenden auf die sp\u00e4tere T\u00e4tigkeit vorbereiten. Es ist wichtig zu wissen, dass die Aufgabe des Heizers nicht nur darin besteht, die Katzen mit Brennstoff zu versorgen, sondern auch T\u00e4tigkeiten auszuf\u00fchren, die den Betrieb der Katzen verbessern. Zu seinen Aufgaben geh\u00f6ren:&nbsp;<\/p>\n\n\n\n<ul class=\"dwiekolumny wp-block-list\">\n<li>Kontrolle des Betriebs von Rauchgasreinigungs- und -ableitungsanlagen,&nbsp;<\/li>\n\n\n\n<li>Steuerung von Hilfsger\u00e4ten,&nbsp;<\/li>\n\n\n\n<li>Kontrolle der Kontroll- und Messger\u00e4te,\u00a0<\/li>\n\n\n\n<li>Sicherstellung, dass die Ausr\u00fcstung in einwandfreiem Zustand ist,&nbsp;<\/li>\n\n\n\n<li>Ablesungen von Spezialger\u00e4ten,&nbsp;<\/li>\n\n\n\n<li>Druck- und Temperatur\u00fcberwachung,&nbsp;<\/li>\n\n\n\n<li>\u00dcberpr\u00fcfung der Dichtheit von Leitungen, Armaturen und W\u00e4rmeversorgungsanlagen,&nbsp;<\/li>\n\n\n\n<li>F\u00fchrung eines Registers der Z\u00e4hlerst\u00e4nde und Messger\u00e4te.&nbsp;<\/li>\n<\/ul>\n\n\n<div class=\"wp-block-image\">\n<figure class=\"alignright size-full is-resized\"><a href=\"https:\/\/szkolenia-udt.pl\/wp-content\/uploads\/2022\/07\/Rotating_Comp1.jpg\"><img loading=\"lazy\" decoding=\"async\" src=\"https:\/\/szkolenia-udt.pl\/wp-content\/uploads\/2022\/07\/Rotating_Comp1.jpg\" alt=\"Arten von Zentralheizungskesseln\" class=\"wp-image-3019\" width=\"330\" height=\"220\" srcset=\"https:\/\/szkolenia-udt.pl\/wp-content\/uploads\/2022\/07\/Rotating_Comp1.jpg 660w, https:\/\/szkolenia-udt.pl\/wp-content\/uploads\/2022\/07\/Rotating_Comp1-300x200.jpg 300w\" sizes=\"auto, (max-width: 330px) 100vw, 330px\" \/><\/a><\/figure>\n<\/div>\n\n\n<h2 class=\"wp-block-heading\">&nbsp;<strong>Heizkessel und ihre Typen<\/strong>&nbsp;<\/h2>\n\n\n\n<p>Heizkessel funktionieren durch Erhitzen von Wasser, w\u00e4hrend der Brennstoff im Kessel verbrannt wird, und ihr Zweck ist die Beheizung des Zielgeb\u00e4udes. Es gibt verschiedene Arten von Brennstoffen und Arten der Verbrennung, was sich in den Heizkosten niederschl\u00e4gt. Der Brennstoff kann in fester, fl\u00fcssiger oder gasf\u00f6rmiger Form vorliegen. Die Klassifizierung von Heizkesseln ist sehr breit gef\u00e4chert und wird in der theoretischen Ausbildung ausf\u00fchrlich besprochen.&nbsp;&nbsp;<\/p>\n\n\n\n<h4 class=\"wp-block-heading\"><strong>Was die Heizkessel betrifft, so lassen sie sich einfach und schnell nach grundlegenden Kriterien gruppieren:<\/strong>&nbsp;<\/h4>\n\n\n\n<figure class=\"wp-block-table\"><table><thead><tr><th>W\u00e4rmetr\u00e4ger<\/th><th>An die Art des Brennstoffs angepasste Bauweise<\/th><th>Verwendetes Material<\/th><\/tr><\/thead><tbody><tr><td>\n<ul>\n<li>Wasser<\/li>\n<li>Dampf<\/li>\n<\/ul>\n<\/td><td>\n<ul>\n<li>\u00d6l<\/li>\n<li>Gas<\/li>\n<li>elektrisch<\/li>\n<li>f\u00fcr feste Brennstoffe<\/li>\n<li>Heizkessel mit reversibler Verbrennung<\/li>\n<li>Heizkessel mit Warmwasserbereiter<\/li>\n<\/ul>\n<\/td><td>\n<ul>\n<li>Stahl<\/li>\n<li>Gusseisen<\/li>\n<li>aus legiertem Stahl<\/li>\n<li>von Leichtmetalllegierungen auf Aluminiumbasis<\/li>\n<\/ul>\n<\/td><\/tr><\/tbody><\/table><\/figure>\n\n\n\n<h2 class=\"wp-block-heading\"><strong>Anmeldung zur Schulung<\/strong>&nbsp;<\/h2>\n\n\n\n<p>Sie k\u00f6nnen sich telefonisch f\u00fcr den Kurs anmelden. W\u00e4hrend des Gespr\u00e4chs \u00fcberpr\u00fcfen wir die Vorkenntnisse des Bewerbers, damit wir ihn einer geeigneten Gruppe zuordnen k\u00f6nnen. Wir vereinbaren das Datum und den Ort der Schulung. Dazu geh\u00f6ren auch die Schulungsaktivit\u00e4ten sowie die Unterrichtsmaterialien, die auf eine Online-Plattform hochgeladen werden.&nbsp;<\/p>\n\n\n\n<h2 class=\"wp-block-heading\"><strong>Ort der Ausbildung<\/strong>&nbsp;<\/h2>\n\n\n\n<p><a href=\"https:\/\/szkolenia-udt.pl\/de\/o-firmie\/\">Schulungszentrum f\u00fcr Bediener<\/a> bietet Schulungen im ganzen Land an, und im Falle einer Schulung f\u00fcr eine organisierte Gruppe von Mitarbeitern eines bestimmten Unternehmens bieten wir Reisen zum Standort des Kunden an.&nbsp;&nbsp;<\/p>\n\n\n\n<h2 class=\"wp-block-heading\"><strong>Vorteile der Teilnahme an der Schulung<\/strong>&nbsp;<\/h2>\n\n\n<div class=\"wp-block-image\">\n<figure class=\"alignleft size-large is-resized\"><a href=\"https:\/\/szkolenia-udt.pl\/wp-content\/uploads\/2022\/07\/Mechanical-Engineering-1-scaled.webp\"><img loading=\"lazy\" decoding=\"async\" src=\"https:\/\/szkolenia-udt.pl\/wp-content\/uploads\/2022\/07\/Mechanical-Engineering-1-1024x683.webp\" alt=\"Arbeit f\u00fcr Raucher: Schulungsprogramm, Umfang und Ort\" class=\"wp-image-3018\" width=\"512\" height=\"342\" srcset=\"https:\/\/szkolenia-udt.pl\/wp-content\/uploads\/2022\/07\/Mechanical-Engineering-1-1024x683.webp 1024w, https:\/\/szkolenia-udt.pl\/wp-content\/uploads\/2022\/07\/Mechanical-Engineering-1-300x200.webp 300w, https:\/\/szkolenia-udt.pl\/wp-content\/uploads\/2022\/07\/Mechanical-Engineering-1-768x512.webp 768w, https:\/\/szkolenia-udt.pl\/wp-content\/uploads\/2022\/07\/Mechanical-Engineering-1-1536x1024.webp 1536w, https:\/\/szkolenia-udt.pl\/wp-content\/uploads\/2022\/07\/Mechanical-Engineering-1-2048x1365.webp 2048w\" sizes=\"auto, (max-width: 512px) 100vw, 512px\" \/><\/a><\/figure>\n<\/div>\n\n\n<p>Nach Abschluss des Lehrgangs k\u00f6nnen Sie eine Pr\u00fcfung vor einem vom Pr\u00e4sidenten der Energieregulierungsbeh\u00f6rde ernannten Pr\u00fcfungsausschuss ablegen. Wenn Sie die Pr\u00fcfung bestehen, erhalten Sie eine Heizungslizenz der Kategorie G2\/E, die Sie zur Bedienung, Wartung, Reparatur und Installation von Zentralheizungs\u00f6fen und Heizkesseln berechtigt. Leider werden diese Lizenzen nicht unbefristet erteilt, sondern f\u00fcr einen Zeitraum von f\u00fcnf Jahren. Vor Ablauf dieser Frist m\u00fcssen Sie einen Antrag auf Verl\u00e4ngerung stellen.&nbsp;&nbsp;&nbsp;<\/p>\n\n\n\n<h2 class=\"wp-block-heading\"><strong>Warum sollten Sie sich f\u00fcr CSOs entscheiden?<\/strong>&nbsp;<\/h2>\n\n\n\n<p>Unsere Aufgabe ist es, k\u00fcnftige Fachkr\u00e4fte in verschiedenen Bereichen auszubilden, weshalb die Qualit\u00e4t der von uns angebotenen Schulungen auf h\u00f6chstem Niveau liegt. Wir sind seit vielen Jahren auf dem Markt t\u00e4tig und haben in dieser Zeit die n\u00f6tige Erfahrung gesammelt, nicht nur bei der Durchf\u00fchrung von Lehrg\u00e4ngen, sondern auch bei der kompletten Organisation und der effektiven Vorbereitung der Auszubildenden auf ihre Qualifikationspr\u00fcfungen. Mit uns zu lernen ist ein Vergn\u00fcgen.\u00a0\u00a0<\/p>\n\n\n\n<p><a href=\"https:\/\/szkolenia-udt.pl\/de\/kontakt\/\">Kontakt<\/a> und \u00fcberzeugen Sie sich selbst von den Vorteilen einer Teilnahme an einer CSO-Schulung!\u00a0 \u00a0<\/p>\n\n\n<div class=\"wp-block-image\">\n<figure class=\"aligncenter\"><a href=\"https:\/\/szkolenia-udt.pl\/wp-content\/uploads\/2022\/07\/0003-oso-kurs-g-2-cieplo.jpg\"><img loading=\"lazy\" decoding=\"async\" width=\"1024\" height=\"853\" src=\"https:\/\/szkolenia-udt.pl\/wp-content\/uploads\/2022\/07\/0003-oso-kurs-g-2-cieplo-1024x853.jpg\" alt=\"Grafik zur Beschreibung der Ausbildung\" class=\"wp-image-3024\" srcset=\"https:\/\/szkolenia-udt.pl\/wp-content\/uploads\/2022\/07\/0003-oso-kurs-g-2-cieplo-1024x853.jpg 1024w, https:\/\/szkolenia-udt.pl\/wp-content\/uploads\/2022\/07\/0003-oso-kurs-g-2-cieplo-300x250.jpg 300w, https:\/\/szkolenia-udt.pl\/wp-content\/uploads\/2022\/07\/0003-oso-kurs-g-2-cieplo-768x640.jpg 768w, https:\/\/szkolenia-udt.pl\/wp-content\/uploads\/2022\/07\/0003-oso-kurs-g-2-cieplo.jpg 1200w\" sizes=\"auto, (max-width: 1024px) 100vw, 1024px\" \/><\/a><\/figure>\n<\/div>","protected":false},"excerpt":{"rendered":"<p>Szk\u00f3l si\u0119 z OSO! My\u015bla\u0142e\u015b o tym, \u017ceby rozszerzy\u0107 swoje kwalifikacje i zdoby\u0107 uprawnienia do pracy na nowym stanowisku? A mo\u017ce brak Ci wykwalikowanych pracownik\u00f3w? Ju\u017c teraz mo\u017cesz zmieni\u0107 sw\u00f3j zaw\u00f3d lub przeszkoli\u0107 sw\u00f3j zesp\u00f3\u0142 razem z O\u015brodkiem Szkolenia Operator\u00f3w OSO, zapisuj\u0105c si\u0119 na wybrany kurs z naszej oferty! Aktualnie du\u017cym zainteresowaniem cieszy si\u0119 kurs [&hellip;]<\/p>\n","protected":false},"author":10,"featured_media":3017,"parent":1895,"menu_order":0,"comment_status":"closed","ping_status":"closed","template":"","meta":{"footnotes":""},"class_list":["post-3016","page","type-page","status-publish","has-post-thumbnail","hentry"],"aioseo_notices":[],"_links":{"self":[{"href":"https:\/\/szkolenia-udt.pl\/de\/wp-json\/wp\/v2\/pages\/3016","targetHints":{"allow":["GET"]}}],"collection":[{"href":"https:\/\/szkolenia-udt.pl\/de\/wp-json\/wp\/v2\/pages"}],"about":[{"href":"https:\/\/szkolenia-udt.pl\/de\/wp-json\/wp\/v2\/types\/page"}],"author":[{"embeddable":true,"href":"https:\/\/szkolenia-udt.pl\/de\/wp-json\/wp\/v2\/users\/10"}],"replies":[{"embeddable":true,"href":"https:\/\/szkolenia-udt.pl\/de\/wp-json\/wp\/v2\/comments?post=3016"}],"version-history":[{"count":8,"href":"https:\/\/szkolenia-udt.pl\/de\/wp-json\/wp\/v2\/pages\/3016\/revisions"}],"predecessor-version":[{"id":4772,"href":"https:\/\/szkolenia-udt.pl\/de\/wp-json\/wp\/v2\/pages\/3016\/revisions\/4772"}],"up":[{"embeddable":true,"href":"https:\/\/szkolenia-udt.pl\/de\/wp-json\/wp\/v2\/pages\/1895"}],"wp:featuredmedia":[{"embeddable":true,"href":"https:\/\/szkolenia-udt.pl\/de\/wp-json\/wp\/v2\/media\/3017"}],"wp:attachment":[{"href":"https:\/\/szkolenia-udt.pl\/de\/wp-json\/wp\/v2\/media?parent=3016"}],"curies":[{"name":"wp","href":"https:\/\/api.w.org\/{rel}","templated":true}]}}