{"id":3072,"date":"2022-08-04T13:19:41","date_gmt":"2022-08-04T11:19:41","guid":{"rendered":"https:\/\/szkolenia-udt.pl\/?page_id=3072"},"modified":"2024-01-12T12:51:55","modified_gmt":"2024-01-12T11:51:55","slug":"handhabungsgerate","status":"publish","type":"page","link":"https:\/\/szkolenia-udt.pl\/de\/kursy\/uprawnienia-udt-tdt-wdt\/urzadzenia-transportu-bliskiego\/","title":{"rendered":"Wartungskurs f\u00fcr Umschlagger\u00e4te"},"content":{"rendered":"<h2 class=\"wp-block-heading\">Wer kann die Instandhaltung von Materialtransportger\u00e4ten durchf\u00fchren?&nbsp;<\/h2>\n\n\n<div class=\"wp-block-image\">\n<figure class=\"alignleft is-resized\"><a href=\"https:\/\/szkolenia-udt.pl\/wp-content\/uploads\/2022\/08\/2-2.jpeg\"><img loading=\"lazy\" decoding=\"async\" width=\"1024\" height=\"683\" src=\"https:\/\/szkolenia-udt.pl\/wp-content\/uploads\/2022\/08\/2-2-1024x683.jpeg\" alt=\"Hubarbeitsb\u00fchnen im Einsatz\" class=\"wp-image-3114\" style=\"width:512px;height:342px\" srcset=\"https:\/\/szkolenia-udt.pl\/wp-content\/uploads\/2022\/08\/2-2-1024x683.jpeg 1024w, https:\/\/szkolenia-udt.pl\/wp-content\/uploads\/2022\/08\/2-2-300x200.jpeg 300w, https:\/\/szkolenia-udt.pl\/wp-content\/uploads\/2022\/08\/2-2-768x512.jpeg 768w, https:\/\/szkolenia-udt.pl\/wp-content\/uploads\/2022\/08\/2-2-1536x1024.jpeg 1536w, https:\/\/szkolenia-udt.pl\/wp-content\/uploads\/2022\/08\/2-2-18x12.jpeg 18w, https:\/\/szkolenia-udt.pl\/wp-content\/uploads\/2022\/08\/2-2.jpeg 1600w\" sizes=\"auto, (max-width: 1024px) 100vw, 1024px\" \/><\/a><\/figure>\n<\/div>\n\n\n<p>Heutzutage sind Aufz\u00fcge, mobile Plattformen und andere Vorrichtungen, die den Zugang f\u00fcr Menschen mit Behinderungen erleichtern, ein wesentliches Element eines jeden Geb\u00e4udes, das f\u00fcr die \u00f6ffentliche Nutzung bestimmt ist. In Polen geh\u00f6rt diese Art von Ausr\u00fcstung zu einer breiteren Kategorie, die als Handhabungsausr\u00fcstung bezeichnet wird.&nbsp;<\/p>\n\n\n\n<p>F\u00fcr die Wartung von F\u00f6rderanlagen ben\u00f6tigen Sie eine spezielle Genehmigung, die in Polen vom Amt f\u00fcr technische \u00dcberwachung ausgestellt wird. W\u00e4hrend des bei OSO organisierten Kurses erhalten Sie alle Informationen, die Sie ben\u00f6tigen, um die Pr\u00fcfung f\u00fcr die Instandhaltung von F\u00f6rderanlagen erfolgreich abzulegen.&nbsp;<\/p>\n\n\n\n<h2 class=\"wp-block-heading\">Warum ein Kurs zur Instandhaltung von Flurf\u00f6rderzeugen?&nbsp;<\/h2>\n\n\n\n<p>In der gegenw\u00e4rtigen Marktsituation in Polen ist ein Facharbeiter f\u00fcr einen Arbeitgeber sehr viel wert. Diejenigen, die \u00fcber eine Qualifikation verf\u00fcgen, die es ihnen erm\u00f6glicht, als Wartungsarbeiter von F\u00f6rderanlagen zu arbeiten, k\u00f6nnen mit sehr attraktiven Geh\u00e4ltern rechnen. Es ist eine gute Wahl f\u00fcr diejenigen, die bereit sind, ihren Arbeitsplatz gegen einen besser bezahlten einzutauschen.&nbsp;<\/p>\n\n\n<div class=\"wp-block-image\">\n<figure class=\"alignright size-large is-resized\"><a href=\"https:\/\/szkolenia-udt.pl\/wp-content\/uploads\/2022\/08\/1-2.jpeg\"><img loading=\"lazy\" decoding=\"async\" width=\"1024\" height=\"877\" src=\"https:\/\/szkolenia-udt.pl\/wp-content\/uploads\/2022\/08\/1-2-1024x877.jpeg\" alt=\"Gabelstapler im Ruhezustand\" class=\"wp-image-3113\" style=\"width:426px;height:365px\" srcset=\"https:\/\/szkolenia-udt.pl\/wp-content\/uploads\/2022\/08\/1-2-1024x877.jpeg 1024w, https:\/\/szkolenia-udt.pl\/wp-content\/uploads\/2022\/08\/1-2-300x257.jpeg 300w, https:\/\/szkolenia-udt.pl\/wp-content\/uploads\/2022\/08\/1-2-768x658.jpeg 768w, https:\/\/szkolenia-udt.pl\/wp-content\/uploads\/2022\/08\/1-2-1536x1316.jpeg 1536w, https:\/\/szkolenia-udt.pl\/wp-content\/uploads\/2022\/08\/1-2-14x12.jpeg 14w, https:\/\/szkolenia-udt.pl\/wp-content\/uploads\/2022\/08\/1-2.jpeg 1600w\" sizes=\"auto, (max-width: 1024px) 100vw, 1024px\" \/><\/a><\/figure>\n<\/div>\n\n\n<p>Der Beruf des Instandhalters von F\u00f6rderanlagen ist auch in Bezug auf die Besch\u00e4ftigung sehr sicher. Aufz\u00fcge und Plattformen f\u00fcr Behinderte sind ein obligatorischer Bestandteil der meisten Entwicklungen in der heutigen Bauindustrie. Daher steigt die Nachfrage nach Personen mit einer Genehmigung f\u00fcr die Wartung dieser Art von Ger\u00e4ten mit der Anzahl der Bauprojekte.&nbsp;<\/p>\n\n\n\n<h2 class=\"wp-block-heading\">Wer kann am Training teilnehmen?&nbsp;<\/h2>\n\n\n\n<p>Um die Pr\u00fcfung zum Instandhalter f\u00fcr Flurf\u00f6rderzeuge ablegen zu k\u00f6nnen, m\u00fcssen Sie zun\u00e4chst zwei Grundvoraussetzungen erf\u00fcllen:&nbsp;<\/p>\n\n\n\n<ul class=\"wp-block-list\">\n<li>Erwachsen sein<\/li>\n\n\n\n<li>mindestens einen Grundschulabschluss haben<\/li>\n\n\n\n<li>sich in einem f\u00fcr die Aus\u00fcbung des Berufs ausreichenden Gesundheitszustand befinden<\/li>\n<\/ul>\n\n\n\n<p>Die im Lehrgang zur Instandhaltung von Handhabungsger\u00e4ten erworbenen Qualifikationen sind f\u00fcnf Jahre lang g\u00fcltig. Nach diesem Zeitraum muss ich die Pr\u00fcfung erneut mit einem positiven Ergebnis ablegen, um meine beruflichen Leistungen zu erneuern.&nbsp;&nbsp;<\/p>\n\n\n\n<h2 class=\"wp-block-heading\">Wie sieht die Ausbildung zum Flurf\u00f6rderzeug-Instandhalter aus?&nbsp;<\/h2>\n\n\n\n<p>Wie die \u00fcbrigen von OSO angebotenen Kurse besteht auch der Kurs f\u00fcr die Wartung von F\u00f6rderanlagen aus drei Teilen: Theorie, Praxis und Pr\u00fcfung.<\/p>\n\n\n\n<figure class=\"wp-block-table\"><table><thead><tr><th>Theoretischer Teil<\/th><th>Praktischer Teil<\/th><th>Abschlusspr\u00fcfung<\/th><\/tr><thead><tbody><tr><td>In diesem Teil der Ausbildung lernen die Auszubildenden etwas \u00fcber Sicherheit und Gesundheitsschutz bei der Arbeit mit Flurf\u00f6rderzeugen, deren Konstruktion, die verschiedenen Ger\u00e4tetypen und das F\u00fchren der f\u00fcr die Wartung erforderlichen Unterlagen.  Dieser Teil der Ausbildung findet in der Regel in Form von Vortr\u00e4gen unserer Ausbilder statt. Auf Kundenwunsch ist es auch m\u00f6glich, diesen Teil des Kurses aus der Ferne zu organisieren.<\/td><td>Im praktischen Teil k\u00f6nnen die Auszubildenden die Bedienung und Wartung von Handhabungsger\u00e4ten in einer sicheren und kontrollierten Umgebung \u00fcben.  Unsere Ausbilder konzentrieren sich darauf, den Auszubildenden das Wissen zu vermitteln, das sie ben\u00f6tigen, um nicht nur die Pr\u00fcfung zu bestehen, sondern auch um sicher und effizient mit den Handhabungsger\u00e4ten arbeiten zu k\u00f6nnen.<\/td><td>Der Kurs f\u00fcr die Wartung von OSO-Umschlagger\u00e4ten endet mit einer Pr\u00fcfung vor einer von der UDT eingesetzten Kommission.  Genau wie die Ausbildung selbst besteht auch die Pr\u00fcfung aus einem theoretischen und einem praktischen Teil. Im theoretischen Teil m\u00fcssen die Auszubildenden eine Pr\u00fcfung schreiben, die aus offenen und geschlossenen Fragen besteht, in denen ihr Wissen \u00fcber Sicherheit und Gesundheitsschutz am Arbeitsplatz sowie \u00fcber den Bau und die Verwendung von Ger\u00e4ten gepr\u00fcft wird. Die praktische Pr\u00fcfung basiert auf der korrekten Durchf\u00fchrung einer Reihe von Aufgaben im Zusammenhang mit der Wartung und dem Betrieb der Umschlagger\u00e4te vor einer Jury.  Nach erfolgreichem Abschluss beider Pr\u00fcfungsteile sind die Teilnehmer berechtigt, als Wartungspersonal zu arbeiten.<\/td><\/tr><\/tbody><\/table><\/figure>\n\n\n\n<div>&nbsp;<\/div>\n\n\n\n<h2 class=\"wp-block-heading\">Wie lange dauert die Ausbildung zum Flurf\u00f6rderzeug-Instandhalter?&nbsp;<\/h2>\n\n\n<div class=\"wp-block-image\">\n<figure class=\"alignleft size-large is-resized\"><a href=\"https:\/\/szkolenia-udt.pl\/wp-content\/uploads\/2022\/08\/3-1.jpeg\"><img loading=\"lazy\" decoding=\"async\" width=\"1024\" height=\"760\" src=\"https:\/\/szkolenia-udt.pl\/wp-content\/uploads\/2022\/08\/3-1-1024x760.jpeg\" alt=\"Hebeb\u00fchne vor Ort\" class=\"wp-image-3115\" style=\"width:512px;height:380px\" srcset=\"https:\/\/szkolenia-udt.pl\/wp-content\/uploads\/2022\/08\/3-1-1024x760.jpeg 1024w, https:\/\/szkolenia-udt.pl\/wp-content\/uploads\/2022\/08\/3-1-300x223.jpeg 300w, https:\/\/szkolenia-udt.pl\/wp-content\/uploads\/2022\/08\/3-1-768x570.jpeg 768w, https:\/\/szkolenia-udt.pl\/wp-content\/uploads\/2022\/08\/3-1-1536x1140.jpeg 1536w, https:\/\/szkolenia-udt.pl\/wp-content\/uploads\/2022\/08\/3-1-16x12.jpeg 16w, https:\/\/szkolenia-udt.pl\/wp-content\/uploads\/2022\/08\/3-1-135x100.jpeg 135w, https:\/\/szkolenia-udt.pl\/wp-content\/uploads\/2022\/08\/3-1.jpeg 1600w\" sizes=\"auto, (max-width: 1024px) 100vw, 1024px\" \/><\/a><\/figure>\n<\/div>\n\n\n<p>OSO bietet Kurse f\u00fcr Menschen mit unterschiedlichem Erfahrungsstand an. Je nachdem kann der Kurs zwischen einigen Stunden und mehreren Tagen dauern.&nbsp;<\/p>\n\n\n\n<p>F\u00fcr Personen, die noch keine Erfahrung mit der Wartung von Umschlagger\u00e4ten haben, bietet OSO spezielle Kurse an, die in der Regel mehrere Tage dauern. In dieser Zeit erwerben die Auszubildenden das Wissen und die Erfahrung, die sie f\u00fcr ihre ersten Schritte in der Wartung dieser Art von Ger\u00e4ten ben\u00f6tigen.&nbsp;<\/p>\n\n\n\n<p>F\u00fcr diejenigen, die lediglich ihre bereits erworbenen Qualifikationen auffrischen m\u00f6chten, bietet unser Unternehmen Expresskurse an, die nur wenige Stunden dauern. Diese Schulungen dauern in der Regel einen Arbeitstag und enden mit einer Pr\u00fcfung, die am selben Tag abgelegt wird.&nbsp;&nbsp;<\/p>\n\n\n\n<p>Wenn Sie Ihre beruflichen Kompetenzen erweitern oder Ihre Mitarbeiter weiterbilden m\u00f6chten, wenden Sie sich bitte an unser Unternehmen. Die Termine der offenen Schulungen werden regelm\u00e4\u00dfig auf unserer Website ver\u00f6ffentlicht, ebenso wie die Preise. Individuelle Kunden <a href=\"https:\/\/szkolenia-udt.pl\/de\/kontakt\/\">Bitte kontaktieren Sie uns<\/a> mit unseren Beratern. Sie sind in der Lage, f\u00fcr jeden Kunden ein individuelles Angebot zu erstellen. Unser Unternehmen bietet attraktive Preise f\u00fcr Schulungen, und Unternehmen, die \u00fcber einen l\u00e4ngeren Zeitraum mit OSO zusammenarbeiten wollen, k\u00f6nnen mit Vorzugspreisen rechnen.&nbsp;<\/p>","protected":false},"excerpt":{"rendered":"<p>Kto mo\u017ce prowadzi\u0107 konserwacje urz\u0105dze\u0144 transportu bliskiego?&nbsp; Wsp\u00f3\u0142cze\u015bnie windy, ruchome podesty i inne urz\u0105dzenia u\u0142atwiaj\u0105ce dost\u0119p osobom niepe\u0142nosprawnym s\u0105 podstawowym elementem ka\u017cdego budynku przeznaczonego do u\u017cytku publicznego. W Polsce urz\u0105dzenia tego typu zaliczaj\u0105 si\u0119 do szerszej kategorii zwanej urz\u0105dzeniami transportu bliskiego.&nbsp; Do prowadzenia konserwacji urz\u0105dze\u0144 transportu bliskiego trzeba posiada\u0107 specjalne pozwolenia wydawane w Polsce przez [&hellip;]<\/p>\n","protected":false},"author":10,"featured_media":3074,"parent":2266,"menu_order":0,"comment_status":"closed","ping_status":"closed","template":"","meta":{"footnotes":""},"class_list":["post-3072","page","type-page","status-publish","has-post-thumbnail","hentry"],"aioseo_notices":[],"_links":{"self":[{"href":"https:\/\/szkolenia-udt.pl\/de\/wp-json\/wp\/v2\/pages\/3072","targetHints":{"allow":["GET"]}}],"collection":[{"href":"https:\/\/szkolenia-udt.pl\/de\/wp-json\/wp\/v2\/pages"}],"about":[{"href":"https:\/\/szkolenia-udt.pl\/de\/wp-json\/wp\/v2\/types\/page"}],"author":[{"embeddable":true,"href":"https:\/\/szkolenia-udt.pl\/de\/wp-json\/wp\/v2\/users\/10"}],"replies":[{"embeddable":true,"href":"https:\/\/szkolenia-udt.pl\/de\/wp-json\/wp\/v2\/comments?post=3072"}],"version-history":[{"count":11,"href":"https:\/\/szkolenia-udt.pl\/de\/wp-json\/wp\/v2\/pages\/3072\/revisions"}],"predecessor-version":[{"id":5368,"href":"https:\/\/szkolenia-udt.pl\/de\/wp-json\/wp\/v2\/pages\/3072\/revisions\/5368"}],"up":[{"embeddable":true,"href":"https:\/\/szkolenia-udt.pl\/de\/wp-json\/wp\/v2\/pages\/2266"}],"wp:featuredmedia":[{"embeddable":true,"href":"https:\/\/szkolenia-udt.pl\/de\/wp-json\/wp\/v2\/media\/3074"}],"wp:attachment":[{"href":"https:\/\/szkolenia-udt.pl\/de\/wp-json\/wp\/v2\/media?parent=3072"}],"curies":[{"name":"wp","href":"https:\/\/api.w.org\/{rel}","templated":true}]}}