{"id":3126,"date":"2022-08-12T14:52:09","date_gmt":"2022-08-12T12:52:09","guid":{"rendered":"https:\/\/szkolenia-udt.pl\/?page_id=3126"},"modified":"2023-03-26T10:19:24","modified_gmt":"2023-03-26T08:19:24","slug":"udt-ausbildung","status":"publish","type":"page","link":"https:\/\/szkolenia-udt.pl\/de\/kursy\/uprawnienia-udt-tdt-wdt\/szkolenia-z-zakresu-udt\/","title":{"rendered":"UDT-Ausbildung"},"content":{"rendered":"<h2 class=\"wp-block-heading\"><strong>UTB - Handhabungsger\u00e4te<\/strong>\u00a0<\/h2>\n\n\n<div class=\"wp-block-image\">\n<figure class=\"alignright size-large is-resized\"><a href=\"https:\/\/szkolenia-udt.pl\/wp-content\/uploads\/2022\/08\/1234.jpeg\"><img loading=\"lazy\" decoding=\"async\" src=\"https:\/\/szkolenia-udt.pl\/wp-content\/uploads\/2022\/08\/1234-1024x684.jpeg\" alt=\"Foto von Ausbildern w\u00e4hrend der UTD-Ausbildung\" class=\"wp-image-3128\" width=\"512\" height=\"342\" srcset=\"https:\/\/szkolenia-udt.pl\/wp-content\/uploads\/2022\/08\/1234-1024x684.jpeg 1024w, https:\/\/szkolenia-udt.pl\/wp-content\/uploads\/2022\/08\/1234-300x200.jpeg 300w, https:\/\/szkolenia-udt.pl\/wp-content\/uploads\/2022\/08\/1234-768x513.jpeg 768w, https:\/\/szkolenia-udt.pl\/wp-content\/uploads\/2022\/08\/1234-1536x1025.jpeg 1536w, https:\/\/szkolenia-udt.pl\/wp-content\/uploads\/2022\/08\/1234-18x12.jpeg 18w, https:\/\/szkolenia-udt.pl\/wp-content\/uploads\/2022\/08\/1234.jpeg 1600w\" sizes=\"auto, (max-width: 512px) 100vw, 512px\" \/><\/a><\/figure>\n<\/div>\n\n\n<p>Materialtransportger\u00e4te sind Ger\u00e4te, die unter der technischen Aufsicht der UDT stehen. Dazu geh\u00f6ren:&nbsp;<\/p>\n\n\n\n<ul class=\"wp-block-list\">\n<li>Kr\u00e4ne,&nbsp;&nbsp;<\/li>\n\n\n\n<li>verschiedene Arten von Kr\u00e4nen,&nbsp;&nbsp;<\/li>\n\n\n\n<li>Gabelstapler,&nbsp;&nbsp;<\/li>\n\n\n\n<li>Aufz\u00fcge,&nbsp;&nbsp;<\/li>\n\n\n\n<li>mobile Plattformen,&nbsp;&nbsp;<\/li>\n\n\n\n<li>Portalkr\u00e4ne,&nbsp;&nbsp;<\/li>\n\n\n\n<li>Hebezeuge und Winden.&nbsp;&nbsp;<\/li>\n<\/ul>\n\n\n\n<p>Das bedeutet, dass sie nur von einer Person bedient, repariert, gewartet und inspiziert werden d\u00fcrfen, die daf\u00fcr zertifiziert ist. Aus diesem Grund haben wir professionelle Kurse f\u00fcr diejenigen entwickelt, die sie erwerben m\u00f6chten. Wir bieten seit vielen Jahren professionelle Schulungen f\u00fcr Arbeitnehmer in ganz Polen an. Wir bieten professionelle Kurse an, die Ihnen die M\u00f6glichkeit geben, Genehmigungen des Technischen \u00dcberwachungsamtes zu erhalten und anschlie\u00dfend eine Stelle als Ger\u00e4tef\u00fchrer zu finden.\u00a0\u00a0<\/p>\n\n\n\n<h2 class=\"wp-block-heading\"><strong>CSO-Ausbildung<\/strong>&nbsp;<\/h2>\n\n\n\n<p>In unserem Angebot finden Sie u.a. Schulungen f\u00fcr&nbsp;<\/p>\n\n\n\n<ul class=\"dwiekolumny wp-block-list\">\n<li>mobile Hebeb\u00fchnen,&nbsp;<\/li>\n\n\n\n<li>station\u00e4re mobile Plattformen,&nbsp;<\/li>\n\n\n\n<li>Mastkletterarbeitsb\u00fchnen,&nbsp;<\/li>\n\n\n\n<li>h\u00e4ngende mobile Plattformen,&nbsp;<\/li>\n\n\n\n<li>Hubarbeitsb\u00fchnen,&nbsp;<\/li>\n\n\n\n<li>Scherenhebeb\u00fchnen,&nbsp;<\/li>\n\n\n\n<li>Portalkr\u00e4ne,&nbsp;<\/li>\n\n\n\n<li>HDS (hydraulischer Autokran).&nbsp;<\/li>\n<\/ul>\n\n\n\n<h2 class=\"wp-block-heading\"><strong>Unser Personal<\/strong>&nbsp;<\/h2>\n\n\n\n<p>Wir verf\u00fcgen \u00fcber hervorragend qualifizierte Ausbilder, die den Unterricht auf der Grundlage von Programmen erteilen, die in Zusammenarbeit mit den Zertifizierungsstellen, die die Qualifikationen ausstellen, entwickelt wurden. Jeder, der diesen Kurs besucht, wird unterst\u00fctzt und hat Zugang zu Lehrmaterial.&nbsp;&nbsp;<\/p>\n\n\n<div class=\"wp-block-image\">\n<figure class=\"alignleft size-large is-resized\"><a href=\"https:\/\/szkolenia-udt.pl\/wp-content\/uploads\/2022\/08\/123.webp\"><img loading=\"lazy\" decoding=\"async\" src=\"https:\/\/szkolenia-udt.pl\/wp-content\/uploads\/2022\/08\/123-1024x769.webp\" alt=\"Foto der Auszubildenden\" class=\"wp-image-3127\" width=\"512\" height=\"385\" srcset=\"https:\/\/szkolenia-udt.pl\/wp-content\/uploads\/2022\/08\/123-1024x769.webp 1024w, https:\/\/szkolenia-udt.pl\/wp-content\/uploads\/2022\/08\/123-300x225.webp 300w, https:\/\/szkolenia-udt.pl\/wp-content\/uploads\/2022\/08\/123-768x576.webp 768w, https:\/\/szkolenia-udt.pl\/wp-content\/uploads\/2022\/08\/123-1536x1153.webp 1536w, https:\/\/szkolenia-udt.pl\/wp-content\/uploads\/2022\/08\/123-16x12.webp 16w, https:\/\/szkolenia-udt.pl\/wp-content\/uploads\/2022\/08\/123.webp 1600w\" sizes=\"auto, (max-width: 512px) 100vw, 512px\" \/><\/a><\/figure>\n<\/div>\n\n\n<h2 class=\"wp-block-heading\"><strong>Umfang unserer Kurse<\/strong>&nbsp;<\/h2>\n\n\n\n<p>Wir sorgen f\u00fcr eine umfassende Vorbereitung der Teilnehmer durch Vortr\u00e4ge, in denen theoretisches Wissen vermittelt wird, f\u00fchren aber auch praktischen Unterricht durch, dank dem die Teilnehmer die erworbenen Informationen noch besser verinnerlichen k\u00f6nnen. Je nach Anzahl der Teilnehmer legen wir einen individuellen Preis f\u00fcr die Schulung fest, wobei f\u00fcr gr\u00f6\u00dfere Gruppen attraktive Rabatte m\u00f6glich sind. F\u00fcr weitere Informationen oder wenn Sie weitere Fragen haben, kontaktieren Sie uns bitte unter <a href=\"https:\/\/szkolenia-udt.pl\/de\/kontakt\/\">Kontaktaufnahme mit uns<\/a>.\u00a0<\/p>\n\n\n\n<h2 class=\"wp-block-heading\"><strong>Form und Zeitplan der Klassen<\/strong>&nbsp;<\/h2>\n\n\n\n<p>Der Kurs wird in zwei Formen angeboten:&nbsp;&nbsp;<\/p>\n\n\n\n<ul class=\"wp-block-list\">\n<li><strong>\u00f6ffnen <\/strong>- Sie richten sich an alle Interessierten und werden nach dem auf unserer Website ver\u00f6ffentlichten Zeitplan durchgef\u00fchrt,\u00a0\u00a0\u00a0<\/li>\n\n\n\n<li><strong>geschlossen <\/strong>- konzipiert f\u00fcr Gruppen, die von bestimmten Arbeitgebern oder Institutionen organisiert werden. Diese Kurse k\u00f6nnen individuell durchgef\u00fchrt werden, wobei die Bed\u00fcrfnisse der Kunden ber\u00fccksichtigt werden. F\u00fcr geschlossene Gruppen bieten wir Schulungen in unseren Niederlassungen an, aber wir k\u00f6nnen auch problemlos reisen und sie \u00fcberall in Polen durchf\u00fchren.\u00a0<\/li>\n<\/ul>\n\n\n\n<h2 class=\"wp-block-heading\"><strong>UDT - wichtige Informationen<\/strong>\u00a0<\/h2>\n\n\n\n<p>Das Amt f\u00fcr technische \u00dcberwachung ist die Beh\u00f6rde, die f\u00fcr den sicheren Betrieb aller technischen Ger\u00e4te und Anlagen zust\u00e4ndig ist, die gesetzlich der technischen \u00dcberwachung unterliegen. Es bietet sowohl UDT-CERT-Zertifizierungst\u00e4tigkeiten als auch Schulungen der UDT-Akademie an.\u00a0\u00a0<\/p>\n\n\n\n<h4 class=\"wp-block-heading\"><strong>Die Hauptaufgaben des B\u00fcros f\u00fcr technische \u00dcberwachung sind:<\/strong>&nbsp;&nbsp;<\/h4>\n\n\n\n<ul class=\"dwiekolumny wp-block-list\">\n<li>Zertifizierung der Qualit\u00e4t der Ausr\u00fcstung,&nbsp;&nbsp;<\/li>\n\n\n\n<li>Stellungnahmen abzugeben und Entscheidungen zu treffen,&nbsp;&nbsp;<\/li>\n\n\n\n<li>technische \u00dcberwachung der Ausr\u00fcstung,&nbsp;&nbsp;<\/li>\n\n\n\n<li>Schadensanalyse,&nbsp;&nbsp;&nbsp;<\/li>\n\n\n\n<li>die \u00dcberwachung des Risikograds,&nbsp;&nbsp;<\/li>\n\n\n\n<li>Erfassung der in Betrieb genommenen Ger\u00e4te,&nbsp;&nbsp;<\/li>\n\n\n\n<li>Nachweis der Qualifikationen,&nbsp;&nbsp;<\/li>\n\n\n\n<li>Durchf\u00fchrung von Ma\u00dfnahmen zur Verbesserung der beruflichen Qualifikation.&nbsp;<\/li>\n<\/ul>\n\n\n\n<h2 class=\"wp-block-heading\"><strong>UDT-Qualifikationen<\/strong>&nbsp;<\/h2>\n\n\n<div class=\"wp-block-image\">\n<figure class=\"aligncenter size-large is-resized\"><a href=\"https:\/\/szkolenia-udt.pl\/wp-content\/uploads\/2022\/08\/UDT-ERGON1.jpeg\"><img loading=\"lazy\" decoding=\"async\" src=\"https:\/\/szkolenia-udt.pl\/wp-content\/uploads\/2022\/08\/UDT-ERGON1-1024x433.jpeg\" alt=\"UDT-Zulassungsschulung\" class=\"wp-image-3129\" width=\"768\" height=\"325\" srcset=\"https:\/\/szkolenia-udt.pl\/wp-content\/uploads\/2022\/08\/UDT-ERGON1-1024x433.jpeg 1024w, https:\/\/szkolenia-udt.pl\/wp-content\/uploads\/2022\/08\/UDT-ERGON1-300x127.jpeg 300w, https:\/\/szkolenia-udt.pl\/wp-content\/uploads\/2022\/08\/UDT-ERGON1-768x325.jpeg 768w, https:\/\/szkolenia-udt.pl\/wp-content\/uploads\/2022\/08\/UDT-ERGON1-1536x650.jpeg 1536w, https:\/\/szkolenia-udt.pl\/wp-content\/uploads\/2022\/08\/UDT-ERGON1-18x8.jpeg 18w, https:\/\/szkolenia-udt.pl\/wp-content\/uploads\/2022\/08\/UDT-ERGON1.jpeg 1588w\" sizes=\"auto, (max-width: 768px) 100vw, 768px\" \/><\/a><\/figure>\n<\/div>\n\n\n<p>Das UDT-Zertifikat ist ein Bef\u00e4higungsnachweis f\u00fcr Personen, die der technischen \u00dcberwachung unterliegende Anlagen, insbesondere Flurf\u00f6rderzeuge, bedienen oder warten wollen. Das Zertifikat wird von einer Kommission ausgestellt, die vom Amt f\u00fcr technische \u00dcberwachung ernannt wird, und soll die Kenntnis der Spezifikationen f\u00fcr die technische \u00dcberwachung, der erforderlichen Vorschriften und Normen sowie die F\u00e4higkeit zur Durchf\u00fchrung praktischer T\u00e4tigkeiten im Zusammenhang mit dem Betrieb oder der Wartung von Ger\u00e4ten best\u00e4tigen. Wer einen Beruf aus\u00fcben m\u00f6chte, f\u00fcr den ein UDT-Zertifikat erforderlich ist, muss eine entsprechende Ausbildung absolvieren und eine Zulassungspr\u00fcfung ablegen. Der Bef\u00e4higungsnachweis wird auf der Grundlage einer erfolgreich bestandenen staatlichen Pr\u00fcfung vor einer vom Technischen \u00dcberwachungsverein eingesetzten Kommission ausgestellt. In dieser Pr\u00fcfung werden sowohl die theoretischen Kenntnisse als auch die praktischen Fertigkeiten im Umgang mit dem gew\u00e4hlten Umschlagger\u00e4t gepr\u00fcft. Um an der Pr\u00fcfung teilnehmen zu k\u00f6nnen, m\u00fcssen Sie den entsprechenden Antrag auf Nachweis der f\u00fcr die Bedienung und Wartung der technischen Ger\u00e4te erforderlichen Qualifikationen stellen. Wir bieten Ihnen Unterst\u00fctzung bei der Anmeldung zur UDT-Pr\u00fcfung!\u00a0<\/p>\n\n\n\n<p>Wir laden Sie ein, mit uns Kontakt aufzunehmen und sich f\u00fcr die von unserem Unternehmen angebotenen Schulungen anzumelden!<\/p>","protected":false},"excerpt":{"rendered":"<p>UTB \u2013 Urz\u0105dzenia Transportu Bliskiego\u00a0 Urz\u0105dzenia transportu bliskiego to urz\u0105dzenia, kt\u00f3re s\u0105 obj\u0119te dozorem technicznym UDT. S\u0105 to mi\u0119dzy innymi:&nbsp; Oznacza to, \u017ce ich obs\u0142ug\u0119, napraw\u0119, konserwacj\u0119 i przegl\u0105d mo\u017ce wykonywa\u0107 tyko osoba posiadaj\u0105ca do tego odpowiednie uprawnienia.\u00a0W zwi\u0105zku z powy\u017cszym, stworzyli\u015bmy profesjonalne kursy dla os\u00f3b ch\u0119tnych je zdoby\u0107. Profesjonalne szkolenia dla pracownik\u00f3w s\u0105 prowadzone [&hellip;]<\/p>\n","protected":false},"author":10,"featured_media":3127,"parent":2266,"menu_order":0,"comment_status":"closed","ping_status":"closed","template":"","meta":{"footnotes":""},"class_list":["post-3126","page","type-page","status-publish","has-post-thumbnail","hentry"],"aioseo_notices":[],"_links":{"self":[{"href":"https:\/\/szkolenia-udt.pl\/de\/wp-json\/wp\/v2\/pages\/3126","targetHints":{"allow":["GET"]}}],"collection":[{"href":"https:\/\/szkolenia-udt.pl\/de\/wp-json\/wp\/v2\/pages"}],"about":[{"href":"https:\/\/szkolenia-udt.pl\/de\/wp-json\/wp\/v2\/types\/page"}],"author":[{"embeddable":true,"href":"https:\/\/szkolenia-udt.pl\/de\/wp-json\/wp\/v2\/users\/10"}],"replies":[{"embeddable":true,"href":"https:\/\/szkolenia-udt.pl\/de\/wp-json\/wp\/v2\/comments?post=3126"}],"version-history":[{"count":3,"href":"https:\/\/szkolenia-udt.pl\/de\/wp-json\/wp\/v2\/pages\/3126\/revisions"}],"predecessor-version":[{"id":4736,"href":"https:\/\/szkolenia-udt.pl\/de\/wp-json\/wp\/v2\/pages\/3126\/revisions\/4736"}],"up":[{"embeddable":true,"href":"https:\/\/szkolenia-udt.pl\/de\/wp-json\/wp\/v2\/pages\/2266"}],"wp:featuredmedia":[{"embeddable":true,"href":"https:\/\/szkolenia-udt.pl\/de\/wp-json\/wp\/v2\/media\/3127"}],"wp:attachment":[{"href":"https:\/\/szkolenia-udt.pl\/de\/wp-json\/wp\/v2\/media?parent=3126"}],"curies":[{"name":"wp","href":"https:\/\/api.w.org\/{rel}","templated":true}]}}