{"id":3143,"date":"2022-08-18T13:21:16","date_gmt":"2022-08-18T11:21:16","guid":{"rendered":"https:\/\/szkolenia-udt.pl\/?page_id=3143"},"modified":"2023-03-20T14:13:38","modified_gmt":"2023-03-20T13:13:38","slug":"brennschneiden","status":"publish","type":"page","link":"https:\/\/szkolenia-udt.pl\/de\/kursy\/spawanie\/ciecie-palnikiem\/","title":{"rendered":"Schneiden mit dem Autogenbrenner"},"content":{"rendered":"<h2 class=\"wp-block-heading\"><strong>\u00dcber uns<\/strong><\/h2>\n\n\n<div class=\"wp-block-image\">\n<figure class=\"alignright size-large is-resized\"><a href=\"https:\/\/szkolenia-udt.pl\/wp-content\/uploads\/2022\/08\/2-5.jpeg\"><img loading=\"lazy\" decoding=\"async\" src=\"https:\/\/szkolenia-udt.pl\/wp-content\/uploads\/2022\/08\/2-5-1024x682.jpeg\" alt=\"Wo der Acetyl-Sauerstoff-Brenner verwendet wird\" class=\"wp-image-3145\" width=\"512\" height=\"341\" srcset=\"https:\/\/szkolenia-udt.pl\/wp-content\/uploads\/2022\/08\/2-5-1024x682.jpeg 1024w, https:\/\/szkolenia-udt.pl\/wp-content\/uploads\/2022\/08\/2-5-300x200.jpeg 300w, https:\/\/szkolenia-udt.pl\/wp-content\/uploads\/2022\/08\/2-5-768x511.jpeg 768w, https:\/\/szkolenia-udt.pl\/wp-content\/uploads\/2022\/08\/2-5-1536x1022.jpeg 1536w, https:\/\/szkolenia-udt.pl\/wp-content\/uploads\/2022\/08\/2-5-18x12.jpeg 18w, https:\/\/szkolenia-udt.pl\/wp-content\/uploads\/2022\/08\/2-5.jpeg 1600w\" sizes=\"auto, (max-width: 512px) 100vw, 512px\" \/><\/a><\/figure>\n<\/div>\n\n\n<p>Seit vielen Jahren f\u00fchren wir Fachschulungen f\u00fcr die Bedienung von technischen Ger\u00e4ten, wie z.B. Kr\u00e4nen, mobilen Arbeitsb\u00fchnen oder Gabelstaplern, Schulungen f\u00fcr Ofen- und Heizkesselw\u00e4rter und <a href=\"https:\/\/szkolenia-udt.pl\/de\/kursy\/prace-wysokosciowe\/\">H\u00f6henkurse<\/a> und Schwei\u00dfen, einschlie\u00dflich der Ausbildung im Brennschneiden mit Acetylen. Wir sind in ganz Polen und dar\u00fcber hinaus t\u00e4tig. Wir arbeiten auch mit staatlichen Pr\u00fcfungszentren zusammen, wie z.B.: UDT, TDT, WDT oder IMBiGS.\u00a0\u00a0<\/p>\n\n\n\n<h2 class=\"wp-block-heading\"><strong>Was garantiert die CSO-Ausbildung?<\/strong>\u00a0<\/h2>\n\n\n\n<p>In unserem Kurs lernen Sie vor allem: die gesetzlichen und technischen Vorschriften, die Arbeitsorganisation, die W\u00e4rmetechnik, den Arbeitsschutz und die Grundlagen des Acetylen-Sauerstoff-Schneidens.\u00a0\u00a0<\/p>\n\n\n\n<h2 class=\"wp-block-heading\"><strong>Anforderungen<\/strong><\/h2>\n\n\n\n<p>F\u00fcr die Teilnahme an der Schulung m\u00fcssen Sie \u00fcber folgende Voraussetzungen verf\u00fcgen:\u00a0<\/p>\n\n\n\n<ul class=\"wp-block-list\">\n<li>mindestens 18 Jahre alt sein,&nbsp;<\/li>\n\n\n\n<li>mindestens die Primarschule abgeschlossen haben,&nbsp;<\/li>\n\n\n\n<li>\u00e4rztliche Bescheinigung, dass keine Kontraindikationen f\u00fcr die Durchf\u00fchrung von Autogenschneidarbeiten vorliegen.\u00a0<\/li>\n<\/ul>\n\n\n\n<h2 class=\"wp-block-heading\"><strong>Schneiden mit dem Autogenbrenner<\/strong>\u00a0<\/h2>\n\n\n<div class=\"wp-block-image\">\n<figure class=\"alignleft size-large is-resized\"><img loading=\"lazy\" decoding=\"async\" src=\"https:\/\/szkolenia-udt.pl\/wp-content\/uploads\/2022\/08\/1-4-775x1024.jpeg\" alt=\"Plasmaschneiden\" class=\"wp-image-3144\" width=\"388\" height=\"512\" srcset=\"https:\/\/szkolenia-udt.pl\/wp-content\/uploads\/2022\/08\/1-4-775x1024.jpeg 775w, https:\/\/szkolenia-udt.pl\/wp-content\/uploads\/2022\/08\/1-4-227x300.jpeg 227w, https:\/\/szkolenia-udt.pl\/wp-content\/uploads\/2022\/08\/1-4-768x1015.jpeg 768w, https:\/\/szkolenia-udt.pl\/wp-content\/uploads\/2022\/08\/1-4-1163x1536.jpeg 1163w, https:\/\/szkolenia-udt.pl\/wp-content\/uploads\/2022\/08\/1-4-9x12.jpeg 9w, https:\/\/szkolenia-udt.pl\/wp-content\/uploads\/2022\/08\/1-4.jpeg 1211w\" sizes=\"auto, (max-width: 388px) 100vw, 388px\" \/><\/figure>\n<\/div>\n\n\n<p>Autogenes Brennschneiden ist eine Methode zum Trennen von Metallen, insbesondere von niedrig legierten und kohlenstoffarmen St\u00e4hlen. Beim Brennschneiden wird das Material auf Z\u00fcndtemperatur gebracht und die fl\u00fcssigen Metalloxide dann mit einem unter Druck stehenden Sauerstoffstrahl verbrannt und abgeblasen. Beim Aceylen-Sauerstoff-Schneiden kann das Material schnell sehr hohe Temperaturen erreichen.\u00a0\u00a0<\/p>\n\n\n\n<h4 class=\"wp-block-heading\">Wenn das Material nach dem Acetylen-Sauerstoff-Verfahren geschnitten werden soll, muss es zwei grundlegende Bedingungen erf\u00fcllen. Diese sind:<\/h4>\n\n\n\n<ul class=\"wp-block-list\">\n<li>Die Entz\u00fcndung des Metalls muss bei einer Temperatur unterhalb seines Schmelzpunkts erfolgen;&nbsp;<\/li>\n\n\n\n<li>Das Schmelzen der basischen Oxide muss bei einer Temperatur unterhalb der Entz\u00fcndungstemperatur erfolgen.&nbsp;<\/li>\n<\/ul>\n\n\n\n<h4 class=\"wp-block-heading\"><strong>Metalle, die sich nicht zum Brennschneiden eignen:<\/strong>&nbsp;<\/h4>\n\n\n\n<ul class=\"trzykolumny wp-block-list\">\n<li>Messing;&nbsp;<\/li>\n\n\n\n<li>Bronze;&nbsp;<\/li>\n\n\n\n<li>Wolfram;&nbsp;<\/li>\n\n\n\n<li>Titan;&nbsp;<\/li>\n\n\n\n<li>Gusseisen;&nbsp;<\/li>\n\n\n\n<li>Eisen.&nbsp;<\/li>\n<\/ul>\n\n\n\n<p>Wenn es darum geht, einen qualitativ hochwertigen Schnitt zu erzielen, sollte das Hauptaugenmerk auf der F\u00fchrung des Brenners, der Einhaltung des Abstands zwischen der Brennerd\u00fcse und dem zu schneidenden Material und einer m\u00f6glichst konstanten Schnittgeschwindigkeit liegen. Wenn es schwierig ist, den Abstand zu halten, werden F\u00fchrungsrollen eingesetzt. Der Abstand zwischen der D\u00fcse und dem zu schneidenden Material h\u00e4ngt von der Dicke des Materials ab. Die Qualit\u00e4t des Schnitts wird durch die Wahl des Brenners beeinflusst. Man unterscheidet zwischen Universalbrennern und reinen Schneidbrennern.\u00a0\u00a0<\/p>\n\n\n\n<h2 class=\"wp-block-heading\">Vor- und Nachteile des Brennschneidens<\/h2>\n\n\n\n<div class=\"wp-block-group dwiekolumny\"><div class=\"wp-block-group__inner-container is-layout-constrained wp-block-group-is-layout-constrained\">\n<h4 class=\"wp-block-heading\"><strong>Vorteile des Brennschneidens:<\/strong>&nbsp;<\/h4>\n\n\n\n<ul class=\"wp-block-list\">\n<li>M\u00f6glichkeit, in verschiedenen Winkeln zu schneiden;&nbsp;<\/li>\n\n\n\n<li>die M\u00f6glichkeit der Automatisierung;&nbsp;<\/li>\n\n\n\n<li>sehr gro\u00dfer Schnittst\u00e4rkenbereich;&nbsp;<\/li>\n\n\n\n<li>gute Schnittqualit\u00e4t bei dickeren Materialien;&nbsp;<\/li>\n\n\n\n<li>rechtwinklige Schnittkanten.&nbsp;<\/li>\n<\/ul>\n\n\n\n<h4 class=\"wp-block-heading\"><strong>Nachteile des Brennschneidens:<\/strong>&nbsp;<\/h4>\n\n\n\n<ul class=\"wp-block-list\">\n<li>niedrige Schnittgeschwindigkeit;&nbsp;<\/li>\n\n\n\n<li>gro\u00dfe W\u00e4rmeeinflusszone;&nbsp;<\/li>\n\n\n\n<li>kein Schneiden von hochlegierten St\u00e4hlen;&nbsp;<\/li>\n\n\n\n<li>Erh\u00f6hte Durchbruchszeit durch das Material.&nbsp;<\/li>\n<\/ul>\n<\/div><\/div>\n\n\n\n<h2 class=\"wp-block-heading\"><strong>Wo wird der Acetylen-Sauerstoff-Brenner verwendet?<\/strong>\u00a0<\/h2>\n\n\n\n<p>Diese Art von Brenner wird nicht nur in gro\u00dfen Unternehmen, sondern auch in kleinen Betrieben oder Werkst\u00e4tten verwendet. Er ist die Grundlage f\u00fcr alle Arbeiten, bei denen es um das Bearbeiten, Schneiden und Schwei\u00dfen von verschiedenen Metalllegierungen geht. Er wird \u00fcberall dort eingesetzt, wo es auf Pr\u00e4zision ankommt.  Das Schneiden mit einem Acetylen-Sauerstoff-Brenner verursacht relativ geringe Betriebskosten.&nbsp;<\/p>\n\n\n\n<h2 class=\"wp-block-heading\"><strong>Plasmaschneiden<\/strong>&nbsp;<\/h2>\n\n\n\n<p>Es besteht darin, dass das Metall mit einem Plasmalichtbogen, der zwischen der Elektrode und dem Werkst\u00fcck gl\u00fcht, geschmolzen und aus dem Schneidspalt ausgesto\u00dfen wird. Die Elektrode wird durch Wasser oder Luft gek\u00fchlt. Beim Plasmaschneiden schmilzt das Material an Ort und Stelle, und zwar bei Temperaturen von bis zu 2.000 Grad Celsius.&nbsp;&nbsp;<\/p>\n\n\n<div class=\"wp-block-image\">\n<figure class=\"alignright size-large is-resized\"><a href=\"https:\/\/szkolenia-udt.pl\/wp-content\/uploads\/2022\/08\/3-3.jpeg\"><img loading=\"lazy\" decoding=\"async\" src=\"https:\/\/szkolenia-udt.pl\/wp-content\/uploads\/2022\/08\/3-3-768x1024.jpeg\" alt=\"Wo der Acetyl-Sauerstoff-Brenner verwendet wird\" class=\"wp-image-3146\" width=\"384\" height=\"512\" srcset=\"https:\/\/szkolenia-udt.pl\/wp-content\/uploads\/2022\/08\/3-3-768x1024.jpeg 768w, https:\/\/szkolenia-udt.pl\/wp-content\/uploads\/2022\/08\/3-3-225x300.jpeg 225w, https:\/\/szkolenia-udt.pl\/wp-content\/uploads\/2022\/08\/3-3-1152x1536.jpeg 1152w, https:\/\/szkolenia-udt.pl\/wp-content\/uploads\/2022\/08\/3-3-9x12.jpeg 9w, https:\/\/szkolenia-udt.pl\/wp-content\/uploads\/2022\/08\/3-3.jpeg 1200w\" sizes=\"auto, (max-width: 384px) 100vw, 384px\" \/><\/a><\/figure>\n<\/div>\n\n\n<h4 class=\"wp-block-heading\"><strong>Plasmaschneidverfahren:<\/strong>&nbsp;<\/h4>\n\n\n\n<ul class=\"wp-block-list\">\n<li><strong>Anschr\u00e4gung<\/strong> - Der Brenner wird in einem geeigneten Winkel \u00fcber dem Bauteil platziert;&nbsp;<\/li>\n\n\n\n<li><strong>grundlegend<\/strong> - ist die klassische Bearbeitung des Werkst\u00fccks von der Kante her;&nbsp;<\/li>\n\n\n\n<li><strong>Vorlage<\/strong> - Die Verarbeitung des Materials erfolgt anhand eines vorgefertigten Musters;\u00a0<\/li>\n\n\n\n<li><strong>Fugenhobeln<\/strong> - Durch die schr\u00e4ge Positionierung des Plasmabrenners, so dass das Material nicht geschnitten wird, werden regelm\u00e4\u00dfige Rillen gebildet;\u00a0<\/li>\n\n\n\n<li><strong>mechanisiert<\/strong> - wird mit CNC-Maschinen und Industrierobotern durchgef\u00fchrt, die sicherste Art zu schneiden;&nbsp;<\/li>\n\n\n\n<li><strong>Gleichzeitiges Schneiden mehrerer Bl\u00e4tter<\/strong> - weniger Brennerbetrieb und Zeitersparnis.\u00a0<\/li>\n<\/ul>\n\n\n\n<h2 class=\"wp-block-heading\">Unsere anderen Kurse<\/h2>\n\n\n\n<p>Wir laden Sie ein, unter anderem Kurse in folgenden Bereichen zu belegen:\u00a0<\/p>\n\n\n\n<ul class=\"wp-block-list\">\n<li>Brennschneiden,&nbsp;<\/li>\n\n\n\n<li>Schwei\u00dfen,&nbsp;<\/li>\n\n\n\n<li>Schwei\u00dfen,&nbsp;<\/li>\n\n\n\n<li>Flanschverbindungen,&nbsp;<\/li>\n\n\n\n<li>L\u00f6ten.&nbsp;<\/li>\n<\/ul>\n\n\n\n<p>Wir schulen auch k\u00fcnftige Bediener und Instandhalter von Maschinen, d. h. von Kr\u00e4nen, HDS, mobilen Plattformen, Absetzkippern und anderen. Wir sind seit vielen Jahren in ganz Polen t\u00e4tig. Wir bieten professionelle Vorbereitung und T\u00dcV-Zertifizierung.&nbsp;<\/p>\n\n\n\n<p>Wir laden Sie ein, sich f\u00fcr offene Schulungen anzumelden und uns f\u00fcr geschlossene Schulungen zu kontaktieren.&nbsp;<\/p>\n\n\n<div class=\"wp-block-image\">\n<figure class=\"aligncenter\"><a href=\"https:\/\/szkolenia-udt.pl\/wp-content\/uploads\/2022\/08\/0071-oso.edu_.pl_.jpg\"><img loading=\"lazy\" decoding=\"async\" width=\"1024\" height=\"853\" src=\"https:\/\/szkolenia-udt.pl\/wp-content\/uploads\/2022\/08\/0071-oso.edu_.pl_-1024x853.jpg\" alt=\"grafische Werbung f\u00fcr die Ausbildung\" class=\"wp-image-3147\" srcset=\"https:\/\/szkolenia-udt.pl\/wp-content\/uploads\/2022\/08\/0071-oso.edu_.pl_-1024x853.jpg 1024w, https:\/\/szkolenia-udt.pl\/wp-content\/uploads\/2022\/08\/0071-oso.edu_.pl_-300x250.jpg 300w, https:\/\/szkolenia-udt.pl\/wp-content\/uploads\/2022\/08\/0071-oso.edu_.pl_-768x640.jpg 768w, https:\/\/szkolenia-udt.pl\/wp-content\/uploads\/2022\/08\/0071-oso.edu_.pl_-14x12.jpg 14w, https:\/\/szkolenia-udt.pl\/wp-content\/uploads\/2022\/08\/0071-oso.edu_.pl_.jpg 1200w\" sizes=\"auto, (max-width: 1024px) 100vw, 1024px\" \/><\/a><\/figure>\n<\/div>","protected":false},"excerpt":{"rendered":"<p>O nas Ju\u017c od wielu lat prowadzimy specjalistyczne szkolenia z zakresu obs\u0142ugi urz\u0105dze\u0144 technicznych, np. \u017curawi, podest\u00f3w ruchomych czy w\u00f3zk\u00f3w wid\u0142owych, szkolenia na palaczy piec\u00f3w i kot\u0142\u00f3w CO oraz kursy wysoko\u015bciowe i spawalnicze, w tym szkolenia z ci\u0119\u0107 palnikiem acetylenowo\u2013tlenowym.\u00a0Dzia\u0142amy na terenie ca\u0142ej Polski i nie tylko. Wsp\u00f3\u0142pracujemy tak\u017ce z pa\u0144stwowymi o\u015brodkami egzaminacyjnymi, takimi jak [&hellip;]<\/p>\n","protected":false},"author":10,"featured_media":3145,"parent":2583,"menu_order":0,"comment_status":"closed","ping_status":"closed","template":"","meta":{"footnotes":""},"class_list":["post-3143","page","type-page","status-publish","has-post-thumbnail","hentry"],"aioseo_notices":[],"_links":{"self":[{"href":"https:\/\/szkolenia-udt.pl\/de\/wp-json\/wp\/v2\/pages\/3143","targetHints":{"allow":["GET"]}}],"collection":[{"href":"https:\/\/szkolenia-udt.pl\/de\/wp-json\/wp\/v2\/pages"}],"about":[{"href":"https:\/\/szkolenia-udt.pl\/de\/wp-json\/wp\/v2\/types\/page"}],"author":[{"embeddable":true,"href":"https:\/\/szkolenia-udt.pl\/de\/wp-json\/wp\/v2\/users\/10"}],"replies":[{"embeddable":true,"href":"https:\/\/szkolenia-udt.pl\/de\/wp-json\/wp\/v2\/comments?post=3143"}],"version-history":[{"count":6,"href":"https:\/\/szkolenia-udt.pl\/de\/wp-json\/wp\/v2\/pages\/3143\/revisions"}],"predecessor-version":[{"id":4627,"href":"https:\/\/szkolenia-udt.pl\/de\/wp-json\/wp\/v2\/pages\/3143\/revisions\/4627"}],"up":[{"embeddable":true,"href":"https:\/\/szkolenia-udt.pl\/de\/wp-json\/wp\/v2\/pages\/2583"}],"wp:featuredmedia":[{"embeddable":true,"href":"https:\/\/szkolenia-udt.pl\/de\/wp-json\/wp\/v2\/media\/3145"}],"wp:attachment":[{"href":"https:\/\/szkolenia-udt.pl\/de\/wp-json\/wp\/v2\/media?parent=3143"}],"curies":[{"name":"wp","href":"https:\/\/api.w.org\/{rel}","templated":true}]}}