{"id":3150,"date":"2022-08-19T09:19:35","date_gmt":"2022-08-19T07:19:35","guid":{"rendered":"https:\/\/szkolenia-udt.pl\/?page_id=3150"},"modified":"2023-03-20T12:59:25","modified_gmt":"2023-03-20T11:59:25","slug":"gesundheits-und-sicherheitsschulung-von-personen","status":"publish","type":"page","link":"https:\/\/szkolenia-udt.pl\/de\/kursy\/bhp-ppoz\/szkolenia-bhp-oso\/","title":{"rendered":"Schulungen zu Gesundheit und Sicherheit am Arbeitsplatz"},"content":{"rendered":"<div class=\"wp-block-image\">\n<figure class=\"alignright size-large is-resized\"><a href=\"https:\/\/szkolenia-udt.pl\/wp-content\/uploads\/2022\/08\/1-5.jpeg\"><img loading=\"lazy\" decoding=\"async\" src=\"https:\/\/szkolenia-udt.pl\/wp-content\/uploads\/2022\/08\/1-5-1024x512.jpeg\" alt=\"Schulungen zu Gesundheit und Sicherheit\" class=\"wp-image-3151\" width=\"512\" height=\"256\" srcset=\"https:\/\/szkolenia-udt.pl\/wp-content\/uploads\/2022\/08\/1-5-1024x512.jpeg 1024w, https:\/\/szkolenia-udt.pl\/wp-content\/uploads\/2022\/08\/1-5-300x150.jpeg 300w, https:\/\/szkolenia-udt.pl\/wp-content\/uploads\/2022\/08\/1-5-768x384.jpeg 768w, https:\/\/szkolenia-udt.pl\/wp-content\/uploads\/2022\/08\/1-5-1536x768.jpeg 1536w, https:\/\/szkolenia-udt.pl\/wp-content\/uploads\/2022\/08\/1-5-18x9.jpeg 18w, https:\/\/szkolenia-udt.pl\/wp-content\/uploads\/2022\/08\/1-5.jpeg 1600w\" sizes=\"auto, (max-width: 512px) 100vw, 512px\" \/><\/a><\/figure>\n<\/div>\n\n\n<h2 class=\"wp-block-heading\"><strong>\u00dcber uns<\/strong>&nbsp;<\/h2>\n\n\n\n<p>In unserem <a href=\"https:\/\/szkolenia-udt.pl\/de\/o-firmie\/\">Schulungszentrum f\u00fcr Bediener<\/a> Wir bieten verschiedene Arten von Schulungen an, darunter Gesundheits- und Sicherheitsschulungen f\u00fcr Personen, die unter gef\u00e4hrlichen Bedingungen arbeiten, sowie Schulungen f\u00fcr die Bedienung von Gabelstaplern und das Schwei\u00dfen mit Glasfaserkabeln.\u00a0<\/p>\n\n\n\n<h2 class=\"wp-block-heading\"><strong>Warum sollten Sie einen Kurs \u00fcber Sicherheit und Gesundheitsschutz bei OSO besuchen?<\/strong>\u00a0<\/h2>\n\n\n\n<p>F\u00fcr Arbeitnehmer in besonders gef\u00e4hrlichen Positionen sollte mindestens einmal j\u00e4hrlich eine Unterweisung durchgef\u00fchrt werden. Es ist die Pflicht des Arbeitgebers, die Gesundheit und das Leben der Arbeitnehmer zu sch\u00fctzen, indem er ihnen sichere und hygienische Arbeitsbedingungen bietet.&nbsp;&nbsp;&nbsp;<\/p>\n\n\n\n<h2 class=\"wp-block-heading\"><strong>Zweck der Ausbildung<\/strong>&nbsp;<\/h2>\n\n\n\n<p>Ziel des Kurses ist es, Arbeitsunf\u00e4llen vorzubeugen, die Mitarbeiter mit m\u00f6glichen Gefahren vertraut zu machen und ihnen die Grunds\u00e4tze der richtigen Evakuierung und Ersten Hilfe zu vermitteln.&nbsp;&nbsp;<\/p>\n\n\n\n<h4 class=\"wp-block-heading\">Dar\u00fcber hinaus geh\u00f6ren zu den Leitprinzipien der Ausbildung:&nbsp;<\/h4>\n\n\n\n<ul class=\"wp-block-list\">\n<li>Verringerung der Gefahren bei der Ausf\u00fchrung besonders gef\u00e4hrlicher Arbeiten,&nbsp;<\/li>\n\n\n\n<li>Ermittlung und Bewertung von Gefahren bei besonders gef\u00e4hrlichen Arbeiten,&nbsp;<\/li>\n\n\n\n<li>F\u00e4higkeit zur Handhabung von Ger\u00e4ten und pers\u00f6nlicher Schutzausr\u00fcstung,&nbsp;<\/li>\n\n\n\n<li>rechtliche und organisatorische Anforderungen an Betreiber, die besonders gef\u00e4hrliche Arbeiten durchf\u00fchren,\u00a0<\/li>\n\n\n\n<li>F\u00e4higkeit, sichere Arbeitsverfahren zu organisieren,&nbsp;<\/li>\n\n\n\n<li>Praktische Ausbildung der Teilnehmer in den Grunds\u00e4tzen der Ersten Hilfe nach den neuesten ERC- und AHA-Standards,&nbsp;<\/li>\n\n\n\n<li>Gew\u00e4hrleistung der Sicherheit der anderen Arbeitnehmer,&nbsp;<\/li>\n\n\n\n<li>Beschaffung von Mustern der f\u00fcr die Durchf\u00fchrung besonders gef\u00e4hrlicher Arbeiten erforderlichen Unterlagen.&nbsp;<\/li>\n<\/ul>\n\n\n\n<h2 class=\"wp-block-heading\"><strong>Form der Klassen<\/strong>&nbsp;<\/h2>\n\n\n\n<p>H\u00e4ufigkeit und Form der Unterweisung h\u00e4ngen von der Art der Position ab, die der Arbeitnehmer innehat. Schulungen zu Sicherheit und Gesundheitsschutz sollten von den Arbeitgebern oder auf deren Wunsch von Organisationseinheiten organisiert und durchgef\u00fchrt werden, die zur Durchf\u00fchrung von Schulungen zu Sicherheit und Gesundheitsschutz befugt sind.\u00a0<\/p>\n\n\n\n<figure class=\"wp-block-table\"><table><thead><tr><th><strong>ARTEN VON SCHULUNGEN, DIE IN UNSEREM ZENTRUM ANGEBOTEN WERDEN<\/strong>\u00a0<\/th><\/tr><\/thead><tbody><tr><td><strong>Vorl\u00e4ufig <\/strong>-<strong> <\/strong>sollte an dem Tag stattfinden, an dem der Arbeitnehmer seinen Arbeitsplatz betritt.<\/td><\/tr><tr><td><strong>Regelm\u00e4\u00dfig <\/strong>-<strong> <\/strong>muss innerhalb eines Jahres nach der Einstellung bzw. bei F\u00fchrungskr\u00e4ften (max. 6 Monate nach der Erstausbildung) erfolgen.\u00a0<\/td><\/tr><\/tbody><\/table><\/figure>\n\n\n\n<h2 class=\"wp-block-heading\"><strong>Ordnungsgem\u00e4\u00dfe Unterweisung<\/strong>&nbsp;<\/h2>\n\n\n\n<p>Wenn es um die Sicherheit und den Gesundheitsschutz bei besonders gef\u00e4hrlichen Arbeiten geht, sollte die Unterweisung eine benannte Arbeitsteilung beinhalten. Wichtig sind auch die Reihenfolge der Aufgaben und die Sicherheits- und Gesundheitsschutzanforderungen f\u00fcr die einzelnen T\u00e4tigkeiten. Jeder Mitarbeiter muss wissen, welche Aufgaben in seinen Verantwortungsbereich fallen. Mitarbeiter, die Arbeiten wie z. B. seilunterst\u00fctztes Arbeiten ausf\u00fchren, sollten zus\u00e4tzlich eine spezielle Ausbildung f\u00fcr Arbeiten in der H\u00f6he erhalten. Unsere Dozenten und Ausbilder verf\u00fcgen \u00fcber das Wissen, die Berufserfahrung und die didaktischen F\u00e4higkeiten, um sicherzustellen, dass die Schulungsprogramme ordnungsgem\u00e4\u00df durchgef\u00fchrt werden. Der Unterricht findet in entsprechend ausgestatteten R\u00e4umen statt.&nbsp;<\/p>\n\n\n\n<h2 class=\"has-text-align-center wp-block-heading\"><a href=\"https:\/\/szkolenia-udt.pl\/wp-content\/uploads\/2022\/08\/3-1.webp\"><img loading=\"lazy\" decoding=\"async\" class=\"aligncenter wp-image-3153 size-large\" src=\"https:\/\/szkolenia-udt.pl\/wp-content\/uploads\/2022\/08\/3-1-1024x674.webp\" alt=\"Schulungen zu Gesundheit und Sicherheit\" width=\"750\" height=\"494\" srcset=\"https:\/\/szkolenia-udt.pl\/wp-content\/uploads\/2022\/08\/3-1-1024x674.webp 1024w, https:\/\/szkolenia-udt.pl\/wp-content\/uploads\/2022\/08\/3-1-300x197.webp 300w, https:\/\/szkolenia-udt.pl\/wp-content\/uploads\/2022\/08\/3-1-768x505.webp 768w, https:\/\/szkolenia-udt.pl\/wp-content\/uploads\/2022\/08\/3-1-1536x1011.webp 1536w, https:\/\/szkolenia-udt.pl\/wp-content\/uploads\/2022\/08\/3-1-18x12.webp 18w, https:\/\/szkolenia-udt.pl\/wp-content\/uploads\/2022\/08\/3-1.webp 1600w\" sizes=\"auto, (max-width: 750px) 100vw, 750px\" \/><\/a><\/h2>\n\n\n\n<h2 class=\"wp-block-heading\"><strong>Pflichten des Arbeitgebers im Bereich der Gesundheit und Sicherheit der Arbeitnehmer<\/strong>&nbsp;<\/h2>\n\n\n\n<p>Der Arbeitgeber ist f\u00fcr die Gew\u00e4hrleistung sicherer und gesunder Arbeitsbedingungen verantwortlich, indem er u. a:&nbsp;<\/p>\n\n\n\n<ul class=\"wp-block-list\">\n<li>kostenlose Bereitstellung von pers\u00f6nlichen Schutzausr\u00fcstungen f\u00fcr den Arbeitnehmer und Informationen \u00fcber deren Verwendung,&nbsp;<\/li>\n\n\n\n<li>Durchf\u00fchrung systematischer Gesundheits- und Sicherheitsschulungen f\u00fcr Mitarbeiter,&nbsp;<\/li>\n\n\n\n<li>die Herausgabe von detaillierten Anweisungen und Anleitungen zu Gesundheit und Sicherheit am Arbeitsplatz,&nbsp;<\/li>\n\n\n\n<li>Einf\u00fchrung der Mitarbeiter in die Vorschriften und Regeln f\u00fcr Sicherheit und Gesundheitsschutz an den verschiedenen Arbeitspl\u00e4tzen.&nbsp;<\/li>\n<\/ul>\n\n\n\n<h2 class=\"wp-block-heading\"><strong>Abschlusspr\u00fcfung der Ausbildung<\/strong>&nbsp;<\/h2>\n\n\n\n<p>Der Lehrgang f\u00fcr Sicherheit und Gesundheitsschutz am Arbeitsplatz schlie\u00dft mit einer Pr\u00fcfung ab, in der nachgewiesen wird, dass der Teilnehmer die im Programm vermittelten Kenntnisse erworben hat und in der Lage ist, die Arbeit nach den Grunds\u00e4tzen des Arbeitsschutzes durchzuf\u00fchren und zu organisieren. Nach erfolgreichem Abschluss des Kurses erh\u00e4lt der Teilnehmer ein Zertifikat, das vom Organisator der Schulung ausgestellt wird. Das Zertifikat wird in der Personalakte des Schulungsteilnehmers aufbewahrt.&nbsp;<\/p>\n\n\n\n<h2 class=\"wp-block-heading\"><strong>Thematischer Umfang der Aktivit\u00e4ten<\/strong>&nbsp;<\/h2>\n\n\n\n<p>Zu den Themen, die in den verschiedenen Panels des Kurses behandelt werden, geh\u00f6ren folgende:&nbsp;<\/p>\n\n\n\n<ul class=\"wp-block-list\">\n<li>Verwendung von pers\u00f6nlicher Schutzausr\u00fcstung,&nbsp;<\/li>\n\n\n\n<li>die Risikofaktoren, die mit der Ausf\u00fchrung besonders gef\u00e4hrlicher Arbeiten verbunden sind,&nbsp;<\/li>\n\n\n\n<li>Brandschutz, korrekte Beschilderung an Arbeitspl\u00e4tzen,&nbsp;<\/li>\n\n\n\n<li>die Grunds\u00e4tze der Erstellung von Unterlagen \u00fcber Sicherheit und Gesundheitsschutz am Arbeitsplatz,&nbsp;<\/li>\n\n\n\n<li>Gesundheits- und Sicherheitsvorschriften,&nbsp;<\/li>\n\n\n\n<li>Grunds\u00e4tze f\u00fcr die Behandlung von Unf\u00e4llen und Erste Hilfe,&nbsp;<\/li>\n\n\n\n<li>Umst\u00e4nde und Ursachen von Unf\u00e4llen bei besonders gef\u00e4hrlichen Arbeiten (Beispiele),&nbsp;<\/li>\n\n\n\n<li>Regeln f\u00fcr die Durchf\u00fchrung von Arbeiten in explosionsgef\u00e4hrdeten Bereichen,&nbsp;<\/li>\n\n\n\n<li>Regeln f\u00fcr die Evakuierung von Arbeitnehmern,&nbsp;<\/li>\n\n\n\n<li>Er\u00f6rterung authentischer Vorf\u00e4lle, die sich bei unsachgem\u00e4\u00dfer Arbeit in engen R\u00e4umen ereignet haben.<\/li>\n<\/ul>\n\n\n<div class=\"wp-block-image\">\n<figure class=\"alignleft size-large is-resized\"><a href=\"https:\/\/szkolenia-udt.pl\/wp-content\/uploads\/2022\/08\/2.webp\"><img loading=\"lazy\" decoding=\"async\" src=\"https:\/\/szkolenia-udt.pl\/wp-content\/uploads\/2022\/08\/2-1024x768.webp\" alt=\"Schulungen zu Gesundheit und Sicherheit\" class=\"wp-image-3152\" width=\"512\" height=\"384\" srcset=\"https:\/\/szkolenia-udt.pl\/wp-content\/uploads\/2022\/08\/2-1024x768.webp 1024w, https:\/\/szkolenia-udt.pl\/wp-content\/uploads\/2022\/08\/2-300x225.webp 300w, https:\/\/szkolenia-udt.pl\/wp-content\/uploads\/2022\/08\/2-768x576.webp 768w, https:\/\/szkolenia-udt.pl\/wp-content\/uploads\/2022\/08\/2-1536x1152.webp 1536w, https:\/\/szkolenia-udt.pl\/wp-content\/uploads\/2022\/08\/2-16x12.webp 16w, https:\/\/szkolenia-udt.pl\/wp-content\/uploads\/2022\/08\/2-135x100.webp 135w, https:\/\/szkolenia-udt.pl\/wp-content\/uploads\/2022\/08\/2.webp 1600w\" sizes=\"auto, (max-width: 512px) 100vw, 512px\" \/><\/a><\/figure>\n<\/div>\n\n\n<h2 class=\"wp-block-heading\"><strong>G\u00fcltigkeit der Ausbildung<\/strong>&nbsp;<\/h2>\n\n\n\n<p>Je nach Position betr\u00e4gt die G\u00fcltigkeitsdauer der Ausbildung zwischen 1 und 6 Jahren. F\u00fcr Arbeitgeber und Vorgesetzte, technische und kaufm\u00e4nnische Angestellte oder Angestellte, die f\u00fcr Sicherheit und Gesundheitsschutz verantwortlich sind, gilt die Schulung f\u00fcr einen Zeitraum von 5 Jahren. Personen, die an Arbeitspl\u00e4tzen besch\u00e4ftigt sind, f\u00fcr die eine Schulung in Form einer Unterweisung vorgesehen ist, sollten mindestens alle 3 Jahre eine Schulung erhalten. Bei Arbeitspl\u00e4tzen, an denen besonders hohe Risiken f\u00fcr die Sicherheit oder Gesundheit der Arbeitnehmer bestehen, jedoch mindestens einmal pro Jahr.\u00a0<\/p>\n\n\n\n<h2 class=\"wp-block-heading\"><strong>Preis der Ausbildung<\/strong>&nbsp;<\/h2>\n\n\n\n<p><a href=\"https:\/\/szkolenia-udt.pl\/de\/oferta\/\">Preis<\/a> <a href=\"https:\/\/szkolenia-udt.pl\/de\/kursy\/\">unserer Kurse<\/a> ist abh\u00e4ngig von der Anzahl der Teilnehmer. F\u00fcr gr\u00f6\u00dfere organisierte Gruppen haben wir attraktive Preisnachl\u00e4sse vorgesehen, da wir uns der Tatsache bewusst sind, dass Studieninteressierte eine gute Ausbildung zu einem guten Preis suchen. F\u00fcr weitere Informationen rufen Sie uns bitte an.&nbsp;<\/p>\n\n\n\n<h2 class=\"wp-block-heading\"><strong>Wo k\u00f6nnen Sie uns finden?<\/strong>&nbsp;<\/h2>\n\n\n\n<p>Wir sind in Warschau ans\u00e4ssig, bieten unsere Dienste aber landesweit an. F\u00fcr geschlossene Gruppen reisen wir zu Unternehmen oder an einen vereinbarten Ort. F\u00fcr weitere Informationen k\u00f6nnen Sie sich gerne an unser B\u00fcro wenden.<\/p>\n\n\n<div class=\"wp-block-image\">\n<figure class=\"aligncenter\"><a href=\"https:\/\/szkolenia-udt.pl\/wp-content\/uploads\/2022\/08\/0084-oso.edu_.pl_.jpg\"><img loading=\"lazy\" decoding=\"async\" width=\"1024\" height=\"853\" src=\"https:\/\/szkolenia-udt.pl\/wp-content\/uploads\/2022\/08\/0084-oso.edu_.pl_-1024x853.jpg\" alt=\"Schulungen zu Gesundheit und Sicherheit\" class=\"wp-image-3154\" srcset=\"https:\/\/szkolenia-udt.pl\/wp-content\/uploads\/2022\/08\/0084-oso.edu_.pl_-1024x853.jpg 1024w, https:\/\/szkolenia-udt.pl\/wp-content\/uploads\/2022\/08\/0084-oso.edu_.pl_-300x250.jpg 300w, https:\/\/szkolenia-udt.pl\/wp-content\/uploads\/2022\/08\/0084-oso.edu_.pl_-768x640.jpg 768w, https:\/\/szkolenia-udt.pl\/wp-content\/uploads\/2022\/08\/0084-oso.edu_.pl_-14x12.jpg 14w, https:\/\/szkolenia-udt.pl\/wp-content\/uploads\/2022\/08\/0084-oso.edu_.pl_.jpg 1200w\" sizes=\"auto, (max-width: 1024px) 100vw, 1024px\" \/><\/a><\/figure>\n<\/div>","protected":false},"excerpt":{"rendered":"<p>O nas&nbsp; W naszym O\u015brodku Szkolenia Operator\u00f3w prowadzimy r\u00f3\u017cnego rodzaju szkolenia m.in. BHP dla os\u00f3b wykonuj\u0105cych prac\u0119 w niebezpiecznych warunkach oraz z obs\u0142ugi w\u00f3zk\u00f3w wid\u0142owych czy spawania \u015bwiat\u0142owod\u00f3w.\u00a0 Dlaczego warto podj\u0105\u0107 kurs z zakresu BHP w OSO?\u00a0 Dla pracownik\u00f3w zatrudnionych na stanowiskach szczeg\u00f3lnie niebezpiecznych, szkolenia powinno przeprowadza\u0107 si\u0119 co najmniej raz w roku. Obowi\u0105zkiem pracodawcy [&hellip;]<\/p>\n","protected":false},"author":10,"featured_media":3152,"parent":2739,"menu_order":0,"comment_status":"closed","ping_status":"closed","template":"","meta":{"footnotes":""},"class_list":["post-3150","page","type-page","status-publish","has-post-thumbnail","hentry"],"aioseo_notices":[],"_links":{"self":[{"href":"https:\/\/szkolenia-udt.pl\/de\/wp-json\/wp\/v2\/pages\/3150","targetHints":{"allow":["GET"]}}],"collection":[{"href":"https:\/\/szkolenia-udt.pl\/de\/wp-json\/wp\/v2\/pages"}],"about":[{"href":"https:\/\/szkolenia-udt.pl\/de\/wp-json\/wp\/v2\/types\/page"}],"author":[{"embeddable":true,"href":"https:\/\/szkolenia-udt.pl\/de\/wp-json\/wp\/v2\/users\/10"}],"replies":[{"embeddable":true,"href":"https:\/\/szkolenia-udt.pl\/de\/wp-json\/wp\/v2\/comments?post=3150"}],"version-history":[{"count":3,"href":"https:\/\/szkolenia-udt.pl\/de\/wp-json\/wp\/v2\/pages\/3150\/revisions"}],"predecessor-version":[{"id":4615,"href":"https:\/\/szkolenia-udt.pl\/de\/wp-json\/wp\/v2\/pages\/3150\/revisions\/4615"}],"up":[{"embeddable":true,"href":"https:\/\/szkolenia-udt.pl\/de\/wp-json\/wp\/v2\/pages\/2739"}],"wp:featuredmedia":[{"embeddable":true,"href":"https:\/\/szkolenia-udt.pl\/de\/wp-json\/wp\/v2\/media\/3152"}],"wp:attachment":[{"href":"https:\/\/szkolenia-udt.pl\/de\/wp-json\/wp\/v2\/media?parent=3150"}],"curies":[{"name":"wp","href":"https:\/\/api.w.org\/{rel}","templated":true}]}}