{"id":3173,"date":"2022-08-23T14:52:09","date_gmt":"2022-08-23T12:52:09","guid":{"rendered":"https:\/\/szkolenia-udt.pl\/?page_id=3173"},"modified":"2023-03-24T18:51:25","modified_gmt":"2023-03-24T17:51:25","slug":"kurs-fur-baugeschirr","status":"publish","type":"page","link":"https:\/\/szkolenia-udt.pl\/de\/kursy\/prace-wysokosciowe\/kurs-na-szelki-budowlane\/","title":{"rendered":"Kurs f\u00fcr Baugeschirr"},"content":{"rendered":"<div class=\"wp-block-image\">\n<figure class=\"alignright size-large is-resized\"><a href=\"https:\/\/szkolenia-udt.pl\/wp-content\/uploads\/2023\/03\/qwe.jpeg\"><img loading=\"lazy\" decoding=\"async\" src=\"https:\/\/szkolenia-udt.pl\/wp-content\/uploads\/2023\/03\/qwe-1024x683.jpeg\" alt=\"Bauklammern\" class=\"wp-image-4178\" width=\"512\" height=\"342\" srcset=\"https:\/\/szkolenia-udt.pl\/wp-content\/uploads\/2023\/03\/qwe-1024x683.jpeg 1024w, https:\/\/szkolenia-udt.pl\/wp-content\/uploads\/2023\/03\/qwe-300x200.jpeg 300w, https:\/\/szkolenia-udt.pl\/wp-content\/uploads\/2023\/03\/qwe-768x512.jpeg 768w, https:\/\/szkolenia-udt.pl\/wp-content\/uploads\/2023\/03\/qwe-1536x1024.jpeg 1536w, https:\/\/szkolenia-udt.pl\/wp-content\/uploads\/2023\/03\/qwe-18x12.jpeg 18w, https:\/\/szkolenia-udt.pl\/wp-content\/uploads\/2023\/03\/qwe.jpeg 1600w\" sizes=\"auto, (max-width: 512px) 100vw, 512px\" \/><\/a><\/figure>\n<\/div>\n\n\n<h2 class=\"wp-block-heading\">\u00dcber die Ausbildung<\/h2>\n\n\n\n<p>Arbeiten in der H\u00f6he sind mit enormen Risiken und vielen Gefahren verbunden. Um sich vor einem Absturz zu sch\u00fctzen, ist die Verwendung von Auffanggurten unerl\u00e4sslich. Sie verringern das Verletzungsrisiko und sch\u00fctzen Sie vor allem vor St\u00fcrzen. In der Schulung lernen Sie die grundlegenden Gesundheits- und Sicherheitsvorschriften kennen. <a href=\"https:\/\/szkolenia-udt.pl\/de\/o-firmie\/\">Schulungszentrum f\u00fcr Bediener<\/a> sorgt daf\u00fcr, dass der Unterricht auf die Bed\u00fcrfnisse der Sch\u00fcler abgestimmt wird.\u00a0<\/p>\n\n\n\n<h2 class=\"wp-block-heading\"><strong>Verlauf der Ausbildung<\/strong>&nbsp;<\/h2>\n\n\n\n<p>Nachstehend finden Sie eine Liste der Themen, die in unseren Kursen behandelt werden.&nbsp;<\/p>\n\n\n\n<figure class=\"wp-block-table\"><table><tbody><tr><td><strong>Ausgabe<\/strong>&nbsp;<\/td><td><strong>Diskussion des Themas<\/strong>&nbsp;<\/td><\/tr><tr><td>Rechtliche Anforderungen&nbsp;<\/td><td>Der Teilnehmer lernt die Gesundheits- und Sicherheitsvorschriften und die Gesetzgebung im Zusammenhang mit Arbeiten in der H\u00f6he kennen.&nbsp;<\/td><\/tr><tr><td>Art der Arbeit&nbsp;<\/td><td>Erkennen von Gefahren am Arbeitsplatz, Risikoeinsch\u00e4tzung und Informationen \u00fcber die physischen Arbeitsbedingungen.&nbsp;<\/td><\/tr><tr><td>Ausr\u00fcstung&nbsp;<\/td><td>Die Sch\u00fcler lernen, wie man die Ausr\u00fcstung (z. B. Gurtzeuge) richtig ausw\u00e4hlt, wie man sie benutzt und wie man sie im Falle unerw\u00fcnschter Situationen kontrolliert.&nbsp;<\/td><\/tr><tr><td>Versicherung&nbsp;<\/td><td>Vertrautmachen mit der Verwendung von pers\u00f6nlicher Schutzausr\u00fcstung und Ma\u00dfnahmen zur Unfallverh\u00fctung.&nbsp;<\/td><\/tr><tr><td>Praxis&nbsp;<\/td><td>Erlernen praktischer F\u00e4higkeiten, die bei Arbeiten in der H\u00f6he n\u00fctzlich sind.&nbsp;<\/td><\/tr><tr><td>Rettung&nbsp;<\/td><td>Die Teilnehmer erlernen Rettungsfertigkeiten und setzen sie in die Praxis um. Sie lernen zum Beispiel, was \"H\u00e4ngeschock\" bedeutet und wie man ihn verhindern kann.&nbsp;<\/td><\/tr><\/tbody><\/table><\/figure>\n\n\n\n<p>Alle behandelten Themen sind f\u00fcr das korrekte und sichere Arbeiten in der H\u00f6he und beim Bergsteigen \u00e4u\u00dferst wichtig. Nach Abschluss des Kurses bei OSO erhalten die Teilnehmer eine Lizenz f\u00fcr H\u00f6henarbeiten. Dieser ist drei Jahre lang g\u00fcltig.&nbsp;&nbsp;<\/p>\n\n\n\n<h2 class=\"wp-block-heading\"><strong>Was bietet der Kurs?&nbsp;<\/strong>&nbsp;<\/h2>\n\n\n<div class=\"wp-block-image\">\n<figure class=\"alignleft size-large is-resized\"><a href=\"https:\/\/szkolenia-udt.pl\/wp-content\/uploads\/2022\/08\/2-8.jpeg\"><img loading=\"lazy\" decoding=\"async\" src=\"https:\/\/szkolenia-udt.pl\/wp-content\/uploads\/2022\/08\/2-8-1024x683.jpeg\" alt=\"Industriekletterer\" class=\"wp-image-3175\" width=\"512\" height=\"342\" srcset=\"https:\/\/szkolenia-udt.pl\/wp-content\/uploads\/2022\/08\/2-8-1024x683.jpeg 1024w, https:\/\/szkolenia-udt.pl\/wp-content\/uploads\/2022\/08\/2-8-300x200.jpeg 300w, https:\/\/szkolenia-udt.pl\/wp-content\/uploads\/2022\/08\/2-8-768x512.jpeg 768w, https:\/\/szkolenia-udt.pl\/wp-content\/uploads\/2022\/08\/2-8-1536x1024.jpeg 1536w, https:\/\/szkolenia-udt.pl\/wp-content\/uploads\/2022\/08\/2-8-18x12.jpeg 18w, https:\/\/szkolenia-udt.pl\/wp-content\/uploads\/2022\/08\/2-8.jpeg 1600w\" sizes=\"auto, (max-width: 512px) 100vw, 512px\" \/><\/a><\/figure>\n<\/div>\n\n\n<p>Wenn wir Folgendes verwenden wollen <a href=\"https:\/\/szkolenia-udt.pl\/de\/kursy\/prace-wysokosciowe\/ochrona-przed-upadkiem\/\">Sicherheitsgurte<\/a> oder unsere Mitarbeiter dies tun m\u00fcssen, kann eine Schulung im Umgang mit einem solchen Hilfsmittel erforderlich sein. Das kann man sich selbst aneignen, aber der Kurs vermittelt viel mehr als nur den Gebrauch des Gurtes - das ist nur ein Teil davon. Er ist f\u00fcr die Arbeit im Gebirge von gro\u00dfem Nutzen. Mit dem Kurs erhalten Sie einen Qualifikationsnachweis f\u00fcr Arbeiten in der H\u00f6he. Dies ist f\u00fcr Arbeitgeber besonders wichtig, wenn Sie sich um eine Stelle als Industriekletterer oder einfach als Arbeiter, der z. B. auf einem Dach arbeitet, bewerben wollen.\u00a0<\/p>\n\n\n\n<h2 class=\"wp-block-heading\"><strong>Anforderungen an Auszubildende<\/strong>&nbsp;<\/h2>\n\n\n\n<p>Um mit der Ausbildung beginnen zu k\u00f6nnen, m\u00fcssen die folgenden Voraussetzungen erf\u00fcllt sein:&nbsp;<\/p>\n\n\n\n<ul class=\"wp-block-list\">\n<li>mindestens 18 Jahre alt sein,<\/li>\n\n\n\n<li>zumindest eine Grundausbildung haben,<\/li>\n\n\n\n<li>keine gesundheitlichen Gegenanzeigen f\u00fcr Arbeiten in einer H\u00f6he von mehr als drei Metern haben. <\/li>\n<\/ul>\n\n\n\n<p>Diejenigen, die sich f\u00fcr den Kurs anmelden m\u00f6chten, m\u00fcssen eine Pr\u00fcfung ablegen, die sie dazu berechtigt, in einer H\u00f6he von mehr als drei Metern zu arbeiten, was eine zus\u00e4tzliche formale M\u00f6glichkeit darstellt.\u00a0<\/p>\n\n\n\n<h2 class=\"wp-block-heading\"><strong>Konstruktion des Gurtzeugs<\/strong>&nbsp;<\/h2>\n\n\n\n<p>Diese Ausr\u00fcstung muss an die Art der ausgef\u00fchrten Arbeiten angepasst werden. In der Norm EN 361 sind spezifische Anforderungen an die Konstruktion der Auffanggurte festgelegt. Dar\u00fcber hinaus ist das Material, aus dem sie bestehen m\u00fcssen, wie Polyamid, Polyester oder auch Stahl, wichtig. Normalerweise haben Auffanggurte einen oder zwei Befestigungspunkte, die eine weitere Norm erf\u00fcllen und mit dem Buchstaben A gekennzeichnet sind. Dieses Element befindet sich hinten auf dem R\u00fccken und vorne in der N\u00e4he des Brustbeins. Es ist wichtig zu wissen, dass das Vorhandensein von nur einem Befestigungspunkt bedeutet, dass die Norm nur zur H\u00e4lfte erf\u00fcllt ist und die Bezeichnung w\u00f6rtlich \"halbes A\" lautet, d. h. A\/2. Der Auffanggurt kann einen Gurt haben, der f\u00fcr unterst\u00fctzte Arbeiten n\u00fctzlich ist - er besteht aus einem Gurt und zwei Schnallen, die sich im H\u00fcftgurt befinden. Ein weiteres optionales Element ist ein Punkt auf dem Bauch. Dieser wiederum ist f\u00fcr die Arbeit am Seil gedacht. Es liegt an uns zu entscheiden, ob wir sie brauchen. Wenn Sie in gest\u00fctzter Position arbeiten, sollten Sie den Kauf eines Auffanggurts mit Gurt in Betracht ziehen. \u00dcberpr\u00fcfen Sie den Auffanggurt immer auf M\u00e4ngel, bevor Sie mit der Arbeit beginnen. Denken Sie daran, dass die regelm\u00e4\u00dfige Inspektion der Ausr\u00fcstung Sie nicht davon befreit, deren Funktionst\u00fcchtigkeit zu \u00fcberpr\u00fcfen.<\/p>\n\n\n\n<h2 class=\"wp-block-heading\"><strong>Wer sollte eine Zahnspange tragen?<\/strong>&nbsp;<\/h2>\n\n\n<div class=\"wp-block-image\">\n<figure class=\"alignright size-large is-resized\"><a href=\"https:\/\/szkolenia-udt.pl\/wp-content\/uploads\/2022\/08\/1-7.jpeg\"><img loading=\"lazy\" decoding=\"async\" src=\"https:\/\/szkolenia-udt.pl\/wp-content\/uploads\/2022\/08\/1-7-1024x682.jpeg\" alt=\"Arbeiten in der H\u00f6he\" class=\"wp-image-3174\" width=\"512\" height=\"341\" srcset=\"https:\/\/szkolenia-udt.pl\/wp-content\/uploads\/2022\/08\/1-7-1024x682.jpeg 1024w, https:\/\/szkolenia-udt.pl\/wp-content\/uploads\/2022\/08\/1-7-300x200.jpeg 300w, https:\/\/szkolenia-udt.pl\/wp-content\/uploads\/2022\/08\/1-7-768x512.jpeg 768w, https:\/\/szkolenia-udt.pl\/wp-content\/uploads\/2022\/08\/1-7-1536x1023.jpeg 1536w, https:\/\/szkolenia-udt.pl\/wp-content\/uploads\/2022\/08\/1-7-18x12.jpeg 18w, https:\/\/szkolenia-udt.pl\/wp-content\/uploads\/2022\/08\/1-7.jpeg 1600w\" sizes=\"auto, (max-width: 512px) 100vw, 512px\" \/><\/a><\/figure>\n<\/div>\n\n\n<p>Sicherheitsgeschirre sind f\u00fcr Personen gedacht, die Arbeiten in der H\u00f6he ausf\u00fchren. Zu solchen Arbeiten geh\u00f6rt das Reinigen der Fassade oder der Fenster eines Geb\u00e4udes. Besonders gef\u00e4hrlich sind Arbeiten an Hochh\u00e4usern sowie Fassadenanstriche, die das Tragen eines Auffanggurtes erfordern, und au\u00dferdem Elektroarbeiten und Bergsteigen, d. h. die Durchf\u00fchrung von Elektroinstallationen, das F\u00e4llen von B\u00e4umen oder das Anbringen von Werbung auf Werbetafeln. Nicht nur im Baugewerbe werden wir Auffanggurte verwenden, sondern auch bei Rettungsarbeiten, die das Klettern auf instabilem Untergrund erfordern.\u00a0\u00a0<\/p>\n\n\n\n<h2 class=\"wp-block-heading\"><strong>Wie viel kostet der Kurs?<\/strong>&nbsp;<\/h2>\n\n\n\n<p><a href=\"https:\/\/szkolenia-udt.pl\/de\/oferta\/\">Preis der Ausbildung<\/a> Die Kosten f\u00fcr das Arbeiten in der H\u00f6he und die angemessene Verwendung der Ausr\u00fcstung werden individuell festgelegt und h\u00e4ngen von der Anzahl der Teilnehmer ab. F\u00fcr gr\u00f6\u00dfere organisierte Gruppen sind wir in der Lage, entsprechende Rabatte vorzubereiten. Wir garantieren, dass unsere Preise attraktiv sind! Ein Zeitplan mit den genauen Terminen und Orten der offenen Schulungen ist auf unserer Website verf\u00fcgbar. Wir stehen Ihnen voll und ganz zur Verf\u00fcgung.\u00a0\u00a0<\/p>\n\n\n\n<p>Wenn Sie an unserem Angebot interessiert sind und mehr dar\u00fcber erfahren m\u00f6chten, z\u00f6gern Sie nicht, uns zu kontaktieren! Wir werden versuchen, Ihnen so schnell wie m\u00f6glich zu antworten. Das Operator Training Centre l\u00e4dt Sie ein, an einer Schulung teilzunehmen!<\/p>\n\n\n<div class=\"wp-block-image\">\n<figure class=\"aligncenter\"><a href=\"https:\/\/szkolenia-udt.pl\/wp-content\/uploads\/2022\/08\/0028-oso-kurs-alpinistyczny-wysokosciowy.jpg\"><img loading=\"lazy\" decoding=\"async\" width=\"1024\" height=\"853\" src=\"https:\/\/szkolenia-udt.pl\/wp-content\/uploads\/2022\/08\/0028-oso-kurs-alpinistyczny-wysokosciowy-1024x853.jpg\" alt=\"Grafiken zur Werbung f\u00fcr die Ausbildung\" class=\"wp-image-3177\" srcset=\"https:\/\/szkolenia-udt.pl\/wp-content\/uploads\/2022\/08\/0028-oso-kurs-alpinistyczny-wysokosciowy-1024x853.jpg 1024w, https:\/\/szkolenia-udt.pl\/wp-content\/uploads\/2022\/08\/0028-oso-kurs-alpinistyczny-wysokosciowy-300x250.jpg 300w, https:\/\/szkolenia-udt.pl\/wp-content\/uploads\/2022\/08\/0028-oso-kurs-alpinistyczny-wysokosciowy-768x640.jpg 768w, https:\/\/szkolenia-udt.pl\/wp-content\/uploads\/2022\/08\/0028-oso-kurs-alpinistyczny-wysokosciowy-14x12.jpg 14w, https:\/\/szkolenia-udt.pl\/wp-content\/uploads\/2022\/08\/0028-oso-kurs-alpinistyczny-wysokosciowy.jpg 1200w\" sizes=\"auto, (max-width: 1024px) 100vw, 1024px\" \/><\/a><\/figure>\n<\/div>","protected":false},"excerpt":{"rendered":"<p>O szkoleniu Prowadzenie prac wysoko\u015bciowych wi\u0105\u017ce si\u0119 z ogromnym ryzykiem i wieloma niebezpiecze\u0144stwami. Aby uchroni\u0107 si\u0119 przed upadkiem, konieczne jest u\u017cywanie szelek budowlanych. Ograniczaj\u0105 one mo\u017cliwo\u015b\u0107 doznania uszczerbku na zdrowiu i, co wa\u017cne, chroni\u0105 od upadku. Na szkoleniu poznasz podstawowe przepisy bezpiecze\u0144stwa i higieny pracy. O\u015brodek Szkolenia Operator\u00f3w zapewnia organizacj\u0119 zaj\u0119\u0107 na miar\u0119 potrzeb kursant\u00f3w.\u00a0 [&hellip;]<\/p>\n","protected":false},"author":10,"featured_media":4178,"parent":1874,"menu_order":0,"comment_status":"closed","ping_status":"closed","template":"","meta":{"footnotes":""},"class_list":["post-3173","page","type-page","status-publish","has-post-thumbnail","hentry"],"aioseo_notices":[],"_links":{"self":[{"href":"https:\/\/szkolenia-udt.pl\/de\/wp-json\/wp\/v2\/pages\/3173","targetHints":{"allow":["GET"]}}],"collection":[{"href":"https:\/\/szkolenia-udt.pl\/de\/wp-json\/wp\/v2\/pages"}],"about":[{"href":"https:\/\/szkolenia-udt.pl\/de\/wp-json\/wp\/v2\/types\/page"}],"author":[{"embeddable":true,"href":"https:\/\/szkolenia-udt.pl\/de\/wp-json\/wp\/v2\/users\/10"}],"replies":[{"embeddable":true,"href":"https:\/\/szkolenia-udt.pl\/de\/wp-json\/wp\/v2\/comments?post=3173"}],"version-history":[{"count":6,"href":"https:\/\/szkolenia-udt.pl\/de\/wp-json\/wp\/v2\/pages\/3173\/revisions"}],"predecessor-version":[{"id":4661,"href":"https:\/\/szkolenia-udt.pl\/de\/wp-json\/wp\/v2\/pages\/3173\/revisions\/4661"}],"up":[{"embeddable":true,"href":"https:\/\/szkolenia-udt.pl\/de\/wp-json\/wp\/v2\/pages\/1874"}],"wp:featuredmedia":[{"embeddable":true,"href":"https:\/\/szkolenia-udt.pl\/de\/wp-json\/wp\/v2\/media\/4178"}],"wp:attachment":[{"href":"https:\/\/szkolenia-udt.pl\/de\/wp-json\/wp\/v2\/media?parent=3173"}],"curies":[{"name":"wp","href":"https:\/\/api.w.org\/{rel}","templated":true}]}}