{"id":3192,"date":"2022-08-30T11:06:31","date_gmt":"2022-08-30T09:06:31","guid":{"rendered":"https:\/\/szkolenia-udt.pl\/?page_id=3192"},"modified":"2023-05-22T15:18:49","modified_gmt":"2023-05-22T13:18:49","slug":"wir-kommen-zur-rettung","status":"publish","type":"page","link":"https:\/\/szkolenia-udt.pl\/de\/kursy\/bhp-ppoz\/przychodzimy-z-pomoca\/","title":{"rendered":"Ausbildung im Bereich Gesundheit und Sicherheit am Arbeitsplatz"},"content":{"rendered":"<h2 class=\"wp-block-heading\">Wir k\u00fcmmern uns um die Entwicklung\u00a0<\/h2>\n\n\n\n<p>Unser Unternehmen bietet seit Jahren verschiedene Schulungen an und vermittelt unseren Auszubildenden Fachwissen. Es liegt an Ihnen zu entscheiden, ob Sie Ihren Mitarbeiter zu uns schicken wollen, um die aus Sicht des Arbeitgebers erforderlichen Kenntnisse zu erwerben. Das Arbeitsgesetzbuch schreibt vor, dass am Arbeitsplatz alle erforderlichen Ma\u00dfnahmen f\u00fcr den Fall eines Brandes, einer notwendigen Evakuierung oder eines pl\u00f6tzlichen Ungl\u00fccks in der Belegschaft getroffen werden m\u00fcssen. Dar\u00fcber hinaus muss eine bestimmte Gruppe von Arbeitnehmern benannt werden, die solche Rettungsma\u00dfnahmen durchf\u00fchren k\u00f6nnen. Aus diesem Grund ist eine angemessene Ausbildung in diesem Bereich so wichtig. &nbsp;<\/p>\n\n\n\n<h2 class=\"wp-block-heading\">Ausbildung auf hohem Niveau\u00a0<\/h2>\n\n\n\n<p>Wir bieten professionelle Schulungen f\u00fcr Ihre Mitarbeiter. Wenn Sie sie auf eine Schulung bei uns verweisen, ist ein hohes Lernniveau garantiert. Unser Programm \"Erste Hilfe in Lebens- und Gesundheitsnotf\u00e4llen\" bereitet Sie darauf vor, sich in Notsituationen zu verhalten, die sofortiges Handeln erfordern. Um sich f\u00fcr einen Kurs anzumelden, kontaktieren Sie uns. Wir haben in den meisten polnischen St\u00e4dten eine Niederlassung und kommen auf Anfrage auch an den angegebenen Ort.&nbsp;<\/p>\n\n\n<div class=\"wp-block-image\">\n<figure class=\"alignright size-large is-resized\"><a href=\"https:\/\/szkolenia-udt.pl\/wp-content\/uploads\/2023\/05\/screen_2x-2023-05-22T151512.006.jpg\"><img loading=\"lazy\" decoding=\"async\" src=\"https:\/\/szkolenia-udt.pl\/wp-content\/uploads\/2023\/05\/screen_2x-2023-05-22T151512.006-1024x684.jpg\" alt=\"Erste-Hilfe-Kasten\" class=\"wp-image-5236\" width=\"512\" height=\"342\" srcset=\"https:\/\/szkolenia-udt.pl\/wp-content\/uploads\/2023\/05\/screen_2x-2023-05-22T151512.006-1024x684.jpg 1024w, https:\/\/szkolenia-udt.pl\/wp-content\/uploads\/2023\/05\/screen_2x-2023-05-22T151512.006-300x200.jpg 300w, https:\/\/szkolenia-udt.pl\/wp-content\/uploads\/2023\/05\/screen_2x-2023-05-22T151512.006-768x513.jpg 768w, https:\/\/szkolenia-udt.pl\/wp-content\/uploads\/2023\/05\/screen_2x-2023-05-22T151512.006-1536x1025.jpg 1536w, https:\/\/szkolenia-udt.pl\/wp-content\/uploads\/2023\/05\/screen_2x-2023-05-22T151512.006-18x12.jpg 18w, https:\/\/szkolenia-udt.pl\/wp-content\/uploads\/2023\/05\/screen_2x-2023-05-22T151512.006.jpg 1600w\" sizes=\"auto, (max-width: 512px) 100vw, 512px\" \/><\/a><\/figure>\n<\/div>\n\n\n<ul class=\"wp-block-list\">\n<li>Wir bem\u00fchen uns, wertvolles Wissen zu vermitteln und unsere Auszubildenden auf den Umgang mit kritischen Situationen vorzubereiten. Aus diesem Grund umfasst die von uns angebotene Ausbildung einen praktischen und einen theoretischen Teil. Der Theorieunterricht besteht aus:&nbsp;<\/li>\n\n\n\n<li>Verordnungen und Rechtsvorschriften,&nbsp;<\/li>\n\n\n\n<li>Anweisungen, wie man die entsprechende Hilfe anfordert, mit einer Liste der erforderlichen Nummern,&nbsp;<\/li>\n\n\n\n<li>Erkl\u00e4rungen, was im Falle einer Evakuierung zu tun ist,&nbsp;<\/li>\n\n\n\n<li>Grunds\u00e4tze der Sicherung der Umgebung des Verletzten,&nbsp;<\/li>\n\n\n\n<li>Verhalten bei verschiedenen Verletzungen (Knochenbr\u00fcche, Verbrennungen, Schlaganf\u00e4lle usw.),\u00a0<\/li>\n\n\n\n<li>Verhalten angesichts von Lebens- und Gesundheitsrisiken (Vergiftung, Ohnmacht, Herzinfarkt, L\u00e4hmung),&nbsp;<\/li>\n\n\n\n<li>Anweisungen zur Beurteilung der Lebenszeichen eines Unfallopfers.&nbsp;<\/li>\n<\/ul>\n\n\n\n<p>Der praktische Teil, der eine wichtige Erg\u00e4nzung zur Theorie darstellt, umfasst:&nbsp;<\/p>\n\n\n\n<ul class=\"wp-block-list\">\n<li>Lernen, wie man sich bei Verkehrsunf\u00e4llen, Stromschl\u00e4gen, Ertrinken, Ohnmacht, Verletzungen der Gliedma\u00dfen oder der Wirbels\u00e4ule oder Ersticken verh\u00e4lt,&nbsp;<\/li>\n\n\n\n<li>Anweisungen zur Lagerung des Verungl\u00fcckten in der seitlichen Sicherheitslage,&nbsp;<\/li>\n\n\n\n<li>Organisieren Sie die Evakuierung des betroffenen Gebiets,&nbsp;<\/li>\n\n\n\n<li>Durchf\u00fchrung von Wiederbelebungsma\u00dfnahmen (CPR).&nbsp;<\/li>\n<\/ul>\n\n\n\n<figure class=\"wp-block-table\"><table><tbody><tr><td>Praktische Studienphase&nbsp;<\/td><td>CPR-Schulung (Teil I)&nbsp;&nbsp;<\/td><td>Organisation der Evakuierung (Teil II)&nbsp;&nbsp;<\/td><td>Lernen, mit verschiedenen Situationen umzugehen (Teil III)&nbsp;&nbsp;<\/td><\/tr><tr><td>Ort der Ausbildung&nbsp;<\/td><td>\u00dcbungsraum&nbsp;<\/td><td>Das Innere des Geb\u00e4udes <a href=\"https:\/\/szkolenia-udt.pl\/de\/o-firmie\/\">Zentrum<\/a>&nbsp;<\/td><td>\u00dcbungsraum&nbsp;<\/td><\/tr><\/tbody><\/table><\/figure>\n\n\n\n<h2 class=\"wp-block-heading\">Bedarf an Ausbildung\u00a0<\/h2>\n\n\n\n<p>Wahrscheinlich haben sich die meisten von uns schon einmal gefragt: \"Was w\u00e4re, wenn ich in eine Situation k\u00e4me, in der ich das Leben eines Menschen retten m\u00fcsste? - In unserer Ausbildung finden Sie eine Antwort auf diese Frage. Solche Situationen k\u00f6nnen jeden Tag passieren, daher lohnt es sich, die Grunds\u00e4tze der Ersten Hilfe f\u00fcr sich selbst und seine Angeh\u00f6rigen zu kennen, aber auch, um ihnen bei Bedarf am Arbeitsplatz helfen zu k\u00f6nnen. Wir wissen nie, wann jemand in unserer N\u00e4he schnelle Hilfe braucht, bevor die entsprechenden Dienste eintreffen.\u00a0<\/p>\n\n\n\n<h2 class=\"wp-block-heading\">Wir werden uns an Sie anpassen\u00a0<\/h2>\n\n\n\n<p>Was unsere Kurse von anderen abhebt, ist die gro\u00dfe Flexibilit\u00e4t, mit der wir uns an Ihre Bed\u00fcrfnisse anpassen k\u00f6nnen. Wir werden versuchen, die Themen unserer Kurse so zu erweitern, dass sie die spezifischen Gefahren, die in Ihrem Unternehmen auf Sie warten, ber\u00fccksichtigen. Wir gehen auf die einzelnen Arbeitspl\u00e4tze ein und versuchen, einen Kurs f\u00fcr jede vom Kunden gew\u00e4hlte Position vorzubereiten. <a href=\"https:\/\/szkolenia-udt.pl\/de\/kursy\/\">Unsere Ausbildung<\/a> werden in offene und geschlossene eingeteilt. Erstere richten sich an alle, die daran interessiert sind, bei uns Fachwissen zu erwerben, w\u00e4hrend letztere ausgew\u00e4hlten Gruppen offenstehen, die von ihren Vorgesetzten oder spezialisierten Einrichtungen geschickt werden. Unsere Infrastruktur ist reich an verschiedenen Arten von Schulungsr\u00e4umen, diversem Zubeh\u00f6r und speziell angefertigten Puppen zum Erlernen der HLW. Das Ergebnis ist, dass die Lernerfahrung zu hervorragenden Ergebnissen f\u00fchrt und unsere Kunden mit den Schulungsergebnissen zufrieden sind. Wir bieten auch ein hochqualifiziertes Team von Ausbildern und Dozenten, die eine gro\u00dfe Anzahl von Menschen in Erster Hilfe ausgebildet haben.&nbsp;&nbsp;<\/p>\n\n\n<div class=\"wp-block-image\">\n<figure class=\"alignleft size-large is-resized\"><a href=\"https:\/\/szkolenia-udt.pl\/wp-content\/uploads\/2023\/05\/screen_2x-2023-05-22T151527.656.jpg\"><img loading=\"lazy\" decoding=\"async\" src=\"https:\/\/szkolenia-udt.pl\/wp-content\/uploads\/2023\/05\/screen_2x-2023-05-22T151527.656-1024x684.jpg\" alt=\"Ausbildungsgruppe\" class=\"wp-image-5237\" width=\"512\" height=\"342\" srcset=\"https:\/\/szkolenia-udt.pl\/wp-content\/uploads\/2023\/05\/screen_2x-2023-05-22T151527.656-1024x684.jpg 1024w, https:\/\/szkolenia-udt.pl\/wp-content\/uploads\/2023\/05\/screen_2x-2023-05-22T151527.656-300x200.jpg 300w, https:\/\/szkolenia-udt.pl\/wp-content\/uploads\/2023\/05\/screen_2x-2023-05-22T151527.656-768x513.jpg 768w, https:\/\/szkolenia-udt.pl\/wp-content\/uploads\/2023\/05\/screen_2x-2023-05-22T151527.656-1536x1025.jpg 1536w, https:\/\/szkolenia-udt.pl\/wp-content\/uploads\/2023\/05\/screen_2x-2023-05-22T151527.656-18x12.jpg 18w, https:\/\/szkolenia-udt.pl\/wp-content\/uploads\/2023\/05\/screen_2x-2023-05-22T151527.656.jpg 1600w\" sizes=\"auto, (max-width: 512px) 100vw, 512px\" \/><\/a><\/figure>\n<\/div>\n\n\n<h2 class=\"wp-block-heading\">Wie kann man sich anmelden?\u00a0<\/h2>\n\n\n\n<p>Wir bieten verschiedene Termine in vielen St\u00e4dten an, Details <a href=\"https:\/\/szkolenia-udt.pl\/de\/oferta\/\">Unser Angebot<\/a> finden Sie auf der CSO-Website. Wir bieten auch die M\u00f6glichkeit, St\u00e4dte in ganz Polen f\u00fcr spezielle geschlossene Schulungen f\u00fcr ausgew\u00e4hlte Schulungsgruppen zu erreichen. Dabei garantieren wir Ihnen attraktive Preise und ein hohes didaktisches Niveau. Das genaue Datum der Schulung k\u00f6nnen Sie selbst bestimmen, wir passen uns Ihrem Zeitplan an. Die Preise sind eine Frage der individuellen Wahl, aber wir bieten Rabatte f\u00fcr den Fall, dass eine ausreichend gro\u00dfe Gruppe zusammenkommt.&nbsp;&nbsp;<\/p>\n\n\n\n<p>Rufen Sie jetzt an und fragen Sie nach allen Details! &nbsp;<\/p>\n\n\n<div class=\"wp-block-image\">\n<figure class=\"aligncenter\"><a href=\"https:\/\/szkolenia-udt.pl\/wp-content\/uploads\/2022\/08\/0093-oso.edu_.pl_.jpg\"><img loading=\"lazy\" decoding=\"async\" width=\"1024\" height=\"853\" src=\"https:\/\/szkolenia-udt.pl\/wp-content\/uploads\/2022\/08\/0093-oso.edu_.pl_-1024x853.jpg\" alt=\"\" class=\"wp-image-3198\" srcset=\"https:\/\/szkolenia-udt.pl\/wp-content\/uploads\/2022\/08\/0093-oso.edu_.pl_-1024x853.jpg 1024w, https:\/\/szkolenia-udt.pl\/wp-content\/uploads\/2022\/08\/0093-oso.edu_.pl_-300x250.jpg 300w, https:\/\/szkolenia-udt.pl\/wp-content\/uploads\/2022\/08\/0093-oso.edu_.pl_-768x640.jpg 768w, https:\/\/szkolenia-udt.pl\/wp-content\/uploads\/2022\/08\/0093-oso.edu_.pl_-14x12.jpg 14w, https:\/\/szkolenia-udt.pl\/wp-content\/uploads\/2022\/08\/0093-oso.edu_.pl_.jpg 1200w\" sizes=\"auto, (max-width: 1024px) 100vw, 1024px\" \/><\/a><\/figure>\n<\/div>","protected":false},"excerpt":{"rendered":"<p>Dbamy o rozw\u00f3j\u00a0 Nasza firma prowadzi rozmaite szkolenia od lat, kt\u00f3re przekazuj\u0105 profesjonaln\u0105 wiedz\u0119 naszym kursantom. Od Ciebie zale\u017cy, czy chcesz wys\u0142a\u0107 swojego pracownika w\u0142a\u015bnie do nas, by uzyska\u0142 potrzebn\u0105 z perspektywy pracodawcy wiedz\u0119. Jak m\u00f3wi Kodeks Pracy, niezb\u0119dne jest, by w miejscu pracy zapewni\u0107 wszelkie potrzebne \u015brodki w momencie wyst\u0105pienia po\u017car\u00f3w, konieczno\u015bci ewakuowania si\u0119 [&hellip;]<\/p>\n","protected":false},"author":10,"featured_media":3193,"parent":2739,"menu_order":0,"comment_status":"closed","ping_status":"closed","template":"","meta":{"footnotes":""},"class_list":["post-3192","page","type-page","status-publish","has-post-thumbnail","hentry"],"aioseo_notices":[],"_links":{"self":[{"href":"https:\/\/szkolenia-udt.pl\/de\/wp-json\/wp\/v2\/pages\/3192","targetHints":{"allow":["GET"]}}],"collection":[{"href":"https:\/\/szkolenia-udt.pl\/de\/wp-json\/wp\/v2\/pages"}],"about":[{"href":"https:\/\/szkolenia-udt.pl\/de\/wp-json\/wp\/v2\/types\/page"}],"author":[{"embeddable":true,"href":"https:\/\/szkolenia-udt.pl\/de\/wp-json\/wp\/v2\/users\/10"}],"replies":[{"embeddable":true,"href":"https:\/\/szkolenia-udt.pl\/de\/wp-json\/wp\/v2\/comments?post=3192"}],"version-history":[{"count":8,"href":"https:\/\/szkolenia-udt.pl\/de\/wp-json\/wp\/v2\/pages\/3192\/revisions"}],"predecessor-version":[{"id":5238,"href":"https:\/\/szkolenia-udt.pl\/de\/wp-json\/wp\/v2\/pages\/3192\/revisions\/5238"}],"up":[{"embeddable":true,"href":"https:\/\/szkolenia-udt.pl\/de\/wp-json\/wp\/v2\/pages\/2739"}],"wp:featuredmedia":[{"embeddable":true,"href":"https:\/\/szkolenia-udt.pl\/de\/wp-json\/wp\/v2\/media\/3193"}],"wp:attachment":[{"href":"https:\/\/szkolenia-udt.pl\/de\/wp-json\/wp\/v2\/media?parent=3192"}],"curies":[{"name":"wp","href":"https:\/\/api.w.org\/{rel}","templated":true}]}}