{"id":3201,"date":"2022-08-30T12:23:00","date_gmt":"2022-08-30T10:23:00","guid":{"rendered":"https:\/\/szkolenia-udt.pl\/?page_id=3201"},"modified":"2023-03-26T11:43:48","modified_gmt":"2023-03-26T09:43:48","slug":"uno-tdt","status":"publish","type":"page","link":"https:\/\/szkolenia-udt.pl\/de\/kursy\/uprawnienia-udt-tdt-wdt\/uno-tdt\/","title":{"rendered":"UNO - Nutzung, Risiken und Befugnisse des TDT"},"content":{"rendered":"<div class=\"wp-block-image\">\n<figure class=\"alignleft size-large is-resized\"><a href=\"https:\/\/szkolenia-udt.pl\/wp-content\/uploads\/2022\/08\/2-10.jpeg\"><img loading=\"lazy\" decoding=\"async\" src=\"https:\/\/szkolenia-udt.pl\/wp-content\/uploads\/2022\/08\/2-10-1024x678.jpeg\" alt=\"Tankwagen-Reparatur\" class=\"wp-image-3203\" width=\"512\" height=\"339\" srcset=\"https:\/\/szkolenia-udt.pl\/wp-content\/uploads\/2022\/08\/2-10-1024x678.jpeg 1024w, https:\/\/szkolenia-udt.pl\/wp-content\/uploads\/2022\/08\/2-10-300x199.jpeg 300w, https:\/\/szkolenia-udt.pl\/wp-content\/uploads\/2022\/08\/2-10-768x509.jpeg 768w, https:\/\/szkolenia-udt.pl\/wp-content\/uploads\/2022\/08\/2-10-1536x1018.jpeg 1536w, https:\/\/szkolenia-udt.pl\/wp-content\/uploads\/2022\/08\/2-10-18x12.jpeg 18w, https:\/\/szkolenia-udt.pl\/wp-content\/uploads\/2022\/08\/2-10.jpeg 1600w\" sizes=\"auto, (max-width: 512px) 100vw, 512px\" \/><\/a><\/figure>\n<\/div>\n\n\n<h2 class=\"wp-block-heading\"><strong>UNO-Spezifit\u00e4t<\/strong><\/h2>\n\n\n\n<p>Die zum Bef\u00fcllen und Entleeren von Tanks verwendeten Ger\u00e4te sind recht komplexe Maschinen, f\u00fcr deren Betrieb eine spezielle, von der Technischen Aufsichtsbeh\u00f6rde f\u00fcr das Transportwesen erteilte Genehmigung erforderlich ist, die f\u00fcr einen Zeitraum von f\u00fcnf Jahren ab Erwerb g\u00fcltig ist. Die Hauptaufgabe der UNO-Ausr\u00fcstung ist das sichere Bef\u00fcllen und Entleeren von Tanks mit fl\u00fcssigen Rohstoffen. Es gibt verschiedene Kurse zur Vorbereitung auf die Bedienung solcher Ger\u00e4te und auf die Pr\u00fcfung, deren Bestehen vor einer von der TDT eingesetzten Kommission die Bedienung von UNO-Ger\u00e4ten erm\u00f6glicht. Alles, was Sie \u00fcber UNO wissen m\u00fcssen, vermitteln wir Ihnen in unseren speziell entwickelten Lehrg\u00e4ngen in <a href=\"https:\/\/szkolenia-udt.pl\/de\/o-firmie\/\">Schulungszentrum f\u00fcr Bediener<\/a>.\u00a0<\/p>\n\n\n\n<h2 class=\"wp-block-heading\"><strong>UNO-Schulung bei der CSO<\/strong>&nbsp;<\/h2>\n\n\n\n<p>Um sich zuverl\u00e4ssig auf die TDT-Pr\u00fcfung vorzubereiten, m\u00fcssen Sie den gesamten relevanten Stoff kennen. In unserer Schulung wollen wir uns auf einige der wichtigsten Punkte konzentrieren, deren Beherrschung Ihnen die Grundlage f\u00fcr die Arbeit mit Abf\u00fcll- und Entleerungsanlagen bietet. Um an unserer UNO-Schulung \u00fcberhaupt teilnehmen zu k\u00f6nnen, m\u00fcssen Sie die folgenden Voraussetzungen erf\u00fcllen:&nbsp;<\/p>\n\n\n\n<ul class=\"wp-block-list\">\n<li>mindestens 18 Jahre alt sein,&nbsp;<\/li>\n\n\n\n<li>Sie verf\u00fcgen \u00fcber ein Minimum an Berufsausbildung,&nbsp;<\/li>\n\n\n\n<li>\u00fcber ein \u00e4rztliches Attest verf\u00fcgen, aus dem hervorgeht, dass keine gesundheitlichen Bedenken gegen die Arbeit mit UNO-F\u00fcllmaschinen bestehen.&nbsp;<\/li>\n<\/ul>\n\n\n\n<h2 class=\"wp-block-heading\"><strong>Umfang der Ausbildung<\/strong>&nbsp;<\/h2>\n\n\n\n<p>Sie m\u00fcssen wissen, dass die Arbeit unter diesen Bedingungen und in diesem Umfeld Gesundheitsrisiken und Gefahren birgt. Daher m\u00fcssen Sie \u00fcber Aspekte wie diese Bescheid wissen:&nbsp;<\/p>\n\n\n<div class=\"wp-block-image\">\n<figure class=\"alignright size-large is-resized\"><a href=\"https:\/\/szkolenia-udt.pl\/wp-content\/uploads\/2022\/08\/3-7.jpeg\"><img loading=\"lazy\" decoding=\"async\" src=\"https:\/\/szkolenia-udt.pl\/wp-content\/uploads\/2022\/08\/3-7-1024x680.jpeg\" alt=\"UNO-Ausr\u00fcstung\" class=\"wp-image-3204\" width=\"512\" height=\"340\" srcset=\"https:\/\/szkolenia-udt.pl\/wp-content\/uploads\/2022\/08\/3-7-1024x680.jpeg 1024w, https:\/\/szkolenia-udt.pl\/wp-content\/uploads\/2022\/08\/3-7-300x199.jpeg 300w, https:\/\/szkolenia-udt.pl\/wp-content\/uploads\/2022\/08\/3-7-768x510.jpeg 768w, https:\/\/szkolenia-udt.pl\/wp-content\/uploads\/2022\/08\/3-7-1536x1020.jpeg 1536w, https:\/\/szkolenia-udt.pl\/wp-content\/uploads\/2022\/08\/3-7-18x12.jpeg 18w, https:\/\/szkolenia-udt.pl\/wp-content\/uploads\/2022\/08\/3-7.jpeg 1600w\" sizes=\"auto, (max-width: 512px) 100vw, 512px\" \/><\/a><\/figure>\n<\/div>\n\n\n<ul class=\"wp-block-list\">\n<li>gef\u00e4hrliche Stoffe und ihre Eigenschaften,&nbsp;<\/li>\n\n\n\n<li>technische \u00dcberwachung der Ausr\u00fcstung und Kenntnisse im Tankbau,&nbsp;<\/li>\n\n\n\n<li>das richtige Bef\u00fcllen und Entleeren von g\u00e4ngigen Beh\u00e4ltern und die Bedienung von Ausgie\u00dfmaschinen,&nbsp;<\/li>\n\n\n\n<li>korrekte Etikettierung aller Beh\u00e4lter,&nbsp;<\/li>\n\n\n\n<li>Gesundheits-, Sicherheits- und Feuerschutzvorschriften,&nbsp;<\/li>\n<\/ul>\n\n\n\n<p>Wir widmen jedem Element unseres Kurses mindestens ein paar Stunden, da wir daran interessiert sind, dass alle Teilnehmer das Thema in der Tiefe verstehen. Die Schulung umfasst sowohl praktische als auch theoretische Teile.&nbsp;<\/p>\n\n\n\n<figure class=\"wp-block-table\"><table><thead><tr><th>Teil der Ausbildung<\/th><th>Ausgaben<\/th><th>\u00dcbungen<\/th><\/tr><\/thead><tbody><tr><td><strong>Ausbildungsprogramm<\/strong><\/td><td>\n<ul>\n<li>Gef\u00e4hrliche Materialien<\/li>\n<li>Konstruktion des Tanks<\/li>\n<li>Vertrautheit mit der Beschilderung<\/li>\n<li>Gesundheits-, Sicherheits- und Hygienevorschriften<\/li>\n<\/ul>\n<\/td><td>\n<ul>\n<li>Durchf\u00fchrung der technischen \u00dcberwachung<\/li>\n<li>Betrieb der UNO-Ausr\u00fcstung<\/li>\n<li>F\u00fcllen und Entleeren von Tanks<\/li>\n<\/ul>\n<\/td><\/tr><\/tbody><\/table><\/figure>\n\n\n\n<ol class=\"wp-block-list\" start=\"1\">\n<li><strong>Ausf\u00fchrliches Schulungsprogramm und Einweisung in die Gefahrgut- und Tankkennzeichnung<\/strong>\u00a0<\/li>\n<\/ol>\n\n\n\n<p>W\u00e4hrend der Schulung machen wir Sie mit den Materialien und Stoffen vertraut, mit denen Sie bei der Bedienung der UNO arbeiten werden. Au\u00dferdem erkl\u00e4ren wir Ihnen Abk\u00fcrzungen f\u00fcr die Kennzeichnung, wie ADR oder RID. Der Kurs beinhaltet:&nbsp;<\/p>\n\n\n\n<ul class=\"wp-block-list\">\n<li>Materialien, die druckfest sind,&nbsp;<\/li>\n\n\n\n<li>Gasmaterialien,&nbsp;<\/li>\n\n\n\n<li>brennbare Fl\u00fcssigkeiten,&nbsp;<\/li>\n\n\n\n<li>verschiedene Klassen von ADR\/RID-Materialien.&nbsp;<\/li>\n<\/ul>\n\n\n\n<p>Dieser Teil ist besonders wichtig, da die Grundkenntnisse \u00fcber Gefahrstoffe und die Kennzeichnung von Tanks die sicheren Arbeitsverfahren bestimmen. Als Einstieg in die Ausbildung wird dieser Teil wahrscheinlich l\u00e4nger und ausf\u00fchrlicher sein. Die Unkenntnis der Eigenschaften der einzelnen Stoffe und Materialien sowie der korrekten Kennzeichnung f\u00fchrt zu einer direkten Bedrohung f\u00fcr die Gesundheit und das Leben des UNO-Bedieners.&nbsp;<\/p>\n\n\n\n<ol class=\"wp-block-list\" start=\"2\">\n<li><strong>Kenntnisse \u00fcber die Konstruktion von Tanks und Ausr\u00fcstungen<\/strong>&nbsp;<\/li>\n<\/ol>\n\n\n\n<p>In diesem Abschnitt werden die Elemente vorgestellt, die den Bau von Tanks ausmachen, wie z. B. Kesselwagen und Ausr\u00fcstungen zum Entleeren und Bef\u00fcllen von Tanks. Man sollte sich dar\u00fcber im Klaren sein, dass die Konstruktion eines solchen Tankwagens eine Reihe von Anforderungen erf\u00fcllen muss, um Stoffe so sicher und korrekt wie m\u00f6glich zu transportieren. Ein weiterer wichtiger Aspekt ist die Festigkeit der verschiedenen Tankarten, die verhindert, dass das Material bei einer Panne oder einem Unfall ausl\u00e4uft. In diesem Teil des Kurses lernen Sie unter anderem die detaillierte Konstruktion von Kesselwagen f\u00fcr den Transport kennen:&nbsp;<\/p>\n\n\n\n<ul class=\"wp-block-list\">\n<li>feste Materialien,&nbsp;<\/li>\n\n\n\n<li>chemische Stoffe,&nbsp;<\/li>\n\n\n\n<li>gasf\u00f6rmige Brennstoffe,&nbsp;<\/li>\n\n\n\n<li>Abfall,&nbsp;<\/li>\n\n\n\n<li>Lebensmitteln.&nbsp;<\/li>\n<\/ul>\n\n\n\n<ol class=\"wp-block-list\" start=\"3\">\n<li><strong>Kenntnisse \u00fcber Gesundheit, Sicherheit und Hygiene am Arbeitsplatz<\/strong>&nbsp;<\/li>\n<\/ol>\n\n\n\n<p>Die n\u00e4chste, nicht minder wichtige Etappe der Schulung ist das gesamte Thema der Gesundheits- und Sicherheitsvorschriften und des Brandverhaltens, das in einer Umgebung mit Gasen und brennbaren Materialien so leicht entstehen kann. Wir werden pr\u00e4sentieren:&nbsp;<\/p>\n\n\n\n<ul class=\"wp-block-list\">\n<li>die wichtigsten Regeln zur Aufrechterhaltung der Sicherheit bei der Arbeit mit UNO-Ger\u00e4ten und den g\u00e4ngigsten Tanks,&nbsp;<\/li>\n\n\n\n<li>Routen zum Schutz vor m\u00f6glichen Br\u00e4nden,&nbsp;<\/li>\n\n\n\n<li>M\u00f6glichkeiten zur Bek\u00e4mpfung einer m\u00f6glichen Katastrophe am Arbeitsplatz,&nbsp;<\/li>\n\n\n\n<li>Schritte zur Vorbereitung von Arbeiten an UNO-Tanks und -Ausr\u00fcstung,&nbsp;<\/li>\n\n\n\n<li>Techniken, um nicht nur ihre eigene Sicherheit zu gew\u00e4hrleisten, sondern auch die der Menschen in ihrer Umgebung.&nbsp;<\/li>\n<\/ul>\n\n\n<div class=\"wp-block-image\">\n<figure class=\"alignleft size-large is-resized\"><a href=\"https:\/\/szkolenia-udt.pl\/wp-content\/uploads\/2022\/08\/1-10.jpeg\"><img loading=\"lazy\" decoding=\"async\" src=\"https:\/\/szkolenia-udt.pl\/wp-content\/uploads\/2022\/08\/1-10-1024x683.jpeg\" alt=\"Technische \u00dcberwachung des Verkehrs\" class=\"wp-image-3202\" width=\"512\" height=\"342\" srcset=\"https:\/\/szkolenia-udt.pl\/wp-content\/uploads\/2022\/08\/1-10-1024x683.jpeg 1024w, https:\/\/szkolenia-udt.pl\/wp-content\/uploads\/2022\/08\/1-10-300x200.jpeg 300w, https:\/\/szkolenia-udt.pl\/wp-content\/uploads\/2022\/08\/1-10-768x512.jpeg 768w, https:\/\/szkolenia-udt.pl\/wp-content\/uploads\/2022\/08\/1-10-1536x1024.jpeg 1536w, https:\/\/szkolenia-udt.pl\/wp-content\/uploads\/2022\/08\/1-10-18x12.jpeg 18w, https:\/\/szkolenia-udt.pl\/wp-content\/uploads\/2022\/08\/1-10.jpeg 1600w\" sizes=\"auto, (max-width: 512px) 100vw, 512px\" \/><\/a><\/figure>\n<\/div>\n\n\n<ol class=\"wp-block-list\" start=\"4\">\n<li><strong>TDT Technische Inspektion<\/strong>&nbsp;<\/li>\n<\/ol>\n\n\n\n<p>Wie Sie wissen, unterliegt die UNO-Ausr\u00fcstung der Technischen \u00dcberwachung des Verkehrs. Bei uns lernen Sie, wie man die technische \u00dcberwachung der Ausr\u00fcstung durchf\u00fchrt, d.h:&nbsp;<\/p>\n\n\n\n<ul class=\"wp-block-list\">\n<li>flexible Lastleitungen,&nbsp;<\/li>\n\n\n\n<li>Hafenladearme (auf Seeschiffen verwendet),&nbsp;<\/li>\n\n\n\n<li>Ausr\u00fcstung zum Bef\u00fcllen und Entleeren von Transporttanks.&nbsp;<\/li>\n<\/ul>\n\n\n\n<p>Die technische \u00dcberwachung ist ein sehr wichtiges Thema, das in unserer Ausbildung einen sehr gro\u00dfen Teil des Praxisteils ausmacht. Eine solche \u00dcberwachung gew\u00e4hrleistet die Sicherheit und Langlebigkeit der Ger\u00e4te, weshalb sie f\u00fcr uns ein Muss ist.&nbsp;<\/p>\n\n\n\n<ol class=\"wp-block-list\" start=\"5\">\n<li><strong>Bedienung der Ger\u00e4te - Bef\u00fcllen und Entleeren<\/strong>\u00a0<\/li>\n<\/ol>\n\n\n\n<p>In diesem Abschnitt werden wir uns auf die Bedienung der oben genannten Ger\u00e4te konzentrieren und den gesamten Bef\u00fcllungsprozess mit Tankentleerung \u00fcben. Es sind diese F\u00e4higkeiten, die Ihr zuk\u00fcnftiger Arbeitsplatz erfordern wird, sobald Sie Ihr TDT-Zertifikat erhalten haben, daher wird sich unsere Schulung stark darauf konzentrieren, wie Sie die UNO-Ausr\u00fcstung in der Praxis bedienen k\u00f6nnen. Es gibt viele gef\u00e4hrliche Stoffe, deren \u00dcberlaufen und falscher Transport katastrophale Folgen haben kann. Als Bediener von UNO-Ger\u00e4ten m\u00fcssen Sie daher:\u00a0<\/p>\n\n\n\n<ul class=\"wp-block-list\">\n<li>wissen, bei welchen Stoffen man besonders vorsichtig sein muss,&nbsp;<\/li>\n\n\n\n<li>die Eigenschaften der verschiedenen Stoffe kennen,&nbsp;<\/li>\n\n\n\n<li>in der Lage sein, die mit bestimmten Materialien verbundenen Risiken zu beurteilen.&nbsp;<\/li>\n<\/ul>\n\n\n\n<h2 class=\"wp-block-heading\"><strong>Kontaktieren Sie uns bitte<\/strong>&nbsp;<\/h2>\n\n\n\n<p>Wenn Sie an unserem neuen Schulungsangebot f\u00fcr UNO-Ger\u00e4te interessiert sind, rufen Sie uns bitte an oder schreiben Sie uns, um die Einzelheiten des Kurses zu erfahren. OSO wartet nur auf Sie, wir begr\u00fc\u00dfen und empfehlen alle <a href=\"https:\/\/szkolenia-udt.pl\/de\/kursy\/\">unsere Ausbildungskurse<\/a>.\u00a0<\/p>\n\n\n<div class=\"wp-block-image\">\n<figure class=\"aligncenter\"><a href=\"https:\/\/szkolenia-udt.pl\/wp-content\/uploads\/2022\/08\/0051-oso.edu_.pl_.jpg\"><img loading=\"lazy\" decoding=\"async\" width=\"1024\" height=\"853\" src=\"https:\/\/szkolenia-udt.pl\/wp-content\/uploads\/2022\/08\/0051-oso.edu_.pl_-1024x853.jpg\" alt=\"Grafik zur Beschreibung der UNO-Bedienerschulung\" class=\"wp-image-3208\" srcset=\"https:\/\/szkolenia-udt.pl\/wp-content\/uploads\/2022\/08\/0051-oso.edu_.pl_-1024x853.jpg 1024w, https:\/\/szkolenia-udt.pl\/wp-content\/uploads\/2022\/08\/0051-oso.edu_.pl_-300x250.jpg 300w, https:\/\/szkolenia-udt.pl\/wp-content\/uploads\/2022\/08\/0051-oso.edu_.pl_-768x640.jpg 768w, https:\/\/szkolenia-udt.pl\/wp-content\/uploads\/2022\/08\/0051-oso.edu_.pl_-14x12.jpg 14w, https:\/\/szkolenia-udt.pl\/wp-content\/uploads\/2022\/08\/0051-oso.edu_.pl_.jpg 1200w\" sizes=\"auto, (max-width: 1024px) 100vw, 1024px\" \/><\/a><\/figure>\n<\/div>","protected":false},"excerpt":{"rendered":"<p>Specyfika UNO Urz\u0105dzenia, kt\u00f3re s\u0142u\u017c\u0105 do nape\u0142niania i opr\u00f3\u017cniania zbiornik\u00f3w to dosy\u0107 skomplikowane maszyny, a do ich obs\u0142ugi potrzebne s\u0105 konkretne uprawnienia przyznawane przez Transportowy Doz\u00f3r Techniczny, kt\u00f3re s\u0105 wa\u017cne przez okres 5 lat od ich uzyskania.\u00a0G\u0142\u00f3wn\u0105 funkcj\u0105 urz\u0105dze\u0144 UNO jest bezpieczne nape\u0142nienie wraz z opr\u00f3\u017cnianiem zbiornik\u00f3w surowcami p\u0142ynnymi. Istniej\u0105 r\u00f3\u017cne oferty kurs\u00f3w przygotowuj\u0105ce do [&hellip;]<\/p>\n","protected":false},"author":10,"featured_media":3203,"parent":2266,"menu_order":0,"comment_status":"closed","ping_status":"closed","template":"","meta":{"footnotes":""},"class_list":["post-3201","page","type-page","status-publish","has-post-thumbnail","hentry"],"aioseo_notices":[],"_links":{"self":[{"href":"https:\/\/szkolenia-udt.pl\/de\/wp-json\/wp\/v2\/pages\/3201","targetHints":{"allow":["GET"]}}],"collection":[{"href":"https:\/\/szkolenia-udt.pl\/de\/wp-json\/wp\/v2\/pages"}],"about":[{"href":"https:\/\/szkolenia-udt.pl\/de\/wp-json\/wp\/v2\/types\/page"}],"author":[{"embeddable":true,"href":"https:\/\/szkolenia-udt.pl\/de\/wp-json\/wp\/v2\/users\/10"}],"replies":[{"embeddable":true,"href":"https:\/\/szkolenia-udt.pl\/de\/wp-json\/wp\/v2\/comments?post=3201"}],"version-history":[{"count":7,"href":"https:\/\/szkolenia-udt.pl\/de\/wp-json\/wp\/v2\/pages\/3201\/revisions"}],"predecessor-version":[{"id":4760,"href":"https:\/\/szkolenia-udt.pl\/de\/wp-json\/wp\/v2\/pages\/3201\/revisions\/4760"}],"up":[{"embeddable":true,"href":"https:\/\/szkolenia-udt.pl\/de\/wp-json\/wp\/v2\/pages\/2266"}],"wp:featuredmedia":[{"embeddable":true,"href":"https:\/\/szkolenia-udt.pl\/de\/wp-json\/wp\/v2\/media\/3203"}],"wp:attachment":[{"href":"https:\/\/szkolenia-udt.pl\/de\/wp-json\/wp\/v2\/media?parent=3201"}],"curies":[{"name":"wp","href":"https:\/\/api.w.org\/{rel}","templated":true}]}}