{"id":3239,"date":"2022-09-01T09:15:24","date_gmt":"2022-09-01T07:15:24","guid":{"rendered":"https:\/\/szkolenia-udt.pl\/?page_id=3239"},"modified":"2023-03-26T11:25:38","modified_gmt":"2023-03-26T09:25:38","slug":"tdt-genehmigungen","status":"publish","type":"page","link":"https:\/\/szkolenia-udt.pl\/de\/kursy\/uprawnienia-udt-tdt-wdt\/tdt-uprawniania\/","title":{"rendered":"TDT-Zertifizierungskurs"},"content":{"rendered":"<div class=\"wp-block-image\">\n<figure class=\"alignright size-full is-resized\"><a href=\"https:\/\/szkolenia-udt.pl\/wp-content\/uploads\/2022\/08\/transportowy-dozor-techniczny-zaswiadczenie-kwalifikacyjne.jpeg\"><img loading=\"lazy\" decoding=\"async\" src=\"https:\/\/szkolenia-udt.pl\/wp-content\/uploads\/2022\/08\/transportowy-dozor-techniczny-zaswiadczenie-kwalifikacyjne.jpeg\" alt=\"TDT-Autorisierung - Karte\" class=\"wp-image-3226\" width=\"296\" height=\"387\" srcset=\"https:\/\/szkolenia-udt.pl\/wp-content\/uploads\/2022\/08\/transportowy-dozor-techniczny-zaswiadczenie-kwalifikacyjne.jpeg 592w, https:\/\/szkolenia-udt.pl\/wp-content\/uploads\/2022\/08\/transportowy-dozor-techniczny-zaswiadczenie-kwalifikacyjne-230x300.jpeg 230w, https:\/\/szkolenia-udt.pl\/wp-content\/uploads\/2022\/08\/transportowy-dozor-techniczny-zaswiadczenie-kwalifikacyjne-9x12.jpeg 9w\" sizes=\"auto, (max-width: 296px) 100vw, 296px\" \/><\/a><\/figure>\n<\/div>\n\n\n<p>Die technische \u00dcberwachung ist notwendig, damit H\u00e4fen, Jachth\u00e4fen, Seilbahnen oder Skilifte effizient arbeiten k\u00f6nnen. Es gibt auch Berufe, die f\u00fcr die ordnungsgem\u00e4\u00dfe Wartung von Maschinen und technischen Anlagen notwendig sind und gleichzeitig eine Zulassung erfordern, wie z. B. die Technische Aufsicht im Verkehrswesen.\u00a0\u00a0<\/p>\n\n\n\n<h2 class=\"wp-block-heading\"><strong>TDT-Zertifizierung<\/strong>&nbsp;<\/h2>\n\n\n\n<p>Mit Kranf\u00fchrern k\u00f6nnen wir sehr schwere Materialien in Produktionshallen, auf Baustellen oder in Werften bewegen. Auf der anderen Seite k\u00f6nnen diejenigen, die auf mobilen Mastb\u00fchnen arbeiten, Arbeiten an der Fassade von Geb\u00e4uden oder Malerarbeiten durchf\u00fchren. Um als Bediener zu arbeiten, braucht man eine Lizenz. Aufgrund der nahezu konstanten Nachfrage nach Berufen, die mit der Bedienung der oben genannten und vieler anderer Maschinen verbunden sind, bietet unser <a href=\"https:\/\/szkolenia-udt.pl\/de\/o-firmie\/\">Schulungszentrum f\u00fcr Bediener<\/a> (OSO) bietet Ihnen Berufsausbildungskurse an, nach denen die Auszubildenden die entsprechenden Kenntnisse und F\u00e4higkeiten in ihrem gew\u00e4hlten Beruf erwerben. Nach den Lehrg\u00e4ngen k\u00f6nnen Sie eine Pr\u00fcfung ablegen und das erforderliche TDT-Zertifikat erwerben.\u00a0<\/p>\n\n\n\n<h2 class=\"wp-block-heading\"><strong>Was macht der TDT und welche Befugnisse hat er?<\/strong>\u00a0<\/h2>\n\n\n<div class=\"wp-block-image\">\n<figure class=\"alignleft size-large is-resized\"><a href=\"https:\/\/szkolenia-udt.pl\/wp-content\/uploads\/2022\/09\/1.jpeg\"><img loading=\"lazy\" decoding=\"async\" src=\"https:\/\/szkolenia-udt.pl\/wp-content\/uploads\/2022\/09\/1-1024x768.jpeg\" alt=\"Kraftstofftankwagen\" class=\"wp-image-3240\" width=\"512\" height=\"384\" srcset=\"https:\/\/szkolenia-udt.pl\/wp-content\/uploads\/2022\/09\/1-1024x768.jpeg 1024w, https:\/\/szkolenia-udt.pl\/wp-content\/uploads\/2022\/09\/1-300x225.jpeg 300w, https:\/\/szkolenia-udt.pl\/wp-content\/uploads\/2022\/09\/1-768x576.jpeg 768w, https:\/\/szkolenia-udt.pl\/wp-content\/uploads\/2022\/09\/1-1536x1152.jpeg 1536w, https:\/\/szkolenia-udt.pl\/wp-content\/uploads\/2022\/09\/1-16x12.jpeg 16w, https:\/\/szkolenia-udt.pl\/wp-content\/uploads\/2022\/09\/1-135x100.jpeg 135w, https:\/\/szkolenia-udt.pl\/wp-content\/uploads\/2022\/09\/1.jpeg 1600w\" sizes=\"auto, (max-width: 512px) 100vw, 512px\" \/><\/a><\/figure>\n<\/div>\n\n\n<p>TDT steht f\u00fcr Transport Technical Supervision (Technische \u00dcberwachung des Verkehrs) und ist eine nationale juristische Person auf der Grundlage des Gesetzes vom 21. Dezember 2000 \u00fcber die technische \u00dcberwachung. Sie ist eine Einheit der DT (Technische Aufsicht), die dem f\u00fcr Verkehrsfragen zust\u00e4ndigen Minister unterstellt ist. Sie \u00fcberwacht technische Anlagen, die im Eisenbahnbereich, auf Gleisanschl\u00fcssen und im Schienenverkehr installiert sind, sowie Tanks (u.a. Zisternen, die wir im Stra\u00dfen-, Schienen- und Binnenschiffsverkehr verwenden). Der TDT unterliegt dem Gesetz \u00fcber die technische \u00dcberwachung. Dazu geh\u00f6rt z.B. die Bef\u00f6rderung gef\u00e4hrlicher G\u00fcter, und er stellt Zulassungsbescheinigungen f\u00fcr Fahrzeuge zur Bef\u00f6rderung gef\u00e4hrlicher G\u00fcter aus. Betriebe, die technische Ausr\u00fcstungen herstellen, reparieren, modernisieren und montieren, ben\u00f6tigen daf\u00fcr eine Zulassung. Diese Genehmigungen werden ebenfalls von der Technischen Aufsicht f\u00fcr den Transport ausgestellt. Diese Stelle erteilt auch Genehmigungen f\u00fcr Arbeitnehmer in Berufen, f\u00fcr die eine TDT-Genehmigung erforderlich ist, z. B. f\u00fcr die Herstellung von Schwei\u00dfverbindungen. Andererseits k\u00f6nnen die meisten Betreiber, die vom UDT (Amt f\u00fcr technische \u00dcberwachung) zugelassen sind, beim TDT registrierte Ger\u00e4te bedienen.\u00a0<\/p>\n\n\n\n<h2 class=\"wp-block-heading\"><strong>TDT-Ausbildung<\/strong>&nbsp;<\/h2>\n\n\n\n<p>Um Ihren TDT-F\u00fchrerschein zu erhalten, m\u00fcssen Sie die richtige Ausbildung absolvieren und sich das erforderliche Wissen aneignen. Unsere umfassenden Kurse im Operator Training Centre (OSO) werden auf h\u00f6chstem Niveau von professionellen Experten durchgef\u00fchrt, die Ihnen jederzeit zur Verf\u00fcgung stehen. Unser umfangreiches Schulungsangebot umfasst beispielsweise Kurse zum Bedienen und Montieren von Druckbeh\u00e4ltern oder einen Kurs zum F\u00fcllen und Entleeren von Drucktanks. Mit einer Ausbildung an diesen Ger\u00e4ten k\u00f6nnen Sie leicht eine Anstellung finden.\u00a0\u00a0<\/p>\n\n\n<div class=\"wp-block-image\">\n<figure class=\"alignleft is-resized\"><a href=\"https:\/\/szkolenia-udt.pl\/wp-content\/uploads\/2022\/09\/12.jpeg\"><img loading=\"lazy\" decoding=\"async\" src=\"https:\/\/szkolenia-udt.pl\/wp-content\/uploads\/2022\/09\/12-1024x683.jpeg\" alt=\"Person, die im Hafen steht\" class=\"wp-image-3241\" width=\"512\" height=\"342\" srcset=\"https:\/\/szkolenia-udt.pl\/wp-content\/uploads\/2022\/09\/12-1024x683.jpeg 1024w, https:\/\/szkolenia-udt.pl\/wp-content\/uploads\/2022\/09\/12-300x200.jpeg 300w, https:\/\/szkolenia-udt.pl\/wp-content\/uploads\/2022\/09\/12-768x512.jpeg 768w, https:\/\/szkolenia-udt.pl\/wp-content\/uploads\/2022\/09\/12-1536x1024.jpeg 1536w, https:\/\/szkolenia-udt.pl\/wp-content\/uploads\/2022\/09\/12-18x12.jpeg 18w, https:\/\/szkolenia-udt.pl\/wp-content\/uploads\/2022\/09\/12.jpeg 1600w\" sizes=\"auto, (max-width: 512px) 100vw, 512px\" \/><\/a><\/figure>\n<\/div>\n\n\n<h2 class=\"wp-block-heading\"><strong>Unsere Ausbildung<\/strong>&nbsp;<\/h2>\n\n\n\n<p>Unsere Ausbildungsprogramme bestehen aus einem praktischen und einem theoretischen Teil. Die Kurse werden so vermittelt, dass Sie die staatliche TDT-Pr\u00fcfung problemlos bestehen und die erforderlichen Berufszulassungen erhalten k\u00f6nnen. Nehmen Sie Kontakt mit uns auf, und wir geben Ihnen gerne alle notwendigen Informationen. Wir bieten erschwingliche Preise, die wir immer individuell mit Ihnen vereinbaren. F\u00fcr gr\u00f6\u00dfere, organisierte Gruppen bieten wir Rabatte an. Unser OSO-Zentrum bietet sowohl offene als auch geschlossene Kurse an. Unser Hauptsitz befindet sich in Warschau, aber wir bieten Schulungen in ganz Polen an. Wenn es sich um einen geschlossenen Kurs handelt, der f\u00fcr eine gr\u00f6\u00dfere organisierte Gruppe bestimmt ist, kommen wir nach vorheriger Absprache problemlos an den Sitz des Kunden. Wir laden Sie auch ein, einen Blick auf unser umfangreiches Kursangebot auf unserer Website zu werfen. Wir bieten Einf\u00fchrungs- und Wiederholungskurse in den Bereichen Gesundheit und Sicherheit am Arbeitsplatz, Brandschutz und f\u00fcr HDS-Kranf\u00fchrer an, <a href=\"https:\/\/szkolenia-udt.pl\/de\/kursy\/prace-wysokosciowe\/\">H\u00f6henkurse<\/a> und eine Vielzahl anderer.\u00a0<\/p>\n\n\n<div class=\"wp-block-image\">\n<figure class=\"aligncenter\"><a href=\"https:\/\/szkolenia-udt.pl\/wp-content\/uploads\/2022\/09\/0021-oso-konserwator-udzadzen-udt-1.jpg\"><img loading=\"lazy\" decoding=\"async\" width=\"1024\" height=\"853\" src=\"https:\/\/szkolenia-udt.pl\/wp-content\/uploads\/2022\/09\/0021-oso-konserwator-udzadzen-udt-1-1024x853.jpg\" alt=\"grafische Werbung f\u00fcr die Ausbildung\" class=\"wp-image-3242\" srcset=\"https:\/\/szkolenia-udt.pl\/wp-content\/uploads\/2022\/09\/0021-oso-konserwator-udzadzen-udt-1-1024x853.jpg 1024w, https:\/\/szkolenia-udt.pl\/wp-content\/uploads\/2022\/09\/0021-oso-konserwator-udzadzen-udt-1-300x250.jpg 300w, https:\/\/szkolenia-udt.pl\/wp-content\/uploads\/2022\/09\/0021-oso-konserwator-udzadzen-udt-1-768x640.jpg 768w, https:\/\/szkolenia-udt.pl\/wp-content\/uploads\/2022\/09\/0021-oso-konserwator-udzadzen-udt-1-14x12.jpg 14w, https:\/\/szkolenia-udt.pl\/wp-content\/uploads\/2022\/09\/0021-oso-konserwator-udzadzen-udt-1.jpg 1200w\" sizes=\"auto, (max-width: 1024px) 100vw, 1024px\" \/><\/a><\/figure>\n<\/div>","protected":false},"excerpt":{"rendered":"<p>Aby porty, przystanie morskie, koleje linowe czy wyci\u0105gi narciarskie sprawnie dzia\u0142a\u0142y, niezb\u0119dny jest sprawowany nad nimi doz\u00f3r techniczny. S\u0105 r\u00f3wnie\u017c zawody niezb\u0119dne w sprawowaniu prawid\u0142owej opieki nad maszynami i urz\u0105dzeniami technicznymi, kt\u00f3re jednocze\u015bnie wymagaj\u0105 uprawnie\u0144, m.in. Transportowego Dozoru Technicznego.\u00a0\u00a0 Uprawnienia TDT&nbsp; Dzi\u0119ki operatorom suwnic mo\u017cemy przenosi\u0107 bardzo ci\u0119\u017ckie materia\u0142y w halach produkcyjnych, na placach budowy [&hellip;]<\/p>\n","protected":false},"author":10,"featured_media":3241,"parent":2266,"menu_order":0,"comment_status":"closed","ping_status":"closed","template":"","meta":{"footnotes":""},"class_list":["post-3239","page","type-page","status-publish","has-post-thumbnail","hentry"],"aioseo_notices":[],"_links":{"self":[{"href":"https:\/\/szkolenia-udt.pl\/de\/wp-json\/wp\/v2\/pages\/3239","targetHints":{"allow":["GET"]}}],"collection":[{"href":"https:\/\/szkolenia-udt.pl\/de\/wp-json\/wp\/v2\/pages"}],"about":[{"href":"https:\/\/szkolenia-udt.pl\/de\/wp-json\/wp\/v2\/types\/page"}],"author":[{"embeddable":true,"href":"https:\/\/szkolenia-udt.pl\/de\/wp-json\/wp\/v2\/users\/10"}],"replies":[{"embeddable":true,"href":"https:\/\/szkolenia-udt.pl\/de\/wp-json\/wp\/v2\/comments?post=3239"}],"version-history":[{"count":5,"href":"https:\/\/szkolenia-udt.pl\/de\/wp-json\/wp\/v2\/pages\/3239\/revisions"}],"predecessor-version":[{"id":4753,"href":"https:\/\/szkolenia-udt.pl\/de\/wp-json\/wp\/v2\/pages\/3239\/revisions\/4753"}],"up":[{"embeddable":true,"href":"https:\/\/szkolenia-udt.pl\/de\/wp-json\/wp\/v2\/pages\/2266"}],"wp:featuredmedia":[{"embeddable":true,"href":"https:\/\/szkolenia-udt.pl\/de\/wp-json\/wp\/v2\/media\/3241"}],"wp:attachment":[{"href":"https:\/\/szkolenia-udt.pl\/de\/wp-json\/wp\/v2\/media?parent=3239"}],"curies":[{"name":"wp","href":"https:\/\/api.w.org\/{rel}","templated":true}]}}