{"id":3245,"date":"2022-09-01T11:40:46","date_gmt":"2022-09-01T09:40:46","guid":{"rendered":"https:\/\/szkolenia-udt.pl\/?page_id=3245"},"modified":"2023-03-26T11:10:43","modified_gmt":"2023-03-26T09:10:43","slug":"ausbildung-fur-das-entladen-und-beladen-von-ausrustung","status":"publish","type":"page","link":"https:\/\/szkolenia-udt.pl\/de\/kursy\/uprawnienia-udt-tdt-wdt\/szkolenie-na-urzadzenia-wyladowcze-i-zaladowcze\/","title":{"rendered":"Schulung f\u00fcr das Entladen und Beladen von Ausr\u00fcstung"},"content":{"rendered":"<h2 class=\"wp-block-heading\"><strong>An wen richtet sich der Kurs?<\/strong><\/h2>\n\n\n<div class=\"wp-block-image\">\n<figure class=\"alignright size-large is-resized\"><a href=\"https:\/\/szkolenia-udt.pl\/wp-content\/uploads\/2022\/09\/3.jpeg\"><img loading=\"lazy\" decoding=\"async\" src=\"https:\/\/szkolenia-udt.pl\/wp-content\/uploads\/2022\/09\/3-1024x683.jpeg\" alt=\"Trainer an der Tafel, der den Anwesenden im Raum erkl\u00e4rt\" class=\"wp-image-3248\" width=\"512\" height=\"342\" srcset=\"https:\/\/szkolenia-udt.pl\/wp-content\/uploads\/2022\/09\/3-1024x683.jpeg 1024w, https:\/\/szkolenia-udt.pl\/wp-content\/uploads\/2022\/09\/3-300x200.jpeg 300w, https:\/\/szkolenia-udt.pl\/wp-content\/uploads\/2022\/09\/3-768x512.jpeg 768w, https:\/\/szkolenia-udt.pl\/wp-content\/uploads\/2022\/09\/3-1536x1024.jpeg 1536w, https:\/\/szkolenia-udt.pl\/wp-content\/uploads\/2022\/09\/3-18x12.jpeg 18w, https:\/\/szkolenia-udt.pl\/wp-content\/uploads\/2022\/09\/3.jpeg 1600w\" sizes=\"auto, (max-width: 512px) 100vw, 512px\" \/><\/a><\/figure>\n<\/div>\n\n\n<p>F\u00fcr den Betrieb oder die Wartung von technischen Ger\u00e4ten zum Be- und Entladen ben\u00f6tigen Sie eine Genehmigung des UDT (Technisches \u00dcberwachungsamt) oder des TDT (Technische Transport\u00fcberwachung). Diese Maschinen vereinfachen die Arbeit derjenigen, die sie bedienen, erheblich. Sie werden in Produktionslinien, technologischen Prozessen und in der Industrie eingesetzt.\u00a0<a href=\"https:\/\/szkolenia-udt.pl\/de\/o-firmie\/\">Schulungszentrum f\u00fcr Bediener<\/a> bietet Kurse f\u00fcr die Wartung und den Betrieb von Entlade- und Beladeger\u00e4ten sowie Lademaschinen in der Entladeprozesslinie an. Unser Angebot richtet sich an alle, die daran interessiert sind, die entsprechenden Zertifikate f\u00fcr die Arbeit mit diesen Ger\u00e4ten zu erlangen.\u00a0\u00a0<\/p>\n\n\n\n<h2 class=\"wp-block-heading\"><strong>Kurse f\u00fcr Wartungspersonal und Bediener von Entlade- und Ladeger\u00e4ten<\/strong>&nbsp;<\/h2>\n\n\n\n<p>Die Bedienung technischer Ger\u00e4te erfordert fundierte Kenntnisse und praktische Fertigkeiten. Diese Maschinen unterliegen der technischen \u00dcberwachung, so dass eine unsachgem\u00e4\u00dfe Bedienung viele Gefahren birgt, die zur Gesundheit oder sogar zum Tod der Arbeitnehmer beitragen k\u00f6nnen. Nicht nur die Bedienung dieser Maschinen, sondern auch die Wartung erfordert von den Arbeitnehmern entsprechende Kenntnisse und Zertifikate. Die Wartung dieser Maschinen muss sehr gr\u00fcndlich sein, und die Person, die sie durchf\u00fchrt, sollte ein spezielles Logbuch f\u00fchren, das an die UDT gemeldet wird. Aus diesem Grund sind gut organisierte Kurse so wichtig. In unserem Zentrum werden die Schulungen professionell von qualifizierten Mitarbeitern durchgef\u00fchrt, die \u00fcber umfangreiche Erfahrungen in der Organisation von Kursen verf\u00fcgen.\u00a0\u00a0<\/p>\n\n\n\n<h2 class=\"wp-block-heading\"><strong>Ausbildungsprogramm<\/strong>&nbsp;<\/h2>\n\n\n\n<p>Unser programmreiches Angebot umfasst:&nbsp;<\/p>\n\n\n\n<ul class=\"dwiekolumny wp-block-list\">\n<li>Machen Sie sich mit den Gesundheits- und Sicherheitsvorschriften vertraut;&nbsp;<\/li>\n\n\n\n<li>sich mit den rechtlichen Aspekten der technischen \u00dcberwachung vertraut machen;&nbsp;<\/li>\n\n\n\n<li>Ger\u00e4tetypen und deren Konstruktion;&nbsp;<\/li>\n\n\n\n<li>\u00dcberpr\u00fcfung des Zustands der Ausr\u00fcstung;&nbsp;<\/li>\n\n\n\n<li>Bedienungs- und Wartungsaufgaben;&nbsp;<\/li>\n\n\n\n<li>Verfahren f\u00fcr den Fall eines Ger\u00e4teausfalls;&nbsp;<\/li>\n\n\n\n<li>Tests zur \u00dcberpr\u00fcfung der Funktionsf\u00e4higkeit der Maschine;&nbsp;<\/li>\n\n\n\n<li>Einstellung der Sicherheitseinrichtungen;&nbsp;<\/li>\n\n\n\n<li>Teilanpassung;&nbsp;<\/li>\n\n\n\n<li>die Arten von St\u00f6rungen, die bei der Verwendung des Ger\u00e4ts auftreten;&nbsp;<\/li>\n\n\n\n<li>die F\u00e4higkeit, die Maschine zu benutzen;&nbsp;<\/li>\n\n\n\n<li>den praktischen Teil des Kurses.&nbsp;<\/li>\n<\/ul>\n\n\n<div class=\"wp-block-image\">\n<figure class=\"alignleft size-large is-resized\"><a href=\"https:\/\/szkolenia-udt.pl\/wp-content\/uploads\/2022\/09\/1-1.jpeg\"><img loading=\"lazy\" decoding=\"async\" src=\"https:\/\/szkolenia-udt.pl\/wp-content\/uploads\/2022\/09\/1-1-1024x683.jpeg\" alt=\"Kahnfahrer im Hafen\" class=\"wp-image-3246\" width=\"512\" height=\"342\" srcset=\"https:\/\/szkolenia-udt.pl\/wp-content\/uploads\/2022\/09\/1-1-1024x683.jpeg 1024w, https:\/\/szkolenia-udt.pl\/wp-content\/uploads\/2022\/09\/1-1-300x200.jpeg 300w, https:\/\/szkolenia-udt.pl\/wp-content\/uploads\/2022\/09\/1-1-768x512.jpeg 768w, https:\/\/szkolenia-udt.pl\/wp-content\/uploads\/2022\/09\/1-1-1536x1024.jpeg 1536w, https:\/\/szkolenia-udt.pl\/wp-content\/uploads\/2022\/09\/1-1-18x12.jpeg 18w, https:\/\/szkolenia-udt.pl\/wp-content\/uploads\/2022\/09\/1-1.jpeg 1600w\" sizes=\"auto, (max-width: 512px) 100vw, 512px\" \/><\/a><\/figure>\n<\/div>\n\n\n<h2 class=\"wp-block-heading\"><strong>Praktischer Teil des Kurses<\/strong>&nbsp;<\/h2>\n\n\n\n<p>In unseren Kursen legen wir gro\u00dfen Wert auf den praktischen Teil. Wir m\u00f6chten, dass die Teilnehmer genau wissen, wie sie besch\u00e4digte oder verschlissene Teile austauschen k\u00f6nnen und in der Lage sind, Wartungsarbeiten an Komponenten durchzuf\u00fchren. Wir passen unsere Kursthemen gerne an Ihre Bed\u00fcrfnisse an. Je nachdem, welche Erwartungen Sie haben, werden wir nat\u00fcrlich den Umfang des Kurses mit Ihnen abstimmen und so zu einer Vereinbarung kommen. Wir garantieren Ihnen die Vermittlung der notwendigsten Kenntnisse, sowohl theoretisch als auch praktisch.<strong>&nbsp;<\/strong>&nbsp;<\/p>\n\n\n\n<h2 class=\"wp-block-heading\"><strong>Ausbildung im Operator Training Centre<\/strong>&nbsp;<\/h2>\n\n\n\n<p>Die Nachfrage nach Mitarbeitern, die f\u00fcr die Wartung und Bedienung von Entlade-, Verlade- oder Zuf\u00fchrungsanlagen zertifiziert sind, ist nach wie vor sehr hoch. Deshalb sind die von uns angebotenen Kurse sehr beliebt. Bei OSO erwerben Sie umfassendes und grundlegendes Wissen \u00fcber den Einsatz und die Wartung dieser Maschinen, und wir bereiten Sie auch gut auf die staatliche UDT-Pr\u00fcfung vor und bilden Sie aus. Wir bieten Ihnen eine gr\u00fcndliche und sehr gute Ausbildung, und Sie werden die Pr\u00fcfung ohne Stress ablegen. Die G\u00fcltigkeitsdauer eines solchen Zertifikats f\u00fcr die gew\u00e4hlte Maschine betr\u00e4gt bis zu 10 Jahre.\u00a0<\/p>\n\n\n\n<h2 class=\"wp-block-heading\"><strong>Voraussetzungen f\u00fcr die Teilnahme an dem Kurs<\/strong>&nbsp;<\/h2>\n\n\n\n<p>Um an unserer Ausbildung teilzunehmen, muss der Bewerber folgende Voraussetzungen erf\u00fcllen:&nbsp;<\/p>\n\n\n\n<ul class=\"wp-block-list\">\n<li>mindestens 18 Jahre alt sein,&nbsp;<\/li>\n\n\n\n<li>mindestens Grundschulbildung,&nbsp;<\/li>\n\n\n\n<li>keine gesundheitlichen Hindernisse f\u00fcr die Arbeit in diesem Beruf.&nbsp;<\/li>\n<\/ul>\n\n\n<div class=\"wp-block-image\">\n<figure class=\"alignright size-large is-resized\"><a href=\"https:\/\/szkolenia-udt.pl\/wp-content\/uploads\/2022\/09\/2.jpeg\"><img loading=\"lazy\" decoding=\"async\" src=\"https:\/\/szkolenia-udt.pl\/wp-content\/uploads\/2022\/09\/2-1024x683.jpeg\" alt=\"Schleppmaschine auf den Gleisen\" class=\"wp-image-3247\" width=\"512\" height=\"342\" srcset=\"https:\/\/szkolenia-udt.pl\/wp-content\/uploads\/2022\/09\/2-1024x683.jpeg 1024w, https:\/\/szkolenia-udt.pl\/wp-content\/uploads\/2022\/09\/2-300x200.jpeg 300w, https:\/\/szkolenia-udt.pl\/wp-content\/uploads\/2022\/09\/2-768x512.jpeg 768w, https:\/\/szkolenia-udt.pl\/wp-content\/uploads\/2022\/09\/2-1536x1024.jpeg 1536w, https:\/\/szkolenia-udt.pl\/wp-content\/uploads\/2022\/09\/2-18x12.jpeg 18w, https:\/\/szkolenia-udt.pl\/wp-content\/uploads\/2022\/09\/2.jpeg 1600w\" sizes=\"auto, (max-width: 512px) 100vw, 512px\" \/><\/a><\/figure>\n<\/div>\n\n\n<h2 class=\"wp-block-heading\"><strong>Arten von Be- und Entlademaschinen<\/strong>&nbsp;<\/h2>\n\n\n\n<p>Be- und Entladeger\u00e4te (oder Reihenlader) sind Handhabungsmaschinen, die zum Transport von G\u00fctern eingesetzt werden. Wenn es um den Umschlag von Sch\u00fcttgut geht, sind sie eine Alternative zu Kr\u00e4nen. Zu diesen Maschinen geh\u00f6ren u. a.:&nbsp;&nbsp;<\/p>\n\n\n\n<ul class=\"wp-block-list\">\n<li><strong>Wagenknechte<\/strong> - Sie werden in Kraftwerken und H\u00e4fen eingesetzt und entladen Sch\u00fcttgut (z. B. Getreide, Kies),\u00a0\u00a0<\/li>\n\n\n\n<li><strong>haufenweise<\/strong>i - verwendet in Bergwerken, Kraftwerken,\u00a0\u00a0<\/li>\n\n\n\n<li><strong>F\u00f6rderer <\/strong>- sie bewegen sich auf einer definierten Spur, entweder schr\u00e4g oder horizontal; sie transportieren Sch\u00fcttgut (z. B. auf Baustellen),\u00a0\u00a0<\/li>\n\n\n\n<li><strong>R\u00e4ummaschinen f\u00fcr den Transport von Waggons auf Schienen<\/strong> - werden zur Bef\u00f6rderung von Waggons ohne Lokomotive eingesetzt - hier ist jede Maschine f\u00fcr sich konzipiert.\u00a0\u00a0<\/li>\n<\/ul>\n\n\n\n<p>Bei all diesen Maschinen handelt es sich um Krane und Spezialmaschinen. Sie unterliegen daher der Aufsicht. Sie transportieren Lasten kontinuierlich entlang einer bestimmten Strecke oder eines Gleises.&nbsp;<\/p>\n\n\n\n<h2 class=\"wp-block-heading\"><strong>Warum sollten Sie sich f\u00fcr CSOs entscheiden?<\/strong>&nbsp;<\/h2>\n\n\n\n<p>Unser Schulungszentrum verf\u00fcgt bereits \u00fcber eine langj\u00e4hrige Erfahrung. Alle unsere Mitarbeiter sind leidenschaftliche Menschen mit langj\u00e4hriger Erfahrung und einem gro\u00dfen Wissensschatz, den sie auf verst\u00e4ndliche und interessante Weise weitergeben. All dies erm\u00f6glicht es uns, Ihnen Dienstleistungen von h\u00f6chster Qualit\u00e4t anzubieten. Wir f\u00fchren die Kurse auf der Grundlage der Vorschriften u. a. des Technischen \u00dcberwachungsvereins durch, mit dem wir aktiv zusammenarbeiten. Unsere Schulungsr\u00e4ume und -einrichtungen sind modern und gut ausgestattet. Wir legen gro\u00dfen Wert auf die Qualit\u00e4t des Unterrichts, damit Sie mit dem Ergebnis zufrieden sind. <a href=\"https:\/\/szkolenia-udt.pl\/de\/oferta\/\">unsere Dienstleistungen<\/a>. Das Operator Training Centre bietet eine ganze Reihe von Kursen und Schulungen an. Schauen Sie sich auf unserer Website um und finden Sie heraus, was wir zu bieten haben. Wir bieten Kurse in Brandschutz, H\u00f6henarbeit und Schwei\u00dfen an. Wir haben viele Kurse, die Ihnen helfen, Ihre UDT- oder TDT-Lizenz (z. B. f\u00fcr Kranf\u00fchrer) zu erwerben. Unser Unternehmen ist in Warschau und vielen anderen St\u00e4dten Polens t\u00e4tig. Neben den offenen Schulungen bieten wir auch geschlossene Kurse an. In diesem Fall stimmen wir den Ort immer mit unserem Kunden ab. Unsere Preise sind marktorientiert und werden immer individuell festgelegt. F\u00fcr organisierte Gruppen gew\u00e4hren wir Rabatte! Kontaktieren Sie uns einfach.<\/p>\n\n\n<div class=\"wp-block-image\">\n<figure class=\"aligncenter\"><a href=\"https:\/\/szkolenia-udt.pl\/wp-content\/uploads\/2022\/09\/0080-oso.edu_.pl_.jpg\"><img loading=\"lazy\" decoding=\"async\" width=\"1024\" height=\"853\" src=\"https:\/\/szkolenia-udt.pl\/wp-content\/uploads\/2022\/09\/0080-oso.edu_.pl_-1024x853.jpg\" alt=\"grafische Werbung f\u00fcr die Ausbildung\" class=\"wp-image-3249\" srcset=\"https:\/\/szkolenia-udt.pl\/wp-content\/uploads\/2022\/09\/0080-oso.edu_.pl_-1024x853.jpg 1024w, https:\/\/szkolenia-udt.pl\/wp-content\/uploads\/2022\/09\/0080-oso.edu_.pl_-300x250.jpg 300w, https:\/\/szkolenia-udt.pl\/wp-content\/uploads\/2022\/09\/0080-oso.edu_.pl_-768x640.jpg 768w, https:\/\/szkolenia-udt.pl\/wp-content\/uploads\/2022\/09\/0080-oso.edu_.pl_-14x12.jpg 14w, https:\/\/szkolenia-udt.pl\/wp-content\/uploads\/2022\/09\/0080-oso.edu_.pl_.jpg 1200w\" sizes=\"auto, (max-width: 1024px) 100vw, 1024px\" \/><\/a><\/figure>\n<\/div>","protected":false},"excerpt":{"rendered":"<p>Do kogo kierowany jest kurs? Aby obs\u0142ugiwa\u0107 lub konserwowa\u0107 urz\u0105dzenia techniczne za\u0142adowcze czy wy\u0142adowcze potrzeba uprawnie\u0144 UDT (Urz\u0119du Dozoru technicznego), b\u0105d\u017a TDT (Transportowy Doz\u00f3r Techniczny). Maszyny te bardzo upraszczaj\u0105 prace osobom je eksploatuj\u0105cym. U\u017cytkujemy je w ci\u0105gach produkcyjnych, technologicznych oraz w przemy\u015ble.\u00a0O\u015brodek Szkolenia Operator\u00f3w prowadzi kursy z zakresu konserwacji oraz obs\u0142ugi urz\u0105dze\u0144 wy\u0142adowczych, za\u0142adowczych oraz [&hellip;]<\/p>\n","protected":false},"author":10,"featured_media":3248,"parent":2266,"menu_order":0,"comment_status":"closed","ping_status":"closed","template":"","meta":{"footnotes":""},"class_list":["post-3245","page","type-page","status-publish","has-post-thumbnail","hentry"],"aioseo_notices":[],"_links":{"self":[{"href":"https:\/\/szkolenia-udt.pl\/de\/wp-json\/wp\/v2\/pages\/3245","targetHints":{"allow":["GET"]}}],"collection":[{"href":"https:\/\/szkolenia-udt.pl\/de\/wp-json\/wp\/v2\/pages"}],"about":[{"href":"https:\/\/szkolenia-udt.pl\/de\/wp-json\/wp\/v2\/types\/page"}],"author":[{"embeddable":true,"href":"https:\/\/szkolenia-udt.pl\/de\/wp-json\/wp\/v2\/users\/10"}],"replies":[{"embeddable":true,"href":"https:\/\/szkolenia-udt.pl\/de\/wp-json\/wp\/v2\/comments?post=3245"}],"version-history":[{"count":6,"href":"https:\/\/szkolenia-udt.pl\/de\/wp-json\/wp\/v2\/pages\/3245\/revisions"}],"predecessor-version":[{"id":4750,"href":"https:\/\/szkolenia-udt.pl\/de\/wp-json\/wp\/v2\/pages\/3245\/revisions\/4750"}],"up":[{"embeddable":true,"href":"https:\/\/szkolenia-udt.pl\/de\/wp-json\/wp\/v2\/pages\/2266"}],"wp:featuredmedia":[{"embeddable":true,"href":"https:\/\/szkolenia-udt.pl\/de\/wp-json\/wp\/v2\/media\/3248"}],"wp:attachment":[{"href":"https:\/\/szkolenia-udt.pl\/de\/wp-json\/wp\/v2\/media?parent=3245"}],"curies":[{"name":"wp","href":"https:\/\/api.w.org\/{rel}","templated":true}]}}