{"id":3276,"date":"2022-09-06T10:09:51","date_gmt":"2022-09-06T08:09:51","guid":{"rendered":"https:\/\/szkolenia-udt.pl\/?page_id=3276"},"modified":"2023-05-04T19:03:29","modified_gmt":"2023-05-04T17:03:29","slug":"lastenaufzuge","status":"publish","type":"page","link":"https:\/\/szkolenia-udt.pl\/de\/kursy\/uprawnienia-udt-tdt-wdt\/wyciagi-towarowe\/","title":{"rendered":"Kurs f\u00fcr den F\u00fchrerschein f\u00fcr Lastkraftwagen"},"content":{"rendered":"<div class=\"wp-block-image\">\n<figure class=\"alignright is-resized\"><a href=\"https:\/\/szkolenia-udt.pl\/wp-content\/uploads\/2022\/09\/2-1.webp\"><img loading=\"lazy\" decoding=\"async\" src=\"https:\/\/szkolenia-udt.pl\/wp-content\/uploads\/2022\/09\/2-1.webp\" alt=\"Transport von schwerem Baumaterial \" class=\"wp-image-3278\" width=\"287\" height=\"333\" srcset=\"https:\/\/szkolenia-udt.pl\/wp-content\/uploads\/2022\/09\/2-1.webp 250w, https:\/\/szkolenia-udt.pl\/wp-content\/uploads\/2022\/09\/2-1-10x12.webp 10w\" sizes=\"auto, (max-width: 287px) 100vw, 287px\" \/><\/a><\/figure>\n<\/div>\n\n\n<h2 class=\"wp-block-heading\">Einladung zu Schulungskursen bei CSOs<\/h2>\n\n\n\n<ul class=\"wp-block-list\">\n<li>Wir bieten Berufsausbildungen an, u. a. f\u00fcr die Bedienung von Lastenaufz\u00fcgen;<\/li>\n\n\n\n<li>Wir unterrichten in Warschau und in ganz Polen, einschlie\u00dflich Danzig, Krakau, Gdynia, Poznan, Szczecin, Kielce, Lodz und Wroclaw;<\/li>\n\n\n\n<li>Wir bieten offene und geschlossene Schulungen mit der M\u00f6glichkeit, zum Kunden zu reisen;<\/li>\n\n\n\n<li>Wir bieten Betreuung durch erfahrene Ausbilder;<\/li>\n\n\n\n<li>Jeder unserer Ausbildungskurse umfasst eine theoretische und praktische Vorbereitung auf den jeweiligen Themenbereich;<\/li>\n\n\n\n<li>Wir zeichnen uns dadurch aus, dass unsere Auszubildenden die UDT- und TDT-Pr\u00fcfungen mit einer Erfolgsquote von fast 100% bestehen.<\/li>\n<\/ul>\n\n\n\n<h2 class=\"wp-block-heading\">Erfahren Sie mehr \u00fcber Lastenaufz\u00fcge<\/h2>\n\n\n\n<p>Ein Lastenaufzug (umgangssprachliche Bezeichnung f\u00fcr Skip, Leiter) ist eine verschiebbare Plattform auf einer S\u00e4ulenkonstruktion, die einer Leiter \u00e4hnelt. Sie ist an einem mobilen Fahrgestell befestigt und wird schr\u00e4g auf das Dach (die Decke) eines Geb\u00e4udes abgesenkt. Sie transportiert Baumaterialien in h\u00f6here Etagen.\u00a0<\/p>\n\n\n\n<h2 class=\"wp-block-heading\">Wo werden Warenausr\u00fcstungen eingesetzt und welche Anforderungen gibt es?\u00a0<\/h2>\n\n\n\n<p>&nbsp;&nbsp;&nbsp;&nbsp; Seit vielen Jahren k\u00f6nnen wir erhebliche Fortschritte bei der Mechanisierung der Arbeit in der H\u00f6he beobachten. Fr\u00fcher wurden Hightech-H\u00f6henf\u00f6rderer mit Gro\u00dfbaustellen in Verbindung gebracht, aber heute finden wir sie praktisch \u00fcberall, sogar in Einfamilienh\u00e4usern. Zu diesen Ger\u00e4ten geh\u00f6rt auch der Lastenaufzug, der als das bekannteste Werkzeug in der Dachdeckerbranche gilt.&nbsp;&nbsp;<\/p>\n\n\n\n<p>Um ein Ger\u00e4t unter technischer Aufsicht betreiben zu k\u00f6nnen, muss der Benutzer ein Schreiben bei der zust\u00e4ndigen technischen Aufsichtsbeh\u00f6rde einreichen. Nach einer positiven technischen Pr\u00fcfung wird eine Entscheidung ausgestellt, die den Betrieb der Maschine erlaubt. Die Maschine wird dann in das Pr\u00fcfbuch eingetragen und in den Unterlagen der \u00f6rtlichen Zweigstelle der UDT registriert.&nbsp;&nbsp;<\/p>\n\n\n\n<p>Die Bedienung und Wartung der Lastenaufz\u00fcge darf nur auf der Grundlage der Betriebsanleitung und entsprechend dem bestimmungsgem\u00e4\u00dfen Gebrauch durchgef\u00fchrt werden. Die Aufz\u00fcge unterliegen der technischen \u00dcberwachung. Sie geh\u00f6ren zur Gruppe der F\u00f6rdermittel.&nbsp;&nbsp;<\/p>\n\n\n\n<p>Sie haben die Aufgabe, Lasten innerhalb eines bestimmten Bereichs zu bef\u00f6rdern. Wenn sie in Betrieb sind, werden sie nur begrenzt \u00fcberwacht und alle zwei Jahre einer Ad-hoc-Pr\u00fcfung unterzogen. Die in unserem Land gebr\u00e4uchlichen Bezeichnungen f\u00fcr Hebezeuge sind: Dachleiter, Dachaufzug, Schr\u00e4gseilwinde, usw.&nbsp;&nbsp;<\/p>\n\n\n\n<p>Es gibt sie in tragbaren und mobilen Versionen.&nbsp;<\/p>\n\n\n\n<h2 class=\"wp-block-heading\">Gr\u00f6\u00dfte Vorteile:\u00a0<\/h2>\n\n\n\n<ul class=\"wp-block-list\">\n<li>weit verbreitet als vertikales Transportmittel f\u00fcr Unternehmen, die sich auf Dachdeckungen oder allgemeine Bauarbeiten spezialisiert haben,&nbsp;<\/li>\n\n\n\n<li>Einfachheit und Leichtigkeit der Anwendung auf Baustellen,&nbsp;&nbsp;<\/li>\n\n\n\n<li>Gro\u00dfer Arbeitsbereich und Hubkapazit\u00e4t f\u00fcr den Transport der meisten Baumaterialien,\u00a0\u00a0<\/li>\n\n\n\n<li>praktisches Design,\u00a0<\/li>\n\n\n\n<li>Vielseitigkeit bei verschiedenen Arten von Facharbeiten,&nbsp;<\/li>\n\n\n\n<li>segmentierte Struktur,&nbsp;<\/li>\n\n\n\n<li>die M\u00f6glichkeit, ein passendes Set nach den Bed\u00fcrfnissen der Kunden zusammenzustellen.&nbsp;<\/li>\n<\/ul>\n\n\n\n<h2 class=\"wp-block-heading\">Handhabung einer Frachtabrechnung - welche Bedingungen m\u00fcssen erf\u00fcllt sein?\u00a0<\/h2>\n\n\n\n<ul class=\"wp-block-list\">\n<li>Sie m\u00fcssen im Besitz des entsprechenden Bef\u00e4higungsnachweises f\u00fcr die Bedienung des betreffenden Ger\u00e4ts sein, der vom Technischen \u00dcberwachungsverein (UDT) ausgestellt wird;&nbsp;<\/li>\n\n\n\n<li>Jeder Benutzer ist verpflichtet, die grundlegenden Gesundheits- und Sicherheitsanforderungen zu beachten;&nbsp;<\/li>\n\n\n\n<li>Sie m\u00fcssen am Arbeitsplatz in Fragen der Sicherheit und des Gesundheitsschutzes geschult und \u00fcber die Gefahren informiert sein, die mit der Arbeit an einem bestimmten Maschinentyp verbunden sind, und zwar gem\u00e4\u00df den Richtlinien des Aufzugherstellers in der Betriebsanleitung;&nbsp;<\/li>\n\n\n\n<li>Machen Sie sich mit den Vorschriften des Betreibers\/Arbeitgebers f\u00fcr den Betrieb des Ger\u00e4ts vertraut;&nbsp;<\/li>\n\n\n\n<li>Befolgen Sie die Regeln und Vorschriften.&nbsp;<\/li>\n<\/ul>\n\n\n\n<h2 class=\"wp-block-heading\">Von welchen Bedingungen h\u00e4ngt der ordnungsgem\u00e4\u00dfe Betrieb eines Lastenaufzugs ab?\u00a0<\/h2>\n\n\n\n<ul class=\"wp-block-list\">\n<li>Das Hebezeug sollte au\u00dferhalb der Gefahrenzone betrieben werden, und die Umgebung der Arbeitsstelle, wie z. B. verschiedene Hindernisse, muss vor Beginn der Arbeit \u00fcberpr\u00fcft werden. Es ist notwendig, den Arbeitsbereich gegen Unbefugte zu sichern.&nbsp;<\/li>\n\n\n\n<li>Der Bediener muss das Material, das die Last aufnimmt, gut im Blick haben und die Plattform und den Mast w\u00e4hrend der Bewegung beobachten k\u00f6nnen. Wenn die Ladeplattform aufgrund einer Fehlfunktion anh\u00e4lt, muss der Bediener den Inhalt entladen. Das geladene Gut muss immer unter Aufsicht und gleichm\u00e4\u00dfig verteilt und gegen Herunterfallen gesichert sein.&nbsp;&nbsp;<\/li>\n\n\n\n<li>Er darf sich nicht unter der Ladung befinden. Es ist ratsam, das Ger\u00e4t mindestens einmal am Tag auf Fehler oder Sch\u00e4den zu \u00fcberpr\u00fcfen. Informieren Sie die f\u00fcr die Arbeiten verantwortliche Person unverz\u00fcglich \u00fcber alle \u00c4nderungen oder Probleme.&nbsp;&nbsp;<\/li>\n\n\n\n<li>Falls erforderlich, halten Sie den Aufzug sofort an und sichern Sie ihn. Denken Sie daran, die erforderliche pers\u00f6nliche Schutzausr\u00fcstung zu benutzen, wie z. B. Arbeitskleidung, Schutzhelm, Handschuhe, Schuhwerk usw. Bringen Sie die Last so an, dass sie nicht verrutschen oder umkippen kann, und sichern Sie sie in gr\u00f6\u00dferen H\u00f6hen als der Plattform entsprechend. Au\u00dferdem m\u00fcssen pl\u00f6tzliche Windb\u00f6en ber\u00fccksichtigt werden.&nbsp;<\/li>\n<\/ul>\n\n\n\n<h2 class=\"wp-block-heading\">Spezifische Anforderungen an tragbare Lastenaufz\u00fcge vor Arbeitsbeginn:\u00a0\u00a0<\/h2>\n\n\n\n<ul class=\"wp-block-list\">\n<li>Pr\u00fcfen Sie die korrekte Funktion der Sicherheitsvorrichtungen, die ein Herabfallen der Plattform im Falle eines Drahtbruchs verhindern;&nbsp;<\/li>\n\n\n\n<li>Es ist verboten, die zul\u00e4ssige Belastung zu \u00fcberschreiten;&nbsp;<\/li>\n\n\n\n<li>Es ist nicht erlaubt, auf die Schienensegmente zu klettern;&nbsp;<\/li>\n\n\n\n<li>Verbot der Bef\u00f6rderung von Personen auf der Aufzugsplattform;&nbsp;<\/li>\n\n\n\n<li>Bei den in der Anleitung angegebenen hohen Windgeschwindigkeiten muss der Betrieb der Lastenaufzugswinde unterbrochen werden;&nbsp;<\/li>\n\n\n\n<li>Nach Beendigung der Arbeiten sollte die Ladefl\u00e4che in die untere Position gebracht werden.&nbsp;<\/li>\n<\/ul>\n\n\n<div class=\"wp-block-image\">\n<figure class=\"alignleft size-full is-resized\"><a href=\"https:\/\/szkolenia-udt.pl\/wp-content\/uploads\/2022\/09\/1-4.jpeg\"><img loading=\"lazy\" decoding=\"async\" src=\"https:\/\/szkolenia-udt.pl\/wp-content\/uploads\/2022\/09\/1-4.jpeg\" alt=\"Be- und Entladen von Dachziegeln\" class=\"wp-image-3277\" width=\"377\" height=\"283\" srcset=\"https:\/\/szkolenia-udt.pl\/wp-content\/uploads\/2022\/09\/1-4.jpeg 300w, https:\/\/szkolenia-udt.pl\/wp-content\/uploads\/2022\/09\/1-4-16x12.jpeg 16w, https:\/\/szkolenia-udt.pl\/wp-content\/uploads\/2022\/09\/1-4-135x100.jpeg 135w\" sizes=\"auto, (max-width: 377px) 100vw, 377px\" \/><\/a><\/figure>\n<\/div>\n\n\n<h2 class=\"wp-block-heading\">Einf\u00fchrung in die Wartung und Inspektion - grundlegende Informationen\u00a0<\/h2>\n\n\n\n<p>Die Wartung kann nur von Personen durchgef\u00fchrt werden, die \u00fcber die erforderliche Qualifikation verf\u00fcgen. Sie m\u00fcssen \u00fcber ein spezielles Zertifikat verf\u00fcgen, das die UDT-Pr\u00fcfung f\u00fcr Wartungspersonal oder Hebezeugf\u00fchrer beinhaltet. Das Fett und die ausgetauschten Teile m\u00fcssen entfernt werden, ohne die Umwelt zu sch\u00e4digen.&nbsp;<\/p>\n\n\n\n<p>Vor Beginn von Wartungs- oder Reinigungsarbeiten sollte die Ladefl\u00e4che so weit wie m\u00f6glich abgesenkt und der Lift von der Stromversorgung getrennt werden. Die Gesundheits- und Sicherheitsvorschriften sind stets zu beachten, und es ist Arbeitskleidung und -schuhwerk zu tragen. &nbsp;<\/p>\n\n\n\n<h3 class=\"wp-block-heading\">Vor jedem Einsatz \u00fcberpr\u00fcft ein autorisierter Bediener das Ger\u00e4t. Was sind seine Aufgaben?\u00a0<\/h3>\n\n\n\n<ul class=\"wp-block-list\">\n<li>Pr\u00fcfen Sie, ob sich die Sicherung des Laufschlittens frei bewegen l\u00e4sst und ein Rei\u00dfen des Seils verhindert. Bei M\u00e4ngeln sind die Arbeiten einzustellen und die defekten Teile auszutauschen.&nbsp;<\/li>\n\n\n\n<li>\u00dcberpr\u00fcfen Sie, dass das Seil nicht verschlissen ist und dass der Not-Aus-Schalter richtig funktioniert. Wenn der Not-Aus-Schalter bet\u00e4tigt wird, darf es nicht m\u00f6glich sein, die Ladefl\u00e4che nach oben oder unten zu bewegen.&nbsp;<\/li>\n\n\n\n<li>F\u00fchren Sie eine Probefahrt mit leerem Bahnsteig durch und pr\u00fcfen Sie, ob das gesamte Laufgleis entlang der Schienensegmente frei ist.\u00a0\u00a0<\/li>\n\n\n\n<li>Testen Sie die Funktion der Endschalter oben und unten.&nbsp;<\/li>\n<\/ul>\n\n\n\n<h3 class=\"wp-block-heading\">2 Wochenr\u00fcckblick:\u00a0<\/h3>\n\n\n\n<ul class=\"wp-block-list\">\n<li>Reinigung des Abzuges von Schmutz;&nbsp;&nbsp;<\/li>\n\n\n\n<li>den Arbeitsbereich um den Extraktor herum sauber zu halten;&nbsp;<\/li>\n\n\n\n<li>gr\u00fcndliche Inspektion des Seils auf Anzeichen von Verschlei\u00df (z. B. zerknitterte Stellen, gebrochene Litzen) oder Korrosion;&nbsp;<\/li>\n\n\n\n<li>Ersetzen des Seils, falls erforderlich.&nbsp;<\/li>\n<\/ul>\n\n\n<div class=\"wp-block-image\">\n<figure class=\"alignright size-full is-resized\"><a href=\"https:\/\/szkolenia-udt.pl\/wp-content\/uploads\/2022\/09\/3-1.jpeg\"><img loading=\"lazy\" decoding=\"async\" src=\"https:\/\/szkolenia-udt.pl\/wp-content\/uploads\/2022\/09\/3-1.jpeg\" alt=\"Lastenaufzug w\u00e4hrend der Renovierungsarbeiten\" class=\"wp-image-3279\" width=\"366\" height=\"274\" srcset=\"https:\/\/szkolenia-udt.pl\/wp-content\/uploads\/2022\/09\/3-1.jpeg 259w, https:\/\/szkolenia-udt.pl\/wp-content\/uploads\/2022\/09\/3-1-16x12.jpeg 16w, https:\/\/szkolenia-udt.pl\/wp-content\/uploads\/2022\/09\/3-1-135x100.jpeg 135w\" sizes=\"auto, (max-width: 366px) 100vw, 366px\" \/><\/a><\/figure>\n<\/div>\n\n\n<h3 class=\"wp-block-heading\">3. monatliche Inspektion und Wartung\u00a0<\/h3>\n\n\n\n<ul class=\"wp-block-list\">\n<li>Schmieren des Zahnrads der Seilwindentrommel mit einer Fettpresse;&nbsp;<\/li>\n\n\n\n<li>Pr\u00fcfen Sie, ob sich das Seilausl\u00f6seglied frei bewegen l\u00e4sst.&nbsp;<\/li>\n<\/ul>\n\n\n\n<h3 class=\"wp-block-heading\">4 Viertelj\u00e4hrliche \u00dcberpr\u00fcfung\u00a0<\/h3>\n\n\n\n<ul class=\"wp-block-list\">\n<li>Pr\u00fcfen Sie das:&nbsp;<\/li>\n\n\n\n<li>Die Hinweisschilder sind vorhanden und leicht zu lesen;&nbsp;<\/li>\n\n\n\n<li>die Neigungswinkelanzeige und der Lasttisch an den richtigen Stellen angebracht sind und ordnungsgem\u00e4\u00df funktionieren;&nbsp;<\/li>\n\n\n\n<li>alle Sicherheitsvorrichtungen funktionsf\u00e4hig sind und keine Anzeichen eines Ausfalls aufweisen.&nbsp;&nbsp;<\/li>\n<\/ul>\n\n\n\n<h3 class=\"wp-block-heading\">5. Inspektion alle 3.000rg. oder eine andere vom Hersteller angegebene Anzahl von Betriebsstunden\u00a0\u00a0<\/h3>\n\n\n\n<ul class=\"wp-block-list\">\n<li>Wechsel des Fettes im Getriebe des Getriebemotors.\u00a0<\/li>\n<\/ul>","protected":false},"excerpt":{"rendered":"<p>Zapraszamy na szkolenia do OSO Dowiedz si\u0119 wi\u0119cej na temat wyci\u0105g\u00f3w towarowych Wyci\u0105g towarowy (pot. skip, drabina) \u2013 jest to platforma przesuwna po kolumnie konstrukcji, kt\u00f3ra przypomina drabin\u0119. Mocuje si\u0119 j\u0105 do przewo\u017anego podwozia i opuszcza, w spos\u00f3b pochy\u0142y, na dach (strop) budynku. Transportuje materia\u0142y budowlane na wy\u017csze poziomy.\u00a0 Gdzie wykorzystuje si\u0119 urz\u0105dzenia towarowe i [&hellip;]<\/p>\n","protected":false},"author":10,"featured_media":3277,"parent":2266,"menu_order":0,"comment_status":"closed","ping_status":"closed","template":"","meta":{"footnotes":""},"class_list":["post-3276","page","type-page","status-publish","has-post-thumbnail","hentry"],"aioseo_notices":[],"_links":{"self":[{"href":"https:\/\/szkolenia-udt.pl\/de\/wp-json\/wp\/v2\/pages\/3276","targetHints":{"allow":["GET"]}}],"collection":[{"href":"https:\/\/szkolenia-udt.pl\/de\/wp-json\/wp\/v2\/pages"}],"about":[{"href":"https:\/\/szkolenia-udt.pl\/de\/wp-json\/wp\/v2\/types\/page"}],"author":[{"embeddable":true,"href":"https:\/\/szkolenia-udt.pl\/de\/wp-json\/wp\/v2\/users\/10"}],"replies":[{"embeddable":true,"href":"https:\/\/szkolenia-udt.pl\/de\/wp-json\/wp\/v2\/comments?post=3276"}],"version-history":[{"count":4,"href":"https:\/\/szkolenia-udt.pl\/de\/wp-json\/wp\/v2\/pages\/3276\/revisions"}],"predecessor-version":[{"id":4820,"href":"https:\/\/szkolenia-udt.pl\/de\/wp-json\/wp\/v2\/pages\/3276\/revisions\/4820"}],"up":[{"embeddable":true,"href":"https:\/\/szkolenia-udt.pl\/de\/wp-json\/wp\/v2\/pages\/2266"}],"wp:featuredmedia":[{"embeddable":true,"href":"https:\/\/szkolenia-udt.pl\/de\/wp-json\/wp\/v2\/media\/3277"}],"wp:attachment":[{"href":"https:\/\/szkolenia-udt.pl\/de\/wp-json\/wp\/v2\/media?parent=3276"}],"curies":[{"name":"wp","href":"https:\/\/api.w.org\/{rel}","templated":true}]}}