{"id":3282,"date":"2022-09-06T10:33:37","date_gmt":"2022-09-06T08:33:37","guid":{"rendered":"https:\/\/szkolenia-udt.pl\/?page_id=3282"},"modified":"2023-05-04T16:59:30","modified_gmt":"2023-05-04T14:59:30","slug":"lotkurs","status":"publish","type":"page","link":"https:\/\/szkolenia-udt.pl\/de\/kursy\/spawanie\/kurs-z-lutowania\/","title":{"rendered":"L\u00f6tkurs"},"content":{"rendered":"<h2 class=\"wp-block-heading\">Was ist L\u00f6ten?<\/h2>\n\n\n\n<p><strong>L\u00f6ten<\/strong> ist eine der beliebtesten Methoden zum Verbinden von Metallen f\u00fcr Elektronik-Anf\u00e4nger. In der Praxis wird bei dieser Methode zwischen die zu verbindenden Oberfl\u00e4chen ein -. <strong>Bindemittel<\/strong>z. B. ein geschmolzenes Metall oder ein anderes Mittel.\u00a0\u00a0<\/p>\n\n\n\n<p>W\u00e4hrend des Prozesses schmelzen die zu l\u00f6tenden Teile nicht, sondern erhitzen sich. <strong>Lut<\/strong> haftet dauerhaft an Materialien, was eine gr\u00fcndliche Reinigung der betreffenden Oberfl\u00e4che (chemisch und mechanisch) erfordert. Mit dem richtigen Wissen k\u00f6nnen hochwertige Verbindungen hergestellt werden. &nbsp;<\/p>\n\n\n\n<ul class=\"wp-block-list\">\n<li>Die h\u00e4ufigste Anwendung ist in der Elektronik-, Elektrotechnik- und Telekommunikationsindustrie f\u00fcr die Herstellung von Verbindungen in elektrischen Kabeln.&nbsp;&nbsp;<\/li>\n\n\n\n<li>In der Spenglerei wird es f\u00fcr die Herstellung von Dachrinnen verwendet, d. h. f\u00fcr das L\u00f6ten von verzinkten Blechen.&nbsp;&nbsp;<\/li>\n\n\n\n<li>In der Automobilindustrie wird es zum Verbinden von Motorwicklungen, zum F\u00fcllen von Hohlr\u00e4umen, f\u00fcr rissige Gussteile, zum Reparieren und Herstellen von Autok\u00fchlern verwendet.&nbsp;&nbsp;<\/li>\n\n\n\n<li>L\u00f6tverbindungen in integrierten Schaltkreisen oder anderen elektronischen Bauteilen sind der beste Weg, um eine gute Leitf\u00e4higkeit zu gew\u00e4hrleisten. Sie werden h\u00e4ufig anstelle des Schwei\u00dfens verwendet, wenn keine nennenswerten Lasten \u00fcbertragen werden m\u00fcssen, aber eine angemessene Stromleitung erforderlich ist.&nbsp;<\/li>\n<\/ul>\n\n\n<div class=\"wp-block-image\">\n<figure class=\"alignright size-full is-resized\"><a href=\"https:\/\/szkolenia-udt.pl\/wp-content\/uploads\/2023\/05\/1-5-1024x683-1.jpeg\"><img loading=\"lazy\" decoding=\"async\" src=\"https:\/\/szkolenia-udt.pl\/wp-content\/uploads\/2023\/05\/1-5-1024x683-1.jpeg\" alt=\"Schwei\u00dfen von Metallen in der Praxis\" class=\"wp-image-4803\" width=\"512\" height=\"342\" srcset=\"https:\/\/szkolenia-udt.pl\/wp-content\/uploads\/2023\/05\/1-5-1024x683-1.jpeg 1024w, https:\/\/szkolenia-udt.pl\/wp-content\/uploads\/2023\/05\/1-5-1024x683-1-300x200.jpeg 300w, https:\/\/szkolenia-udt.pl\/wp-content\/uploads\/2023\/05\/1-5-1024x683-1-768x512.jpeg 768w, https:\/\/szkolenia-udt.pl\/wp-content\/uploads\/2023\/05\/1-5-1024x683-1-18x12.jpeg 18w\" sizes=\"auto, (max-width: 512px) 100vw, 512px\" \/><\/a><\/figure>\n<\/div>\n\n\n<h3 class=\"wp-block-heading\">Das L\u00f6ten wird unterteilt in:\u00a0<\/h3>\n\n\n\n<ul class=\"wp-block-list\">\n<li>Sanft,&nbsp;<\/li>\n\n\n\n<li>schwer.&nbsp;<\/li>\n<\/ul>\n\n\n\n<h3 class=\"wp-block-heading\">Wo ist sie anwendbar?\u00a0<\/h3>\n\n\n\n<ul class=\"wp-block-list\">\n<li>in Installationen:&nbsp;<\/li>\n\n\n\n<li>K\u00fchlung,&nbsp;<\/li>\n\n\n\n<li>Klimatisierung,&nbsp;<\/li>\n\n\n\n<li>Zentralheizung,&nbsp;<\/li>\n\n\n\n<li>technische Gase (einschlie\u00dflich medizinischer Gase).&nbsp;<\/li>\n<\/ul>\n\n\n\n<p><strong>Warum ist Schwei\u00dfen so attraktiv?<\/strong>&nbsp;<\/p>\n\n\n\n<p>\u00c4sthetische Verarbeitung und gleichm\u00e4\u00dfige Verteilung des Lots sind ein wichtiger Vorteil. Die Dichtheitspr\u00fcfung mit Wasser ist einfach, man sieht dann eventuelle Leckagen.&nbsp;&nbsp;<\/p>\n\n\n\n<p>Eine andere gute Methode ist die Verwendung von Kreide auf einer Seite und Paraffin auf der anderen. Die dichte Verbindung wird keine fettigen Flecken auf der Kreide hinterlassen.&nbsp;<\/p>\n\n\n\n<h2 class=\"wp-block-heading\">Schauen Sie sich den umfassenden L\u00f6tkurs an!\u00a0<\/h2>\n\n\n\n<p>Sie lernen viele wertvolle Informationen, z. B. wie man Probleme erkennt und l\u00f6st und wie man richtig l\u00f6tet. Sie werden die erworbenen Kenntnisse in die Praxis umsetzen. Wir helfen Ihnen, fortgeschrittene Aufgaben unter den wachsamen Augen eines Ausbilders auszuf\u00fchren. Sie lernen die Antwort auf die Frage: Welcher L\u00f6tkolben ist der beste und welcher Satz von Bauteilen f\u00fcr eine bestimmte Aufgabe?\u00a0\u00a0<\/p>\n\n\n\n<p>Wir machen die Sch\u00fcler auf die vielen Fehler aufmerksam, die beim Handl\u00f6ten gemacht werden k\u00f6nnen. Sie lernen Schritt f\u00fcr Schritt, wie man richtig l\u00f6tet, und erhalten die n\u00f6tigen Tipps, um ein Experte auf Ihrem Gebiet zu werden. Wir haben unseren Kurs so konzipiert, dass Sie die F\u00e4higkeiten erlangen, L\u00f6tzinn herzustellen, das allen Anforderungen und Qualit\u00e4tsstandards entspricht. &nbsp;<\/p>\n\n\n\n<p>W\u00e4hrend des Kurses lernen Sie die drei eisernen Regeln f\u00fcr diesen Beruf: Vorbereitung des Materials, Verzinnen und Auftragen des Lots. Wenn Sie diese beherrschen, werden Sie sehr schnell zum Profi in Ihrem Beruf. Sie erhalten Tipps und Tricks, die Ihnen helfen, viele Fehler in der Praxis zu vermeiden und Schwei\u00dfzeiten abzusch\u00e4tzen. Wir zeigen Ihnen, wie Sie:&nbsp;&nbsp;<\/p>\n\n\n\n<ul class=\"wp-block-list\">\n<li>reinigen Sie den L\u00f6tkolben,&nbsp;<\/li>\n\n\n\n<li>seine Lebensdauer zu verl\u00e4ngern,&nbsp;<\/li>\n\n\n\n<li>L\u00f6ten von integrierten Schaltungen und Steckern.&nbsp;<\/li>\n<\/ul>\n\n\n\n<p>Schlechtes L\u00f6tzinn von gutem L\u00f6tzinn zu unterscheiden, wird f\u00fcr Sie ein Kinderspiel sein!&nbsp;<\/p>\n\n\n\n<h2 class=\"wp-block-heading\">Auswahl der Lotart<\/h2>\n\n\n\n<p>Obwohl es eine ganze Reihe von L\u00f6tmittelarten gibt, ist es \u00fcblich, zwischen bleifreiem, bleihaltigem und massivem Draht zu w\u00e4hlen, wobei der Durchmesser, die Art des Flussmittels und der Kern zu den Grundlagen geh\u00f6ren. Die Kenntnis dieser Elemente kann das Erlernen des L\u00f6tens einfach und unterhaltsam machen. Sie werden wissen, welche Methode Sie anwenden m\u00fcssen.&nbsp;<\/p>\n\n\n<div class=\"wp-block-image\">\n<figure class=\"alignright size-full is-resized\"><a href=\"https:\/\/szkolenia-udt.pl\/wp-content\/uploads\/2023\/05\/screen_2x-1024x684-1.jpeg\"><img loading=\"lazy\" decoding=\"async\" src=\"https:\/\/szkolenia-udt.pl\/wp-content\/uploads\/2023\/05\/screen_2x-1024x684-1.jpeg\" alt=\"Verschmelzung von verzinkten Autoblechen\" class=\"wp-image-4802\" width=\"512\" height=\"342\" srcset=\"https:\/\/szkolenia-udt.pl\/wp-content\/uploads\/2023\/05\/screen_2x-1024x684-1.jpeg 1024w, https:\/\/szkolenia-udt.pl\/wp-content\/uploads\/2023\/05\/screen_2x-1024x684-1-300x200.jpeg 300w, https:\/\/szkolenia-udt.pl\/wp-content\/uploads\/2023\/05\/screen_2x-1024x684-1-768x513.jpeg 768w, https:\/\/szkolenia-udt.pl\/wp-content\/uploads\/2023\/05\/screen_2x-1024x684-1-18x12.jpeg 18w\" sizes=\"auto, (max-width: 512px) 100vw, 512px\" \/><\/a><\/figure>\n<\/div>\n\n\n<h2 class=\"wp-block-heading\">Ausbildungsziele:\u00a0\u00a0<\/h2>\n\n\n\n<ul class=\"wp-block-list\">\n<li>Qualifizierung f\u00fcr das L\u00f6ten von Aluminium und Kupfer - Weich- und Hartschmelzen nach dem Kapillarverfahren.&nbsp;<\/li>\n<\/ul>\n\n\n\n<ul class=\"wp-block-list\">\n<li>Durchf\u00fchren von L\u00f6tarbeiten an Kupfer- oder Aluminiumrohren.&nbsp;<\/li>\n<\/ul>\n\n\n\n<h2 class=\"wp-block-heading\">Angebot\u00a0<\/h2>\n\n\n\n<p>Der Kurs besteht aus einem theoretischen und einem praktischen Teil. Diejenigen, die von Hand l\u00f6ten, m\u00fcssen eine Bescheinigung \u00fcber den erfolgreichen Abschluss der Ausbildung vorweisen, um die Arbeit aufnehmen zu k\u00f6nnen. Es besteht keine Verpflichtung, eine zus\u00e4tzliche externe Pr\u00fcfung abzulegen. Dies ist in der Verordnung des Wirtschaftsministers vom 27. April 2000 (Gesetzblatt 2000, Nr. 40, Punkt 470) beschrieben.&nbsp;&nbsp;<\/p>\n\n\n\n<h2 class=\"wp-block-heading\">Anmeldung zum L\u00f6ttraining\u00a0<\/h2>\n\n\n\n<p>Derzeit besteht auf dem Arbeitsmarkt eine hohe Nachfrage nach Fachkr\u00e4ften f\u00fcr das F\u00fcgen von Werkstoffen. Die Arbeitgeber sind stark an Menschen mit diesen F\u00e4higkeiten interessiert. Deshalb ist es sinnvoll, eine entsprechende Ausbildung zu absolvieren, die wir Ihnen anbieten.&nbsp;&nbsp;<\/p>\n\n\n\n<p>Unsere Mitarbeiter sind erfahrene Ausbilder, die ihr Wissen auf verst\u00e4ndliche Art und Weise vermitteln. Unmittelbar nach dem Kurs k\u00f6nnen Sie eine Stelle als \u00dcbersetzer antreten. <strong>L\u00f6ter<\/strong>.&nbsp;&nbsp;<\/p>\n\n\n\n<p>Im Lehrgang werden Sie sehen, was f\u00fcr ein interessanter und lohnender Beruf das L\u00f6ten sein kann - besonders bei komplexen Vorg\u00e4ngen. Der Preis f\u00fcr den Kurs ist erschwinglich und kosteng\u00fcnstig. Die Investition in die Ausbildung macht sich durch einen guten Verdienst und fundierte Kenntnisse schnell bezahlt. W\u00e4hrend der Ausbildung lernen die Teilnehmer das L\u00f6ten von Bauteilen, die wichtigste F\u00e4higkeit f\u00fcr Elektroniker&nbsp;<\/p>\n\n\n\n<h2 class=\"wp-block-heading\">Die derzeit g\u00e4ngigsten Entl\u00f6tmethoden sind:\u00a0<\/h2>\n\n\n\n<ul class=\"wp-block-list\">\n<li>mit Hilfe von:&nbsp;<\/li>\n\n\n\n<li>Dosenabzieher,&nbsp;<\/li>\n\n\n\n<li>die L\u00f6tleiste zum Ausschneiden der Bauteile,&nbsp;<\/li>\n\n\n\n<li>verschiedene Arten von SMD-Bauteilen,&nbsp;<\/li>\n\n\n\n<li>Erw\u00e4rmung aller Beine zur gleichen Zeit.&nbsp;<\/li>\n<\/ul>\n\n\n\n<h2 class=\"wp-block-heading\">Hartl\u00f6ten\u00a0<\/h2>\n\n\n\n<p>Sie erhalten eine praktische Ausbildung, die nicht nur bei der Arbeit, sondern auch im t\u00e4glichen Leben n\u00fctzlich sein wird. Diese Ausbildung richtet sich an Personen, die in Berufen t\u00e4tig sind, in denen eine solide Qualit\u00e4t des L\u00f6tens erforderlich ist, aber auch an Personen, die beginnen, sich mit dem harten Schmelzen von Kupfer und Stahl zu besch\u00e4ftigen. Das Operator Training Centre ist der Ort, an dem Sie Ihr Handwerk effektiv erlernen werden.&nbsp;<\/p>\n\n\n\n<h2 class=\"wp-block-heading\">Bedingungen f\u00fcr die Zulassung zum L\u00f6tkurs:\u00a0<\/h2>\n\n\n\n<ul class=\"wp-block-list\">\n<li>mindestens 18 Jahre alt sein;&nbsp;<\/li>\n\n\n\n<li>Mindestens Grundschulbildung;&nbsp;<\/li>\n\n\n\n<li>ein von einem Arbeitsmediziner bescheinigter Gesundheitszustand, der es erm\u00f6glicht, die Arbeit eines L\u00f6tmeisters auszu\u00fcben.&nbsp;<\/li>\n<\/ul>\n\n\n<div class=\"wp-block-image\">\n<figure class=\"alignright size-full is-resized\"><a href=\"https:\/\/szkolenia-udt.pl\/wp-content\/uploads\/2023\/05\/2-3-683x1024-1.jpeg\"><img loading=\"lazy\" decoding=\"async\" src=\"https:\/\/szkolenia-udt.pl\/wp-content\/uploads\/2023\/05\/2-3-683x1024-1.jpeg\" alt=\"L\u00f6ten\" class=\"wp-image-4801\" width=\"342\" height=\"512\" srcset=\"https:\/\/szkolenia-udt.pl\/wp-content\/uploads\/2023\/05\/2-3-683x1024-1.jpeg 683w, https:\/\/szkolenia-udt.pl\/wp-content\/uploads\/2023\/05\/2-3-683x1024-1-200x300.jpeg 200w, https:\/\/szkolenia-udt.pl\/wp-content\/uploads\/2023\/05\/2-3-683x1024-1-8x12.jpeg 8w\" sizes=\"auto, (max-width: 342px) 100vw, 342px\" \/><\/a><\/figure>\n<\/div>\n\n\n<h2 class=\"wp-block-heading\">Allgemeiner \u00dcberblick \u00fcber die Schulungsthemen:\u00a0<\/h2>\n\n\n\n<ol class=\"wp-block-list\" start=\"1\">\n<li>Grunds\u00e4tze der Vorbereitung von Teilen f\u00fcr das F\u00fcgen;&nbsp;<\/li>\n\n\n\n<li>Konstruktionsmerkmale beim L\u00f6ten; \u00a0<\/li>\n\n\n\n<li>Grundlagen der Physik und Chemie;\u00a0<\/li>\n\n\n\n<li>Technologien zum Schwei\u00dfen;\u00a0<\/li>\n\n\n\n<li>Fusion von Stahl, Kupfer und Bindemitteln;\u00a0<\/li>\n\n\n\n<li>Qualit\u00e4tsanalyse;\u00a0<\/li>\n\n\n\n<li>GESUNDHEIT UND SICHERHEIT;\u00a0<\/li>\n\n\n\n<li>Praktische Gasl\u00f6t\u00fcbungen an Produktionsstationen.\u00a0<\/li>\n<\/ol>\n\n\n\n<ol class=\"wp-block-list\" start=\"2\"><\/ol>\n\n\n\n<ol class=\"wp-block-list\" start=\"3\"><\/ol>\n\n\n\n<ol class=\"wp-block-list\" start=\"4\"><\/ol>\n\n\n\n<ol class=\"wp-block-list\" start=\"5\"><\/ol>\n\n\n\n<h2 class=\"wp-block-heading\">Warum unser Unternehmen w\u00e4hlen?\u00a0<\/h2>\n\n\n\n<p>Wir laden Sie ein zu <a href=\"https:\/\/szkolenia-udt.pl\/de\/oferta\/\">Inanspruchnahme von Dienstleistungen<\/a> im OSO Operator Training Centre! Wir bieten umfassende <a href=\"https:\/\/szkolenia-udt.pl\/de\/kursy\/szkolenie-audytorskie-udt\/\">UDT-Ausbildung<\/a> auf einer breiten Palette von Maschinen, z. B. Br\u00fcckenkr\u00e4nen, Gabelstaplern, Kr\u00e4nen, HDS, Teleskopladern oder mobilen Arbeitsb\u00fchnen. Schwei\u00dfen, Schwei\u00dfen, Zulassungskurse <a href=\"https:\/\/szkolenia-udt.pl\/de\/kursy\/sep-g1-g2-g3\/komisje-certyfikujace-sep-pse-simp-sitps\/\">GEIER<\/a> und H\u00f6hen.&nbsp;&nbsp;<\/p>\n\n\n\n<p>Wir bieten unsere Dienste allen Interessierten an, die sich Kenntnisse und F\u00e4higkeiten im Umgang mit Ger\u00e4ten und Maschinen aneignen wollen.  Bei uns erhalten Sie Unterst\u00fctzung auf h\u00f6chstem Niveau!&nbsp;&nbsp;<\/p>\n\n\n\n<p>Wir konzentrieren uns auf die Bed\u00fcrfnisse unserer Kunden, so dass Sie sich auf professionelle Unterst\u00fctzung und eine angemessene Ausbildung verlassen k\u00f6nnen. Vereinbaren Sie einen passenden Termin f\u00fcr Ihre erste Unterrichtsstunde. Wir sind eine nicht-\u00f6ffentliche Bildungseinrichtung, die Schulungen in Warschau anbietet.\u00a0<\/p>\n\n\n\n<h2 class=\"wp-block-heading\">Wo werden wir ausgebildet?\u00a0<\/h2>\n\n\n\n<p>Warschau - hier befindet sich unsere Hauptniederlassung, die \u00fcber professionelle R\u00e4umlichkeiten verf\u00fcgt, aber wir sind auch an anderen Standorten in ganz Polen vertreten. Wir bieten auch Schulungen unter Ausschluss der \u00d6ffentlichkeit an, die wir nach Absprache mit dem Kunden an einem bestimmten Ort durchf\u00fchren.&nbsp;<\/p>\n\n\n\n<p>Wenn Sie Fragen zu unseren Dienstleistungen haben, sind wir immer f\u00fcr Sie da. <a href=\"https:\/\/szkolenia-udt.pl\/de\/kontakt\/\" target=\"_blank\" rel=\"noreferrer noopener\">Bitte kontaktieren Sie uns<\/a>. Wir laden Sie ein, einen Blick auf unsere <a href=\"https:\/\/szkolenia-udt.pl\/de\/angebot\/\" target=\"_blank\" rel=\"noreferrer noopener\">vollst\u00e4ndiges Angebot<\/a> Wir m\u00f6chten Sie ermutigen, unsere Dienste in Anspruch zu nehmen!&nbsp;<\/p>\n\n\n\n<h3 class=\"wp-block-heading\">Wo werden wir ausgebildet?<\/h3>\n\n\n\n<div class=\"wp-block-columns is-layout-flex wp-container-core-columns-is-layout-9d6595d7 wp-block-columns-is-layout-flex\">\n<div class=\"wp-block-column is-layout-flow wp-block-column-is-layout-flow\" style=\"flex-basis:50%\">\n<ul class=\"wp-block-list\">\n<li>Warschau,\u00a0<\/li>\n\n\n\n<li>Krak\u00f3w,&nbsp;<\/li>\n\n\n\n<li>\u0141\u00f3d\u017a,&nbsp;<\/li>\n\n\n\n<li>Wroc\u0142aw,&nbsp;<\/li>\n\n\n\n<li>Pozna\u0144,&nbsp;<\/li>\n\n\n\n<li>Danzig,\u00a0<\/li>\n<\/ul>\n<\/div>\n\n\n\n<div class=\"wp-block-column is-layout-flow wp-block-column-is-layout-flow\" style=\"flex-basis:50%\">\n<ul class=\"wp-block-list\">\n<li>Gdynia,&nbsp;<\/li>\n\n\n\n<li>Stettin (Szczecin),&nbsp;<\/li>\n\n\n\n<li>Bydgoszcz,&nbsp;<\/li>\n\n\n\n<li>Lublin,&nbsp;<\/li>\n\n\n\n<li>Schlesien: Kattowitz,&nbsp;<\/li>\n\n\n\n<li>Bielsko-Bia\u0142a.&nbsp;<\/li>\n<\/ul>\n<\/div>\n<\/div>\n\n\n\n<p><a href=\"https:\/\/szkolenia-udt.pl\/de\/kontakt\/\">Sie sind herzlich eingeladen<\/a> unsere Dienstleistungen zu w\u00e4hlen!&nbsp;<\/p>\n\n\n<div class=\"wp-block-image\">\n<figure class=\"aligncenter size-large\"><a href=\"https:\/\/szkolenia-udt.pl\/wp-content\/uploads\/2022\/09\/0073-oso.edu_.pl_.jpg\"><img loading=\"lazy\" decoding=\"async\" width=\"1024\" height=\"853\" src=\"https:\/\/szkolenia-udt.pl\/wp-content\/uploads\/2022\/09\/0073-oso.edu_.pl_-1024x853.jpg\" alt=\"\" class=\"wp-image-3286\" srcset=\"https:\/\/szkolenia-udt.pl\/wp-content\/uploads\/2022\/09\/0073-oso.edu_.pl_-1024x853.jpg 1024w, https:\/\/szkolenia-udt.pl\/wp-content\/uploads\/2022\/09\/0073-oso.edu_.pl_-300x250.jpg 300w, https:\/\/szkolenia-udt.pl\/wp-content\/uploads\/2022\/09\/0073-oso.edu_.pl_-768x640.jpg 768w, https:\/\/szkolenia-udt.pl\/wp-content\/uploads\/2022\/09\/0073-oso.edu_.pl_-14x12.jpg 14w, https:\/\/szkolenia-udt.pl\/wp-content\/uploads\/2022\/09\/0073-oso.edu_.pl_.jpg 1200w\" sizes=\"auto, (max-width: 1024px) 100vw, 1024px\" \/><\/a><\/figure>\n<\/div>","protected":false},"excerpt":{"rendered":"<p>Czym jest lutowanie? Lutowanie to jeden z najpopularniejszych sposob\u00f3w \u0142\u0105czenia metali dla pocz\u0105tkuj\u0105cych elektronik\u00f3w. W praktyce metoda spajania polega na wprowadzeniu mi\u0119dzy \u0142\u0105czone powierzchnie \u2013 spoiwa, czyli np. roztopiony metal lub inny czynnik.\u00a0\u00a0 Podczas procesu cz\u0119\u015bci do lutowania nie topi\u0105 si\u0119, tylko nagrzewaj\u0105. Lut trwale przyczepia si\u0119 do materia\u0142\u00f3w, co wymaga dok\u0142adnego wyczyszczenia danej powierzchni [&hellip;]<\/p>\n","protected":false},"author":10,"featured_media":3283,"parent":2583,"menu_order":0,"comment_status":"closed","ping_status":"closed","template":"","meta":{"footnotes":""},"class_list":["post-3282","page","type-page","status-publish","has-post-thumbnail","hentry"],"aioseo_notices":[],"_links":{"self":[{"href":"https:\/\/szkolenia-udt.pl\/de\/wp-json\/wp\/v2\/pages\/3282","targetHints":{"allow":["GET"]}}],"collection":[{"href":"https:\/\/szkolenia-udt.pl\/de\/wp-json\/wp\/v2\/pages"}],"about":[{"href":"https:\/\/szkolenia-udt.pl\/de\/wp-json\/wp\/v2\/types\/page"}],"author":[{"embeddable":true,"href":"https:\/\/szkolenia-udt.pl\/de\/wp-json\/wp\/v2\/users\/10"}],"replies":[{"embeddable":true,"href":"https:\/\/szkolenia-udt.pl\/de\/wp-json\/wp\/v2\/comments?post=3282"}],"version-history":[{"count":5,"href":"https:\/\/szkolenia-udt.pl\/de\/wp-json\/wp\/v2\/pages\/3282\/revisions"}],"predecessor-version":[{"id":4804,"href":"https:\/\/szkolenia-udt.pl\/de\/wp-json\/wp\/v2\/pages\/3282\/revisions\/4804"}],"up":[{"embeddable":true,"href":"https:\/\/szkolenia-udt.pl\/de\/wp-json\/wp\/v2\/pages\/2583"}],"wp:featuredmedia":[{"embeddable":true,"href":"https:\/\/szkolenia-udt.pl\/de\/wp-json\/wp\/v2\/media\/3283"}],"wp:attachment":[{"href":"https:\/\/szkolenia-udt.pl\/de\/wp-json\/wp\/v2\/media?parent=3282"}],"curies":[{"name":"wp","href":"https:\/\/api.w.org\/{rel}","templated":true}]}}