{"id":33,"date":"2014-10-07T16:18:33","date_gmt":"2014-10-07T16:18:33","guid":{"rendered":"http:\/\/szkolenia-udt.pl\/?page_id=33"},"modified":"2024-10-09T14:56:22","modified_gmt":"2024-10-09T12:56:22","slug":"gabelstapler","status":"publish","type":"page","link":"https:\/\/szkolenia-udt.pl\/de\/kursy\/wozki-widlowe\/","title":{"rendered":"Gabelstapler"},"content":{"rendered":"<h2>Gabelstaplerkurs - Warschau und ganz Polen<\/h2>\n<div style=\"float: left; padding-right: 10px;\"><div id=\"metaslider-id-396\" style=\"max-width: 300px;\" class=\"ml-slider-3-107-0 metaslider metaslider-flex metaslider-396 ml-slider ms-theme-default nav-hidden\" role=\"region\" aria-label=\"Gabelstapler\" data-height=\"225\" data-width=\"300\">\n    <div id=\"metaslider_container_396\">\n        <div id=\"metaslider_396\">\n            <ul class='slides'>\n                <li style=\"display: block; width: 100%;\" class=\"slide-400 ms-image\" aria-roledescription=\"slide\" data-date=\"2014-10-10 12:07:59\" data-filename=\"6260676228_3a0fdacf7d_o.jpg\" data-slide-type=\"image\"><img loading=\"lazy\" decoding=\"async\" src=\"https:\/\/szkolenia-udt.pl\/wp-content\/uploads\/2014\/10\/6260676228_3a0fdacf7d_o.jpg\" height=\"225\" width=\"300\" alt=\"Gabelstapler\" class=\"slider-396 slide-400 msDefaultImage\" \/><\/li>\n                <li style=\"display: none; width: 100%;\" class=\"slide-577 ms-image\" aria-roledescription=\"slide\" data-date=\"2014-10-12 05:27:57\" data-filename=\"Szkolenia-w\u00f3zki-wid\u0142owe.jpg\" data-slide-type=\"image\"><img loading=\"lazy\" decoding=\"async\" src=\"https:\/\/szkolenia-udt.pl\/wp-content\/uploads\/2014\/10\/Szkolenia-w\u00f3zki-wid\u0142owe.jpg\" height=\"225\" width=\"300\" alt=\"Gabelstapler-Ausbildung\" class=\"slider-396 slide-577 msDefaultImage\" \/><\/li>\n                <li style=\"display: none; width: 100%;\" class=\"slide-578 ms-image\" aria-roledescription=\"slide\" data-date=\"2014-10-12 05:34:04\" data-filename=\"W\u00f3zki-wid\u0142owe-UDT.jpg\" data-slide-type=\"image\"><img loading=\"lazy\" decoding=\"async\" src=\"https:\/\/szkolenia-udt.pl\/wp-content\/uploads\/2014\/10\/W\u00f3zki-wid\u0142owe-UDT.jpg\" height=\"225\" width=\"300\" alt=\"\" class=\"slider-396 slide-578 msDefaultImage\" \/><\/li>\n                <li style=\"display: none; width: 100%;\" class=\"slide-1205 ms-image\" aria-roledescription=\"slide\" data-date=\"2014-11-17 21:31:17\" data-filename=\"wozki3a.jpg\" data-slide-type=\"image\"><img loading=\"lazy\" decoding=\"async\" src=\"https:\/\/szkolenia-udt.pl\/wp-content\/uploads\/2014\/11\/wozki3a.jpg\" height=\"225\" width=\"300\" alt=\"\" class=\"slider-396 slide-1205 msDefaultImage\" \/><\/li>\n                <li style=\"display: none; width: 100%;\" class=\"slide-1204 ms-image\" aria-roledescription=\"slide\" data-date=\"2014-11-17 21:31:16\" data-filename=\"wozki2a.jpg\" data-slide-type=\"image\"><img loading=\"lazy\" decoding=\"async\" src=\"https:\/\/szkolenia-udt.pl\/wp-content\/uploads\/2014\/11\/wozki2a.jpg\" height=\"225\" width=\"300\" alt=\"\" class=\"slider-396 slide-1204 msDefaultImage\" \/><\/li>\n            <\/ul>\n        <\/div>\n        \n    <\/div>\n<\/div><\/div>\n<div class=\"wyjustuj\">\n<p>Wir laden Sie ein, Gabelstaplerkurse zu besuchen bei <a href=\"https:\/\/szkolenia-udt.pl\/de\/o-firmie\/\">Schulungszentrum f\u00fcr Bediener<\/a>! Wenn Sie einen Gabelstaplerschein machen wollen, k\u00f6nnen Sie ihn bei uns immer zu einem g\u00fcnstigen Preis bekommen - wir haben viele Jahre Erfahrung im Unterrichten dieser Art von Kursen und Tausende von Menschen in ganz Polen haben bereits unsere Dienste in Anspruch genommen - wir ermutigen Sie, sich in ihre Reihen einzureihen! Unser Kurs \u00fcber Gabelstapler (jezdniowe, Gabelstapler) ist f\u00fcr Personen gedacht, die eine Arbeit als Bediener dieser Ger\u00e4te suchen. Heutzutage steigt die Nachfrage nach Personen mit Gabelstaplerlizenzen st\u00e4ndig an, so dass es sich lohnt, die Vorteile des <a href=\"https:\/\/szkolenia-udt.pl\/de\/oferta\/\">Unser Angebot<\/a> ist eine vorausschauende Entscheidung.<\/p>\n<p>Gabelstaplerkurse werden in 3 Kategorien durchgef\u00fchrt.<\/p>\n<div class=\"filmw\">\n<div class=\"responsive-youtube\"><iframe loading=\"lazy\" title=\"YouTube-Video-Player\" src=\"https:\/\/www.youtube.com\/embed\/lBt7_7QgUVU\" width=\"560\" height=\"315\" frameborder=\"0\" allowfullscreen=\"allowfullscreen\"><\/iframe><\/div>\n<\/div>\n<h2 class=\"boldnagl\">Wir stellen Gabelstaplerscheine in den folgenden Kategorien aus:<\/h2>\n<ul>\n<li>III WJO - berechtigt zum Betrieb <a href=\"https:\/\/szkolenia-udt.pl\/de\/kursy\/wozki-widlowe\/budowa-wozka-jezdniowego\/\">Gabelstapler<\/a> gef\u00fchrte und ferngesteuerte Gabelstapler<\/li>\n<li>II WJO - Genehmigung zum Betrieb von Gabelstaplern, mit Ausnahme von Spezialger\u00e4ten<\/li>\n<li>I WJO - Berechtigung zum F\u00fchren von Gabelstaplern, einschlie\u00dflich Spezialstaplern: mit Bediener, der die Last anhebt, und mit variabler Reichweite<\/li>\n<\/ul>\n<p>Wenn Sie Gabelstapler fahren wollen, ist der Kurs unerl\u00e4sslich. Sie erhalten alle wichtigen theoretischen Informationen und dar\u00fcber hinaus praktische \u00dcbungen an Ger\u00e4ten, die bei der Materialhandhabung h\u00e4ufig verwendet werden.<\/p>\n<h2 class=\"boldnagl\">Jeder Gabelstaplerkurs umfasst die folgenden Themen:<\/h2>\n<ul>\n<li>Arten und Bauweise der Ger\u00e4te<\/li>\n<li>Ma\u00dfnahmen des Betreibers vor und nach der Arbeit<\/li>\n<li>Bedieneraktivit\u00e4ten w\u00e4hrend des Betriebs<\/li>\n<li>Nachrichten \u00fcber die Bef\u00f6rderung von G\u00fctern<\/li>\n<li>technische \u00dcberwachung<\/li>\n<li>Regeln f\u00fcr den Austausch von Gasflaschen<\/li>\n<li>praktische \u00dcbungen<\/li>\n<\/ul>\n<div style=\"width: 640px;\" class=\"wp-video\"><video id=\"video-33-1\" width=\"640\" height=\"360\" poster=\"https:\/\/szkolenia-udt.pl\/wp-content\/uploads\/2023\/03\/okladka-wozek-widlowy-OSO.jpg\" preload=\"metadata\" controls=\"controls\"><source type=\"video\/mp4\" src=\"https:\/\/szkolenia-udt.pl\/wp-content\/uploads\/2023\/03\/wozki-widlowe-SZKOLENIA-UDT.PL-OSO.mp4?_=1\" \/><a href=\"https:\/\/szkolenia-udt.pl\/wp-content\/uploads\/2023\/03\/wozki-widlowe-SZKOLENIA-UDT.PL-OSO.mp4\">https:\/\/szkolenia-udt.pl\/wp-content\/uploads\/2023\/03\/wozki-widlowe-SZKOLENIA-UDT.PL-OSO.mp4<\/a><\/video><\/div>\n<h2 class=\"boldnagl\">Anforderungen<\/h2>\n<p>F\u00fcr die Einschreibung in den Kurs m\u00fcssen folgende Voraussetzungen erf\u00fcllt sein:<\/p>\n<ul>\n<li>mindestens 18 Jahre alt sein<\/li>\n<li>mindestens Grundschulbildung<\/li>\n<li>keine Kontraindikationen f\u00fcr die Arbeit in dieser Position<\/li>\n<\/ul>\n<h2 class=\"boldnagl\">Preis<\/h2>\n<p>Wenn Sie einen Gabelstaplerkurs in unserem Zentrum absolvieren m\u00f6chten, m\u00fcssen Sie keine hohen Geb\u00fchren bef\u00fcrchten. Was uns auszeichnet, sind unsere g\u00fcnstigen Preise und zus\u00e4tzliche Rabatte f\u00fcr diejenigen, die einen Gabelstaplerschein ohne gro\u00dfe Kosten erwerben wollen. Im Preis enthalten sind bereits die Pr\u00fcfungsgeb\u00fchren und die Ausstellung eines Ausbildungsnachweises. Wir empfehlen Ihnen, die Preisliste zu besuchen, um die aktuellen Geb\u00fchren zu \u00fcberpr\u00fcfen.<\/p>\n<h2 class=\"boldnagl\">Wo sind wir t\u00e4tig?<\/h2>\n<div class=\"sliderpageright\"><div id=\"metaslider-id-403\" style=\"max-width: 300px;\" class=\"ml-slider-3-107-0 metaslider metaslider-flex metaslider-403 ml-slider ms-theme-default nav-hidden nav-hidden\" role=\"region\" aria-label=\"Gabelstapler2\" data-height=\"225\" data-width=\"300\">\n    <div id=\"metaslider_container_403\">\n        <div id=\"metaslider_403\">\n            <ul class='slides'>\n                <li style=\"display: block; width: 100%;\" class=\"slide-580 ms-image\" aria-roledescription=\"slide\" data-date=\"2014-10-12 05:36:13\" data-filename=\"Kurs-W\u00f3zek-Wid\u0142owy.jpg\" data-slide-type=\"image\"><img loading=\"lazy\" decoding=\"async\" src=\"https:\/\/szkolenia-udt.pl\/wp-content\/uploads\/2014\/10\/Kurs-W\u00f3zek-Wid\u0142owy.jpg\" height=\"225\" width=\"300\" alt=\"\" class=\"slider-403 slide-580 msDefaultImage\" \/><\/li>\n                <li style=\"display: none; width: 100%;\" class=\"slide-579 ms-image\" aria-roledescription=\"slide\" data-date=\"2014-10-12 05:36:12\" data-filename=\"Szkolenie-W\u00f3zki-wid\u0142owe.jpg\" data-slide-type=\"image\"><img loading=\"lazy\" decoding=\"async\" src=\"https:\/\/szkolenia-udt.pl\/wp-content\/uploads\/2014\/10\/Szkolenie-W\u00f3zki-wid\u0142owe.jpg\" height=\"225\" width=\"300\" alt=\"Gabelstapler-Ausbildung\" class=\"slider-403 slide-579 msDefaultImage\" \/><\/li>\n                <li style=\"display: none; width: 100%;\" class=\"slide-583 ms-image\" aria-roledescription=\"slide\" data-date=\"2014-10-12 05:36:15\" data-filename=\"Szkolenia-\u0141adowarka-teleskopowa.jpg\" data-slide-type=\"image\"><img loading=\"lazy\" decoding=\"async\" src=\"https:\/\/szkolenia-udt.pl\/wp-content\/uploads\/2014\/10\/Szkolenia-\u0141adowarka-teleskopowa.jpg\" height=\"225\" width=\"300\" alt=\"\" class=\"slider-403 slide-583 msDefaultImage\" \/><\/li>\n                <li style=\"display: none; width: 100%;\" class=\"slide-594 ms-image\" aria-roledescription=\"slide\" data-date=\"2014-10-12 05:43:43\" data-filename=\"Szkolenia-w\u00f3zki-wid\u0142owe1.jpg\" data-slide-type=\"image\"><img loading=\"lazy\" decoding=\"async\" src=\"https:\/\/szkolenia-udt.pl\/wp-content\/uploads\/2014\/10\/Szkolenia-w\u00f3zki-wid\u0142owe1.jpg\" height=\"225\" width=\"300\" alt=\"\" class=\"slider-403 slide-594 msDefaultImage\" \/><\/li>\n                <li style=\"display: none; width: 100%;\" class=\"slide-1206 ms-image\" aria-roledescription=\"slide\" data-date=\"2014-11-17 21:31:18\" data-filename=\"wozki4a.jpg\" data-slide-type=\"image\"><img loading=\"lazy\" decoding=\"async\" src=\"https:\/\/szkolenia-udt.pl\/wp-content\/uploads\/2014\/11\/wozki4a.jpg\" height=\"225\" width=\"300\" alt=\"\" class=\"slider-403 slide-1206 msDefaultImage\" \/><\/li>\n            <\/ul>\n        <\/div>\n        \n    <\/div>\n<\/div><\/div>\n<p>In unserer Hauptniederlassung in Warschau k\u00f6nnen Sie in umfangreich ausgestatteten R\u00e4umen von unseren Schulungsangeboten profitieren. Dar\u00fcber hinaus f\u00fchren wir Gabelstaplerkurse in unseren Niederlassungen in Katowice, Krakau und Bielsko-Bia\u0142a durch. Im Falle von Schulungen f\u00fcr organisierte Gruppen k\u00f6nnen wir auch zu Kunden in ganz Polen reisen.<\/p>\n<p>Wenn Sie beabsichtigen, einen Gabelstapler zu bedienen, ist ein Kurs bei OSO die beste Investition f\u00fcr Sie - informieren Sie sich jetzt \u00fcber die verf\u00fcgbaren Termine oder <a href=\"https:\/\/szkolenia-udt.pl\/de\/kontakt\/\">Kontaktieren Sie uns<\/a> um die Einzelheiten der Implementierung geschlossener Klassen zu er\u00f6rtern. Sie sind herzlich willkommen!<\/p>\n<\/div>","protected":false},"excerpt":{"rendered":"<p>Kurs na w\u00f3zki wid\u0142owe &#8211; Warszawa i ca\u0142a Polska Zapraszamy na kursy na w\u00f3zki wid\u0142owe do O\u015brodka Szkolenia Operator\u00f3w! Je\u017celi chcesz uzyska\u0107 uprawnienia na w\u00f3zki wid\u0142owe, z nami mo\u017cesz otrzyma\u0107 je zawsze w niskiej cenie \u2013 mamy wieloletnie do\u015bwiadczenie w prowadzeniu zaj\u0119\u0107 tego typu i z naszych us\u0142ug skorzysta\u0142o ju\u017c tysi\u0105ce os\u00f3b na terenie ca\u0142ej [&hellip;]<\/p>\n","protected":false},"author":3,"featured_media":400,"parent":22,"menu_order":0,"comment_status":"closed","ping_status":"closed","template":"","meta":{"footnotes":""},"class_list":["post-33","page","type-page","status-publish","has-post-thumbnail","hentry"],"aioseo_notices":[],"_links":{"self":[{"href":"https:\/\/szkolenia-udt.pl\/de\/wp-json\/wp\/v2\/pages\/33","targetHints":{"allow":["GET"]}}],"collection":[{"href":"https:\/\/szkolenia-udt.pl\/de\/wp-json\/wp\/v2\/pages"}],"about":[{"href":"https:\/\/szkolenia-udt.pl\/de\/wp-json\/wp\/v2\/types\/page"}],"author":[{"embeddable":true,"href":"https:\/\/szkolenia-udt.pl\/de\/wp-json\/wp\/v2\/users\/3"}],"replies":[{"embeddable":true,"href":"https:\/\/szkolenia-udt.pl\/de\/wp-json\/wp\/v2\/comments?post=33"}],"version-history":[{"count":21,"href":"https:\/\/szkolenia-udt.pl\/de\/wp-json\/wp\/v2\/pages\/33\/revisions"}],"predecessor-version":[{"id":5632,"href":"https:\/\/szkolenia-udt.pl\/de\/wp-json\/wp\/v2\/pages\/33\/revisions\/5632"}],"up":[{"embeddable":true,"href":"https:\/\/szkolenia-udt.pl\/de\/wp-json\/wp\/v2\/pages\/22"}],"wp:featuredmedia":[{"embeddable":true,"href":"https:\/\/szkolenia-udt.pl\/de\/wp-json\/wp\/v2\/media\/400"}],"wp:attachment":[{"href":"https:\/\/szkolenia-udt.pl\/de\/wp-json\/wp\/v2\/media?parent=33"}],"curies":[{"name":"wp","href":"https:\/\/api.w.org\/{rel}","templated":true}]}}