{"id":3339,"date":"2022-09-16T11:37:48","date_gmt":"2022-09-16T09:37:48","guid":{"rendered":"https:\/\/szkolenia-udt.pl\/?page_id=3339"},"modified":"2023-03-20T12:20:48","modified_gmt":"2023-03-20T11:20:48","slug":"instandhalter-fur-feuerloschgerate","status":"publish","type":"page","link":"https:\/\/szkolenia-udt.pl\/de\/kursy\/bhp-ppoz\/konserwator-sprzetu-gasniczego\/","title":{"rendered":"Kurs zur Wartung von Feuerwehrausr\u00fcstung"},"content":{"rendered":"<div class=\"wp-block-image\">\n<figure class=\"alignleft size-large is-resized\"><a href=\"https:\/\/szkolenia-udt.pl\/wp-content\/uploads\/2022\/09\/3-2.jpeg\"><img loading=\"lazy\" decoding=\"async\" src=\"https:\/\/szkolenia-udt.pl\/wp-content\/uploads\/2022\/09\/3-2-1024x683.jpeg\" alt=\"Feuerl\u00f6scher - Ausr\u00fcstung\" class=\"wp-image-3342\" width=\"512\" height=\"342\" srcset=\"https:\/\/szkolenia-udt.pl\/wp-content\/uploads\/2022\/09\/3-2-1024x683.jpeg 1024w, https:\/\/szkolenia-udt.pl\/wp-content\/uploads\/2022\/09\/3-2-300x200.jpeg 300w, https:\/\/szkolenia-udt.pl\/wp-content\/uploads\/2022\/09\/3-2-768x512.jpeg 768w, https:\/\/szkolenia-udt.pl\/wp-content\/uploads\/2022\/09\/3-2-1536x1024.jpeg 1536w, https:\/\/szkolenia-udt.pl\/wp-content\/uploads\/2022\/09\/3-2-18x12.jpeg 18w, https:\/\/szkolenia-udt.pl\/wp-content\/uploads\/2022\/09\/3-2.jpeg 1600w\" sizes=\"auto, (max-width: 512px) 100vw, 512px\" \/><\/a><\/figure>\n<\/div>\n\n\n<h2 class=\"wp-block-heading\">\u00dcber uns\u00a0<\/h2>\n\n\n\n<p>Wir von OSO haben f\u00fcr unsere Kunden ein Angebot in Form eines umfassenden Schulungskurses f\u00fcr Instandhalter von handgef\u00fchrten Feuerl\u00f6schger\u00e4ten vorbereitet. Wir bieten seit vielen Jahren Schulungsdienstleistungen an. Unser Angebot umfasst auch Schulungen f\u00fcr Bediener von Handhabungsger\u00e4ten (mit UDT-Qualifikation) sowie Energietraining.&nbsp;&nbsp;<\/p>\n\n\n\n<h2 class=\"wp-block-heading\">Warum CSOs?\u00a0<\/h2>\n\n\n\n<p>Wir bieten attraktive Preise und hochqualifizierte Mitarbeiter mit langj\u00e4hriger Berufserfahrung - wir bieten Ihnen eine professionelle und umfassende Ausbildung, die sowohl theoretisches als auch praktisches Wissen umfasst. Unsere Niederlassungen befinden sich in ganz Polen, auch in Warschau. Theoretisches Wissen kann auch aus der Ferne vermittelt werden, w\u00e4hrend praktisches Wissen in speziell daf\u00fcr vorgesehenen Schulungsr\u00e4umen, die alle Sicherheitsanforderungen erf\u00fcllen, vermittelt werden kann.\u00a0\u00a0<\/p>\n\n\n\n<h2 class=\"wp-block-heading\">Allgemeine Anforderungen\u00a0<\/h2>\n\n\n\n<p>Unsere Anforderungen f\u00fcr den Beginn der Ausbildung sind lediglich:&nbsp;<\/p>\n\n\n\n<ul class=\"wp-block-list\">\n<li>mindestens 18 Jahre alt sein,&nbsp;&nbsp;<\/li>\n\n\n\n<li>mindestens Grundschulbildung,&nbsp;&nbsp;<\/li>\n\n\n\n<li>eine von einem Arbeitsmediziner ausgestellte Bescheinigung \u00fcber die gesundheitliche Unbedenklichkeit.\u00a0<\/li>\n<\/ul>\n\n\n\n<h2 class=\"wp-block-heading\">Unser Ausbildungsangebot\u00a0<\/h2>\n\n\n\n<figure class=\"wp-block-table\"><table><tbody><tr><td><strong>Was werden wir Ihnen beibringen?<\/strong>&nbsp;<\/td><td><strong>Was bieten wir an?<\/strong>&nbsp;<\/td><\/tr><tr><td>Einsatz von Feuerwehrausr\u00fcstung<\/td><td>Kompetentes Ausbildungspersonal<\/td><\/tr><tr><td>Wartung der Ausr\u00fcstung<\/td><td>Professionelle Ausr\u00fcstung<\/td><\/tr><tr><td>Pr\u00fcfung und Diagnose von Ger\u00e4tefehlern<\/td><td>Umfassende Ausbildung<\/td><\/tr><tr><td>Gesundheits- und Sicherheitsvorschriften<\/td><td>Attraktive Preise<\/td><\/tr><tr><td>Reparaturen an Feuerl\u00f6schern<\/td><td>Freundliche Atmosph\u00e4re<\/td><\/tr><\/tbody><\/table><\/figure>\n\n\n\n<h2 class=\"wp-block-heading\">Kursinhalt - wichtige Informationen\u00a0<\/h2>\n\n\n<div class=\"wp-block-image\">\n<figure class=\"alignright size-large is-resized\"><a href=\"https:\/\/szkolenia-udt.pl\/wp-content\/uploads\/2022\/09\/2-6.jpeg\"><img loading=\"lazy\" decoding=\"async\" src=\"https:\/\/szkolenia-udt.pl\/wp-content\/uploads\/2022\/09\/2-6-1024x683.jpeg\" alt=\"CSO-Logo\" class=\"wp-image-3341\" width=\"512\" height=\"342\" srcset=\"https:\/\/szkolenia-udt.pl\/wp-content\/uploads\/2022\/09\/2-6-1024x683.jpeg 1024w, https:\/\/szkolenia-udt.pl\/wp-content\/uploads\/2022\/09\/2-6-300x200.jpeg 300w, https:\/\/szkolenia-udt.pl\/wp-content\/uploads\/2022\/09\/2-6-768x512.jpeg 768w, https:\/\/szkolenia-udt.pl\/wp-content\/uploads\/2022\/09\/2-6-1536x1024.jpeg 1536w, https:\/\/szkolenia-udt.pl\/wp-content\/uploads\/2022\/09\/2-6-18x12.jpeg 18w, https:\/\/szkolenia-udt.pl\/wp-content\/uploads\/2022\/09\/2-6.jpeg 1600w\" sizes=\"auto, (max-width: 512px) 100vw, 512px\" \/><\/a><\/figure>\n<\/div>\n\n\n<p>Jede Ausr\u00fcstung erfordert eine fachkundige Wartung, und das ist bei der Feuerwehrausr\u00fcstung nicht anders, die regelm\u00e4\u00dfig getestet werden muss, um effizient zu funktionieren. Um die bestm\u00f6gliche Ausbildungsleistung zu erbringen, gew\u00e4hrleisten wir f\u00fcr jeden Teilnehmer ein \u00e4hnliches Unterrichtsniveau. Dar\u00fcber hinaus sorgen unsere Dozenten daf\u00fcr, dass die Auszubildenden zus\u00e4tzliche Inhalte in Form von Lehrmaterial erhalten, um das Wissen unserer Kunden zu vertiefen und zu festigen.\u00a0<\/p>\n\n\n\n<h2 class=\"wp-block-heading\">Wartung von Feuerwehrausr\u00fcstung, oder was wir unseren Studenten beibringen\u00a0<\/h2>\n\n\n\n<p>W\u00e4hrend des Kurses vermitteln wir den Teilnehmern alle wichtigen Informationen \u00fcber die Inspektion von Feuerwehrausr\u00fcstung. Dabei handelt es sich um eine Reihe von Schritten, die erforderlich sind, um sicherzustellen, dass die Ausr\u00fcstung sicher und funktionsf\u00e4hig ist und ihre Aufgaben problemlos erf\u00fcllt. Es liegt in der Verantwortung des Wartungstechnikers, die Ausr\u00fcstung nicht nur zu \u00fcberholen, sondern auch zu reparieren.&nbsp;<\/p>\n\n\n\n<h4 class=\"wp-block-heading\">Zur ordnungsgem\u00e4\u00dfen Wartung geh\u00f6ren:&nbsp;<\/h4>\n\n\n\n<ul class=\"wp-block-list\">\n<li>Kontrollinspektion der Feuerl\u00f6schger\u00e4te,&nbsp;<\/li>\n\n\n\n<li>regelm\u00e4\u00dfige \u00dcberpr\u00fcfung des Feuerl\u00f6schers,&nbsp;<\/li>\n\n\n\n<li>Montage und Demontage von Feuerl\u00f6schger\u00e4ten,&nbsp;<\/li>\n\n\n\n<li>alle f\u00fcnf Jahre das L\u00f6schmittel zu wechseln,&nbsp;<\/li>\n\n\n\n<li>die Durchf\u00fchrung von Reparatur- und Wartungsarbeiten,&nbsp;<\/li>\n\n\n\n<li>Kennzeichnung der Ausr\u00fcstung.&nbsp;<\/li>\n<\/ul>\n\n\n\n<p>Bei OSO bieten wir Schulungen an, die sicherstellen, dass unsere Auszubildenden in der Lage sind, Empfehlungen zu Wartungs- und Reparaturverfahren f\u00fcr Feuerwehrausr\u00fcstung auszuf\u00fchren. Wir vermitteln unseren Kunden die theoretischen und praktischen Kenntnisse, die erforderlich sind, um die entsprechenden Ma\u00dfnahmen zur Wiederherstellung der vollen Funktionsf\u00e4higkeit der Ausr\u00fcstung durchzuf\u00fchren.\u00a0\u00a0<\/p>\n\n\n\n<h2 class=\"wp-block-heading\">Technische Kontrolle\u00a0<\/h2>\n\n\n\n<p>Alle Brandbek\u00e4mpfungsger\u00e4te, einschlie\u00dflich der Feuerl\u00f6scher, m\u00fcssen einer regelm\u00e4\u00dfigen technischen Pr\u00fcfung unterzogen werden, ebenso wie andere Wartungsverfahren, die in den geltenden Vorschriften festgelegt sind, in denen sowohl der Wartungsverlauf als auch die Informationen \u00fcber den Betrieb der betreffenden Ger\u00e4te angegeben sind. Die technische Ausr\u00fcstung unterliegt einer st\u00e4ndigen Wartung, die aus regelm\u00e4\u00dfigen Inspektionen besteht, die in einem streng festgelegten Diagnoseplan festgelegt sind (mindestens einmal pro Jahr).&nbsp;&nbsp;<\/p>\n\n\n\n<p>Regelm\u00e4\u00dfige Inspektionen sind erforderlich, um die Sicherheit der Benutzer der Ger\u00e4te zu gew\u00e4hrleisten, vor allem, wenn sie sich in einem Bereich mit potenziellem Risiko befinden, z. B. bei Ausbruch eines Feuers. Die Inspektion sollte von einer Person durchgef\u00fchrt werden, die daf\u00fcr geschult wurde.&nbsp;<\/p>\n\n\n\n<h2 class=\"wp-block-heading\">Wo werden Sie eine Besch\u00e4ftigung finden?\u00a0<\/h2>\n\n\n\n<p>Wartungspersonal mit den richtigen Qualifikationen kann in zugelassenen Wartungszentren arbeiten, die sowohl Wartungs- als auch Reparaturarbeiten an verschiedenen Ausr\u00fcstungen - einschlie\u00dflich der Brandbek\u00e4mpfung - durchf\u00fchren.&nbsp;&nbsp;<\/p>\n\n\n<div class=\"wp-block-image\">\n<figure class=\"alignleft size-large is-resized\"><a href=\"https:\/\/szkolenia-udt.pl\/wp-content\/uploads\/2022\/09\/1-8.jpeg\"><img loading=\"lazy\" decoding=\"async\" src=\"https:\/\/szkolenia-udt.pl\/wp-content\/uploads\/2022\/09\/1-8-1024x768.jpeg\" alt=\"Feuerl\u00f6scher - Ausr\u00fcstung\" class=\"wp-image-3340\" width=\"512\" height=\"384\" srcset=\"https:\/\/szkolenia-udt.pl\/wp-content\/uploads\/2022\/09\/1-8-1024x768.jpeg 1024w, https:\/\/szkolenia-udt.pl\/wp-content\/uploads\/2022\/09\/1-8-300x225.jpeg 300w, https:\/\/szkolenia-udt.pl\/wp-content\/uploads\/2022\/09\/1-8-768x576.jpeg 768w, https:\/\/szkolenia-udt.pl\/wp-content\/uploads\/2022\/09\/1-8-1536x1152.jpeg 1536w, https:\/\/szkolenia-udt.pl\/wp-content\/uploads\/2022\/09\/1-8-16x12.jpeg 16w, https:\/\/szkolenia-udt.pl\/wp-content\/uploads\/2022\/09\/1-8-135x100.jpeg 135w, https:\/\/szkolenia-udt.pl\/wp-content\/uploads\/2022\/09\/1-8.jpeg 1600w\" sizes=\"auto, (max-width: 512px) 100vw, 512px\" \/><\/a><\/figure>\n<\/div>\n\n\n<p>Um ihre F\u00e4higkeiten und Fertigkeiten zu erweitern, schicken Arbeitgeber ihre Mitarbeiter oft zu Schulungen, die Kenntnisse \u00fcber HSE und UTBs beinhalten - dies sind spezielle Kurse, die f\u00fcr Schulen, Unternehmen oder Kinderg\u00e4rten durchgef\u00fchrt werden. Die F\u00e4higkeit, technische Inspektionen durchzuf\u00fchren, erweist sich \u00fcberall dort als n\u00fctzlich, wo ein Brandrisiko besteht. Das k\u00f6nnen Produktionshallen, Lagerhallen oder B\u00fcros sein. Bei OSO vermitteln wir unseren Auszubildenden ein umfassendes Wissen, das ihren Horizont auf dem Arbeitsmarkt erweitern wird. Werfen Sie einen Blick auf unser gesamtes Ausbildungsangebot, das auch Kurse f\u00fcr UDT oder <a href=\"https:\/\/szkolenia-udt.pl\/de\/kursy\/sep-g1-g2-g3\/komisje-certyfikujace-sep-pse-simp-sitps\/\">GEIER<\/a>. Wenn Sie weitere Antworten auf Ihre Fragen w\u00fcnschen, rufen Sie bitte unsere Berater an.\u00a0<\/p>","protected":false},"excerpt":{"rendered":"<p>O nas\u00a0 W OSO przygotowali\u015bmy dla naszych klient\u00f3w ofert\u0119 w postaci kompleksowego szkolenia na konserwator\u00f3w podr\u0119cznego sprz\u0119tu ga\u015bniczego. Jeste\u015bmy firm\u0105 \u015bwiadcz\u0105c\u0105 us\u0142ugi szkoleniowe od wielu lat. W naszej ofercie znajd\u0105 Pa\u0144stwo r\u00f3wnie\u017c szkolenia na operator\u00f3w urz\u0105dze\u0144 transportu bliskiego (z kwalifikacjami UDT), jak i szkolenia energetyczne.&nbsp;&nbsp; Dlaczego OSO?\u00a0 Oferujemy atrakcyjne ceny oraz wysoko wykwalifikowan\u0105 kadr\u0119 o [&hellip;]<\/p>\n","protected":false},"author":10,"featured_media":3340,"parent":2739,"menu_order":0,"comment_status":"closed","ping_status":"closed","template":"","meta":{"footnotes":""},"class_list":["post-3339","page","type-page","status-publish","has-post-thumbnail","hentry"],"aioseo_notices":[],"_links":{"self":[{"href":"https:\/\/szkolenia-udt.pl\/de\/wp-json\/wp\/v2\/pages\/3339","targetHints":{"allow":["GET"]}}],"collection":[{"href":"https:\/\/szkolenia-udt.pl\/de\/wp-json\/wp\/v2\/pages"}],"about":[{"href":"https:\/\/szkolenia-udt.pl\/de\/wp-json\/wp\/v2\/types\/page"}],"author":[{"embeddable":true,"href":"https:\/\/szkolenia-udt.pl\/de\/wp-json\/wp\/v2\/users\/10"}],"replies":[{"embeddable":true,"href":"https:\/\/szkolenia-udt.pl\/de\/wp-json\/wp\/v2\/comments?post=3339"}],"version-history":[{"count":7,"href":"https:\/\/szkolenia-udt.pl\/de\/wp-json\/wp\/v2\/pages\/3339\/revisions"}],"predecessor-version":[{"id":4606,"href":"https:\/\/szkolenia-udt.pl\/de\/wp-json\/wp\/v2\/pages\/3339\/revisions\/4606"}],"up":[{"embeddable":true,"href":"https:\/\/szkolenia-udt.pl\/de\/wp-json\/wp\/v2\/pages\/2739"}],"wp:featuredmedia":[{"embeddable":true,"href":"https:\/\/szkolenia-udt.pl\/de\/wp-json\/wp\/v2\/media\/3340"}],"wp:attachment":[{"href":"https:\/\/szkolenia-udt.pl\/de\/wp-json\/wp\/v2\/media?parent=3339"}],"curies":[{"name":"wp","href":"https:\/\/api.w.org\/{rel}","templated":true}]}}