{"id":3368,"date":"2022-09-23T11:14:18","date_gmt":"2022-09-23T09:14:18","guid":{"rendered":"https:\/\/szkolenia-udt.pl\/?page_id=3368"},"modified":"2023-05-08T16:06:48","modified_gmt":"2023-05-08T14:06:48","slug":"betrieb-von-druckgeraten","status":"publish","type":"page","link":"https:\/\/szkolenia-udt.pl\/de\/kursy\/uprawnienia-udt-tdt-wdt\/obsluga-urzadzen-cisnieniowych\/","title":{"rendered":"Druckger\u00e4teausbildung"},"content":{"rendered":"<h2 class=\"wp-block-heading\">F\u00fcr wen ist der Kurs gedacht?&nbsp;<\/h2>\n\n\n\n<p>Sie sind eingeladen, einen Kurs \u00fcber die Handhabung von Druckbeh\u00e4ltern zu besuchen. Die Ausbildung bef\u00e4higt Sie, Tanks und Flaschen mit einem Fassungsverm\u00f6gen von mehr als 350 cm3 zu f\u00fcllen.&nbsp;<\/p>\n\n\n<div class=\"wp-block-image\">\n<figure class=\"alignright size-full is-resized\"><a href=\"https:\/\/szkolenia-udt.pl\/wp-content\/uploads\/2023\/05\/1-12-1024x684-1.jpeg\"><img loading=\"lazy\" decoding=\"async\" src=\"https:\/\/szkolenia-udt.pl\/wp-content\/uploads\/2023\/05\/1-12-1024x684-1.jpeg\" alt=\"Druckzylinder\" class=\"wp-image-4868\" width=\"512\" height=\"342\" srcset=\"https:\/\/szkolenia-udt.pl\/wp-content\/uploads\/2023\/05\/1-12-1024x684-1.jpeg 1024w, https:\/\/szkolenia-udt.pl\/wp-content\/uploads\/2023\/05\/1-12-1024x684-1-300x200.jpeg 300w, https:\/\/szkolenia-udt.pl\/wp-content\/uploads\/2023\/05\/1-12-1024x684-1-768x513.jpeg 768w, https:\/\/szkolenia-udt.pl\/wp-content\/uploads\/2023\/05\/1-12-1024x684-1-18x12.jpeg 18w\" sizes=\"auto, (max-width: 512px) 100vw, 512px\" \/><\/a><\/figure>\n<\/div>\n\n\n<h3 class=\"wp-block-heading\">Diese Ausbildung muss von denjenigen durchgef\u00fchrt werden, die als solche besch\u00e4ftigt sind:&nbsp;<\/h3>\n\n\n\n<ul class=\"wp-block-list\">\n<li>K\u00e4ltemonteure;&nbsp;&nbsp;<\/li>\n\n\n\n<li>Installateure von W\u00e4rmepumpen; &nbsp;<\/li>\n\n\n\n<li>Feuerwehrleute;&nbsp;<\/li>\n\n\n\n<li>Krankenhauspersonal; &nbsp;<\/li>\n\n\n\n<li>Kurarbeiter; &nbsp;<\/li>\n\n\n\n<li>Personen, die im Bereich der Lebensmittelindustrie arbeiten. &nbsp;<\/li>\n<\/ul>\n\n\n\n<h2 class=\"wp-block-heading\">Zweck des Kurses\u00a0<\/h2>\n\n\n\n<p>Durch die Schulung wird jeder Teilnehmer sowohl praktische als auch theoretische Kenntnisse erwerben.&nbsp;<\/p>\n\n\n\n<p>Unser Unternehmen bietet die M\u00f6glichkeit, sich f\u00fcr die Bef\u00fcllung und Bedienung von ortsbeweglichen Druckbeh\u00e4ltern mit einem Fassungsverm\u00f6gen von mehr als 350 cm3 mit Gasen zertifizieren zu lassen:&nbsp;<\/p>\n\n\n\n<ul class=\"wp-block-list\">\n<li>Gel\u00f6st, wie z. B. Acetylen;&nbsp;&nbsp;&nbsp;<\/li>\n\n\n\n<li>Komprimiert - wie Luft, Argon, Stickstoff oder Sauerstoff;&nbsp;&nbsp;<\/li>\n\n\n\n<li>verfl\u00fcssigt werden, wie Distickstoffoxid, Ammoniak oder Fl\u00fcssiggas.&nbsp;&nbsp;<\/li>\n<\/ul>\n\n\n\n<h2 class=\"wp-block-heading\">Welche Themen werden in dem Kurs behandelt?\u00a0<\/h2>\n\n\n\n<p><a href=\"https:\/\/szkolenia-udt.pl\/de\/kursy\/\">Unsere Ausbildung<\/a> ist nicht nur Wissen, sondern auch Praxis. Die Teilnehmer werden auf die Pr\u00fcfung des Technischen \u00dcberwachungsvereins vorbereitet. &nbsp;<\/p>\n\n\n\n<figure class=\"wp-block-table\"><table><tbody><tr><td><strong>Die in unserem Unternehmen durchgef\u00fchrten Schulungen entsprechen dem UDT-Programm. Wir behandeln Themen wie:<\/strong>&nbsp;&nbsp;<\/td><\/tr><tr><td>- Technische \u00dcberwachung von ortsbeweglichen Tanks;\u00a0<br>- Pr\u00fcfung tragbarer Tanks;\u00a0<br>- Mobile Tankreparaturen;\u00a0<br>- Details zum Gas;\u00a0<br>- Tankkonstruktionen;\u00a0<br>- Parameter des Tanks;\u00a0<br>- Kontroll- und Arbeitst\u00e4tigkeiten beim F\u00fcllen von Druckbeh\u00e4ltern;\u00a0<br>- Allgemeine Gesundheits- und Sicherheitsempfehlungen; Allgemeine Brandschutz- und Sicherheitsempfehlungen.\u00a0\u00a0<\/td><\/tr><\/tbody><\/table><\/figure>\n\n\n<div class=\"wp-block-image\">\n<figure class=\"alignright size-full is-resized\"><a href=\"https:\/\/szkolenia-udt.pl\/wp-content\/uploads\/2023\/05\/3-3-683x1024-1.jpeg\"><img loading=\"lazy\" decoding=\"async\" src=\"https:\/\/szkolenia-udt.pl\/wp-content\/uploads\/2023\/05\/3-3-683x1024-1.jpeg\" alt=\"Druckger\u00e4tekurs im Einsatz\" class=\"wp-image-4869\" width=\"342\" height=\"512\" srcset=\"https:\/\/szkolenia-udt.pl\/wp-content\/uploads\/2023\/05\/3-3-683x1024-1.jpeg 683w, https:\/\/szkolenia-udt.pl\/wp-content\/uploads\/2023\/05\/3-3-683x1024-1-200x300.jpeg 200w, https:\/\/szkolenia-udt.pl\/wp-content\/uploads\/2023\/05\/3-3-683x1024-1-8x12.jpeg 8w\" sizes=\"auto, (max-width: 342px) 100vw, 342px\" \/><\/a><\/figure>\n<\/div>\n\n\n<h2 class=\"wp-block-heading\">Berechtigung zum Betrieb und zur Bef\u00fcllung von Druckbeh\u00e4ltern\u00a0<\/h2>\n\n\n\n<p>Wenn Sie den Kurs abgeschlossen und die UDT-Pr\u00fcfung bestanden haben, erhalten Sie die entsprechende Qualifikation. Damit sind Sie in der Lage, Druckbeh\u00e4lter mit einem Fassungsverm\u00f6gen von mehr als 350 cm3 zu bedienen und zu f\u00fcllen. Die Qualifikation f\u00fcr das F\u00fcllen von Flaschen h\u00e4ngt von der Art der Pr\u00fcfung ab. Sie k\u00f6nnen diese Qualifikation f\u00fcr das F\u00fcllen von Flaschen mit Gasen erwerben:&nbsp;<\/p>\n\n\n\n<ul class=\"wp-block-list\">\n<li>verfl\u00fcssigt,&nbsp;<\/li>\n\n\n\n<li>komprimiert,&nbsp;<\/li>\n\n\n\n<li>aufgel\u00f6st.\u00a0\u00a0<\/li>\n<\/ul>\n\n\n\n<h2 class=\"wp-block-heading\">Welchen Pr\u00fcfungen werden Druckbeh\u00e4lter unterzogen?\u00a0\u00a0<\/h2>\n\n\n\n<p>Im Einsatz befindliche Druckger\u00e4te werden den folgenden Pr\u00fcfungen unterzogen:&nbsp;<\/p>\n\n\n\n<ul class=\"wp-block-list\">\n<li>periodisch;&nbsp;<\/li>\n\n\n\n<li>einsatzf\u00e4hig;&nbsp;<\/li>\n\n\n\n<li>Notfall nach einem Unfall oder einer Panne. &nbsp;<\/li>\n<\/ul>\n\n\n\n<h3 class=\"wp-block-heading\">Regelm\u00e4\u00dfige Erhebungen:\u00a0<\/h3>\n\n\n\n<p>Regelm\u00e4\u00dfige Pr\u00fcfungen sind interne Revisionen, externe Revisionen und Druckpr\u00fcfungen.&nbsp;&nbsp;&nbsp;<\/p>\n\n\n\n<p><strong>Interne \u00dcberpr\u00fcfungen<\/strong> - Bei der internen Inspektion wird der Zustand der W\u00e4nde des Druckger\u00e4ts visuell beurteilt. Auch die l\u00f6sbaren und unl\u00f6sbaren Verbindungen sowie die Sicherheits- und Druckger\u00e4te werden beurteilt. In technisch begr\u00fcndeten F\u00e4llen kann die Sichtpr\u00fcfung durch andere Pr\u00fcfungen ersetzt oder erg\u00e4nzt werden. Dies ist, wie bei der Druckpr\u00fcfung, nach vorheriger Absprache mit der zust\u00e4ndigen technischen Pr\u00fcfstelle m\u00f6glich.&nbsp;<\/p>\n\n\n<div class=\"wp-block-image\">\n<figure class=\"alignright size-large is-resized\"><a href=\"https:\/\/szkolenia-udt.pl\/wp-content\/uploads\/2023\/05\/s2-2023-05-08T160152.791.jpg\"><img loading=\"lazy\" decoding=\"async\" src=\"https:\/\/szkolenia-udt.pl\/wp-content\/uploads\/2023\/05\/s2-2023-05-08T160152.791-1024x683.jpg\" alt=\"Kurs Druckbeh\u00e4lterdienst\" class=\"wp-image-4872\" width=\"512\" height=\"342\" srcset=\"https:\/\/szkolenia-udt.pl\/wp-content\/uploads\/2023\/05\/s2-2023-05-08T160152.791-1024x683.jpg 1024w, https:\/\/szkolenia-udt.pl\/wp-content\/uploads\/2023\/05\/s2-2023-05-08T160152.791-300x200.jpg 300w, https:\/\/szkolenia-udt.pl\/wp-content\/uploads\/2023\/05\/s2-2023-05-08T160152.791-768x512.jpg 768w, https:\/\/szkolenia-udt.pl\/wp-content\/uploads\/2023\/05\/s2-2023-05-08T160152.791-1536x1024.jpg 1536w, https:\/\/szkolenia-udt.pl\/wp-content\/uploads\/2023\/05\/s2-2023-05-08T160152.791-18x12.jpg 18w, https:\/\/szkolenia-udt.pl\/wp-content\/uploads\/2023\/05\/s2-2023-05-08T160152.791.jpg 1600w\" sizes=\"auto, (max-width: 512px) 100vw, 512px\" \/><\/a><\/figure>\n<\/div>\n\n\n<p><strong>Externe Audits<\/strong> - Es wird eine Bewertung der Druckger\u00e4te von au\u00dfen sowie eine Bewertung der Ger\u00e4te in zug\u00e4nglichen Bereichen durchgef\u00fchrt. Wenn m\u00f6glich, werden auch Arbeitsvorg\u00e4nge an den Ger\u00e4ten durchgef\u00fchrt und Funktionspr\u00fcfungen vorgenommen.&nbsp;&nbsp;<\/p>\n\n\n\n<p><strong>Druckpr\u00fcfungen - W<\/strong>Sie werden im Allgemeinen als hydraulische Pr\u00fcfungen verwendet. In begr\u00fcndeten F\u00e4llen kann die hydraulische Pr\u00fcfung durch eine andere Pr\u00fcfung oder eine andere Art von Pr\u00fcfung ersetzt werden. Wie bei einer internen Revision kann dies mit vorheriger Zustimmung der technischen \u00dcberwachung geschehen. &nbsp;<\/p>\n\n\n\n<h3 class=\"wp-block-heading\">Operative und Ad-hoc-Tests\u00a0\u00a0<\/h3>\n\n\n\n<p>Der Umfang dieser Pr\u00fcfungen sowie die Art und Weise, wie sie vorbereitet werden, wird von den technischen Aufsichtsstellen festgelegt. Dies h\u00e4ngt von den Umst\u00e4nden ab, die ihre Durchf\u00fchrung rechtfertigen. Sie k\u00f6nnen durchgef\u00fchrt werden:\u00a0<\/p>\n\n\n\n<ul class=\"wp-block-list\">\n<li>Druckpr\u00fcfungen,&nbsp;<\/li>\n\n\n\n<li>interne Bewertungen,&nbsp;&nbsp;<\/li>\n\n\n\n<li>externe Revisionen.&nbsp;<\/li>\n<\/ul>\n\n\n\n<p>Sie k\u00f6nnen durch eine andere Pr\u00fcfung erg\u00e4nzt oder ersetzt werden. Sie werden auf Verlangen des Benutzers des Druckger\u00e4ts durchgef\u00fchrt, insbesondere in folgenden F\u00e4llen:&nbsp;<\/p>\n\n\n<div class=\"wp-block-image\">\n<figure class=\"alignright size-large is-resized\"><a href=\"https:\/\/szkolenia-udt.pl\/wp-content\/uploads\/2023\/05\/screen_2x-2023-05-08T160132.907.jpg\"><img loading=\"lazy\" decoding=\"async\" src=\"https:\/\/szkolenia-udt.pl\/wp-content\/uploads\/2023\/05\/screen_2x-2023-05-08T160132.907-1024x683.jpg\" alt=\"Druckflaschen\" class=\"wp-image-4871\" width=\"512\" height=\"342\" srcset=\"https:\/\/szkolenia-udt.pl\/wp-content\/uploads\/2023\/05\/screen_2x-2023-05-08T160132.907-1024x683.jpg 1024w, https:\/\/szkolenia-udt.pl\/wp-content\/uploads\/2023\/05\/screen_2x-2023-05-08T160132.907-300x200.jpg 300w, https:\/\/szkolenia-udt.pl\/wp-content\/uploads\/2023\/05\/screen_2x-2023-05-08T160132.907-768x512.jpg 768w, https:\/\/szkolenia-udt.pl\/wp-content\/uploads\/2023\/05\/screen_2x-2023-05-08T160132.907-1536x1024.jpg 1536w, https:\/\/szkolenia-udt.pl\/wp-content\/uploads\/2023\/05\/screen_2x-2023-05-08T160132.907-18x12.jpg 18w, https:\/\/szkolenia-udt.pl\/wp-content\/uploads\/2023\/05\/screen_2x-2023-05-08T160132.907.jpg 1600w\" sizes=\"auto, (max-width: 512px) 100vw, 512px\" \/><\/a><\/figure>\n<\/div>\n\n\n<ul class=\"wp-block-list\">\n<li>\u00c4nderungen am Standort;&nbsp;&nbsp;<\/li>\n\n\n\n<li>Reparaturen an den Druckger\u00e4ten;&nbsp;&nbsp;<\/li>\n\n\n\n<li>Aufr\u00fcstung der Druckger\u00e4te;&nbsp;<\/li>\n\n\n\n<li>Ersetzen von Ausr\u00fcstungsteilen;&nbsp;&nbsp;<\/li>\n\n\n\n<li>\u00c4nderungen in der Art der Versorgungseinrichtungen;&nbsp;<\/li>\n\n\n\n<li>Erkennung von Sch\u00e4den an den W\u00e4nden der Einheit;&nbsp;&nbsp;<\/li>\n\n\n\n<li>Aufsp\u00fcren von Lecks im Ger\u00e4t.\u00a0<\/li>\n<\/ul>\n\n\n\n<h2 class=\"wp-block-heading\">Warum sollten Sie sich f\u00fcr den von uns angebotenen Kurs entscheiden?&nbsp;<\/h2>\n\n\n\n<p>Die Ausbildung in unserem Unternehmen garantiert hohe Effizienz. Fast 100% unserer Auszubildenden k\u00f6nnen sich r\u00fchmen, die UDT-Pr\u00fcfung bestanden zu haben.  Der Kurspreis in unserem Unternehmen umfasst den theoretischen und praktischen Unterricht sowie das Kursmaterial. Nach Abschluss des Lehrgangs und erfolgreicher Pr\u00fcfung erh\u00e4lt jeder Teilnehmer ein Zertifikat.  Das Zertifikat ist in der gesamten Europ\u00e4ischen Union g\u00fcltig und zeitlich unbegrenzt. Zus\u00e4tzlich zum Zertifikat erh\u00e4lt jeder Teilnehmer eine Bescheinigung des Technischen \u00dcberwachungsamtes.&nbsp;<\/p>\n\n\n\n<p>Wir laden Sie ein, einen Blick auf das Angebot unseres Unternehmens zu werfen!\u00a0<\/p>\n\n\n\n<figure class=\"wp-block-image size-full\"><a href=\"https:\/\/szkolenia-udt.pl\/wp-content\/uploads\/2023\/05\/0082-oso.edu_.pl_-1024x853-1.jpg\"><img loading=\"lazy\" decoding=\"async\" width=\"1024\" height=\"853\" src=\"https:\/\/szkolenia-udt.pl\/wp-content\/uploads\/2023\/05\/0082-oso.edu_.pl_-1024x853-1.jpg\" alt=\"\" class=\"wp-image-4866\" srcset=\"https:\/\/szkolenia-udt.pl\/wp-content\/uploads\/2023\/05\/0082-oso.edu_.pl_-1024x853-1.jpg 1024w, https:\/\/szkolenia-udt.pl\/wp-content\/uploads\/2023\/05\/0082-oso.edu_.pl_-1024x853-1-300x250.jpg 300w, https:\/\/szkolenia-udt.pl\/wp-content\/uploads\/2023\/05\/0082-oso.edu_.pl_-1024x853-1-768x640.jpg 768w, https:\/\/szkolenia-udt.pl\/wp-content\/uploads\/2023\/05\/0082-oso.edu_.pl_-1024x853-1-14x12.jpg 14w\" sizes=\"auto, (max-width: 1024px) 100vw, 1024px\" \/><\/a><\/figure>","protected":false},"excerpt":{"rendered":"<p>Dla kogo kurs?&nbsp; Zapraszamy do skorzystania z kursu z zakresu obs\u0142ugi zbiornik\u00f3w ci\u015bnieniowych. Szkolenie pozwoli ci uzyska\u0107 uprawnienia z zakresu nape\u0142niania zbiornik\u00f3w oraz butli, kt\u00f3re maj\u0105 pojemno\u015b\u0107 powy\u017cej 350 cm3.&nbsp; Takie szkolenia musz\u0105 zrobi\u0107 osoby, kt\u00f3re s\u0105 zatrudnione jako:&nbsp; Cel kursu\u00a0 Dzi\u0119ki szkoleniu ka\u017cdy uczestnik zdob\u0119dzie wiedz\u0119 zar\u00f3wno praktyczn\u0105, jak i teoretyczn\u0105.&nbsp; Nasza firma oferuje [&hellip;]<\/p>\n","protected":false},"author":10,"featured_media":3369,"parent":2266,"menu_order":0,"comment_status":"closed","ping_status":"closed","template":"","meta":{"footnotes":""},"class_list":["post-3368","page","type-page","status-publish","has-post-thumbnail","hentry"],"aioseo_notices":[],"_links":{"self":[{"href":"https:\/\/szkolenia-udt.pl\/de\/wp-json\/wp\/v2\/pages\/3368","targetHints":{"allow":["GET"]}}],"collection":[{"href":"https:\/\/szkolenia-udt.pl\/de\/wp-json\/wp\/v2\/pages"}],"about":[{"href":"https:\/\/szkolenia-udt.pl\/de\/wp-json\/wp\/v2\/types\/page"}],"author":[{"embeddable":true,"href":"https:\/\/szkolenia-udt.pl\/de\/wp-json\/wp\/v2\/users\/10"}],"replies":[{"embeddable":true,"href":"https:\/\/szkolenia-udt.pl\/de\/wp-json\/wp\/v2\/comments?post=3368"}],"version-history":[{"count":9,"href":"https:\/\/szkolenia-udt.pl\/de\/wp-json\/wp\/v2\/pages\/3368\/revisions"}],"predecessor-version":[{"id":4873,"href":"https:\/\/szkolenia-udt.pl\/de\/wp-json\/wp\/v2\/pages\/3368\/revisions\/4873"}],"up":[{"embeddable":true,"href":"https:\/\/szkolenia-udt.pl\/de\/wp-json\/wp\/v2\/pages\/2266"}],"wp:featuredmedia":[{"embeddable":true,"href":"https:\/\/szkolenia-udt.pl\/de\/wp-json\/wp\/v2\/media\/3369"}],"wp:attachment":[{"href":"https:\/\/szkolenia-udt.pl\/de\/wp-json\/wp\/v2\/media?parent=3368"}],"curies":[{"name":"wp","href":"https:\/\/api.w.org\/{rel}","templated":true}]}}