{"id":3374,"date":"2022-09-23T11:52:42","date_gmt":"2022-09-23T09:52:42","guid":{"rendered":"https:\/\/szkolenia-udt.pl\/?page_id=3374"},"modified":"2023-03-20T15:29:03","modified_gmt":"2023-03-20T14:29:03","slug":"evakuierung-von-personen","status":"publish","type":"page","link":"https:\/\/szkolenia-udt.pl\/de\/kursy\/prace-wysokosciowe\/ewakuacja-osob\/","title":{"rendered":"Schulung zur Evakuierung von Personen aus engen R\u00e4umen"},"content":{"rendered":"<h2 class=\"wp-block-heading\">Warum ist die Ausbildung in diesem Bereich so wichtig?<\/h2>\n\n\n<div class=\"wp-block-image\">\n<figure class=\"alignright size-large is-resized\"><a href=\"https:\/\/szkolenia-udt.pl\/wp-content\/uploads\/2022\/09\/3-4.jpeg\"><img loading=\"lazy\" decoding=\"async\" src=\"https:\/\/szkolenia-udt.pl\/wp-content\/uploads\/2022\/09\/3-4-1024x683.jpeg\" alt=\"Ausbildung in der Evakuierung von Personen aus engen R\u00e4umen \" class=\"wp-image-3377\" width=\"512\" height=\"342\" srcset=\"https:\/\/szkolenia-udt.pl\/wp-content\/uploads\/2022\/09\/3-4-1024x683.jpeg 1024w, https:\/\/szkolenia-udt.pl\/wp-content\/uploads\/2022\/09\/3-4-300x200.jpeg 300w, https:\/\/szkolenia-udt.pl\/wp-content\/uploads\/2022\/09\/3-4-768x512.jpeg 768w, https:\/\/szkolenia-udt.pl\/wp-content\/uploads\/2022\/09\/3-4-1536x1024.jpeg 1536w, https:\/\/szkolenia-udt.pl\/wp-content\/uploads\/2022\/09\/3-4-18x12.jpeg 18w, https:\/\/szkolenia-udt.pl\/wp-content\/uploads\/2022\/09\/3-4.jpeg 1600w\" sizes=\"auto, (max-width: 512px) 100vw, 512px\" \/><\/a><\/figure>\n<\/div>\n\n\n<p>Bei der Arbeit in engen und gef\u00e4hrlichen R\u00e4umen sind wir ernsthaften Risiken f\u00fcr Leben und Gesundheit ausgesetzt. Zu den engen R\u00e4umen geh\u00f6ren zum Beispiel Brunnen, Abwassersch\u00e4chte oder Senkgruben. Die Arbeit in solchen R\u00e4umen birgt ein hohes Unfallrisiko. Eines davon ist die Vergiftung oder sogar der Erstickungstod infolge des Aufenthalts an einem Ort mit Sauerstoffmangel oder bei Kontakt mit giftigen Gasen. Um zu wissen, wie man sich in gef\u00e4hrlichen Situationen verh\u00e4lt und wie man solche R\u00e4ume evakuiert, ist es ratsam, einen Kurs zu diesem Thema zu besuchen, der von unserer Firma OSO angeboten wird.\u00a0<\/p>\n\n\n\n<h2 class=\"wp-block-heading\"><strong>Ausbildung in der Evakuierung von Personen aus engen R\u00e4umen<\/strong>&nbsp;<\/h2>\n\n\n\n<p>In den Schulungen wird auf die Gefahren eingegangen, die mit engen R\u00e4umen verbunden sind. Auch die Techniken f\u00fcr die Arbeit in engen R\u00e4umen werden behandelt. Jeder Schulungsteilnehmer lernt die Ausr\u00fcstung kennen, die f\u00fcr Arbeiten in der H\u00f6he und bei der Evakuierung erforderlich ist. W\u00e4hrend der Ausbildung werden auch \u00dcbungen zur Evakuierung aus engen R\u00e4umen durchgef\u00fchrt, die nach gemeinsam mit den Ausbildern ausgearbeiteten Szenarien ablaufen.&nbsp;<\/p>\n\n\n\n<h2 class=\"wp-block-heading\"><strong>An wen richtet sich die Schulung?<\/strong>&nbsp;<\/h2>\n\n\n\n<p>Die Schulung richtet sich an Mitarbeiter, die in geschlossenen und beengten R\u00e4umen wie Tanks, Sch\u00e4chten usw. arbeiten. Die Schulung ist sowohl f\u00fcr Personen geeignet, die keinerlei Erfahrung haben, als auch f\u00fcr diejenigen, die eine zus\u00e4tzliche oder auffrischende Schulung ben\u00f6tigen.&nbsp;<\/p>\n\n\n\n<div class=\"filmw\">\n<div class=\"responsive-youtube\" style=\"text-align: center;\"><iframe loading=\"lazy\" title=\"YouTube-Video-Player\" src=\"https:\/\/www.youtube.com\/embed\/QcT4h2Z50M0\" width=\"560\" height=\"315\" frameborder=\"0\" allowfullscreen=\"allowfullscreen\"><\/iframe><\/div>\n<\/div>\n\n\n\n<h2 class=\"wp-block-heading\"><strong>Anforderungen an Interessenten f\u00fcr die Teilnahme an der Schulung<\/strong>&nbsp;<\/h2>\n\n\n\n<p>Die Ausbildung ist k\u00f6rperlich sehr anstrengend. Die Teilnehmer \u00fcben den Umgang mit Atemger\u00e4ten. Personen mit einer Sehbehinderung k\u00f6nnen ebenfalls teilnehmen, werden aber gebeten, dies vorher mitzuteilen. F\u00fcr die Teilnahme an diesem Kurs ben\u00f6tigen Sie:&nbsp;<\/p>\n\n\n\n<ul class=\"wp-block-list\">\n<li>CS3-Schulung abgeschlossen,&nbsp;<\/li>\n\n\n\n<li>Erwachsenwerden,&nbsp;<\/li>\n\n\n\n<li>mindestens Grundschulbildung,&nbsp;<\/li>\n\n\n\n<li>eine Bescheinigung, dass keine medizinische Kontraindikation vorliegt, die es uns erlaubt, in H\u00f6hen von mehr als 3 Metern und in einem begrenzten Raum zu arbeiten.&nbsp;<\/li>\n<\/ul>\n\n\n\n<p><strong>Umfang der Ausbildung<\/strong>&nbsp;<\/p>\n\n\n\n<figure class=\"wp-block-table\"><table><tbody><tr><td><strong>W\u00e4hrend des Kurses werden Sie u. a. Kenntnisse in folgenden Bereichen erwerben<\/strong><\/td><\/tr><tr><td>\n<ul>\n<li>Gesundheits- und Sicherheitsvorschriften, die f\u00fcr enge R\u00e4ume und Arbeiten in der H\u00f6he gelten<\/li>\n<li>In engen R\u00e4umen verwendete Ausr\u00fcstung<\/li>\n<li>Handhabung des Stativs<\/li>\n<li>Grundlegende Rettungstechniken<\/li>\n<li>Grundlegende Evakuierungstechniken<\/li>\n<li>Auswahl der Gasdetektoren<\/li>\n<li>Umgang mit gef\u00e4hrlichen Situationen<\/li>\n<li>Rettungstechniken<\/li>\n<\/ul>\n<\/td><\/tr><\/tbody><\/table><\/figure>\n\n\n\n<h2 class=\"wp-block-heading\"><strong>Zweck der Ausbildung<\/strong>&nbsp;<\/h2>\n\n\n\n<p>Bei der Teilnahme an der Schulung geht es in erster Linie um den Erwerb von Kenntnissen, die es den Schulungsteilnehmern erm\u00f6glichen, ihre beruflichen F\u00e4higkeiten bei Arbeiten in engen R\u00e4umen zu verbessern. Dies verschafft dem Arbeitnehmer mehr Besch\u00e4ftigungsm\u00f6glichkeiten bei Dienstleistungen, die in engen R\u00e4umen durchgef\u00fchrt werden.&nbsp;&nbsp;<\/p>\n\n\n<div class=\"wp-block-image\">\n<figure class=\"alignleft size-large is-resized\"><a href=\"https:\/\/szkolenia-udt.pl\/wp-content\/uploads\/2022\/09\/1-13.jpeg\"><img loading=\"lazy\" decoding=\"async\" src=\"https:\/\/szkolenia-udt.pl\/wp-content\/uploads\/2022\/09\/1-13-1024x684.jpeg\" alt=\"geschlossene R\u00e4ume\" class=\"wp-image-3375\" width=\"512\" height=\"342\" srcset=\"https:\/\/szkolenia-udt.pl\/wp-content\/uploads\/2022\/09\/1-13-1024x684.jpeg 1024w, https:\/\/szkolenia-udt.pl\/wp-content\/uploads\/2022\/09\/1-13-300x200.jpeg 300w, https:\/\/szkolenia-udt.pl\/wp-content\/uploads\/2022\/09\/1-13-768x513.jpeg 768w, https:\/\/szkolenia-udt.pl\/wp-content\/uploads\/2022\/09\/1-13-1536x1025.jpeg 1536w, https:\/\/szkolenia-udt.pl\/wp-content\/uploads\/2022\/09\/1-13-18x12.jpeg 18w, https:\/\/szkolenia-udt.pl\/wp-content\/uploads\/2022\/09\/1-13.jpeg 1600w\" sizes=\"auto, (max-width: 512px) 100vw, 512px\" \/><\/a><\/figure>\n<\/div>\n\n\n<p>Bei der Ausbildung geht es nicht nur um Wissen, sondern auch um F\u00e4higkeiten. Die Kursteilnehmer lernen die Ausr\u00fcstung kennen, die vor Abst\u00fcrzen sch\u00fctzt, und die Systeme, die bei der Evakuierung eingesetzt werden. Die Kurse bestehen aus zwei Teilen - einem praktischen und einem theoretischen Teil. Den praktischen \u00dcbungen wird gro\u00dfe Aufmerksamkeit gewidmet. Der theoretische Teil der Schulung umfasst verschiedene Schulungsmethoden, die f\u00fcr den Unterricht von Erwachsenen geeignet sind. Im Unterricht werden auch Fotos, Filme und Multimedia-Pr\u00e4sentationen eingesetzt. Der praktische Teil hingegen umfasst sowohl Einzel- als auch Gruppen\u00fcbungen. Die Methoden werden von uns individuell mit Blick auf die Auswirkungen des Trainings und die spezifischen Merkmale der Gruppe ausgew\u00e4hlt.&nbsp;<\/p>\n\n\n\n<h2 class=\"wp-block-heading\"><strong>Zertifikat<\/strong>&nbsp;<\/h2>\n\n\n\n<p>Nach Abschluss des praktischen und theoretischen Teils des Kurses erhalten die Teilnehmer ein Zertifikat und ein Abzeichen. Diese sind f\u00fcr einen Zeitraum von drei Jahren g\u00fcltig.&nbsp;&nbsp;<\/p>\n\n\n\n<h2 class=\"wp-block-heading\"><strong>Was ist ein geschlossener Raum?<\/strong>&nbsp;<\/h2>\n\n\n\n<p>Ein geschlossener Raum ist ein Raum mit begrenzten Ein- und Ausgangsm\u00f6glichkeiten. Die Bel\u00fcftung ist unzureichend. Solche R\u00e4ume sind nicht ausreichend auf die st\u00e4ndige Anwesenheit von Arbeitnehmern vorbereitet. Das macht die Arbeit in solchen R\u00e4umen besonders gef\u00e4hrlich. Einige Industrieanlagen verf\u00fcgen \u00fcber mehrere enge R\u00e4ume, die regelm\u00e4\u00dfig kontrolliert werden m\u00fcssen. Bevor das Betreten solcher R\u00e4ume geplant wird, muss sichergestellt werden, dass die Person, die sie betritt, entsprechend geschult ist.<\/p>\n\n\n\n<h4 class=\"wp-block-heading\"><strong>Beispiele f\u00fcr Branchen, in denen h\u00e4ufig enge R\u00e4ume genutzt werden:<\/strong>&nbsp;<\/h4>\n\n\n\n<ul class=\"dwiekolumny wp-block-list\">\n<li>pharmazeutischen Industrie,&nbsp;<\/li>\n\n\n\n<li>Getr\u00e4nkeherstellung,&nbsp;<\/li>\n\n\n\n<li>Lebensmittelproduktion,&nbsp;<\/li>\n\n\n\n<li>chemische Produktion,&nbsp;<\/li>\n\n\n\n<li>petrochemischen Industrie.&nbsp;<\/li>\n<\/ul>\n\n\n\n<p>Geschlossene R\u00e4ume findet man auch in Krankenh\u00e4usern, Schulen, Einkaufszentren oder sogar in Stra\u00dfen. Wenn ein Raum teilweise oder vollst\u00e4ndig umschlossen ist und die Arbeit darin ein Risiko f\u00fcr die Gesundheit und Sicherheit von Menschen darstellt, k\u00f6nnen wir einen solchen Raum als geschlossenen Raum bezeichnen.\u00a0\u00a0<\/p>\n\n\n\n<h2 class=\"wp-block-heading\">Gefahren bei der Arbeit in engen R\u00e4umen<\/h2>\n\n\n\n<p>Es gibt viele Risiken, die mit der Arbeit in einem begrenzten Raum verbunden sind. Dazu k\u00f6nnen unter anderem geh\u00f6ren:&nbsp;<\/p>\n\n\n<div class=\"wp-block-image\">\n<figure class=\"alignright size-large is-resized\"><a href=\"https:\/\/szkolenia-udt.pl\/wp-content\/uploads\/2022\/09\/2-2.webp\"><img loading=\"lazy\" decoding=\"async\" src=\"https:\/\/szkolenia-udt.pl\/wp-content\/uploads\/2022\/09\/2-2-1024x768.webp\" alt=\"Erste-Hilfe-Ausr\u00fcstung\" class=\"wp-image-3376\" width=\"512\" height=\"384\" srcset=\"https:\/\/szkolenia-udt.pl\/wp-content\/uploads\/2022\/09\/2-2-1024x768.webp 1024w, https:\/\/szkolenia-udt.pl\/wp-content\/uploads\/2022\/09\/2-2-300x225.webp 300w, https:\/\/szkolenia-udt.pl\/wp-content\/uploads\/2022\/09\/2-2-768x576.webp 768w, https:\/\/szkolenia-udt.pl\/wp-content\/uploads\/2022\/09\/2-2-1536x1152.webp 1536w, https:\/\/szkolenia-udt.pl\/wp-content\/uploads\/2022\/09\/2-2-16x12.webp 16w, https:\/\/szkolenia-udt.pl\/wp-content\/uploads\/2022\/09\/2-2-135x100.webp 135w, https:\/\/szkolenia-udt.pl\/wp-content\/uploads\/2022\/09\/2-2.webp 1600w\" sizes=\"auto, (max-width: 512px) 100vw, 512px\" \/><\/a><\/figure>\n<\/div>\n\n\n<ul class=\"wp-block-list\">\n<li>Brand- und Explosionsgefahr,&nbsp;<\/li>\n\n\n\n<li>Bewusstlosigkeit, die durch hohe Konzentrationen von Gasen wie Methan oder Kohlendioxid auftreten kann,&nbsp;<\/li>\n\n\n\n<li>Ertrinken, das z. B. durch einen hohen Wasserstand verursacht werden kann,&nbsp;<\/li>\n\n\n\n<li>Ohnmacht, die durch einen niedrigen Sauerstoffgehalt am Arbeitsplatz hervorgerufen werden kann,&nbsp;<\/li>\n\n\n\n<li>Erstickung, die durch die Unf\u00e4higkeit, aus einem geschlossenen Raum zu entkommen, verursacht werden kann.&nbsp;<\/li>\n<\/ul>\n\n\n\n<p>Die Arbeit in Bereichen wie Tanks, Abwasserkan\u00e4len und anderen gef\u00e4hrlichen R\u00e4umen ist geregelt.&nbsp;&nbsp;<\/p>\n\n\n\n<p><strong>Werfen Sie einen Blick auf das Angebot an Kursen zur Evakuierung von Personen aus engen R\u00e4umen, das unser Unternehmen anbietet!<\/strong>\u00a0<\/p>\n\n\n<div class=\"wp-block-image\">\n<figure class=\"aligncenter size-large\"><a href=\"https:\/\/szkolenia-udt.pl\/wp-content\/uploads\/2022\/09\/0096-oso.edu_.pl_.jpg\"><img loading=\"lazy\" decoding=\"async\" width=\"1024\" height=\"853\" src=\"https:\/\/szkolenia-udt.pl\/wp-content\/uploads\/2022\/09\/0096-oso.edu_.pl_-1024x853.jpg\" alt=\"grafische Werbung f\u00fcr den Kurs\" class=\"wp-image-3378\" srcset=\"https:\/\/szkolenia-udt.pl\/wp-content\/uploads\/2022\/09\/0096-oso.edu_.pl_-1024x853.jpg 1024w, https:\/\/szkolenia-udt.pl\/wp-content\/uploads\/2022\/09\/0096-oso.edu_.pl_-300x250.jpg 300w, https:\/\/szkolenia-udt.pl\/wp-content\/uploads\/2022\/09\/0096-oso.edu_.pl_-768x640.jpg 768w, https:\/\/szkolenia-udt.pl\/wp-content\/uploads\/2022\/09\/0096-oso.edu_.pl_-14x12.jpg 14w, https:\/\/szkolenia-udt.pl\/wp-content\/uploads\/2022\/09\/0096-oso.edu_.pl_.jpg 1200w\" sizes=\"auto, (max-width: 1024px) 100vw, 1024px\" \/><\/a><\/figure>\n<\/div>","protected":false},"excerpt":{"rendered":"<p>Dlaczego szkolenie w tym zakresie jest tak wa\u017cne? Pracuj\u0105c w przestrzeniach zamkni\u0119tych oraz niebezpiecznych jeste\u015bmy nara\u017ceni na powa\u017cne zagro\u017cenia dla \u017cycia oraz zdrowia. Do przestrzeni zamkni\u0119tych mo\u017cemy zaliczy\u0107 m.in. studnie, studzienki kanalizacyjne czy szamba. Praca w takich miejscach wi\u0105\u017ce si\u0119 z ogromnym ryzykiem wyst\u0105pienia nieszcz\u0119\u015bliwych wypadk\u00f3w. Jednymi z nich s\u0105 zatrucia czy nawet uduszenia, w [&hellip;]<\/p>\n","protected":false},"author":10,"featured_media":3377,"parent":1874,"menu_order":0,"comment_status":"closed","ping_status":"closed","template":"","meta":{"footnotes":""},"class_list":["post-3374","page","type-page","status-publish","has-post-thumbnail","hentry"],"aioseo_notices":[],"_links":{"self":[{"href":"https:\/\/szkolenia-udt.pl\/de\/wp-json\/wp\/v2\/pages\/3374","targetHints":{"allow":["GET"]}}],"collection":[{"href":"https:\/\/szkolenia-udt.pl\/de\/wp-json\/wp\/v2\/pages"}],"about":[{"href":"https:\/\/szkolenia-udt.pl\/de\/wp-json\/wp\/v2\/types\/page"}],"author":[{"embeddable":true,"href":"https:\/\/szkolenia-udt.pl\/de\/wp-json\/wp\/v2\/users\/10"}],"replies":[{"embeddable":true,"href":"https:\/\/szkolenia-udt.pl\/de\/wp-json\/wp\/v2\/comments?post=3374"}],"version-history":[{"count":5,"href":"https:\/\/szkolenia-udt.pl\/de\/wp-json\/wp\/v2\/pages\/3374\/revisions"}],"predecessor-version":[{"id":4650,"href":"https:\/\/szkolenia-udt.pl\/de\/wp-json\/wp\/v2\/pages\/3374\/revisions\/4650"}],"up":[{"embeddable":true,"href":"https:\/\/szkolenia-udt.pl\/de\/wp-json\/wp\/v2\/pages\/1874"}],"wp:featuredmedia":[{"embeddable":true,"href":"https:\/\/szkolenia-udt.pl\/de\/wp-json\/wp\/v2\/media\/3377"}],"wp:attachment":[{"href":"https:\/\/szkolenia-udt.pl\/de\/wp-json\/wp\/v2\/media?parent=3374"}],"curies":[{"name":"wp","href":"https:\/\/api.w.org\/{rel}","templated":true}]}}