{"id":35,"date":"2014-10-07T16:19:41","date_gmt":"2014-10-07T16:19:41","guid":{"rendered":"http:\/\/szkolenia-udt.pl\/?page_id=35"},"modified":"2022-09-01T22:14:41","modified_gmt":"2022-09-01T20:14:41","slug":"mobile-plattformen","status":"publish","type":"page","link":"https:\/\/szkolenia-udt.pl\/de\/kursy\/podesty-ruchome\/","title":{"rendered":"Mobile Plattformen"},"content":{"rendered":"<h2>Kurse f\u00fcr mobile Plattformen - Warschau und ganz Polen<\/h2>\n<div class=\"sliderpage\"><div id=\"metaslider-id-408\" style=\"max-width: 300px;\" class=\"ml-slider-3-107-0 metaslider metaslider-flex metaslider-408 ml-slider ms-theme-default nav-hidden\" role=\"region\" aria-label=\"Mobile Plattformen1\" data-height=\"225\" data-width=\"300\">\n    <div id=\"metaslider_container_408\">\n        <div id=\"metaslider_408\">\n            <ul class='slides'>\n                <li style=\"display: block; width: 100%;\" class=\"slide-540 ms-image\" aria-roledescription=\"slide\" data-date=\"2014-10-11 16:42:06\" data-filename=\"170AETJL_BI_NRJ_045.jpg\" data-slide-type=\"image\"><img loading=\"lazy\" decoding=\"async\" src=\"https:\/\/szkolenia-udt.pl\/wp-content\/uploads\/2014\/10\/170AETJL_BI_NRJ_045.jpg\" height=\"225\" width=\"300\" alt=\"Kurse und Schulungen \" class=\"slider-408 slide-540 msDefaultImage\" \/><\/li>\n                <li style=\"display: none; width: 100%;\" class=\"slide-537 ms-image\" aria-roledescription=\"slide\" data-date=\"2014-10-11 16:38:05\" data-filename=\"3219.jpg\" data-slide-type=\"image\"><img loading=\"lazy\" decoding=\"async\" src=\"https:\/\/szkolenia-udt.pl\/wp-content\/uploads\/2014\/10\/3219.jpg\" height=\"225\" width=\"300\" alt=\"Kurs zur mobilen Plattform\" class=\"slider-408 slide-537 msDefaultImage\" \/><\/li>\n                <li style=\"display: none; width: 100%;\" class=\"slide-1172 ms-image\" aria-roledescription=\"slide\" data-date=\"2014-11-17 19:01:41\" data-filename=\"78XE_003a.jpg\" data-slide-type=\"image\"><img loading=\"lazy\" decoding=\"async\" src=\"https:\/\/szkolenia-udt.pl\/wp-content\/uploads\/2014\/11\/78XE_003a.jpg\" height=\"225\" width=\"300\" alt=\"ausbildung warszawa\" class=\"slider-408 slide-1172 msDefaultImage\" \/><\/li>\n                <li style=\"display: none; width: 100%;\" class=\"slide-1173 ms-image\" aria-roledescription=\"slide\" data-date=\"2014-11-17 19:01:41\" data-filename=\"80VJR_Evo_002a.jpg\" data-slide-type=\"image\"><img loading=\"lazy\" decoding=\"async\" src=\"https:\/\/szkolenia-udt.pl\/wp-content\/uploads\/2014\/11\/80VJR_Evo_002a.jpg\" height=\"225\" width=\"300\" alt=\"\" class=\"slider-408 slide-1173 msDefaultImage\" \/><\/li>\n                <li style=\"display: none; width: 100%;\" class=\"slide-1187 ms-image\" aria-roledescription=\"slide\" data-date=\"2014-11-17 19:45:05\" data-filename=\"60V_005a.jpg\" data-slide-type=\"image\"><img loading=\"lazy\" decoding=\"async\" src=\"https:\/\/szkolenia-udt.pl\/wp-content\/uploads\/2014\/11\/60V_005a.jpg\" height=\"225\" width=\"300\" alt=\"Aufz\u00fcge\" class=\"slider-408 slide-1187 msDefaultImage\" \/><\/li>\n            <\/ul>\n        <\/div>\n        \n    <\/div>\n<\/div><\/div>\n<div class=\"wyjustuj\">\n<p>Wir laden Sie ein zu <a href=\"https:\/\/szkolenia-udt.pl\/de\/kursy\/uprawnienia-udt-tdt-wdt\/podesty-ruchome\/\">Kurs f\u00fcr mobile Plattformen<\/a> zum Schulungszentrum f\u00fcr Bediener! In unserem Zentrum lernen Sie, wie man eine mobile Arbeitsb\u00fchne richtig bedient, und dank uns erhalten Sie die erforderlichen Lizenzen des Technischen \u00dcberwachungsamtes f\u00fcr die Position des Bedieners. Heutzutage werden Hubarbeitsb\u00fchnen und Scherenb\u00fchnen h\u00e4ufig f\u00fcr Arbeiten in der H\u00f6he eingesetzt, z. B. f\u00fcr Bau-, Montage-, Ausbau- oder Dekorationsarbeiten. Ausleger- oder Hubarbeitsb\u00fchnen werden meist auf Autoanh\u00e4ngern montiert und f\u00fcr Arbeiten im Freien verwendet. Scherenhebeb\u00fchnen werden haupts\u00e4chlich an Arbeitspl\u00e4tzen eingesetzt. Alle diese Ger\u00e4te unterliegen der technischen \u00dcberwachung.<\/p>\n<h2 class=\"boldnagl\">Wir unterrichten die Bedienung von Ger\u00e4ten der folgenden UDT-Kategorien:<\/h2>\n<ul>\n<li>Scherenb\u00fchnen, mobile Korbb\u00fchnen, fahrzeugmontierte mobile Arbeitsb\u00fchnen<\/li>\n<li>h\u00e4ngende, feste und gemastete Plattformen<\/li>\n<\/ul>\n<p>Wir setzen uns daf\u00fcr ein, dass die Teilnehmer unserer Kurse nicht nur das Wissen erhalten, das sie ben\u00f6tigen, um in der Ger\u00e4tekategorie ihrer Wahl zertifiziert zu werden, sondern auch, dass es ihnen bei ihrer t\u00e4glichen Arbeit als Bediener hilfreich ist. Deshalb sind unsere Programme so geschrieben, dass sie sowohl n\u00fctzliche Informationen enthalten als auch \u00dcbungen, die zeigen, wie man sie in der Praxis anwenden kann. Unsere Ausbilder sorgen daf\u00fcr, dass der Unterricht auf h\u00f6chstem Niveau stattfindet - wir besch\u00e4ftigen Menschen mit langj\u00e4hriger Erfahrung.<\/p>\n<h2 class=\"boldnagl\">Jeder Kurs f\u00fcr mobile Plattformen enth\u00e4lt die folgenden Informationen:<\/h2>\n<ul>\n<li>die mobile Plattform - ihre Arten und ihr Aufbau<\/li>\n<li>die Pflichten des Bedieners am Arbeitsplatz - vor, w\u00e4hrend und nach der Arbeit<\/li>\n<li>Informationen \u00fcber die technische \u00dcberwachung des Ger\u00e4ts<\/li>\n<li>Gesundheits- und Sicherheitsvorschriften<\/li>\n<li>praktische \u00dcbungen<\/li>\n<\/ul>\n<p>Nach Abschluss des Kurses legen die Teilnehmer eine Pr\u00fcfung vor einem Ausschuss des Technischen \u00dcberwachungsamtes ab. Der erfolgreiche Abschluss der Pr\u00fcfung verleiht UDT-Berechtigungen. Sie sind in Polen und international g\u00fcltig. Es ist m\u00f6glich, Dokumente in anderen Sprachen auszustellen.<\/p>\n<div class=\"filmw\">\n<div class=\"responsive-youtube\"><iframe loading=\"lazy\" title=\"YouTube-Video-Player\" src=\"https:\/\/www.youtube.com\/embed\/OUKdY5V51M4\" width=\"560\" height=\"315\" frameborder=\"0\" allowfullscreen=\"allowfullscreen\"><\/iframe><\/div>\n<\/div>\n<h2 class=\"boldnagl\">Anforderungen<\/h2>\n<p>Um sich f\u00fcr den Kurs \u00fcber mobile Plattformen anzumelden, m\u00fcssen die folgenden Voraussetzungen erf\u00fcllt sein:<\/p>\n<ul>\n<li>mindestens 18 Jahre alt sein<\/li>\n<li>mindestens Grundschulbildung<\/li>\n<li>keine Kontraindikationen f\u00fcr die Arbeit in dieser Position<\/li>\n<\/ul>\n<h2 class=\"boldnagl\">Preis<\/h2>\n<p>Bei uns zahlen Sie weniger f\u00fcr einen Hebeb\u00fchnenkurs als bei anderen Anbietern. Wir achten immer darauf, dass der Preis bei uns erschwinglich ist, und wir gew\u00e4hren g\u00fcnstige Rabatte f\u00fcr gr\u00f6\u00dfere Gruppen. Wir lassen auch Verhandlungen zu. Um die Geb\u00fchren zu \u00fcberpr\u00fcfen, verwenden Sie bitte <a href=\"https:\/\/szkolenia-udt.pl\/de\/oferta\/\">preisliste<\/a> oder <a href=\"https:\/\/szkolenia-udt.pl\/de\/kontakt\/\">Kontaktaufnahme mit uns<\/a> \u00fcber das Anfrageformular.<\/p>\n<h2 class=\"boldnagl\">Wo sind wir t\u00e4tig?<\/h2>\n<div class=\"sliderpageright\"><div id=\"metaslider-id-419\" style=\"max-width: 300px;\" class=\"ml-slider-3-107-0 metaslider metaslider-flex metaslider-419 ml-slider ms-theme-default nav-hidden nav-hidden\" role=\"region\" aria-label=\"Mobile Plattformen2\" data-height=\"225\" data-width=\"300\">\n    <div id=\"metaslider_container_419\">\n        <div id=\"metaslider_419\">\n            <ul class='slides'>\n                <li style=\"display: block; width: 100%;\" class=\"slide-1191 ms-image\" aria-roledescription=\"slide\" data-date=\"2014-11-17 19:52:58\" data-filename=\"podesty4a.jpg\" data-slide-type=\"image\"><img loading=\"lazy\" decoding=\"async\" src=\"https:\/\/szkolenia-udt.pl\/wp-content\/uploads\/2014\/11\/podesty4a.jpg\" height=\"225\" width=\"300\" alt=\"mobile Plattformen\" class=\"slider-419 slide-1191 msDefaultImage\" \/><\/li>\n                <li style=\"display: none; width: 100%;\" class=\"slide-1192 ms-image\" aria-roledescription=\"slide\" data-date=\"2014-11-17 19:52:59\" data-filename=\"podesty5a.jpg\" data-slide-type=\"image\"><img loading=\"lazy\" decoding=\"async\" src=\"https:\/\/szkolenia-udt.pl\/wp-content\/uploads\/2014\/11\/podesty5a.jpg\" height=\"225\" width=\"300\" alt=\"Udt-Ausbildung\" class=\"slider-419 slide-1192 msDefaultImage\" \/><\/li>\n                <li style=\"display: none; width: 100%;\" class=\"slide-1189 ms-image\" aria-roledescription=\"slide\" data-date=\"2014-11-17 19:52:57\" data-filename=\"podesty2a.jpg\" data-slide-type=\"image\"><img loading=\"lazy\" decoding=\"async\" src=\"https:\/\/szkolenia-udt.pl\/wp-content\/uploads\/2014\/11\/podesty2a.jpg\" height=\"225\" width=\"300\" alt=\"korbaufz\u00fcge warszawa\" class=\"slider-419 slide-1189 msDefaultImage\" \/><\/li>\n                <li style=\"display: none; width: 100%;\" class=\"slide-1190 ms-image\" aria-roledescription=\"slide\" data-date=\"2014-11-17 19:52:57\" data-filename=\"podesty3a.jpg\" data-slide-type=\"image\"><img loading=\"lazy\" decoding=\"async\" src=\"https:\/\/szkolenia-udt.pl\/wp-content\/uploads\/2014\/11\/podesty3a.jpg\" height=\"225\" width=\"300\" alt=\"ausbildung warszawa\" class=\"slider-419 slide-1190 msDefaultImage\" \/><\/li>\n                <li style=\"display: none; width: 100%;\" class=\"slide-1188 ms-image\" aria-roledescription=\"slide\" data-date=\"2014-11-17 19:52:56\" data-filename=\"podesty1a.jpg\" data-slide-type=\"image\"><img loading=\"lazy\" decoding=\"async\" src=\"https:\/\/szkolenia-udt.pl\/wp-content\/uploads\/2014\/11\/podesty1a.jpg\" height=\"225\" width=\"300\" alt=\"\" class=\"slider-419 slide-1188 msDefaultImage\" \/><\/li>\n            <\/ul>\n        <\/div>\n        \n    <\/div>\n<\/div><\/div>\n<p>Unter <a href=\"https:\/\/szkolenia-udt.pl\/de\/kursy\/uprawnienia-udt-tdt-wdt\/podesty-ruchome-wiszace\/\">Ausbildung f\u00fcr mobile Plattformen<\/a> Sie k\u00f6nnen sich f\u00fcr mobile Arbeitsb\u00fchnen in unseren 4 Niederlassungen im ganzen Land anmelden. Wir bieten Schulungen f\u00fcr Scheren- und Hubarbeitsb\u00fchnen in der Stadt Warschau sowie in Krakau, Kattowitz und Bielsko-Bia\u0142a an. Wir sind auch in der Lage, zu Kunden an bestimmten Orten in ganz Polen zu reisen. Bitte kontaktieren Sie uns f\u00fcr Details zu diesen Dienstleistungen.<\/p>\n<p>Wenn Sie Fragen haben, stehen wir Ihnen jederzeit zur Verf\u00fcgung, bitte z\u00f6gern Sie nicht, uns zu kontaktieren. Unsere Mitarbeiter werden umfassende Antworten vorbereiten und so schnell wie m\u00f6glich zur Verf\u00fcgung stellen.<\/p>\n<p>Wir laden Sie herzlich ein, sich unser Angebot anzuschauen!<\/p>\n<\/div>","protected":false},"excerpt":{"rendered":"<p>Kursy na podesty ruchome &#8211; Warszawa i ca\u0142a Polska Zapraszamy na kurs na podesty ruchome do O\u015brodka Szkolenia Operator\u00f3w! Nasz O\u015brodek nauczy ci\u0119, jak prawid\u0142owo obs\u0142ugiwa\u0107 podest ruchomy i dzi\u0119ki nam zdob\u0119dziesz potrzebne na stanowisku operatora uprawnienia Urz\u0119du Dozoru Technicznego. Obecnie podno\u015bnik koszowy oraz podno\u015bnik no\u017cycowy to urz\u0105dzenia powszechnie wykorzystywane w pracach na wysoko\u015bciach, w [&hellip;]<\/p>\n","protected":false},"author":3,"featured_media":540,"parent":22,"menu_order":0,"comment_status":"closed","ping_status":"closed","template":"","meta":{"footnotes":""},"class_list":["post-35","page","type-page","status-publish","has-post-thumbnail","hentry"],"aioseo_notices":[],"_links":{"self":[{"href":"https:\/\/szkolenia-udt.pl\/de\/wp-json\/wp\/v2\/pages\/35","targetHints":{"allow":["GET"]}}],"collection":[{"href":"https:\/\/szkolenia-udt.pl\/de\/wp-json\/wp\/v2\/pages"}],"about":[{"href":"https:\/\/szkolenia-udt.pl\/de\/wp-json\/wp\/v2\/types\/page"}],"author":[{"embeddable":true,"href":"https:\/\/szkolenia-udt.pl\/de\/wp-json\/wp\/v2\/users\/3"}],"replies":[{"embeddable":true,"href":"https:\/\/szkolenia-udt.pl\/de\/wp-json\/wp\/v2\/comments?post=35"}],"version-history":[{"count":27,"href":"https:\/\/szkolenia-udt.pl\/de\/wp-json\/wp\/v2\/pages\/35\/revisions"}],"predecessor-version":[{"id":3256,"href":"https:\/\/szkolenia-udt.pl\/de\/wp-json\/wp\/v2\/pages\/35\/revisions\/3256"}],"up":[{"embeddable":true,"href":"https:\/\/szkolenia-udt.pl\/de\/wp-json\/wp\/v2\/pages\/22"}],"wp:featuredmedia":[{"embeddable":true,"href":"https:\/\/szkolenia-udt.pl\/de\/wp-json\/wp\/v2\/media\/540"}],"wp:attachment":[{"href":"https:\/\/szkolenia-udt.pl\/de\/wp-json\/wp\/v2\/media?parent=35"}],"curies":[{"name":"wp","href":"https:\/\/api.w.org\/{rel}","templated":true}]}}