{"id":3544,"date":"2023-02-22T10:24:26","date_gmt":"2023-02-22T09:24:26","guid":{"rendered":"https:\/\/szkolenia-udt.pl\/?page_id=3544"},"modified":"2023-02-22T10:31:12","modified_gmt":"2023-02-22T09:31:12","slug":"udt-kurs-fur-teleskoplader","status":"publish","type":"page","link":"https:\/\/szkolenia-udt.pl\/de\/kursy\/uprawnienia-udt-tdt-wdt\/kurs-udt-na-ladowarki-teleskopowe\/","title":{"rendered":"UDT-Kurs f\u00fcr Teleskoplader"},"content":{"rendered":"\n<p>Nasz <a href=\"https:\/\/szkolenia-udt.pl\/de\/o-firmie\/\">o\u015brodek<\/a> szkoleniowy \u201cOSO\u201d prowadzi kursy dla operator\u00f3w i konserwator\u00f3w na \u0142adowarki teleskopowe. Zastosowanie tych urz\u0105dze\u0144 jest bardzo szerokie, u\u017cywamy ich w budownictwie, rolnictwie i przemy\u015ble. Dzi\u0119ki naszemu kursowi z \u0142atwo\u015bci\u0105 zdob\u0119dziesz uprawnienia UDT na operatora lub konserwatora.&nbsp;<\/p>\n\n\n\n<h2 class=\"wp-block-heading\"><strong>Producenci \u0142adowarek teleskopowych<\/strong>&nbsp;<\/h2>\n\n\n\n<p>Na rynku znale\u017a\u0107 mo\u017cna wielu producent\u00f3w \u0142adowarek teleskopowych, s\u0105 nimi m.in.:&nbsp;<\/p>\n\n\n\n<ul class=\"wp-block-list\">\n<li>Merlo,&nbsp;<\/li>\n\n\n\n<li>JCB,&nbsp;<\/li>\n\n\n\n<li>Avent,&nbsp;<\/li>\n\n\n\n<li>Manitou.&nbsp;<\/li>\n<\/ul>\n\n\n<div class=\"wp-block-image\">\n<figure class=\"alignright size-large is-resized\"><a href=\"https:\/\/szkolenia-udt.pl\/wp-content\/uploads\/2023\/02\/8782_5726139650951.jpg\"><img loading=\"lazy\" decoding=\"async\" src=\"https:\/\/szkolenia-udt.pl\/wp-content\/uploads\/2023\/02\/8782_5726139650951-1024x727.jpg\" alt=\"urz\u0105dzenie podczas pracy\" class=\"wp-image-3547\" width=\"512\" height=\"364\" srcset=\"https:\/\/szkolenia-udt.pl\/wp-content\/uploads\/2023\/02\/8782_5726139650951-1024x727.jpg 1024w, https:\/\/szkolenia-udt.pl\/wp-content\/uploads\/2023\/02\/8782_5726139650951-300x213.jpg 300w, https:\/\/szkolenia-udt.pl\/wp-content\/uploads\/2023\/02\/8782_5726139650951-768x546.jpg 768w, https:\/\/szkolenia-udt.pl\/wp-content\/uploads\/2023\/02\/8782_5726139650951-18x12.jpg 18w, https:\/\/szkolenia-udt.pl\/wp-content\/uploads\/2023\/02\/8782_5726139650951.jpg 1129w\" sizes=\"auto, (max-width: 512px) 100vw, 512px\" \/><\/a><\/figure>\n<\/div>\n\n\n<h2 class=\"wp-block-heading\"><strong>Przeznaczenie sprz\u0119tu<\/strong>&nbsp;<\/h2>\n\n\n\n<p>\u0141adowarki teleskopowe przeznaczone s\u0105 do prac transportowych w rolnictwie oraz w budownictwie. Zawdzi\u0119cza\u0107 to mog\u0105 swojej budowie oraz mocy jak\u0105 posiadaj\u0105, maszyny te s\u0105 w stanie przewozi\u0107 oraz przenosi\u0107 obiekty o znacznym ci\u0119\u017carze. Jedn\u0105 z wielu rzeczy jakie doskonale wykonuje ta maszyna jest manipulacja r\u00f3\u017cnymi materia\u0142ami.&nbsp;<\/p>\n\n\n\n<h2 class=\"wp-block-heading\"><strong>Szkolenie<\/strong>&nbsp;<\/h2>\n\n\n\n<p>Szkolenie odbywa si\u0119 pod okiem do\u015bwiadczonych wyk\u0142adowc\u00f3w, maj\u0105cych na celu przekazanie wiedzy teoretycznej oraz praktycznej. Ca\u0142y kurs dotyczy\u0107 b\u0119dzie pracy z urz\u0105dzeniami m.in. marki Merlo. Podczas \u0107wicze\u0144 praktycznych na \u0142adowarkach teleskopowych, uczestnicy b\u0119d\u0105 wykonywa\u0107 \u0107wiczenia, aby nauczy\u0107 si\u0119 obs\u0142ugiwa\u0107 te urz\u0105dzenia.&nbsp;&nbsp;<\/p>\n\n\n\n<h2 class=\"wp-block-heading\"><strong>Jakich informacji dowiesz si\u0119 podczas kursu?<\/strong>&nbsp;<\/h2>\n\n\n\n<p>Podczas nauki uczestnicy dowiedz\u0105 si\u0119 takich rzeczy jak:&nbsp;<\/p>\n\n\n\n<ul class=\"wp-block-list\">\n<li>konstrukcji oraz rodzaj\u00f3w maszyn,&nbsp;&nbsp;<\/li>\n\n\n\n<li>zasad BHP, kt\u00f3rych trzeba przestrzega\u0107 w pracy,&nbsp;<\/li>\n\n\n\n<li>jaki jest dodatkowy osprz\u0119t urz\u0105dzenia,&nbsp;<\/li>\n\n\n\n<li>informacji dotycz\u0105cych dozoru technicznego,&nbsp;<\/li>\n\n\n\n<li>czynno\u015bci jakie wykonuje operator przed, podczas i po zako\u0144czeniu pracy.&nbsp;<\/li>\n<\/ul>\n\n\n<div class=\"wp-block-image\">\n<figure class=\"alignright size-full is-resized\"><a href=\"https:\/\/szkolenia-udt.pl\/wp-content\/uploads\/2023\/02\/7947_4372778061.jpg\"><img loading=\"lazy\" decoding=\"async\" src=\"https:\/\/szkolenia-udt.pl\/wp-content\/uploads\/2023\/02\/7947_4372778061.jpg\" alt=\"\u0142adowarka teleskopowa Merlo podczas transportu drewna \" class=\"wp-image-3548\" width=\"480\" height=\"360\" srcset=\"https:\/\/szkolenia-udt.pl\/wp-content\/uploads\/2023\/02\/7947_4372778061.jpg 640w, https:\/\/szkolenia-udt.pl\/wp-content\/uploads\/2023\/02\/7947_4372778061-300x225.jpg 300w, https:\/\/szkolenia-udt.pl\/wp-content\/uploads\/2023\/02\/7947_4372778061-16x12.jpg 16w, https:\/\/szkolenia-udt.pl\/wp-content\/uploads\/2023\/02\/7947_4372778061-135x100.jpg 135w\" sizes=\"auto, (max-width: 480px) 100vw, 480px\" \/><\/a><\/figure>\n<\/div>\n\n\n<h2 class=\"wp-block-heading\"><strong>Kwalifikacje UDT&nbsp;<\/strong>&nbsp;<\/h2>\n\n\n\n<p>Po zako\u0144czeniu kursu nale\u017cy przyst\u0105pi\u0107 do egzaminu Urz\u0119du Dozoru Technicznego, jest to obowi\u0105zkowe, je\u015bli chcemy wykonywa\u0107 prace z \u0142adowark\u0105 teleskopow\u0105. Zdanie pozytywnie egzaminu daje nam uprawnienia do wykonywania pracy.&nbsp;&nbsp;<\/p>\n\n\n\n<h2 class=\"wp-block-heading\"><strong>Jakie osoby mog\u0105 rozpocz\u0105\u0107 kurs?<\/strong>&nbsp;<\/h2>\n\n\n\n<p>Do kursu przyst\u0105pi\u0107 mog\u0105 osoby, kt\u00f3re spe\u0142niaj\u0105 wymagania takie jak:&nbsp;<\/p>\n\n\n\n<ul class=\"wp-block-list\">\n<li>nie posiadaj\u0105 przeciwskaza\u0144 lekarskich do pracy,&nbsp;<\/li>\n\n\n\n<li>uko\u0144czenie 18 roku \u017cycia,&nbsp;<\/li>\n\n\n\n<li>posiadanie wykszta\u0142cenia na poziomie przynajmniej podstawowym.&nbsp;<\/li>\n<\/ul>\n\n\n\n<h2 class=\"wp-block-heading\"><strong>Reszta naszych kurs\u00f3w<\/strong>&nbsp;<\/h2>\n\n\n\n<p>Prowadzimy szkolenia nie tylko dotycz\u0105ce powy\u017cej opisanego urz\u0105dzenia, a tak\u017ce szkolenia na:&nbsp;<\/p>\n\n\n\n<ul class=\"wp-block-list\">\n<li>w\u00f3zki wid\u0142owe,&nbsp;<\/li>\n\n\n\n<li>podno\u015bniki,&nbsp;<\/li>\n\n\n\n<li>wci\u0105garki i wci\u0105gniki,&nbsp;<\/li>\n\n\n\n<li>podesty ruchome.&nbsp;<\/li>\n<\/ul>\n\n\n\n<p>Je\u015bli zainteresowa\u0142a Ci\u0119 jedna z naszych ofert, zapraszamy do kontaktu w celu poznania szczeg\u00f3\u0142owego planu kursu oraz ustalenia terminu szkolenia.&nbsp;<\/p>\n\n\n\n<h2 class=\"wp-block-heading\">Pytania i odpowiedzi<\/h2>\n\n\n\t\t<details\t\thelp class=\"sc_fs_faq sc_card    \"\n\t\topen\t\t>\n\t\t\t\t\t<summary>\n\t\t\t\t<h3>Do czego przeznaczone s\u0105 \u0142adowarki teleskopowe?\u00a0<\/h3>\t\t\t\t\t<\/summary>\n\t\t\t\t<div>\n\t\t\t\t\t\t<div class=\"sc_fs_faq__content\">\n\t\t\t\t\n\n<p>\u0141adowarki teleskopowe przeznaczone s\u0105 do prac wykonywanych w dziedzinie rolniczej oraz w budownictwie. Do g\u0142\u00f3wnych zada\u0144 zaliczamy przenoszenie ci\u0119\u017ckich \u0142adunk\u00f3w i wykonywanie manipulacji na r\u00f3\u017cnych materia\u0142ach.&nbsp;<\/p>\n\n\t\t\t<\/div>\n\t\t<\/div>\n\t\t<\/details>\n\t\t\t\t<details\t\thelp class=\"sc_fs_faq sc_card    \"\n\t\t\t\t>\n\t\t\t\t\t<summary>\n\t\t\t\t<h3>Kto mo\u017ce rozpocz\u0105\u0107 kurs na \u0142adowarki teleskopowe Merlo?\u00a0<\/h3>\t\t\t\t\t<\/summary>\n\t\t\t\t<div>\n\t\t\t\t\t\t<div class=\"sc_fs_faq__content\">\n\t\t\t\t\n\n<p>Przyst\u0105pi\u0107 do szkolenia mog\u0105 osoby, kt\u00f3re uko\u0144czy\u0142y 18 rok \u017cycia, nie posiadaj\u0105 przeciwwskaza\u0144 od lekarza oraz osoby z wykszta\u0142ceniem przynajmniej podstawowym.&nbsp;&nbsp;<\/p>\n\n\t\t\t<\/div>\n\t\t<\/div>\n\t\t<\/details>\n\t\t\n<script type=\"application\/ld+json\">\n\t{\n\t\t\"@context\": \"https:\/\/schema.org\",\n\t\t\"@type\": \"FAQPage\",\n\t\t\"mainEntity\": [\n\t\t\t\t\t{\n\t\t\t\t\"@type\": \"Question\",\n\t\t\t\t\"name\": \"Do czego przeznaczone s\u0105 \u0142adowarki teleskopowe?\u00a0\",\n\t\t\t\t\"acceptedAnswer\": {\n\t\t\t\t\t\"@type\": \"Answer\",\n\t\t\t\t\t\"text\": \"<p>\u0141adowarki teleskopowe przeznaczone s\u0105 do prac wykonywanych w dziedzinie rolniczej oraz w budownictwie. Do g\u0142\u00f3wnych zada\u0144 zaliczamy przenoszenie ci\u0119\u017ckich \u0142adunk\u00f3w i wykonywanie manipulacji na r\u00f3\u017cnych materia\u0142ach.&nbsp;<\/p>\"\n\t\t\t\t\t\t\t\t\t}\n\t\t\t}\n\t\t\t,\t\t\t\t{\n\t\t\t\t\"@type\": \"Question\",\n\t\t\t\t\"name\": \"Kto mo\u017ce rozpocz\u0105\u0107 kurs na \u0142adowarki teleskopowe Merlo?\u00a0\",\n\t\t\t\t\"acceptedAnswer\": {\n\t\t\t\t\t\"@type\": \"Answer\",\n\t\t\t\t\t\"text\": \"<p>Przyst\u0105pi\u0107 do szkolenia mog\u0105 osoby, kt\u00f3re uko\u0144czy\u0142y 18 rok \u017cycia, nie posiadaj\u0105 przeciwwskaza\u0144 od lekarza oraz osoby z wykszta\u0142ceniem przynajmniej podstawowym.&nbsp;&nbsp;<\/p>\"\n\t\t\t\t\t\t\t\t\t}\n\t\t\t}\n\t\t\t\t\t\t]\n\t}\n<\/script>\n","protected":false},"excerpt":{"rendered":"<p>Nasz o\u015brodek szkoleniowy \u201cOSO\u201d prowadzi kursy dla operator\u00f3w i konserwator\u00f3w na \u0142adowarki teleskopowe. Zastosowanie tych urz\u0105dze\u0144 jest bardzo szerokie, u\u017cywamy ich w budownictwie, rolnictwie i przemy\u015ble. Dzi\u0119ki naszemu kursowi z \u0142atwo\u015bci\u0105 zdob\u0119dziesz uprawnienia UDT na operatora lub konserwatora.&nbsp; Producenci \u0142adowarek teleskopowych&nbsp; Na rynku znale\u017a\u0107 mo\u017cna wielu producent\u00f3w \u0142adowarek teleskopowych, s\u0105 nimi m.in.:&nbsp; Przeznaczenie sprz\u0119tu&nbsp; \u0141adowarki [&hellip;]<\/p>\n","protected":false},"author":3,"featured_media":3545,"parent":2266,"menu_order":0,"comment_status":"closed","ping_status":"closed","template":"","meta":{"footnotes":""},"class_list":["post-3544","page","type-page","status-publish","has-post-thumbnail","hentry"],"aioseo_notices":[],"_links":{"self":[{"href":"https:\/\/szkolenia-udt.pl\/de\/wp-json\/wp\/v2\/pages\/3544","targetHints":{"allow":["GET"]}}],"collection":[{"href":"https:\/\/szkolenia-udt.pl\/de\/wp-json\/wp\/v2\/pages"}],"about":[{"href":"https:\/\/szkolenia-udt.pl\/de\/wp-json\/wp\/v2\/types\/page"}],"author":[{"embeddable":true,"href":"https:\/\/szkolenia-udt.pl\/de\/wp-json\/wp\/v2\/users\/3"}],"replies":[{"embeddable":true,"href":"https:\/\/szkolenia-udt.pl\/de\/wp-json\/wp\/v2\/comments?post=3544"}],"version-history":[{"count":4,"href":"https:\/\/szkolenia-udt.pl\/de\/wp-json\/wp\/v2\/pages\/3544\/revisions"}],"predecessor-version":[{"id":3552,"href":"https:\/\/szkolenia-udt.pl\/de\/wp-json\/wp\/v2\/pages\/3544\/revisions\/3552"}],"up":[{"embeddable":true,"href":"https:\/\/szkolenia-udt.pl\/de\/wp-json\/wp\/v2\/pages\/2266"}],"wp:featuredmedia":[{"embeddable":true,"href":"https:\/\/szkolenia-udt.pl\/de\/wp-json\/wp\/v2\/media\/3545"}],"wp:attachment":[{"href":"https:\/\/szkolenia-udt.pl\/de\/wp-json\/wp\/v2\/media?parent=3544"}],"curies":[{"name":"wp","href":"https:\/\/api.w.org\/{rel}","templated":true}]}}