{"id":3602,"date":"2023-03-06T18:59:47","date_gmt":"2023-03-06T17:59:47","guid":{"rendered":"https:\/\/szkolenia-udt.pl\/?page_id=3602"},"modified":"2023-03-08T02:11:58","modified_gmt":"2023-03-08T01:11:58","slug":"betrieb-von-eisenbahnkranen","status":"publish","type":"page","link":"https:\/\/szkolenia-udt.pl\/de\/kursy\/uprawnienia-udt-tdt-wdt\/obsluge-zurawi-szynowych\/","title":{"rendered":"Erlangung der Zertifizierung f\u00fcr den Betrieb von Eisenbahnkr\u00e4nen"},"content":{"rendered":"\n<h2 class=\"wp-block-heading\">Zapraszamy na szkolenie na operatora \u017curawi szynowych<\/h2>\n\n\n\n<p>Jako <a href=\"https:\/\/szkolenia-udt.pl\/de\/o-firmie\/\">O\u015brodek Szkolenia Operator\u00f3w<\/a> posiadamy ponad 15 lat do\u015bwiadczenia w prowadzeniu kurs\u00f3w zawodowych. Nasza szeroka oferta szkole\u0144 zawiera przygotowanie m.in. do zawodu operatora \u017curawi szynowych i egzaminu certyfikuj\u0105cego, przeprowadzanego przez Urz\u0105d Dozoru Technicznego. Nasza kadra szkoleniowa to wieloletni fachowcy, kt\u00f3rzy ch\u0119tnie dziel\u0105 si\u0119 swoj\u0105 wiedz\u0105 i do\u015bwiadczeniem.<\/p>\n\n\n<div class=\"wp-block-image\">\n<figure class=\"alignright size-large is-resized\"><a href=\"https:\/\/szkolenia-udt.pl\/wp-content\/uploads\/2023\/02\/screen_2x-7.jpg\"><img loading=\"lazy\" decoding=\"async\" src=\"https:\/\/szkolenia-udt.pl\/wp-content\/uploads\/2023\/02\/screen_2x-7-1024x680.jpg\" alt=\"Schemat budowy \u017curawia szynowego\" class=\"wp-image-3605\" width=\"512\" height=\"340\" srcset=\"https:\/\/szkolenia-udt.pl\/wp-content\/uploads\/2023\/02\/screen_2x-7-1024x680.jpg 1024w, https:\/\/szkolenia-udt.pl\/wp-content\/uploads\/2023\/02\/screen_2x-7-300x199.jpg 300w, https:\/\/szkolenia-udt.pl\/wp-content\/uploads\/2023\/02\/screen_2x-7-768x510.jpg 768w, https:\/\/szkolenia-udt.pl\/wp-content\/uploads\/2023\/02\/screen_2x-7-1536x1020.jpg 1536w, https:\/\/szkolenia-udt.pl\/wp-content\/uploads\/2023\/02\/screen_2x-7-18x12.jpg 18w, https:\/\/szkolenia-udt.pl\/wp-content\/uploads\/2023\/02\/screen_2x-7.jpg 1600w\" sizes=\"auto, (max-width: 512px) 100vw, 512px\" \/><\/a><\/figure>\n<\/div>\n\n\n<h2 class=\"wp-block-heading\">Od przysz\u0142ych kursant\u00f3w wymagamy:<\/h2>\n\n\n\n<ul class=\"wp-block-list\">\n<li>pe\u0142noletno\u015bci,&nbsp;<\/li>\n\n\n\n<li>minimum podstawowego wykszta\u0142cenia,&nbsp;<\/li>\n\n\n\n<li>za\u015bwiadczenia o braku przeciwwskaza\u0144 do wykonywania zawodu.<\/li>\n<\/ul>\n\n\n\n<h2 class=\"wp-block-heading\">Cele szkolenia:<\/h2>\n\n\n\n<p>Celem szkolenia jest przekazanie wiedzy i umiej\u0119tno\u015bci kursantom chc\u0105cym uzyska\u0107 kwalifikacje zawodowe do obs\u0142ugi \u017curawi szynowych. Szkolenie jest specjalistycznym przygotowaniem do egzaminu UDT i bezpiecznej pracy zgodnej z przepisami. Po zdaniu egzaminu kursant otrzymuje za\u015bwiadczenie kwalifikacyjne wystawione przez Urz\u0105d Dozoru Technicznego. Uprawnienia UDT na obs\u0142ug\u0119 \u017curawi szynowych wa\u017cne s\u0105 przez 5 lat.<\/p>\n\n\n\n<h2 class=\"wp-block-heading\">Przebieg kursu z obs\u0142ugi \u017curawi szynowych:<\/h2>\n\n\n\n<p><a href=\"https:\/\/szkolenia-udt.pl\/de\/kursy\/\">Nasze szkolenia<\/a> sk\u0142adaj\u0105 si\u0119 z zaj\u0119\u0107 teoretycznych i praktycznych. Przeprowadzane s\u0105 na specjalnie przygotowanym placu manewrowym przy u\u017cyciu maszyn.&nbsp;&nbsp;<\/p>\n\n\n\n<p>Przygotowanie teoretyczne wsparte jest materia\u0142ami szkoleniowymi, do kt\u00f3rych dost\u0119p online otrzymuje ka\u017cdy kursant.&nbsp;&nbsp;<\/p>\n\n\n<div class=\"wp-block-image\">\n<figure class=\"alignright size-large is-resized\"><a href=\"https:\/\/szkolenia-udt.pl\/wp-content\/uploads\/2023\/02\/screen_2x-6.jpg\"><img loading=\"lazy\" decoding=\"async\" src=\"https:\/\/szkolenia-udt.pl\/wp-content\/uploads\/2023\/02\/screen_2x-6-1024x680.jpg\" alt=\"Wyk\u0142ady szkoleniowe na operatora \u017curawia szynowego\" class=\"wp-image-3604\" width=\"512\" height=\"340\" srcset=\"https:\/\/szkolenia-udt.pl\/wp-content\/uploads\/2023\/02\/screen_2x-6-1024x680.jpg 1024w, https:\/\/szkolenia-udt.pl\/wp-content\/uploads\/2023\/02\/screen_2x-6-300x199.jpg 300w, https:\/\/szkolenia-udt.pl\/wp-content\/uploads\/2023\/02\/screen_2x-6-768x510.jpg 768w, https:\/\/szkolenia-udt.pl\/wp-content\/uploads\/2023\/02\/screen_2x-6-1536x1020.jpg 1536w, https:\/\/szkolenia-udt.pl\/wp-content\/uploads\/2023\/02\/screen_2x-6-18x12.jpg 18w, https:\/\/szkolenia-udt.pl\/wp-content\/uploads\/2023\/02\/screen_2x-6.jpg 1600w\" sizes=\"auto, (max-width: 512px) 100vw, 512px\" \/><\/a><\/figure>\n<\/div>\n\n\n<p>Program szkoleniowy na operatora \u017curawi szynowych zawiera:&nbsp;<\/p>\n\n\n\n<ul class=\"wp-block-list\">\n<li>BHP,&nbsp;<\/li>\n\n\n\n<li>budow\u0119 \u017curawi szynowych,&nbsp;<\/li>\n\n\n\n<li>rodzaje nap\u0119d\u00f3w,&nbsp;<\/li>\n\n\n\n<li>budow\u0119 panelu steruj\u0105cego,&nbsp;<\/li>\n\n\n\n<li>specyfik\u0119 pracy na \u017curawiach szynowych,&nbsp;<\/li>\n\n\n\n<li>przepisy dozoru technicznego,&nbsp;<\/li>\n\n\n\n<li>obowi\u0105zki operatora,&nbsp;<\/li>\n\n\n\n<li>wymian\u0119 cz\u0119\u015bci i p\u0142yn\u00f3w,&nbsp;<\/li>\n\n\n\n<li>testy pr\u00f3bne,&nbsp;<\/li>\n\n\n\n<li>zadania praktyczne.&nbsp;<\/li>\n<\/ul>\n\n\n\n<p>Cz\u0119\u015b\u0107 praktyczna obejmuje obs\u0142ug\u0119 urz\u0105dze\u0144 wraz z odpowiednim post\u0119powaniem, np. w przypadku awarii.&nbsp;&nbsp;<\/p>\n\n\n\n<h2 class=\"wp-block-heading\">Zapraszamy do skorzystania z innych us\u0142ug szkoleniowych:<\/h2>\n\n\n\n<p>Posiadamy szerok\u0105 ofert\u0119 szkole\u0144 na operator\u00f3w i konserwator\u00f3w urz\u0105dze\u0144 UDT, m.in. na:&nbsp;&nbsp;<\/p>\n\n\n\n<ul class=\"wp-block-list\">\n<li>\u017curawie (wie\u017cowe, kolejowe, stacjonarne, p\u0142ywaj\u0105ce, pok\u0142adowe, przewo\u017ane, przeno\u015bne, samojezdne);&nbsp;<\/li>\n\n\n\n<li>wci\u0105garki;&nbsp;<\/li>\n\n\n\n<li>wypornice;&nbsp;<\/li>\n\n\n\n<li>suwnice;&nbsp;<\/li>\n\n\n\n<li>uk\u0142adnice torowe;&nbsp;<\/li>\n\n\n\n<li>koleje linowe;&nbsp;<\/li>\n\n\n\n<li>podesty ruchome;&nbsp;<\/li>\n\n\n\n<li>wyci\u0105gi turystyczno \u2013 narciarskie;&nbsp;<\/li>\n\n\n\n<li>w\u00f3zki wid\u0142owe;&nbsp;<\/li>\n\n\n\n<li>\u0142adowarki teleskopowe;&nbsp;<\/li>\n\n\n\n<li>maszyn budowlanych;&nbsp;<\/li>\n\n\n\n<li>podno\u015bnik\u00f3w koszowych i no\u017cycowych;&nbsp;<\/li>\n\n\n\n<li>wyci\u0105g\u00f3w towarowych;&nbsp;<\/li>\n\n\n\n<li>urz\u0105dze\u0144 wy\u0142adowczych i za\u0142adowczych.<\/li>\n<\/ul>\n\n\n<div class=\"wp-block-image\">\n<figure class=\"alignright size-large is-resized\"><a href=\"https:\/\/szkolenia-udt.pl\/wp-content\/uploads\/2023\/02\/s2-1-2.jpg\"><img loading=\"lazy\" decoding=\"async\" src=\"https:\/\/szkolenia-udt.pl\/wp-content\/uploads\/2023\/02\/s2-1-2-1024x618.jpg\" alt=\"Operator \u017curawia\" class=\"wp-image-3607\" width=\"512\" height=\"309\" srcset=\"https:\/\/szkolenia-udt.pl\/wp-content\/uploads\/2023\/02\/s2-1-2-1024x618.jpg 1024w, https:\/\/szkolenia-udt.pl\/wp-content\/uploads\/2023\/02\/s2-1-2-300x181.jpg 300w, https:\/\/szkolenia-udt.pl\/wp-content\/uploads\/2023\/02\/s2-1-2-768x464.jpg 768w, https:\/\/szkolenia-udt.pl\/wp-content\/uploads\/2023\/02\/s2-1-2-1536x927.jpg 1536w, https:\/\/szkolenia-udt.pl\/wp-content\/uploads\/2023\/02\/s2-1-2-18x12.jpg 18w, https:\/\/szkolenia-udt.pl\/wp-content\/uploads\/2023\/02\/s2-1-2.jpg 1600w\" sizes=\"auto, (max-width: 512px) 100vw, 512px\" \/><\/a><\/figure>\n<\/div>\n\n\n<p>Szkolimy tak\u017ce przysz\u0142ych monter\u00f3w rusztowa\u0144, konserwator\u00f3w sprz\u0119tu ga\u015bniczego, spawaczy, alpinist\u00f3w przemys\u0142owych oraz palaczy piec\u00f3w i kot\u0142\u00f3w CO.&nbsp;&nbsp;<\/p>\n\n\n\n<p>Nasze kursy prowadzimy w ca\u0142ej Polsce. Zapraszamy do kontaktu osoby prywatne, firmy i grupy zorganizowane! <\/p>\n\n\n\n<h2 class=\"has-text-align-left wp-block-heading\">Pytania i odpowiedzi:<\/h2>\n\n\n\t\t<details\t\thelp class=\"sc_fs_faq sc_card    \"\n\t\topen\t\t>\n\t\t\t\t\t<summary>\n\t\t\t\t<h3>1. Jak d\u0142ugo wa\u017cne s\u0105 uprawnienia na \u017curawie szynowe?<\/h3>\t\t\t\t\t<\/summary>\n\t\t\t\t<div>\n\t\t\t\t\t\t<div class=\"sc_fs_faq__content\">\n\t\t\t\t\n\n<p>Uprawnienia UDT na operator\u00f3w i konserwator\u00f3w \u017curawi szynowych wa\u017cne s\u0105 przez 5 lat. Po up\u0142ywie terminu wa\u017cno\u015bci nale\u017cy je przed\u0142u\u017cy\u0107.&nbsp;<\/p>\n\n\t\t\t<\/div>\n\t\t<\/div>\n\t\t<\/details>\n\t\t\t\t<details\t\thelp class=\"sc_fs_faq sc_card    \"\n\t\t\t\t>\n\t\t\t\t\t<summary>\n\t\t\t\t<h3>2. Co zawiera cz\u0119\u015b\u0107 praktyczna szkolenia na operatora \u017curawia szynowego?  <\/h3>\t\t\t\t\t<\/summary>\n\t\t\t\t<div>\n\t\t\t\t\t\t<div class=\"sc_fs_faq__content\">\n\t\t\t\t\n\n<p>Cz\u0119\u015b\u0107 praktyczna to praca z urz\u0105dzeniem. Kursant pod okiem do\u015bwiadczonego szkoleniowca uczy si\u0119 obs\u0142ugi urz\u0105dzenia, wymiany cz\u0119\u015bci i p\u0142yn\u00f3w oraz prawid\u0142owej i bezpiecznej eksploatacji \u017curawia. Zadaniem naszych instruktor\u00f3w jest nauka pod k\u0105tem praktycznego zastosowania nabytej wiedzy, ale tak\u017ce rozwianie wszelkich w\u0105tpliwo\u015bci kursanta na temat obs\u0142ugi urz\u0105dzenia.<\/p>\n\n\t\t\t<\/div>\n\t\t<\/div>\n\t\t<\/details>\n\t\t\t\t<details\t\thelp class=\"sc_fs_faq sc_card    \"\n\t\t\t\t>\n\t\t\t\t\t<summary>\n\t\t\t\t<h3>3. Jakie wymagania ma o\u015brodek szkoleniowy wzgl\u0119dem przysz\u0142ych kursant\u00f3w? <\/h3>\t\t\t\t\t<\/summary>\n\t\t\t\t<div>\n\t\t\t\t\t\t<div class=\"sc_fs_faq__content\">\n\t\t\t\t\n\n<p>Kandydat na kursanta musi by\u0107 pe\u0142noletni i posiada\u0107 minimum podstawowe wykszta\u0142cenie. Niezb\u0119dne jest tak\u017ce za\u015bwiadczenie lekarskie o braku przeciwwskaza\u0144 do pracy operatora b\u0105d\u017a konserwatora urz\u0105dze\u0144 UDT.&nbsp;<\/p>\n\n\t\t\t<\/div>\n\t\t<\/div>\n\t\t<\/details>\n\t\t\t\t<details\t\thelp class=\"sc_fs_faq sc_card    \"\n\t\t\t\t>\n\t\t\t\t\t<summary>\n\t\t\t\t<h3>4. Czy prowadzone s\u0105 zaj\u0119cia zamkni\u0119te? <\/h3>\t\t\t\t\t<\/summary>\n\t\t\t\t<div>\n\t\t\t\t\t\t<div class=\"sc_fs_faq__content\">\n\t\t\t\t\n\n<p>Tak, firmom oraz grupom zorganizowanym oferujemy szkolenia zamkni\u0119te. Wystarczy skontaktowa\u0107 si\u0119 z nami w celu ustalenia szczeg\u00f3\u0142\u00f3w szkolenia, m.in. terminu i miejsca, w kt\u00f3rym mamy poprowadzi\u0107 ca\u0142y program kursu. Istnieje mo\u017cliwo\u015b\u0107 jej przeprowadzenia na urz\u0105dzeniu Klienta.&nbsp;<\/p>\n\n\t\t\t<\/div>\n\t\t<\/div>\n\t\t<\/details>\n\t\t\n<script type=\"application\/ld+json\">\n\t{\n\t\t\"@context\": \"https:\/\/schema.org\",\n\t\t\"@type\": \"FAQPage\",\n\t\t\"mainEntity\": [\n\t\t\t\t\t{\n\t\t\t\t\"@type\": \"Question\",\n\t\t\t\t\"name\": \"1. Jak d\u0142ugo wa\u017cne s\u0105 uprawnienia na \u017curawie szynowe?\",\n\t\t\t\t\"acceptedAnswer\": {\n\t\t\t\t\t\"@type\": \"Answer\",\n\t\t\t\t\t\"text\": \"<p>Uprawnienia UDT na operator\u00f3w i konserwator\u00f3w \u017curawi szynowych wa\u017cne s\u0105 przez 5 lat. Po up\u0142ywie terminu wa\u017cno\u015bci nale\u017cy je przed\u0142u\u017cy\u0107.&nbsp;<\/p>\"\n\t\t\t\t\t\t\t\t\t}\n\t\t\t}\n\t\t\t,\t\t\t\t{\n\t\t\t\t\"@type\": \"Question\",\n\t\t\t\t\"name\": \"2. Co zawiera cz\u0119\u015b\u0107 praktyczna szkolenia na operatora \u017curawia szynowego?  \",\n\t\t\t\t\"acceptedAnswer\": {\n\t\t\t\t\t\"@type\": \"Answer\",\n\t\t\t\t\t\"text\": \"<p>Cz\u0119\u015b\u0107 praktyczna to praca z urz\u0105dzeniem. Kursant pod okiem do\u015bwiadczonego szkoleniowca uczy si\u0119 obs\u0142ugi urz\u0105dzenia, wymiany cz\u0119\u015bci i p\u0142yn\u00f3w oraz prawid\u0142owej i bezpiecznej eksploatacji \u017curawia. Zadaniem naszych instruktor\u00f3w jest nauka pod k\u0105tem praktycznego zastosowania nabytej wiedzy, ale tak\u017ce rozwianie wszelkich w\u0105tpliwo\u015bci kursanta na temat obs\u0142ugi urz\u0105dzenia.<\/p>\"\n\t\t\t\t\t\t\t\t\t}\n\t\t\t}\n\t\t\t,\t\t\t\t{\n\t\t\t\t\"@type\": \"Question\",\n\t\t\t\t\"name\": \"3. Jakie wymagania ma o\u015brodek szkoleniowy wzgl\u0119dem przysz\u0142ych kursant\u00f3w? \",\n\t\t\t\t\"acceptedAnswer\": {\n\t\t\t\t\t\"@type\": \"Answer\",\n\t\t\t\t\t\"text\": \"<p>Kandydat na kursanta musi by\u0107 pe\u0142noletni i posiada\u0107 minimum podstawowe wykszta\u0142cenie. Niezb\u0119dne jest tak\u017ce za\u015bwiadczenie lekarskie o braku przeciwwskaza\u0144 do pracy operatora b\u0105d\u017a konserwatora urz\u0105dze\u0144 UDT.&nbsp;<\/p>\"\n\t\t\t\t\t\t\t\t\t}\n\t\t\t}\n\t\t\t,\t\t\t\t{\n\t\t\t\t\"@type\": \"Question\",\n\t\t\t\t\"name\": \"4. Czy prowadzone s\u0105 zaj\u0119cia zamkni\u0119te? \",\n\t\t\t\t\"acceptedAnswer\": {\n\t\t\t\t\t\"@type\": \"Answer\",\n\t\t\t\t\t\"text\": \"<p>Tak, firmom oraz grupom zorganizowanym oferujemy szkolenia zamkni\u0119te. Wystarczy skontaktowa\u0107 si\u0119 z nami w celu ustalenia szczeg\u00f3\u0142\u00f3w szkolenia, m.in. terminu i miejsca, w kt\u00f3rym mamy poprowadzi\u0107 ca\u0142y program kursu. Istnieje mo\u017cliwo\u015b\u0107 jej przeprowadzenia na urz\u0105dzeniu Klienta.&nbsp;<\/p>\"\n\t\t\t\t\t\t\t\t\t}\n\t\t\t}\n\t\t\t\t\t\t]\n\t}\n<\/script>\n","protected":false},"excerpt":{"rendered":"<p>Zapraszamy na szkolenie na operatora \u017curawi szynowych Jako O\u015brodek Szkolenia Operator\u00f3w posiadamy ponad 15 lat do\u015bwiadczenia w prowadzeniu kurs\u00f3w zawodowych. Nasza szeroka oferta szkole\u0144 zawiera przygotowanie m.in. do zawodu operatora \u017curawi szynowych i egzaminu certyfikuj\u0105cego, przeprowadzanego przez Urz\u0105d Dozoru Technicznego. Nasza kadra szkoleniowa to wieloletni fachowcy, kt\u00f3rzy ch\u0119tnie dziel\u0105 si\u0119 swoj\u0105 wiedz\u0105 i do\u015bwiadczeniem. Od [&hellip;]<\/p>\n","protected":false},"author":10,"featured_media":3603,"parent":2266,"menu_order":0,"comment_status":"closed","ping_status":"closed","template":"","meta":{"footnotes":""},"class_list":["post-3602","page","type-page","status-publish","has-post-thumbnail","hentry"],"aioseo_notices":[],"_links":{"self":[{"href":"https:\/\/szkolenia-udt.pl\/de\/wp-json\/wp\/v2\/pages\/3602","targetHints":{"allow":["GET"]}}],"collection":[{"href":"https:\/\/szkolenia-udt.pl\/de\/wp-json\/wp\/v2\/pages"}],"about":[{"href":"https:\/\/szkolenia-udt.pl\/de\/wp-json\/wp\/v2\/types\/page"}],"author":[{"embeddable":true,"href":"https:\/\/szkolenia-udt.pl\/de\/wp-json\/wp\/v2\/users\/10"}],"replies":[{"embeddable":true,"href":"https:\/\/szkolenia-udt.pl\/de\/wp-json\/wp\/v2\/comments?post=3602"}],"version-history":[{"count":17,"href":"https:\/\/szkolenia-udt.pl\/de\/wp-json\/wp\/v2\/pages\/3602\/revisions"}],"predecessor-version":[{"id":4253,"href":"https:\/\/szkolenia-udt.pl\/de\/wp-json\/wp\/v2\/pages\/3602\/revisions\/4253"}],"up":[{"embeddable":true,"href":"https:\/\/szkolenia-udt.pl\/de\/wp-json\/wp\/v2\/pages\/2266"}],"wp:featuredmedia":[{"embeddable":true,"href":"https:\/\/szkolenia-udt.pl\/de\/wp-json\/wp\/v2\/media\/3603"}],"wp:attachment":[{"href":"https:\/\/szkolenia-udt.pl\/de\/wp-json\/wp\/v2\/media?parent=3602"}],"curies":[{"name":"wp","href":"https:\/\/api.w.org\/{rel}","templated":true}]}}