{"id":361,"date":"2014-10-09T17:19:21","date_gmt":"2014-10-09T17:19:21","guid":{"rendered":"http:\/\/szkolenia-udt.pl\/?page_id=361"},"modified":"2023-12-11T00:59:20","modified_gmt":"2023-12-10T23:59:20","slug":"teleskoplader","status":"publish","type":"page","link":"https:\/\/szkolenia-udt.pl\/de\/kursy\/uprawnienia-udt-tdt-wdt\/ladowarki-teleskopowe\/","title":{"rendered":"Teleskoplader"},"content":{"rendered":"<h2>Kurse f\u00fcr Teleskoplader - Warschau und ganz Polen<\/h2>\n<div style=\"float: left; padding-right: 10px;\"><div id=\"metaslider-id-388\" style=\"max-width: 300px;\" class=\"ml-slider-3-107-0 metaslider metaslider-flex metaslider-388 ml-slider ms-theme-default nav-hidden\" role=\"region\" aria-label=\"Teleskoplader\" data-height=\"225\" data-width=\"300\">\n    <div id=\"metaslider_container_388\">\n        <div id=\"metaslider_388\">\n            <ul class='slides'>\n                <li style=\"display: block; width: 100%;\" class=\"slide-702 ms-image\" aria-roledescription=\"slide\" data-date=\"2014-10-12 11:29:19\" data-filename=\"O\u015brodek-szkolenia-operator\u00f3w1.jpg\" data-slide-type=\"image\"><img loading=\"lazy\" decoding=\"async\" src=\"https:\/\/szkolenia-udt.pl\/wp-content\/uploads\/2014\/10\/O\u015brodek-szkolenia-operator\u00f3w1.jpg\" height=\"225\" width=\"300\" alt=\"Lader-Kurse\" class=\"slider-388 slide-702 msDefaultImage\" \/><\/li>\n                <li style=\"display: none; width: 100%;\" class=\"slide-699 ms-image\" aria-roledescription=\"slide\" data-date=\"2014-10-12 11:29:17\" data-filename=\"Kurs-\u0142adowarka-teleskopowa.jpg\" data-slide-type=\"image\"><img loading=\"lazy\" decoding=\"async\" src=\"https:\/\/szkolenia-udt.pl\/wp-content\/uploads\/2014\/10\/Kurs-\u0142adowarka-teleskopowa.jpg\" height=\"225\" width=\"300\" alt=\"\" class=\"slider-388 slide-699 msDefaultImage\" \/><\/li>\n                <li style=\"display: none; width: 100%;\" class=\"slide-701 ms-image\" aria-roledescription=\"slide\" data-date=\"2014-10-12 11:29:19\" data-filename=\"OSO-Warszawa3.jpg\" data-slide-type=\"image\"><img loading=\"lazy\" decoding=\"async\" src=\"https:\/\/szkolenia-udt.pl\/wp-content\/uploads\/2014\/10\/OSO-Warszawa3.jpg\" height=\"225\" width=\"300\" alt=\"\" class=\"slider-388 slide-701 msDefaultImage\" \/><\/li>\n                <li style=\"display: none; width: 100%;\" class=\"slide-700 ms-image\" aria-roledescription=\"slide\" data-date=\"2014-10-12 11:29:18\" data-filename=\"Kursy-oraz-szkolenia-uprawnienia-udt.jpg\" data-slide-type=\"image\"><img loading=\"lazy\" decoding=\"async\" src=\"https:\/\/szkolenia-udt.pl\/wp-content\/uploads\/2014\/10\/Kursy-oraz-szkolenia-uprawnienia-udt.jpg\" height=\"225\" width=\"300\" alt=\"Udt-Ausbildung\" class=\"slider-388 slide-700 msDefaultImage\" \/><\/li>\n                <li style=\"display: none; width: 100%;\" class=\"slide-1207 ms-image\" aria-roledescription=\"slide\" data-date=\"2014-11-17 21:42:14\" data-filename=\"\u0142adowarka-teles3a.jpg\" data-slide-type=\"image\"><img loading=\"lazy\" decoding=\"async\" src=\"https:\/\/szkolenia-udt.pl\/wp-content\/uploads\/2014\/11\/\u0142adowarka-teles3a.jpg\" height=\"225\" width=\"300\" alt=\"\" class=\"slider-388 slide-1207 msDefaultImage\" \/><\/li>\n            <\/ul>\n        <\/div>\n        \n    <\/div>\n<\/div><\/div>\n<div class=\"wyjustuj\">Der Kurs f\u00fcr Teleskoplader findet statt in <a href=\"https:\/\/szkolenia-udt.pl\/de\/o-firmie\/\">Schulungszentrum f\u00fcr Bediener<\/a> ist ein Angebot, das sich an alle richtet, die die notwendigen Qualifikationen f\u00fcr die Arbeit als Bediener dieser Art von Ger\u00e4ten erwerben m\u00f6chten. Als Ausbildungsbetrieb mit Erfahrung garantieren wir, dass sich unser Laderkurs lohnt!<\/div>\n<h2 class=\"wyjustuj boldnagl\"><strong>Verwendung der Ausr\u00fcstung<\/strong><\/h2>\n<div class=\"wyjustuj\">\n<p>Der Teleskoplader mit variabler Reichweite ist ein spezieller Gabelstapler, der vor allem f\u00fcr Transportarbeiten auf Baustellen und in der Landwirtschaft eingesetzt wird. Dank seiner Konstruktion und Leistung kann er gr\u00f6\u00dfere Gegenst\u00e4nde transportieren als herk\u00f6mmliche Gabelstapler. Es wird unter anderem f\u00fcr die Manipulation von Gegenst\u00e4nden wie Stahlkonstruktionen, Betonelementen, Zuschlagstoffen, Holz, Stroh und anderen verwendet. Zu den bekanntesten Herstellern dieser Art von Ger\u00e4ten geh\u00f6ren: Manitou, JCB, Merlo, New Holland, Dieci oder Case. Um das Ger\u00e4t zu bedienen, muss der Bediener einen Bef\u00e4higungsnachweis besitzen.<\/p>\n<h2 class=\"boldnagl\"><strong>Zweck der Ausbildung<\/strong><\/h2>\n<p>Die Kurse f\u00fcr Teleskoplader sind so konzipiert, dass die Teilnehmer umfassende Kenntnisse erwerben. Der Unterricht vermittelt theoretische Kenntnisse und praktische Fertigkeiten f\u00fcr die Bedienung von Ger\u00e4ten der Kategorie I WJO - Spezialgabelstapler, einschlie\u00dflich Stapler mit variabler Reichweite, oder Teleskopstapler.<\/p>\n<p>Dank uns k\u00f6nnen Sie sich zu einem g\u00fcnstigen Preis und mit der Gewissheit einer Ausbildung durch kompetentes Personal qualifizieren. Die Qualit\u00e4t der Ausbildung hat f\u00fcr uns seit Jahren Priorit\u00e4t, was sich auch an der Zufriedenheit unserer Kunden zeigt.<\/p>\n<h2 class=\"boldnagl\"><strong>Programm<\/strong><\/h2>\n<p>Unsere Teleskoplader-Kurse sind so konzipiert, dass die Teilnehmer umfassende Kenntnisse \u00fcber die Bedienung der Maschine erhalten. Unser Ziel ist es, nicht nur zu lehren, um die Pr\u00fcfung zu bestehen, sondern auch hilfreiche Ratschl\u00e4ge zu geben, die im Arbeitsalltag n\u00fctzlich sind, damit dieser sicher und reibungslos verl\u00e4uft. Aus diesem Grund wird jede von uns organisierte Schulung von einer Person geleitet, die \u00fcber eine hohe Kompetenz und Erfahrung in der Ausbildung und in ihrem Beruf verf\u00fcgt. Die Programme werden auf der Grundlage der UDT-Leitlinien und der neuesten Gesetzgebung entwickelt.<\/p>\n<h3 class=\"boldnagl\"><strong>Die Kurse \u00fcber Teleskoplader - mit variabler Reichweite basieren auf den folgenden Informationen:<\/strong><\/h3>\n<ul>\n<li>Arten von Ger\u00e4ten und ihre Konstruktion<\/li>\n<li>technische \u00dcberwachung<\/li>\n<li>T\u00e4tigkeiten des Ger\u00e4tef\u00fchrers vor, w\u00e4hrend und nach der Aufgabe<\/li>\n<li>Grundlagen der Ladungswissenschaft<\/li>\n<li>zus\u00e4tzliche Ausr\u00fcstung Zubeh\u00f6r<\/li>\n<li>Konstruktion und Betrieb von Gasflaschen<\/li>\n<li>Gesundheit und Sicherheit am Arbeitsplatz<\/li>\n<\/ul>\n<p>Die Schulung umfasst auch praktische \u00dcbungen an Ger\u00e4ten. Bei geschlossenen Kursen ist es m\u00f6glich, Themen einzubeziehen, die mit den Besonderheiten des Arbeitsplatzes der Arbeitnehmer zusammenh\u00e4ngen.<\/p>\n<div style=\"float: left; padding-right: 10px;\"><div id=\"metaslider-id-388\" style=\"max-width: 300px;\" class=\"ml-slider-3-107-0 metaslider metaslider-flex metaslider-388 ml-slider ms-theme-default nav-hidden nav-hidden\" role=\"region\" aria-label=\"Teleskoplader\" data-height=\"225\" data-width=\"300\">\n    <div id=\"metaslider_container_388\">\n        <div id=\"metaslider_388\">\n            <ul class='slides'>\n                <li style=\"display: block; width: 100%;\" class=\"slide-702 ms-image\" aria-roledescription=\"slide\" data-date=\"2014-10-12 11:29:19\" data-filename=\"O\u015brodek-szkolenia-operator\u00f3w1.jpg\" data-slide-type=\"image\"><img loading=\"lazy\" decoding=\"async\" src=\"https:\/\/szkolenia-udt.pl\/wp-content\/uploads\/2014\/10\/O\u015brodek-szkolenia-operator\u00f3w1.jpg\" height=\"225\" width=\"300\" alt=\"Lader-Kurse\" class=\"slider-388 slide-702 msDefaultImage\" \/><\/li>\n                <li style=\"display: none; width: 100%;\" class=\"slide-699 ms-image\" aria-roledescription=\"slide\" data-date=\"2014-10-12 11:29:17\" data-filename=\"Kurs-\u0142adowarka-teleskopowa.jpg\" data-slide-type=\"image\"><img loading=\"lazy\" decoding=\"async\" src=\"https:\/\/szkolenia-udt.pl\/wp-content\/uploads\/2014\/10\/Kurs-\u0142adowarka-teleskopowa.jpg\" height=\"225\" width=\"300\" alt=\"\" class=\"slider-388 slide-699 msDefaultImage\" \/><\/li>\n                <li style=\"display: none; width: 100%;\" class=\"slide-701 ms-image\" aria-roledescription=\"slide\" data-date=\"2014-10-12 11:29:19\" data-filename=\"OSO-Warszawa3.jpg\" data-slide-type=\"image\"><img loading=\"lazy\" decoding=\"async\" src=\"https:\/\/szkolenia-udt.pl\/wp-content\/uploads\/2014\/10\/OSO-Warszawa3.jpg\" height=\"225\" width=\"300\" alt=\"\" class=\"slider-388 slide-701 msDefaultImage\" \/><\/li>\n                <li style=\"display: none; width: 100%;\" class=\"slide-700 ms-image\" aria-roledescription=\"slide\" data-date=\"2014-10-12 11:29:18\" data-filename=\"Kursy-oraz-szkolenia-uprawnienia-udt.jpg\" data-slide-type=\"image\"><img loading=\"lazy\" decoding=\"async\" src=\"https:\/\/szkolenia-udt.pl\/wp-content\/uploads\/2014\/10\/Kursy-oraz-szkolenia-uprawnienia-udt.jpg\" height=\"225\" width=\"300\" alt=\"Udt-Ausbildung\" class=\"slider-388 slide-700 msDefaultImage\" \/><\/li>\n                <li style=\"display: none; width: 100%;\" class=\"slide-1207 ms-image\" aria-roledescription=\"slide\" data-date=\"2014-11-17 21:42:14\" data-filename=\"\u0142adowarka-teles3a.jpg\" data-slide-type=\"image\"><img loading=\"lazy\" decoding=\"async\" src=\"https:\/\/szkolenia-udt.pl\/wp-content\/uploads\/2014\/11\/\u0142adowarka-teles3a.jpg\" height=\"225\" width=\"300\" alt=\"\" class=\"slider-388 slide-1207 msDefaultImage\" \/><\/li>\n            <\/ul>\n        <\/div>\n        \n    <\/div>\n<\/div><\/div>\n<h3 class=\"boldnagl\"><strong>Berechtigungen<\/strong><\/h3>\n<p>Zur Erlangung des Bef\u00e4higungsnachweises muss der Auszubildende zun\u00e4chst einen Kurs \u00fcber Teleskoplader besuchen und anschlie\u00dfend eine Pr\u00fcfung vor einem Ausschuss des Technischen \u00dcberwachungsvereins ablegen. Nach dem Bestehen erh\u00e4lt er oder sie das entsprechende Zertifikat und ist berechtigt, als Maschinenf\u00fchrer zu arbeiten. Diese sind in Polen und in den L\u00e4ndern der Europ\u00e4ischen Union 5 Jahre lang g\u00fcltig. Es ist m\u00f6glich, Dokumente in anderen Sprachen auszustellen.<\/p>\n<h3 class=\"boldnagl\"><strong>Bedingungen f\u00fcr die Zulassung<\/strong><\/h3>\n<p>Loader-Kurse sind f\u00fcr diejenigen verf\u00fcgbar, die:<\/p>\n<ul>\n<li>mindestens 18 Jahre alt sind<\/li>\n<li>mindestens einen Grundschulabschluss haben<\/li>\n<li>keine Kontraindikationen f\u00fcr die Arbeit als Ger\u00e4tef\u00fchrer haben<\/li>\n<\/ul>\n<p>Der Verladerkurs wird sowohl in offener als auch in geschlossener Form organisiert. Den Zeitplan f\u00fcr die kommenden offenen Kurse, die allen Interessierten offen stehen, finden Sie in unserem Zeitplan. Im Falle von geschlossenen Kursen organisieren wir diese zu einem f\u00fcr den Kunden g\u00fcnstigen Zeitpunkt, auch in seinen R\u00e4umlichkeiten.<\/p>\n<p><a href=\"https:\/\/szkolenia-udt.pl\/de\/oferta\/\">Preis der Ausbildung<\/a> wird je nach der Anzahl der Teilnehmer individuell festgelegt. Unsere Preisliste enth\u00e4lt den h\u00f6chst- und niedrigstm\u00f6glichen Betrag f\u00fcr die Inanspruchnahme des Dienstes. Es k\u00f6nnen maximal 15 Personen an dem Kurs teilnehmen.<\/p>\n<p>Der Unterricht findet in unseren Niederlassungen in den folgenden St\u00e4dten statt: Warschau, Krakau, Kattowitz und Bielsko-Biala. Wir k\u00f6nnen sie auch an jedem vom Kunden angegebenen Ort in Polen organisieren.<\/p>\n<p>Wir stehen jederzeit f\u00fcr Fragen zur Verf\u00fcgung. Wir ermutigen Sie zu <a href=\"https:\/\/szkolenia-udt.pl\/de\/kontakt\/\">Kontaktieren Sie uns<\/a> per E-Mail, Telefon oder pers\u00f6nlich in einer unserer Filialen. Unsere Mitarbeiter erstellen ein individuelles Angebot f\u00fcr Sie und beantworten alle Ihre Fragen.<\/p>\n<\/div>","protected":false},"excerpt":{"rendered":"<p>Kursy na \u0142adowarki teleskopowe &#8211; Warszawa i ca\u0142a Polska Kurs na \u0142adowark\u0119 teleskopow\u0105 odbywaj\u0105cy si\u0119 w O\u015brodku Szkolenia Operator\u00f3w to oferta skierowana do ka\u017cdego, kto chcia\u0142by uzyska\u0107 niezb\u0119dne uprawnienia do pracy na stanowisku operatora urz\u0105dze\u0144 tego typu. Jako firma szkoleniowa z do\u015bwiadczeniem gwarantujemy, \u017ce nasz kurs na \u0142adowark\u0119 b\u0119dzie dobr\u0105 inwestycj\u0105! Zastosowanie sprz\u0119tu \u0141adowarka ze [&hellip;]<\/p>\n","protected":false},"author":3,"featured_media":702,"parent":2266,"menu_order":0,"comment_status":"closed","ping_status":"closed","template":"","meta":{"footnotes":""},"class_list":["post-361","page","type-page","status-publish","has-post-thumbnail","hentry"],"aioseo_notices":[],"_links":{"self":[{"href":"https:\/\/szkolenia-udt.pl\/de\/wp-json\/wp\/v2\/pages\/361","targetHints":{"allow":["GET"]}}],"collection":[{"href":"https:\/\/szkolenia-udt.pl\/de\/wp-json\/wp\/v2\/pages"}],"about":[{"href":"https:\/\/szkolenia-udt.pl\/de\/wp-json\/wp\/v2\/types\/page"}],"author":[{"embeddable":true,"href":"https:\/\/szkolenia-udt.pl\/de\/wp-json\/wp\/v2\/users\/3"}],"replies":[{"embeddable":true,"href":"https:\/\/szkolenia-udt.pl\/de\/wp-json\/wp\/v2\/comments?post=361"}],"version-history":[{"count":18,"href":"https:\/\/szkolenia-udt.pl\/de\/wp-json\/wp\/v2\/pages\/361\/revisions"}],"predecessor-version":[{"id":3257,"href":"https:\/\/szkolenia-udt.pl\/de\/wp-json\/wp\/v2\/pages\/361\/revisions\/3257"}],"up":[{"embeddable":true,"href":"https:\/\/szkolenia-udt.pl\/de\/wp-json\/wp\/v2\/pages\/2266"}],"wp:featuredmedia":[{"embeddable":true,"href":"https:\/\/szkolenia-udt.pl\/de\/wp-json\/wp\/v2\/media\/702"}],"wp:attachment":[{"href":"https:\/\/szkolenia-udt.pl\/de\/wp-json\/wp\/v2\/media?parent=361"}],"curies":[{"name":"wp","href":"https:\/\/api.w.org\/{rel}","templated":true}]}}