{"id":366,"date":"2014-10-09T17:25:31","date_gmt":"2014-10-09T17:25:31","guid":{"rendered":"http:\/\/szkolenia-udt.pl\/?page_id=366"},"modified":"2022-09-01T22:20:46","modified_gmt":"2022-09-01T20:20:46","slug":"teleskoplader-mit-variabler-reichweite","status":"publish","type":"page","link":"https:\/\/szkolenia-udt.pl\/de\/dzwignice\/ladowarki-teleskopowe-ze-zmiennym-wysiegiem\/","title":{"rendered":"Teleskoplader"},"content":{"rendered":"<div style=\"float: left; padding-right: 10px;\"><div id=\"metaslider-id-388\" style=\"max-width: 300px;\" class=\"ml-slider-3-108-0 metaslider metaslider-flex metaslider-388 ml-slider ms-theme-default nav-hidden\" role=\"region\" aria-label=\"Teleskoplader\" data-height=\"225\" data-width=\"300\">\n    <div id=\"metaslider_container_388\">\n        <div id=\"metaslider_388\">\n            <ul class='slides'>\n                <li style=\"display: block; width: 100%;\" class=\"slide-702 ms-image\" aria-roledescription=\"slide\" data-date=\"2014-10-12 11:29:19\" data-filename=\"O\u015brodek-szkolenia-operator\u00f3w1.jpg\" data-slide-type=\"image\"><img loading=\"lazy\" decoding=\"async\" src=\"https:\/\/szkolenia-udt.pl\/wp-content\/uploads\/2014\/10\/O\u015brodek-szkolenia-operator\u00f3w1.jpg\" height=\"225\" width=\"300\" alt=\"Lader-Kurse\" class=\"slider-388 slide-702 msDefaultImage\" \/><\/li>\n                <li style=\"display: none; width: 100%;\" class=\"slide-699 ms-image\" aria-roledescription=\"slide\" data-date=\"2014-10-12 11:29:17\" data-filename=\"Kurs-\u0142adowarka-teleskopowa.jpg\" data-slide-type=\"image\"><img loading=\"lazy\" decoding=\"async\" src=\"https:\/\/szkolenia-udt.pl\/wp-content\/uploads\/2014\/10\/Kurs-\u0142adowarka-teleskopowa.jpg\" height=\"225\" width=\"300\" alt=\"\" class=\"slider-388 slide-699 msDefaultImage\" \/><\/li>\n                <li style=\"display: none; width: 100%;\" class=\"slide-701 ms-image\" aria-roledescription=\"slide\" data-date=\"2014-10-12 11:29:19\" data-filename=\"OSO-Warszawa3.jpg\" data-slide-type=\"image\"><img loading=\"lazy\" decoding=\"async\" src=\"https:\/\/szkolenia-udt.pl\/wp-content\/uploads\/2014\/10\/OSO-Warszawa3.jpg\" height=\"225\" width=\"300\" alt=\"\" class=\"slider-388 slide-701 msDefaultImage\" \/><\/li>\n                <li style=\"display: none; width: 100%;\" class=\"slide-700 ms-image\" aria-roledescription=\"slide\" data-date=\"2014-10-12 11:29:18\" data-filename=\"Kursy-oraz-szkolenia-uprawnienia-udt.jpg\" data-slide-type=\"image\"><img loading=\"lazy\" decoding=\"async\" src=\"https:\/\/szkolenia-udt.pl\/wp-content\/uploads\/2014\/10\/Kursy-oraz-szkolenia-uprawnienia-udt.jpg\" height=\"225\" width=\"300\" alt=\"Udt-Ausbildung\" class=\"slider-388 slide-700 msDefaultImage\" \/><\/li>\n                <li style=\"display: none; width: 100%;\" class=\"slide-1207 ms-image\" aria-roledescription=\"slide\" data-date=\"2014-11-17 21:42:14\" data-filename=\"\u0142adowarka-teles3a.jpg\" data-slide-type=\"image\"><img loading=\"lazy\" decoding=\"async\" src=\"https:\/\/szkolenia-udt.pl\/wp-content\/uploads\/2014\/11\/\u0142adowarka-teles3a.jpg\" height=\"225\" width=\"300\" alt=\"\" class=\"slider-388 slide-1207 msDefaultImage\" \/><\/li>\n            <\/ul>\n        <\/div>\n        \n    <\/div>\n<\/div><\/div>\n<div class=\"wyjustuj\">Lader werden h\u00e4ufig bei Transportarbeiten eingesetzt. Teleskopstapler - mit ihrer variablen Reichweite - fallen in diese Kategorie und werden h\u00e4ufig im Baugewerbe und in der Landwirtschaft eingesetzt. Die moderne Ausr\u00fcstung erm\u00f6glicht eine sichere und schnellere Durchf\u00fchrung der Arbeiten. Um diese Maschinen bedienen zu k\u00f6nnen, ben\u00f6tigen Sie einen Teleskopladerkurs und eine entsprechende Genehmigung des Technischen \u00dcberwachungsamtes.<\/div>\n<h2 class=\"wyjustuj\"><strong>Grundlegende Informationen<\/strong><\/h2>\n<p class=\"wyjustuj\">Ein Telehandler - ein Lader mit variabler Reichweite - ist ein spezieller Gabelstapler. Zu den beliebten Herstellern dieser Art von Ger\u00e4ten geh\u00f6ren: Dieci, Manitou, Merlo, New Holland, Case, JCB. Die Modelle werden in verschiedenen Varianten und mit zus\u00e4tzlichen Anbauger\u00e4ten angeboten, so dass sie breit einsetzbar sind und an vielen Arbeitspl\u00e4tzen zum Einsatz kommen. Dieser Ger\u00e4tetyp unterscheidet sich durch seine Bauweise von Standard-Gabelstaplern. Sie sind mit speziellen Anbauger\u00e4ten ausgestattet, mit denen sie gr\u00f6\u00dfere und schwerere Gegenst\u00e4nde und Materialien handhaben k\u00f6nnen. Sie haben leistungsst\u00e4rkere Motoren, ihre Kabine ist zus\u00e4tzlich gesch\u00fctzt, um den Fahrer vor Unf\u00e4llen zu bewahren, und sie sind mit einem speziellen Antrieb und Reifen ausgestattet, so dass sie sich auf den meisten, auch schwierigen Untergr\u00fcnden bewegen k\u00f6nnen. Durch die besondere Konstruktion und Leistung werden diese Maschinen dort eingesetzt, wo normale Gabelstapler nicht einsetzbar sind und ein Spezialstapler ben\u00f6tigt wird.<\/p>\n<h3 class=\"boldnagl\"><strong>Anmeldung<\/strong><\/h3>\n<p>Lader werden h\u00e4ufig im Baugewerbe und in der Landwirtschaft eingesetzt. Sie werden mit einer Vielzahl von Anbauger\u00e4ten geliefert, mit denen sie viele Aufgaben erf\u00fcllen k\u00f6nnen. Sie werden u. a. f\u00fcr Erdarbeiten und den Transport von Erde und Zuschlagstoffen verschiedener Art, f\u00fcr den Transport von Stahlkonstruktionen, Betonelementen sowie Dung, Stroh und Holz eingesetzt. Dar\u00fcber hinaus werden die Ger\u00e4te in der Lagerbranche zum Be- und Entladen von Paletten, Big-Bags und Boxpaletten eingesetzt. Durch die Anbringung von Personenk\u00f6rben an den Wagen ist es m\u00f6glich, diese als Lifter zu verwenden.<\/p>\n<h3 class=\"boldnagl\"><strong>Arten von Ausr\u00fcstung<\/strong><\/h3>\n<p><strong>Es gibt zwei Arten von Ger\u00e4ten, je nach ihrer Bauart:<\/strong><\/p>\n<ul>\n<li>starr, frontmontiert - die Fahrerkabine ist starr auf dem Maschinenrahmen angebracht. Die Ausleger werden von der rechten Seite des Fahrzeugs aus gef\u00fchrt. Die Ger\u00e4te k\u00f6nnen mit Seitenst\u00fctzen ausgestattet werden. Ihre durchschnittliche Tragf\u00e4higkeit liegt zwischen 1,5 und 20 Tonnen bei einer maximalen Reichweite von 20 Metern.<\/li>\n<li>Rotary - haben einen schwenkbaren Kopf, mit dem die Fahrerkabine neu positioniert und der Ausleger um 360 Grad auf der Maschinenplattform verschoben werden kann. Im Durchschnitt haben sie eine Hubkapazit\u00e4t von 3 bis 5 Tonnen und eine maximale Reichweite von 30 Metern.<\/li>\n<\/ul>\n<h3 class=\"boldnagl\"><strong>Service Learning<\/strong><\/h3>\n<p>Um das Ger\u00e4t bedienen zu k\u00f6nnen, ben\u00f6tigen Sie einen Teleskopladerkurs. Um mit den beschriebenen Ger\u00e4ten arbeiten zu k\u00f6nnen, m\u00fcssen Sie in der WJO-Kategorie I f\u00fcr Spezialstapler qualifiziert sein. Sie k\u00f6nnen nicht von Personen benutzt werden, die f\u00fcr andere Arten von Gabelstaplern zugelassen sind. Die Grundvoraussetzung ist die Teilnahme an einer Schulung in einem zertifizierten Zentrum. Um an der Ausbildung teilzunehmen, m\u00fcssen Sie vollj\u00e4hrig sein, mindestens eine Grundschulausbildung haben und keine medizinischen Gegenanzeigen f\u00fcr die Arbeit als Bediener haben.<\/p>\n<div style=\"float: left; padding-right: 10px;\"><div id=\"metaslider-id-704\" style=\"max-width: 300px;\" class=\"ml-slider-3-108-0 metaslider metaslider-flex metaslider-704 ml-slider ms-theme-default nav-hidden nav-hidden\" role=\"region\" aria-label=\"Teleskoplader2\" data-height=\"225\" data-width=\"300\">\n    <div id=\"metaslider_container_704\">\n        <div id=\"metaslider_704\">\n            <ul class='slides'>\n                <li style=\"display: block; width: 100%;\" class=\"slide-713 ms-image\" aria-roledescription=\"slide\" data-date=\"2014-10-12 11:48:49\" data-filename=\"foto-\u0142adowarka.jpg\" data-slide-type=\"image\"><img loading=\"lazy\" decoding=\"async\" src=\"https:\/\/szkolenia-udt.pl\/wp-content\/uploads\/2014\/10\/foto-\u0142adowarka.jpg\" height=\"225\" width=\"300\" alt=\"Kurse Teleskoplader\" class=\"slider-704 slide-713 msDefaultImage\" \/><\/li>\n                <li style=\"display: none; width: 100%;\" class=\"slide-715 ms-image\" aria-roledescription=\"slide\" data-date=\"2014-10-12 11:48:51\" data-filename=\"kursy-\u0142adowarki2.jpg\" data-slide-type=\"image\"><img loading=\"lazy\" decoding=\"async\" src=\"https:\/\/szkolenia-udt.pl\/wp-content\/uploads\/2014\/10\/kursy-\u0142adowarki2.jpg\" height=\"225\" width=\"300\" alt=\"Schulungszentrum f\u00fcr Bediener Warschau\" class=\"slider-704 slide-715 msDefaultImage\" \/><\/li>\n                <li style=\"display: none; width: 100%;\" class=\"slide-717 ms-image\" aria-roledescription=\"slide\" data-date=\"2014-10-12 11:48:53\" data-filename=\"OSO-Warszawa4.jpg\" data-slide-type=\"image\"><img loading=\"lazy\" decoding=\"async\" src=\"https:\/\/szkolenia-udt.pl\/wp-content\/uploads\/2014\/10\/OSO-Warszawa4.jpg\" height=\"225\" width=\"300\" alt=\"\" class=\"slider-704 slide-717 msDefaultImage\" \/><\/li>\n                <li style=\"display: none; width: 100%;\" class=\"slide-718 ms-image\" aria-roledescription=\"slide\" data-date=\"2014-10-12 11:48:53\" data-filename=\"zdj\u0119cie-\u0142adowarka-teleskopowa.jpg\" data-slide-type=\"image\"><img loading=\"lazy\" decoding=\"async\" src=\"https:\/\/szkolenia-udt.pl\/wp-content\/uploads\/2014\/10\/zdj\u0119cie-\u0142adowarka-teleskopowa.jpg\" height=\"225\" width=\"300\" alt=\"Kurse und Schulungen f\u00fcr Teleskoplader\" class=\"slider-704 slide-718 msDefaultImage\" \/><\/li>\n                <li style=\"display: none; width: 100%;\" class=\"slide-714 ms-image\" aria-roledescription=\"slide\" data-date=\"2014-10-12 11:48:50\" data-filename=\"kursy-\u0142adowarki.jpg\" data-slide-type=\"image\"><img loading=\"lazy\" decoding=\"async\" src=\"https:\/\/szkolenia-udt.pl\/wp-content\/uploads\/2014\/10\/kursy-\u0142adowarki.jpg\" height=\"225\" width=\"300\" alt=\"\" class=\"slider-704 slide-714 msDefaultImage\" \/><\/li>\n            <\/ul>\n        <\/div>\n        \n    <\/div>\n<\/div><\/div>\n<p>Die Schulung vermittelt den Teilnehmern theoretische Informationen \u00fcber die Bedienung der Ger\u00e4te, Gesundheits- und Sicherheitsvorschriften und andere Kenntnisse, die f\u00fcr eine sichere Arbeit erforderlich sind. Die Schulung umfasst auch praktische \u00dcbungen. Am Ende des Kurses legt der Teilnehmer eine Pr\u00fcfung vor einer Kommission des Technischen \u00dcberwachungsamtes ab. Wenn der Teilnehmer die Pr\u00fcfung besteht, erh\u00e4lt er ein Zertifikat und eine Lizenz, die f\u00fcnf Jahre lang g\u00fcltig ist.<\/p>\n<p>In unserem <a href=\"https:\/\/szkolenia-udt.pl\/de\/o-firmie\/\">Schulungszentrum f\u00fcr Bediener<\/a> Wir bieten professionelle Schulungen f\u00fcr Bediener von Ladern mit variabler Reichweite - Teleskoplader. Der Unterricht findet an vier Orten in Polen statt: Warschau, Krakau, Kattowitz, Bielsko-Bia\u0142a sowie in ganz Polen mit Reisen zu den Kunden. <a href=\"https:\/\/szkolenia-udt.pl\/de\/oferta\/\">Preisliste<\/a> h\u00e4ngt von der Anzahl der Teilnehmer an den Kursen ab.<\/p>\n<p><a href=\"https:\/\/szkolenia-udt.pl\/de\/kontakt\/\">Sie sind herzlich eingeladen<\/a> auf <a href=\"https:\/\/szkolenia-udt.pl\/de\/kursy\/uprawnienia-udt-tdt-wdt\/ladowarki-teleskopowe\/\">Kurse f\u00fcr Teleskoplader<\/a> zu unserem Operator Training Centre!<\/p>","protected":false},"excerpt":{"rendered":"<p>\u0141adowarki s\u0105 powszechnie wykorzystywanymi w pracach transportowych urz\u0105dzeniami. \u0141adowarki teleskopowe \u2013 ze zmiennym wysi\u0119giem nale\u017c\u0105 do tej kategorii i znajduj\u0105 szerokie zastosowanie w pracach w bran\u017cy budowniczej oraz rolniczej. Nowoczesne sprz\u0119ty pozwalaj\u0105 na bezpieczne i znacznie szybsze wykonywanie prac. Do ich obs\u0142ugi potrzebny jest kurs na \u0142adowark\u0119 teleskopow\u0105 i odpowiednie uprawnienia nadawane przez UDT. Podstawowe [&hellip;]<\/p>\n","protected":false},"author":3,"featured_media":0,"parent":69,"menu_order":0,"comment_status":"closed","ping_status":"closed","template":"","meta":{"footnotes":""},"class_list":["post-366","page","type-page","status-publish","hentry"],"aioseo_notices":[],"_links":{"self":[{"href":"https:\/\/szkolenia-udt.pl\/de\/wp-json\/wp\/v2\/pages\/366","targetHints":{"allow":["GET"]}}],"collection":[{"href":"https:\/\/szkolenia-udt.pl\/de\/wp-json\/wp\/v2\/pages"}],"about":[{"href":"https:\/\/szkolenia-udt.pl\/de\/wp-json\/wp\/v2\/types\/page"}],"author":[{"embeddable":true,"href":"https:\/\/szkolenia-udt.pl\/de\/wp-json\/wp\/v2\/users\/3"}],"replies":[{"embeddable":true,"href":"https:\/\/szkolenia-udt.pl\/de\/wp-json\/wp\/v2\/comments?post=366"}],"version-history":[{"count":13,"href":"https:\/\/szkolenia-udt.pl\/de\/wp-json\/wp\/v2\/pages\/366\/revisions"}],"predecessor-version":[{"id":3258,"href":"https:\/\/szkolenia-udt.pl\/de\/wp-json\/wp\/v2\/pages\/366\/revisions\/3258"}],"up":[{"embeddable":true,"href":"https:\/\/szkolenia-udt.pl\/de\/wp-json\/wp\/v2\/pages\/69"}],"wp:attachment":[{"href":"https:\/\/szkolenia-udt.pl\/de\/wp-json\/wp\/v2\/media?parent=366"}],"curies":[{"name":"wp","href":"https:\/\/api.w.org\/{rel}","templated":true}]}}