{"id":37,"date":"2014-10-07T16:20:56","date_gmt":"2014-10-07T16:20:56","guid":{"rendered":"http:\/\/szkolenia-udt.pl\/?page_id=37"},"modified":"2016-07-05T20:02:46","modified_gmt":"2016-07-05T20:02:46","slug":"udt-anspruche","status":"publish","type":"page","link":"https:\/\/szkolenia-udt.pl\/de\/uprawnienia-udt\/","title":{"rendered":"UDT-Qualifikationen"},"content":{"rendered":"<h3>Mit uns erhalten Sie Ihre UDT-Genehmigungen - in Warschau und in ganz Polen.<\/h3>\n<div class=\"wyjustuj\">Das Amt f\u00fcr technische \u00dcberwachung (UDT) ist eine staatliche Einrichtung mit Sitz in Warschau, deren Aufgabe es ist, die Sicherheit von Anlagen und technischen Ger\u00e4ten zu kontrollieren, die der technischen \u00dcberwachung unterliegen. Es handelt sich um eine Einrichtung, die Ausbildungs- und Zertifizierungsma\u00dfnahmen durchf\u00fchrt und \u00fcber eigene Forschungs- und Facheinrichtungen verf\u00fcgt.<strong>T\u00e4tigkeitsbereich des Amtes f\u00fcr technische \u00dcberwachung:<\/strong><\/p>\n<ul>\n<li>die \u00dcberwachung und Kontrolle der Einhaltung der technischen \u00dcberwachungsvorschriften und anderer anwendbarer Vorschriften<\/li>\n<li>Durchf\u00fchrung der technischen \u00dcberwachung der in den Vorschriften aufgef\u00fchrten Ger\u00e4te<\/li>\n<li>Erlass von Entscheidungen \u00fcber die technische \u00dcberwachung<\/li>\n<li>Aufnahme der technischen Ausr\u00fcstung<\/li>\n<li>Analyse der Ursachen und Auswirkungen von Sch\u00e4den an Ger\u00e4ten und deren Risikobewertung<\/li>\n<li>Motivation zur Verbesserung der F\u00e4higkeiten von Nutzern und Herstellern bei der Arbeit mit Ger\u00e4ten<\/li>\n<li>Vorbereitung und Vereinbarung von Programmen f\u00fcr UDT-Kurse<\/li>\n<li>\u00dcberpr\u00fcfung der Qualifikationen der Mitarbeiter, Erteilung von UDT-Genehmigungen<\/li>\n<\/ul>\n<p>Alle Personen, die an Ger\u00e4ten wie Br\u00fcckenkr\u00e4nen, Kr\u00e4nen, Kr\u00e4nen, HDS, Gabelstaplern, Raupenstaplern, Absetzkr\u00e4nen und Seilbahnen, Containerumschlag- und Abf\u00fcllanlagen oder mobilen Arbeitsb\u00fchnen arbeiten wollen, werden vom Technischen \u00dcberwachungsverein zertifiziert. Eine Person, die als Bediener der oben genannten Ger\u00e4te arbeitet, aber keine UTD-Bescheinigung vorweisen kann, macht sich f\u00fcr den Arbeitgeber strafbar.<\/p>\n<div style=\"float: left; padding-right: 10px;\"><div id=\"metaslider-id-625\" style=\"max-width: 300px;\" class=\"ml-slider-3-107-0 metaslider metaslider-flex metaslider-625 ml-slider ms-theme-default nav-hidden\" role=\"region\" aria-label=\"Berechtigungen\" data-height=\"225\" data-width=\"300\">\n    <div id=\"metaslider_container_625\">\n        <div id=\"metaslider_625\">\n            <ul class='slides'>\n                <li style=\"display: block; width: 100%;\" class=\"slide-540 ms-image\" aria-roledescription=\"slide\" data-date=\"2014-10-11 16:42:06\" data-filename=\"170AETJL_BI_NRJ_045.jpg\" data-slide-type=\"image\"><img loading=\"lazy\" decoding=\"async\" src=\"https:\/\/szkolenia-udt.pl\/wp-content\/uploads\/2014\/10\/170AETJL_BI_NRJ_045.jpg\" height=\"225\" width=\"300\" alt=\"Kurse und Schulungen \" class=\"slider-625 slide-540 msDefaultImage\" \/><\/li>\n                <li style=\"display: none; width: 100%;\" class=\"slide-1109 ms-image\" aria-roledescription=\"slide\" data-date=\"2014-11-12 13:56:05\" data-filename=\"bizness3a.jpg\" data-slide-type=\"image\"><img loading=\"lazy\" decoding=\"async\" src=\"https:\/\/szkolenia-udt.pl\/wp-content\/uploads\/2014\/11\/bizness3a.jpg\" height=\"225\" width=\"300\" alt=\"Ausbildung\" class=\"slider-625 slide-1109 msDefaultImage\" \/><\/li>\n                <li style=\"display: none; width: 100%;\" class=\"slide-1105 ms-image\" aria-roledescription=\"slide\" data-date=\"2014-11-12 13:56:03\" data-filename=\"biznes4a.jpg\" data-slide-type=\"image\"><img loading=\"lazy\" decoding=\"async\" src=\"https:\/\/szkolenia-udt.pl\/wp-content\/uploads\/2014\/11\/biznes4a.jpg\" height=\"225\" width=\"300\" alt=\"\" class=\"slider-625 slide-1105 msDefaultImage\" \/><\/li>\n                <li style=\"display: none; width: 100%;\" class=\"slide-1104 ms-image\" aria-roledescription=\"slide\" data-date=\"2014-11-12 13:56:02\" data-filename=\"biznes1a.jpg\" data-slide-type=\"image\"><img loading=\"lazy\" decoding=\"async\" src=\"https:\/\/szkolenia-udt.pl\/wp-content\/uploads\/2014\/11\/biznes1a.jpg\" height=\"225\" width=\"300\" alt=\"\" class=\"slider-625 slide-1104 msDefaultImage\" \/><\/li>\n                <li style=\"display: none; width: 100%;\" class=\"slide-1112 ms-image\" aria-roledescription=\"slide\" data-date=\"2014-11-12 14:10:23\" data-filename=\"engeneer2.jpg\" data-slide-type=\"image\"><img loading=\"lazy\" decoding=\"async\" src=\"https:\/\/szkolenia-udt.pl\/wp-content\/uploads\/2014\/11\/engeneer2.jpg\" height=\"225\" width=\"300\" alt=\"\" class=\"slider-625 slide-1112 msDefaultImage\" \/><\/li>\n            <\/ul>\n        <\/div>\n        \n    <\/div>\n<\/div><\/div>\n<p>Um eine UDT-Lizenz zu erhalten, ist es notwendig, an einem Ausbildungskurs teilzunehmen. UDT-Kurse werden in ganz Polen von Berufsbildungseinrichtungen durchgef\u00fchrt. Solche <a href=\"https:\/\/szkolenia-udt.pl\/de\/kursy\/uprawnienia-udt-tdt-wdt\/szkolenia-z-zakresu-udt\/\">UDT-Kurs<\/a> sollte von einer zertifizierten Einrichtung organisiert werden, die mit der Beh\u00f6rde zusammenarbeitet. Die Einrichtung muss den Unterricht entsprechend den Anforderungen der Beh\u00f6rde in Form von Theorie und praktischen \u00dcbungen durchf\u00fchren. <a href=\"https:\/\/szkolenia-udt.pl\/de\/kursy\/szkolenie-audytorskie-udt\/\">UDT-Ausbildung<\/a> bereitet Sie auf eine Pr\u00fcfung vor, die vor einem aus Mitgliedern der Beh\u00f6rde bestehenden Ausschuss abgelegt wird. Die Pr\u00fcfungen erfolgen in der Regel in Form einer schriftlichen oder m\u00fcndlichen Pr\u00fcfung. Die Bedingungen f\u00fcr das Bestehen der Pr\u00fcfung h\u00e4ngen von der Art des Anspruchs ab, den der Teilnehmer beantragt. Weitere Informationen sind bei den Ausbildungseinrichtungen oder beim Amt erh\u00e4ltlich.<\/p>\n<p><strong>Rechtsgrundlage:<\/strong><\/p>\n<ul>\n<li>Gesetz vom 21. Dezember 2000 \u00fcber die technische \u00dcberwachung (Gesetzblatt Nr. 122, Pos. 1321, mit \u00c4nderungen).<\/li>\n<li>Verordnung des Wirtschaftsministers \u00fcber die Art und Weise der \u00dcberpr\u00fcfung der f\u00fcr den Betrieb und die Wartung von technischen Anlagen erforderlichen Qualifikationen vom 18. Juli 2001 (GBl. Nr. 79, Pos. 849), ge\u00e4ndert durch die Verordnung vom 20. Februar 2003 (GBl. Nr. 50, Pos. 426), erlassen auf der Grundlage von Artikel 23 Absatz 5 des Gesetzes \u00fcber die technische \u00dcberwachung.<\/li>\n<\/ul>\n<p>Jeder, der sich f\u00fcr den Erwerb einer UDT-Lizenz interessiert <a href=\"https:\/\/szkolenia-udt.pl\/de\/kontakt\/\">herzlich willkommen<\/a> zu unserem Operator Training Centre. Wir arbeiten mit der Beh\u00f6rde zusammen und bieten Lehrlingsausbildungen f\u00fcr Ger\u00e4tef\u00fchrer an. Bei uns k\u00f6nnen Sie unter anderem Qualifikationen f\u00fcr Hubarbeitsb\u00fchnen, Scherenb\u00fchnen und Krane erwerben, <a href=\"https:\/\/szkolenia-udt.pl\/de\/kursy\/wozki-widlowe\/\">Gabelstaplerschein<\/a>Kr\u00e4ne. Wir f\u00fchren den Unterricht in St\u00e4dten wie Warschau, Krakau, Kattowitz und Bielsko-Bia\u0142a durch, wo sich unsere Zentren befinden, aber wir k\u00f6nnen ihn auch direkt beim Kunden durchf\u00fchren. Wir bieten geschlossene Kurse (f\u00fcr organisierte Gruppen) und offene Kurse (f\u00fcr alle Interessierten) an. Wir garantieren niedrige Preise!<\/p>\n<p>Sie sind herzlich eingeladen, an UDT-Schulungen in unserem Zentrum teilzunehmen!<\/p>\n<\/div>","protected":false},"excerpt":{"rendered":"<p>Z nami zdob\u0119dziesz Uprawnienia UDT &#8211; Warszawa i ca\u0142a Polska Urz\u0105d Dozoru Technicznego (UDT) to pa\u0144stwowa instytucja z siedzib\u0105 w Warszawie, kt\u00f3rej celem jest kontrola bezpiecze\u0144stwa instalacji i urz\u0105dze\u0144 technicznych podlegaj\u0105cych dozorowi technicznemu. Jest jednostk\u0105 prowadz\u0105c\u0105 dzia\u0142alno\u015b\u0107 szkoleniow\u0105, certyfikacyjn\u0105, posiadaj\u0105c\u0105 w\u0142asne zaplecze badawczo-ekspertyzowe.Zakres dzia\u0142ania Urz\u0119du Dozoru Technicznego: prowadzenie nadzoru i kontroli w zwi\u0105zku z przestrzeganiem [&hellip;]<\/p>\n","protected":false},"author":3,"featured_media":0,"parent":0,"menu_order":3,"comment_status":"closed","ping_status":"closed","template":"","meta":{"footnotes":""},"class_list":["post-37","page","type-page","status-publish","hentry"],"aioseo_notices":[],"_links":{"self":[{"href":"https:\/\/szkolenia-udt.pl\/de\/wp-json\/wp\/v2\/pages\/37","targetHints":{"allow":["GET"]}}],"collection":[{"href":"https:\/\/szkolenia-udt.pl\/de\/wp-json\/wp\/v2\/pages"}],"about":[{"href":"https:\/\/szkolenia-udt.pl\/de\/wp-json\/wp\/v2\/types\/page"}],"author":[{"embeddable":true,"href":"https:\/\/szkolenia-udt.pl\/de\/wp-json\/wp\/v2\/users\/3"}],"replies":[{"embeddable":true,"href":"https:\/\/szkolenia-udt.pl\/de\/wp-json\/wp\/v2\/comments?post=37"}],"version-history":[{"count":9,"href":"https:\/\/szkolenia-udt.pl\/de\/wp-json\/wp\/v2\/pages\/37\/revisions"}],"predecessor-version":[{"id":1667,"href":"https:\/\/szkolenia-udt.pl\/de\/wp-json\/wp\/v2\/pages\/37\/revisions\/1667"}],"wp:attachment":[{"href":"https:\/\/szkolenia-udt.pl\/de\/wp-json\/wp\/v2\/media?parent=37"}],"curies":[{"name":"wp","href":"https:\/\/api.w.org\/{rel}","templated":true}]}}