{"id":3886,"date":"2023-03-08T16:39:04","date_gmt":"2023-03-08T15:39:04","guid":{"rendered":"https:\/\/szkolenia-udt.pl\/?page_id=3886"},"modified":"2023-03-09T11:44:04","modified_gmt":"2023-03-09T10:44:04","slug":"maler-sandstrahler","status":"publish","type":"page","link":"https:\/\/szkolenia-udt.pl\/de\/kursy\/onshore-i-offshore\/malarz-piaskarz\/","title":{"rendered":"Ausbildung zum\/zur Maler\/in und Sandstrahler\/in"},"content":{"rendered":"<div class=\"wp-block-image\">\n<figure class=\"alignright size-large is-resized\"><a href=\"https:\/\/szkolenia-udt.pl\/wp-content\/uploads\/2023\/03\/screen_2x-34.jpg\"><img loading=\"lazy\" decoding=\"async\" src=\"https:\/\/szkolenia-udt.pl\/wp-content\/uploads\/2023\/03\/screen_2x-34-1024x683.jpg\" alt=\"malarz-piaskarz podczas pracy przy polerowaniu\" class=\"wp-image-3888\" width=\"512\" height=\"342\" srcset=\"https:\/\/szkolenia-udt.pl\/wp-content\/uploads\/2023\/03\/screen_2x-34-1024x683.jpg 1024w, https:\/\/szkolenia-udt.pl\/wp-content\/uploads\/2023\/03\/screen_2x-34-300x200.jpg 300w, https:\/\/szkolenia-udt.pl\/wp-content\/uploads\/2023\/03\/screen_2x-34-768x512.jpg 768w, https:\/\/szkolenia-udt.pl\/wp-content\/uploads\/2023\/03\/screen_2x-34-1536x1024.jpg 1536w, https:\/\/szkolenia-udt.pl\/wp-content\/uploads\/2023\/03\/screen_2x-34-18x12.jpg 18w, https:\/\/szkolenia-udt.pl\/wp-content\/uploads\/2023\/03\/screen_2x-34.jpg 1600w\" sizes=\"auto, (max-width: 512px) 100vw, 512px\" \/><\/a><\/figure>\n<\/div>\n\n\n<h2 class=\"wp-block-heading\">Cel szkolenia malarz piaskarz onshore i offshore<\/h2>\n\n\n\n<p>G\u0142\u00f3wnym celem szkolenia OSO na malarza piaskarza jest zapoznanie kursant\u00f3w z elementarnymi zagadnieniami z zakresu:&nbsp;<\/p>\n\n\n\n<ul class=\"wp-block-list\">\n<li>zachodzenia proces\u00f3w antykorozyjnych,&nbsp;<\/li>\n\n\n\n<li>aplikowania antykorozyjnych pow\u0142ok malarskich,&nbsp;<\/li>\n\n\n\n<li>wykonywania prac konserwatorskich, ochronnych oraz malarskich.&nbsp;<\/li>\n<\/ul>\n\n\n\n<p>Po uko\u0144czeniu szkolenia kursanci zdob\u0119d\u0105 certyfikat NORSOK M \u2013 501, kt\u00f3ry honorowany jest na terenie Unii Europejskiej i umo\u017cliwia prac\u0119 za platformach wiertniczych w jej obr\u0119bie.&nbsp;<\/p>\n\n\n\n<h2 class=\"wp-block-heading\">Program szkolenia&nbsp;<\/h2>\n\n\n\n<p>W programie szkolenia OSO z zakresu <a href=\"https:\/\/szkolenia-udt.pl\/de\/kursy\/onshore-i-offshore\/\">offshore<\/a> i onshore: malarz piaskarz przewidziano podzielenie kursu na cz\u0119\u015b\u0107 praktyczn\u0105 i cz\u0119\u015b\u0107 teoretyczn\u0105. <\/p>\n\n\n<div class=\"wp-block-image\">\n<figure class=\"alignleft size-large is-resized\"><a href=\"https:\/\/szkolenia-udt.pl\/wp-content\/uploads\/2023\/03\/s2-27.jpg\"><img loading=\"lazy\" decoding=\"async\" src=\"https:\/\/szkolenia-udt.pl\/wp-content\/uploads\/2023\/03\/s2-27-682x1024.jpg\" alt=\"malarz piaskarz w pracy\" class=\"wp-image-3889\" width=\"341\" height=\"512\" srcset=\"https:\/\/szkolenia-udt.pl\/wp-content\/uploads\/2023\/03\/s2-27-682x1024.jpg 682w, https:\/\/szkolenia-udt.pl\/wp-content\/uploads\/2023\/03\/s2-27-200x300.jpg 200w, https:\/\/szkolenia-udt.pl\/wp-content\/uploads\/2023\/03\/s2-27-768x1154.jpg 768w, https:\/\/szkolenia-udt.pl\/wp-content\/uploads\/2023\/03\/s2-27-1022x1536.jpg 1022w, https:\/\/szkolenia-udt.pl\/wp-content\/uploads\/2023\/03\/s2-27-8x12.jpg 8w, https:\/\/szkolenia-udt.pl\/wp-content\/uploads\/2023\/03\/s2-27.jpg 1065w\" sizes=\"auto, (max-width: 341px) 100vw, 341px\" \/><\/a><\/figure>\n<\/div>\n\n\n<h3 class=\"wp-block-heading\">W cz\u0119\u015bci wyk\u0142adowej kursanci poznaj\u0105:&nbsp;<\/h3>\n\n\n\n<ul class=\"wp-block-list\">\n<li>metody aplikacji farb,&nbsp;<\/li>\n\n\n\n<li>\u015brodki ochrony bezpo\u015bredniej \u2013 odzie\u017c robocza,&nbsp;<\/li>\n\n\n\n<li>zasady \u0142\u0105czenia farb dwusk\u0142adnikowych,&nbsp;<\/li>\n\n\n\n<li>\u015brodki chemiczne stosowane w przemy\u015ble malarskim,&nbsp;<\/li>\n\n\n\n<li>przepisy prawne i zasady BHP.&nbsp;&nbsp;<\/li>\n<\/ul>\n\n\n\n<h3 class=\"wp-block-heading\">W cz\u0119\u015bci praktycznej uczestnicy mog\u0105 zapozna\u0107 si\u0119 z:&nbsp;&nbsp;<\/h3>\n\n\n\n<ul class=\"wp-block-list\">\n<li>przygotowywaniem pow\u0142ok pod malowanie,&nbsp;<\/li>\n\n\n\n<li>zabezpieczeniami antykorozyjnymi stosowanymi na platformach wydobywczych,&nbsp;<\/li>\n\n\n\n<li>malowaniem technik\u0105 r\u0119czn\u0105 i natryskow\u0105,&nbsp;<\/li>\n\n\n\n<li>oczyszczeniem i przygotowaniem materia\u0142u przed polerowaniem,&nbsp;<\/li>\n\n\n\n<li>mieszaniem i rozcie\u0144czaniem odpowiednich farb,&nbsp;<\/li>\n\n\n\n<li>konserwacj\u0105 urz\u0105dze\u0144 malarskich i polerskich,&nbsp;<\/li>\n\n\n\n<li>fachow\u0105 ocen\u0105 jako\u015bci pow\u0142ok malarskich.&nbsp;<\/li>\n<\/ul>\n\n\n\n<p>Szkolenie prowadzone jest zar\u00f3wno dla nowicjuszy w bran\u017cy, jak i do\u015bwiadczonych pracownik\u00f3w, kt\u00f3rzy chc\u0105 poszerzy\u0107 swoje kompetencje do pracy o now\u0105 wiedz\u0119, lub zaktualizowa\u0107 certyfikat NORSOK M \u2013501.&nbsp;<\/p>\n\n\n\n<h2 class=\"wp-block-heading\">Certyfikat NORSOK M \u2013 501&nbsp;<\/h2>\n\n\n\n<p>Egzamin uko\u0144czony z wynikiem pozytywnym zezwala na otrzymanie certyfikatu NORSOK M \u2013 501. Uprawnienia te s\u0105 uznawane w obr\u0119bie Unii Europejskiej i pozwalaj\u0105 na prac\u0119 na platformach wiertniczych. <\/p>\n\n\n<div class=\"wp-block-image\">\n<figure class=\"alignright size-large is-resized\"><a href=\"https:\/\/szkolenia-udt.pl\/wp-content\/uploads\/2023\/03\/s2-28.jpg\"><img loading=\"lazy\" decoding=\"async\" src=\"https:\/\/szkolenia-udt.pl\/wp-content\/uploads\/2023\/03\/s2-28-1018x1024.jpg\" alt=\"Kurs praktyczny na malarza piaskarza\" class=\"wp-image-3890\" width=\"437\" height=\"440\" srcset=\"https:\/\/szkolenia-udt.pl\/wp-content\/uploads\/2023\/03\/s2-28-1018x1024.jpg 1018w, https:\/\/szkolenia-udt.pl\/wp-content\/uploads\/2023\/03\/s2-28-298x300.jpg 298w, https:\/\/szkolenia-udt.pl\/wp-content\/uploads\/2023\/03\/s2-28-150x150.jpg 150w, https:\/\/szkolenia-udt.pl\/wp-content\/uploads\/2023\/03\/s2-28-768x773.jpg 768w, https:\/\/szkolenia-udt.pl\/wp-content\/uploads\/2023\/03\/s2-28-1526x1536.jpg 1526w, https:\/\/szkolenia-udt.pl\/wp-content\/uploads\/2023\/03\/s2-28-12x12.jpg 12w, https:\/\/szkolenia-udt.pl\/wp-content\/uploads\/2023\/03\/s2-28.jpg 1590w\" sizes=\"auto, (max-width: 437px) 100vw, 437px\" \/><\/a><\/figure>\n<\/div>\n\n\n<p>Najcz\u0119\u015bciej wybieranym kierunkiem w bran\u017cy jest Norwegia \u2013 praca w obr\u0119bie Morza Norweskiego.&nbsp;<\/p>\n\n\n\n<h2 class=\"wp-block-heading\">Gdzie prowadzimy szkolenia?<\/h2>\n\n\n\n<p>Kursy prowadzone s\u0105 na terenie ca\u0142ej Polski \u2013 na \u017cyczenie klienta, r\u00f3wnie\u017c z dojazdem. Mo\u017cna te\u017c uda\u0107 si\u0119 do naszej g\u0142\u00f3wnej filii w Warszawie. Szkolimy pojedyncze jednostki i grupy na kursach w trybie otwartym i zamkni\u0119tym.&nbsp;<\/p>\n\n\n\n<h2 class=\"wp-block-heading\">Warunki dla kursant\u00f3w<\/h2>\n\n\n\n<p>By przyst\u0105pi\u0107 do kursu malarz piaskarz w bran\u017cy offshore i onshore nale\u017cy:&nbsp;<\/p>\n\n\n\n<ul class=\"wp-block-list\">\n<li>by\u0107 pe\u0142noletnim,<\/li>\n\n\n\n<li>nie posiada\u0107 przeciwwskaza\u0144 lekarskich do wykonywania zawodu,<\/li>\n\n\n\n<li>mie\u0107 podstawowe wykszta\u0142cenie (minimum).<\/li>\n<\/ul>\n\n\n\n<p>Osoby zainteresowane naszym szkoleniem na stanowisko malarz \u2013 piaskarz zapraszamy do kontaktu.<\/p>\n\n\n\n<h2 class=\"wp-block-heading\">Pytania i odpowiedzi:<\/h2>\n\n\n\t\t<details\t\thelp class=\"sc_fs_faq sc_card    \"\n\t\topen\t\t>\n\t\t\t\t\t<summary>\n\t\t\t\t<h3>1. Czy wiedza i umiej\u0119tno\u015bci zdobyte na szkoleniu pozwol\u0105 na prac\u0119 za granic\u0105?<\/h3>\t\t\t\t\t<\/summary>\n\t\t\t\t<div>\n\t\t\t\t\t\t<div class=\"sc_fs_faq__content\">\n\t\t\t\t\n\n<p>Tak, certyfikat NORSOK M-501 jest honorowany w obr\u0119bie ca\u0142ej Unii Europejskiej<strong>.<\/strong>&nbsp;<\/p>\n\n\t\t\t<\/div>\n\t\t<\/div>\n\t\t<\/details>\n\t\t\t\t<details\t\thelp class=\"sc_fs_faq sc_card    \"\n\t\t\t\t>\n\t\t\t\t\t<summary>\n\t\t\t\t<h3>2. Jakie warunki musz\u0119 spe\u0142ni\u0107 by przyst\u0105pi\u0107 do kursu? <\/h3>\t\t\t\t\t<\/summary>\n\t\t\t\t<div>\n\t\t\t\t\t\t<div class=\"sc_fs_faq__content\">\n\t\t\t\t\n\n<p>By zosta\u0107 naszym kursantem powiniene\u015b: mie\u0107 uko\u0144czone 18 lat, mie\u0107 podstawowe wykszta\u0142cenie oraz nie posiada\u0107 przeciwwskaza\u0144 lekarza medycyny pracy do wykonywania zawodu.<\/p>\n\n\t\t\t<\/div>\n\t\t<\/div>\n\t\t<\/details>\n\t\t\n<script type=\"application\/ld+json\">\n\t{\n\t\t\"@context\": \"https:\/\/schema.org\",\n\t\t\"@type\": \"FAQPage\",\n\t\t\"mainEntity\": [\n\t\t\t\t\t{\n\t\t\t\t\"@type\": \"Question\",\n\t\t\t\t\"name\": \"1. Czy wiedza i umiej\u0119tno\u015bci zdobyte na szkoleniu pozwol\u0105 na prac\u0119 za granic\u0105?\",\n\t\t\t\t\"acceptedAnswer\": {\n\t\t\t\t\t\"@type\": \"Answer\",\n\t\t\t\t\t\"text\": \"<p>Tak, certyfikat NORSOK M-501 jest honorowany w obr\u0119bie ca\u0142ej Unii Europejskiej<strong>.<\/strong>&nbsp;<\/p>\"\n\t\t\t\t\t\t\t\t\t}\n\t\t\t}\n\t\t\t,\t\t\t\t{\n\t\t\t\t\"@type\": \"Question\",\n\t\t\t\t\"name\": \"2. Jakie warunki musz\u0119 spe\u0142ni\u0107 by przyst\u0105pi\u0107 do kursu? \",\n\t\t\t\t\"acceptedAnswer\": {\n\t\t\t\t\t\"@type\": \"Answer\",\n\t\t\t\t\t\"text\": \"<p>By zosta\u0107 naszym kursantem powiniene\u015b: mie\u0107 uko\u0144czone 18 lat, mie\u0107 podstawowe wykszta\u0142cenie oraz nie posiada\u0107 przeciwwskaza\u0144 lekarza medycyny pracy do wykonywania zawodu.<\/p>\"\n\t\t\t\t\t\t\t\t\t}\n\t\t\t}\n\t\t\t\t\t\t]\n\t}\n<\/script>\n","protected":false},"excerpt":{"rendered":"<p>Cel szkolenia malarz piaskarz onshore i offshore G\u0142\u00f3wnym celem szkolenia OSO na malarza piaskarza jest zapoznanie kursant\u00f3w z elementarnymi zagadnieniami z zakresu:&nbsp; Po uko\u0144czeniu szkolenia kursanci zdob\u0119d\u0105 certyfikat NORSOK M \u2013 501, kt\u00f3ry honorowany jest na terenie Unii Europejskiej i umo\u017cliwia prac\u0119 za platformach wiertniczych w jej obr\u0119bie.&nbsp; Program szkolenia&nbsp; W programie szkolenia OSO z [&hellip;]<\/p>\n","protected":false},"author":10,"featured_media":3888,"parent":3580,"menu_order":0,"comment_status":"closed","ping_status":"closed","template":"","meta":{"footnotes":""},"class_list":["post-3886","page","type-page","status-publish","has-post-thumbnail","hentry"],"aioseo_notices":[],"_links":{"self":[{"href":"https:\/\/szkolenia-udt.pl\/de\/wp-json\/wp\/v2\/pages\/3886","targetHints":{"allow":["GET"]}}],"collection":[{"href":"https:\/\/szkolenia-udt.pl\/de\/wp-json\/wp\/v2\/pages"}],"about":[{"href":"https:\/\/szkolenia-udt.pl\/de\/wp-json\/wp\/v2\/types\/page"}],"author":[{"embeddable":true,"href":"https:\/\/szkolenia-udt.pl\/de\/wp-json\/wp\/v2\/users\/10"}],"replies":[{"embeddable":true,"href":"https:\/\/szkolenia-udt.pl\/de\/wp-json\/wp\/v2\/comments?post=3886"}],"version-history":[{"count":15,"href":"https:\/\/szkolenia-udt.pl\/de\/wp-json\/wp\/v2\/pages\/3886\/revisions"}],"predecessor-version":[{"id":4329,"href":"https:\/\/szkolenia-udt.pl\/de\/wp-json\/wp\/v2\/pages\/3886\/revisions\/4329"}],"up":[{"embeddable":true,"href":"https:\/\/szkolenia-udt.pl\/de\/wp-json\/wp\/v2\/pages\/3580"}],"wp:featuredmedia":[{"embeddable":true,"href":"https:\/\/szkolenia-udt.pl\/de\/wp-json\/wp\/v2\/media\/3888"}],"wp:attachment":[{"href":"https:\/\/szkolenia-udt.pl\/de\/wp-json\/wp\/v2\/media?parent=3886"}],"curies":[{"name":"wp","href":"https:\/\/api.w.org\/{rel}","templated":true}]}}