{"id":3901,"date":"2023-03-08T16:39:54","date_gmt":"2023-03-08T15:39:54","guid":{"rendered":"https:\/\/szkolenia-udt.pl\/?page_id=3901"},"modified":"2023-03-09T11:49:24","modified_gmt":"2023-03-09T10:49:24","slug":"qualifizierung-von-glasfaserverbindungstechnikern","status":"publish","type":"page","link":"https:\/\/szkolenia-udt.pl\/de\/kursy\/spawanie\/uprawnienia-technika-laczenia-swiatlowodow\/","title":{"rendered":"Qualifikation als Glasfaser-Splei\u00dftechniker\u00a0"},"content":{"rendered":"<div class=\"wp-block-image\">\n<figure class=\"alignright size-large is-resized\"><a href=\"https:\/\/szkolenia-udt.pl\/wp-content\/uploads\/2023\/03\/s2-29.jpg\"><img loading=\"lazy\" decoding=\"async\" src=\"https:\/\/szkolenia-udt.pl\/wp-content\/uploads\/2023\/03\/s2-29-1024x683.jpg\" alt=\"Kable \u015bwiat\u0142owodowe -spawanie\" class=\"wp-image-3903\" width=\"512\" height=\"342\" srcset=\"https:\/\/szkolenia-udt.pl\/wp-content\/uploads\/2023\/03\/s2-29-1024x683.jpg 1024w, https:\/\/szkolenia-udt.pl\/wp-content\/uploads\/2023\/03\/s2-29-300x200.jpg 300w, https:\/\/szkolenia-udt.pl\/wp-content\/uploads\/2023\/03\/s2-29-768x512.jpg 768w, https:\/\/szkolenia-udt.pl\/wp-content\/uploads\/2023\/03\/s2-29-1536x1024.jpg 1536w, https:\/\/szkolenia-udt.pl\/wp-content\/uploads\/2023\/03\/s2-29-18x12.jpg 18w, https:\/\/szkolenia-udt.pl\/wp-content\/uploads\/2023\/03\/s2-29.jpg 1600w\" sizes=\"auto, (max-width: 512px) 100vw, 512px\" \/><\/a><\/figure>\n<\/div>\n\n\n<h2 class=\"wp-block-heading\">Szkolenia w OSO&nbsp;<\/h2>\n\n\n\n<p>Siedziba naszej firmy znajduje si\u0119 w Warszawie, jednak szkolimy od oko\u0142o 20 lat na terenie ca\u0142ej Polski i nie tylko. Oferujemy certyfikowane kursy z zakresu obs\u0142ugi urz\u0105dze\u0144, BHP i PPO\u017b, monta\u017cu rusztowa\u0144, prac wysoko\u015bciowych i spawalniczych.&nbsp;<\/p>\n\n\n\n<p>Posiadamy do\u015bwiadczon\u0105 kadr\u0119 szkoleniowc\u00f3w, kt\u00f3rzy naucz\u0105 Ci\u0119 wszystkiego od podstaw.&nbsp;<\/p>\n\n\n\n<h2 class=\"wp-block-heading\">Zapraszamy na szkolenie&nbsp;na spawacza \u015bwiat\u0142owod\u00f3w<\/h2>\n\n\n\n<p>Zapraszamy na certyfikowany kurs spawacza \u015bwiat\u0142owod\u00f3w. Celem naszego szkolenia jest zapoznanie Ci\u0119 z obowi\u0105zkami spawacza i technikami \u0142\u0105czenia \u015bwiat\u0142owod\u00f3w.&nbsp;<\/p>\n\n\n\n<p>Do kontaktu zapraszamy tak\u017ce firmy i grupy zorganizowane \u2013 zorganizujemy szkolenie zamkni\u0119te, dopasowane do potrzeb klienta.&nbsp;&nbsp;<\/p>\n\n\n\n<h2 class=\"wp-block-heading\">Program szkolenia&nbsp;<\/h2>\n\n\n\n<p>Kurs obejmuje cz\u0119\u015b\u0107 teoretyczn\u0105 i praktyczn\u0105. Poznasz m.in.:&nbsp;<\/p>\n\n\n<div class=\"wp-block-image\">\n<figure class=\"alignright size-large is-resized\"><a href=\"https:\/\/szkolenia-udt.pl\/wp-content\/uploads\/2023\/03\/screen_2x-36.jpg\"><img loading=\"lazy\" decoding=\"async\" src=\"https:\/\/szkolenia-udt.pl\/wp-content\/uploads\/2023\/03\/screen_2x-36-1024x684.jpg\" alt=\"Kursant \u0107wicz\u0105cy spawanie \u015bwiat\u0142owodu \" class=\"wp-image-3904\" width=\"460\" height=\"307\" srcset=\"https:\/\/szkolenia-udt.pl\/wp-content\/uploads\/2023\/03\/screen_2x-36-1024x684.jpg 1024w, https:\/\/szkolenia-udt.pl\/wp-content\/uploads\/2023\/03\/screen_2x-36-300x200.jpg 300w, https:\/\/szkolenia-udt.pl\/wp-content\/uploads\/2023\/03\/screen_2x-36-768x513.jpg 768w, https:\/\/szkolenia-udt.pl\/wp-content\/uploads\/2023\/03\/screen_2x-36-1536x1025.jpg 1536w, https:\/\/szkolenia-udt.pl\/wp-content\/uploads\/2023\/03\/screen_2x-36-18x12.jpg 18w, https:\/\/szkolenia-udt.pl\/wp-content\/uploads\/2023\/03\/screen_2x-36.jpg 1600w\" sizes=\"auto, (max-width: 460px) 100vw, 460px\" \/><\/a><\/figure>\n<\/div>\n\n\n<ul class=\"wp-block-list\">\n<li>zasady BHP i PPO\u017b;&nbsp;<\/li>\n\n\n\n<li>typy w\u0142\u00f3kien optycznych;&nbsp;<\/li>\n\n\n\n<li>parametry w\u0142\u00f3kien \u2013 jednomodowych i wielomodowych;&nbsp;<\/li>\n\n\n\n<li>budow\u0119, rodzaje i zastosowanie z\u0142\u0105czy \u015bwiat\u0142owodowych;&nbsp;<\/li>\n\n\n\n<li>zasady prawid\u0142owego przygotowania kabli, spawarki i osprz\u0119tu;&nbsp;<\/li>\n\n\n\n<li>techniki monta\u017cu kabli \u015bwiat\u0142owodowych;&nbsp;<\/li>\n\n\n\n<li>obs\u0142ug\u0119 spawarki \u015bwiat\u0142owodowej;&nbsp;<\/li>\n\n\n\n<li>typy spawa\u0144;&nbsp;<\/li>\n\n\n\n<li>pomiary kontrolne tor\u00f3w \u015bwiat\u0142owodowych;&nbsp;<\/li>\n\n\n\n<li>normy okre\u015blaj\u0105ce parametry.&nbsp;<\/li>\n<\/ul>\n\n\n\n<p>Podczas \u0107wicze\u0144 zrealizujesz w praktyce nabyt\u0105 wiedz\u0119. Przyst\u0105pisz do przygotowania stanowiska pracy, stripowania w\u0142\u00f3kien, pomiar\u00f3w i wykonywania spaw\u00f3w.&nbsp;<\/p>\n\n\n\n<p>Wszelkie zadania wykonasz pod okiem do\u015bwiadczonego technika.&nbsp;<\/p>\n\n\n\n<p>Po szkoleniu podejdziesz do egzaminu zewn\u0119trznego. Po jego zdaniu uzyskasz odpowiednie kwalifikacje do zawodu.&nbsp;&nbsp;<\/p>\n\n\n<div class=\"wp-block-image\">\n<figure class=\"alignright size-large is-resized\"><a href=\"https:\/\/szkolenia-udt.pl\/wp-content\/uploads\/2023\/03\/screen_2x-37.jpg\"><img loading=\"lazy\" decoding=\"async\" src=\"https:\/\/szkolenia-udt.pl\/wp-content\/uploads\/2023\/03\/screen_2x-37-1024x975.jpg\" alt=\"Szkolenie teoretyczne ze spawania\" class=\"wp-image-3906\" width=\"399\" height=\"380\" srcset=\"https:\/\/szkolenia-udt.pl\/wp-content\/uploads\/2023\/03\/screen_2x-37-1024x975.jpg 1024w, https:\/\/szkolenia-udt.pl\/wp-content\/uploads\/2023\/03\/screen_2x-37-300x286.jpg 300w, https:\/\/szkolenia-udt.pl\/wp-content\/uploads\/2023\/03\/screen_2x-37-768x732.jpg 768w, https:\/\/szkolenia-udt.pl\/wp-content\/uploads\/2023\/03\/screen_2x-37-1536x1463.jpg 1536w, https:\/\/szkolenia-udt.pl\/wp-content\/uploads\/2023\/03\/screen_2x-37-13x12.jpg 13w, https:\/\/szkolenia-udt.pl\/wp-content\/uploads\/2023\/03\/screen_2x-37.jpg 1600w\" sizes=\"auto, (max-width: 399px) 100vw, 399px\" \/><\/a><\/figure>\n<\/div>\n\n\n<h2 class=\"wp-block-heading\">Uprawnienia&nbsp;<\/h2>\n\n\n\n<ul class=\"wp-block-list\">\n<li>Uprawnienia spawalnicze potwierdzone odpowiednim \u015bwiadectwem.&nbsp;<\/li>\n\n\n\n<li>Za\u015bwiadczenie zgodne z Rozporz\u0105dzeniem Ministra Edukacji Narodowej.&nbsp;<\/li>\n<\/ul>\n\n\n\n<h2 class=\"wp-block-heading\">Cena&nbsp;<\/h2>\n\n\n\n<p><a href=\"https:\/\/szkolenia-udt.pl\/de\/kontakt\/\">Skontaktuj si\u0119 z nami<\/a> i poznaj harmonogram <a href=\"https:\/\/szkolenia-udt.pl\/de\/kursy\/\">naszych kurs\u00f3w<\/a>. Oferujemy niskie ceny i dobr\u0105 lokalizacj\u0119. Znajdziesz nas m.in. w:&nbsp;<\/p>\n\n\n\n<div class=\"wp-block-columns is-layout-flex wp-container-core-columns-is-layout-9d6595d7 wp-block-columns-is-layout-flex\">\n<div class=\"wp-block-column is-layout-flow wp-block-column-is-layout-flow\">\n<ul class=\"wp-block-list\">\n<li>Warszawie,&nbsp;<\/li>\n\n\n\n<li>Gda\u0144sku,&nbsp;<\/li>\n\n\n\n<li>Poznaniu,&nbsp;<\/li>\n\n\n\n<li>Szczecinie,&nbsp;<\/li>\n\n\n\n<li>Katowicach,<\/li>\n<\/ul>\n<\/div>\n\n\n\n<div class=\"wp-block-column is-layout-flow wp-block-column-is-layout-flow\">\n<ul class=\"wp-block-list\">\n<li>Wroc\u0142awiu,&nbsp;<\/li>\n\n\n\n<li>\u0141odzi,&nbsp;<\/li>\n\n\n\n<li>Krakowie,&nbsp;<\/li>\n\n\n\n<li>Lublinie,&nbsp;<\/li>\n\n\n\n<li>Bydgoszczy.&nbsp;<\/li>\n<\/ul>\n<\/div>\n<\/div>\n\n\n\n<p>Do kontaktu zach\u0119camy tak\u017ce firmy i grupy zorganizowane, gdy\u017c oferujemy dojazd w um\u00f3wione miejsce, szkolenia w trybie zamkni\u0119tym i dopasowany program kursu. Przewidujemy tak\u017ce atrakcyjne zni\u017cki.&nbsp;&nbsp;<\/p>\n\n\n\n<h2 class=\"wp-block-heading\">Nasze wymagania wzgl\u0119dem przysz\u0142ego kursanta&nbsp;<\/h2>\n\n\n\n<h3 class=\"wp-block-heading\">Aby m\u00f3c zapisa\u0107 si\u0119 na nasze szkolenie musisz:&nbsp;<\/h3>\n\n\n\n<ul class=\"wp-block-list\">\n<li>mie\u0107 uko\u0144czone 18 lat;&nbsp;<\/li>\n\n\n\n<li>posiada\u0107 wykszta\u0142cenie podstawowe (minimum);&nbsp;<\/li>\n\n\n\n<li>wykaza\u0107 za\u015bwiadczenie o braku przeciwwskaza\u0144 do wykonywania zawodu spawacza.&nbsp;<\/li>\n<\/ul>\n\n\n\n<h2 class=\"wp-block-heading\">Spawanie \u015bwiat\u0142owod\u00f3w&nbsp;<\/h2>\n\n\n\n<p>Sie\u0107 \u015bwiat\u0142owodowa rozrasta si\u0119 dynamicznie, dlatego na rynku wci\u0105\u017c jest zapotrzebowanie na technik\u00f3w \u0142\u0105cze\u0144 \u015bwiat\u0142owod\u00f3w.&nbsp;<\/p>\n\n\n\n<p>Spawanie sieci \u015bwiat\u0142owodowych polega na trwa\u0142ym po\u0142\u0105czeniu ze sob\u0105 dw\u00f3ch w\u0142\u00f3kien \u015bwiat\u0142owodowych przy u\u017cyciu spawarki. Nie u\u017cywa si\u0119 do tego dodatkowych element\u00f3w \u0142\u0105cz\u0105cych, lecz stosuje si\u0119 odpowiednie metody. S\u0105 to: tzw. spawy mechaniczne oraz \u0142\u0105cza spawane.&nbsp;&nbsp;<\/p>\n\n\n<div class=\"wp-block-image\">\n<figure class=\"alignright size-large is-resized\"><a href=\"https:\/\/szkolenia-udt.pl\/wp-content\/uploads\/2023\/03\/screen_2x-38.jpg\"><img loading=\"lazy\" decoding=\"async\" src=\"https:\/\/szkolenia-udt.pl\/wp-content\/uploads\/2023\/03\/screen_2x-38-1024x684.jpg\" alt=\"Stripper do w\u0142\u00f3kien \u015bwiat\u0142owodowych\" class=\"wp-image-3905\" width=\"512\" height=\"342\" srcset=\"https:\/\/szkolenia-udt.pl\/wp-content\/uploads\/2023\/03\/screen_2x-38-1024x684.jpg 1024w, https:\/\/szkolenia-udt.pl\/wp-content\/uploads\/2023\/03\/screen_2x-38-300x200.jpg 300w, https:\/\/szkolenia-udt.pl\/wp-content\/uploads\/2023\/03\/screen_2x-38-768x513.jpg 768w, https:\/\/szkolenia-udt.pl\/wp-content\/uploads\/2023\/03\/screen_2x-38-1536x1025.jpg 1536w, https:\/\/szkolenia-udt.pl\/wp-content\/uploads\/2023\/03\/screen_2x-38-18x12.jpg 18w, https:\/\/szkolenia-udt.pl\/wp-content\/uploads\/2023\/03\/screen_2x-38.jpg 1600w\" sizes=\"auto, (max-width: 512px) 100vw, 512px\" \/><\/a><\/figure>\n<\/div>\n\n\n<h2 class=\"wp-block-heading\">Przebieg \u0142\u0105czenia \u015bwiat\u0142owod\u00f3w&nbsp;<\/h2>\n\n\n\n<h3 class=\"wp-block-heading\">Do zada\u0144 spawacza \u015bwiat\u0142owod\u00f3w nale\u017cy:&nbsp;<\/h3>\n\n\n\n<ul class=\"wp-block-list\">\n<li>usuni\u0119cie warstwy ochronnej w\u0142\u00f3kna;&nbsp;<\/li>\n\n\n\n<li>oczyszczenie alkoholem i przeci\u0119cie;&nbsp;<\/li>\n\n\n\n<li>umieszczenie \u015bwiat\u0142owod\u00f3w w spawarce, kt\u00f3ra doprowadza je do topnienia poprzez generowany elektrodami \u2013 \u0142uk elektryczny;&nbsp;<\/li>\n\n\n\n<li>ostatnim krokiem jest doci\u015bni\u0119cie \u015bwiat\u0142owod\u00f3w i sprawdzenie wytrzyma\u0142o\u015bci spawu.&nbsp;<\/li>\n<\/ul>\n\n\n\n<p>Poza wykonywaniem spaw\u00f3w, technik musi tak\u017ce odpowiednio zadba\u0107 o stanowisko pracy i sprz\u0119t. Szczeg\u00f3ln\u0105 uwag\u0119 nale\u017cy skupi\u0107 na soczewkach spawarki, elektrodach i v \u2013 rowkach, by parametry nie zosta\u0142y zmienione. W przeciwnym razie praca nie b\u0119dzie przebiega\u0107 prawid\u0142owo i zostan\u0105 poniesione spore straty.&nbsp;&nbsp;<\/p>\n\n\n\n<h2 class=\"wp-block-heading\">Rodzaje w\u0142\u00f3kien \u015bwiat\u0142owodowych&nbsp;<\/h2>\n\n\n\n<h3 class=\"wp-block-heading\">\u015awiat\u0142owody, ze wzgl\u0119du na swoj\u0105 budow\u0119, dziel\u0105 si\u0119 na:&nbsp;<\/h3>\n\n\n\n<ul class=\"wp-block-list\">\n<li>p\u0142askie \u2013 zbudowane z warstwy \u015bwiat\u0142owodowej, pod\u0142o\u017ca i pokrycia;&nbsp;<\/li>\n\n\n\n<li>cylindryczne \u2013 zbudowane z p\u0142aszcza zewn\u0119trznego, pow\u0142oki wzmacniaj\u0105cej, p\u0142aszcza lakierowanego, pow\u0142oki lakierowanej, p\u0142aszcza i rdzenia.&nbsp;<\/li>\n<\/ul>\n\n\n\n<h3 class=\"wp-block-heading\">Wyr\u00f3\u017cniamy nast\u0119puj\u0105ce typy \u015bwiat\u0142owod\u00f3w w zale\u017cno\u015bci od budowy rdzenia wzgl\u0119dem p\u0142aszcza:&nbsp;<\/h3>\n\n\n\n<ul class=\"wp-block-list\">\n<li>w\u0142\u00f3kna jednomodowe cienkordzeniowe i grubordzeniowe:&nbsp;<\/li>\n\n\n\n<li>o przesuni\u0119tej dyspersji (G.653),&nbsp;<\/li>\n\n\n\n<li>o nieprzesuni\u0119tej dyspersji (G.652 A,B,C,D),&nbsp;<\/li>\n\n\n\n<li>odporne na zgi\u0119cia (G.657);&nbsp;<\/li>\n\n\n\n<li>w\u0142\u00f3kna wielomodowe;&nbsp;<\/li>\n\n\n\n<li>bezp\u0142aszczowe;&nbsp;<\/li>\n\n\n\n<li>dwuwarstwowe typu W;&nbsp;<\/li>\n\n\n\n<li>cieczowe (liquid core);&nbsp;<\/li>\n\n\n\n<li>stopniowane wkl\u0119s\u0142e i wypuk\u0142e.<\/li>\n<\/ul>\n\n\n\n<h2 class=\"wp-block-heading\">Pytania i odpowiedzi:<\/h2>\n\n\n\t\t<details\t\thelp class=\"sc_fs_faq sc_card    \"\n\t\topen\t\t>\n\t\t\t\t\t<summary>\n\t\t\t\t<h3>1. Co obejmuje szkolenie na spawacza \u015bwiat\u0142owod\u00f3w? <\/h3>\t\t\t\t\t<\/summary>\n\t\t\t\t<div>\n\t\t\t\t\t\t<div class=\"sc_fs_faq__content\">\n\t\t\t\t\n\n<p>Program szkolenia na technika \u0142\u0105czenia \u015bwiat\u0142owod\u00f3w obejmuje teoretyczne i praktyczne przygotowanie. Poznasz m.in. budow\u0119 \u015bwiat\u0142owod\u00f3w, typy i parametry w\u0142\u00f3kien optycznych, zasady przygotowania stanowiska do pracy oraz techniki spawania.<\/p>\n\n\t\t\t<\/div>\n\t\t<\/div>\n\t\t<\/details>\n\t\t\t\t<details\t\thelp class=\"sc_fs_faq sc_card    \"\n\t\t\t\t>\n\t\t\t\t\t<summary>\n\t\t\t\t<h3>2. Jakie warunki musi spe\u0142nia\u0107 kursant? <\/h3>\t\t\t\t\t<\/summary>\n\t\t\t\t<div>\n\t\t\t\t\t\t<div class=\"sc_fs_faq__content\">\n\t\t\t\t\n\n<p>Od przysz\u0142ych kursant\u00f3w oczekujemy pe\u0142noletno\u015bci, minimum podstawowego wykszta\u0142cenia i braku przeciwwskaza\u0144 zdrowotnych do zawody spawacza. Niezb\u0119dne b\u0119d\u0105 tak\u017ce ch\u0119ci do nauki i pozytywne nastawienie.<\/p>\n\n\t\t\t<\/div>\n\t\t<\/div>\n\t\t<\/details>\n\t\t\n<script type=\"application\/ld+json\">\n\t{\n\t\t\"@context\": \"https:\/\/schema.org\",\n\t\t\"@type\": \"FAQPage\",\n\t\t\"mainEntity\": [\n\t\t\t\t\t{\n\t\t\t\t\"@type\": \"Question\",\n\t\t\t\t\"name\": \"1. Co obejmuje szkolenie na spawacza \u015bwiat\u0142owod\u00f3w? \",\n\t\t\t\t\"acceptedAnswer\": {\n\t\t\t\t\t\"@type\": \"Answer\",\n\t\t\t\t\t\"text\": \"<p>Program szkolenia na technika \u0142\u0105czenia \u015bwiat\u0142owod\u00f3w obejmuje teoretyczne i praktyczne przygotowanie. Poznasz m.in. budow\u0119 \u015bwiat\u0142owod\u00f3w, typy i parametry w\u0142\u00f3kien optycznych, zasady przygotowania stanowiska do pracy oraz techniki spawania.<\/p>\"\n\t\t\t\t\t\t\t\t\t}\n\t\t\t}\n\t\t\t,\t\t\t\t{\n\t\t\t\t\"@type\": \"Question\",\n\t\t\t\t\"name\": \"2. Jakie warunki musi spe\u0142nia\u0107 kursant? \",\n\t\t\t\t\"acceptedAnswer\": {\n\t\t\t\t\t\"@type\": \"Answer\",\n\t\t\t\t\t\"text\": \"<p>Od przysz\u0142ych kursant\u00f3w oczekujemy pe\u0142noletno\u015bci, minimum podstawowego wykszta\u0142cenia i braku przeciwwskaza\u0144 zdrowotnych do zawody spawacza. Niezb\u0119dne b\u0119d\u0105 tak\u017ce ch\u0119ci do nauki i pozytywne nastawienie.<\/p>\"\n\t\t\t\t\t\t\t\t\t}\n\t\t\t}\n\t\t\t\t\t\t]\n\t}\n<\/script>\n","protected":false},"excerpt":{"rendered":"<p>Szkolenia w OSO&nbsp; Siedziba naszej firmy znajduje si\u0119 w Warszawie, jednak szkolimy od oko\u0142o 20 lat na terenie ca\u0142ej Polski i nie tylko. Oferujemy certyfikowane kursy z zakresu obs\u0142ugi urz\u0105dze\u0144, BHP i PPO\u017b, monta\u017cu rusztowa\u0144, prac wysoko\u015bciowych i spawalniczych.&nbsp; Posiadamy do\u015bwiadczon\u0105 kadr\u0119 szkoleniowc\u00f3w, kt\u00f3rzy naucz\u0105 Ci\u0119 wszystkiego od podstaw.&nbsp; Zapraszamy na szkolenie&nbsp;na spawacza \u015bwiat\u0142owod\u00f3w Zapraszamy [&hellip;]<\/p>\n","protected":false},"author":10,"featured_media":3903,"parent":2583,"menu_order":0,"comment_status":"closed","ping_status":"closed","template":"","meta":{"footnotes":""},"class_list":["post-3901","page","type-page","status-publish","has-post-thumbnail","hentry"],"aioseo_notices":[],"_links":{"self":[{"href":"https:\/\/szkolenia-udt.pl\/de\/wp-json\/wp\/v2\/pages\/3901","targetHints":{"allow":["GET"]}}],"collection":[{"href":"https:\/\/szkolenia-udt.pl\/de\/wp-json\/wp\/v2\/pages"}],"about":[{"href":"https:\/\/szkolenia-udt.pl\/de\/wp-json\/wp\/v2\/types\/page"}],"author":[{"embeddable":true,"href":"https:\/\/szkolenia-udt.pl\/de\/wp-json\/wp\/v2\/users\/10"}],"replies":[{"embeddable":true,"href":"https:\/\/szkolenia-udt.pl\/de\/wp-json\/wp\/v2\/comments?post=3901"}],"version-history":[{"count":12,"href":"https:\/\/szkolenia-udt.pl\/de\/wp-json\/wp\/v2\/pages\/3901\/revisions"}],"predecessor-version":[{"id":4291,"href":"https:\/\/szkolenia-udt.pl\/de\/wp-json\/wp\/v2\/pages\/3901\/revisions\/4291"}],"up":[{"embeddable":true,"href":"https:\/\/szkolenia-udt.pl\/de\/wp-json\/wp\/v2\/pages\/2583"}],"wp:featuredmedia":[{"embeddable":true,"href":"https:\/\/szkolenia-udt.pl\/de\/wp-json\/wp\/v2\/media\/3903"}],"wp:attachment":[{"href":"https:\/\/szkolenia-udt.pl\/de\/wp-json\/wp\/v2\/media?parent=3901"}],"curies":[{"name":"wp","href":"https:\/\/api.w.org\/{rel}","templated":true}]}}