{"id":3957,"date":"2023-03-08T16:45:47","date_gmt":"2023-03-08T15:45:47","guid":{"rendered":"https:\/\/szkolenia-udt.pl\/?page_id=3957"},"modified":"2023-03-10T13:42:28","modified_gmt":"2023-03-10T12:42:28","slug":"sicherheits-und-gesundheitsschulungen-fur-unternehmensmitarbeiter","status":"publish","type":"page","link":"https:\/\/szkolenia-udt.pl\/de\/kursy\/bhp-ppoz\/szkolenia-bhp-i-ppoz-dla-pracownikow-firm\/","title":{"rendered":"Schulungen zum Arbeitsschutz und zur Brandsicherheit f\u00fcr die Mitarbeiter des Unternehmens"},"content":{"rendered":"<div class=\"wp-block-image\">\n<figure class=\"alignright size-large is-resized\"><a href=\"https:\/\/szkolenia-udt.pl\/wp-content\/uploads\/2023\/03\/screen_2x-53.jpg\"><img loading=\"lazy\" decoding=\"async\" src=\"https:\/\/szkolenia-udt.pl\/wp-content\/uploads\/2023\/03\/screen_2x-53-1024x684.jpg\" alt=\"Szkolenie PPO\u017b\" class=\"wp-image-3983\" width=\"512\" height=\"342\" srcset=\"https:\/\/szkolenia-udt.pl\/wp-content\/uploads\/2023\/03\/screen_2x-53-1024x684.jpg 1024w, https:\/\/szkolenia-udt.pl\/wp-content\/uploads\/2023\/03\/screen_2x-53-300x200.jpg 300w, https:\/\/szkolenia-udt.pl\/wp-content\/uploads\/2023\/03\/screen_2x-53-768x513.jpg 768w, https:\/\/szkolenia-udt.pl\/wp-content\/uploads\/2023\/03\/screen_2x-53-1536x1025.jpg 1536w, https:\/\/szkolenia-udt.pl\/wp-content\/uploads\/2023\/03\/screen_2x-53-18x12.jpg 18w, https:\/\/szkolenia-udt.pl\/wp-content\/uploads\/2023\/03\/screen_2x-53.jpg 1600w\" sizes=\"auto, (max-width: 512px) 100vw, 512px\" \/><\/a><\/figure>\n<\/div>\n\n\n<h2 class=\"wp-block-heading\">Szkolenia BHP i PPO\u017b w OSO<\/h2>\n\n\n\n<p>G\u0142\u00f3wnym za\u0142o\u017ceniem firmy OSO dla cel\u00f3w szkoleniowych jest przekazanie kursantom niezb\u0119dnej wiedzy w zakresie BHP i PPO\u017b. Oferujemy indywidualne podej\u015bcie do ka\u017cdego kursanta zar\u00f3wno w szkoleniu indywidualnym, jak i grupowym. Zaanga\u017cowani szkoleniowcy przeka\u017c\u0105 przysz\u0142ym kursantom wiedz\u0119 i umiej\u0119tno\u015bci praktyczne, poprzez zaj\u0119cia wyk\u0142adowe i praktyczne. Dowiesz si\u0119, jak zapobiega\u0107 niebezpiecznym sytuacjom w zak\u0142adzie pracy oraz jak za\u017cegna\u0107 zagro\u017cenia po\u017carowe. <\/p>\n\n\n\n<p>Poznaj nasz\u0105 ofert\u0119 i zapewnij swoim pracownikom pozbawione ryzyka, bezpieczne miejsce pracy.&nbsp;<\/p>\n\n\n\n<h2 class=\"wp-block-heading\">Dla kogo szkolenia BHP i PO\u017b?&nbsp;<\/h2>\n\n\n\n<p>Opracowali\u015bmy sw\u00f3j program szkoleniowy tak, by s\u0142u\u017cy\u0142 zar\u00f3wno pojedynczym kursantom, jak i grupom. Prowadzimy szkolenia dla os\u00f3b prywatnych i zak\u0142ad\u00f3w pracy. Przedsi\u0119biorstwa w Polsce s\u0105 zobligowane do zapoznania pracownik\u00f3w z przepisami BHP i PPO\u017b. Wynika to z obowi\u0105zuj\u0105cych praw Kodeksu Pracy. Wa\u017cnym jest r\u00f3wnie\u017c by regularnie wysy\u0142a\u0107 sta\u0142ych pracownik\u00f3w na aktualizacj\u0119 szkole\u0144 wst\u0119pnych lub okresowych. Nie nale\u017cy rezygnowa\u0107 ze szkole\u0144, pod rygorem otrzymania grzywny pieni\u0119\u017cnej.&nbsp;<\/p>\n\n\n<div class=\"wp-block-image\">\n<figure class=\"alignright size-large is-resized\"><a href=\"https:\/\/szkolenia-udt.pl\/wp-content\/uploads\/2023\/03\/s2-38.jpg\"><img loading=\"lazy\" decoding=\"async\" src=\"https:\/\/szkolenia-udt.pl\/wp-content\/uploads\/2023\/03\/s2-38-1024x684.jpg\" alt=\"Apteczka pierwszej pomocy - szkolenie BHP\" class=\"wp-image-3984\" width=\"512\" height=\"342\" srcset=\"https:\/\/szkolenia-udt.pl\/wp-content\/uploads\/2023\/03\/s2-38-1024x684.jpg 1024w, https:\/\/szkolenia-udt.pl\/wp-content\/uploads\/2023\/03\/s2-38-300x200.jpg 300w, https:\/\/szkolenia-udt.pl\/wp-content\/uploads\/2023\/03\/s2-38-768x513.jpg 768w, https:\/\/szkolenia-udt.pl\/wp-content\/uploads\/2023\/03\/s2-38-1536x1025.jpg 1536w, https:\/\/szkolenia-udt.pl\/wp-content\/uploads\/2023\/03\/s2-38-18x12.jpg 18w, https:\/\/szkolenia-udt.pl\/wp-content\/uploads\/2023\/03\/s2-38.jpg 1600w\" sizes=\"auto, (max-width: 512px) 100vw, 512px\" \/><\/a><\/figure>\n<\/div>\n\n\n<h2 class=\"wp-block-heading\">Zakres temat\u00f3w na kursie BHP I PO\u017b&nbsp;<\/h2>\n\n\n\n<p>Opracowali\u015bmy program szkoleniowy, w kt\u00f3rym poruszane s\u0105 tematy z zakresu BHP i PPO\u017b, takie jak:&nbsp;<\/p>\n\n\n\n<ul class=\"wp-block-list\">\n<li>obs\u0142ugiwanie ga\u015bnic,&nbsp;<\/li>\n\n\n\n<li>stwarzanie bezpiecznego stanowiska pracy,&nbsp;<\/li>\n\n\n\n<li>ocenianie zagro\u017ce\u0144 na stanowiskach pracy,&nbsp;<\/li>\n\n\n\n<li>zapewnianie ochrony bezpo\u015bredniej sobie i innym,&nbsp;<\/li>\n\n\n\n<li>reagowanie podczas sytuacji zagro\u017cenia zdrowia i \u017cycia,&nbsp;<\/li>\n\n\n\n<li>udzielanie pierwszej pomocy,&nbsp;<\/li>\n\n\n\n<li>poznanie zasad oznakowa\u0144 i prowadzenia ewakuacji,&nbsp;<\/li>\n\n\n\n<li>przyst\u0119powanie do procedur alarmowych,&nbsp;<\/li>\n\n\n\n<li>unikanie zagro\u017ce\u0144 po\u017carowych na stanowiskach pracy,&nbsp;<\/li>\n<\/ul>\n\n\n\n<h3 class=\"wp-block-heading\">Egzamin sprawdzaj\u0105cy wiedz\u0119 \u2013 BHP I PPO\u017b&nbsp;<\/h3>\n\n\n\n<p>Kursy BHP i PPO\u017b zostaj\u0105 uko\u0144czone egzaminem, potwierdzaj\u0105cym wiedz\u0119 kursant\u00f3w. Sk\u0142ada si\u0119 on z cz\u0119\u015bci teoretycznej i praktycznej. Mamy uprawnienia, by przeprowadzi\u0107 go w naszym o\u015brodku w Warszawie lub bezpo\u015brednio w Twojej firmie.&nbsp;&nbsp;<\/p>\n\n\n<div class=\"wp-block-image\">\n<figure class=\"alignleft size-large is-resized\"><a href=\"https:\/\/szkolenia-udt.pl\/wp-content\/uploads\/2023\/03\/s2-39.jpg\"><img loading=\"lazy\" decoding=\"async\" src=\"https:\/\/szkolenia-udt.pl\/wp-content\/uploads\/2023\/03\/s2-39-1024x683.jpg\" alt=\"Szkolenie BHP dla pracownik\u00f3w firm\" class=\"wp-image-3985\" width=\"512\" height=\"342\" srcset=\"https:\/\/szkolenia-udt.pl\/wp-content\/uploads\/2023\/03\/s2-39-1024x683.jpg 1024w, https:\/\/szkolenia-udt.pl\/wp-content\/uploads\/2023\/03\/s2-39-300x200.jpg 300w, https:\/\/szkolenia-udt.pl\/wp-content\/uploads\/2023\/03\/s2-39-768x512.jpg 768w, https:\/\/szkolenia-udt.pl\/wp-content\/uploads\/2023\/03\/s2-39-1536x1024.jpg 1536w, https:\/\/szkolenia-udt.pl\/wp-content\/uploads\/2023\/03\/s2-39-18x12.jpg 18w, https:\/\/szkolenia-udt.pl\/wp-content\/uploads\/2023\/03\/s2-39.jpg 1600w\" sizes=\"auto, (max-width: 512px) 100vw, 512px\" \/><\/a><\/figure>\n<\/div>\n\n\n<h2 class=\"wp-block-heading\">Wa\u017cno\u015b\u0107 uprawnie\u0144 BHP I PPO\u017b&nbsp;<\/h2>\n\n\n\n<p>Po zdanym egzaminie, zostan\u0105 Ci wydane odpowiednie uprawnienia. Czas trwania kwalifikacji warunkowany jest przez prawo. Mo\u017cesz stara\u0107 si\u0119 o uprawnienia wst\u0119pne lub okresowe, w zale\u017cno\u015bci od wymaga\u0144 firmy lub Twojego stanowiska pracy. Praca bez wymaganych kurs\u00f3w jest obj\u0119ta rygorem prawnym, za co gro\u017c\u0105 grzywny pieni\u0119\u017cne.&nbsp;<\/p>\n\n\n\n<ul class=\"wp-block-list\">\n<li>Uprawnienia wst\u0119pne wa\u017cne s\u0105 przez rok od daty ich wydania.<\/li>\n\n\n\n<li>Uprawnienia okresowe wa\u017cne s\u0105 przez okres sze\u015bciu miesi\u0119cy od daty ich wydania.&nbsp;<\/li>\n<\/ul>\n\n\n\n<h2 class=\"wp-block-heading\">Gdzie szkolimy?<\/h2>\n\n\n\n<p><a href=\"https:\/\/szkolenia-udt.pl\/de\/o-firmie\/\">O\u015brodek szkoleniowy OSO<\/a> znajduje si\u0119 we Warszawie. <\/p>\n\n\n\n<p>Wychodzimy naprzeciw oczekiwaniom naszych klient\u00f3w i oferujemy dla nich us\u0142ug\u0119 szkoleniow\u0105, z dojazdem pod wskazany adres. Przeszkolimy grupy pracownik\u00f3w na terenie Twojej firmy. <\/p>\n\n\n\n<p>Mo\u017cliwe jest r\u00f3wnie\u017c odbycie cz\u0119\u015bci wyk\u0142adowej przez kurs online.<\/p>\n\n\n\n<p>Zapraszamy do kontaktu pracodawc\u00f3w i firmy oraz grupy zorganizowane. <\/p>\n\n\n\n<h2 class=\"wp-block-heading\">Pytania i odpowiedzi:<\/h2>\n\n\n\t\t<details\t\thelp class=\"sc_fs_faq sc_card    \"\n\t\topen\t\t>\n\t\t\t\t\t<summary>\n\t\t\t\t<h3>1. Jak d\u0142ugo wa\u017cne s\u0105 uprawnienia BHP i PPO\u017b? <\/h3>\t\t\t\t\t<\/summary>\n\t\t\t\t<div>\n\t\t\t\t\t\t<div class=\"sc_fs_faq__content\">\n\t\t\t\t\n\n<p>Wa\u017cno\u015b\u0107 kurs\u00f3w uzale\u017cniona jest od ich rodzaju. Kursy wst\u0119pne wa\u017cne s\u0105 przez rok, natomiast kursy okresowe do 6 miesi\u0119cy. Nale\u017cy je regularnie odnawia\u0107.&nbsp;<\/p>\n\n\t\t\t<\/div>\n\t\t<\/div>\n\t\t<\/details>\n\t\t\t\t<details\t\thelp class=\"sc_fs_faq sc_card    \"\n\t\t\t\t>\n\t\t\t\t\t<summary>\n\t\t\t\t<h3>2. Czy mo\u017cna pracowa\u0107 w zak\u0142adzie pracy bez kursu BHP i PPO\u017b? <\/h3>\t\t\t\t\t<\/summary>\n\t\t\t\t<div>\n\t\t\t\t\t\t<div class=\"sc_fs_faq__content\">\n\t\t\t\t\n\n<p>Nie, jest to regulowane prawnie. Ka\u017cde odst\u0119pstwo od normy mo\u017ce by\u0107 obarczone grzywn\u0105 pieni\u0119\u017cn\u0105 dla pracownika lub pracodawcy.&nbsp;<\/p>\n\n\t\t\t<\/div>\n\t\t<\/div>\n\t\t<\/details>\n\t\t\n<script type=\"application\/ld+json\">\n\t{\n\t\t\"@context\": \"https:\/\/schema.org\",\n\t\t\"@type\": \"FAQPage\",\n\t\t\"mainEntity\": [\n\t\t\t\t\t{\n\t\t\t\t\"@type\": \"Question\",\n\t\t\t\t\"name\": \"1. Jak d\u0142ugo wa\u017cne s\u0105 uprawnienia BHP i PPO\u017b? \",\n\t\t\t\t\"acceptedAnswer\": {\n\t\t\t\t\t\"@type\": \"Answer\",\n\t\t\t\t\t\"text\": \"<p>Wa\u017cno\u015b\u0107 kurs\u00f3w uzale\u017cniona jest od ich rodzaju. Kursy wst\u0119pne wa\u017cne s\u0105 przez rok, natomiast kursy okresowe do 6 miesi\u0119cy. Nale\u017cy je regularnie odnawia\u0107.&nbsp;<\/p>\"\n\t\t\t\t\t\t\t\t\t}\n\t\t\t}\n\t\t\t,\t\t\t\t{\n\t\t\t\t\"@type\": \"Question\",\n\t\t\t\t\"name\": \"2. Czy mo\u017cna pracowa\u0107 w zak\u0142adzie pracy bez kursu BHP i PPO\u017b? \",\n\t\t\t\t\"acceptedAnswer\": {\n\t\t\t\t\t\"@type\": \"Answer\",\n\t\t\t\t\t\"text\": \"<p>Nie, jest to regulowane prawnie. Ka\u017cde odst\u0119pstwo od normy mo\u017ce by\u0107 obarczone grzywn\u0105 pieni\u0119\u017cn\u0105 dla pracownika lub pracodawcy.&nbsp;<\/p>\"\n\t\t\t\t\t\t\t\t\t}\n\t\t\t}\n\t\t\t\t\t\t]\n\t}\n<\/script>\n","protected":false},"excerpt":{"rendered":"<p>Szkolenia BHP i PPO\u017b w OSO G\u0142\u00f3wnym za\u0142o\u017ceniem firmy OSO dla cel\u00f3w szkoleniowych jest przekazanie kursantom niezb\u0119dnej wiedzy w zakresie BHP i PPO\u017b. Oferujemy indywidualne podej\u015bcie do ka\u017cdego kursanta zar\u00f3wno w szkoleniu indywidualnym, jak i grupowym. Zaanga\u017cowani szkoleniowcy przeka\u017c\u0105 przysz\u0142ym kursantom wiedz\u0119 i umiej\u0119tno\u015bci praktyczne, poprzez zaj\u0119cia wyk\u0142adowe i praktyczne. Dowiesz si\u0119, jak zapobiega\u0107 niebezpiecznym [&hellip;]<\/p>\n","protected":false},"author":10,"featured_media":3984,"parent":2739,"menu_order":0,"comment_status":"closed","ping_status":"closed","template":"","meta":{"footnotes":""},"class_list":["post-3957","page","type-page","status-publish","has-post-thumbnail","hentry"],"aioseo_notices":[],"_links":{"self":[{"href":"https:\/\/szkolenia-udt.pl\/de\/wp-json\/wp\/v2\/pages\/3957","targetHints":{"allow":["GET"]}}],"collection":[{"href":"https:\/\/szkolenia-udt.pl\/de\/wp-json\/wp\/v2\/pages"}],"about":[{"href":"https:\/\/szkolenia-udt.pl\/de\/wp-json\/wp\/v2\/types\/page"}],"author":[{"embeddable":true,"href":"https:\/\/szkolenia-udt.pl\/de\/wp-json\/wp\/v2\/users\/10"}],"replies":[{"embeddable":true,"href":"https:\/\/szkolenia-udt.pl\/de\/wp-json\/wp\/v2\/comments?post=3957"}],"version-history":[{"count":6,"href":"https:\/\/szkolenia-udt.pl\/de\/wp-json\/wp\/v2\/pages\/3957\/revisions"}],"predecessor-version":[{"id":4449,"href":"https:\/\/szkolenia-udt.pl\/de\/wp-json\/wp\/v2\/pages\/3957\/revisions\/4449"}],"up":[{"embeddable":true,"href":"https:\/\/szkolenia-udt.pl\/de\/wp-json\/wp\/v2\/pages\/2739"}],"wp:featuredmedia":[{"embeddable":true,"href":"https:\/\/szkolenia-udt.pl\/de\/wp-json\/wp\/v2\/media\/3984"}],"wp:attachment":[{"href":"https:\/\/szkolenia-udt.pl\/de\/wp-json\/wp\/v2\/media?parent=3957"}],"curies":[{"name":"wp","href":"https:\/\/api.w.org\/{rel}","templated":true}]}}