{"id":3961,"date":"2023-03-08T16:47:57","date_gmt":"2023-03-08T15:47:57","guid":{"rendered":"https:\/\/szkolenia-udt.pl\/?page_id=3961"},"modified":"2023-03-10T13:46:35","modified_gmt":"2023-03-10T12:46:35","slug":"mobilkranfuhrer","status":"publish","type":"page","link":"https:\/\/szkolenia-udt.pl\/de\/kursy\/uprawnienia-udt-tdt-wdt\/operator-zurawi-samojezdnych\/","title":{"rendered":"Ausbildung zum Mobilkranf\u00fchrer"},"content":{"rendered":"<div class=\"wp-block-image\">\n<figure class=\"alignright size-large is-resized\"><a href=\"https:\/\/szkolenia-udt.pl\/wp-content\/uploads\/2023\/03\/81799-cover-1.jpg\"><img loading=\"lazy\" decoding=\"async\" src=\"https:\/\/szkolenia-udt.pl\/wp-content\/uploads\/2023\/03\/81799-cover-1-1024x576.jpg\" alt=\"\u017curaw samojezdny podczas pracy\" class=\"wp-image-4001\" width=\"512\" height=\"288\" srcset=\"https:\/\/szkolenia-udt.pl\/wp-content\/uploads\/2023\/03\/81799-cover-1-1024x576.jpg 1024w, https:\/\/szkolenia-udt.pl\/wp-content\/uploads\/2023\/03\/81799-cover-1-300x169.jpg 300w, https:\/\/szkolenia-udt.pl\/wp-content\/uploads\/2023\/03\/81799-cover-1-768x432.jpg 768w, https:\/\/szkolenia-udt.pl\/wp-content\/uploads\/2023\/03\/81799-cover-1-1536x864.jpg 1536w, https:\/\/szkolenia-udt.pl\/wp-content\/uploads\/2023\/03\/81799-cover-1-18x10.jpg 18w, https:\/\/szkolenia-udt.pl\/wp-content\/uploads\/2023\/03\/81799-cover-1.jpg 1920w\" sizes=\"auto, (max-width: 512px) 100vw, 512px\" \/><\/a><\/figure>\n<\/div>\n\n\n<h2 class=\"wp-block-heading\">O\u015brodek Szkolenia Operator\u00f3w zaprasza na kursy!&nbsp;<\/h2>\n\n\n\n<p>Od lat \u015bwiadczymy us\u0142ugi z zakresu szkolenia kadr z uprawnieniami UDT i TDT. Wiedza i do\u015bwiadczenie ekspert\u00f3w przekazywane podczas zaj\u0119\u0107 pozwalaj\u0105 podej\u015b\u0107 do egzaminu pa\u0144stwowego i z \u0142atwo\u015bci\u0105 zdoby\u0107 nowe uprawnienia UDT.&nbsp;Oferujemy szkolenia dla operator\u00f3w i konserwator\u00f3w na wszystkie typy d\u017awig\u00f3w.&nbsp;<\/p>\n\n\n\n<ul class=\"wp-block-list\">\n<li>Program realizujemy z podzia\u0142em na cz\u0119\u015b\u0107 teoretyczn\u0105 oraz praktyczn\u0105. <\/li>\n\n\n\n<li>Istnieje mo\u017cliwo\u015b\u0107 przeprowadzenia wyk\u0142ad\u00f3w online. <\/li>\n\n\n\n<li>Posiadamy maszyny na naszym placu manewrowym. <\/li>\n\n\n\n<li>Szkolenie przeprowadzi\u0107 mo\u017cemy tak\u017ce u Klienta.&nbsp;&nbsp;<\/li>\n<\/ul>\n\n\n\n<h2 class=\"wp-block-heading\">Kurs na operatora \u017curawi samojezdnych&nbsp;<\/h2>\n\n\n\n<p>Pozwala zdoby\u0107 uprawnienia wa\u017cne przez 5 lat. D\u017awigi samojezdne s\u0105 powszechnie stosowane podczas budowy oraz monta\u017cu wi\u0119kszego sprz\u0119tu. Ze wzgl\u0119du na swoje podwozie terenowe u\u017cywane mog\u0105 by\u0107 w r\u00f3\u017cnych lokalizacjach, co powoduje du\u017ce zapotrzebowanie na operator\u00f3w \u017curawi. Uprawnienia operatora pozwalaj\u0105 pracowa\u0107 tak\u017ce przy monta\u017cu obiekt\u00f3w przemys\u0142owych oraz przy prze\u0142adunkach.&nbsp;&nbsp;<\/p>\n\n\n<div class=\"wp-block-image\">\n<figure class=\"alignright size-full is-resized\"><a href=\"https:\/\/szkolenia-udt.pl\/wp-content\/uploads\/2023\/03\/Autojerab-AD30.jpg\"><img loading=\"lazy\" decoding=\"async\" src=\"https:\/\/szkolenia-udt.pl\/wp-content\/uploads\/2023\/03\/Autojerab-AD30.jpg\" alt=\"D\u017awig samojezdny na podwoziu samochodowym\" class=\"wp-image-3992\" width=\"500\" height=\"333\" srcset=\"https:\/\/szkolenia-udt.pl\/wp-content\/uploads\/2023\/03\/Autojerab-AD30.jpg 1000w, https:\/\/szkolenia-udt.pl\/wp-content\/uploads\/2023\/03\/Autojerab-AD30-300x200.jpg 300w, https:\/\/szkolenia-udt.pl\/wp-content\/uploads\/2023\/03\/Autojerab-AD30-768x511.jpg 768w, https:\/\/szkolenia-udt.pl\/wp-content\/uploads\/2023\/03\/Autojerab-AD30-18x12.jpg 18w\" sizes=\"auto, (max-width: 500px) 100vw, 500px\" \/><\/a><\/figure>\n<\/div>\n\n\n<h2 class=\"wp-block-heading\">&nbsp;Ramowy program zaj\u0119\u0107&nbsp;<\/h2>\n\n\n\n<ul class=\"wp-block-list\">\n<li>wprowadzenie: podzia\u0142 \u017curawi, kwalifikacja, parametry;&nbsp;<\/li>\n\n\n\n<li>rodzaje zabezpiecze\u0144;&nbsp;<\/li>\n\n\n\n<li>niezb\u0119dna dokumentacja;&nbsp;<\/li>\n\n\n\n<li>mechanizmy;&nbsp;<\/li>\n\n\n\n<li>rodzaje nap\u0119du;&nbsp;<\/li>\n\n\n\n<li>prawa i obowi\u0105zki;&nbsp;&nbsp;<\/li>\n\n\n\n<li>zasady BHP;&nbsp;<\/li>\n\n\n\n<li>prawid\u0142owa eksploatacja;&nbsp;<\/li>\n\n\n\n<li>zaj\u0119cia praktyczne na placu manewrowym.&nbsp;<\/li>\n<\/ul>\n\n\n\n<h2 class=\"wp-block-heading\">Gdzie mo\u017ce pracowa\u0107 operator?&nbsp;<\/h2>\n\n\n\n<p>Obs\u0142uguj\u0105c konkretny rodzaj d\u017awigu samojezdnego na du\u017cym obiekcie mo\u017cna przez kilka lat pracowa\u0107 w jednym miejscu. Niekt\u00f3re d\u017awigi s\u0105 bardziej wymagaj\u0105ce fizycznie i ich operatorzy wsp\u00f3\u0142pracuj\u0105 z innymi rzemie\u015blnikami, wykonawcami oraz klientami.&nbsp;&nbsp;<\/p>\n\n\n\n<p>Umiej\u0119tno\u015bci nabyte po szkoleniu mo\u017cna wykorzysta\u0107 tak\u017ce obs\u0142uguj\u0105c inny rodzaj ci\u0119\u017ckiego sprz\u0119tu. Kwalifikacje dotycz\u0105 obs\u0142ugi \u017curawi samojezdnych oraz stacjonarnych, przewo\u017anych i przeno\u015bnych.&nbsp;<\/p>\n\n\n\n<p><a href=\"https:\/\/szkolenia-udt.pl\/de\/kursy\/\">Nasze szkolenia<\/a> oferujemy zar\u00f3wno grupom otwartym, jak i zamkni\u0119tym!&nbsp;<\/p>\n\n\n<div class=\"wp-block-image\">\n<figure class=\"alignright size-large is-resized\"><a href=\"https:\/\/szkolenia-udt.pl\/wp-content\/uploads\/2023\/03\/Construction-Crane.jpg\"><img loading=\"lazy\" decoding=\"async\" src=\"https:\/\/szkolenia-udt.pl\/wp-content\/uploads\/2023\/03\/Construction-Crane-1024x671.jpg\" alt=\"obs\u0142uga \u017curawi budowlanych\" class=\"wp-image-4003\" width=\"512\" height=\"336\" srcset=\"https:\/\/szkolenia-udt.pl\/wp-content\/uploads\/2023\/03\/Construction-Crane-1024x671.jpg 1024w, https:\/\/szkolenia-udt.pl\/wp-content\/uploads\/2023\/03\/Construction-Crane-300x197.jpg 300w, https:\/\/szkolenia-udt.pl\/wp-content\/uploads\/2023\/03\/Construction-Crane-768x503.jpg 768w, https:\/\/szkolenia-udt.pl\/wp-content\/uploads\/2023\/03\/Construction-Crane-18x12.jpg 18w, https:\/\/szkolenia-udt.pl\/wp-content\/uploads\/2023\/03\/Construction-Crane.jpg 1068w\" sizes=\"auto, (max-width: 512px) 100vw, 512px\" \/><\/a><\/figure>\n<\/div>\n\n\n<h2 class=\"wp-block-heading\">Nasze szkolenia to gwarancja:&nbsp;<\/h2>\n\n\n\n<ul class=\"wp-block-list\">\n<li>do\u015bwiadczonych szkoleniowc\u00f3w,&nbsp;<\/li>\n\n\n\n<li>programu zgodnego z wymogami UDT,&nbsp;<\/li>\n\n\n\n<li>zaj\u0119\u0107 z praktycznej obs\u0142ugi urz\u0105dze\u0144.&nbsp;<\/li>\n<\/ul>\n\n\n\n<p>Szkolimy na uprawnienia do obs\u0142ugi maszyn takich firm jak: Befar, HMF, Palfinger, Fassi, Hiab, MKG, Bonfiglioli.&nbsp;<\/p>\n\n\n\n<h3 class=\"wp-block-heading\">\u017burawie budowlane&nbsp;<\/h3>\n\n\n\n<ul class=\"wp-block-list\">\n<li>samojezdne,&nbsp;<\/li>\n\n\n\n<li>wie\u017cowe,&nbsp;<\/li>\n\n\n\n<li>HDS.&nbsp;<\/li>\n<\/ul>\n\n\n\n<h3 class=\"wp-block-heading\">\u017burawie samojezdne&nbsp;<\/h3>\n\n\n\n<p>S\u0105 to urz\u0105dzenia znajduj\u0105ce si\u0119 na podwoziu samochodu ci\u0119\u017carowego lub samojezdnym o specjalnej konstrukcji.&nbsp;&nbsp;<\/p>\n\n\n\n<p>Stosowane s\u0105 g\u0142\u00f3wnie do prze\u0142adunku i prac monta\u017cowych, poniewa\u017c mog\u0105 przenosi\u0107 ci\u0119\u017ckie \u0142adunki na du\u017cych wysoko\u015bciach.&nbsp;&nbsp;<\/p>\n\n\n\n<h3 class=\"wp-block-heading\">\u017burawie HDS \u2013 przeno\u015bne, prze\u0142adunkowe&nbsp;<\/h3>\n\n\n\n<p>To hydrauliczne d\u017awigi samochodowe, kt\u00f3re sk\u0142adaj\u0105 si\u0119 z d\u017awignicy zamontowanej na samochodzie ci\u0119\u017carowym, najcz\u0119\u015bciej pomi\u0119dzy kabin\u0105 kierowcy a skrzyni\u0105. Czasami d\u017awignica znajduje si\u0119 z ty\u0142u pojazdu. Posiada podpory utrzymuj\u0105ce stabilno\u015b\u0107 \u017curawia w czasie jego pracy.&nbsp;<\/p>\n\n\n\n<h3 class=\"wp-block-heading\">\u017burawie wie\u017cowe&nbsp;&nbsp;<\/h3>\n\n\n\n<p>Posiadaj\u0105 pionowy maszt zamontowany na sta\u0142ym lub przeno\u015bnym podwoziu. Dodatkowo wyposa\u017cone s\u0105 w wysi\u0119gnik poziomy lub wychylny.&nbsp;<\/p>\n\n\n<div class=\"wp-block-image\">\n<figure class=\"alignright size-full is-resized\"><a href=\"https:\/\/szkolenia-udt.pl\/wp-content\/uploads\/2023\/03\/type-of-mobile-cranes.jpg\"><img loading=\"lazy\" decoding=\"async\" src=\"https:\/\/szkolenia-udt.pl\/wp-content\/uploads\/2023\/03\/type-of-mobile-cranes.jpg\" alt=\"kurs na \u017curawie samojezdne\" class=\"wp-image-4002\" width=\"500\" height=\"334\" srcset=\"https:\/\/szkolenia-udt.pl\/wp-content\/uploads\/2023\/03\/type-of-mobile-cranes.jpg 1000w, https:\/\/szkolenia-udt.pl\/wp-content\/uploads\/2023\/03\/type-of-mobile-cranes-300x200.jpg 300w, https:\/\/szkolenia-udt.pl\/wp-content\/uploads\/2023\/03\/type-of-mobile-cranes-768x512.jpg 768w, https:\/\/szkolenia-udt.pl\/wp-content\/uploads\/2023\/03\/type-of-mobile-cranes-18x12.jpg 18w\" sizes=\"auto, (max-width: 500px) 100vw, 500px\" \/><\/a><\/figure>\n<\/div>\n\n\n<h2 class=\"wp-block-heading\">Klasyfikacja \u017curawi UDT:&nbsp;<\/h2>\n\n\n\n<ul class=\"wp-block-list\">\n<li>samojezdne,&nbsp;<\/li>\n\n\n\n<li>stacjonarne,&nbsp;<\/li>\n\n\n\n<li>szynowe,&nbsp;<\/li>\n\n\n\n<li>przewo\u017ane lub przeno\u015bne,&nbsp;<\/li>\n\n\n\n<li>wie\u017cowe,&nbsp;<\/li>\n\n\n\n<li>kolejowe,&nbsp;<\/li>\n\n\n\n<li>pok\u0142adowe,&nbsp;<\/li>\n\n\n\n<li>p\u0142ywaj\u0105ce.&nbsp;<\/li>\n<\/ul>\n\n\n\n<h2 class=\"wp-block-heading\">Prowadzimy szkolenia na wszystkie urz\u0105dzenia UDT!&nbsp;<\/h2>\n\n\n\n<ul class=\"wp-block-list\">\n<li>Obs\u0142uga \u017curawi HDS,&nbsp;<\/li>\n\n\n\n<li>Konserwator w\u00f3zk\u00f3w wid\u0142owych,&nbsp;<\/li>\n\n\n\n<li>Instalator pomp ciep\u0142a,&nbsp;<\/li>\n\n\n\n<li>i wiele innych&#8230;&nbsp;<\/li>\n<\/ul>\n\n\n\n<p>Zapraszamy do kontaktu!&nbsp;<\/p>\n\n\n\n<h2 class=\"wp-block-heading\">Pytania i odpowiedzi:<\/h2>\n\n\n\t\t<details\t\thelp class=\"sc_fs_faq sc_card    \"\n\t\topen\t\t>\n\t\t\t\t\t<summary>\n\t\t\t\t<h3>1. Czy kurs daje uprawnienia do wykonywania zawodu operatora? <\/h3>\t\t\t\t\t<\/summary>\n\t\t\t\t<div>\n\t\t\t\t\t\t<div class=\"sc_fs_faq__content\">\n\t\t\t\t\n\n<p>Nasze kursy kompleksowo przygotowuj\u0105 do zdania egzaminu pa\u0144stwowego i zdobycia uprawnie\u0144 UDT. Stawiamy na pe\u0142ne przygotowanie \u2013 teoretyczne i praktyczne, zgodne z wymogami UDT oraz obowi\u0105zkami pracownika obs\u0142uguj\u0105cego d\u017awigi.&nbsp;<\/p>\n\n\t\t\t<\/div>\n\t\t<\/div>\n\t\t<\/details>\n\t\t\t\t<details\t\thelp class=\"sc_fs_faq sc_card    \"\n\t\t\t\t>\n\t\t\t\t\t<summary>\n\t\t\t\t<h3>2. Jakiego typu \u017curawi dotycz\u0105 szkolenia? <\/h3>\t\t\t\t\t<\/summary>\n\t\t\t\t<div>\n\t\t\t\t\t\t<div class=\"sc_fs_faq__content\">\n\t\t\t\t\n\n<p>Prowadzimy szkolenia daj\u0105ce uprawnianie operator\u00f3w lub konserwator\u00f3w \u017curawi samojezdnych, HDS oraz wie\u017cowych. Ponadto oferujemy kursy na inne maszyny podlegaj\u0105ce UDT.&nbsp;<\/p>\n\n\t\t\t<\/div>\n\t\t<\/div>\n\t\t<\/details>\n\t\t\t\t<details\t\thelp class=\"sc_fs_faq sc_card    \"\n\t\t\t\t>\n\t\t\t\t\t<summary>\n\t\t\t\t<h3>3. Czy kurs mo\u017cna odbywa\u0107 zdalnie? <\/h3>\t\t\t\t\t<\/summary>\n\t\t\t\t<div>\n\t\t\t\t\t\t<div class=\"sc_fs_faq__content\">\n\t\t\t\t\n\n<p>Tak, istnieje mo\u017cliwo\u015b\u0107 odbycia cz\u0119\u015bci teoretycznej kursu w formie zdalnej.&nbsp;<\/p>\n\n\t\t\t<\/div>\n\t\t<\/div>\n\t\t<\/details>\n\t\t\t\t<details\t\thelp class=\"sc_fs_faq sc_card    \"\n\t\t\t\t>\n\t\t\t\t\t<summary>\n\t\t\t\t<h3>4. Gdzie mo\u017ce pracowa\u0107 operator \u017curawi samojezdnych? <\/h3>\t\t\t\t\t<\/summary>\n\t\t\t\t<div>\n\t\t\t\t\t\t<div class=\"sc_fs_faq__content\">\n\t\t\t\t\n\n<p>Maszyn tych u\u017cywa si\u0119 na budowach oraz przy prze\u0142adunkach. Operator mo\u017ce podj\u0105\u0107 na kilka lat prac\u0119 na danym obiekcie obs\u0142uguj\u0105c wtedy jeden typ \u017curawia.&nbsp;<\/p>\n\n\t\t\t<\/div>\n\t\t<\/div>\n\t\t<\/details>\n\t\t\n<script type=\"application\/ld+json\">\n\t{\n\t\t\"@context\": \"https:\/\/schema.org\",\n\t\t\"@type\": \"FAQPage\",\n\t\t\"mainEntity\": [\n\t\t\t\t\t{\n\t\t\t\t\"@type\": \"Question\",\n\t\t\t\t\"name\": \"1. Czy kurs daje uprawnienia do wykonywania zawodu operatora? \",\n\t\t\t\t\"acceptedAnswer\": {\n\t\t\t\t\t\"@type\": \"Answer\",\n\t\t\t\t\t\"text\": \"<p>Nasze kursy kompleksowo przygotowuj\u0105 do zdania egzaminu pa\u0144stwowego i zdobycia uprawnie\u0144 UDT. Stawiamy na pe\u0142ne przygotowanie \u2013 teoretyczne i praktyczne, zgodne z wymogami UDT oraz obowi\u0105zkami pracownika obs\u0142uguj\u0105cego d\u017awigi.&nbsp;<\/p>\"\n\t\t\t\t\t\t\t\t\t}\n\t\t\t}\n\t\t\t,\t\t\t\t{\n\t\t\t\t\"@type\": \"Question\",\n\t\t\t\t\"name\": \"2. Jakiego typu \u017curawi dotycz\u0105 szkolenia? \",\n\t\t\t\t\"acceptedAnswer\": {\n\t\t\t\t\t\"@type\": \"Answer\",\n\t\t\t\t\t\"text\": \"<p>Prowadzimy szkolenia daj\u0105ce uprawnianie operator\u00f3w lub konserwator\u00f3w \u017curawi samojezdnych, HDS oraz wie\u017cowych. Ponadto oferujemy kursy na inne maszyny podlegaj\u0105ce UDT.&nbsp;<\/p>\"\n\t\t\t\t\t\t\t\t\t}\n\t\t\t}\n\t\t\t,\t\t\t\t{\n\t\t\t\t\"@type\": \"Question\",\n\t\t\t\t\"name\": \"3. Czy kurs mo\u017cna odbywa\u0107 zdalnie? \",\n\t\t\t\t\"acceptedAnswer\": {\n\t\t\t\t\t\"@type\": \"Answer\",\n\t\t\t\t\t\"text\": \"<p>Tak, istnieje mo\u017cliwo\u015b\u0107 odbycia cz\u0119\u015bci teoretycznej kursu w formie zdalnej.&nbsp;<\/p>\"\n\t\t\t\t\t\t\t\t\t}\n\t\t\t}\n\t\t\t,\t\t\t\t{\n\t\t\t\t\"@type\": \"Question\",\n\t\t\t\t\"name\": \"4. Gdzie mo\u017ce pracowa\u0107 operator \u017curawi samojezdnych? \",\n\t\t\t\t\"acceptedAnswer\": {\n\t\t\t\t\t\"@type\": \"Answer\",\n\t\t\t\t\t\"text\": \"<p>Maszyn tych u\u017cywa si\u0119 na budowach oraz przy prze\u0142adunkach. Operator mo\u017ce podj\u0105\u0107 na kilka lat prac\u0119 na danym obiekcie obs\u0142uguj\u0105c wtedy jeden typ \u017curawia.&nbsp;<\/p>\"\n\t\t\t\t\t\t\t\t\t}\n\t\t\t}\n\t\t\t\t\t\t]\n\t}\n<\/script>\n","protected":false},"excerpt":{"rendered":"<p>O\u015brodek Szkolenia Operator\u00f3w zaprasza na kursy!&nbsp; Od lat \u015bwiadczymy us\u0142ugi z zakresu szkolenia kadr z uprawnieniami UDT i TDT. Wiedza i do\u015bwiadczenie ekspert\u00f3w przekazywane podczas zaj\u0119\u0107 pozwalaj\u0105 podej\u015b\u0107 do egzaminu pa\u0144stwowego i z \u0142atwo\u015bci\u0105 zdoby\u0107 nowe uprawnienia UDT.&nbsp;Oferujemy szkolenia dla operator\u00f3w i konserwator\u00f3w na wszystkie typy d\u017awig\u00f3w.&nbsp; Kurs na operatora \u017curawi samojezdnych&nbsp; Pozwala zdoby\u0107 uprawnienia [&hellip;]<\/p>\n","protected":false},"author":10,"featured_media":3992,"parent":2266,"menu_order":0,"comment_status":"closed","ping_status":"closed","template":"","meta":{"footnotes":""},"class_list":["post-3961","page","type-page","status-publish","has-post-thumbnail","hentry"],"aioseo_notices":[],"_links":{"self":[{"href":"https:\/\/szkolenia-udt.pl\/de\/wp-json\/wp\/v2\/pages\/3961","targetHints":{"allow":["GET"]}}],"collection":[{"href":"https:\/\/szkolenia-udt.pl\/de\/wp-json\/wp\/v2\/pages"}],"about":[{"href":"https:\/\/szkolenia-udt.pl\/de\/wp-json\/wp\/v2\/types\/page"}],"author":[{"embeddable":true,"href":"https:\/\/szkolenia-udt.pl\/de\/wp-json\/wp\/v2\/users\/10"}],"replies":[{"embeddable":true,"href":"https:\/\/szkolenia-udt.pl\/de\/wp-json\/wp\/v2\/comments?post=3961"}],"version-history":[{"count":7,"href":"https:\/\/szkolenia-udt.pl\/de\/wp-json\/wp\/v2\/pages\/3961\/revisions"}],"predecessor-version":[{"id":4298,"href":"https:\/\/szkolenia-udt.pl\/de\/wp-json\/wp\/v2\/pages\/3961\/revisions\/4298"}],"up":[{"embeddable":true,"href":"https:\/\/szkolenia-udt.pl\/de\/wp-json\/wp\/v2\/pages\/2266"}],"wp:featuredmedia":[{"embeddable":true,"href":"https:\/\/szkolenia-udt.pl\/de\/wp-json\/wp\/v2\/media\/3992"}],"wp:attachment":[{"href":"https:\/\/szkolenia-udt.pl\/de\/wp-json\/wp\/v2\/media?parent=3961"}],"curies":[{"name":"wp","href":"https:\/\/api.w.org\/{rel}","templated":true}]}}