{"id":3963,"date":"2023-03-08T16:49:33","date_gmt":"2023-03-08T15:49:33","guid":{"rendered":"https:\/\/szkolenia-udt.pl\/?page_id=3963"},"modified":"2023-03-10T13:48:28","modified_gmt":"2023-03-10T12:48:28","slug":"tdt-qualifikationen-fur-das-rangieren-von-rollendem-material","status":"publish","type":"page","link":"https:\/\/szkolenia-udt.pl\/de\/kursy\/uprawnienia-udt-tdt-wdt\/uprawnienia-tdt-do-przetaczania-taboru-kolejowego\/","title":{"rendered":"TDT-Genehmigung f\u00fcr das Rangieren von Rollmaterial"},"content":{"rendered":"<div class=\"wp-block-image\">\n<figure class=\"alignright size-full is-resized\"><a href=\"https:\/\/szkolenia-udt.pl\/wp-content\/uploads\/2023\/03\/unnamed-93.jpg\"><img loading=\"lazy\" decoding=\"async\" src=\"https:\/\/szkolenia-udt.pl\/wp-content\/uploads\/2023\/03\/unnamed-93.jpg\" alt=\"przeci\u0105garki do wagon\u00f3w\" class=\"wp-image-4007\" width=\"512\" height=\"384\" srcset=\"https:\/\/szkolenia-udt.pl\/wp-content\/uploads\/2023\/03\/unnamed-93.jpg 512w, https:\/\/szkolenia-udt.pl\/wp-content\/uploads\/2023\/03\/unnamed-93-300x225.jpg 300w, https:\/\/szkolenia-udt.pl\/wp-content\/uploads\/2023\/03\/unnamed-93-16x12.jpg 16w, https:\/\/szkolenia-udt.pl\/wp-content\/uploads\/2023\/03\/unnamed-93-135x100.jpg 135w\" sizes=\"auto, (max-width: 512px) 100vw, 512px\" \/><\/a><\/figure>\n<\/div>\n\n\n<h2 class=\"wp-block-heading\">O szkoleniu<\/h2>\n\n\n\n<p>Od wielu lat prowadzimy kursy oparte na do\u015bwiadczeniu naszych specjalist\u00f3w z bran\u017cy. Uprawnienia konserwatora maszyn wydawane s\u0105 przez komisj\u0119 powo\u0142an\u0105 przez Urz\u0105d Dozoru Technicznego lub Transportowy Doz\u00f3r Techniczny. <\/p>\n\n\n\n<p>W swojej ofercie posiadamy r\u00f3wnie\u017c szkolenia z obs\u0142ugi oraz konserwacji pozosta\u0142ych maszyn obj\u0119tych dozorem UDT i TDT. Proponujemy zar\u00f3wno szkolenia otwarte odbywaj\u0105ce si\u0119 w naszym <a href=\"https:\/\/szkolenia-udt.pl\/de\/o-firmie\/\">o\u015brodku<\/a>, jak i zamkni\u0119te, kt\u00f3re przeprowadzi\u0107 mo\u017cemy r\u00f3wnie\u017c w siedzibie firmy klienta.&nbsp;<\/p>\n\n\n\n<h2 class=\"wp-block-heading\">Opis zaj\u0119\u0107&nbsp;<\/h2>\n\n\n\n<p>Podczas szkolenia zdob\u0119dziesz wiedz\u0119 niezb\u0119dn\u0105 do wykonywania zawodu konserwatora.&nbsp;<\/p>\n\n\n\n<p>Zaj\u0119cia dziel\u0105 si\u0119 na teori\u0119 (istnieje mo\u017cliwo\u015b\u0107 odbycia jej zdalnie) oraz cz\u0119\u015b\u0107 praktyczn\u0105 obejmuj\u0105c\u0105 \u0107wiczenia na placu manewrowym z wykorzystaniem maszyn. <\/p>\n\n\n\n<p>Nasza plac\u00f3wka posiada specjalistyczny sprz\u0119t, kt\u00f3ry jest udost\u0119pniany kursantom w ramach zaj\u0119\u0107.&nbsp;<\/p>\n\n\n\n<p>Oferujemy pe\u0142ne wsparcie ekspert\u00f3w i specjalnie opracowane dla Pa\u0144stwa materia\u0142y pozwalaj\u0105ce lepiej przyswoi\u0107 zagadnienia wymagane na egzaminie pa\u0144stwowym.&nbsp;&nbsp;<\/p>\n\n\n<div class=\"wp-block-image\">\n<figure class=\"alignright size-large is-resized\"><a href=\"https:\/\/szkolenia-udt.pl\/wp-content\/uploads\/2023\/03\/Lanove-posunovacie-zariadenie-LTV-PV-8.jpg\"><img loading=\"lazy\" decoding=\"async\" src=\"https:\/\/szkolenia-udt.pl\/wp-content\/uploads\/2023\/03\/Lanove-posunovacie-zariadenie-LTV-PV-8-1024x683.jpg\" alt=\"w\u00f3zki przetokowe na torach\" class=\"wp-image-4010\" width=\"512\" height=\"342\" srcset=\"https:\/\/szkolenia-udt.pl\/wp-content\/uploads\/2023\/03\/Lanove-posunovacie-zariadenie-LTV-PV-8-1024x683.jpg 1024w, https:\/\/szkolenia-udt.pl\/wp-content\/uploads\/2023\/03\/Lanove-posunovacie-zariadenie-LTV-PV-8-300x200.jpg 300w, https:\/\/szkolenia-udt.pl\/wp-content\/uploads\/2023\/03\/Lanove-posunovacie-zariadenie-LTV-PV-8-768x512.jpg 768w, https:\/\/szkolenia-udt.pl\/wp-content\/uploads\/2023\/03\/Lanove-posunovacie-zariadenie-LTV-PV-8-18x12.jpg 18w, https:\/\/szkolenia-udt.pl\/wp-content\/uploads\/2023\/03\/Lanove-posunovacie-zariadenie-LTV-PV-8.jpg 1125w\" sizes=\"auto, (max-width: 512px) 100vw, 512px\" \/><\/a><\/figure>\n<\/div>\n\n\n<h2 class=\"wp-block-heading\">Ramowy program szkolenia&nbsp;<\/h2>\n\n\n\n<p>Organizowane przez nas szkolenie obejmuje takie zagadnienia jak:&nbsp;<\/p>\n\n\n\n<ul class=\"wp-block-list\">\n<li>podstawowe informacje o dozorze technicznym,&nbsp;<\/li>\n\n\n\n<li>budowa, rodzaje i typy przeci\u0105garek do przemieszczania wagon\u00f3w,&nbsp;<\/li>\n\n\n\n<li>zabezpieczenia stosowane w przeci\u0105garkach,&nbsp;<\/li>\n\n\n\n<li>zasady bezpiecznej pracy,&nbsp;<\/li>\n\n\n\n<li>\u0107wiczenie umiej\u0119tno\u015bci praktycznych.&nbsp;<\/li>\n<\/ul>\n\n\n\n<h2 class=\"wp-block-heading\">Wa\u017cno\u015b\u0107 uprawnie\u0144 na konserwatora urz\u0105dze\u0144 TDT&nbsp;<\/h2>\n\n\n\n<p>Po zdanym egzaminie kursant otrzymuje \u015bwiadectwo kwalifikacji wydane przez TDT. Okres wa\u017cno\u015bci uprawnie\u0144 dla konserwatora przeci\u0105garek do przemieszczania wagon\u00f3w wynosi 5 lat.&nbsp;<\/p>\n\n\n\n<h2 class=\"wp-block-heading\">Na czym polega praca konserwatora przeci\u0105garek?&nbsp;<\/h2>\n\n\n\n<p>Osoba odpowiadaj\u0105ca za konserwacj\u0119 przeci\u0105garek jest odpowiedzialna m.in. za:&nbsp;<\/p>\n\n\n\n<ul class=\"wp-block-list\">\n<li>przygotowanie i prowadzenie dokumentacji technicznej,&nbsp;<\/li>\n\n\n\n<li>bie\u017c\u0105ce przegl\u0105dy,&nbsp;<\/li>\n\n\n\n<li>naprawa usterek,&nbsp;<\/li>\n\n\n\n<li>wymiana element\u00f3w eksploatacyjnych.&nbsp;<\/li>\n<\/ul>\n\n\n<div class=\"wp-block-image\">\n<figure class=\"alignright size-large is-resized\"><a href=\"https:\/\/szkolenia-udt.pl\/wp-content\/uploads\/2023\/03\/Produktbild_Radsatzschubwagen.jpg\"><img loading=\"lazy\" decoding=\"async\" src=\"https:\/\/szkolenia-udt.pl\/wp-content\/uploads\/2023\/03\/Produktbild_Radsatzschubwagen-1024x435.jpg\" alt=\"w\u00f3zek holuj\u0105cy przetokowy\" class=\"wp-image-4008\" width=\"512\" height=\"218\" srcset=\"https:\/\/szkolenia-udt.pl\/wp-content\/uploads\/2023\/03\/Produktbild_Radsatzschubwagen-1024x435.jpg 1024w, https:\/\/szkolenia-udt.pl\/wp-content\/uploads\/2023\/03\/Produktbild_Radsatzschubwagen-300x127.jpg 300w, https:\/\/szkolenia-udt.pl\/wp-content\/uploads\/2023\/03\/Produktbild_Radsatzschubwagen-768x326.jpg 768w, https:\/\/szkolenia-udt.pl\/wp-content\/uploads\/2023\/03\/Produktbild_Radsatzschubwagen-18x8.jpg 18w, https:\/\/szkolenia-udt.pl\/wp-content\/uploads\/2023\/03\/Produktbild_Radsatzschubwagen.jpg 1170w\" sizes=\"auto, (max-width: 512px) 100vw, 512px\" \/><\/a><\/figure>\n<\/div>\n\n\n<h2 class=\"wp-block-heading\">Czym s\u0105 przeci\u0105garki do przemieszczania wagon\u00f3w po torach?&nbsp;<\/h2>\n\n\n\n<p>Przeci\u0105garki do przemieszczania wagon\u00f3w po torach to maszyny, kt\u00f3re wyst\u0119puj\u0105 w ka\u017cdym przedsi\u0119biorstwie, gdzie transport samochodowy zast\u0105piono wagonami. S\u0142u\u017c\u0105 one do przemieszczania wagon\u00f3w kolejowych bez potrzeby u\u017cywania lokomotywy.&nbsp;<\/p>\n\n\n\n<h2 class=\"wp-block-heading\">Budowa przeci\u0105garek&nbsp;<\/h2>\n\n\n\n<p>Przeci\u0105garka sk\u0142ada si\u0119 z nast\u0119puj\u0105cych zespo\u0142\u00f3w:&nbsp;<\/p>\n\n\n\n<ul class=\"wp-block-list\">\n<li>wci\u0105garki ciernej linowej,&nbsp;<\/li>\n\n\n\n<li>zespo\u0142u k\u00f3\u0142 napinaj\u0105cych,&nbsp;<\/li>\n\n\n\n<li>w\u00f3zka ci\u0105gn\u0105cego,&nbsp;<\/li>\n\n\n\n<li>uk\u0142adu linowego.&nbsp;<\/li>\n<\/ul>\n\n\n\n<h2 class=\"wp-block-heading\">Gdzie stosuje si\u0119 w\u00f3zki przetokowe do przetaczania taboru kolejowego?&nbsp;<\/h2>\n\n\n\n<p>S\u0105 one wykorzystywane przede wszystkim w miejscach takich jak:&nbsp;<\/p>\n\n\n\n<ul class=\"wp-block-list\">\n<li>sk\u0142adnicach w\u0119gla,&nbsp;<\/li>\n\n\n\n<li>betoniarniach,&nbsp;<\/li>\n\n\n\n<li>wysypiskach,&nbsp;<\/li>\n\n\n\n<li>oczyszczalniach \u015bciek\u00f3w.&nbsp;<\/li>\n<\/ul>\n\n\n<div class=\"wp-block-image\">\n<figure class=\"alignright size-large is-resized\"><a href=\"https:\/\/szkolenia-udt.pl\/wp-content\/uploads\/2023\/03\/doublepocket_001-1080x720-1.jpg\"><img loading=\"lazy\" decoding=\"async\" src=\"https:\/\/szkolenia-udt.pl\/wp-content\/uploads\/2023\/03\/doublepocket_001-1080x720-1-1024x683.jpg\" alt=\"kursanci na zaj\u0119ciach praktycznych\" class=\"wp-image-4009\" width=\"512\" height=\"342\" srcset=\"https:\/\/szkolenia-udt.pl\/wp-content\/uploads\/2023\/03\/doublepocket_001-1080x720-1-1024x683.jpg 1024w, https:\/\/szkolenia-udt.pl\/wp-content\/uploads\/2023\/03\/doublepocket_001-1080x720-1-300x200.jpg 300w, https:\/\/szkolenia-udt.pl\/wp-content\/uploads\/2023\/03\/doublepocket_001-1080x720-1-768x512.jpg 768w, https:\/\/szkolenia-udt.pl\/wp-content\/uploads\/2023\/03\/doublepocket_001-1080x720-1-18x12.jpg 18w, https:\/\/szkolenia-udt.pl\/wp-content\/uploads\/2023\/03\/doublepocket_001-1080x720-1.jpg 1080w\" sizes=\"auto, (max-width: 512px) 100vw, 512px\" \/><\/a><\/figure>\n<\/div>\n\n\n<h2 class=\"wp-block-heading\">Wybieraj\u0105c kurs w O\u015brodku Szkolenia Operator\u00f3w zyskuj\u0105 Pa\u0144stwo:&nbsp;<\/h2>\n\n\n\n<ul class=\"wp-block-list\">\n<li>wsparcie do\u015bwiadczonej kadry szkoleniowej,&nbsp;&nbsp;<\/li>\n\n\n\n<li>realizacj\u0119 zagadnie\u0144 wymaganych przed TDT\/UDT,&nbsp;<\/li>\n\n\n\n<li>praktyk\u0119 przy maszynach.&nbsp;<\/li>\n<\/ul>\n\n\n\n<p>Szkolimy na uprawnienia do obs\u0142ugi i konserwacji przeci\u0105garek takich firm jak: PANDA, HAK, HPH, Zbud, UNITOR.<\/p>\n\n\n\n<h2 class=\"wp-block-heading\">Pozosta\u0142e specjalistyczne urz\u0105dzenia transportu bliskiego podlegaj\u0105ce pod doz\u00f3r TDT:&nbsp;<\/h2>\n\n\n\n<ul class=\"wp-block-list\">\n<li>\u017curawie (kolejowe, na pojazdach kolejowych, p\u0142ywaj\u0105ce i pok\u0142adowe);&nbsp;<\/li>\n\n\n\n<li>d\u017awigi do podnoszenia pojazd\u00f3w kolejowych;&nbsp;<\/li>\n\n\n\n<li>uk\u0142adarki do tor\u00f3w;&nbsp;<\/li>\n\n\n\n<li>podesty i pomosty ruchome;&nbsp;<\/li>\n\n\n\n<li>wypornice i korektory po\u0142o\u017cenia;&nbsp;<\/li>\n\n\n\n<li>podno\u015bniki dla os\u00f3b niepe\u0142nosprawnych na pojazdach kolejowych.&nbsp;<\/li>\n<\/ul>\n\n\n\n<h2 class=\"wp-block-heading\">Nasze pozosta\u0142e szkolenia&nbsp;<\/h2>\n\n\n\n<p>Prowadzimy r\u00f3wnie\u017c szkolenia uprawniaj\u0105ce do obs\u0142ugi oraz konserwacji r\u00f3\u017cnych urz\u0105dze\u0144 UDT, m.in.:&nbsp;<\/p>\n\n\n\n<ul class=\"wp-block-list\">\n<li>suwnic,&nbsp;<\/li>\n\n\n\n<li>\u017curawi,&nbsp;<\/li>\n\n\n\n<li>podno\u015bnik\u00f3w koszowych i no\u017cycowych,&nbsp;<\/li>\n\n\n\n<li>podest\u00f3w ruchomych,&nbsp;<\/li>\n\n\n\n<li>\u0142adowarek teleskopowych.&nbsp;&nbsp;<\/li>\n<\/ul>\n\n\n\n<p>Zapraszamy do zapis\u00f3w!&nbsp;<\/p>\n\n\n\n<h2 class=\"wp-block-heading\">Pytania i odpowiedzi:<\/h2>\n\n\n\t\t<details\t\thelp class=\"sc_fs_faq sc_card    \"\n\t\topen\t\t>\n\t\t\t\t\t<summary>\n\t\t\t\t<h3>1. Gdzie stosuje si\u0119 przeci\u0105garki do przemieszczania wagon\u00f3w po torach? <\/h3>\t\t\t\t\t<\/summary>\n\t\t\t\t<div>\n\t\t\t\t\t\t<div class=\"sc_fs_faq__content\">\n\t\t\t\t\n\n<p>Urz\u0105dzenia te stosowane s\u0105 w betoniarniach, sk\u0142adnicach w\u0119gla, na wysypiskach oraz w oczyszczalniach \u015bciek\u00f3w.&nbsp;<\/p>\n\n\t\t\t<\/div>\n\t\t<\/div>\n\t\t<\/details>\n\t\t\t\t<details\t\thelp class=\"sc_fs_faq sc_card    \"\n\t\t\t\t>\n\t\t\t\t\t<summary>\n\t\t\t\t<h3>2. Jakie uprawnienia trzeba zdoby\u0107 na konserwatora przeci\u0105garek do wagon\u00f3w? <\/h3>\t\t\t\t\t<\/summary>\n\t\t\t\t<div>\n\t\t\t\t\t\t<div class=\"sc_fs_faq__content\">\n\t\t\t\t\n\n<p>Przeci\u0105garki do wagon\u00f3w nale\u017c\u0105 do specjalistycznych urz\u0105dze\u0144 transportu bliskiego i podlegaj\u0105 pod transportowy doz\u00f3r techniczny. W zwi\u0105zku z tym, do przeprowadzania konserwacji niezb\u0119dne jest zdobycie uprawnie\u0144 przed komisj\u0105 TDT.&nbsp;<\/p>\n\n\t\t\t<\/div>\n\t\t<\/div>\n\t\t<\/details>\n\t\t\t\t<details\t\thelp class=\"sc_fs_faq sc_card    \"\n\t\t\t\t>\n\t\t\t\t\t<summary>\n\t\t\t\t<h3>3. Na czym polega praca konserwatora maszyn? <\/h3>\t\t\t\t\t<\/summary>\n\t\t\t\t<div>\n\t\t\t\t\t\t<div class=\"sc_fs_faq__content\">\n\t\t\t\t\n\n<p>Konserwator odpowiedzialny jest przede wszystkim za bie\u017c\u0105cy serwis i naprawy urz\u0105dzenia. Musi posiada\u0107 niezb\u0119dn\u0105 wiedz\u0119 techniczn\u0105 oraz wytyczne dotycz\u0105ce cz\u0119stotliwo\u015bci konserwacji i prowadzenia dokumentacji.&nbsp;&nbsp;<\/p>\n\n\t\t\t<\/div>\n\t\t<\/div>\n\t\t<\/details>\n\t\t\t\t<details\t\thelp class=\"sc_fs_faq sc_card    \"\n\t\t\t\t>\n\t\t\t\t\t<summary>\n\t\t\t\t<h3>4. Czy szkolenie daje uprawnienia TDT? <\/h3>\t\t\t\t\t<\/summary>\n\t\t\t\t<div>\n\t\t\t\t\t\t<div class=\"sc_fs_faq__content\">\n\t\t\t\t\n\n<p>Program szkolenia opracowany jest pod k\u0105tem egzaminu pa\u0144stwowego. Po jego zdaniu kursant otrzymuje uprawnienia wydawane przez TDT.&nbsp;<\/p>\n\n\t\t\t<\/div>\n\t\t<\/div>\n\t\t<\/details>\n\t\t\t\t<details\t\thelp class=\"sc_fs_faq sc_card    \"\n\t\t\t\t>\n\t\t\t\t\t<summary>\n\t\t\t\t<h3>5. Czy zaj\u0119cia odbywaj\u0105 si\u0119 zdalnie? <\/h3>\t\t\t\t\t<\/summary>\n\t\t\t\t<div>\n\t\t\t\t\t\t<div class=\"sc_fs_faq__content\">\n\t\t\t\t\n\n<p>Tak, dajemy mo\u017cliwo\u015b\u0107 odbycia cz\u0119\u015bci teoretycznej szkolenia zdalnie.<\/p>\n\n\t\t\t<\/div>\n\t\t<\/div>\n\t\t<\/details>\n\t\t\n<script type=\"application\/ld+json\">\n\t{\n\t\t\"@context\": \"https:\/\/schema.org\",\n\t\t\"@type\": \"FAQPage\",\n\t\t\"mainEntity\": [\n\t\t\t\t\t{\n\t\t\t\t\"@type\": \"Question\",\n\t\t\t\t\"name\": \"1. Gdzie stosuje si\u0119 przeci\u0105garki do przemieszczania wagon\u00f3w po torach? \",\n\t\t\t\t\"acceptedAnswer\": {\n\t\t\t\t\t\"@type\": \"Answer\",\n\t\t\t\t\t\"text\": \"<p>Urz\u0105dzenia te stosowane s\u0105 w betoniarniach, sk\u0142adnicach w\u0119gla, na wysypiskach oraz w oczyszczalniach \u015bciek\u00f3w.&nbsp;<\/p>\"\n\t\t\t\t\t\t\t\t\t}\n\t\t\t}\n\t\t\t,\t\t\t\t{\n\t\t\t\t\"@type\": \"Question\",\n\t\t\t\t\"name\": \"2. Jakie uprawnienia trzeba zdoby\u0107 na konserwatora przeci\u0105garek do wagon\u00f3w? \",\n\t\t\t\t\"acceptedAnswer\": {\n\t\t\t\t\t\"@type\": \"Answer\",\n\t\t\t\t\t\"text\": \"<p>Przeci\u0105garki do wagon\u00f3w nale\u017c\u0105 do specjalistycznych urz\u0105dze\u0144 transportu bliskiego i podlegaj\u0105 pod transportowy doz\u00f3r techniczny. W zwi\u0105zku z tym, do przeprowadzania konserwacji niezb\u0119dne jest zdobycie uprawnie\u0144 przed komisj\u0105 TDT.&nbsp;<\/p>\"\n\t\t\t\t\t\t\t\t\t}\n\t\t\t}\n\t\t\t,\t\t\t\t{\n\t\t\t\t\"@type\": \"Question\",\n\t\t\t\t\"name\": \"3. Na czym polega praca konserwatora maszyn? \",\n\t\t\t\t\"acceptedAnswer\": {\n\t\t\t\t\t\"@type\": \"Answer\",\n\t\t\t\t\t\"text\": \"<p>Konserwator odpowiedzialny jest przede wszystkim za bie\u017c\u0105cy serwis i naprawy urz\u0105dzenia. Musi posiada\u0107 niezb\u0119dn\u0105 wiedz\u0119 techniczn\u0105 oraz wytyczne dotycz\u0105ce cz\u0119stotliwo\u015bci konserwacji i prowadzenia dokumentacji.&nbsp;&nbsp;<\/p>\"\n\t\t\t\t\t\t\t\t\t}\n\t\t\t}\n\t\t\t,\t\t\t\t{\n\t\t\t\t\"@type\": \"Question\",\n\t\t\t\t\"name\": \"4. Czy szkolenie daje uprawnienia TDT? \",\n\t\t\t\t\"acceptedAnswer\": {\n\t\t\t\t\t\"@type\": \"Answer\",\n\t\t\t\t\t\"text\": \"<p>Program szkolenia opracowany jest pod k\u0105tem egzaminu pa\u0144stwowego. Po jego zdaniu kursant otrzymuje uprawnienia wydawane przez TDT.&nbsp;<\/p>\"\n\t\t\t\t\t\t\t\t\t}\n\t\t\t}\n\t\t\t,\t\t\t\t{\n\t\t\t\t\"@type\": \"Question\",\n\t\t\t\t\"name\": \"5. Czy zaj\u0119cia odbywaj\u0105 si\u0119 zdalnie? \",\n\t\t\t\t\"acceptedAnswer\": {\n\t\t\t\t\t\"@type\": \"Answer\",\n\t\t\t\t\t\"text\": \"<p>Tak, dajemy mo\u017cliwo\u015b\u0107 odbycia cz\u0119\u015bci teoretycznej szkolenia zdalnie.<\/p>\"\n\t\t\t\t\t\t\t\t\t}\n\t\t\t}\n\t\t\t\t\t\t]\n\t}\n<\/script>\n","protected":false},"excerpt":{"rendered":"<p>O szkoleniu Od wielu lat prowadzimy kursy oparte na do\u015bwiadczeniu naszych specjalist\u00f3w z bran\u017cy. Uprawnienia konserwatora maszyn wydawane s\u0105 przez komisj\u0119 powo\u0142an\u0105 przez Urz\u0105d Dozoru Technicznego lub Transportowy Doz\u00f3r Techniczny. W swojej ofercie posiadamy r\u00f3wnie\u017c szkolenia z obs\u0142ugi oraz konserwacji pozosta\u0142ych maszyn obj\u0119tych dozorem UDT i TDT. Proponujemy zar\u00f3wno szkolenia otwarte odbywaj\u0105ce si\u0119 w naszym [&hellip;]<\/p>\n","protected":false},"author":10,"featured_media":4007,"parent":2266,"menu_order":0,"comment_status":"closed","ping_status":"closed","template":"","meta":{"footnotes":""},"class_list":["post-3963","page","type-page","status-publish","has-post-thumbnail","hentry"],"aioseo_notices":[],"_links":{"self":[{"href":"https:\/\/szkolenia-udt.pl\/de\/wp-json\/wp\/v2\/pages\/3963","targetHints":{"allow":["GET"]}}],"collection":[{"href":"https:\/\/szkolenia-udt.pl\/de\/wp-json\/wp\/v2\/pages"}],"about":[{"href":"https:\/\/szkolenia-udt.pl\/de\/wp-json\/wp\/v2\/types\/page"}],"author":[{"embeddable":true,"href":"https:\/\/szkolenia-udt.pl\/de\/wp-json\/wp\/v2\/users\/10"}],"replies":[{"embeddable":true,"href":"https:\/\/szkolenia-udt.pl\/de\/wp-json\/wp\/v2\/comments?post=3963"}],"version-history":[{"count":6,"href":"https:\/\/szkolenia-udt.pl\/de\/wp-json\/wp\/v2\/pages\/3963\/revisions"}],"predecessor-version":[{"id":4299,"href":"https:\/\/szkolenia-udt.pl\/de\/wp-json\/wp\/v2\/pages\/3963\/revisions\/4299"}],"up":[{"embeddable":true,"href":"https:\/\/szkolenia-udt.pl\/de\/wp-json\/wp\/v2\/pages\/2266"}],"wp:featuredmedia":[{"embeddable":true,"href":"https:\/\/szkolenia-udt.pl\/de\/wp-json\/wp\/v2\/media\/4007"}],"wp:attachment":[{"href":"https:\/\/szkolenia-udt.pl\/de\/wp-json\/wp\/v2\/media?parent=3963"}],"curies":[{"name":"wp","href":"https:\/\/api.w.org\/{rel}","templated":true}]}}