{"id":3965,"date":"2023-03-08T16:50:25","date_gmt":"2023-03-08T15:50:25","guid":{"rendered":"https:\/\/szkolenia-udt.pl\/?page_id=3965"},"modified":"2025-06-13T23:32:49","modified_gmt":"2025-06-13T21:32:49","slug":"wartungspersonal-fur-gabelstapler-und-teleskoplader","status":"publish","type":"page","link":"https:\/\/szkolenia-udt.pl\/de\/kursy\/uprawnienia-udt-tdt-wdt\/konserwator-wozkow-widlowych-i-ladowarek-teleskopowych\/","title":{"rendered":"Lehrgang zur Wartung von Gabelstaplern und Teleskopladern"},"content":{"rendered":"<div class=\"wp-block-image\">\n<figure class=\"alignright size-large is-resized\"><a href=\"https:\/\/szkolenia-udt.pl\/wp-content\/uploads\/2023\/03\/screen_2x-56.jpg\"><img loading=\"lazy\" decoding=\"async\" width=\"1024\" height=\"684\" src=\"https:\/\/szkolenia-udt.pl\/wp-content\/uploads\/2023\/03\/screen_2x-56-1024x684.jpg\" alt=\"W\u00f3zek wid\u0142owy wioz\u0105cy towar\" class=\"wp-image-4015\" style=\"width:512px;height:342px\" srcset=\"https:\/\/szkolenia-udt.pl\/wp-content\/uploads\/2023\/03\/screen_2x-56-1024x684.jpg 1024w, https:\/\/szkolenia-udt.pl\/wp-content\/uploads\/2023\/03\/screen_2x-56-300x200.jpg 300w, https:\/\/szkolenia-udt.pl\/wp-content\/uploads\/2023\/03\/screen_2x-56-768x513.jpg 768w, https:\/\/szkolenia-udt.pl\/wp-content\/uploads\/2023\/03\/screen_2x-56-1536x1025.jpg 1536w, https:\/\/szkolenia-udt.pl\/wp-content\/uploads\/2023\/03\/screen_2x-56-18x12.jpg 18w, https:\/\/szkolenia-udt.pl\/wp-content\/uploads\/2023\/03\/screen_2x-56.jpg 1600w\" sizes=\"auto, (max-width: 1024px) 100vw, 1024px\" \/><\/a><\/figure>\n<\/div>\n\n\n<h2 class=\"wp-block-heading\">Nasze kursy<\/h2>\n\n\n\n<p>O\u015brodek Szkolenia Operator\u00f3w OSO to firma, kt\u00f3ra posiada wieloletnie do\u015bwiadczenie w prowadzeniu profesjonalnych kurs\u00f3w na stanowisko konserwatora sprz\u0119tu UDT. Prowadzimy zaj\u0119cia zgodnie z wytycznymi dozoru technicznego i przygotowujemy kursant\u00f3w pod k\u0105tem egzaminu pa\u0144stwowego. Gwarantujemy kompleksowe przygotowanie do zawodu konserwatora w\u00f3zk\u00f3w wid\u0142owych i \u0142adowarek teleskopowych.&nbsp;<\/p>\n\n\n\n<h2 class=\"wp-block-heading\">Sprz\u0119t \u2013 \u0142adowarki i w\u00f3zki&nbsp;<\/h2>\n\n\n\n<p>\u0141adowarki teleskopowe oraz w\u00f3zki wid\u0142owe to urz\u0105dzenia, kt\u00f3re zaliczy\u0107 mo\u017cna do kategorii urz\u0105dze\u0144 transportu bliskiego (UTB). Sprz\u0119t ten s\u0142u\u017cy g\u0142\u00f3wnie do wykonywania prac przy transportowaniu i za\u0142adunku materia\u0142\u00f3w b\u0105d\u017a narz\u0119dzi na halach przemys\u0142owych, produkcyjnych lub w magazynach. <\/p>\n\n\n\n<p>W\u00f3zk\u00f3w u\u017cywa si\u0119 do przewozu ma\u0142ego \u0142adunku na kr\u00f3tkich dystansach i umieszczania go na niewielkich wysoko\u015bciach. \u0141adowarki maj\u0105 podobne zastosowania, z t\u0105 r\u00f3\u017cnic\u0105, \u017ce mo\u017cna u\u017cywa\u0107 ich w miejscach trudniej dost\u0119pnych. <\/p>\n\n\n\n<p>Urz\u0105d Dozoru Technicznego, kt\u00f3ry sprawuje kontrol\u0119 nad u\u017cytkowaniem tego typu urz\u0105dze\u0144, wymaga odpowiedniej licencji, uprawniaj\u0105cej zar\u00f3wno do prac z zakresu ich obs\u0142ugi, jak i konserwacji.&nbsp;<\/p>\n\n\n<div class=\"wp-block-image\">\n<figure class=\"alignright size-large is-resized\"><a href=\"https:\/\/szkolenia-udt.pl\/wp-content\/uploads\/2023\/03\/screen_2x-58.jpg\"><img loading=\"lazy\" decoding=\"async\" width=\"1024\" height=\"684\" src=\"https:\/\/szkolenia-udt.pl\/wp-content\/uploads\/2023\/03\/screen_2x-58-1024x684.jpg\" alt=\"Szkolenie na w\u00f3zki wid\u0142owe jezdniowe\" class=\"wp-image-4017\" style=\"width:512px;height:342px\" srcset=\"https:\/\/szkolenia-udt.pl\/wp-content\/uploads\/2023\/03\/screen_2x-58-1024x684.jpg 1024w, https:\/\/szkolenia-udt.pl\/wp-content\/uploads\/2023\/03\/screen_2x-58-300x200.jpg 300w, https:\/\/szkolenia-udt.pl\/wp-content\/uploads\/2023\/03\/screen_2x-58-768x513.jpg 768w, https:\/\/szkolenia-udt.pl\/wp-content\/uploads\/2023\/03\/screen_2x-58-1536x1025.jpg 1536w, https:\/\/szkolenia-udt.pl\/wp-content\/uploads\/2023\/03\/screen_2x-58-18x12.jpg 18w, https:\/\/szkolenia-udt.pl\/wp-content\/uploads\/2023\/03\/screen_2x-58.jpg 1600w\" sizes=\"auto, (max-width: 1024px) 100vw, 1024px\" \/><\/a><\/figure>\n<\/div>\n\n\n<h2 class=\"wp-block-heading\">Przed przyst\u0105pieniem do kursu \u2013 wymagania&nbsp;<\/h2>\n\n\n\n<p>Zainteresowani kursem powinni:&nbsp;<\/p>\n\n\n\n<ul class=\"wp-block-list\">\n<li>mie\u0107 niemniej ni\u017c 18 lat,&nbsp;<\/li>\n\n\n\n<li>posiada\u0107 za\u015bwiadczenie lekarskie, kt\u00f3re potwierdza brak przeciwwskaza\u0144 do wykonywania zawodu,&nbsp;<\/li>\n\n\n\n<li>mie\u0107 wykszta\u0142cenie co najmniej podstawowe.&nbsp;<\/li>\n<\/ul>\n\n\n\n<h2 class=\"wp-block-heading\">Przebieg kursu na konserwatora&nbsp;<\/h2>\n\n\n\n<p>Nasz kurs to przede wszystkim nauka z zakresu praktyki i teorii opartej na do\u015bwiadczeniu specjalisty prowadz\u0105cego zaj\u0119cia. Szkolenie przysz\u0142ych konserwator\u00f3w to szczeg\u00f3\u0142owe przygotowanie pod wzgl\u0119dem znajomo\u015bci mechaniki, elektroniki, parametr\u00f3w technicznych i zasad BHP.&nbsp;&nbsp;<\/p>\n\n\n\n<h2 class=\"wp-block-heading\">Program szkolenia&nbsp;<\/h2>\n\n\n\n<p>&nbsp;Nasze szkolenia przybli\u017caj\u0105 wiedz\u0119 z tematyki dotycz\u0105cej m.in.:&nbsp;<\/p>\n\n\n\n<ul class=\"wp-block-list\">\n<li>sprawnego usuwania awarii,&nbsp;<\/li>\n\n\n\n<li>dbania o utrzymanie sprz\u0119tu we w\u0142a\u015bciwym stanie,&nbsp;<\/li>\n\n\n\n<li>zasad przeprowadzania przegl\u0105d\u00f3w,&nbsp;<\/li>\n\n\n\n<li>konstrukcji serwisowanego sprz\u0119tu,&nbsp;<\/li>\n\n\n\n<li>wymiany cz\u0119\u015bci, oleju, smaru itp.,&nbsp;&nbsp;&nbsp;&nbsp;<\/li>\n\n\n\n<li>zasad BHP,&nbsp;<\/li>\n\n\n\n<li>czynno\u015bci spawalniczych.&nbsp;<\/li>\n<\/ul>\n\n\n\n<h2 class=\"wp-block-heading\">Egzamin&nbsp;<\/h2>\n\n\n\n<p>Kurs konserwatora ko\u0144czy egzamin pa\u0144stwowy przygotowany przez Urz\u0105d Dozoru Technicznego. Nasze zaj\u0119cia uwzgl\u0119dniaj\u0105 wszystkie obowi\u0105zuj\u0105ce wymagania egzaminacyjne i kompleksowo przygotowuje do zaliczenia cz\u0119\u015bci teoretycznej i praktycznej.&nbsp;<\/p>\n\n\n\n<h2 class=\"wp-block-heading\">Obowi\u0105zki konserwatora sprz\u0119tu UDT&nbsp;<\/h2>\n\n\n\n<p>Praca konserwatora to przede wszystkim zapewnienie sprawno\u015bci i bezpiecze\u0144stwa w obs\u0142udze danego urz\u0105dzenia. Wed\u0142ug obecnych przepis\u00f3w wszystkie urz\u0105dzenia UDT musz\u0105 regularnie by\u0107 poddawane w\u0142a\u015bciwym przegl\u0105dom technicznym. W wyznaczonym terminie ka\u017cdy sprz\u0119t musi wi\u0119c przej\u015b\u0107 przegl\u0105d i konserwacj\u0119. UDT w przypadku niespe\u0142nienia tego wymogu mo\u017ce na\u0142o\u017cy\u0107 kar\u0119 administracyjn\u0105. Z tego powodu zaw\u00f3d konserwatora to gwarancja sta\u0142ego zatrudnienia.&nbsp;<\/p>\n\n\n\n<p>Poza szkoleniem dla konserwator\u00f3w oferujemy te\u017c kursy z obs\u0142ugi poszczeg\u00f3lnych rodzaj\u00f3w urz\u0105dze\u0144 UDT. Zapraszamy tak\u017ce do skorzystania z naszego serwisu czy przejrzenia oferty sprzeda\u017cowej.&nbsp;&nbsp;<\/p>\n\n\n\n<p>W\u015br\u00f3d obs\u0142ugiwanych przez nas maszyn, znajduj\u0105 si\u0119 marki takie, jak:&nbsp;<\/p>\n\n\n\n<div class=\"wp-block-columns is-layout-flex wp-container-core-columns-is-layout-9d6595d7 wp-block-columns-is-layout-flex\">\n<div class=\"wp-block-column is-layout-flow wp-block-column-is-layout-flow\">\n<ul class=\"wp-block-list\">\n<li>Jungheinrich,&nbsp;&nbsp;<\/li>\n\n\n\n<li>Toyota,&nbsp;&nbsp;<\/li>\n\n\n\n<li>BT,&nbsp;&nbsp;<\/li>\n\n\n\n<li>Still,&nbsp;&nbsp;<\/li>\n\n\n\n<li>Linde,&nbsp;&nbsp;<\/li>\n\n\n\n<li>Nissan,<\/li>\n<\/ul>\n<\/div>\n\n\n\n<div class=\"wp-block-column is-layout-flow wp-block-column-is-layout-flow\">\n<ul class=\"wp-block-list\">\n<li>Komatsu,&nbsp;&nbsp;<\/li>\n\n\n\n<li>Mitsubishi,&nbsp;&nbsp;<\/li>\n\n\n\n<li>Hyster,&nbsp;&nbsp;<\/li>\n\n\n\n<li>Yale,&nbsp;&nbsp;<\/li>\n\n\n\n<li>OMV,&nbsp;&nbsp;<\/li>\n\n\n\n<li>Clark,<\/li>\n<\/ul>\n<\/div>\n\n\n\n<div class=\"wp-block-column is-layout-flow wp-block-column-is-layout-flow\">\n<ul class=\"wp-block-list\">\n<li>Bauman,&nbsp;&nbsp;<\/li>\n\n\n\n<li>Taski,&nbsp;&nbsp;<\/li>\n\n\n\n<li>Hako,&nbsp;&nbsp;<\/li>\n\n\n\n<li>HC,&nbsp;&nbsp;<\/li>\n\n\n\n<li>OMG,&nbsp;&nbsp;<\/li>\n\n\n\n<li>Manitou,&nbsp;&nbsp;<\/li>\n\n\n\n<li>Hyundai.<\/li>\n<\/ul>\n<\/div>\n<\/div>\n\n\n\n<p>Swoje us\u0142ugi \u015bwiadczymy w ca\u0142ej Polsce. Zapraszamy do kontaktu.<\/p>\n\n\n\n<h2 class=\"wp-block-heading\">Pytania i odpowiedzi:<\/h2>\n\n\n\t\t<details\t\thelp class=\"sc_fs_faq sc_card    \"\n\t\topen\t\t>\n\t\t\t\t\t<summary>\n\t\t\t\t<h3>1. Jak zosta\u0107 konserwatorem UDT?<\/h3>\t\t\t\t\t<\/summary>\n\t\t\t\t<div>\n\t\t\t\t\t\t<div class=\"sc_fs_faq__content\">\n\t\t\t\t\n\n<p>Aby m\u00f3c wykonywa\u0107 zaw\u00f3d konserwatora przy sprz\u0119cie takim jak \u0142adowarki teleskopowe czy w\u00f3zki wid\u0142owe, nale\u017cy najpierw uzyska\u0107 w\u0142a\u015bciw\u0105 legitymacj\u0119. W tym celu nale\u017cy przej\u015b\u0107 kompleksowy kurs, a nast\u0119pnie zda\u0107 egzamin Urz\u0119du Dozoru Technicznego.&nbsp;&nbsp;<\/p>\n\n\t\t\t<\/div>\n\t\t<\/div>\n\t\t<\/details>\n\t\t\t\t<details\t\thelp class=\"sc_fs_faq sc_card    \"\n\t\t\t\t>\n\t\t\t\t\t<summary>\n\t\t\t\t<h3>2. Czym r\u00f3\u017cni\u0105 si\u0119 w\u00f3zki wid\u0142owe od \u0142adowarek teleskopowych?<\/h3>\t\t\t\t\t<\/summary>\n\t\t\t\t<div>\n\t\t\t\t\t\t<div class=\"sc_fs_faq__content\">\n\t\t\t\t\n\n<p>\u0141adowarki teleskopowe s\u0105 wykorzystywane w miejscach trudno dost\u0119pnych. Poza tym s\u0105 w stanie przenie\u015b\u0107 \u0142adunek znacznie wy\u017cej ni\u017c w\u00f3zek wid\u0142owy. W\u00f3zki sprawdzaj\u0105 si\u0119 natomiast przy prostszych pracach.&nbsp;<\/p>\n\n\t\t\t<\/div>\n\t\t<\/div>\n\t\t<\/details>\n\t\t\t\t<details\t\thelp class=\"sc_fs_faq sc_card    \"\n\t\t\t\t>\n\t\t\t\t\t<summary>\n\t\t\t\t<h3>3. Jakie s\u0105 wymagania przyst\u0105pienia do kursu?<\/h3>\t\t\t\t\t<\/summary>\n\t\t\t\t<div>\n\t\t\t\t\t\t<div class=\"sc_fs_faq__content\">\n\t\t\t\t\n\n<p>S\u0105 trzy wymagania: pe\u0142noletnio\u015b\u0107, wykszta\u0142cenie przynajmniej podstawowe i dokument medyczny potwierdzaj\u0105cy mo\u017cliwo\u015b\u0107 wykonywania zawodu konserwatora.&nbsp;<\/p>\n\n\t\t\t<\/div>\n\t\t<\/div>\n\t\t<\/details>\n\t\t\n<script type=\"application\/ld+json\">\n\t{\n\t\t\"@context\": \"https:\/\/schema.org\",\n\t\t\"@type\": \"FAQPage\",\n\t\t\"mainEntity\": [\n\t\t\t\t\t{\n\t\t\t\t\"@type\": \"Question\",\n\t\t\t\t\"name\": \"1. Jak zosta\u0107 konserwatorem UDT?\",\n\t\t\t\t\"acceptedAnswer\": {\n\t\t\t\t\t\"@type\": \"Answer\",\n\t\t\t\t\t\"text\": \"<p>Aby m\u00f3c wykonywa\u0107 zaw\u00f3d konserwatora przy sprz\u0119cie takim jak \u0142adowarki teleskopowe czy w\u00f3zki wid\u0142owe, nale\u017cy najpierw uzyska\u0107 w\u0142a\u015bciw\u0105 legitymacj\u0119. W tym celu nale\u017cy przej\u015b\u0107 kompleksowy kurs, a nast\u0119pnie zda\u0107 egzamin Urz\u0119du Dozoru Technicznego.&nbsp;&nbsp;<\/p>\"\n\t\t\t\t\t\t\t\t\t}\n\t\t\t}\n\t\t\t,\t\t\t\t{\n\t\t\t\t\"@type\": \"Question\",\n\t\t\t\t\"name\": \"2. Czym r\u00f3\u017cni\u0105 si\u0119 w\u00f3zki wid\u0142owe od \u0142adowarek teleskopowych?\",\n\t\t\t\t\"acceptedAnswer\": {\n\t\t\t\t\t\"@type\": \"Answer\",\n\t\t\t\t\t\"text\": \"<p>\u0141adowarki teleskopowe s\u0105 wykorzystywane w miejscach trudno dost\u0119pnych. Poza tym s\u0105 w stanie przenie\u015b\u0107 \u0142adunek znacznie wy\u017cej ni\u017c w\u00f3zek wid\u0142owy. W\u00f3zki sprawdzaj\u0105 si\u0119 natomiast przy prostszych pracach.&nbsp;<\/p>\"\n\t\t\t\t\t\t\t\t\t}\n\t\t\t}\n\t\t\t,\t\t\t\t{\n\t\t\t\t\"@type\": \"Question\",\n\t\t\t\t\"name\": \"3. Jakie s\u0105 wymagania przyst\u0105pienia do kursu?\",\n\t\t\t\t\"acceptedAnswer\": {\n\t\t\t\t\t\"@type\": \"Answer\",\n\t\t\t\t\t\"text\": \"<p>S\u0105 trzy wymagania: pe\u0142noletnio\u015b\u0107, wykszta\u0142cenie przynajmniej podstawowe i dokument medyczny potwierdzaj\u0105cy mo\u017cliwo\u015b\u0107 wykonywania zawodu konserwatora.&nbsp;<\/p>\"\n\t\t\t\t\t\t\t\t\t}\n\t\t\t}\n\t\t\t\t\t\t]\n\t}\n<\/script>\n","protected":false},"excerpt":{"rendered":"<p>Nasze kursy O\u015brodek Szkolenia Operator\u00f3w OSO to firma, kt\u00f3ra posiada wieloletnie do\u015bwiadczenie w prowadzeniu profesjonalnych kurs\u00f3w na stanowisko konserwatora sprz\u0119tu UDT. Prowadzimy zaj\u0119cia zgodnie z wytycznymi dozoru technicznego i przygotowujemy kursant\u00f3w pod k\u0105tem egzaminu pa\u0144stwowego. Gwarantujemy kompleksowe przygotowanie do zawodu konserwatora w\u00f3zk\u00f3w wid\u0142owych i \u0142adowarek teleskopowych.&nbsp; Sprz\u0119t \u2013 \u0142adowarki i w\u00f3zki&nbsp; \u0141adowarki teleskopowe oraz w\u00f3zki [&hellip;]<\/p>\n","protected":false},"author":10,"featured_media":4015,"parent":2266,"menu_order":0,"comment_status":"closed","ping_status":"closed","template":"","meta":{"footnotes":""},"class_list":["post-3965","page","type-page","status-publish","has-post-thumbnail","hentry"],"aioseo_notices":[],"_links":{"self":[{"href":"https:\/\/szkolenia-udt.pl\/de\/wp-json\/wp\/v2\/pages\/3965","targetHints":{"allow":["GET"]}}],"collection":[{"href":"https:\/\/szkolenia-udt.pl\/de\/wp-json\/wp\/v2\/pages"}],"about":[{"href":"https:\/\/szkolenia-udt.pl\/de\/wp-json\/wp\/v2\/types\/page"}],"author":[{"embeddable":true,"href":"https:\/\/szkolenia-udt.pl\/de\/wp-json\/wp\/v2\/users\/10"}],"replies":[{"embeddable":true,"href":"https:\/\/szkolenia-udt.pl\/de\/wp-json\/wp\/v2\/comments?post=3965"}],"version-history":[{"count":8,"href":"https:\/\/szkolenia-udt.pl\/de\/wp-json\/wp\/v2\/pages\/3965\/revisions"}],"predecessor-version":[{"id":5723,"href":"https:\/\/szkolenia-udt.pl\/de\/wp-json\/wp\/v2\/pages\/3965\/revisions\/5723"}],"up":[{"embeddable":true,"href":"https:\/\/szkolenia-udt.pl\/de\/wp-json\/wp\/v2\/pages\/2266"}],"wp:featuredmedia":[{"embeddable":true,"href":"https:\/\/szkolenia-udt.pl\/de\/wp-json\/wp\/v2\/media\/4015"}],"wp:attachment":[{"href":"https:\/\/szkolenia-udt.pl\/de\/wp-json\/wp\/v2\/media?parent=3965"}],"curies":[{"name":"wp","href":"https:\/\/api.w.org\/{rel}","templated":true}]}}