{"id":40,"date":"2014-10-07T16:21:46","date_gmt":"2014-10-07T16:21:46","guid":{"rendered":"http:\/\/szkolenia-udt.pl\/?page_id=40"},"modified":"2022-06-15T13:19:34","modified_gmt":"2022-06-15T11:19:34","slug":"kategorien-von-genehmigungen","status":"publish","type":"page","link":"https:\/\/szkolenia-udt.pl\/de\/uprawnienia-udt\/kategorie-uprawnien\/","title":{"rendered":"UDT-Lizenzkategorien bis 1. Juni 2019"},"content":{"rendered":"<div style=\"float: left; padding-right: 10px;\"><div id=\"metaslider-id-373\" style=\"max-width: 300px;\" class=\"ml-slider-3-107-0 metaslider metaslider-flex metaslider-373 ml-slider ms-theme-default nav-hidden\" role=\"region\" aria-label=\"\u00dcber das Unternehmen 2\" data-height=\"225\" data-width=\"300\">\n    <div id=\"metaslider_container_373\">\n        <div id=\"metaslider_373\">\n            <ul class='slides'>\n                <li style=\"display: block; width: 100%;\" class=\"slide-1109 ms-image\" aria-roledescription=\"slide\" data-date=\"2014-11-12 13:56:05\" data-filename=\"bizness3a.jpg\" data-slide-type=\"image\"><img loading=\"lazy\" decoding=\"async\" src=\"https:\/\/szkolenia-udt.pl\/wp-content\/uploads\/2014\/11\/bizness3a.jpg\" height=\"225\" width=\"300\" alt=\"Ausbildung\" class=\"slider-373 slide-1109 msDefaultImage\" \/><\/li>\n                <li style=\"display: none; width: 100%;\" class=\"slide-1106 ms-image\" aria-roledescription=\"slide\" data-date=\"2014-11-12 13:56:03\" data-filename=\"biznes5a.jpg\" data-slide-type=\"image\"><img loading=\"lazy\" decoding=\"async\" src=\"https:\/\/szkolenia-udt.pl\/wp-content\/uploads\/2014\/11\/biznes5a.jpg\" height=\"225\" width=\"300\" alt=\"Technische Pr\u00fcfstelle\" class=\"slider-373 slide-1106 msDefaultImage\" \/><\/li>\n                <li style=\"display: none; width: 100%;\" class=\"slide-1110 ms-image\" aria-roledescription=\"slide\" data-date=\"2014-11-12 14:04:12\" data-filename=\"meeting-2a.jpg\" data-slide-type=\"image\"><img loading=\"lazy\" decoding=\"async\" src=\"https:\/\/szkolenia-udt.pl\/wp-content\/uploads\/2014\/11\/meeting-2a.jpg\" height=\"225\" width=\"300\" alt=\"udt-Kurse\" class=\"slider-373 slide-1110 msDefaultImage\" \/><\/li>\n                <li style=\"display: none; width: 100%;\" class=\"slide-1199 ms-image\" aria-roledescription=\"slide\" data-date=\"2014-11-17 21:17:06\" data-filename=\"firma-5a.jpg\" data-slide-type=\"image\"><img loading=\"lazy\" decoding=\"async\" src=\"https:\/\/szkolenia-udt.pl\/wp-content\/uploads\/2014\/11\/firma-5a.jpg\" height=\"225\" width=\"300\" alt=\"Warschauer Gabelstapler\" class=\"slider-373 slide-1199 msDefaultImage\" \/><\/li>\n                <li style=\"display: none; width: 100%;\" class=\"slide-1196 ms-image\" aria-roledescription=\"slide\" data-date=\"2014-11-17 21:17:04\" data-filename=\"Firma-2a.jpg\" data-slide-type=\"image\"><img loading=\"lazy\" decoding=\"async\" src=\"https:\/\/szkolenia-udt.pl\/wp-content\/uploads\/2014\/11\/Firma-2a.jpg\" height=\"225\" width=\"300\" alt=\"\" class=\"slider-373 slide-1196 msDefaultImage\" \/><\/li>\n            <\/ul>\n        <\/div>\n        \n    <\/div>\n<\/div><\/div>\n<div class=\"wyjustuj\">\n<p>Auf dieser Seite finden Sie eine detaillierte Liste der Ger\u00e4te, f\u00fcr die eine UDT-Lizenz erforderlich ist. Dabei handelt es sich um Ger\u00e4te, die der technischen \u00dcberwachung unterliegen und f\u00fcr deren Betrieb eine Grundausbildung und eine Pr\u00fcfung vor einem Ausschuss des Technischen \u00dcberwachungsvereins erforderlich sind. Wenn Sie sich f\u00fcr unser Personalentwicklungszentrum entscheiden, k\u00f6nnen Sie UDT-Zulassungen in dem Bereich Ihrer Wahl erwerben. Wir bieten eine umfassende Ausbildung zu erschwinglichen Preisen, und unsere Lehrmethoden f\u00fchren dazu, dass praktisch alle Teilnehmer unserer Kurse ihre Pr\u00fcfungen beim ersten Versuch bestehen. Wir bieten erschwingliche Kurspreise, und da wir mit der Beh\u00f6rde zusammenarbeiten, werden die Pr\u00fcfungen zu f\u00fcr unsere Kunden g\u00fcnstigen Zeiten organisiert. Weitere Informationen \u00fcber UDT-Zulassungen und technische Ausr\u00fcstung, die der technischen \u00dcberwachung unterliegt, finden Sie auf unserer Website <a href=\"http:\/\/www.udt.gov.pl\" target=\"_blank\" rel=\"noopener noreferrer\">https:\/\/www.udt.gov.pl<\/a>. Wenn Sie Fragen haben zu <a href=\"https:\/\/szkolenia-udt.pl\/de\/oferta\/\">unsere Dienstleistungen<\/a> oder einen Kurs buchen m\u00f6chten, besuchen Sie bitte <a href=\"https:\/\/szkolenia-udt.pl\/de\/kontakt\/\">Kontaktieren Sie uns<\/a> - wir werden so schnell wie m\u00f6glich antworten!<\/p>\n<div style=\"width: 90%; margin-left: 40px; font-size: 80%; overflow: auto;\">\n<table border=\"3\" cellspacing=\"1\" cellpadding=\"1\">\n<tbody>\n<tr>\n<td width=\"85\">Gruppe<\/td>\n<td width=\"85\">Kategorie<\/td>\n<td width=\"236\">Der Umfang der Betriebserlaubnis wird durch die Art (Zweck) des Ger\u00e4ts bestimmt.<\/td>\n<td width=\"227\">Detaillierter Anwendungsbereich - m\u00f6gliche Einschr\u00e4nkungen<\/td>\n<\/tr>\n<tr>\n<td width=\"85\">1<\/td>\n<td width=\"85\">2<\/td>\n<td width=\"236\">3<\/td>\n<td width=\"227\">4<\/td>\n<\/tr>\n<tr>\n<td rowspan=\"2\">Sattelzugmaschinen<\/td>\n<td width=\"85\">II W<\/td>\n<td width=\"236\">Arbeiten mit niveaugesteuerten Hebezeugen und Winden sowie station\u00e4ren Werkstattkr\u00e4nen.<\/td>\n<td width=\"227\">Zweck der Ausr\u00fcstung:<\/p>\n<ul>\n<li>Allzweckhaken,<\/li>\n<li>besonders:\n<ul>\n<li>cuzienne,<\/li>\n<li>H\u00e4rten,<\/li>\n<li>ley,<\/li>\n<li>fesselnd,<\/li>\n<li>Greifer,<\/li>\n<li>andere.<\/li>\n<\/ul>\n<\/li>\n<\/ul>\n<\/td>\n<\/tr>\n<tr>\n<td width=\"85\">I W<\/td>\n<td width=\"236\">Hebezeuge und Winden, die von der Arbeitsebene oder von der Kabine aus gesteuert werden, sowie station\u00e4re Werkstattkr\u00e4ne.<\/td>\n<td width=\"227\">Zweck der Ausr\u00fcstung:<\/p>\n<ul>\n<li>Allzweckhaken,<\/li>\n<li>besonders:\n<ul>\n<li>cuzienne,<\/li>\n<li>H\u00e4rten,<\/li>\n<li>ley,<\/li>\n<li>fesselnd,<\/li>\n<li>Greifer,<\/li>\n<li>andere.<\/li>\n<\/ul>\n<\/li>\n<\/ul>\n<\/td>\n<\/tr>\n<tr>\n<td rowspan=\"2\">Kr\u00e4ne<\/td>\n<td width=\"85\">II S<\/td>\n<td width=\"236\">Br\u00fcckenkr\u00e4ne, Hebezeuge und Winden, die von der Arbeitsebene aus gesteuert werden, sowie station\u00e4re Werkstattkr\u00e4ne.<\/td>\n<td width=\"227\">Zweck der Ausr\u00fcstung:<\/p>\n<ul>\n<li>Allzweckhaken,<\/li>\n<li>besonders:\n<ul>\n<li>kaffir,<\/li>\n<li>Spalten,<\/li>\n<li>cuzienne,<\/li>\n<li>Papaya,<\/li>\n<li>Zecken,<\/li>\n<li>stryper,<\/li>\n<li>Charge,<\/li>\n<li>H\u00e4rten,<\/li>\n<li>ley,<\/li>\n<li>fesselnd,<\/li>\n<li>Greifer,<\/li>\n<li>durchqueren,<\/li>\n<li>andere.<\/li>\n<\/ul>\n<\/li>\n<\/ul>\n<\/td>\n<\/tr>\n<tr>\n<td width=\"85\">I S<\/td>\n<td width=\"236\">Br\u00fcckenkr\u00e4ne, Hebezeuge und Winden, die von der Arbeitsebene oder von der Kabine aus gesteuert werden, sowie station\u00e4re Werkstattkr\u00e4ne.<\/td>\n<td width=\"227\">Zweck der Ausr\u00fcstung:<\/p>\n<ul>\n<li>Allzweckhaken,<\/li>\n<li>besonders:\n<ul>\n<li>kaffir,<\/li>\n<li>Spalten,<\/li>\n<li>cuzienne,<\/li>\n<li>Papaya,<\/li>\n<li>Zecken,<\/li>\n<li>stryper,<\/li>\n<li>Charge,<\/li>\n<li>H\u00e4rten,<\/li>\n<li>ley,<\/li>\n<li>fesselnd,<\/li>\n<li>Greifer,<\/li>\n<li>durchqueren,<\/li>\n<li>andere.<\/li>\n<\/ul>\n<\/li>\n<\/ul>\n<\/td>\n<\/tr>\n<tr>\n<td rowspan=\"3\">Kr\u00e4ne<\/td>\n<td width=\"85\">II \u00bf<\/td>\n<td width=\"236\">Kr\u00e4ne:<\/p>\n<ul>\n<li>station\u00e4r,<\/li>\n<li>mobil,<\/li>\n<li>tragbar,<\/li>\n<li>selbstfahrend.<\/li>\n<\/ul>\n<\/td>\n<td width=\"227\">Arten von Ausr\u00fcstung, Arten von Ausr\u00fcstung,<\/p>\n<p>Kapazit\u00e4tsbegrenzung.<\/td>\n<\/tr>\n<tr>\n<td rowspan=\"2\" width=\"85\">I \u017b<\/td>\n<td width=\"236\">Kr\u00e4ne:<\/p>\n<ul>\n<li>Turm und Schnellmontage.<\/li>\n<\/ul>\n<\/td>\n<td width=\"227\">Arten von Ausr\u00fcstung:<\/p>\n<ul>\n<li>Konstruktion,<\/li>\n<li>andere,<\/li>\n<\/ul>\n<p>Ger\u00e4tearten,<\/p>\n<p>Kapazit\u00e4tsbegrenzung.<\/td>\n<\/tr>\n<tr>\n<td width=\"236\">\n<ul>\n<li>Schiene<\/li>\n<\/ul>\n<\/td>\n<td width=\"227\">Arten von Ausr\u00fcstung:<\/p>\n<ul>\n<li>Schiffbau,<\/li>\n<li>andere,<\/li>\n<\/ul>\n<p>Kapazit\u00e4tsbegrenzung.<\/td>\n<\/tr>\n<tr>\n<td rowspan=\"2\">Mobile Plattformen<\/td>\n<td width=\"85\">II P<\/td>\n<td width=\"236\">Mobile Plattformen:<\/p>\n<ul>\n<li>h\u00e4ngen,<\/li>\n<li>Mastk\u00f6pfe,<\/li>\n<li>station\u00e4r.<\/li>\n<\/ul>\n<\/td>\n<td width=\"227\">Arten von Ausr\u00fcstung, Arten von Ausr\u00fcstung.<\/td>\n<\/tr>\n<tr>\n<td width=\"85\">I P<\/td>\n<td width=\"236\">Mobile mobile Plattformen:<\/p>\n<ul>\n<li>Zeitlupe,<\/li>\n<li>fahrzeugmontiert und selbstfahrend,<\/li>\n<li>mobil.<\/li>\n<\/ul>\n<\/td>\n<td width=\"227\">Arten von Ausr\u00fcstung, Arten von Ausr\u00fcstung.<\/td>\n<\/tr>\n<tr>\n<td>Regalbedienger\u00e4te<\/td>\n<td width=\"85\">I U<\/td>\n<td width=\"236\">Stapler.<\/td>\n<td width=\"227\">Ger\u00e4tetypen.<\/td>\n<\/tr>\n<tr>\n<td>Seilkrane<\/td>\n<td width=\"85\">I L<\/td>\n<td width=\"236\">Linotor-Kr\u00e4ne.<\/td>\n<td width=\"227\"><\/td>\n<\/tr>\n<tr>\n<td><a href=\"https:\/\/szkolenia-udt.pl\/de\/kursy\/uprawnienia-udt-tdt-wdt\/wyciagi-towarowe\/\">Lastenaufz\u00fcge<\/a><\/td>\n<td width=\"85\">I WT<\/td>\n<td width=\"236\">Lastenaufz\u00fcge:<\/p>\n<ul>\n<li>station\u00e4r,<\/li>\n<li>mobil und tragbar,<\/li>\n<li>Schiffshebewerke.<\/li>\n<\/ul>\n<\/td>\n<td width=\"227\">Arten von Ausr\u00fcstung, Arten von Ausr\u00fcstung.<\/td>\n<\/tr>\n<tr>\n<td rowspan=\"2\">Kr\u00e4ne<\/td>\n<td width=\"85\">II D<\/td>\n<td width=\"236\">Baukr\u00e4ne:<\/p>\n<ul>\n<li>Lastenaufz\u00fcge sowie mobile und transportable Lastenaufz\u00fcge,<\/li>\n<li>Fracht und Menschen.<\/li>\n<\/ul>\n<\/td>\n<td width=\"227\">Arten von Ausr\u00fcstung.<\/td>\n<\/tr>\n<tr>\n<td width=\"85\">\n<p style=\"text-align: center;\">I D<\/p>\n<\/td>\n<td width=\"236\">Innerbetrieblich kontrollierte Fracht- und Krankenhauskr\u00e4ne.<\/td>\n<td width=\"227\"><\/td>\n<\/tr>\n<tr>\n<td>Ausr\u00fcstung f\u00fcr den Containerumschlag<\/td>\n<td width=\"85\">I K<\/td>\n<td width=\"236\">Containerumschlagger\u00e4te f\u00fcr Umschlagarbeiten.<\/td>\n<td width=\"227\">Ger\u00e4tetypen.<\/td>\n<\/tr>\n<tr>\n<td rowspan=\"3\"><a href=\"https:\/\/szkolenia-udt.pl\/de\/kursy\/wozki-widlowe\/budowa-wozka-jezdniowego\/\">Mobile Lastwagen<\/a> Hebezeug<\/td>\n<td width=\"85\">III WJO<\/td>\n<td width=\"236\">Mannbetriebene und ferngesteuerte Stapler<\/td>\n<td width=\"227\"><\/td>\n<\/tr>\n<tr>\n<td width=\"85\">\u00a0II WJO<\/td>\n<td width=\"236\">Gabelstapler mit Ausnahme von Spezialfahrzeugen.<\/td>\n<td width=\"227\"><\/td>\n<\/tr>\n<tr>\n<td width=\"85\">I WJO<\/td>\n<td width=\"236\">Gabelstapler, einschlie\u00dflich Spezialstapler.<\/td>\n<td width=\"227\">Typ des Spezialwagens:<\/p>\n<ul>\n<li>wenn der Bediener die Last anhebt,<\/li>\n<li>mit variablem \u00dcberhang.<\/li>\n<\/ul>\n<\/td>\n<\/tr>\n<\/tbody>\n<\/table>\n<p>&nbsp;<\/p>\n<\/div>\n<\/div>","protected":false},"excerpt":{"rendered":"<p>Na tej stronie znajdziesz szczeg\u00f3\u0142owy wykaz urz\u0105dze\u0144, do kt\u00f3rych obs\u0142ugi potrzebne s\u0105 uprawnienia UDT. S\u0105 to urz\u0105dzenia podlegaj\u0105ce dozorowi technicznemu i wymagaj\u0105ce pocz\u0105tkowego przeszkolenia do obs\u0142ugi oraz zdania egzaminu przed komisj\u0105 Urz\u0119du Dozoru Technicznego. Wybieraj\u0105c nasz O\u015brodek Doskonalenia Kadr, mo\u017cesz uzyska\u0107 uprawnienia UDT w wybranym przez siebie zakresie. Zapewniamy kompleksowe przeszkolenie w przyst\u0119pnych cenach, a [&hellip;]<\/p>\n","protected":false},"author":3,"featured_media":0,"parent":37,"menu_order":0,"comment_status":"closed","ping_status":"closed","template":"","meta":{"footnotes":""},"class_list":["post-40","page","type-page","status-publish","hentry"],"aioseo_notices":[],"_links":{"self":[{"href":"https:\/\/szkolenia-udt.pl\/de\/wp-json\/wp\/v2\/pages\/40","targetHints":{"allow":["GET"]}}],"collection":[{"href":"https:\/\/szkolenia-udt.pl\/de\/wp-json\/wp\/v2\/pages"}],"about":[{"href":"https:\/\/szkolenia-udt.pl\/de\/wp-json\/wp\/v2\/types\/page"}],"author":[{"embeddable":true,"href":"https:\/\/szkolenia-udt.pl\/de\/wp-json\/wp\/v2\/users\/3"}],"replies":[{"embeddable":true,"href":"https:\/\/szkolenia-udt.pl\/de\/wp-json\/wp\/v2\/comments?post=40"}],"version-history":[{"count":19,"href":"https:\/\/szkolenia-udt.pl\/de\/wp-json\/wp\/v2\/pages\/40\/revisions"}],"predecessor-version":[{"id":2905,"href":"https:\/\/szkolenia-udt.pl\/de\/wp-json\/wp\/v2\/pages\/40\/revisions\/2905"}],"up":[{"embeddable":true,"href":"https:\/\/szkolenia-udt.pl\/de\/wp-json\/wp\/v2\/pages\/37"}],"wp:attachment":[{"href":"https:\/\/szkolenia-udt.pl\/de\/wp-json\/wp\/v2\/media?parent=40"}],"curies":[{"name":"wp","href":"https:\/\/api.w.org\/{rel}","templated":true}]}}