{"id":4065,"date":"2023-03-08T16:57:00","date_gmt":"2023-03-08T15:57:00","guid":{"rendered":"https:\/\/szkolenia-udt.pl\/?page_id=4065"},"modified":"2023-03-13T16:17:54","modified_gmt":"2023-03-13T15:17:54","slug":"udt-zulassung-fur-krane","status":"publish","type":"page","link":"https:\/\/szkolenia-udt.pl\/de\/kursy\/uprawnienia-udt-tdt-wdt\/uprawnienia-udt-na-zurawie\/","title":{"rendered":"UDT-Genehmigungen f\u00fcr Krane"},"content":{"rendered":"<div class=\"wp-block-image\">\n<figure class=\"aligncenter size-large is-resized\"><a href=\"https:\/\/szkolenia-udt.pl\/wp-content\/uploads\/2023\/03\/screen_2x-64.jpg\"><img loading=\"lazy\" decoding=\"async\" src=\"https:\/\/szkolenia-udt.pl\/wp-content\/uploads\/2023\/03\/screen_2x-64-1024x500.jpg\" alt=\"Operator \u017curawia wie\u017cowego\" class=\"wp-image-4067\" width=\"768\" height=\"375\" srcset=\"https:\/\/szkolenia-udt.pl\/wp-content\/uploads\/2023\/03\/screen_2x-64-1024x500.jpg 1024w, https:\/\/szkolenia-udt.pl\/wp-content\/uploads\/2023\/03\/screen_2x-64-300x146.jpg 300w, https:\/\/szkolenia-udt.pl\/wp-content\/uploads\/2023\/03\/screen_2x-64-768x375.jpg 768w, https:\/\/szkolenia-udt.pl\/wp-content\/uploads\/2023\/03\/screen_2x-64-1536x750.jpg 1536w, https:\/\/szkolenia-udt.pl\/wp-content\/uploads\/2023\/03\/screen_2x-64-18x9.jpg 18w, https:\/\/szkolenia-udt.pl\/wp-content\/uploads\/2023\/03\/screen_2x-64.jpg 1600w\" sizes=\"auto, (max-width: 768px) 100vw, 768px\" \/><\/a><\/figure>\n<\/div>\n\n\n<h2 class=\"wp-block-heading\">O naszych kursach<\/h2>\n\n\n\n<p>Nasza firma OSO prowadzi <a href=\"https:\/\/szkolenia-udt.pl\/de\/kursy\/uprawnienia-udt-tdt-wdt\/zurawie-wiezowe\/\">kurs na \u017curawie wie\u017cowe<\/a> i szybkomontuj\u0105ce, HDS, d\u017awigi i inne maszyny podlegaj\u0105ce pod UDT. Szkolenia przeprowadzane s\u0105 przez profesjonaln\u0105 kadr\u0119, kt\u00f3ra posiada odpowiednie uprawnienia. Oferujemy odpowiednio przygotowany program szkoleniowy, kt\u00f3ry znacznie u\u0142atwi przyswojenie wiedzy na temat tych maszyn. Opr\u00f3cz samych wyk\u0142ad\u00f3w nauczysz si\u0119 u nas, jak wykonywa\u0107 bezpieczn\u0105 prac\u0119 jako konserwator lub operator \u017curawia.&nbsp;<\/p>\n\n\n<div class=\"wp-block-image\">\n<figure class=\"alignright size-large is-resized\"><a href=\"https:\/\/szkolenia-udt.pl\/wp-content\/uploads\/2023\/03\/canva-half-built-multistage-building-and-crane-tower-at-construction-area-against-cloudy-sky-MAEYds8GLdA.jpg\"><img loading=\"lazy\" decoding=\"async\" src=\"https:\/\/szkolenia-udt.pl\/wp-content\/uploads\/2023\/03\/canva-half-built-multistage-building-and-crane-tower-at-construction-area-against-cloudy-sky-MAEYds8GLdA-683x1024.jpg\" alt=\"\u017buraw HDS podczas transportu\" class=\"wp-image-4066\" width=\"342\" height=\"512\" srcset=\"https:\/\/szkolenia-udt.pl\/wp-content\/uploads\/2023\/03\/canva-half-built-multistage-building-and-crane-tower-at-construction-area-against-cloudy-sky-MAEYds8GLdA-683x1024.jpg 683w, https:\/\/szkolenia-udt.pl\/wp-content\/uploads\/2023\/03\/canva-half-built-multistage-building-and-crane-tower-at-construction-area-against-cloudy-sky-MAEYds8GLdA-200x300.jpg 200w, https:\/\/szkolenia-udt.pl\/wp-content\/uploads\/2023\/03\/canva-half-built-multistage-building-and-crane-tower-at-construction-area-against-cloudy-sky-MAEYds8GLdA-768x1152.jpg 768w, https:\/\/szkolenia-udt.pl\/wp-content\/uploads\/2023\/03\/canva-half-built-multistage-building-and-crane-tower-at-construction-area-against-cloudy-sky-MAEYds8GLdA-1024x1536.jpg 1024w, https:\/\/szkolenia-udt.pl\/wp-content\/uploads\/2023\/03\/canva-half-built-multistage-building-and-crane-tower-at-construction-area-against-cloudy-sky-MAEYds8GLdA-8x12.jpg 8w, https:\/\/szkolenia-udt.pl\/wp-content\/uploads\/2023\/03\/canva-half-built-multistage-building-and-crane-tower-at-construction-area-against-cloudy-sky-MAEYds8GLdA.jpg 1067w\" sizes=\"auto, (max-width: 342px) 100vw, 342px\" \/><\/a><\/figure>\n<\/div>\n\n\n<h2 class=\"wp-block-heading\">Program szkolenia na \u017curawia&nbsp;&nbsp;<\/h2>\n\n\n\n<p>Na naszym kursie dowiesz si\u0119 takich rzeczy jak:&nbsp;<\/p>\n\n\n\n<ul class=\"wp-block-list\">\n<li>konstrukcja \u017curawi,&nbsp;<\/li>\n\n\n\n<li>zasady BHP,&nbsp;<\/li>\n\n\n\n<li>jak przygotowa\u0107 si\u0119 do rozpocz\u0119cia pracy,&nbsp;<\/li>\n\n\n\n<li>jak poprawnie obs\u0142ugiwa\u0107 maszyn\u0119,&nbsp;<\/li>\n\n\n\n<li>zabezpieczenia maszyny,&nbsp;<\/li>\n\n\n\n<li>zasady poprawnego wykonywania powierzonych zada\u0144,&nbsp;<\/li>\n\n\n\n<li>obowi\u0105zki operatora lub konserwatora,&nbsp;<\/li>\n\n\n\n<li>jak poprawnie zachowa\u0107 si\u0119 w kryzysowych sytuacjach.&nbsp;<\/li>\n<\/ul>\n\n\n\n<h2 class=\"wp-block-heading\">Egzamin UDT&nbsp;<\/h2>\n\n\n\n<p>Je\u015bli zamierzamy wykonywa\u0107 prac\u0119 z danym urz\u0105dzeniem, nale\u017cy odby\u0107 kurs ucz\u0105cy z zakresu wiedzy teoretycznej i praktycznej z obs\u0142ugi lub konserwacji. Je\u015bli zdob\u0119dziemy wiedz\u0119 oraz umiej\u0119tno\u015bci praktyczne, to przyst\u0105pimy do egzaminu pa\u0144stwowego. <\/p>\n\n\n\n<p>Na egzaminie odb\u0119d\u0105 si\u0119 dwa rodzaje test\u00f3w, jeden z nich ma przedstawi\u0107 nasz\u0105 wiedz\u0119 na temat \u017curawi w formie pisemnej. Drugi test, polega\u0107 b\u0119dzie na zaprezentowaniu umiej\u0119tno\u015bci praktycznych, czyli pokaza\u0107, jak pracujemy z \u017curawiem. Po pozytywnym zako\u0144czeniu egzamin\u00f3w otrzymamy uprawienia do wykonywania pracy z \u017curawiem. Okres, przez jaki uprawienia posiadaj\u0105 wa\u017cno\u015b\u0107, wynosi 5 lat.&nbsp;<\/p>\n\n\n<div style=\"width: 640px;\" class=\"wp-video\"><video id=\"video-4065-1\" width=\"640\" height=\"360\" poster=\"https:\/\/szkolenia-udt.pl\/wp-content\/uploads\/2023\/03\/okladka-podnosnik-OSO-1.jpg\" preload=\"metadata\" controls=\"controls\"><source type=\"video\/mp4\" src=\"https:\/\/szkolenia-udt.pl\/wp-content\/uploads\/2023\/03\/zuraw-SZKOLENIA-UDT.PL-OSO.mp4?_=1\" \/><a href=\"https:\/\/szkolenia-udt.pl\/wp-content\/uploads\/2023\/03\/zuraw-SZKOLENIA-UDT.PL-OSO.mp4\">https:\/\/szkolenia-udt.pl\/wp-content\/uploads\/2023\/03\/zuraw-SZKOLENIA-UDT.PL-OSO.mp4<\/a><\/video><\/div>\n\n\n<h2 class=\"wp-block-heading\">Typy \u017curawi&nbsp;&nbsp;<\/h2>\n\n\n\n<ul class=\"wp-block-list\">\n<li>\u017curawie wie\u017cowe i szybkomontuj\u0105ce,<\/li>\n\n\n\n<li>\u017curawie kolejowe i na pojazdach kolejowych,&nbsp;<\/li>\n\n\n\n<li>\u017curawie pok\u0142adowe,&nbsp;<\/li>\n\n\n\n<li><a href=\"https:\/\/szkolenia-udt.pl\/de\/kursy\/uprawnienia-udt-tdt-wdt\/zurawie-przenosne\/\">\u017curawie przeno\u015bne<\/a> HDS,&nbsp;<\/li>\n\n\n\n<li><a href=\"https:\/\/szkolenia-udt.pl\/de\/kursy\/uprawnienia-udt-tdt-wdt\/operator-konserwator-zurawia-samojezdnego\/\">\u017curawie samojezdne<\/a>\/d\u017awigi,&nbsp;<\/li>\n\n\n\n<li>\u017curawie stacjonarne.&nbsp;<\/li>\n<\/ul>\n\n\n\n<p>Oferujemy szkolenia na wszystkie typy wymienionych wy\u017cej \u017curawi.&nbsp;<\/p>\n\n\n<div class=\"wp-block-image\">\n<figure class=\"alignleft size-large is-resized\"><a href=\"https:\/\/szkolenia-udt.pl\/wp-content\/uploads\/2023\/03\/screen_2x-63.jpg\"><img loading=\"lazy\" decoding=\"async\" src=\"https:\/\/szkolenia-udt.pl\/wp-content\/uploads\/2023\/03\/screen_2x-63-1024x698.jpg\" alt=\"Zaj\u0119cia praktyczne z konserwacji urz\u0105dzenia\" class=\"wp-image-4069\" width=\"512\" height=\"349\" srcset=\"https:\/\/szkolenia-udt.pl\/wp-content\/uploads\/2023\/03\/screen_2x-63-1024x698.jpg 1024w, https:\/\/szkolenia-udt.pl\/wp-content\/uploads\/2023\/03\/screen_2x-63-300x205.jpg 300w, https:\/\/szkolenia-udt.pl\/wp-content\/uploads\/2023\/03\/screen_2x-63-768x524.jpg 768w, https:\/\/szkolenia-udt.pl\/wp-content\/uploads\/2023\/03\/screen_2x-63-1536x1047.jpg 1536w, https:\/\/szkolenia-udt.pl\/wp-content\/uploads\/2023\/03\/screen_2x-63-18x12.jpg 18w, https:\/\/szkolenia-udt.pl\/wp-content\/uploads\/2023\/03\/screen_2x-63.jpg 1600w\" sizes=\"auto, (max-width: 512px) 100vw, 512px\" \/><\/a><\/figure>\n<\/div>\n\n\n<h2 class=\"wp-block-heading\">\u017buraw wie\u017cowy&nbsp;<\/h2>\n\n\n\n<p>Jest to d\u017awignica, kt\u00f3ra sk\u0142ada si\u0119 z pionowego masztu na stacjonarnym lub przejezdnym podwoziu, a tak\u017ce z wysi\u0119gnika poziomego lub odpowiednio nachylonego pod k\u0105tem do poziomu. Zadaniem \u017curawia wie\u017cowego jest przenosi\u0107 \u0142adunki poprzez hak, kt\u00f3ry utrzymywany jest przez linie z wysi\u0119gnika \u017curawia.&nbsp;&nbsp;<\/p>\n\n\n\n<h2 class=\"wp-block-heading\">\u017buraw HDS&nbsp;<\/h2>\n\n\n\n<p>Hydrauliczny d\u017awig samochodowy jest to sprz\u0119t ci\u0119\u017cki, kt\u00f3ry s\u0142u\u017cy do przenoszenia i podnoszenia \u0142adunk\u00f3w o znacznej masie. \u017burawi HDS mo\u017ce wykonywa\u0107 swoj\u0105 prac\u0119 zawdzi\u0119czaj\u0105c j\u0105 uk\u0142adowi hydraulicznemu, dzi\u0119ki kt\u00f3remu mo\u017ce on pozyskiwa\u0107 wi\u0119ksz\u0105 moc. Zamontowany na poje\u017adzie uk\u0142ad, umo\u017cliwia \u017curawiowi transport r\u00f3wnie\u017c przedmiot\u00f3w takich jak kontenery transportowe.&nbsp;<\/p>\n\n\n\n<p>\u017burawi u\u017cywa si\u0119 tak\u017ce do transportu materia\u0142\u00f3w na plac budowy czy te\u017c w przemy\u015ble drzewnym, maj\u0105 one za zadanie transportowa\u0107 poci\u0119te drewno. \u017buraw HDS podlega pod doz\u00f3r techniczny, wi\u0119c osoba wykonuj\u0105ca prace z nim jako operator lub konserwator musi posiada\u0107 odpowiednie uprawnienia.&nbsp;<\/p>\n\n\n<div class=\"wp-block-image\">\n<figure class=\"alignright size-large is-resized\"><a href=\"https:\/\/szkolenia-udt.pl\/wp-content\/uploads\/2023\/03\/canva-low-angle-shot-of-a-tower-crane-MAE8kDCseQ8.jpg\"><img loading=\"lazy\" decoding=\"async\" src=\"https:\/\/szkolenia-udt.pl\/wp-content\/uploads\/2023\/03\/canva-low-angle-shot-of-a-tower-crane-MAE8kDCseQ8-1024x683.jpg\" alt=\"D\u017awig wie\u017cowy i szybkomontuj\u0105cy podczas pracy\" class=\"wp-image-4068\" width=\"512\" height=\"342\" srcset=\"https:\/\/szkolenia-udt.pl\/wp-content\/uploads\/2023\/03\/canva-low-angle-shot-of-a-tower-crane-MAE8kDCseQ8-1024x683.jpg 1024w, https:\/\/szkolenia-udt.pl\/wp-content\/uploads\/2023\/03\/canva-low-angle-shot-of-a-tower-crane-MAE8kDCseQ8-300x200.jpg 300w, https:\/\/szkolenia-udt.pl\/wp-content\/uploads\/2023\/03\/canva-low-angle-shot-of-a-tower-crane-MAE8kDCseQ8-768x512.jpg 768w, https:\/\/szkolenia-udt.pl\/wp-content\/uploads\/2023\/03\/canva-low-angle-shot-of-a-tower-crane-MAE8kDCseQ8-1536x1024.jpg 1536w, https:\/\/szkolenia-udt.pl\/wp-content\/uploads\/2023\/03\/canva-low-angle-shot-of-a-tower-crane-MAE8kDCseQ8-18x12.jpg 18w, https:\/\/szkolenia-udt.pl\/wp-content\/uploads\/2023\/03\/canva-low-angle-shot-of-a-tower-crane-MAE8kDCseQ8.jpg 1600w\" sizes=\"auto, (max-width: 512px) 100vw, 512px\" \/><\/a><\/figure>\n<\/div>\n\n\n<h2 class=\"wp-block-heading\">Wymagania do rozpocz\u0119cia szkolenia&nbsp;<\/h2>\n\n\n\n<p>Je\u015bli zdecydujemy si\u0119 rozpocz\u0105\u0107 kurs na operatora lub konserwatora \u017curawi, nale\u017cy spe\u0142ni\u0107 te wymagania:&nbsp;<\/p>\n\n\n\n<ul class=\"wp-block-list\">\n<li>uko\u0144czony 18. rok \u017cycia,&nbsp;<\/li>\n\n\n\n<li>wykszta\u0142cenie na poziomie minimum podstawowym,&nbsp;<\/li>\n\n\n\n<li>brak przeciwwskaza\u0144 od lekarza do wykonywania tej pracy.&nbsp;<\/li>\n<\/ul>\n\n\n\n<p>Jak spe\u0142niasz te istotne wymagania, \u015bmia\u0142o mo\u017cesz przyst\u0105pi\u0107 do naszego kursu!&nbsp;<\/p>\n\n\n\n<h2 class=\"wp-block-heading\">Inne nasze szkolenia&nbsp;<\/h2>\n\n\n\n<p>Prowadzimy szkolenia tak\u017ce na inne urz\u0105dzenia, takie jak:&nbsp;<\/p>\n\n\n\n<ul class=\"wp-block-list\">\n<li>\u0142adowarki teleskopowe,&nbsp;<\/li>\n\n\n\n<li>podesty ruchome,&nbsp;<\/li>\n\n\n\n<li>w\u00f3zki wid\u0142owe,&nbsp;<\/li>\n\n\n\n<li>suwnice.&nbsp;<\/li>\n<\/ul>\n\n\n\n<p>Je\u015bli zainteresowa\u0142a Ci\u0119 <a href=\"https:\/\/szkolenia-udt.pl\/de\/oferta\/\">nasza oferta<\/a> kurs\u00f3w na \u017curawie b\u0105d\u017a na inne urz\u0105dzenia, to zapraszamy do kontaktu.&nbsp;<\/p>\n\n\n\n<h2 class=\"wp-block-heading\">Pytania i odpowiedzi:<\/h2>\n\n\n\t\t<details\t\thelp class=\"sc_fs_faq sc_card    \"\n\t\topen\t\t>\n\t\t\t\t\t<summary>\n\t\t\t\t<h3>1. Czego dowie si\u0119 uczestnik podczas szkolenia na operatora \u017curawi? <\/h3>\t\t\t\t\t<\/summary>\n\t\t\t\t<div>\n\t\t\t\t\t\t<div class=\"sc_fs_faq__content\">\n\t\t\t\t\n\n<p>Nasz kursant dowie si\u0119 takich wiadomo\u015bci jak: konstrukcja \u017curawi, poprawna obs\u0142uga maszyn, pozna obowi\u0105zki jakie nale\u017c\u0105 do operator\u00f3w i\/lub konserwator\u00f3w oraz wielu innych wa\u017cnych informacji odno\u015bnie \u017curawi.&nbsp;<\/p>\n\n\t\t\t<\/div>\n\t\t<\/div>\n\t\t<\/details>\n\t\t\t\t<details\t\thelp class=\"sc_fs_faq sc_card    \"\n\t\t\t\t>\n\t\t\t\t\t<summary>\n\t\t\t\t<h3>2. Kto mo\u017ce rozpocz\u0105\u0107 kurs? <\/h3>\t\t\t\t\t<\/summary>\n\t\t\t\t<div>\n\t\t\t\t\t\t<div class=\"sc_fs_faq__content\">\n\t\t\t\t\n\n<p>Kurs mog\u0105 rozpocz\u0105\u0107 osoby pe\u0142noletnie z wykszta\u0142ceniem przynajmniej podstawowym i posiadaj\u0105ce zgod\u0119 lekarsk\u0105 na wykonywanie takiej pracy.<\/p>\n\n\t\t\t<\/div>\n\t\t<\/div>\n\t\t<\/details>\n\t\t\n<script type=\"application\/ld+json\">\n\t{\n\t\t\"@context\": \"https:\/\/schema.org\",\n\t\t\"@type\": \"FAQPage\",\n\t\t\"mainEntity\": [\n\t\t\t\t\t{\n\t\t\t\t\"@type\": \"Question\",\n\t\t\t\t\"name\": \"1. Czego dowie si\u0119 uczestnik podczas szkolenia na operatora \u017curawi? \",\n\t\t\t\t\"acceptedAnswer\": {\n\t\t\t\t\t\"@type\": \"Answer\",\n\t\t\t\t\t\"text\": \"<p>Nasz kursant dowie si\u0119 takich wiadomo\u015bci jak: konstrukcja \u017curawi, poprawna obs\u0142uga maszyn, pozna obowi\u0105zki jakie nale\u017c\u0105 do operator\u00f3w i\/lub konserwator\u00f3w oraz wielu innych wa\u017cnych informacji odno\u015bnie \u017curawi.&nbsp;<\/p>\"\n\t\t\t\t\t\t\t\t\t}\n\t\t\t}\n\t\t\t,\t\t\t\t{\n\t\t\t\t\"@type\": \"Question\",\n\t\t\t\t\"name\": \"2. Kto mo\u017ce rozpocz\u0105\u0107 kurs? \",\n\t\t\t\t\"acceptedAnswer\": {\n\t\t\t\t\t\"@type\": \"Answer\",\n\t\t\t\t\t\"text\": \"<p>Kurs mog\u0105 rozpocz\u0105\u0107 osoby pe\u0142noletnie z wykszta\u0142ceniem przynajmniej podstawowym i posiadaj\u0105ce zgod\u0119 lekarsk\u0105 na wykonywanie takiej pracy.<\/p>\"\n\t\t\t\t\t\t\t\t\t}\n\t\t\t}\n\t\t\t\t\t\t]\n\t}\n<\/script>\n","protected":false},"excerpt":{"rendered":"<p>O naszych kursach Nasza firma OSO prowadzi kurs na \u017curawie wie\u017cowe i szybkomontuj\u0105ce, HDS, d\u017awigi i inne maszyny podlegaj\u0105ce pod UDT. Szkolenia przeprowadzane s\u0105 przez profesjonaln\u0105 kadr\u0119, kt\u00f3ra posiada odpowiednie uprawnienia. Oferujemy odpowiednio przygotowany program szkoleniowy, kt\u00f3ry znacznie u\u0142atwi przyswojenie wiedzy na temat tych maszyn. Opr\u00f3cz samych wyk\u0142ad\u00f3w nauczysz si\u0119 u nas, jak wykonywa\u0107 bezpieczn\u0105 [&hellip;]<\/p>\n","protected":false},"author":10,"featured_media":4066,"parent":2266,"menu_order":0,"comment_status":"closed","ping_status":"closed","template":"","meta":{"footnotes":""},"class_list":["post-4065","page","type-page","status-publish","has-post-thumbnail","hentry"],"aioseo_notices":[],"_links":{"self":[{"href":"https:\/\/szkolenia-udt.pl\/de\/wp-json\/wp\/v2\/pages\/4065","targetHints":{"allow":["GET"]}}],"collection":[{"href":"https:\/\/szkolenia-udt.pl\/de\/wp-json\/wp\/v2\/pages"}],"about":[{"href":"https:\/\/szkolenia-udt.pl\/de\/wp-json\/wp\/v2\/types\/page"}],"author":[{"embeddable":true,"href":"https:\/\/szkolenia-udt.pl\/de\/wp-json\/wp\/v2\/users\/10"}],"replies":[{"embeddable":true,"href":"https:\/\/szkolenia-udt.pl\/de\/wp-json\/wp\/v2\/comments?post=4065"}],"version-history":[{"count":6,"href":"https:\/\/szkolenia-udt.pl\/de\/wp-json\/wp\/v2\/pages\/4065\/revisions"}],"predecessor-version":[{"id":4512,"href":"https:\/\/szkolenia-udt.pl\/de\/wp-json\/wp\/v2\/pages\/4065\/revisions\/4512"}],"up":[{"embeddable":true,"href":"https:\/\/szkolenia-udt.pl\/de\/wp-json\/wp\/v2\/pages\/2266"}],"wp:featuredmedia":[{"embeddable":true,"href":"https:\/\/szkolenia-udt.pl\/de\/wp-json\/wp\/v2\/media\/4066"}],"wp:attachment":[{"href":"https:\/\/szkolenia-udt.pl\/de\/wp-json\/wp\/v2\/media?parent=4065"}],"curies":[{"name":"wp","href":"https:\/\/api.w.org\/{rel}","templated":true}]}}