{"id":4198,"date":"2023-03-16T16:45:56","date_gmt":"2023-03-16T15:45:56","guid":{"rendered":"https:\/\/szkolenia-udt.pl\/?page_id=4198"},"modified":"2024-12-04T01:10:31","modified_gmt":"2024-12-04T00:10:31","slug":"betreiber-mobiler-plattformen-auf-schienenfahrzeugen","status":"publish","type":"page","link":"https:\/\/szkolenia-udt.pl\/de\/kursy\/uprawnienia-udt-tdt-wdt\/operator-podestow-ruchomych-na-pojazdach-kolejowych\/","title":{"rendered":"UDT-Kurs f\u00fcr Bediener von mobilen Plattformen, einschlie\u00dflich Plattformen auf Schienenfahrzeugen"},"content":{"rendered":"<div class=\"wp-block-image\">\n<figure class=\"alignright size-large is-resized\"><a href=\"https:\/\/szkolenia-udt.pl\/wp-content\/uploads\/2023\/03\/6574e36b37e746e180f681027829de35.jpg\"><img loading=\"lazy\" decoding=\"async\" width=\"1024\" height=\"683\" src=\"https:\/\/szkolenia-udt.pl\/wp-content\/uploads\/2023\/03\/6574e36b37e746e180f681027829de35-1024x683.jpg\" alt=\"Operator kieruje zwy\u017ck\u0105 na poje\u017adzie kolejowym\" class=\"wp-image-4276\" style=\"width:512px;height:342px\" srcset=\"https:\/\/szkolenia-udt.pl\/wp-content\/uploads\/2023\/03\/6574e36b37e746e180f681027829de35-1024x683.jpg 1024w, https:\/\/szkolenia-udt.pl\/wp-content\/uploads\/2023\/03\/6574e36b37e746e180f681027829de35-300x200.jpg 300w, https:\/\/szkolenia-udt.pl\/wp-content\/uploads\/2023\/03\/6574e36b37e746e180f681027829de35-768x512.jpg 768w, https:\/\/szkolenia-udt.pl\/wp-content\/uploads\/2023\/03\/6574e36b37e746e180f681027829de35-18x12.jpg 18w, https:\/\/szkolenia-udt.pl\/wp-content\/uploads\/2023\/03\/6574e36b37e746e180f681027829de35.jpg 1135w\" sizes=\"auto, (max-width: 1024px) 100vw, 1024px\" \/><\/a><\/figure>\n<\/div>\n\n\n<h2 class=\"wp-block-heading\">Kursy OSO<\/h2>\n\n\n\n<p>Firma OSO organizuje szkolenia na operator\u00f3w, zako\u0144czone pa\u0144stwowym egzaminem UDT i wydaniem uprawnie\u0144 do obs\u0142ugi podest\u00f3w ruchomych. Na prowadzonych przez nas kursach dowiesz si\u0119, jak poprawnie je obs\u0142ugiwa\u0107, by nie doprowadzi\u0107 do niebezpiecznych sytuacji. <\/p>\n\n\n\n<p><a href=\"https:\/\/szkolenia-udt.pl\/de\/oferta\/\">Nasza oferta<\/a> szkoleniowa jest kompletna, dlatego zawiera kursy z zakresu kierowania jednymi z najpopularniejszych podest\u00f3w ruchomych, czyli podno\u015bnikami koszowymi i no\u017cycowymi, jak i r\u00f3wnie\u017c podestami umieszczonymi na pojazdach kolejowych czy wisz\u0105cych.&nbsp;<\/p>\n\n\n\n<h2 class=\"wp-block-heading\">Nasze szkolenia na podesty ruchome&nbsp;<\/h2>\n\n\n\n<p><strong>Wykaz szkole\u0144 na obs\u0142ug\u0119 podest\u00f3w ruchomych i okres wa\u017cno\u015bci uprawnie\u0144.<\/strong>&nbsp;<\/p>\n\n\n\n<figure class=\"wp-block-table\"><table><tbody><tr><td><a href=\"https:\/\/szkolenia-udt.pl\/de\/kursy\/podesty-ruchome\/\">Kurs na podesty ruchome<\/a> przejezdne \u2013 w tym podno\u015bniki koszowe i no\u017cycowe&nbsp;<\/td><td>5 lat&nbsp;<\/td><\/tr><tr><td>Kurs na podesty ruchome stacjonarne&nbsp;<\/td><td>10 lat&nbsp;&nbsp;<\/td><\/tr><tr><td>Kurs na podesty ruchome wisz\u0105ce (po jego uko\u0144czeniu mo\u017cna obs\u0142ugiwa\u0107 tak\u017ce podesty ruchome stacjonarne)&nbsp;<\/td><td>10 lat&nbsp;<\/td><\/tr><tr><td><a href=\"https:\/\/szkolenia-udt.pl\/de\/kursy\/uprawnienia-udt-tdt-wdt\/podesty-ruchome-masztowe-operator\/\">Kurs na podesty ruchome masztowe<\/a> (po jego uko\u0144czeniu mo\u017cna obs\u0142ugiwa\u0107 tak\u017ce podesty ruchome stacjonarne)&nbsp;<\/td><td>10 lat&nbsp;<\/td><\/tr><tr><td>Kurs na podesty ruchome montowane na pojazdach kolejowych&nbsp;<\/td><td>10 lat&nbsp;<\/td><\/tr><\/tbody><\/table><\/figure>\n\n\n\n<h2 class=\"wp-block-heading\">Program szkolenia&nbsp;<\/h2>\n\n\n\n<p>Kurs sk\u0142ada si\u0119 z zaj\u0119\u0107 teoretycznych i zaj\u0119\u0107 praktycznych, na kt\u00f3rych poruszane s\u0105 m.in. takie zagadnienia:&nbsp;<\/p>\n\n\n\n<div class=\"wp-block-columns is-layout-flex wp-container-core-columns-is-layout-9d6595d7 wp-block-columns-is-layout-flex\">\n<div class=\"wp-block-column is-layout-flow wp-block-column-is-layout-flow\" style=\"flex-basis:50%\">\n<ul class=\"wp-block-list\">\n<li>wymagania i obowi\u0105zki operatora,&nbsp;<\/li>\n\n\n\n<li>normy bezpiecze\u0144stwa,&nbsp;<\/li>\n\n\n\n<li>budowa podestu ruchomego,&nbsp;<\/li>\n\n\n\n<li>kwalifikacje operatora,&nbsp;<\/li>\n\n\n\n<li>dokumentacja techniczna,&nbsp;<\/li>\n\n\n\n<li>zagro\u017cenia podczas pracy,&nbsp;<\/li>\n\n\n\n<li>konserwacja urz\u0105dzenia,&nbsp;<\/li>\n<\/ul>\n<\/div>\n\n\n\n<div class=\"wp-block-column is-layout-flow wp-block-column-is-layout-flow\" style=\"flex-basis:50%\">\n<ul class=\"wp-block-list\">\n<li>wydajne i efektywne techniki operacyjne,&nbsp;<\/li>\n\n\n\n<li>metody komunikacji ze wsp\u00f3\u0142pracownikami,&nbsp;<\/li>\n\n\n\n<li>zasady BHP i Ppo\u017c.,&nbsp;<\/li>\n\n\n\n<li>rodzaje podest\u00f3w ruchomych,&nbsp;<\/li>\n\n\n\n<li>charakterystyka ud\u017awigu,&nbsp;<\/li>\n\n\n\n<li>obszar roboczy,&nbsp;<\/li>\n\n\n\n<li>pr\u0119dko\u015b\u0107 podnoszenia i opuszczania platformy roboczej.&nbsp;<\/li>\n<\/ul>\n<\/div>\n<\/div>\n\n\n<div class=\"wp-block-image\">\n<figure class=\"alignright size-large is-resized\"><a href=\"https:\/\/szkolenia-udt.pl\/wp-content\/uploads\/2023\/03\/screen_2x-78.jpg\"><img loading=\"lazy\" decoding=\"async\" width=\"683\" height=\"1024\" src=\"https:\/\/szkolenia-udt.pl\/wp-content\/uploads\/2023\/03\/screen_2x-78-683x1024.jpg\" alt=\"Operator stoi przy podno\u015bniku koszowym\" class=\"wp-image-4278\" style=\"width:342px;height:512px\" srcset=\"https:\/\/szkolenia-udt.pl\/wp-content\/uploads\/2023\/03\/screen_2x-78-683x1024.jpg 683w, https:\/\/szkolenia-udt.pl\/wp-content\/uploads\/2023\/03\/screen_2x-78-200x300.jpg 200w, https:\/\/szkolenia-udt.pl\/wp-content\/uploads\/2023\/03\/screen_2x-78-768x1152.jpg 768w, https:\/\/szkolenia-udt.pl\/wp-content\/uploads\/2023\/03\/screen_2x-78-1024x1536.jpg 1024w, https:\/\/szkolenia-udt.pl\/wp-content\/uploads\/2023\/03\/screen_2x-78-8x12.jpg 8w, https:\/\/szkolenia-udt.pl\/wp-content\/uploads\/2023\/03\/screen_2x-78.jpg 1067w\" sizes=\"auto, (max-width: 683px) 100vw, 683px\" \/><\/a><\/figure>\n<\/div>\n\n\n<h2 class=\"wp-block-heading\">Miejsce&nbsp;<\/h2>\n\n\n\n<p>Szkolenia organizujemy na terenie ca\u0142ej Polski. Na zlecenie klienta, jeste\u015bmy w stanie przeprowadzi\u0107 szkolenie w jego firmie.&nbsp;<\/p>\n\n\n\n<h2 class=\"wp-block-heading\">Wymogi wobec kandydata&nbsp;<\/h2>\n\n\n\n<ul class=\"wp-block-list\">\n<li>sko\u0144czony 18. rok \u017cycia,&nbsp;<\/li>\n\n\n\n<li>wykszta\u0142cenie co najmniej podstawowe\/gimnazjalne,&nbsp;<\/li>\n\n\n\n<li>stan zdrowia umo\u017cliwiaj\u0105cy prac\u0119 na stanowisku operatora, potwierdzony za\u015bwiadczeniem lekarskim.&nbsp;<\/li>\n<\/ul>\n\n\n\n<h2 class=\"wp-block-heading\">Podesty ruchome przejezdne&nbsp;<\/h2>\n\n\n\n<p>Wykorzystuje si\u0119 je do prac na wysoko\u015bci wewn\u0105trz i na zewn\u0105trz budynk\u00f3w, przede wszystkim na terenach budowy, w halach, ko\u015bcio\u0142ach i galeriach handlowych.&nbsp;<\/p>\n\n\n\n<p>Zbudowane s\u0105 z podwozia, platformy roboczej, element\u00f3w zapewniaj\u0105cych wysi\u0119g boczny i pionowy oraz panelu sterowania.&nbsp;<\/p>\n\n\n<div class=\"wp-block-image\">\n<figure class=\"alignright size-large is-resized\"><a href=\"https:\/\/szkolenia-udt.pl\/wp-content\/uploads\/2023\/03\/kursy-udt.pl-0025-6-OPUBLIKOWANY-image1.jpeg\"><img loading=\"lazy\" decoding=\"async\" width=\"1024\" height=\"768\" src=\"https:\/\/szkolenia-udt.pl\/wp-content\/uploads\/2023\/03\/kursy-udt.pl-0025-6-OPUBLIKOWANY-image1-1024x768.jpeg\" alt=\"Urz\u0105dzenie podczas konserwacji\" class=\"wp-image-4277\" style=\"width:512px;height:384px\" srcset=\"https:\/\/szkolenia-udt.pl\/wp-content\/uploads\/2023\/03\/kursy-udt.pl-0025-6-OPUBLIKOWANY-image1-1024x768.jpeg 1024w, https:\/\/szkolenia-udt.pl\/wp-content\/uploads\/2023\/03\/kursy-udt.pl-0025-6-OPUBLIKOWANY-image1-300x225.jpeg 300w, https:\/\/szkolenia-udt.pl\/wp-content\/uploads\/2023\/03\/kursy-udt.pl-0025-6-OPUBLIKOWANY-image1-768x576.jpeg 768w, https:\/\/szkolenia-udt.pl\/wp-content\/uploads\/2023\/03\/kursy-udt.pl-0025-6-OPUBLIKOWANY-image1-1536x1152.jpeg 1536w, https:\/\/szkolenia-udt.pl\/wp-content\/uploads\/2023\/03\/kursy-udt.pl-0025-6-OPUBLIKOWANY-image1-16x12.jpeg 16w, https:\/\/szkolenia-udt.pl\/wp-content\/uploads\/2023\/03\/kursy-udt.pl-0025-6-OPUBLIKOWANY-image1-135x100.jpeg 135w, https:\/\/szkolenia-udt.pl\/wp-content\/uploads\/2023\/03\/kursy-udt.pl-0025-6-OPUBLIKOWANY-image1.jpeg 2016w\" sizes=\"auto, (max-width: 1024px) 100vw, 1024px\" \/><\/a><\/figure>\n<\/div>\n\n\n<h2 class=\"wp-block-heading\">Podesty ruchome na pojazdach kolejowych&nbsp;<\/h2>\n\n\n\n<p>Stosowane s\u0105 do prac budowlanych, naprawczych i konserwatorskich zwi\u0105zanych z infrastruktur\u0105 tramwajow\u0105 i kolejow\u0105.&nbsp;<\/p>\n\n\n\n<p>Jak sama nazwa wskazuje, montowane s\u0105 na pojazdach kolejowych, u\u0142atwiaj\u0105c prace przy trakcji elektrycznej.&nbsp;<\/p>\n\n\n\n<h2 class=\"wp-block-heading\">Podno\u015bnik koszowy&nbsp;&nbsp;<\/h2>\n\n\n\n<p>To jeden z najpopularniejszych podest\u00f3w ruchomych przejezdnych. Jest to urz\u0105dzenie pozwalaj\u0105ce na dotarcie do miejsc o ograniczonym dost\u0119pie. Zwy\u017cki koszowe s\u0105 wykorzystywane w pracach budowlanych, konserwacyjnych czy monta\u017cowych.&nbsp;<\/p>\n\n\n\n<p>Podno\u015bnik koszowy, jak sama nazwa wskazuje posiada w swojej konstrukcji kosz, kt\u00f3ry unosi operatora na wybran\u0105 wysoko\u015b\u0107. Zbudowany jest r\u00f3wnie\u017c z podwozia z ko\u0142ami, panelu sterowania i d\u0142ugiego wysi\u0119gnika, dzi\u0119ki kt\u00f3remu mo\u017cna w \u0142atwy spos\u00f3b dotrze\u0107 do trudno dost\u0119pnego miejsca. Mo\u017cna nim manewrowa\u0107 w p\u0142aszczy\u017anie poziomej i pionowej.&nbsp;<\/p>\n\n\n\n<h2 class=\"wp-block-heading\">Podno\u015bnik no\u017cycowy&nbsp;<\/h2>\n\n\n\n<p>Wykorzystywany jest m.in. do prowadzenia prac monta\u017cowych, porz\u0105dkowych, konserwacyjnych, budowlanych. Mo\u017ce pracowa\u0107 poruszaj\u0105c si\u0119 z g\u00f3ry na d\u00f3\u0142. Charakteryzuj\u0105 si\u0119 du\u017cym ud\u017awigiem i mo\u017cliwo\u015bci\u0105 pomieszczenia wi\u0119kszej ilo\u015bci pracownik\u00f3w.&nbsp;<\/p>\n\n\n\n<p>Zbudowany jest z platformy roboczej, podwozia z ko\u0142ami, panelu sterowania i wysi\u0119gnika no\u017cycowego.&nbsp;<\/p>\n\n\n\n<h2 class=\"wp-block-heading\">Podesty ruchome stacjonarne&nbsp;<\/h2>\n\n\n\n<p>S\u0105 to urz\u0105dzenia sprawdzaj\u0105ce si\u0119 do prowadzenia prac remontowych, budowlanych, w magazynach czy halach fabrycznych. Ustawiane s\u0105 na sta\u0142e lub na d\u0142u\u017cszy czas w jednym miejscu, poniewa\u017c nie s\u0105 wyposa\u017cone w podwozia z ko\u0142ami. Operator steruje urz\u0105dzeniem za pomoc\u0105 automatycznego uk\u0142adu sterowania.&nbsp;&nbsp;<\/p>\n\n\n\n<p>Podesty ruchome stacjonarne zbudowane s\u0105 z: platformy do przemieszczania pracownik\u00f3w lub materia\u0142\u00f3w, podwozia i wysi\u0119gnika teleskopowego lub no\u017cycowego.&nbsp;<\/p>\n\n\n\n<h2 class=\"wp-block-heading\">Podesty ruchome wisz\u0105ce&nbsp;<\/h2>\n\n\n\n<p>Pozwalaj\u0105 na bezpieczny i wygodny dost\u0119p do trudniej dost\u0119pnych miejsc. Wykorzystywane s\u0105 do wykonywania prac konserwacyjnych i remontowych m.in. na kominach, wysokich budynkach, mostach, wiaduktach, platformach wiertniczych, elektrowniach wiatrowych.&nbsp;&nbsp;<\/p>\n\n\n\n<p>Podesty ruchome wisz\u0105ce sk\u0142adaj\u0105 si\u0119 z liny bezpiecze\u0144stwa, liny no\u015bnej, konstrukcji no\u015bnej, platformy roboczej, wci\u0105garki linowej, urz\u0105dze\u0144 zabezpieczaj\u0105cych i steruj\u0105cych.&nbsp;<\/p>\n\n\n\n<h2 class=\"wp-block-heading\">Podesty ruchome masztowe&nbsp;<\/h2>\n\n\n\n<p>S\u0105 to wszechstronne urz\u0105dzenia, przeznaczone do prowadzenia napraw, instalowania system\u00f3w elektrycznych, hydraulicznych, przeciwpo\u017carowych, montowania o\u015bwietlenia, prac magazynowych czy malowania budynk\u00f3w. Mo\u017cna z nich korzysta\u0107 zar\u00f3wno na zewn\u0105trz, jak i w pomieszczeniach.&nbsp;<\/p>\n\n\n\n<p>Konstrukcja podest\u00f3w ruchomych masztowych sk\u0142ada si\u0119 z platformy roboczej, jednego lub dw\u00f3ch maszt\u00f3w, podwozia i mechanizmu nap\u0119dowego.&nbsp;<\/p>\n\n\n\n<h2 class=\"wp-block-heading\">Nasze kursy&nbsp;<\/h2>\n\n\n\n<p>Organizujemy r\u00f3wnie\u017c szkolenia z zakresu obs\u0142ugi i konserwacji m.in.:&nbsp;<\/p>\n\n\n\n<ul class=\"wp-block-list dwiekolumny\">\n<li>wszystkich rodzaj\u00f3w \u017curawi,&nbsp;<\/li>\n\n\n\n<li>suwnic,&nbsp;<\/li>\n\n\n\n<li>w\u00f3zk\u00f3w wid\u0142owych,&nbsp;<\/li>\n\n\n\n<li>uk\u0142adnic magazynowych,&nbsp;<\/li>\n\n\n\n<li>koparek,&nbsp;<\/li>\n\n\n\n<li>koparko \u0142adowarek.<\/li>\n<\/ul>\n\n\n\n<h2 class=\"wp-block-heading\">Pytania i odpowiedzi:<\/h2>\n\n\n\t\t<details\t\thelp class=\"sc_fs_faq sc_card    \"\n\t\topen\t\t>\n\t\t\t\t\t<summary>\n\t\t\t\t<h3>1. Czy oferujecie kursy na operatora podno\u015bnik\u00f3w na pojazdach kolejowych?<\/h3>\t\t\t\t\t<\/summary>\n\t\t\t\t<div>\n\t\t\t\t\t\t<div class=\"sc_fs_faq__content\">\n\t\t\t\t\n\n<p>Tak, prowadzimy szkolenia na operatora podno\u015bnik\u00f3w umieszczonych na pojazdach kolejowych. W swojej ofercie posiadamy r\u00f3wnie\u017c kursy dotycz\u0105ce obs\u0142ugi i konserwacji innych podest\u00f3w ruchomych oraz maszyn UDT i TDT.&nbsp;&nbsp;<\/p>\n\n\t\t\t<\/div>\n\t\t<\/div>\n\t\t<\/details>\n\t\t\t\t<details\t\thelp class=\"sc_fs_faq sc_card    \"\n\t\t\t\t>\n\t\t\t\t\t<summary>\n\t\t\t\t<h3>2. Do jakiej kategorii nale\u017c\u0105 podno\u015bniki koszowe i no\u017cycowe?<\/h3>\t\t\t\t\t<\/summary>\n\t\t\t\t<div>\n\t\t\t\t\t\t<div class=\"sc_fs_faq__content\">\n\t\t\t\t\n\n<p>Podno\u015bniki koszowe i no\u017cycowe to podesty ruchome przejezdne. Do ich obs\u0142ugi nale\u017cy posiada\u0107 uprawnienia wydawane przez UDT.&nbsp;&nbsp;<\/p>\n\n\t\t\t<\/div>\n\t\t<\/div>\n\t\t<\/details>\n\t\t\t\t<details\t\thelp class=\"sc_fs_faq sc_card    \"\n\t\t\t\t>\n\t\t\t\t\t<summary>\n\t\t\t\t<h3>3. Ile lat wa\u017cne s\u0105 uprawnienia UDT na podesty ruchome?<\/h3>\t\t\t\t\t<\/summary>\n\t\t\t\t<div>\n\t\t\t\t\t\t<div class=\"sc_fs_faq__content\">\n\t\t\t\t\n\n<p>Uprawnienia UDT na podesty ruchome przejezdne (czyli r\u00f3wnie\u017c podno\u015bniki koszowe i no\u017cycowe) wa\u017cne s\u0105 5 lat. Uprawnienia na pozosta\u0142e rodzaje podest\u00f3w ruchomych, w tym na pojazdach kolejowych, wa\u017cne s\u0105 10 lat.&nbsp;<\/p>\n\n\t\t\t<\/div>\n\t\t<\/div>\n\t\t<\/details>\n\t\t\t\t<details\t\thelp class=\"sc_fs_faq sc_card    \"\n\t\t\t\t>\n\t\t\t\t\t<summary>\n\t\t\t\t<h3>4. Gdzie organizujecie szkolenia?<\/h3>\t\t\t\t\t<\/summary>\n\t\t\t\t<div>\n\t\t\t\t\t\t<div class=\"sc_fs_faq__content\">\n\t\t\t\t\n\n<p>Przeprowadzamy kursy na terenie ca\u0142ej Polski i nie tylko. Prowadzimy szkolenia otwarte oraz zamkni\u0119te. <\/p>\n\n\t\t\t<\/div>\n\t\t<\/div>\n\t\t<\/details>\n\t\t\n<script type=\"application\/ld+json\">\n\t{\n\t\t\"@context\": \"https:\/\/schema.org\",\n\t\t\"@type\": \"FAQPage\",\n\t\t\"mainEntity\": [\n\t\t\t\t\t{\n\t\t\t\t\"@type\": \"Question\",\n\t\t\t\t\"name\": \"1. Czy oferujecie kursy na operatora podno\u015bnik\u00f3w na pojazdach kolejowych?\",\n\t\t\t\t\"acceptedAnswer\": {\n\t\t\t\t\t\"@type\": \"Answer\",\n\t\t\t\t\t\"text\": \"<p>Tak, prowadzimy szkolenia na operatora podno\u015bnik\u00f3w umieszczonych na pojazdach kolejowych. W swojej ofercie posiadamy r\u00f3wnie\u017c kursy dotycz\u0105ce obs\u0142ugi i konserwacji innych podest\u00f3w ruchomych oraz maszyn UDT i TDT.&nbsp;&nbsp;<\/p>\"\n\t\t\t\t\t\t\t\t\t}\n\t\t\t}\n\t\t\t,\t\t\t\t{\n\t\t\t\t\"@type\": \"Question\",\n\t\t\t\t\"name\": \"2. Do jakiej kategorii nale\u017c\u0105 podno\u015bniki koszowe i no\u017cycowe?\",\n\t\t\t\t\"acceptedAnswer\": {\n\t\t\t\t\t\"@type\": \"Answer\",\n\t\t\t\t\t\"text\": \"<p>Podno\u015bniki koszowe i no\u017cycowe to podesty ruchome przejezdne. Do ich obs\u0142ugi nale\u017cy posiada\u0107 uprawnienia wydawane przez UDT.&nbsp;&nbsp;<\/p>\"\n\t\t\t\t\t\t\t\t\t}\n\t\t\t}\n\t\t\t,\t\t\t\t{\n\t\t\t\t\"@type\": \"Question\",\n\t\t\t\t\"name\": \"3. Ile lat wa\u017cne s\u0105 uprawnienia UDT na podesty ruchome?\",\n\t\t\t\t\"acceptedAnswer\": {\n\t\t\t\t\t\"@type\": \"Answer\",\n\t\t\t\t\t\"text\": \"<p>Uprawnienia UDT na podesty ruchome przejezdne (czyli r\u00f3wnie\u017c podno\u015bniki koszowe i no\u017cycowe) wa\u017cne s\u0105 5 lat. Uprawnienia na pozosta\u0142e rodzaje podest\u00f3w ruchomych, w tym na pojazdach kolejowych, wa\u017cne s\u0105 10 lat.&nbsp;<\/p>\"\n\t\t\t\t\t\t\t\t\t}\n\t\t\t}\n\t\t\t,\t\t\t\t{\n\t\t\t\t\"@type\": \"Question\",\n\t\t\t\t\"name\": \"4. Gdzie organizujecie szkolenia?\",\n\t\t\t\t\"acceptedAnswer\": {\n\t\t\t\t\t\"@type\": \"Answer\",\n\t\t\t\t\t\"text\": \"<p>Przeprowadzamy kursy na terenie ca\u0142ej Polski i nie tylko. Prowadzimy szkolenia otwarte oraz zamkni\u0119te. <\/p>\"\n\t\t\t\t\t\t\t\t\t}\n\t\t\t}\n\t\t\t\t\t\t]\n\t}\n<\/script>\n","protected":false},"excerpt":{"rendered":"<p>Kursy OSO Firma OSO organizuje szkolenia na operator\u00f3w, zako\u0144czone pa\u0144stwowym egzaminem UDT i wydaniem uprawnie\u0144 do obs\u0142ugi podest\u00f3w ruchomych. Na prowadzonych przez nas kursach dowiesz si\u0119, jak poprawnie je obs\u0142ugiwa\u0107, by nie doprowadzi\u0107 do niebezpiecznych sytuacji. Nasza oferta szkoleniowa jest kompletna, dlatego zawiera kursy z zakresu kierowania jednymi z najpopularniejszych podest\u00f3w ruchomych, czyli podno\u015bnikami koszowymi [&hellip;]<\/p>\n","protected":false},"author":10,"featured_media":4276,"parent":2266,"menu_order":0,"comment_status":"closed","ping_status":"closed","template":"","meta":{"footnotes":""},"class_list":["post-4198","page","type-page","status-publish","has-post-thumbnail","hentry"],"aioseo_notices":[],"_links":{"self":[{"href":"https:\/\/szkolenia-udt.pl\/de\/wp-json\/wp\/v2\/pages\/4198","targetHints":{"allow":["GET"]}}],"collection":[{"href":"https:\/\/szkolenia-udt.pl\/de\/wp-json\/wp\/v2\/pages"}],"about":[{"href":"https:\/\/szkolenia-udt.pl\/de\/wp-json\/wp\/v2\/types\/page"}],"author":[{"embeddable":true,"href":"https:\/\/szkolenia-udt.pl\/de\/wp-json\/wp\/v2\/users\/10"}],"replies":[{"embeddable":true,"href":"https:\/\/szkolenia-udt.pl\/de\/wp-json\/wp\/v2\/comments?post=4198"}],"version-history":[{"count":7,"href":"https:\/\/szkolenia-udt.pl\/de\/wp-json\/wp\/v2\/pages\/4198\/revisions"}],"predecessor-version":[{"id":5637,"href":"https:\/\/szkolenia-udt.pl\/de\/wp-json\/wp\/v2\/pages\/4198\/revisions\/5637"}],"up":[{"embeddable":true,"href":"https:\/\/szkolenia-udt.pl\/de\/wp-json\/wp\/v2\/pages\/2266"}],"wp:featuredmedia":[{"embeddable":true,"href":"https:\/\/szkolenia-udt.pl\/de\/wp-json\/wp\/v2\/media\/4276"}],"wp:attachment":[{"href":"https:\/\/szkolenia-udt.pl\/de\/wp-json\/wp\/v2\/media?parent=4198"}],"curies":[{"name":"wp","href":"https:\/\/api.w.org\/{rel}","templated":true}]}}