{"id":42,"date":"2014-10-07T16:22:36","date_gmt":"2014-10-07T16:22:36","guid":{"rendered":"http:\/\/szkolenia-udt.pl\/?page_id=42"},"modified":"2019-05-09T13:41:47","modified_gmt":"2019-05-09T13:41:47","slug":"vorschriften","status":"publish","type":"page","link":"https:\/\/szkolenia-udt.pl\/de\/uprawnienia-udt\/przepisy\/","title":{"rendered":"Rezepturen"},"content":{"rendered":"<div class=\"wyjustuj\">Wir stellen die wichtigsten Bestimmungen in Bezug auf unsere <a href=\"https:\/\/szkolenia-udt.pl\/de\/o-firmie\/\">Center<\/a> Ausbildungst\u00e4tigkeiten, die Bedingungen f\u00fcr die Erteilung von UDT-Genehmigungen und die technische Ausr\u00fcstung, die der technischen \u00dcberwachung unterliegt.<\/p>\n<ul>\n<ul>\n<li><strong>Verordnung des Ministerrats vom 7. Dezember 2012 \u00fcber Arten von technischen Ger\u00e4ten, die der technischen \u00dcberwachung unterliegen (Gesetzblatt 2012 Nr. 0 Pos. 1468), erlassen auf der Grundlage von Artikel 5 Absatz 2 des Gesetzes \u00fcber die technische \u00dcberwachung<\/strong><\/li>\n<\/ul>\n<\/ul>\n<p>Die Verordnung enth\u00e4lt die Arten von technischen Anlagen, die der technischen \u00dcberwachung unterliegen. Das Dokument enth\u00e4lt Informationen \u00fcber die Formen der technischen \u00dcberwachung von Arbeitsmitteln, die M\u00f6glichkeiten der technischen Pr\u00fcfungen und deren Fristen sowie den Umfang der Pr\u00fcfungen von technischen Arbeitsmitteln, die von Arbeitsst\u00e4tten genutzt werden. Die Verordnung befasst sich mit Druckger\u00e4ten, Kr\u00e4nen, Ger\u00e4ten f\u00fcr den Nahtransport, Stuhl- und Kabinenf\u00f6rderern sowie Beh\u00e4ltern f\u00fcr die Lagerung von brennbaren und giftigen Stoffen.<\/p>\n<ul>\n<ul>\n<li><strong>Gesetz vom 21. Dezember 2000 \u00fcber die technische \u00dcberwachung (Gesetzblatt 2013, Pos. 963, mit \u00c4nderungen).<\/strong><\/li>\n<\/ul>\n<\/ul>\n<p>Das Gesetz enth\u00e4lt Informationen \u00fcber die Grunds\u00e4tze, die Formen und das Profil der technischen \u00dcberwachung durch zugelassene Stellen. Dies sind die grundlegenden gesetzlichen Bestimmungen, nach denen das Technische \u00dcberwachungsamt arbeitet. Das Dokument enth\u00e4lt auch Bestimmungen zur Umsetzung der Vorschriften in Polen, zu den Grunds\u00e4tzen f\u00fcr die Erteilung von UDT-Zulassungen, zu den Grunds\u00e4tzen f\u00fcr die Zulassung von technischen Ger\u00e4ten zur Verwendung, zu ihrer Entwicklung und Herstellung sowie zu Reparaturen und Modernisierungen.<\/p>\n<ul>\n<ul>\n<li><strong>Verordnung des Wirtschaftsministers vom 18. Juli 2001 \u00fcber das Verfahren zur \u00dcberpr\u00fcfung der f\u00fcr den Betrieb und die Wartung von technischen Anlagen erforderlichen Qualifikationen (Dz. U. Nr. 79, Pos. 849), ge\u00e4ndert durch die Verordnung vom 20. Februar 2003 (Dz. U. Nr. 50, Pos. 426), erlassen auf der Grundlage von Artikel 23, Absatz 5 des Gesetzes \u00fcber die technische \u00dcberwachung<\/strong><\/li>\n<\/ul>\n<\/ul>\n<p>Die Verordnung enth\u00e4lt Bestimmungen \u00fcber Qualifikationspr\u00fcfungen, die f\u00fcr den Betrieb und die Instandhaltung von technischen Anlagen erforderlich sind, sowie \u00fcber die Arten von technischen Anlagen, f\u00fcr die eine Qualifikation erforderlich ist. Dar\u00fcber hinaus enth\u00e4lt das Dokument ein Muster f\u00fcr einen Antrag auf Qualifikationskontrolle mit einer Erl\u00e4uterung der Bestimmungen und der Fristen, innerhalb derer die Personen, die eine Qualifikation erwerben m\u00f6chten, benachrichtigt werden m\u00fcssen. Die Verordnung regelt auch die Bedingungen f\u00fcr die Pr\u00fcfungen des Technischen \u00dcberwachungsvereins f\u00fcr den Betrieb und die Wartung von Ger\u00e4ten.<\/p>\n<ul>\n<ul>\n<li><strong>Verordnung des Wirtschaftsministers vom 28. Dezember 2001 \u00fcber die technischen Bedingungen der technischen \u00dcberwachung von Aufz\u00fcgen (Dz. U. Nr. 4, Punkt 43).<\/strong><\/li>\n<\/ul>\n<\/ul>\n<p>Die Vorschrift befasst sich mit den Bedingungen f\u00fcr die technische \u00dcberwachung im Rahmen der Ausf\u00fchrung der Konstruktion, der Herstellung, des Betriebs und der Instandhaltung von mechanischen und manuellen Hebezeugen sowie von Hebezeugen f\u00fcr die geradlinige Bewegung von Lasten in vertikaler Richtung unter Verwendung starrer Elemente und teilweiser Verwendung des Gest\u00e4ngesystems. Die Verordnung enth\u00e4lt dar\u00fcber hinaus Informationen \u00fcber Formeln, Auslegungsfaktoren von Ausr\u00fcstungen, Sicherheitsfaktoren und Verfahren f\u00fcr den Austausch von Bauteilen von Hebezeugen, einschlie\u00dflich solcher, die keine Konsultation der technischen Aufsichtsbeh\u00f6rden erfordern.<\/p>\n<ul>\n<ul>\n<li><strong>Verordnung des Ministers f\u00fcr Unternehmertum und Technologie vom 30. Oktober 2018 \u00fcber die technischen Bedingungen f\u00fcr die technische \u00dcberwachung des Betriebs, der Reparatur und der Modernisierung von F\u00f6rderanlagen (GBl. 2018 Nr. 2176)<\/strong><\/li>\n<\/ul>\n<\/ul>\n<p>Die Verordnung enth\u00e4lt Bestimmungen \u00fcber die technischen Bedingungen f\u00fcr die technische \u00dcberwachung von Umschlagger\u00e4ten, einschlie\u00dflich, aber nicht beschr\u00e4nkt auf Laufkr\u00e4ne, Hebezeuge und Winden, Kr\u00e4ne, Lastenaufz\u00fcge, Regalbedienger\u00e4te, mobile Plattformen, Transportger\u00e4te f\u00fcr Behinderte, Plattform- und Rundkabinenaufz\u00fcge, Laufstege und Rolltreppen, Krane f\u00fcr den Personen- und Lastentransport, Baukr\u00e4ne, Kleing\u00fcterkr\u00e4ne, Linotkr\u00e4ne, <a href=\"https:\/\/szkolenia-udt.pl\/de\/kursy\/wozki-widlowe\/budowa-wozka-jezdniowego\/\">Gabelstapler<\/a> Hebeb\u00fchnen, Hebeb\u00f6cke f\u00fcr nicht geradlinige Lasten und Containerumschlagger\u00e4te.<\/p>\n<p>Wir laden Sie auch ein, mehr \u00fcber die UDT-Zulassungskategorien zu erfahren!<\/p>\n<\/div>","protected":false},"excerpt":{"rendered":"<p>Przedstawiamy najwa\u017cniejsze przepisy zwi\u0105zane z prowadzon\u0105 przez nas O\u015brodek dzia\u0142alno\u015bci\u0105 szkoleniow\u0105, warunkami, na kt\u00f3rych nadawane s\u0105 uprawnienia UDT oraz urz\u0105dzeniami technicznymi podlegaj\u0105cymi dozorowi technicznemu. Rozporz\u0105dzenie Rady Ministr\u00f3w z dnia 7 grudnia 2012 r. w sprawie rodzaj\u00f3w urz\u0105dze\u0144 technicznych podlegaj\u0105cych dozorowi technicznemu (Dz. U. 2012 nr 0 poz. 1468), wydane na podstawie art. 5 ust. 2 [&hellip;]<\/p>\n","protected":false},"author":3,"featured_media":0,"parent":37,"menu_order":0,"comment_status":"closed","ping_status":"closed","template":"","meta":{"footnotes":""},"class_list":["post-42","page","type-page","status-publish","hentry"],"aioseo_notices":[],"_links":{"self":[{"href":"https:\/\/szkolenia-udt.pl\/de\/wp-json\/wp\/v2\/pages\/42","targetHints":{"allow":["GET"]}}],"collection":[{"href":"https:\/\/szkolenia-udt.pl\/de\/wp-json\/wp\/v2\/pages"}],"about":[{"href":"https:\/\/szkolenia-udt.pl\/de\/wp-json\/wp\/v2\/types\/page"}],"author":[{"embeddable":true,"href":"https:\/\/szkolenia-udt.pl\/de\/wp-json\/wp\/v2\/users\/3"}],"replies":[{"embeddable":true,"href":"https:\/\/szkolenia-udt.pl\/de\/wp-json\/wp\/v2\/comments?post=42"}],"version-history":[{"count":8,"href":"https:\/\/szkolenia-udt.pl\/de\/wp-json\/wp\/v2\/pages\/42\/revisions"}],"predecessor-version":[{"id":2070,"href":"https:\/\/szkolenia-udt.pl\/de\/wp-json\/wp\/v2\/pages\/42\/revisions\/2070"}],"up":[{"embeddable":true,"href":"https:\/\/szkolenia-udt.pl\/de\/wp-json\/wp\/v2\/pages\/37"}],"wp:attachment":[{"href":"https:\/\/szkolenia-udt.pl\/de\/wp-json\/wp\/v2\/media?parent=42"}],"curies":[{"name":"wp","href":"https:\/\/api.w.org\/{rel}","templated":true}]}}