{"id":44,"date":"2014-10-07T16:23:18","date_gmt":"2014-10-07T16:23:18","guid":{"rendered":"http:\/\/szkolenia-udt.pl\/?page_id=44"},"modified":"2021-07-19T22:19:44","modified_gmt":"2021-07-19T22:19:44","slug":"zimmerleute","status":"publish","type":"page","link":"https:\/\/szkolenia-udt.pl\/de\/dzwignice\/ciegniki\/","title":{"rendered":"Sattelzugmaschinen"},"content":{"rendered":"<div style=\"float: left; padding-right: 10px;\"><div id=\"metaslider-id-629\" style=\"max-width: 300px;\" class=\"ml-slider-3-107-0 metaslider metaslider-flex metaslider-629 ml-slider ms-theme-default nav-hidden\" role=\"region\" aria-label=\"Sattelzugmaschinen\" data-height=\"225\" data-width=\"300\">\n    <div id=\"metaslider_container_629\">\n        <div id=\"metaslider_629\">\n            <ul class='slides'>\n                <li style=\"display: block; width: 100%;\" class=\"slide-636 ms-image\" aria-roledescription=\"slide\" data-date=\"2014-10-12 07:55:54\" data-filename=\"Szkolenia-Ci\u0119gnik.jpg\" data-slide-type=\"image\"><img loading=\"lazy\" decoding=\"async\" src=\"https:\/\/szkolenia-udt.pl\/wp-content\/uploads\/2014\/10\/Szkolenia-Ci\u0119gnik.jpg\" height=\"225\" width=\"300\" alt=\"Ausbildung Traktoren\" class=\"slider-629 slide-636 msDefaultImage\" \/><\/li>\n                <li style=\"display: none; width: 100%;\" class=\"slide-635 ms-image\" aria-roledescription=\"slide\" data-date=\"2014-10-12 07:55:53\" data-filename=\"OSO-Warszawa.jpg\" data-slide-type=\"image\"><img loading=\"lazy\" decoding=\"async\" src=\"https:\/\/szkolenia-udt.pl\/wp-content\/uploads\/2014\/10\/OSO-Warszawa.jpg\" height=\"225\" width=\"300\" alt=\"\" class=\"slider-629 slide-635 msDefaultImage\" \/><\/li>\n                <li style=\"display: none; width: 100%;\" class=\"slide-637 ms-image\" aria-roledescription=\"slide\" data-date=\"2014-10-12 07:55:54\" data-filename=\"Szkolenia-w\u00f3zki-wid\u0142owe2.jpg\" data-slide-type=\"image\"><img loading=\"lazy\" decoding=\"async\" src=\"https:\/\/szkolenia-udt.pl\/wp-content\/uploads\/2014\/10\/Szkolenia-w\u00f3zki-wid\u0142owe2.jpg\" height=\"225\" width=\"300\" alt=\"Kurse und Ausbildung Abschleppwagen\" class=\"slider-629 slide-637 msDefaultImage\" \/><\/li>\n                <li style=\"display: none; width: 100%;\" class=\"slide-632 ms-image\" aria-roledescription=\"slide\" data-date=\"2014-10-12 07:55:51\" data-filename=\"D\u017awigi-uprawnienia-UDT.jpg\" data-slide-type=\"image\"><img loading=\"lazy\" decoding=\"async\" src=\"https:\/\/szkolenia-udt.pl\/wp-content\/uploads\/2014\/10\/D\u017awigi-uprawnienia-UDT.jpg\" height=\"225\" width=\"300\" alt=\"\" class=\"slider-629 slide-632 msDefaultImage\" \/><\/li>\n                <li style=\"display: none; width: 100%;\" class=\"slide-634 ms-image\" aria-roledescription=\"slide\" data-date=\"2014-10-12 07:55:52\" data-filename=\"Kursy-szkolenia1.jpg\" data-slide-type=\"image\"><img loading=\"lazy\" decoding=\"async\" src=\"https:\/\/szkolenia-udt.pl\/wp-content\/uploads\/2014\/10\/Kursy-szkolenia1.jpg\" height=\"225\" width=\"300\" alt=\"Operator Training Centre Warschau\" class=\"slider-629 slide-634 msDefaultImage\" \/><\/li>\n            <\/ul>\n        <\/div>\n        \n    <\/div>\n<\/div><\/div>\n<div class=\"wyjustuj\">Spannseile (Winden, Hebeb\u00f6cke, Winden) sind Krane und bed\u00fcrfen f\u00fcr ihren Betrieb einer Genehmigung des Technischen \u00dcberwachungsamtes. Winden haben die Aufgabe, Lasten mit Hilfe von Spanngliedern in Form von Greifern oder Haken zu bewegen. In unserem <a href=\"https:\/\/szkolenia-udt.pl\/de\/o-firmie\/\">Zentrum<\/a> An der OSO k\u00f6nnen Sie einen Kurs f\u00fcr Hubwerke belegen, der Ihnen die notwendigen Qualifikationen f\u00fcr die Bedienung von Hubwerken vermittelt, die entweder manuell oder mechanisch \u00fcber Motoren angetrieben werden. Sie sind eigenst\u00e4ndige Maschinen oder k\u00f6nnen Teil einer anderen Hebevorrichtung sein.<br \/>\n<strong><br \/>\nTraktoren k\u00f6nnen Lasten in verschiedenen Ebenen bewegen:<\/strong><\/p>\n<ul>\n<li>Attraktoren - die Last bewegt sich in Richtung des Flaschenzuges<\/li>\n<li>Winden - die Last bewegt sich durch die Schwerkraft auf die Winde zu und von ihr weg; wenn die Winde aufgeh\u00e4ngt ist, nennt man sie ein Hebezeug<\/li>\n<li>Zugvorrichtung - die Last wird durch zwei Gest\u00e4nge bewegt, von denen das eine die Last von der Zugvorrichtung weg und das andere zur Zugvorrichtung hin bewegt<\/li>\n<\/ul>\n<div style=\"float: left; padding-right: 10px;\"><div id=\"metaslider-id-639\" style=\"max-width: 300px;\" class=\"ml-slider-3-107-0 metaslider metaslider-flex metaslider-639 ml-slider ms-theme-default nav-hidden nav-hidden\" role=\"region\" aria-label=\"Traktoren2\" data-height=\"225\" data-width=\"300\">\n    <div id=\"metaslider_container_639\">\n        <div id=\"metaslider_639\">\n            <ul class='slides'>\n                <li style=\"display: block; width: 100%;\" class=\"slide-630 ms-image\" aria-roledescription=\"slide\" data-date=\"2014-10-12 07:55:49\" data-filename=\"Ci\u0119gnik.jpg\" data-slide-type=\"image\"><img loading=\"lazy\" decoding=\"async\" src=\"https:\/\/szkolenia-udt.pl\/wp-content\/uploads\/2014\/10\/Ci\u0119gnik.jpg\" height=\"225\" width=\"300\" alt=\"\" class=\"slider-639 slide-630 msDefaultImage\" \/><\/li>\n                <li style=\"display: none; width: 100%;\" class=\"slide-631 ms-image\" aria-roledescription=\"slide\" data-date=\"2014-10-12 07:55:50\" data-filename=\"Ci\u0119gniki.jpg\" data-slide-type=\"image\"><img loading=\"lazy\" decoding=\"async\" src=\"https:\/\/szkolenia-udt.pl\/wp-content\/uploads\/2014\/10\/Ci\u0119gniki.jpg\" height=\"225\" width=\"300\" alt=\"Kurse Traktoren\" class=\"slider-639 slide-631 msDefaultImage\" \/><\/li>\n                <li style=\"display: none; width: 100%;\" class=\"slide-633 ms-image\" aria-roledescription=\"slide\" data-date=\"2014-10-12 07:55:51\" data-filename=\"kursy-Ci\u0119gniki.jpg\" data-slide-type=\"image\"><img loading=\"lazy\" decoding=\"async\" src=\"https:\/\/szkolenia-udt.pl\/wp-content\/uploads\/2014\/10\/kursy-Ci\u0119gniki.jpg\" height=\"225\" width=\"300\" alt=\"\" class=\"slider-639 slide-633 msDefaultImage\" \/><\/li>\n                <li style=\"display: none; width: 100%;\" class=\"slide-637 ms-image\" aria-roledescription=\"slide\" data-date=\"2014-10-12 07:55:54\" data-filename=\"Szkolenia-w\u00f3zki-wid\u0142owe2.jpg\" data-slide-type=\"image\"><img loading=\"lazy\" decoding=\"async\" src=\"https:\/\/szkolenia-udt.pl\/wp-content\/uploads\/2014\/10\/Szkolenia-w\u00f3zki-wid\u0142owe2.jpg\" height=\"225\" width=\"300\" alt=\"Kurse und Ausbildung Abschleppwagen\" class=\"slider-639 slide-637 msDefaultImage\" \/><\/li>\n                <li style=\"display: none; width: 100%;\" class=\"slide-634 ms-image\" aria-roledescription=\"slide\" data-date=\"2014-10-12 07:55:52\" data-filename=\"Kursy-szkolenia1.jpg\" data-slide-type=\"image\"><img loading=\"lazy\" decoding=\"async\" src=\"https:\/\/szkolenia-udt.pl\/wp-content\/uploads\/2014\/10\/Kursy-szkolenia1.jpg\" height=\"225\" width=\"300\" alt=\"Operator Training Centre Warschau\" class=\"slider-639 slide-634 msDefaultImage\" \/><\/li>\n            <\/ul>\n        <\/div>\n        \n    <\/div>\n<\/div><\/div>\n<p>Mehrfachwinden - sind ein separater Typ von Winden, die einen Satz von Winden, Windenf\u00fchrern und Windenz\u00fcgen bilden. Sie werden haupts\u00e4chlich in Mastkr\u00e4nen, Leinenkr\u00e4nen und Greifern eingesetzt.<\/p>\n<p>Wir f\u00fchren seit Jahren Traktorenkurse durch und helfen unseren Kunden, die richtigen Qualifikationen zu erwerben, um sie zu bedienen. Wir zeichnen uns durch h\u00f6chste Qualit\u00e4t der Ausbildung, Kundenzufriedenheit und Erschwinglichkeit aus <a href=\"https:\/\/szkolenia-udt.pl\/de\/oferta\/\">Preis<\/a>.<\/p>\n<p>Kommen Sie zu OSO f\u00fcr eine Traktorausbildung!<\/p>\n<\/div>","protected":false},"excerpt":{"rendered":"<p>Ci\u0119gniki (przyci\u0105garki, wodzarki, wci\u0105garki) zaliczane s\u0105 do urz\u0105dze\u0144 d\u017awigowych i do ich obs\u0142ugi potrzebne s\u0105 uprawnienia UDT. Zadaniem ci\u0119gnik\u00f3w jest przemieszczanie \u0142adunk\u00f3w z u\u017cyciem ci\u0119gien w formie chwytak\u00f3w lub hak\u00f3w. W naszym O\u015brodku OSO mo\u017cesz zapisa\u0107 si\u0119 na kurs na ci\u0119gniki, dzi\u0119ki kt\u00f3remu uzyskasz potrzebne do ich eksploatacji uprawnienia.Ci\u0119gniki nap\u0119dzane s\u0105 r\u0119cznie lub mechanicznie z [&hellip;]<\/p>\n","protected":false},"author":3,"featured_media":0,"parent":69,"menu_order":0,"comment_status":"closed","ping_status":"closed","template":"","meta":{"footnotes":""},"class_list":["post-44","page","type-page","status-publish","hentry"],"aioseo_notices":[],"_links":{"self":[{"href":"https:\/\/szkolenia-udt.pl\/de\/wp-json\/wp\/v2\/pages\/44","targetHints":{"allow":["GET"]}}],"collection":[{"href":"https:\/\/szkolenia-udt.pl\/de\/wp-json\/wp\/v2\/pages"}],"about":[{"href":"https:\/\/szkolenia-udt.pl\/de\/wp-json\/wp\/v2\/types\/page"}],"author":[{"embeddable":true,"href":"https:\/\/szkolenia-udt.pl\/de\/wp-json\/wp\/v2\/users\/3"}],"replies":[{"embeddable":true,"href":"https:\/\/szkolenia-udt.pl\/de\/wp-json\/wp\/v2\/comments?post=44"}],"version-history":[{"count":8,"href":"https:\/\/szkolenia-udt.pl\/de\/wp-json\/wp\/v2\/pages\/44\/revisions"}],"predecessor-version":[{"id":2388,"href":"https:\/\/szkolenia-udt.pl\/de\/wp-json\/wp\/v2\/pages\/44\/revisions\/2388"}],"up":[{"embeddable":true,"href":"https:\/\/szkolenia-udt.pl\/de\/wp-json\/wp\/v2\/pages\/69"}],"wp:attachment":[{"href":"https:\/\/szkolenia-udt.pl\/de\/wp-json\/wp\/v2\/media?parent=44"}],"curies":[{"name":"wp","href":"https:\/\/api.w.org\/{rel}","templated":true}]}}