{"id":46,"date":"2014-10-07T16:23:50","date_gmt":"2014-10-07T16:23:50","guid":{"rendered":"http:\/\/szkolenia-udt.pl\/?page_id=46"},"modified":"2016-07-06T17:35:30","modified_gmt":"2016-07-06T17:35:30","slug":"krane-3","status":"publish","type":"page","link":"https:\/\/szkolenia-udt.pl\/de\/dzwignice\/dzwigi\/","title":{"rendered":"Kr\u00e4ne"},"content":{"rendered":"<div style=\"float: left; padding-right: 10px;\"><div id=\"metaslider-id-642\" style=\"max-width: 300px;\" class=\"ml-slider-3-107-0 metaslider metaslider-flex metaslider-642 ml-slider ms-theme-default nav-hidden\" role=\"region\" aria-label=\"Kr\u00e4ne\" data-height=\"225\" data-width=\"300\">\n    <div id=\"metaslider_container_642\">\n        <div id=\"metaslider_642\">\n            <ul class='slides'>\n                <li style=\"display: block; width: 100%;\" class=\"slide-647 ms-image\" aria-roledescription=\"slide\" data-date=\"2014-10-12 09:52:02\" data-filename=\"O\u015brodek-Szkolenia-Operator\u00f3w.jpg\" data-slide-type=\"image\"><img loading=\"lazy\" decoding=\"async\" src=\"https:\/\/szkolenia-udt.pl\/wp-content\/uploads\/2014\/10\/O\u015brodek-Szkolenia-Operator\u00f3w.jpg\" height=\"225\" width=\"300\" alt=\"\" class=\"slider-642 slide-647 msDefaultImage\" \/><\/li>\n                <li style=\"display: none; width: 100%;\" class=\"slide-649 ms-image\" aria-roledescription=\"slide\" data-date=\"2014-10-12 09:52:03\" data-filename=\"Szkolenie-d\u017awigi.jpg\" data-slide-type=\"image\"><img loading=\"lazy\" decoding=\"async\" src=\"https:\/\/szkolenia-udt.pl\/wp-content\/uploads\/2014\/10\/Szkolenie-d\u017awigi.jpg\" height=\"225\" width=\"300\" alt=\"Kranichkurs\" class=\"slider-642 slide-649 msDefaultImage\" \/><\/li>\n                <li style=\"display: none; width: 100%;\" class=\"slide-650 ms-image\" aria-roledescription=\"slide\" data-date=\"2014-10-12 09:52:03\" data-filename=\"Uprawnienia-UDT1.jpg\" data-slide-type=\"image\"><img loading=\"lazy\" decoding=\"async\" src=\"https:\/\/szkolenia-udt.pl\/wp-content\/uploads\/2014\/10\/Uprawnienia-UDT1.jpg\" height=\"225\" width=\"300\" alt=\"\" class=\"slider-642 slide-650 msDefaultImage\" \/><\/li>\n                <li style=\"display: none; width: 100%;\" class=\"slide-648 ms-image\" aria-roledescription=\"slide\" data-date=\"2014-10-12 09:52:02\" data-filename=\"szkolenia-d\u017awigi.jpg\" data-slide-type=\"image\"><img loading=\"lazy\" decoding=\"async\" src=\"https:\/\/szkolenia-udt.pl\/wp-content\/uploads\/2014\/10\/szkolenia-d\u017awigi.jpg\" height=\"225\" width=\"300\" alt=\"Ausbildungszentrum f\u00fcr Bediener\" class=\"slider-642 slide-648 msDefaultImage\" \/><\/li>\n                <li style=\"display: none; width: 100%;\" class=\"slide-651 ms-image\" aria-roledescription=\"slide\" data-date=\"2014-10-12 09:52:04\" data-filename=\"zdj\u0119cie-d\u017awig.jpg\" data-slide-type=\"image\"><img loading=\"lazy\" decoding=\"async\" src=\"https:\/\/szkolenia-udt.pl\/wp-content\/uploads\/2014\/10\/zdj\u0119cie-d\u017awig.jpg\" height=\"225\" width=\"300\" alt=\"Ausbildung zum Kranf\u00fchrer. UDT-Genehmigungen\" class=\"slider-642 slide-651 msDefaultImage\" \/><\/li>\n            <\/ul>\n        <\/div>\n        \n    <\/div>\n<\/div><\/div>\n<div class=\"wyjustuj\">\nKr\u00e4ne werden als Hebevorrichtungen oder Kr\u00e4ne, Aufz\u00fcge oder Hebezeuge bezeichnet, deren Aufgabe es ist, G\u00fcter oder Personen zu bewegen. Diese Lasten k\u00f6nnen sich auf Plattformen oder in Kabinen befinden. Ein Kranf\u00fchrer ist f\u00fcr das Heben und Senken von Lasten zust\u00e4ndig. F\u00fcr den Betrieb sind ein Kranlehrgang und eine vom Technischen \u00dcberwachungsverein ausgestellte Lizenz erforderlich. Nach Abschluss des Kurses legen die Teilnehmer die UDT-Pr\u00fcfung ab.<\/p>\n<p><strong>Krane werden in die folgenden Typen unterteilt:<\/strong><\/p>\n<ul>\n<li>Sch\u00e4chte - auch bekannt als Aufz\u00fcge<\/li>\n<li>kreisf\u00f6rmig - auch als Paternoster bekannt <\/li>\n<li>\nvertikale Bauweise - Wandmontage, Mastaufz\u00fcge<\/li>\n<li>Hafenkr\u00e4ne<\/li>\n<li>abfallend<\/li>\n<\/ul>\n<p>Wenn Sie als Kranf\u00fchrer arbeiten m\u00f6chten, ist ein Kurs in unserem <a href=\"https:\/\/szkolenia-udt.pl\/de\/o-firmie\/\">Zentrum<\/a> ist die beste Wahl. Was uns von anderen abhebt, sind unsere g\u00fcnstigen Preise f\u00fcr die Ausbildung, unsere Professionalit\u00e4t, unsere hohe Erfolgsquote und die Zufriedenheit unserer Auszubildenden. Wir bilden f\u00fcr Kr\u00e4ne in den folgenden St\u00e4dten aus: Warschau, Krakau, Kattowitz, Bielsko-Bia\u0142a. Wir laden Sie ein, die folgenden Vorteile zu nutzen <a href=\"https:\/\/szkolenia-udt.pl\/de\/oferta\/\">unsere Dienstleistungen<\/a>!\n<\/p><\/div>","protected":false},"excerpt":{"rendered":"<p>D\u017awigami nazywamy urz\u0105dzenia d\u017awigowe czy te\u017c d\u017awignice, inaczej windy czy wyci\u0105gi, kt\u00f3rych zadaniem jest przemieszanie towar\u00f3w lub os\u00f3b. \u0141adunki te mog\u0105 znajdowa\u0107 si\u0119 na platformach lub w kabinach. Za podnoszenie lub opuszczanie \u0142adunk\u00f3w odpowiedzialny jest d\u017awigowy. Do prowadzenia obs\u0142ugi potrzebny jest kurs d\u017awigowego oraz uprawnienia nadane przez Urz\u0105d Dozoru Technicznego. Po zako\u0144czeniu nauki kursanci podchodz\u0105 [&hellip;]<\/p>\n","protected":false},"author":3,"featured_media":0,"parent":69,"menu_order":0,"comment_status":"closed","ping_status":"closed","template":"","meta":{"footnotes":""},"class_list":["post-46","page","type-page","status-publish","hentry"],"aioseo_notices":[],"_links":{"self":[{"href":"https:\/\/szkolenia-udt.pl\/de\/wp-json\/wp\/v2\/pages\/46","targetHints":{"allow":["GET"]}}],"collection":[{"href":"https:\/\/szkolenia-udt.pl\/de\/wp-json\/wp\/v2\/pages"}],"about":[{"href":"https:\/\/szkolenia-udt.pl\/de\/wp-json\/wp\/v2\/types\/page"}],"author":[{"embeddable":true,"href":"https:\/\/szkolenia-udt.pl\/de\/wp-json\/wp\/v2\/users\/3"}],"replies":[{"embeddable":true,"href":"https:\/\/szkolenia-udt.pl\/de\/wp-json\/wp\/v2\/comments?post=46"}],"version-history":[{"count":5,"href":"https:\/\/szkolenia-udt.pl\/de\/wp-json\/wp\/v2\/pages\/46\/revisions"}],"predecessor-version":[{"id":652,"href":"https:\/\/szkolenia-udt.pl\/de\/wp-json\/wp\/v2\/pages\/46\/revisions\/652"}],"up":[{"embeddable":true,"href":"https:\/\/szkolenia-udt.pl\/de\/wp-json\/wp\/v2\/pages\/69"}],"wp:attachment":[{"href":"https:\/\/szkolenia-udt.pl\/de\/wp-json\/wp\/v2\/media?parent=46"}],"curies":[{"name":"wp","href":"https:\/\/api.w.org\/{rel}","templated":true}]}}