{"id":4829,"date":"2023-06-30T12:47:41","date_gmt":"2023-06-30T10:47:41","guid":{"rendered":"https:\/\/szkolenia-udt.pl\/?page_id=4829"},"modified":"2023-06-30T12:47:42","modified_gmt":"2023-06-30T10:47:42","slug":"service-reparatur-und-wartung-von-hebebuhnen","status":"publish","type":"page","link":"https:\/\/szkolenia-udt.pl\/de\/serwis-naprawa-i-konserwacja-wind-samochodowych\/","title":{"rendered":"Service, Reparatur und Wartung von Fahrzeughebeb\u00fchnen"},"content":{"rendered":"<h2 class=\"wp-block-heading\">\u00dcber das Unternehmen&nbsp;<\/h2>\n\n\n\n<p>Wir arbeiten in <a href=\"https:\/\/szkolenia-udt.pl\/de\/o-firmie\/\">Schulungszentrum f\u00fcr Bediener<\/a> OSO gibt es seit mehr als 15 Jahren, aber unsere Erfahrung reicht mehr als 20 Jahre zur\u00fcck. Wir bieten umfassende Dienstleistungen in den Bereichen Service, Wartung und UDT-Support. Unser Hauptsitz befindet sich in Warschau, aber wir verf\u00fcgen \u00fcber Niederlassungen in ganz Polen. &nbsp;<\/p>\n\n\n\n<p>Wir reparieren und warten alle Hebemaschinen. Wir arbeiten mit verschiedenen Institutionen zusammen, z. B. mit dem Amt f\u00fcr technische \u00dcberwachung und dem Verband der polnischen Elektriker. Unser Personal besteht aus hochqualifizierten Spezialisten mit viel Erfahrung. Dank ihnen f\u00fchren wir alle Auftr\u00e4ge zuverl\u00e4ssig und p\u00fcnktlich aus.&nbsp;<\/p>\n\n\n\n<h2 class=\"wp-block-heading\">Angebot&nbsp;<\/h2>\n\n\n\n<p>Wir gehen individuell auf jeden Auftrag ein und beraten Sie professionell. Wir verf\u00fcgen \u00fcber alle Genehmigungen f\u00fcr die Durchf\u00fchrung von Wartungs- und Instandhaltungsarbeiten. Wir sind auch in der Lage, komplexe und ungew\u00f6hnliche Aufgaben zu \u00fcbernehmen. T\u00e4glich schulen wir den Betrieb und die Wartung verschiedener Ger\u00e4te und f\u00fchren unseren eigenen Service durch.&nbsp;<\/p>\n\n\n<div class=\"wp-block-image\">\n<figure class=\"alignright size-large is-resized\"><a href=\"https:\/\/szkolenia-udt.pl\/wp-content\/uploads\/2023\/05\/whdh.png\"><img loading=\"lazy\" decoding=\"async\" src=\"https:\/\/szkolenia-udt.pl\/wp-content\/uploads\/2023\/05\/whdh-1024x693.png\" alt=\"Wartung und Inspektion des Ladelifts \" class=\"wp-image-4832\" width=\"512\" height=\"347\" srcset=\"https:\/\/szkolenia-udt.pl\/wp-content\/uploads\/2023\/05\/whdh-1024x693.png 1024w, https:\/\/szkolenia-udt.pl\/wp-content\/uploads\/2023\/05\/whdh-300x203.png 300w, https:\/\/szkolenia-udt.pl\/wp-content\/uploads\/2023\/05\/whdh-768x520.png 768w, https:\/\/szkolenia-udt.pl\/wp-content\/uploads\/2023\/05\/whdh-18x12.png 18w, https:\/\/szkolenia-udt.pl\/wp-content\/uploads\/2023\/05\/whdh.png 1137w\" sizes=\"auto, (max-width: 512px) 100vw, 512px\" \/><\/a><\/figure>\n<\/div>\n\n\n<h3 class=\"wp-block-heading\">In unserem Angebot finden Sie auch:&nbsp;<\/h3>\n\n\n\n<ul class=\"wp-block-list\">\n<li>Durchf\u00fchrung von Reparatur- und Wartungsarbeiten an Aufz\u00fcgen;&nbsp;<\/li>\n\n\n\n<li>die Durchf\u00fchrung von Wartungskontrollen;&nbsp;<\/li>\n\n\n\n<li>Vorbereitung der Dokumentation;&nbsp;<\/li>\n\n\n\n<li>Reparatur mobiler Plattformen und Modernisierung von Kr\u00e4nen;&nbsp;<\/li>\n\n\n\n<li>die Durchf\u00fchrung regelm\u00e4\u00dfiger Pr\u00fcfungen;&nbsp;<\/li>\n\n\n\n<li>Erstellung von Unterlagen f\u00fcr im Ausland gekaufte Maschinen;&nbsp;<\/li>\n\n\n\n<li>Ausbildungseinrichtungen.&nbsp;<\/li>\n<\/ul>\n\n\n\n<p>Wir bieten einen mobilen Service f\u00fcr Lastenaufz\u00fcge in ganz Polen mit Zugang zum Kunden. Wir bieten professionelle Dienstleistungen. Wir verf\u00fcgen \u00fcber eine breite Palette von Ersatzteilen f\u00fcr mobile Arbeitsb\u00fchnen aller Hersteller. Wir k\u00fcmmern uns um Fehler in elektrischen und hydraulischen Systemen. &nbsp;<\/p>\n\n\n\n<p>Wir garantieren eine pr\u00e4zise und schnelle Fehlerdiagnose. Dar\u00fcber hinaus regenerieren wir Antriebe und f\u00fchren Wartungsinspektionen nach UDT-Richtlinien durch. Unsere Mitarbeiter bilden sich st\u00e4ndig weiter und erweitern ihr Wissen in Fachkursen. Bei uns ist Ihnen h\u00f6chste Professionalit\u00e4t garantiert!&nbsp;&nbsp;<\/p>\n\n\n\n<h2 class=\"wp-block-heading\">Behebung von St\u00f6rungen an Hebeb\u00fchnen und Ladeplattformen&nbsp;&nbsp;<\/h2>\n\n\n\n<p>Moderne Lastenaufz\u00fcge beschleunigen die Logistik und den Warenumschlag erheblich. Die Logistikbranche zeichnet sich durch ein hohes Ma\u00df an Dynamik aus und ist oft rund um die Uhr im Einsatz. Daher kann jeder Ausfall der Aufz\u00fcge zu Ausfallzeiten und damit zu finanziellen Verlusten f\u00fcr die Transportunternehmen f\u00fchren. &nbsp;<\/p>\n\n\n\n<p>Deshalb f\u00fchren wir unseren Service fachkundig und ausdr\u00fccklich beim Kunden vor Ort durch. Gerne f\u00fchren wir auch periodische Inspektionen durch und erstellen die notwendige UDT-Dokumentation.&nbsp;&nbsp;<\/p>\n\n\n\n<p>Die Vielzahl der auf dem Markt verf\u00fcgbaren L\u00f6sungen erfordert f\u00fcr die Wartung von Plattformen ein breites Wissen, das systematisch erweitert werden muss. Unsere Mitarbeiter verbessern ihre F\u00e4higkeiten jeden Tag. Wir f\u00fchren Reparaturarbeiten f\u00fcr alle Hersteller durch. Wir bieten eine schnelle und zuverl\u00e4ssige Diagnose. Wir verf\u00fcgen \u00fcber ein gut sortiertes Lager mit Original- und Ersatzteilen. So tauschen wir Systemkomponenten aus, ohne auf eine Bestellung zu warten, was die Ausfallzeit und die Wiederherstellung des ordnungsgem\u00e4\u00dfen Maschinenbetriebs erheblich verk\u00fcrzt. Wenn Ihr Aufzug eine Panne hat - bitte kontaktieren Sie uns!&nbsp;<\/p>\n\n\n\n<h2 class=\"wp-block-heading\">Fahrzeughebeb\u00fchnen - was sind sie? Was ist ihr Nutzen?<\/h2>\n\n\n<div class=\"wp-block-image\">\n<figure class=\"alignright size-full is-resized\"><a href=\"https:\/\/szkolenia-udt.pl\/wp-content\/uploads\/2023\/05\/egtegedh-1.png\"><img loading=\"lazy\" decoding=\"async\" src=\"https:\/\/szkolenia-udt.pl\/wp-content\/uploads\/2023\/05\/egtegedh-1.png\" alt=\"Autoeinfahrt mit Kran\" class=\"wp-image-4838\" width=\"515\" height=\"344\" srcset=\"https:\/\/szkolenia-udt.pl\/wp-content\/uploads\/2023\/05\/egtegedh-1.png 878w, https:\/\/szkolenia-udt.pl\/wp-content\/uploads\/2023\/05\/egtegedh-1-300x200.png 300w, https:\/\/szkolenia-udt.pl\/wp-content\/uploads\/2023\/05\/egtegedh-1-768x513.png 768w, https:\/\/szkolenia-udt.pl\/wp-content\/uploads\/2023\/05\/egtegedh-1-18x12.png 18w\" sizes=\"auto, (max-width: 515px) 100vw, 515px\" \/><\/a><\/figure>\n<\/div>\n\n\n<p><strong>Autoaufz\u00fcge<\/strong> sind eine seltene, aber \u00e4u\u00dferst funktionelle L\u00f6sung, die in privaten oder \u00f6ffentlichen Geb\u00e4uden zu finden ist. Sie sind eine ausgezeichnete Wahl f\u00fcr Bereiche mit geringer Grundfl\u00e4che, um so viele Fahrzeuge wie m\u00f6glich unterzubringen.&nbsp;&nbsp;<\/p>\n\n\n\n<p>Es handelt sich um mobile Plattformen, mit denen ein Fahrzeug ungehindert auf eine bestimmte H\u00f6he gehoben werden kann. Sie eignen sich gut f\u00fcr Tiefgaragen oder oberirdische Parkh\u00e4user, in denen es nur wenige Parkpl\u00e4tze gibt. In dieser Situation kann ein Auto oben und ein anderes unten stehen.&nbsp;&nbsp;<\/p>\n\n\n\n<p>Aufz\u00fcge werden auch in Industriebetrieben und an anderen Orten eingesetzt, wo verschiedene Fahrzeuge in h\u00f6here Stockwerke gehoben werden m\u00fcssen.&nbsp;<\/p>\n\n\n\n<p>VL-Hebeb\u00fchnen (eine Art hydraulischer Personenaufzug) sind f\u00fcr den Transport von Autos geeignet. Sie sind in drei Standardausf\u00fchrungen erh\u00e4ltlich, die jeweils \u00fcber eine EG-Baumusterpr\u00fcfbescheinigung verf\u00fcgen:&nbsp;<\/p>\n\n\n\n<figure class=\"wp-block-table\"><table><tbody><tr><td>VL-Mobilkrane&nbsp;&nbsp;<\/td><td>Tragf\u00e4higkeit und Kabinenabmessungen&nbsp;<\/td><\/tr><tr><td>VL30&nbsp;<\/td><td>3.000 kg; 2,4 x 5,3 m und 2,3 m T\u00fcrbreite&nbsp;&nbsp;<\/td><\/tr><tr><td>VL35&nbsp;&nbsp;<\/td><td>3.500 kg; 2,7 x 5,6 m und 2,4 m T\u00fcrbreite&nbsp;&nbsp;<\/td><\/tr><tr><td>VL40&nbsp;<\/td><td>4.000 kg; 2,8 x 6,0 m und 2,6 m T\u00fcrbreite&nbsp;&nbsp;<\/td><\/tr><\/tbody><\/table><\/figure>\n\n\n\n<p>Wir empfehlen die Versionen VL40 und VL35, da nur diese Hebeb\u00fchnen den Transport aller serienm\u00e4\u00dfig hergestellten Pkw - einschlie\u00dflich der gr\u00f6\u00dften US-SUVs - erm\u00f6glichen.&nbsp;<\/p>\n\n\n\n<p>Die VL sind mit der GMV 1:1-Technologie ausgestattet - der weltweit einzigartigen 1:1-Direktantriebstechnologie - der Kabinenboden klappt beim Einsteigen nicht zusammen und die Hubfenster sind im Vergleich zur Kabinengr\u00f6\u00dfe extrem klein.&nbsp;<\/p>\n\n\n\n<p>Sie bedienen mehrst\u00f6ckige unter- und oberirdische Parkh\u00e4user. Sie sind in der Regel die einzige L\u00f6sung f\u00fcr Garagenpl\u00e4tze unter Geb\u00e4uden in Stadtzentren. Ein Aufzug in einer kleinen Garage unter einem Geb\u00e4ude, anstelle einer typischen Ausfahrt, spart zwischen 5 und 9 Parkpl\u00e4tze pro Etage.&nbsp;&nbsp;<\/p>\n\n\n\n<h2 class=\"wp-block-heading\">Wie Hebeb\u00fchnen funktionieren&nbsp;<\/h2>\n\n\n<div class=\"wp-block-image\">\n<figure class=\"alignright size-large is-resized\"><a href=\"https:\/\/szkolenia-udt.pl\/wp-content\/uploads\/2023\/05\/sghrjr.png\"><img loading=\"lazy\" decoding=\"async\" src=\"https:\/\/szkolenia-udt.pl\/wp-content\/uploads\/2023\/05\/sghrjr-1024x678.png\" alt=\"Autoaufzug - Garage\" class=\"wp-image-4833\" width=\"512\" height=\"339\" srcset=\"https:\/\/szkolenia-udt.pl\/wp-content\/uploads\/2023\/05\/sghrjr-1024x678.png 1024w, https:\/\/szkolenia-udt.pl\/wp-content\/uploads\/2023\/05\/sghrjr-300x199.png 300w, https:\/\/szkolenia-udt.pl\/wp-content\/uploads\/2023\/05\/sghrjr-768x508.png 768w, https:\/\/szkolenia-udt.pl\/wp-content\/uploads\/2023\/05\/sghrjr-18x12.png 18w, https:\/\/szkolenia-udt.pl\/wp-content\/uploads\/2023\/05\/sghrjr.png 1065w\" sizes=\"auto, (max-width: 512px) 100vw, 512px\" \/><\/a><\/figure>\n<\/div>\n\n\n<p>Hebesysteme in Hebeb\u00fchnen sind sehr kompakt und ben\u00f6tigen nur eine flache Vertiefung in der Oberfl\u00e4che. Hebesysteme in Autoaufz\u00fcgen sind sehr kompakt und ben\u00f6tigen nur eine flache Vertiefung in der Bodenoberfl\u00e4che. Sie funktionieren auch in R\u00e4umen mit sehr begrenztem Platzangebot gut, da sie nicht viel Raum einnehmen. Mit Hilfe einer speziellen Kette k\u00f6nnen schwere Fahrzeuge kontinuierlich und m\u00fchelos angehoben werden.&nbsp;&nbsp;<\/p>\n\n\n\n<p>Diese L\u00f6sung funktioniert am besten in \u00f6ffentlichen Einrichtungen, wo das Verkehrsaufkommen viel h\u00f6her ist als in privaten Geb\u00e4uden. Aufz\u00fcge sind mit Steuerungssystemen ausgestattet und haben oft noch eine Glaskabine mit T\u00fcren und Fenstern.&nbsp;&nbsp;<\/p>\n\n\n\n<p>In ihrer Funktionsweise unterscheiden sie sich nicht allzu sehr von klassischen Personenaufz\u00fcgen. Autoaufz\u00fcge hingegen sind viel gr\u00f6\u00dfer und robuster, einige k\u00f6nnen Fahrzeuge mit einem Gewicht von bis zu 60 Tonnen heben.&nbsp;<\/p>\n\n\n\n<h2 class=\"wp-block-heading\">Arten der technischen Pr\u00fcfung&nbsp;<\/h2>\n\n\n\n<p>Eine Hebeb\u00fchne kann nur dann f\u00fcr die Benutzung zugelassen werden, wenn sie mit einer vom Hersteller bereitgestellten Anleitung versehen ist.&nbsp;&nbsp;<\/p>\n\n\n<div class=\"wp-block-image\">\n<figure class=\"alignright size-large is-resized\"><a href=\"https:\/\/szkolenia-udt.pl\/wp-content\/uploads\/2023\/05\/bdfnfjf.png\"><img loading=\"lazy\" decoding=\"async\" src=\"https:\/\/szkolenia-udt.pl\/wp-content\/uploads\/2023\/05\/bdfnfjf-1024x689.png\" alt=\"Autoaufzug mit geparkten Autos\" class=\"wp-image-4834\" width=\"512\" height=\"345\" srcset=\"https:\/\/szkolenia-udt.pl\/wp-content\/uploads\/2023\/05\/bdfnfjf-1024x689.png 1024w, https:\/\/szkolenia-udt.pl\/wp-content\/uploads\/2023\/05\/bdfnfjf-300x202.png 300w, https:\/\/szkolenia-udt.pl\/wp-content\/uploads\/2023\/05\/bdfnfjf-768x517.png 768w, https:\/\/szkolenia-udt.pl\/wp-content\/uploads\/2023\/05\/bdfnfjf-18x12.png 18w, https:\/\/szkolenia-udt.pl\/wp-content\/uploads\/2023\/05\/bdfnfjf.png 1045w\" sizes=\"auto, (max-width: 512px) 100vw, 512px\" \/><\/a><\/figure>\n<\/div>\n\n\n<p>Vor dem Einbau des Aufzugs sind eine Genehmigung des Technischen \u00dcberwachungsamtes und entsprechende Unterlagen erforderlich. Der ordnungsgem\u00e4\u00dfe Betrieb h\u00e4ngt von der zyklischen Wartung der Anlage ab, insbesondere bei Aufz\u00fcgen mit einer Tragf\u00e4higkeit von \u00fcber 250 kg. Bei der Pr\u00fcfung wird der technische Zustand der Anlage, die Richtigkeit der Kennzeichnung sowie die Vollst\u00e4ndigkeit und \u00dcbereinstimmung mit den Unterlagen kontrolliert. Der Pr\u00fcfer kontrolliert die korrekte Montage der Hebeb\u00fchne auf dem Lkw-Fahrgestell und f\u00fchrt Funktionstests mit der Last durch, um sicherzustellen, dass alle Mechanismen und Sicherheitsmerkmale der Plattform ordnungsgem\u00e4\u00df funktionieren.&nbsp;&nbsp;<\/p>\n\n\n\n<p>Nach bestandener Abnahme f\u00fcllt der Inspektor ein Protokoll aus, das zu einer Entscheidung f\u00fchrt, mit der die Benutzung des Ladelifts genehmigt wird.&nbsp;<\/p>","protected":false},"excerpt":{"rendered":"<p>O firmie&nbsp; Dzia\u0142amy w O\u015brodku Szkolenia Operator\u00f3w OSO od ponad 15 lat, ale nasze do\u015bwiadczenie si\u0119ga ponad 20 lat wstecz. \u015awiadczymy kompleksowe us\u0142ugi zwi\u0105zane z serwisem, konserwacj\u0105 i obs\u0142ug\u0105 UDT. Siedziba naszej firmy znajduje si\u0119 w Warszawie, ale mamy dost\u0119pne oddzia\u0142y na terenie ca\u0142ej Polski. &nbsp; Naprawiamy i konserwujemy wszelkie maszyny d\u017awigowe. Wsp\u00f3\u0142pracujemy z r\u00f3\u017cnymi [&hellip;]<\/p>\n","protected":false},"author":10,"featured_media":4838,"parent":0,"menu_order":0,"comment_status":"closed","ping_status":"closed","template":"","meta":{"footnotes":""},"class_list":["post-4829","page","type-page","status-publish","has-post-thumbnail","hentry"],"aioseo_notices":[],"_links":{"self":[{"href":"https:\/\/szkolenia-udt.pl\/de\/wp-json\/wp\/v2\/pages\/4829","targetHints":{"allow":["GET"]}}],"collection":[{"href":"https:\/\/szkolenia-udt.pl\/de\/wp-json\/wp\/v2\/pages"}],"about":[{"href":"https:\/\/szkolenia-udt.pl\/de\/wp-json\/wp\/v2\/types\/page"}],"author":[{"embeddable":true,"href":"https:\/\/szkolenia-udt.pl\/de\/wp-json\/wp\/v2\/users\/10"}],"replies":[{"embeddable":true,"href":"https:\/\/szkolenia-udt.pl\/de\/wp-json\/wp\/v2\/comments?post=4829"}],"version-history":[{"count":8,"href":"https:\/\/szkolenia-udt.pl\/de\/wp-json\/wp\/v2\/pages\/4829\/revisions"}],"predecessor-version":[{"id":4842,"href":"https:\/\/szkolenia-udt.pl\/de\/wp-json\/wp\/v2\/pages\/4829\/revisions\/4842"}],"wp:featuredmedia":[{"embeddable":true,"href":"https:\/\/szkolenia-udt.pl\/de\/wp-json\/wp\/v2\/media\/4838"}],"wp:attachment":[{"href":"https:\/\/szkolenia-udt.pl\/de\/wp-json\/wp\/v2\/media?parent=4829"}],"curies":[{"name":"wp","href":"https:\/\/api.w.org\/{rel}","templated":true}]}}