{"id":4843,"date":"2023-06-30T12:48:46","date_gmt":"2023-06-30T10:48:46","guid":{"rendered":"https:\/\/szkolenia-udt.pl\/?page_id=4843"},"modified":"2023-06-30T12:48:47","modified_gmt":"2023-06-30T10:48:47","slug":"kranservice-im-betreiberschulungszentrum","status":"publish","type":"page","link":"https:\/\/szkolenia-udt.pl\/de\/serwis-zurawi-w-osrodku-szkolenia-operatorow\/","title":{"rendered":"Kranservice im Operator Training Centre\u00a0"},"content":{"rendered":"<p>OSO legt gro\u00dfen Wert auf die Qualit\u00e4t seiner Dienstleistungen. Wir unterteilen die Wartung in Notfallwartung (als Reaktion auf eine St\u00f6rung) und geplante Wartung.&nbsp;<\/p>\n\n\n\n<h2 class=\"wp-block-heading\">Was zeichnet geplante Wartungsarbeiten aus?&nbsp;<\/h2>\n\n\n\n<p>Unabh\u00e4ngig von den getroffenen Wartungsma\u00dfnahmen hat jedes Bauteil eine bestimmte Lebensdauer, die von einer Reihe von Faktoren abh\u00e4ngig ist. Daher sind alle Krane mit einem Zeitlimit f\u00fcr den nat\u00fcrlichen Verschlei\u00df der einzelnen Teile versehen. In vielen Kaufvertr\u00e4gen f\u00fcr Neuger\u00e4te sind Anh\u00e4nge beigef\u00fcgt, in denen diese Bauteile sowie Anweisungen f\u00fcr den korrekten Betrieb und den Austausch aufgef\u00fchrt sind. Dar\u00fcber hinaus ist es die Aufgabe des Servicetechnikers, den Zustand der Bauteile laufend zu \u00fcberpr\u00fcfen und den Grad der Abnutzung nach einer bestimmten Nutzungsdauer festzustellen. Ein guter Servicetechniker wird Sie im Voraus \u00fcber die Notwendigkeit einer Reparatur oder eines Austauschs informieren und Ihnen Vorschl\u00e4ge unterbreiten, damit Sie sich rechtzeitig darauf einstellen k\u00f6nnen.&nbsp;<\/p>\n\n\n<div class=\"wp-block-image\">\n<figure class=\"alignright size-large is-resized\"><a href=\"https:\/\/szkolenia-udt.pl\/wp-content\/uploads\/2023\/05\/screen_2x-2023-05-04T205807.892.jpg\"><img loading=\"lazy\" decoding=\"async\" src=\"https:\/\/szkolenia-udt.pl\/wp-content\/uploads\/2023\/05\/screen_2x-2023-05-04T205807.892-1024x500.jpg\" alt=\"Professionelle Reparaturen vor Ort\" class=\"wp-image-4844\" width=\"512\" height=\"250\" srcset=\"https:\/\/szkolenia-udt.pl\/wp-content\/uploads\/2023\/05\/screen_2x-2023-05-04T205807.892-1024x500.jpg 1024w, https:\/\/szkolenia-udt.pl\/wp-content\/uploads\/2023\/05\/screen_2x-2023-05-04T205807.892-300x146.jpg 300w, https:\/\/szkolenia-udt.pl\/wp-content\/uploads\/2023\/05\/screen_2x-2023-05-04T205807.892-768x375.jpg 768w, https:\/\/szkolenia-udt.pl\/wp-content\/uploads\/2023\/05\/screen_2x-2023-05-04T205807.892-1536x750.jpg 1536w, https:\/\/szkolenia-udt.pl\/wp-content\/uploads\/2023\/05\/screen_2x-2023-05-04T205807.892-18x9.jpg 18w, https:\/\/szkolenia-udt.pl\/wp-content\/uploads\/2023\/05\/screen_2x-2023-05-04T205807.892.jpg 1600w\" sizes=\"auto, (max-width: 512px) 100vw, 512px\" \/><\/a><\/figure>\n<\/div>\n\n\n<h2 class=\"wp-block-heading\">Ein Teil der Arbeit des Dienstes ist aus folgenden Gr\u00fcnden geplant:&nbsp;<\/h2>\n\n\n\n<ul class=\"wp-block-list\">\n<li>\u00c4nderungen der Rechtsvorschriften, die den Nutzern neue Verpflichtungen auferlegen;&nbsp;<\/li>\n\n\n\n<li>Gesch\u00e4ftsentwicklung;&nbsp;<\/li>\n\n\n\n<li>M\u00f6glichkeiten zur Verbesserung der Ergonomie des Kranbetriebs;&nbsp;<\/li>\n\n\n\n<li>\u00c4nderung des Produktionsprofils.&nbsp;<\/li>\n<\/ul>\n\n\n\n<p>Bei \u00e4lteren Kr\u00e4nen kann das Problem in der geringeren Anzahl verf\u00fcgbarer Ersatzteile oder in der mangelnden Kompatibilit\u00e4t mit neuen Technologien liegen, ganz zu schweigen von der Sicherheit der Arbeiten. Unsere Spezialisten f\u00fchren die \u00dcberholung der Ausr\u00fcstung durch, z. B. den Austausch der Stromversorgung, den Einbau von Funksteuerungen und vieles mehr. Durchdachte und sorgf\u00e4ltig geplante Arbeiten sind das Markenzeichen unserer T\u00e4tigkeit. Dazu geh\u00f6ren Erst- und Sonderinspektionen, Gutachten und Zustandsbeurteilungen. Alles ausgef\u00fchrt von unserem Expertenteam!&nbsp;<\/p>\n\n\n\n<h2 class=\"wp-block-heading\">Angemessene Reaktion auf Notf\u00e4lle&nbsp;<\/h2>\n\n\n<div class=\"wp-block-image\">\n<figure class=\"alignright size-large is-resized\"><a href=\"https:\/\/szkolenia-udt.pl\/wp-content\/uploads\/2023\/05\/screen_2x-2023-05-04T205720.559.jpg\"><img loading=\"lazy\" decoding=\"async\" src=\"https:\/\/szkolenia-udt.pl\/wp-content\/uploads\/2023\/05\/screen_2x-2023-05-04T205720.559-1024x673.jpg\" alt=\"Kran vor Ort\" class=\"wp-image-4847\" width=\"512\" height=\"337\" srcset=\"https:\/\/szkolenia-udt.pl\/wp-content\/uploads\/2023\/05\/screen_2x-2023-05-04T205720.559-1024x673.jpg 1024w, https:\/\/szkolenia-udt.pl\/wp-content\/uploads\/2023\/05\/screen_2x-2023-05-04T205720.559-300x197.jpg 300w, https:\/\/szkolenia-udt.pl\/wp-content\/uploads\/2023\/05\/screen_2x-2023-05-04T205720.559-768x505.jpg 768w, https:\/\/szkolenia-udt.pl\/wp-content\/uploads\/2023\/05\/screen_2x-2023-05-04T205720.559-1536x1010.jpg 1536w, https:\/\/szkolenia-udt.pl\/wp-content\/uploads\/2023\/05\/screen_2x-2023-05-04T205720.559-18x12.jpg 18w, https:\/\/szkolenia-udt.pl\/wp-content\/uploads\/2023\/05\/screen_2x-2023-05-04T205720.559.jpg 1600w\" sizes=\"auto, (max-width: 512px) 100vw, 512px\" \/><\/a><\/figure>\n<\/div>\n\n\n<p>Wir wollen sicherstellen, dass die Wartung \u00e4lterer Krananlagen (z. B. Kr\u00e4ne) St\u00f6rungen und Ausf\u00e4lle reduziert. Neue Ausr\u00fcstungen sollten so lange wie m\u00f6glich in Betrieb gehalten werden, um die Lebensdauer der Komponenten zu verl\u00e4ngern und korrekt konfiguriert zu sein. Es darf nicht vergessen werden, dass potenzielle Ausf\u00e4lle von anderen Faktoren beeinflusst werden, die nicht unbedingt mit dem technischen Zustand zusammenh\u00e4ngen, n\u00e4mlich dem Alter der Ausr\u00fcstung und der Komponenten, den rauen Arbeitsbedingungen und der Qualit\u00e4t des Bedienerservices. OSO reagiert schnell auf St\u00f6rungsmeldungen und schlie\u00dft je nach Vereinbarung Dauer- oder Einzelvertr\u00e4ge ab.&nbsp;<\/p>\n\n\n\n<h2 class=\"wp-block-heading\">Wie sieht das in der Praxis aus?&nbsp;<\/h2>\n\n\n\n<ul class=\"wp-block-list\">\n<li>Die Gesch\u00e4ftsbedingungen werden mit den einzelnen Kunden vereinbart, von unserem Verk\u00e4ufer per E-Mail best\u00e4tigt und eine Preisliste der Dienstleistungen wird vorgelegt.\u00a0<\/li>\n\n\n\n<li>Der Servicemitarbeiter nimmt zum vertraglich vereinbarten Zeitpunkt Kontakt mit dem Auftragnehmer auf. Zur Vervollst\u00e4ndigung der Informationen \u00fcber den Bedarf an Ersatzteilen oder spezifischen Servicearbeiten und zur Beurteilung der Situation.&nbsp;<\/li>\n\n\n\n<li>Beachten Sie die Fragen im Zusammenhang mit dem Zugang zum Ger\u00e4t und den Servicebedingungen.&nbsp;<\/li>\n\n\n\n<li>Wir vereinbaren einen Termin f\u00fcr die Ankunft unseres Serviceteams. Bei Vertr\u00e4gen, die durch Aufzeichnungen geregelt sind, geht das sehr schnell.&nbsp;<\/li>\n\n\n\n<li>Am Ende der Wartungsarbeiten erstellen wir einen Kran-Servicebericht, der vor allem Folgendes enth\u00e4lt: festgestellte Fehler, Arbeitszeit, Umfang der durchgef\u00fchrten Arbeiten, Anzahl der Servicetechniker und weitere Empfehlungen.&nbsp;<\/li>\n\n\n\n<li>Sollte es nicht m\u00f6glich sein, die St\u00f6rung beim ersten Servicebesuch zu beheben, legen wir das weitere Vorgehen fest.&nbsp;<\/li>\n<\/ul>\n\n\n\n<p>Wir wissen, wie wichtig die Kommunikation mit dem Kunden ist, der so schnell wie m\u00f6glich \u00fcber den Verbleib der Maschine informiert werden und die Produktion fortsetzen m\u00f6chte. Deshalb legen wir Wert darauf, dass unsere Mitarbeiter in der Lage sind, konkrete Ausk\u00fcnfte zu geben. Wir beraten Sie gerne, helfen Ihnen und beantworten Ihre Fragen. Wir freuen uns darauf, von Ihnen zu h\u00f6ren!&nbsp;<\/p>\n\n\n\n<h2 class=\"wp-block-heading\">Vorschriften und Instandhaltung von Kr\u00e4nen&nbsp;<\/h2>\n\n\n<div class=\"wp-block-image\">\n<figure class=\"alignright size-large is-resized\"><a href=\"https:\/\/szkolenia-udt.pl\/wp-content\/uploads\/2023\/05\/canva-bez-tytulu-MAEGxB8unE0.jpg\"><img loading=\"lazy\" decoding=\"async\" src=\"https:\/\/szkolenia-udt.pl\/wp-content\/uploads\/2023\/05\/canva-bez-tytulu-MAEGxB8unE0-1024x681.jpg\" alt=\"Wartung eines Turmdrehkrans\" class=\"wp-image-4846\" width=\"512\" height=\"341\" srcset=\"https:\/\/szkolenia-udt.pl\/wp-content\/uploads\/2023\/05\/canva-bez-tytulu-MAEGxB8unE0-1024x681.jpg 1024w, https:\/\/szkolenia-udt.pl\/wp-content\/uploads\/2023\/05\/canva-bez-tytulu-MAEGxB8unE0-300x200.jpg 300w, https:\/\/szkolenia-udt.pl\/wp-content\/uploads\/2023\/05\/canva-bez-tytulu-MAEGxB8unE0-768x511.jpg 768w, https:\/\/szkolenia-udt.pl\/wp-content\/uploads\/2023\/05\/canva-bez-tytulu-MAEGxB8unE0-1536x1021.jpg 1536w, https:\/\/szkolenia-udt.pl\/wp-content\/uploads\/2023\/05\/canva-bez-tytulu-MAEGxB8unE0-18x12.jpg 18w, https:\/\/szkolenia-udt.pl\/wp-content\/uploads\/2023\/05\/canva-bez-tytulu-MAEGxB8unE0.jpg 1600w\" sizes=\"auto, (max-width: 512px) 100vw, 512px\" \/><\/a><\/figure>\n<\/div>\n\n\n<p>Wir f\u00fchren unsere T\u00e4tigkeiten auf der Grundlage der Bestimmungen der Verordnung des Ministers f\u00fcr Unternehmertum und Technologie vom 30. Oktober 2018 \u00fcber die technischen Bedingungen der technischen \u00dcberwachung beim Betrieb, der Reparatur und der Modernisierung von Flurf\u00f6rderzeugen durch. Detaillierte Vorgaben zur Wartung des Krans und der Komponenten oder die Festlegung von Fristen f\u00fcr diese T\u00e4tigkeiten sind in der Regel im Handbuch verankert, das vorrangig anzuwenden ist. Bitte stellen Sie diese Informationen zur Verf\u00fcgung und treffen Sie entsprechende Vorkehrungen.&nbsp;<\/p>\n\n\n\n<h2 class=\"wp-block-heading\">Was beinhaltet die Kranwartung?&nbsp;<\/h2>\n\n\n\n<figure class=\"wp-block-table\"><table><tbody><tr><td><strong>Siehe<\/strong>&nbsp;<\/td><td><strong>Visuelle Pr\u00fcfung des Zustands&nbsp;<\/strong><\/td><td><strong>Reparatur<\/strong>&nbsp;<\/td><\/tr><tr><td>den Zustand der Antriebsmechanismen, des Bremssystems, des Gest\u00e4nges der Aufh\u00e4ngungen;&nbsp;&nbsp;<\/td><td>die Aufbauten - insbesondere die l\u00f6sbaren und geschwei\u00dften Verbindungen, die Laufbahn des Hebezeugs;&nbsp;&nbsp;<\/td><td>Einstellung der Bremsen, Nachf\u00fcllen und Festziehen der Schrauben, Schmierung usw..;&nbsp;<\/td><\/tr><tr><td>Stellteile, Signaleinrichtungen, Beleuchtungseinrichtungen, Sicherheitsbauteile, Betriebshaltestellen, ordnungsgem\u00e4\u00dfer Betrieb;&nbsp;<\/td><td>die Anbauteile des Krans auf der Baustelle, die Installation von Stromschlagschutzvorrichtungen;&nbsp;&nbsp;<\/td><td>Behebung von St\u00f6rungen.&nbsp;<\/td><\/tr><\/tbody><\/table><\/figure>\n\n\n\n<h2 class=\"wp-block-heading\">Wir f\u00fchren Wartungs- und Inspektionsprotokolle&nbsp;<\/h2>\n\n\n<div class=\"wp-block-image\">\n<figure class=\"alignright size-large is-resized\"><a href=\"https:\/\/szkolenia-udt.pl\/wp-content\/uploads\/2023\/05\/screen_2x-2023-05-04T205756.134.jpg\"><img loading=\"lazy\" decoding=\"async\" src=\"https:\/\/szkolenia-udt.pl\/wp-content\/uploads\/2023\/05\/screen_2x-2023-05-04T205756.134-678x1024.jpg\" alt=\"Service, Reparatur, Wartung von Kr\u00e4nen\" class=\"wp-image-4845\" width=\"339\" height=\"512\" srcset=\"https:\/\/szkolenia-udt.pl\/wp-content\/uploads\/2023\/05\/screen_2x-2023-05-04T205756.134-678x1024.jpg 678w, https:\/\/szkolenia-udt.pl\/wp-content\/uploads\/2023\/05\/screen_2x-2023-05-04T205756.134-199x300.jpg 199w, https:\/\/szkolenia-udt.pl\/wp-content\/uploads\/2023\/05\/screen_2x-2023-05-04T205756.134-768x1160.jpg 768w, https:\/\/szkolenia-udt.pl\/wp-content\/uploads\/2023\/05\/screen_2x-2023-05-04T205756.134-1017x1536.jpg 1017w, https:\/\/szkolenia-udt.pl\/wp-content\/uploads\/2023\/05\/screen_2x-2023-05-04T205756.134-8x12.jpg 8w, https:\/\/szkolenia-udt.pl\/wp-content\/uploads\/2023\/05\/screen_2x-2023-05-04T205756.134.jpg 1059w\" sizes=\"auto, (max-width: 339px) 100vw, 339px\" \/><\/a><\/figure>\n<\/div>\n\n\n<p>Jede durchgef\u00fchrte Wartung oder Reparatur wird in einem Logbuch festgehalten, das vom Benutzer gef\u00fchrt werden sollte. Wir gehen jedoch auf die Bed\u00fcrfnisse unserer Kunden ein und k\u00f6nnen auf Wunsch f\u00fcr jedes Ger\u00e4t, das Sie besitzen, ein solches Logbuch einrichten. Dar\u00fcber hinaus wird im Inspektionsprotokoll Folgendes vermerkt:&nbsp;<\/p>\n\n\n\n<ul class=\"wp-block-list\">\n<li>Anzahl der Mitarbeiter, die die \u00dcberpr\u00fcfung durchf\u00fchren;&nbsp;<\/li>\n\n\n\n<li>Dauer der Kranwartung;&nbsp;<\/li>\n\n\n\n<li>Ergebnisse der \u00dcberpr\u00fcfungs- und Wartungsarbeiten;&nbsp;<\/li>\n\n\n\n<li>Hinweise zum Zustand des Ger\u00e4ts;&nbsp;<\/li>\n\n\n\n<li>Empfehlungen f\u00fcr zus\u00e4tzliche Arbeiten und den Austausch von Teilen w\u00e4hrend des Betriebs;&nbsp;<\/li>\n\n\n\n<li>Vorschl\u00e4ge f\u00fcr die Bereitstellung von Ersatzteilen als Notvorrat.&nbsp;<\/li>\n<\/ul>\n\n\n\n<p>Wir stellen die Rechnungen auf der Grundlage des Logbuchs aus. Aufgetretene Probleme, die zum Stillstand des Ger\u00e4ts gef\u00fchrt haben, melden wir dem Nutzer unverz\u00fcglich und tragen sie in das Logbuch ein.&nbsp;<\/p>\n\n\n\n<p>Wir laden Sie ein, sich mit uns in Verbindung zu setzen, um die Einzelheiten unserer Dienstleistungen im Bereich der Wartung, Reparatur und Instandhaltung von Maschinen, einschlie\u00dflich Kr\u00e4nen oder Baukr\u00e4nen, zu besprechen. Wir bieten unsere Dienstleistungen in ganz Polen an. Wir bieten auch Reisen an den Kunden! <\/p>","protected":false},"excerpt":{"rendered":"<p>Firma OSO stawia na jako\u015b\u0107 wykonywanych us\u0142ug. Konserwacj\u0119 dzielimy na awaryjn\u0105 (w odpowiedzi na usterk\u0119) i planowan\u0105.&nbsp; Czym wyr\u00f3\u017cniaj\u0105 si\u0119 prace konserwacyjne planowane?&nbsp; Niezale\u017cnie od podj\u0119tych dzia\u0142a\u0144 serwisowych, ka\u017cdy z element\u00f3w ma okre\u015blon\u0105 d\u0142ugo\u015b\u0107 eksploatacji oraz jest zale\u017cny od wielu czynnik\u00f3w. Dlatego te\u017c, wszystkim \u017curawiom okre\u015bla si\u0119 czas naturalnego zu\u017cycia poszczeg\u00f3lnych cz\u0119\u015bci. W wielu umowach [&hellip;]<\/p>\n","protected":false},"author":10,"featured_media":4844,"parent":0,"menu_order":0,"comment_status":"closed","ping_status":"closed","template":"","meta":{"footnotes":""},"class_list":["post-4843","page","type-page","status-publish","has-post-thumbnail","hentry"],"aioseo_notices":[],"_links":{"self":[{"href":"https:\/\/szkolenia-udt.pl\/de\/wp-json\/wp\/v2\/pages\/4843","targetHints":{"allow":["GET"]}}],"collection":[{"href":"https:\/\/szkolenia-udt.pl\/de\/wp-json\/wp\/v2\/pages"}],"about":[{"href":"https:\/\/szkolenia-udt.pl\/de\/wp-json\/wp\/v2\/types\/page"}],"author":[{"embeddable":true,"href":"https:\/\/szkolenia-udt.pl\/de\/wp-json\/wp\/v2\/users\/10"}],"replies":[{"embeddable":true,"href":"https:\/\/szkolenia-udt.pl\/de\/wp-json\/wp\/v2\/comments?post=4843"}],"version-history":[{"count":2,"href":"https:\/\/szkolenia-udt.pl\/de\/wp-json\/wp\/v2\/pages\/4843\/revisions"}],"predecessor-version":[{"id":5279,"href":"https:\/\/szkolenia-udt.pl\/de\/wp-json\/wp\/v2\/pages\/4843\/revisions\/5279"}],"wp:featuredmedia":[{"embeddable":true,"href":"https:\/\/szkolenia-udt.pl\/de\/wp-json\/wp\/v2\/media\/4844"}],"wp:attachment":[{"href":"https:\/\/szkolenia-udt.pl\/de\/wp-json\/wp\/v2\/media?parent=4843"}],"curies":[{"name":"wp","href":"https:\/\/api.w.org\/{rel}","templated":true}]}}