{"id":4850,"date":"2023-06-30T12:49:30","date_gmt":"2023-06-30T10:49:30","guid":{"rendered":"https:\/\/szkolenia-udt.pl\/?page_id=4850"},"modified":"2023-06-30T12:49:31","modified_gmt":"2023-06-30T10:49:31","slug":"service-reparatur-wartung-von-kranen","status":"publish","type":"page","link":"https:\/\/szkolenia-udt.pl\/de\/serwis-naprawa-konserwacja-suwnic\/","title":{"rendered":"Service, Reparatur, Wartung von Kr\u00e4nen\u00a0"},"content":{"rendered":"<div class=\"wp-block-image\">\n<figure class=\"alignright size-large is-resized\"><a href=\"https:\/\/szkolenia-udt.pl\/wp-content\/uploads\/2023\/05\/screen_2x-2023-05-08T132000.333.jpg\"><img loading=\"lazy\" decoding=\"async\" src=\"https:\/\/szkolenia-udt.pl\/wp-content\/uploads\/2023\/05\/screen_2x-2023-05-08T132000.333-683x1024.jpg\" alt=\"Kranhaken\" class=\"wp-image-4854\" width=\"342\" height=\"512\" srcset=\"https:\/\/szkolenia-udt.pl\/wp-content\/uploads\/2023\/05\/screen_2x-2023-05-08T132000.333-683x1024.jpg 683w, https:\/\/szkolenia-udt.pl\/wp-content\/uploads\/2023\/05\/screen_2x-2023-05-08T132000.333-200x300.jpg 200w, https:\/\/szkolenia-udt.pl\/wp-content\/uploads\/2023\/05\/screen_2x-2023-05-08T132000.333-768x1152.jpg 768w, https:\/\/szkolenia-udt.pl\/wp-content\/uploads\/2023\/05\/screen_2x-2023-05-08T132000.333-1024x1536.jpg 1024w, https:\/\/szkolenia-udt.pl\/wp-content\/uploads\/2023\/05\/screen_2x-2023-05-08T132000.333-8x12.jpg 8w, https:\/\/szkolenia-udt.pl\/wp-content\/uploads\/2023\/05\/screen_2x-2023-05-08T132000.333.jpg 1067w\" sizes=\"auto, (max-width: 342px) 100vw, 342px\" \/><\/a><\/figure>\n<\/div>\n\n\n<h2 class=\"wp-block-heading\">Einsatz von Kr\u00e4nen&nbsp;<\/h2>\n\n\n\n<p>Br\u00fcckenkr\u00e4ne werden h\u00e4ufig f\u00fcr schnelle und sichere Produktionsprozesse eingesetzt. Sie werden in der Lagerhaltung, bei Reparatur- oder Montagearbeiten eingesetzt. Sie sorgen daf\u00fcr, dass alle Hebe- und Transportvorg\u00e4nge von schweren G\u00fctern effizient, effektiv und fehlerfrei durchgef\u00fchrt werden. Immer mehr kleine und gro\u00dfe Unternehmen entscheiden sich f\u00fcr die Anschaffung von Kr\u00e4nen, weil sie die Ergonomie und Robustheit dieser Maschinen zu sch\u00e4tzen wissen. Dies ist eine Investition, die \u00fcber Jahre hinweg Bestand haben wird. Es muss jedoch bedacht werden, dass die intensive Nutzung der Ger\u00e4te Auswirkungen auf die Notwendigkeit einer regelm\u00e4\u00dfigen Wartung hat. Wird dies nicht beachtet, kann es zu h\u00e4ufigen Ausf\u00e4llen und Fehlfunktionen oder sogar zu einer vollst\u00e4ndigen Arbeitsunterbrechung oder einem Unfall kommen, bei dem die Besch\u00e4ftigten zu Schaden kommen k\u00f6nnen. Es ist daher ratsam, daf\u00fcr zu sorgen, dass die Krane ordnungsgem\u00e4\u00df gewartet werden, um sich vor ernsthaften Problemen zu sch\u00fctzen und potenzielle St\u00f6rungen im Voraus zu erkennen.&nbsp;<\/p>\n\n\n\n<h3 class=\"wp-block-heading\">Auf der Grundlage der Verordnung des Wirtschaftsministers und der Richtlinien des Technischen \u00dcberwachungsvereins lassen sich die Wartungsarbeiten in mehrere Arten unterteilen:&nbsp;<\/h3>\n\n\n\n<ul class=\"wp-block-list\">\n<li>Wartung und Pr\u00e4vention;\u00a0<\/li>\n\n\n\n<li>Standard;&nbsp;&nbsp;<\/li>\n\n\n\n<li>\u00dcberpr\u00fcfung von gebrauchten oder neuen Ger\u00e4ten nach dem Kauf.&nbsp;<\/li>\n<\/ul>\n\n\n\n<h2 class=\"wp-block-heading\">Warum ist die Wartung so wichtig?&nbsp;<\/h2>\n\n\n\n<p>Das Hauptziel der Kranwartung besteht darin, die verschiedenen Gefahren am Arbeitsplatz zu erkennen und die Leistungsf\u00e4higkeit der Maschine zu erhalten. Es ist wichtig, die Strategie auf das betreffende Unternehmen abzustimmen und die Empfehlungen der Ger\u00e4tehersteller zu befolgen. Die routinem\u00e4\u00dfige Wartung stellt sicher, dass die Maschine ordnungsgem\u00e4\u00df funktioniert. Sie sorgt daf\u00fcr, dass verschlissene Bauteile rechtzeitig ausgetauscht werden k\u00f6nnen und die Lebensdauer verl\u00e4ngert wird.&nbsp;&nbsp;<\/p>\n\n\n\n<p>Bei der Wartung ist es wichtig, die gesetzlichen Vorschriften f\u00fcr Krane einzuhalten. Es ist daher von entscheidender Bedeutung, mit Servicetechnikern zusammenzuarbeiten, die Experten auf ihrem Gebiet sind und sich mit den gesetzlichen Anforderungen der UDT oder der Arbeitssicherheit auskennen. Um sicherzustellen, dass die Wartungsarbeiten p\u00fcnktlich und ohne Unterbrechungen durchgef\u00fchrt werden, empfehlen wir Ihnen, die Ankunft der Spezialisten in Ihrem Unternehmen im Voraus zu planen. &nbsp;<\/p>\n\n\n\n<h2 class=\"wp-block-heading\">Lohnt es sich, Kr\u00e4ne zu reparieren?&nbsp;<\/h2>\n\n\n<div class=\"wp-block-image\">\n<figure class=\"alignright size-large is-resized\"><a href=\"https:\/\/szkolenia-udt.pl\/wp-content\/uploads\/2023\/05\/screen_2x-2023-05-08T132022.906.jpg\"><img loading=\"lazy\" decoding=\"async\" src=\"https:\/\/szkolenia-udt.pl\/wp-content\/uploads\/2023\/05\/screen_2x-2023-05-08T132022.906-1024x683.jpg\" alt=\"Wartung, Reparatur von Kr\u00e4nen\" class=\"wp-image-4852\" width=\"552\" height=\"369\" srcset=\"https:\/\/szkolenia-udt.pl\/wp-content\/uploads\/2023\/05\/screen_2x-2023-05-08T132022.906-1024x683.jpg 1024w, https:\/\/szkolenia-udt.pl\/wp-content\/uploads\/2023\/05\/screen_2x-2023-05-08T132022.906-300x200.jpg 300w, https:\/\/szkolenia-udt.pl\/wp-content\/uploads\/2023\/05\/screen_2x-2023-05-08T132022.906-768x512.jpg 768w, https:\/\/szkolenia-udt.pl\/wp-content\/uploads\/2023\/05\/screen_2x-2023-05-08T132022.906-1536x1024.jpg 1536w, https:\/\/szkolenia-udt.pl\/wp-content\/uploads\/2023\/05\/screen_2x-2023-05-08T132022.906-18x12.jpg 18w, https:\/\/szkolenia-udt.pl\/wp-content\/uploads\/2023\/05\/screen_2x-2023-05-08T132022.906.jpg 1600w\" sizes=\"auto, (max-width: 552px) 100vw, 552px\" \/><\/a><\/figure>\n<\/div>\n\n\n<p>Br\u00fcckenkr\u00e4ne sind Maschinen, die in der Regel jahrelang halten sollten. Daher ist es bei St\u00f6rungen oder Ausf\u00e4llen nicht ratsam, die Teile sofort durch neue zu ersetzen, sondern sie k\u00f6nnen mit \u00e4hnlichen Ergebnissen repariert werden. Die Reparaturen sollten in Servicezentren durchgef\u00fchrt werden, die \u00fcber gute Werkzeuge verf\u00fcgen, insbesondere \u00fcber innovative Analyseger\u00e4te. Mit diesen Ger\u00e4ten k\u00f6nnen alle Probleme in der Funktionsweise der Maschine, z. B. Spannungsunterbrechungen oder \u00dcberlastungen, \u00fcberpr\u00fcft werden, ohne dass die Anlage abgeschaltet werden muss. Vor der Reparatur f\u00fchrt ein erfahrenes Serviceteam eine gr\u00fcndliche Diagnose des Gesamtzustands durch und pr\u00fcft exponierte Bereiche wie Lager, R\u00e4der und den Motor auf erh\u00f6hten Verschlei\u00df.&nbsp;<\/p>\n\n\n\n<h2 class=\"wp-block-heading\"><strong>Dienst<\/strong>j<strong>Wir haben bekannte Marken wie:<\/strong>&nbsp;<\/h2>\n\n\n\n<div class=\"wp-block-columns is-layout-flex wp-container-core-columns-is-layout-9d6595d7 wp-block-columns-is-layout-flex\">\n<div class=\"wp-block-column is-layout-flow wp-block-column-is-layout-flow\" style=\"flex-basis:50%\">\n<ul class=\"wp-block-list\">\n<li>CONECRANES,&nbsp;<\/li>\n\n\n\n<li>STHAL,&nbsp;<\/li>\n\n\n\n<li>SWF,&nbsp;<\/li>\n\n\n\n<li>VETTER,&nbsp;<\/li>\n<\/ul>\n<\/div>\n\n\n\n<div class=\"wp-block-column is-layout-flow wp-block-column-is-layout-flow\" style=\"flex-basis:50%\">\n<ul class=\"wp-block-list\">\n<li>YALE,&nbsp;<\/li>\n\n\n\n<li>ABUS,&nbsp;<\/li>\n\n\n\n<li>DEMAG\/KBK,&nbsp;<\/li>\n\n\n\n<li>HAK.&nbsp;<\/li>\n<\/ul>\n<\/div>\n<\/div>\n\n\n\n<h2 class=\"wp-block-heading\">Warum sollten Sie OSO mit Ihren Wartungsarbeiten betrauen?&nbsp;<\/h2>\n\n\n<div class=\"wp-block-image\">\n<figure class=\"alignright size-large is-resized\"><a href=\"https:\/\/szkolenia-udt.pl\/wp-content\/uploads\/2023\/05\/screen_2x-2023-05-08T131912.060.jpg\"><img loading=\"lazy\" decoding=\"async\" src=\"https:\/\/szkolenia-udt.pl\/wp-content\/uploads\/2023\/05\/screen_2x-2023-05-08T131912.060-1024x683.jpg\" alt=\"Kranmechaniker\" class=\"wp-image-4851\" width=\"512\" height=\"342\" srcset=\"https:\/\/szkolenia-udt.pl\/wp-content\/uploads\/2023\/05\/screen_2x-2023-05-08T131912.060-1024x683.jpg 1024w, https:\/\/szkolenia-udt.pl\/wp-content\/uploads\/2023\/05\/screen_2x-2023-05-08T131912.060-300x200.jpg 300w, https:\/\/szkolenia-udt.pl\/wp-content\/uploads\/2023\/05\/screen_2x-2023-05-08T131912.060-768x512.jpg 768w, https:\/\/szkolenia-udt.pl\/wp-content\/uploads\/2023\/05\/screen_2x-2023-05-08T131912.060-1536x1024.jpg 1536w, https:\/\/szkolenia-udt.pl\/wp-content\/uploads\/2023\/05\/screen_2x-2023-05-08T131912.060-18x12.jpg 18w, https:\/\/szkolenia-udt.pl\/wp-content\/uploads\/2023\/05\/screen_2x-2023-05-08T131912.060.jpg 1600w\" sizes=\"auto, (max-width: 512px) 100vw, 512px\" \/><\/a><\/figure>\n<\/div>\n\n\n<ul class=\"wp-block-list\">\n<li>Wir verf\u00fcgen \u00fcber qualifizierte und erfahrene Mitarbeiter, die sich im Laufe der Jahre, in denen das Unternehmen auf dem Markt ist, Kenntnisse angeeignet haben.&nbsp;<\/li>\n\n\n\n<li>Wir verf\u00fcgen \u00fcber die beste Ausr\u00fcstung und innovative Technologie, so dass wir Reparaturen ohne unn\u00f6tige Verz\u00f6gerung, aber auch in v\u00f6lliger Sicherheit durchf\u00fchren k\u00f6nnen.&nbsp;<\/li>\n\n\n\n<li>Die wertvolle Zeit unserer Kunden hat f\u00fcr uns Priorit\u00e4t, weshalb wir alles zu Zeiten organisieren, die f\u00fcr die Unternehmen g\u00fcnstig sind. Wir legen das Unternehmen nicht lahm und lassen es frei agieren.&nbsp;<\/li>\n\n\n\n<li>Unsere gesamte Zusammenarbeit basiert auf klaren und definierten Regeln. Gleich zu Beginn informieren wir Sie \u00fcber den Gesamtwert der Reparatur und der Dienstleistung.&nbsp;<\/li>\n\n\n\n<li>Wir f\u00fchren alle Dienstleistungen nur auf h\u00f6chstem Niveau aus und bieten attraktive Preise.&nbsp;<\/li>\n\n\n\n<li>Wir haben uns einen guten Ruf erarbeitet, weshalb alte Kunden immer wieder zu uns kommen und unser Unternehmen ihren Freunden empfehlen. Das ist ein Beweis f\u00fcr die Professionalit\u00e4t des gesamten Teams.&nbsp;<\/li>\n\n\n\n<li>Wir \u00fcbernehmen die Reparatur von alten oder neuen Kr\u00e4nen verschiedener Hersteller. Unabh\u00e4ngig von der St\u00f6rung, der Panne, dem Unfall oder den Folgen einer Aufr\u00fcstung. Unsere professionellen Techniker machen die Maschinen effizient und sicher wieder voll einsatzf\u00e4hig.&nbsp;<\/li>\n<\/ul>\n\n\n\n<h2 class=\"wp-block-heading\">Modernisierung von Kr\u00e4nen&nbsp;<\/h2>\n\n\n\n<p>Oft geht es um die Modernisierung von Energieversorgungssystemen oder mechanischen Strukturen, die es erm\u00f6glichen, die genauen Parameter des Krans an die aktuellen und sich \u00e4ndernden Bed\u00fcrfnisse des Unternehmens, die Standortbedingungen oder die neuen Anforderungen des T\u00dcV anzupassen. Im Bereich der Kranmodernisierung f\u00fchren wir vor allem \u00c4nderungen an Automatisierungs- und Stromversorgungselementen, dem Antriebssystem und dem Steuerungssystem durch.&nbsp;<\/p>\n\n\n\n<figure class=\"wp-block-table\"><table><tbody><tr><td><strong>Reparatur<\/strong>&nbsp;<\/td><td><strong>Kr\u00e4ne<\/strong>&nbsp;<\/td><\/tr><tr><td>Krane, Hebezeuge, Mobilkrane (HDS), Hebeb\u00fchnen, Hebezeuge, Winden, Kr\u00e4ne, Gabelstapler, Antriebstechnik&nbsp;<\/td><td>Standard-, Technologie-, Ein- und Zweitr\u00e4ger-, Schienen-, Portal- und Konsolenanlagen&nbsp;<\/td><\/tr><\/tbody><\/table><\/figure>\n\n\n\n<h2 class=\"wp-block-heading\">Was zeichnet unser Unternehmen aus?&nbsp;<\/h2>\n\n\n<div class=\"wp-block-image\">\n<figure class=\"alignright size-large is-resized\"><a href=\"https:\/\/szkolenia-udt.pl\/wp-content\/uploads\/2023\/05\/screen_2x-2023-05-08T132012.262.jpg\"><img loading=\"lazy\" decoding=\"async\" src=\"https:\/\/szkolenia-udt.pl\/wp-content\/uploads\/2023\/05\/screen_2x-2023-05-08T132012.262-1024x682.jpg\" alt=\"Kran im Lager\" class=\"wp-image-4853\" width=\"539\" height=\"359\" srcset=\"https:\/\/szkolenia-udt.pl\/wp-content\/uploads\/2023\/05\/screen_2x-2023-05-08T132012.262-1024x682.jpg 1024w, https:\/\/szkolenia-udt.pl\/wp-content\/uploads\/2023\/05\/screen_2x-2023-05-08T132012.262-300x200.jpg 300w, https:\/\/szkolenia-udt.pl\/wp-content\/uploads\/2023\/05\/screen_2x-2023-05-08T132012.262-768x512.jpg 768w, https:\/\/szkolenia-udt.pl\/wp-content\/uploads\/2023\/05\/screen_2x-2023-05-08T132012.262-1536x1023.jpg 1536w, https:\/\/szkolenia-udt.pl\/wp-content\/uploads\/2023\/05\/screen_2x-2023-05-08T132012.262-18x12.jpg 18w, https:\/\/szkolenia-udt.pl\/wp-content\/uploads\/2023\/05\/screen_2x-2023-05-08T132012.262.jpg 1600w\" sizes=\"auto, (max-width: 539px) 100vw, 539px\" \/><\/a><\/figure>\n<\/div>\n\n\n<ul class=\"wp-block-list\">\n<li>fachkundige Beratung in jeder Phase des Vertragsabschlusses;&nbsp;<\/li>\n\n\n\n<li>einen individuellen Ansatz f\u00fcr jeden Kunden;&nbsp;<\/li>\n\n\n\n<li>Lieferung der Auftr\u00e4ge innerhalb der vereinbarten Frist;&nbsp;<\/li>\n\n\n\n<li>langj\u00e4hrige Erfahrung in diesem Sektor;&nbsp;<\/li>\n\n\n\n<li>Engagement und Professionalit\u00e4t;&nbsp;<\/li>\n\n\n\n<li>Spezialausr\u00fcstung f\u00fcr die Durchf\u00fchrung von Reparaturen;&nbsp;<\/li>\n\n\n\n<li>wettbewerbsf\u00e4hige Preise;&nbsp;<\/li>\n\n\n\n<li>Kenntnisse \u00fcber die neuesten technologischen Entwicklungen in diesem Sektor;&nbsp;<\/li>\n\n\n\n<li>kontinuierliche Verbesserung der F\u00e4higkeiten;&nbsp;<\/li>\n\n\n\n<li>attraktive Rabatte f\u00fcr Stammkunden;&nbsp;<\/li>\n\n\n\n<li>kontinuierliche Ausweitung des Angebots;&nbsp;<\/li>\n\n\n\n<li>Garantie f\u00fcr jede durchgef\u00fchrte Reparatur.<\/li>\n<\/ul>\n\n\n\n<h2 class=\"wp-block-heading\">\u00dcberholung und Reparatur von Kr\u00e4nen&nbsp;<\/h2>\n\n\n\n<p>Wir bieten auch komplette \u00dcberholungen und Reparaturen an, um den Kran in einwandfreiem Zustand zu halten, was einen st\u00f6rungsfreien und effizienten Betrieb garantiert und das Risiko von schweren Pannen oder Unf\u00e4llen deutlich verringert.&nbsp;<\/p>\n\n\n\n<p>Dar\u00fcber hinaus bieten wir eine Berechnung der UTB-Wiedererhebung an.&nbsp;<\/p>\n\n\n\n<p>Wenn Sie Fragen haben, k\u00f6nnen Sie sich gerne an unsere Fachleute wenden, die Ihnen gerne alle Fragen beantworten, Sie fachkundig beraten und Ihre Zweifel bez\u00fcglich der Wartung, Instandhaltung und Reparatur von Kr\u00e4nen ausr\u00e4umen.&nbsp;<\/p>","protected":false},"excerpt":{"rendered":"<p>Zastosowanie suwnic&nbsp; Suwnice cz\u0119sto wykorzystuje si\u0119 do szybkiego i bezpiecznego procesu produkcji. U\u017cywa si\u0119 ich przy pracach magazynowych, remontowych czy monta\u017cowych. Dzi\u0119ki nim wszystkie czynno\u015bci dotycz\u0105ce unoszenia i przemieszczania ci\u0119\u017ckich towar\u00f3w s\u0105 wykonywane sprawnie, wydajnie i bez zarzutu. Coraz wi\u0119cej ma\u0142ych i du\u017cych przedsi\u0119biorstw decyduje si\u0119 na zakup suwnic, doceniaj\u0105c ergonomi\u0119 oraz solidno\u015b\u0107 tych maszyn. [&hellip;]<\/p>\n","protected":false},"author":10,"featured_media":4852,"parent":0,"menu_order":0,"comment_status":"closed","ping_status":"closed","template":"","meta":{"footnotes":""},"class_list":["post-4850","page","type-page","status-publish","has-post-thumbnail","hentry"],"aioseo_notices":[],"_links":{"self":[{"href":"https:\/\/szkolenia-udt.pl\/de\/wp-json\/wp\/v2\/pages\/4850","targetHints":{"allow":["GET"]}}],"collection":[{"href":"https:\/\/szkolenia-udt.pl\/de\/wp-json\/wp\/v2\/pages"}],"about":[{"href":"https:\/\/szkolenia-udt.pl\/de\/wp-json\/wp\/v2\/types\/page"}],"author":[{"embeddable":true,"href":"https:\/\/szkolenia-udt.pl\/de\/wp-json\/wp\/v2\/users\/10"}],"replies":[{"embeddable":true,"href":"https:\/\/szkolenia-udt.pl\/de\/wp-json\/wp\/v2\/comments?post=4850"}],"version-history":[{"count":5,"href":"https:\/\/szkolenia-udt.pl\/de\/wp-json\/wp\/v2\/pages\/4850\/revisions"}],"predecessor-version":[{"id":5280,"href":"https:\/\/szkolenia-udt.pl\/de\/wp-json\/wp\/v2\/pages\/4850\/revisions\/5280"}],"wp:featuredmedia":[{"embeddable":true,"href":"https:\/\/szkolenia-udt.pl\/de\/wp-json\/wp\/v2\/media\/4852"}],"wp:attachment":[{"href":"https:\/\/szkolenia-udt.pl\/de\/wp-json\/wp\/v2\/media?parent=4850"}],"curies":[{"name":"wp","href":"https:\/\/api.w.org\/{rel}","templated":true}]}}