{"id":51,"date":"2014-10-07T16:24:48","date_gmt":"2014-10-07T16:24:48","guid":{"rendered":"http:\/\/szkolenia-udt.pl\/?page_id=51"},"modified":"2016-07-06T17:39:02","modified_gmt":"2016-07-06T17:39:02","slug":"scherenbuhnen","status":"publish","type":"page","link":"https:\/\/szkolenia-udt.pl\/de\/dzwignice\/platformy-nozycowe\/","title":{"rendered":"Scherenplattformen"},"content":{"rendered":"<div style=\"float: left; padding-right: 10px;\"><div id=\"metaslider-id-655\" style=\"max-width: 300px;\" class=\"ml-slider-3-107-0 metaslider metaslider-flex metaslider-655 ml-slider ms-theme-default nav-hidden\" role=\"region\" aria-label=\"Scherenb\u00fchnen\" data-height=\"225\" data-width=\"300\">\n    <div id=\"metaslider_container_655\">\n        <div id=\"metaslider_655\">\n            <ul class='slides'>\n                <li style=\"display: block; width: 100%;\" class=\"slide-657 ms-image\" aria-roledescription=\"slide\" data-date=\"2014-10-12 10:19:28\" data-filename=\"Uprawnienia-udt.jpg\" data-slide-type=\"image\"><img loading=\"lazy\" decoding=\"async\" src=\"https:\/\/szkolenia-udt.pl\/wp-content\/uploads\/2014\/10\/Uprawnienia-udt.jpg\" height=\"225\" width=\"300\" alt=\"\" class=\"slider-655 slide-657 msDefaultImage\" \/><\/li>\n                <li style=\"display: none; width: 100%;\" class=\"slide-573 ms-image\" aria-roledescription=\"slide\" data-date=\"2014-10-11 18:02:18\" data-filename=\"platforma-podest-stacjonarny.jpg\" data-slide-type=\"image\"><img loading=\"lazy\" decoding=\"async\" src=\"https:\/\/szkolenia-udt.pl\/wp-content\/uploads\/2014\/10\/platforma-podest-stacjonarny.jpg\" height=\"225\" width=\"300\" alt=\"Kurse und Schulungen CSOs Warschau\" class=\"slider-655 slide-573 msDefaultImage\" \/><\/li>\n                <li style=\"display: none; width: 100%;\" class=\"slide-656 ms-image\" aria-roledescription=\"slide\" data-date=\"2014-10-12 10:19:27\" data-filename=\"kursy-Platformy-no\u017cycowe.jpg\" data-slide-type=\"image\"><img loading=\"lazy\" decoding=\"async\" src=\"https:\/\/szkolenia-udt.pl\/wp-content\/uploads\/2014\/10\/kursy-Platformy-no\u017cycowe.jpg\" height=\"225\" width=\"300\" alt=\"Ausbildung und Kurse Ausleger\" class=\"slider-655 slide-656 msDefaultImage\" \/><\/li>\n                <li style=\"display: none; width: 100%;\" class=\"slide-618 ms-image\" aria-roledescription=\"slide\" data-date=\"2014-10-12 07:16:03\" data-filename=\"podest-stacjonarny-IIP1.jpg\" data-slide-type=\"image\"><img loading=\"lazy\" decoding=\"async\" src=\"https:\/\/szkolenia-udt.pl\/wp-content\/uploads\/2014\/10\/podest-stacjonarny-IIP1.jpg\" height=\"225\" width=\"300\" alt=\"Scherenplattformen\" class=\"slider-655 slide-618 msDefaultImage\" \/><\/li>\n                <li style=\"display: none; width: 100%;\" class=\"slide-1222 ms-image\" aria-roledescription=\"slide\" data-date=\"2014-11-18 10:40:33\" data-filename=\"78XE_000_d1a.jpg\" data-slide-type=\"image\"><img loading=\"lazy\" decoding=\"async\" src=\"https:\/\/szkolenia-udt.pl\/wp-content\/uploads\/2014\/11\/78XE_000_d1a.jpg\" height=\"225\" width=\"300\" alt=\"\" class=\"slider-655 slide-1222 msDefaultImage\" \/><\/li>\n            <\/ul>\n        <\/div>\n        \n    <\/div>\n<\/div><\/div>\n<div class=\"wyjustuj\">Scherenarbeitsb\u00fchnen oder Scherenhebeb\u00fchnen sind Ger\u00e4te, die h\u00e4ufig im Materialtransport eingesetzt werden. Sie unterliegen der technischen Aufsicht und bed\u00fcrfen der Genehmigung durch die UDT. In unserem <a href=\"https:\/\/szkolenia-udt.pl\/de\/o-firmie\/\">Schulungszentrum f\u00fcr Bediener<\/a> Scherenhebeb\u00fchnen (Plattformen, Hebeb\u00fchnen) geh\u00f6ren zur Kategorie der mobilen Arbeitsb\u00fchnen. Es handelt sich um freilaufende Ger\u00e4te, mit denen Lasten - Waren oder Personen - auf eine bestimmte H\u00f6he gehoben werden k\u00f6nnen, z. B. Baumaterialien, Arbeiter bei Montage- und Ausbauarbeiten, Autos in Werkst\u00e4tten, Behinderte in Rollst\u00fchlen. Ihren Namen haben sie von der charakteristischen Scherenkonstruktion, die die Plattform in die H\u00f6he hebt.<\/p>\n<p>Zu den mobilen Arbeitsb\u00fchnen geh\u00f6ren auch die Hubarbeitsb\u00fchnen (Korblifte). Dabei handelt es sich um Ger\u00e4te, die auf LKW-Anh\u00e4ngern oder mit eigenem Antrieb montiert sind und mit einem Korb an einem verstellbaren Arm ausgestattet sind. Im Gegensatz zu Scherenhebeb\u00fchnen kann der Arm in verschiedene Richtungen bewegt werden. Dies macht die Hubarbeitsb\u00fchne vielseitiger, sie wird jedoch haupts\u00e4chlich f\u00fcr Arbeiten im Freien eingesetzt.<\/p>\n<p>Sowohl Scheren- als auch Korbmodelle sind in einer Vielzahl von Ausf\u00fchrungen erh\u00e4ltlich, die das Heben von Lasten einer bestimmten Gr\u00f6\u00dfe auf eine bestimmte H\u00f6he und innerhalb der Reichweite des Arms oder der Plattform erm\u00f6glichen. Einige Modelle sind mit gel\u00e4ndeg\u00e4ngigen R\u00e4dern ausgestattet, so dass sie auch auf schwierigem Untergrund eingesetzt werden k\u00f6nnen.<\/p>\n<p>St\u00e4dte, in denen wir Schulungen f\u00fcr Scherenb\u00fchnen und Hubarbeitsb\u00fchnen anbieten: Warschau, Krakau, Bielsko-Bia\u0142a, Kattowitz. Wir sind bestrebt, auch bezahlbare Schulungen anzubieten. <a href=\"https:\/\/szkolenia-udt.pl\/de\/oferta\/\">Preis<\/a> in unserem Zentrum ist immer abh\u00e4ngig von der Anzahl der Teilnehmer, und f\u00fcr gr\u00f6\u00dfere Gruppen haben wir auch ermutigende Rabatte. Das bedeutet, dass das Lernen bei uns nicht nur eine Garantie f\u00fcr Zufriedenheit mit der Qualit\u00e4t ist, sondern auch mit niedrigen Preisen. Unsere Schulungen sind f\u00fcr jedermann zug\u00e4nglich und werden auch f\u00fcr Gruppen angeboten. Wir laden Sie ein, mit uns zu lernen!<\/p>\n<\/div>","protected":false},"excerpt":{"rendered":"<p>Platformy no\u017cycowe czy te\u017c podno\u015bniki no\u017cycowe to urz\u0105dzenia wykorzystywane powszechnie w transporcie bliskim. Podlegaj\u0105 dozorowi technicznemu i wymagaj\u0105 posiadania uprawnie\u0144 nadanych przez UDT. W naszym O\u015brodku Szkolenia Operator\u00f3w mo\u017cesz wzi\u0105\u0107 udzia\u0142 w kursach na podno\u015bnik no\u017cycowy i podej\u015b\u0107 do egzaminu w celu otrzymania uprawnie\u0144.Podesty no\u017cycowe (platformy, podno\u015bniki) nale\u017c\u0105 do kategorii podest\u00f3w ruchomych. S\u0105 to urz\u0105dzenia [&hellip;]<\/p>\n","protected":false},"author":3,"featured_media":0,"parent":69,"menu_order":0,"comment_status":"closed","ping_status":"closed","template":"","meta":{"footnotes":""},"class_list":["post-51","page","type-page","status-publish","hentry"],"aioseo_notices":[],"_links":{"self":[{"href":"https:\/\/szkolenia-udt.pl\/de\/wp-json\/wp\/v2\/pages\/51","targetHints":{"allow":["GET"]}}],"collection":[{"href":"https:\/\/szkolenia-udt.pl\/de\/wp-json\/wp\/v2\/pages"}],"about":[{"href":"https:\/\/szkolenia-udt.pl\/de\/wp-json\/wp\/v2\/types\/page"}],"author":[{"embeddable":true,"href":"https:\/\/szkolenia-udt.pl\/de\/wp-json\/wp\/v2\/users\/3"}],"replies":[{"embeddable":true,"href":"https:\/\/szkolenia-udt.pl\/de\/wp-json\/wp\/v2\/comments?post=51"}],"version-history":[{"count":6,"href":"https:\/\/szkolenia-udt.pl\/de\/wp-json\/wp\/v2\/pages\/51\/revisions"}],"predecessor-version":[{"id":1690,"href":"https:\/\/szkolenia-udt.pl\/de\/wp-json\/wp\/v2\/pages\/51\/revisions\/1690"}],"up":[{"embeddable":true,"href":"https:\/\/szkolenia-udt.pl\/de\/wp-json\/wp\/v2\/pages\/69"}],"wp:attachment":[{"href":"https:\/\/szkolenia-udt.pl\/de\/wp-json\/wp\/v2\/media?parent=51"}],"curies":[{"name":"wp","href":"https:\/\/api.w.org\/{rel}","templated":true}]}}