{"id":5197,"date":"2023-06-30T12:09:45","date_gmt":"2023-06-30T10:09:45","guid":{"rendered":"https:\/\/szkolenia-udt.pl\/?page_id=5197"},"modified":"2023-06-30T12:09:46","modified_gmt":"2023-06-30T10:09:46","slug":"udt-genehmigung-fur-die-wartung-von-lastenaufzugen","status":"publish","type":"page","link":"https:\/\/szkolenia-udt.pl\/de\/uprawnienia-udt-konserwacji-wyciagu-towarowego\/","title":{"rendered":"UDT-Genehmigung zum Betrieb und zur Wartung eines Lastenaufzugs am SPA"},"content":{"rendered":"<h2 class=\"wp-block-heading\">Qualifizieren Sie sich bei uns f\u00fcr den G\u00fcteraufzug&nbsp;<\/h2>\n\n\n\n<p>Unser Unternehmen l\u00e4dt Sie zu Schulungen ein, die f\u00fcr jedes Unternehmen geeignet sind und von kompetenten Ausbildern mit langj\u00e4hriger Erfahrung durchgef\u00fchrt werden. Wir bieten <strong>UDT-Ausbildung<\/strong> Ihnen zu helfen, Dienstleistungs- oder Gespr\u00e4chskompetenzen zu erwerben <strong>Lastenaufzug. <\/strong>Sie unterliegen der technischen \u00dcberwachung durch eine offizielle staatliche Einrichtung.&nbsp;<\/p>\n\n\n<div class=\"wp-block-image\">\n<figure class=\"alignleft size-large is-resized\"><a href=\"https:\/\/szkolenia-udt.pl\/wp-content\/uploads\/2023\/05\/IMG_20190905_173555-1-1-scaled.jpg\"><img loading=\"lazy\" decoding=\"async\" src=\"https:\/\/szkolenia-udt.pl\/wp-content\/uploads\/2023\/05\/IMG_20190905_173555-1-1-1024x567.jpg\" alt=\"Lastenaufzug\" class=\"wp-image-5199\" width=\"512\" height=\"284\" srcset=\"https:\/\/szkolenia-udt.pl\/wp-content\/uploads\/2023\/05\/IMG_20190905_173555-1-1-1024x567.jpg 1024w, https:\/\/szkolenia-udt.pl\/wp-content\/uploads\/2023\/05\/IMG_20190905_173555-1-1-300x166.jpg 300w, https:\/\/szkolenia-udt.pl\/wp-content\/uploads\/2023\/05\/IMG_20190905_173555-1-1-768x425.jpg 768w, https:\/\/szkolenia-udt.pl\/wp-content\/uploads\/2023\/05\/IMG_20190905_173555-1-1-1536x851.jpg 1536w, https:\/\/szkolenia-udt.pl\/wp-content\/uploads\/2023\/05\/IMG_20190905_173555-1-1-2048x1134.jpg 2048w, https:\/\/szkolenia-udt.pl\/wp-content\/uploads\/2023\/05\/IMG_20190905_173555-1-1-18x10.jpg 18w\" sizes=\"auto, (max-width: 512px) 100vw, 512px\" \/><\/a><\/figure>\n<\/div>\n\n\n<h2 class=\"wp-block-heading\">Was ist ein Lastenaufzug?&nbsp;<\/h2>\n\n\n\n<p><strong>Lastenaufzug<\/strong> ist der Kran. Es handelt sich um ein Kran-Transportger\u00e4t, das f\u00fcr den vertikalen und horizontalen Transport von Lasten \u00fcber kurze Entfernungen und in sto\u00dfweiser Bewegung eingesetzt wird. Es handelt sich um eine Plattform, die dazu dient, eine Last mit Hilfe von Schr\u00e4gf\u00fchrungen entlang eines Mastes zu bewegen. Der Zweck besteht darin, diese Last auf Geb\u00e4ude in gro\u00dfer H\u00f6he und auch auf Geb\u00e4udedecken zu bringen.&nbsp;<\/p>\n\n\n\n<p>Mast <strong>Lastenaufzug <\/strong>hat eine Befestigung an einem tragbaren Fahrgestell. Es \u00e4hnelt einer Leiter, und daher wird das gesamte Ger\u00e4t gemeinhin als Mulde oder Leiter bezeichnet.&nbsp;<\/p>\n\n\n\n<p>Lastenaufz\u00fcge werden in Seil- und Kettenaufz\u00fcge unterteilt. Ein Seilaufzug hat ein Gest\u00e4nge in Form eines Seils, w\u00e4hrend bei einem Kettenaufzug das Gest\u00e4nge die Form einer Kette hat.&nbsp;<\/p>\n\n\n\n<p><strong>Amt f\u00fcr technische \u00dcberwachung (UDT)<\/strong> ist seit sehr langer Zeit, seit mehr als einem Jahrhundert, in Betrieb. Sie ist eine nationale juristische Person. Sie ist im Bereich der Sicherheit von technischen Ger\u00e4ten t\u00e4tig und st\u00fctzt sich dabei unter anderem auf das Gesetz aus dem Jahr 2000 sowie auf andere Rechtsakte. In Polen gibt es mehrere Zweigstellen der Beh\u00f6rde und mehr als zwanzig B\u00fcros auf dem Staatsgebiet.&nbsp;<\/p>\n\n\n\n<h2 class=\"wp-block-heading\">Die UDT-Funktionen umfassen:&nbsp;<\/h2>\n\n\n\n<ol class=\"wp-block-list\" start=\"1\">\n<li>Verwaltung der Einhaltung der geltenden Rechtsvorschriften f\u00fcr die Instandhaltung und anderer anwendbarer Vorschriften,&nbsp;<\/li>\n<\/ol>\n\n\n\n<ol class=\"wp-block-list\" start=\"2\">\n<li>Durchf\u00fchrung von technischen Wartungsarbeiten an technischen Anlagen im Sinne der Vorschriften (z. B. Kraftstoffdampfr\u00fcckgewinnungsanlagen),&nbsp;<\/li>\n<\/ol>\n\n\n\n<ol class=\"wp-block-list\" start=\"3\">\n<li>Erlass von Entscheidungen auf der Grundlage von Antr\u00e4gen, die einer technischen \u00dcberwachung unterliegen,&nbsp;<\/li>\n<\/ol>\n\n\n\n<ol class=\"wp-block-list\" start=\"4\">\n<li>Pflege der technischen Unterlagen,&nbsp;<\/li>\n<\/ol>\n\n\n\n<ol class=\"wp-block-list\" start=\"5\">\n<li>Ma\u00dfnahmen zur F\u00f6rderung der Verbesserung von Qualifikationen und Ausr\u00fcstungskenntnissen,&nbsp;<\/li>\n<\/ol>\n\n\n\n<ol class=\"wp-block-list\" start=\"6\">\n<li>Organisation von Unterrichtsprogrammen f\u00fcr UDT-Kurse,&nbsp;<\/li>\n<\/ol>\n\n\n\n<ol class=\"wp-block-list\" start=\"7\">\n<li>Gew\u00e4hrleistung von Qualit\u00e4tssystemen f\u00fcr technische Ausr\u00fcstung.&nbsp;<\/li>\n<\/ol>\n\n\n\n<p>Jenseits von <strong>Lastenaufz\u00fcge<\/strong>Zu den Ger\u00e4ten, f\u00fcr die eine Lizenz \u00fcber die UDT erworben werden kann, geh\u00f6ren:&nbsp;<\/p>\n\n\n<div class=\"wp-block-image\">\n<figure class=\"alignright size-full is-resized\"><a href=\"https:\/\/szkolenia-udt.pl\/wp-content\/uploads\/2023\/05\/oso.edu_.pl-058.jpg\"><img loading=\"lazy\" decoding=\"async\" src=\"https:\/\/szkolenia-udt.pl\/wp-content\/uploads\/2023\/05\/oso.edu_.pl-058.jpg\" alt=\"Ausbildung\" class=\"wp-image-5201\" width=\"500\" height=\"450\" srcset=\"https:\/\/szkolenia-udt.pl\/wp-content\/uploads\/2023\/05\/oso.edu_.pl-058.jpg 1000w, https:\/\/szkolenia-udt.pl\/wp-content\/uploads\/2023\/05\/oso.edu_.pl-058-300x270.jpg 300w, https:\/\/szkolenia-udt.pl\/wp-content\/uploads\/2023\/05\/oso.edu_.pl-058-768x691.jpg 768w, https:\/\/szkolenia-udt.pl\/wp-content\/uploads\/2023\/05\/oso.edu_.pl-058-13x12.jpg 13w\" sizes=\"auto, (max-width: 500px) 100vw, 500px\" \/><\/a><\/figure>\n<\/div>\n\n\n<ul class=\"wp-block-list\">\n<li>Schiffshebewerke,&nbsp;<\/li>\n\n\n\n<li>Winden und Hebezeuge,&nbsp;<\/li>\n\n\n\n<li>Kr\u00e4ne,&nbsp;<\/li>\n\n\n\n<li>Portalkr\u00e4ne,&nbsp;<\/li>\n\n\n\n<li>Regalbedienger\u00e4te,&nbsp;<\/li>\n\n\n\n<li>Seilbahnen,&nbsp;<\/li>\n\n\n\n<li>Gabelstapler,&nbsp;<\/li>\n\n\n\n<li>mobile Plattformen,&nbsp;<\/li>\n\n\n\n<li>Gest\u00e4ngekr\u00e4ne,&nbsp;<\/li>\n\n\n\n<li>Kr\u00e4ne,&nbsp;<\/li>\n\n\n\n<li>Ausr\u00fcstung f\u00fcr den Containerumschlag,&nbsp;<\/li>\n\n\n\n<li>Stapler,&nbsp;<\/li>\n\n\n\n<li>Aufz\u00fcge zur Bef\u00f6rderung von Menschen f\u00fcr Tourismus und Sport,&nbsp;<\/li>\n\n\n\n<li>tragbare Tanks,&nbsp;<\/li>\n\n\n\n<li>Plattformen und mobile Plattformen mit Antriebseinheiten an den Docks,&nbsp;<\/li>\n\n\n\n<li>Ausr\u00fcstung zum Entleeren und Bef\u00fcllen von Transporttanks f\u00fcr Gefahrgut,&nbsp;<\/li>\n\n\n\n<li>Ausr\u00fcstung zum Entleeren und Bef\u00fcllen von Transporttanks f\u00fcr nicht gef\u00e4hrliche Stoffe,&nbsp;<\/li>\n\n\n\n<li>Beh\u00e4lter f\u00fcr verfl\u00fcssigtes oder komprimiertes Gas, das zum Antrieb von Verbrennungsmotoren in Fahrzeugen verwendet wird,&nbsp;<\/li>\n\n\n\n<li>Dampfkessel zur Dampferzeugung unter Nutzung der W\u00e4rme eines durch eine exotherme Reaktion gewonnenen Brennstoffs,&nbsp;<\/li>\n\n\n\n<li>Be- und Entladen oder Bereitstellen von Ausr\u00fcstung durch Umschlaganlagen, .&nbsp;<\/li>\n\n\n\n<li>Spezialausr\u00fcstung unter milit\u00e4rtechnischer Aufsicht.&nbsp;<\/li>\n<\/ul>\n\n\n\n<p><strong>Mit der UDT-Qualifikation erwirbt der Betreiber die F\u00e4higkeit, den Lastenaufzug zu bedienen und zu warten<\/strong>&nbsp;<\/p>\n\n\n\n<p>Bei der Verwendung dieses Tools sollten einige wichtige Punkte beachtet werden:&nbsp;<\/p>\n\n\n\n<ul class=\"wp-block-list\">\n<li>\u00dcberpr\u00fcfen Sie vor Beginn der Arbeiten, ob die Absturzsicherung der Plattform ordnungsgem\u00e4\u00df funktioniert;&nbsp;<\/li>\n\n\n\n<li>Achten Sie darauf, die zul\u00e4ssige Tragf\u00e4higkeit nicht zu \u00fcberschreiten;&nbsp;<\/li>\n\n\n\n<li>dem Vorgesetzten t\u00e4glich \u00fcber St\u00f6rungen und Sch\u00e4den an Maschinenkomponenten zu berichten;&nbsp;<\/li>\n\n\n\n<li>Vermeidung von Setzungen unter der transportierten Last;&nbsp;<\/li>\n\n\n\n<li>die Last zu entfernen, wenn die beladene Transportplattform zum Stillstand kommt;&nbsp;<\/li>\n\n\n\n<li>eine besondere Schutzausr\u00fcstung in Form von Helm\/Hut, Handschuhen oder Stiefeln tragen;&nbsp;<\/li>\n\n\n\n<li>St\u00f6rungen und Sch\u00e4den an Maschinenkomponenten zu verwalten und dem Vorgesetzten t\u00e4glich zu melden;&nbsp;<\/li>\n\n\n\n<li>den Transport von organischem Material auf der Plattform vollst\u00e4ndig zu vermeiden;&nbsp;<\/li>\n\n\n\n<li>erm\u00f6glichen eine st\u00e4ndige freie \u00dcberwachung der Last\u00fcbernahmeelemente und der Ladefl\u00e4che w\u00e4hrend der Bewegung;&nbsp;<\/li>\n\n\n\n<li>sicherstellen, dass sich keine Personen der \u00d6ffentlichkeit, wie z. B. Passanten, in der N\u00e4he des Arbeitsbereichs aufhalten und dass deren Leben und Gesundheit nicht gef\u00e4hrdet sind;&nbsp;<\/li>\n\n\n\n<li>nach der Arbeit die Plattform so nah wie m\u00f6glich am Boden zu lassen.&nbsp;<\/li>\n<\/ul>\n\n\n\n<p>Bei der Durchf\u00fchrung von Instandhaltungst\u00e4tigkeiten ist der Betreiber zu einer Inspektion verpflichtet. Der Instandhalter ist zur Durchf\u00fchrung verpflichtet: &nbsp;<\/p>\n\n\n\n<ul class=\"wp-block-list\">\n<li>W\u00f6chentliche Wartung: Reinigen des Schmutzes und Sauberhalten des Arbeitsbereichs rund um das Hebezeug sowie \u00dcberpr\u00fcfung der Qualit\u00e4t des Seils auf Verschlei\u00df und Korrosion;&nbsp;<\/li>\n\n\n\n<li>monatliche Wartung: Schmierung des Getriebes der Trommel, die Teil der Seilwinde ist, des Seilaufzugs mit einer Fettpresse und \u00dcberpr\u00fcfung der freien Beweglichkeit der Seilanschlagvorrichtung,&nbsp;<\/li>\n\n\n\n<li>viertelj\u00e4hrliche Wartung: \u00dcberpr\u00fcfung, ob das Ger\u00e4t Anzeichen einer St\u00f6rung der korrekten Funktion aller Sicherheitsvorrichtungen aufweist und ob die Hinweisschilder lesbar und angebracht sind,&nbsp;<\/li>\n\n\n\n<li>\u00dcberpr\u00fcfung der korrekten Funktion des Notausschalters.&nbsp;<\/li>\n<\/ul>\n\n\n<div class=\"wp-block-image\">\n<figure class=\"alignleft size-large is-resized\"><a href=\"https:\/\/szkolenia-udt.pl\/wp-content\/uploads\/2023\/05\/5.jpg\"><img loading=\"lazy\" decoding=\"async\" src=\"https:\/\/szkolenia-udt.pl\/wp-content\/uploads\/2023\/05\/5-1024x826.jpg\" alt=\"Bedienung eines Krans\" class=\"wp-image-5200\" width=\"512\" height=\"413\" srcset=\"https:\/\/szkolenia-udt.pl\/wp-content\/uploads\/2023\/05\/5-1024x826.jpg 1024w, https:\/\/szkolenia-udt.pl\/wp-content\/uploads\/2023\/05\/5-300x242.jpg 300w, https:\/\/szkolenia-udt.pl\/wp-content\/uploads\/2023\/05\/5-768x620.jpg 768w, https:\/\/szkolenia-udt.pl\/wp-content\/uploads\/2023\/05\/5-15x12.jpg 15w, https:\/\/szkolenia-udt.pl\/wp-content\/uploads\/2023\/05\/5.jpg 1093w\" sizes=\"auto, (max-width: 512px) 100vw, 512px\" \/><\/a><\/figure>\n<\/div>\n\n\n<h2 class=\"wp-block-heading\">Wie sieht die Ausbildung in CSOs aus?&nbsp;<\/h2>\n\n\n\n<p>Wir betreiben unsere Zentren in den meisten polnischen St\u00e4dten, wo es Unterrichtsr\u00e4ume mit geeigneter Ausstattung gibt, die Sie nutzen k\u00f6nnen. Auf Anfrage k\u00f6nnen wir zu der Adresse reisen, die der Kunde als Ort f\u00fcr den Kurs bevorzugt.&nbsp;&nbsp;<\/p>\n\n\n\n<p>Wir bieten die M\u00f6glichkeit, Kurse zu besuchen, die f\u00fcr alle Interessierten offen sind, sowie geschlossene Kurse f\u00fcr Gruppen.&nbsp;&nbsp;<\/p>\n\n\n\n<p>Der Kurs basiert auf den Richtlinien der Technischen Forschungsbeh\u00f6rde. Der Unterricht gliedert sich in einen theoretischen und einen praktischen Teil. Er findet in Form einer kommissionellen Pr\u00fcfung statt, die von Mitgliedern des Amtes beaufsichtigt wird. Die Pr\u00fcfungen sind in der Regel schriftlich und m\u00fcndlich. Die G\u00fcltigkeit von Qualifikationen, Bef\u00e4higungsnachweisen und Erlaubnissen ist begrenzt und wird f\u00fcr einen Zeitraum von 10 Jahren erteilt.&nbsp;<\/p>","protected":false},"excerpt":{"rendered":"<p>Zyskaj u nas kwalifikacje do obs\u0142ugi wyci\u0105gu towarowego&nbsp; Nasza firma zaprasza na szkolenia przeznaczone dla ka\u017cdej firmy prowadzone przez kompetentnych instruktor\u00f3w z du\u017cym do\u015bwiadczeniem. Oferowane przez nas szkolenia UDT pomagaj\u0105 zdoby\u0107 kwalifikacje w zakresie obs\u0142ugi, czy konwersacji wyci\u0105gu towarowego. Podlegaj\u0105 one dozorowi technicznemu przez urz\u0119dnicz\u0105 instytucj\u0119 pa\u0144stwow\u0105.&nbsp; Czym jest wyci\u0105g towarowy?&nbsp; Wyci\u0105giem towarowym jest d\u017awignica. [&hellip;]<\/p>\n","protected":false},"author":10,"featured_media":5202,"parent":0,"menu_order":0,"comment_status":"closed","ping_status":"closed","template":"","meta":{"footnotes":""},"class_list":["post-5197","page","type-page","status-publish","has-post-thumbnail","hentry"],"aioseo_notices":[],"_links":{"self":[{"href":"https:\/\/szkolenia-udt.pl\/de\/wp-json\/wp\/v2\/pages\/5197","targetHints":{"allow":["GET"]}}],"collection":[{"href":"https:\/\/szkolenia-udt.pl\/de\/wp-json\/wp\/v2\/pages"}],"about":[{"href":"https:\/\/szkolenia-udt.pl\/de\/wp-json\/wp\/v2\/types\/page"}],"author":[{"embeddable":true,"href":"https:\/\/szkolenia-udt.pl\/de\/wp-json\/wp\/v2\/users\/10"}],"replies":[{"embeddable":true,"href":"https:\/\/szkolenia-udt.pl\/de\/wp-json\/wp\/v2\/comments?post=5197"}],"version-history":[{"count":4,"href":"https:\/\/szkolenia-udt.pl\/de\/wp-json\/wp\/v2\/pages\/5197\/revisions"}],"predecessor-version":[{"id":5271,"href":"https:\/\/szkolenia-udt.pl\/de\/wp-json\/wp\/v2\/pages\/5197\/revisions\/5271"}],"wp:featuredmedia":[{"embeddable":true,"href":"https:\/\/szkolenia-udt.pl\/de\/wp-json\/wp\/v2\/media\/5202"}],"wp:attachment":[{"href":"https:\/\/szkolenia-udt.pl\/de\/wp-json\/wp\/v2\/media?parent=5197"}],"curies":[{"name":"wp","href":"https:\/\/api.w.org\/{rel}","templated":true}]}}